{"id":280091,"date":"2022-06-29T08:15:49","date_gmt":"2022-06-29T07:15:49","guid":{"rendered":"https:\/\/ecosupplements.be\/product\/spray-oral-quotidien-de-vitamine-d-dlux-junior-15-ml\/"},"modified":"2025-08-27T10:01:28","modified_gmt":"2025-08-27T09:01:28","slug":"spray-oral-quotidien-de-vitamine-d-dlux-junior-15-ml","status":"publish","type":"product","link":"https:\/\/ecosupplements.be\/fr\/produit\/spray-oral-quotidien-de-vitamine-d-dlux-junior-15-ml\/","title":{"rendered":"Spray oral quotidien de vitamine D DLux Junior &#8211; 15 ml."},"content":{"rendered":"<h1 style=\"text-align: center;\">BetterYou &#8211; DLux Junior Vitamine D quotidienne en vaporisateur oral<\/h1>\n<p>Gardez le plan de suppl\u00e9mentation de votre enfant sur la bonne voie avec notre tableau de r\u00e9compenses et nos autocollants GRATUITS pour tout achat de DLuxJunior et DLuxInfant.<\/p>\n<p>Le spray oral de vitamine D DLuxJunior de BetterYou est un moyen pratique et efficace de renforcer les niveaux de vitamines de votre enfant. Il convient \u00e0 tous les enfants \u00e2g\u00e9s de 3 ans et plus.<\/p>\n<p>Chaque spray d\u00e9livre 400 UI (10\u03bcg) de vitamine D3 biodisponible<br \/>Alternative efficace et pratique aux comprim\u00e9s et aux capsules<br \/>Favorise le d\u00e9veloppement des os et des dents<br \/>Contribue \u00e0 un syst\u00e8me immunitaire sain<br \/>100% ar\u00f4me naturel de menthe poivr\u00e9e<br \/>Chaque pulv\u00e9risation produit un panache de minuscules gouttelettes qui sont rapidement absorb\u00e9es par la bouche de votre enfant &#8211; Pas besoin d&#8217;eau ni de comprim\u00e9s.<\/p>\n<p>Pourquoi DLuxJunior ?<br \/>Le minist\u00e8re britannique de la Sant\u00e9 consid\u00e8re tous les enfants de moins de 5 ans comme un groupe &#8220;\u00e0 risque&#8221; de carence en vitamine D et recommande de leur donner un suppl\u00e9ment quotidien tout au long de l&#8217;ann\u00e9e.<\/p>\n<p>Le spray oral DLuxInfant garantit une m\u00e9thode de suppl\u00e9mentation rapide et efficace pour les enfants &#8211; Pas de comprim\u00e9s. Pas de capsules. Pas d&#8217;histoires.<\/p>\n<p>Comment fonctionnent les sprays intra-buccaux BetterYou ?<\/p>\n<p>Chaque pulv\u00e9risation produit un panache de micro-gouttelettes qui impr\u00e8gnent les tissus mous de la face interne de la joue, d\u00e9livrant les nutriments essentiels dans le riche syst\u00e8me veineux situ\u00e9 en dessous. Micro-\u00e9mulsifi\u00e9 pour produire une taille de gouttelettes et une livraison de panache optimales, assurant une absorption efficace de l&#8217;ingr\u00e9dient actif.<\/p>\n<div class=\"facts-container\">\n<\/div>\n","protected":false},"excerpt":{"rendered":"<p>BetterYou &#8211; DLux Junior Vitamine D quotidienne en vaporisateur oral Gardez le plan de suppl\u00e9mentation de votre enfant sur la bonne voie avec notre tableau de r\u00e9compenses et nos autocollants GRATUITS pour tout achat de DLuxJunior et DLuxInfant. Le spray oral de vitamine D DLuxJunior de BetterYou est un moyen pratique et efficace de renforcer [&#8230;]\n","protected":false},"featured_media":240087,"comment_status":"open","ping_status":"open","template":"","meta":[],"product_brand":[4663],"product_cat":[5076,5052,5053],"product_tag":[],"class_list":{"0":"post-280091","1":"product","2":"type-product","3":"status-publish","4":"has-post-thumbnail","6":"product_brand-betteryou-2","7":"product_cat-complements-en-spray","8":"product_cat-sante-et-bien-etre","9":"product_cat-vitamines-et-mineraux","11":"first","12":"instock","13":"taxable","14":"shipping-taxable","15":"purchasable","16":"product-type-simple"},"yoast_head":"<!-- This site is optimized with the Yoast SEO Premium plugin v27.3 (Yoast SEO v27.3) - https:\/\/yoast.com\/product\/yoast-seo-premium-wordpress\/ -->\n<title>Spray oral quotidien de vitamine D DLux Junior - 15 ml. - ECO Supplements<\/title>\n<meta name=\"description\" content=\"Wij hebben een ruime keuze aan producten van Spray oral quotidien de vitamine D DLux Junior - 15 ml. . Winkel bij Eco Supplements altijd gratis verzending boven 100\u20ac\" \/>\n<meta name=\"robots\" content=\"index, follow, max-snippet:-1, max-image-preview:large, max-video-preview:-1\" \/>\n<link rel=\"canonical\" href=\"https:\/\/ecosupplements.be\/fr\/produit\/spray-oral-quotidien-de-vitamine-d-dlux-junior-15-ml\/\" \/>\n<meta property=\"og:locale\" content=\"fr_FR\" \/>\n<meta property=\"og:type\" content=\"article\" \/>\n<meta property=\"og:title\" content=\"Spray oral quotidien de vitamine D DLux Junior - 15 ml.\" \/>\n<meta property=\"og:description\" content=\"Wij hebben een ruime keuze aan producten van Spray oral quotidien de vitamine D DLux Junior - 15 ml. . Winkel bij Eco Supplements altijd gratis verzending boven 100\u20ac\" \/>\n<meta property=\"og:url\" content=\"https:\/\/ecosupplements.be\/fr\/produit\/spray-oral-quotidien-de-vitamine-d-dlux-junior-15-ml\/\" \/>\n<meta property=\"og:site_name\" content=\"ECO Supplements\" \/>\n<meta property=\"article:modified_time\" content=\"2025-08-27T09:01:28+00:00\" \/>\n<meta property=\"og:image\" content=\"https:\/\/ecosupplements.be\/wp-content\/uploads\/2025\/08\/BetterYou-DLux-Junior-Daily-Vitamin-D-Oral-Spray-15-ml.jpg\" \/>\n\t<meta property=\"og:image:width\" content=\"750\" \/>\n\t<meta property=\"og:image:height\" content=\"750\" \/>\n\t<meta property=\"og:image:type\" content=\"image\/jpeg\" \/>\n<meta name=\"twitter:card\" content=\"summary_large_image\" \/>\n<meta name=\"twitter:label1\" content=\"Prix\" \/>\n\t<meta name=\"twitter:data1\" content=\"8.38&nbsp;&euro;\" \/>\n\t<meta name=\"twitter:label2\" content=\"Disponibilit\u00e9\" \/>\n\t<meta name=\"twitter:data2\" content=\"En stock\" \/>\n<script type=\"application\/ld+json\" class=\"yoast-schema-graph\">{\"@context\":\"https:\\\/\\\/schema.org\",\"@graph\":[{\"@type\":[\"WebPage\",\"ItemPage\"],\"@id\":\"https:\\\/\\\/ecosupplements.be\\\/fr\\\/produit\\\/spray-oral-quotidien-de-vitamine-d-dlux-junior-15-ml\\\/\",\"url\":\"https:\\\/\\\/ecosupplements.be\\\/fr\\\/produit\\\/spray-oral-quotidien-de-vitamine-d-dlux-junior-15-ml\\\/\",\"name\":\"Spray oral quotidien de vitamine D DLux Junior - 15 ml. - ECO Supplements\",\"isPartOf\":{\"@id\":\"https:\\\/\\\/ecosupplements.be\\\/fr\\\/#website\"},\"primaryImageOfPage\":{\"@id\":\"https:\\\/\\\/ecosupplements.be\\\/fr\\\/produit\\\/spray-oral-quotidien-de-vitamine-d-dlux-junior-15-ml\\\/#primaryimage\"},\"image\":{\"@id\":\"https:\\\/\\\/ecosupplements.be\\\/fr\\\/produit\\\/spray-oral-quotidien-de-vitamine-d-dlux-junior-15-ml\\\/#primaryimage\"},\"thumbnailUrl\":\"https:\\\/\\\/ecosupplements.be\\\/wp-content\\\/uploads\\\/2025\\\/08\\\/BetterYou-DLux-Junior-Daily-Vitamin-D-Oral-Spray-15-ml-1.jpg\",\"datePublished\":\"2022-06-29T07:15:49+00:00\",\"dateModified\":\"2025-08-27T09:01:28+00:00\",\"description\":\"Wij hebben een ruime keuze aan producten van Spray oral quotidien de vitamine D DLux Junior - 15 ml. . Winkel bij Eco Supplements altijd gratis verzending boven 100\u20ac\",\"breadcrumb\":{\"@id\":\"https:\\\/\\\/ecosupplements.be\\\/fr\\\/produit\\\/spray-oral-quotidien-de-vitamine-d-dlux-junior-15-ml\\\/#breadcrumb\"},\"inLanguage\":\"fr-FR\",\"potentialAction\":[{\"@type\":\"ReadAction\",\"target\":[\"https:\\\/\\\/ecosupplements.be\\\/fr\\\/produit\\\/spray-oral-quotidien-de-vitamine-d-dlux-junior-15-ml\\\/\"]}]},{\"@type\":\"ImageObject\",\"inLanguage\":\"fr-FR\",\"@id\":\"https:\\\/\\\/ecosupplements.be\\\/fr\\\/produit\\\/spray-oral-quotidien-de-vitamine-d-dlux-junior-15-ml\\\/#primaryimage\",\"url\":\"https:\\\/\\\/ecosupplements.be\\\/wp-content\\\/uploads\\\/2025\\\/08\\\/BetterYou-DLux-Junior-Daily-Vitamin-D-Oral-Spray-15-ml-1.jpg\",\"contentUrl\":\"https:\\\/\\\/ecosupplements.be\\\/wp-content\\\/uploads\\\/2025\\\/08\\\/BetterYou-DLux-Junior-Daily-Vitamin-D-Oral-Spray-15-ml-1.jpg\",\"width\":750,\"height\":750},{\"@type\":\"BreadcrumbList\",\"@id\":\"https:\\\/\\\/ecosupplements.be\\\/fr\\\/produit\\\/spray-oral-quotidien-de-vitamine-d-dlux-junior-15-ml\\\/#breadcrumb\",\"itemListElement\":[{\"@type\":\"ListItem\",\"position\":1,\"name\":\"Home\",\"item\":\"https:\\\/\\\/ecosupplements.be\\\/fr\\\/\"},{\"@type\":\"ListItem\",\"position\":2,\"name\":\"Boutique\",\"item\":\"https:\\\/\\\/ecosupplements.be\\\/fr\\\/boutique\\\/\"},{\"@type\":\"ListItem\",\"position\":3,\"name\":\"Spray oral quotidien de vitamine D DLux Junior &#8211; 15 ml.\"}]},{\"@type\":\"WebSite\",\"@id\":\"https:\\\/\\\/ecosupplements.be\\\/fr\\\/#website\",\"url\":\"https:\\\/\\\/ecosupplements.be\\\/fr\\\/\",\"name\":\"ECO Supplements\",\"description\":\"Eco Supplements - Gezonde supplementen\",\"publisher\":{\"@id\":\"https:\\\/\\\/ecosupplements.be\\\/fr\\\/#organization\"},\"potentialAction\":[{\"@type\":\"SearchAction\",\"target\":{\"@type\":\"EntryPoint\",\"urlTemplate\":\"https:\\\/\\\/ecosupplements.be\\\/fr\\\/?s={search_term_string}\"},\"query-input\":{\"@type\":\"PropertyValueSpecification\",\"valueRequired\":true,\"valueName\":\"search_term_string\"}}],\"inLanguage\":\"fr-FR\"},{\"@type\":\"Organization\",\"@id\":\"https:\\\/\\\/ecosupplements.be\\\/fr\\\/#organization\",\"name\":\"Eco Supplements\",\"url\":\"https:\\\/\\\/ecosupplements.be\\\/fr\\\/\",\"logo\":{\"@type\":\"ImageObject\",\"inLanguage\":\"fr-FR\",\"@id\":\"https:\\\/\\\/ecosupplements.be\\\/fr\\\/#\\\/schema\\\/logo\\\/image\\\/\",\"url\":\"https:\\\/\\\/ecosupplements.be\\\/wp-content\\\/uploads\\\/2022\\\/06\\\/ecosupplement-family.png\",\"contentUrl\":\"https:\\\/\\\/ecosupplements.be\\\/wp-content\\\/uploads\\\/2022\\\/06\\\/ecosupplement-family.png\",\"width\":593,\"height\":374,\"caption\":\"Eco Supplements\"},\"image\":{\"@id\":\"https:\\\/\\\/ecosupplements.be\\\/fr\\\/#\\\/schema\\\/logo\\\/image\\\/\"}}]}<\/script>\n<meta property=\"product:brand\" content=\"BetterYou\" \/>\n<meta property=\"product:price:amount\" content=\"8.38\" \/>\n<meta property=\"product:price:currency\" content=\"EUR\" \/>\n<meta property=\"og:availability\" content=\"instock\" \/>\n<meta property=\"product:availability\" content=\"instock\" \/>\n<meta property=\"product:retailer_item_id\" content=\"96170823\" \/>\n<meta property=\"product:condition\" content=\"new\" \/>\n<!-- \/ Yoast SEO Premium plugin. -->","yoast_head_json":{"title":"Spray oral quotidien de vitamine D DLux Junior - 15 ml. - ECO Supplements","description":"Wij hebben een ruime keuze aan producten van Spray oral quotidien de vitamine D DLux Junior - 15 ml. . Winkel bij Eco Supplements altijd gratis verzending boven 100\u20ac","robots":{"index":"index","follow":"follow","max-snippet":"max-snippet:-1","max-image-preview":"max-image-preview:large","max-video-preview":"max-video-preview:-1"},"canonical":"https:\/\/ecosupplements.be\/fr\/produit\/spray-oral-quotidien-de-vitamine-d-dlux-junior-15-ml\/","og_locale":"fr_FR","og_type":"article","og_title":"Spray oral quotidien de vitamine D DLux Junior - 15 ml.","og_description":"Wij hebben een ruime keuze aan producten van Spray oral quotidien de vitamine D DLux Junior - 15 ml. . Winkel bij Eco Supplements altijd gratis verzending boven 100\u20ac","og_url":"https:\/\/ecosupplements.be\/fr\/produit\/spray-oral-quotidien-de-vitamine-d-dlux-junior-15-ml\/","og_site_name":"ECO Supplements","article_modified_time":"2025-08-27T09:01:28+00:00","og_image":[{"width":750,"height":750,"url":"https:\/\/ecosupplements.be\/wp-content\/uploads\/2025\/08\/BetterYou-DLux-Junior-Daily-Vitamin-D-Oral-Spray-15-ml.jpg","type":"image\/jpeg"}],"twitter_card":"summary_large_image","twitter_misc":{"Prix":"8.38&nbsp;&euro;","Disponibilit\u00e9":"En stock"},"schema":{"@context":"https:\/\/schema.org","@graph":[{"@type":["WebPage","ItemPage"],"@id":"https:\/\/ecosupplements.be\/fr\/produit\/spray-oral-quotidien-de-vitamine-d-dlux-junior-15-ml\/","url":"https:\/\/ecosupplements.be\/fr\/produit\/spray-oral-quotidien-de-vitamine-d-dlux-junior-15-ml\/","name":"Spray oral quotidien de vitamine D DLux Junior - 15 ml. - ECO Supplements","isPartOf":{"@id":"https:\/\/ecosupplements.be\/fr\/#website"},"primaryImageOfPage":{"@id":"https:\/\/ecosupplements.be\/fr\/produit\/spray-oral-quotidien-de-vitamine-d-dlux-junior-15-ml\/#primaryimage"},"image":{"@id":"https:\/\/ecosupplements.be\/fr\/produit\/spray-oral-quotidien-de-vitamine-d-dlux-junior-15-ml\/#primaryimage"},"thumbnailUrl":"https:\/\/ecosupplements.be\/wp-content\/uploads\/2025\/08\/BetterYou-DLux-Junior-Daily-Vitamin-D-Oral-Spray-15-ml-1.jpg","datePublished":"2022-06-29T07:15:49+00:00","dateModified":"2025-08-27T09:01:28+00:00","description":"Wij hebben een ruime keuze aan producten van Spray oral quotidien de vitamine D DLux Junior - 15 ml. . Winkel bij Eco Supplements altijd gratis verzending boven 100\u20ac","breadcrumb":{"@id":"https:\/\/ecosupplements.be\/fr\/produit\/spray-oral-quotidien-de-vitamine-d-dlux-junior-15-ml\/#breadcrumb"},"inLanguage":"fr-FR","potentialAction":[{"@type":"ReadAction","target":["https:\/\/ecosupplements.be\/fr\/produit\/spray-oral-quotidien-de-vitamine-d-dlux-junior-15-ml\/"]}]},{"@type":"ImageObject","inLanguage":"fr-FR","@id":"https:\/\/ecosupplements.be\/fr\/produit\/spray-oral-quotidien-de-vitamine-d-dlux-junior-15-ml\/#primaryimage","url":"https:\/\/ecosupplements.be\/wp-content\/uploads\/2025\/08\/BetterYou-DLux-Junior-Daily-Vitamin-D-Oral-Spray-15-ml-1.jpg","contentUrl":"https:\/\/ecosupplements.be\/wp-content\/uploads\/2025\/08\/BetterYou-DLux-Junior-Daily-Vitamin-D-Oral-Spray-15-ml-1.jpg","width":750,"height":750},{"@type":"BreadcrumbList","@id":"https:\/\/ecosupplements.be\/fr\/produit\/spray-oral-quotidien-de-vitamine-d-dlux-junior-15-ml\/#breadcrumb","itemListElement":[{"@type":"ListItem","position":1,"name":"Home","item":"https:\/\/ecosupplements.be\/fr\/"},{"@type":"ListItem","position":2,"name":"Boutique","item":"https:\/\/ecosupplements.be\/fr\/boutique\/"},{"@type":"ListItem","position":3,"name":"Spray oral quotidien de vitamine D DLux Junior &#8211; 15 ml."}]},{"@type":"WebSite","@id":"https:\/\/ecosupplements.be\/fr\/#website","url":"https:\/\/ecosupplements.be\/fr\/","name":"ECO Supplements","description":"Eco Supplements - Gezonde supplementen","publisher":{"@id":"https:\/\/ecosupplements.be\/fr\/#organization"},"potentialAction":[{"@type":"SearchAction","target":{"@type":"EntryPoint","urlTemplate":"https:\/\/ecosupplements.be\/fr\/?s={search_term_string}"},"query-input":{"@type":"PropertyValueSpecification","valueRequired":true,"valueName":"search_term_string"}}],"inLanguage":"fr-FR"},{"@type":"Organization","@id":"https:\/\/ecosupplements.be\/fr\/#organization","name":"Eco Supplements","url":"https:\/\/ecosupplements.be\/fr\/","logo":{"@type":"ImageObject","inLanguage":"fr-FR","@id":"https:\/\/ecosupplements.be\/fr\/#\/schema\/logo\/image\/","url":"https:\/\/ecosupplements.be\/wp-content\/uploads\/2022\/06\/ecosupplement-family.png","contentUrl":"https:\/\/ecosupplements.be\/wp-content\/uploads\/2022\/06\/ecosupplement-family.png","width":593,"height":374,"caption":"Eco Supplements"},"image":{"@id":"https:\/\/ecosupplements.be\/fr\/#\/schema\/logo\/image\/"}}]},"product_brand":"BetterYou","product_price_amount":"8.38","product_price_currency":"EUR","og_availability":"instock","product_availability":"instock","product_retailer_item_id":"96170823","product_condition":"new"},"_links":{"self":[{"href":"https:\/\/ecosupplements.be\/fr\/wp-json\/wp\/v2\/product\/280091","targetHints":{"allow":["GET"]}}],"collection":[{"href":"https:\/\/ecosupplements.be\/fr\/wp-json\/wp\/v2\/product"}],"about":[{"href":"https:\/\/ecosupplements.be\/fr\/wp-json\/wp\/v2\/types\/product"}],"replies":[{"embeddable":true,"href":"https:\/\/ecosupplements.be\/fr\/wp-json\/wp\/v2\/comments?post=280091"}],"wp:featuredmedia":[{"embeddable":true,"href":"https:\/\/ecosupplements.be\/fr\/wp-json\/wp\/v2\/media\/240087"}],"wp:attachment":[{"href":"https:\/\/ecosupplements.be\/fr\/wp-json\/wp\/v2\/media?parent=280091"}],"wp:term":[{"taxonomy":"product_brand","embeddable":true,"href":"https:\/\/ecosupplements.be\/fr\/wp-json\/wp\/v2\/product_brand?post=280091"},{"taxonomy":"product_cat","embeddable":true,"href":"https:\/\/ecosupplements.be\/fr\/wp-json\/wp\/v2\/product_cat?post=280091"},{"taxonomy":"product_tag","embeddable":true,"href":"https:\/\/ecosupplements.be\/fr\/wp-json\/wp\/v2\/product_tag?post=280091"}],"curies":[{"name":"wp","href":"https:\/\/api.w.org\/{rel}","templated":true}]}}