{"id":280092,"date":"2022-06-29T08:15:49","date_gmt":"2022-06-29T07:15:49","guid":{"rendered":"https:\/\/ecosupplements.be\/product\/spray-oral-quotidien-dlux-vitamine-dk2-12-ml\/"},"modified":"2025-08-27T10:01:31","modified_gmt":"2025-08-27T09:01:31","slug":"spray-oral-quotidien-dlux-vitamine-dk2-12-ml","status":"publish","type":"product","link":"https:\/\/ecosupplements.be\/fr\/produit\/spray-oral-quotidien-dlux-vitamine-dk2-12-ml\/","title":{"rendered":"Spray oral quotidien DLux+ Vitamine D+K2 &#8211; 12 ml."},"content":{"rendered":"<h1 style=\"text-align: center;\">BetterYou &#8211; DLux+ Vitamine D+K2 Spray oral quotidien<\/h1>\n<p>Le spray oral BetterYou DLux+ Vitamin D+K2 est un spray de puissance optimale d\u00e9livrant 3000iu de vitamine D ainsi que 75\u03bcg de vitamine K2.<\/p>\n<p>3 pulv\u00e9risations d\u00e9livrent 3000IU (75\u03bcg) de vitamine D plus 75\u03bcg de vitamine K2<br \/>Soutien optimal de la sant\u00e9 des os<br \/>K2 aide \u00e0 pr\u00e9venir la calcification art\u00e9rielle<br \/>Alternative efficace et pratique aux comprim\u00e9s et aux capsules<br \/>100% ar\u00f4me naturel de menthe poivr\u00e9e<br \/>Cette m\u00e9thode d&#8217;administration pionni\u00e8re permet aux vitamines D et K d&#8217;\u00eatre absorb\u00e9es directement dans la circulation sanguine, via l&#8217;int\u00e9rieur de la joue, en contournant le syst\u00e8me digestif o\u00f9 de nombreux nutriments peuvent \u00eatre perdus.<\/p>\n<p>Pourquoi DLux+ Vitamine D+K2 ?<br \/>La vitamine D et la vitamine K2 travaillent en synergie l&#8217;une avec l&#8217;autre pour faire en sorte que le calcium soit dirig\u00e9 hors des art\u00e8res et dans les os o\u00f9 il contribue \u00e0 am\u00e9liorer la densit\u00e9 osseuse.<\/p>\n<p>Sans suffisamment de vitamine K2, une calcification peut se produire dans les art\u00e8res, ce qui augmente le risque de maladie cardiaque.<\/p>\n<p>BetterYou a trouv\u00e9 une forme biodisponible et stable de K2 MK-7 qui peut \u00eatre facilement utilis\u00e9e par l&#8217;organisme. La forme de K2 a \u00e9t\u00e9 d\u00e9riv\u00e9e de fleurs et nous pouvons garantir la puret\u00e9 de la forme active de K2.<\/p>\n<p>Le spray de vitamines D et K produit un panache de micro-gouttelettes qui impr\u00e8gnent les tissus mous de l&#8217;int\u00e9rieur de la joue, d\u00e9livrant les nutriments essentiels dans le riche syst\u00e8me veineux situ\u00e9 en dessous. Micro-\u00e9mulsifi\u00e9 pour produire une taille de gouttelettes et une livraison du panache optimales, assurant une absorption efficace et le summum de la commodit\u00e9.<\/p>\n<div class=\"facts-container\">\n<\/div>\n","protected":false},"excerpt":{"rendered":"<p>BetterYou &#8211; DLux+ Vitamine D+K2 Spray oral quotidien Le spray oral BetterYou DLux+ Vitamin D+K2 est un spray de puissance optimale d\u00e9livrant 3000iu de vitamine D ainsi que 75\u03bcg de vitamine K2. 3 pulv\u00e9risations d\u00e9livrent 3000IU (75\u03bcg) de vitamine D plus 75\u03bcg de vitamine K2Soutien optimal de la sant\u00e9 des osK2 aide \u00e0 pr\u00e9venir la [&#8230;]\n","protected":false},"featured_media":240092,"comment_status":"open","ping_status":"open","template":"","meta":[],"product_brand":[4663],"product_cat":[5076,5052,5053],"product_tag":[],"class_list":{"0":"post-280092","1":"product","2":"type-product","3":"status-publish","4":"has-post-thumbnail","6":"product_brand-betteryou-2","7":"product_cat-complements-en-spray","8":"product_cat-sante-et-bien-etre","9":"product_cat-vitamines-et-mineraux","11":"first","12":"instock","13":"taxable","14":"shipping-taxable","15":"purchasable","16":"product-type-simple"},"yoast_head":"<!-- This site is optimized with the Yoast SEO Premium plugin v27.3 (Yoast SEO v27.3) - https:\/\/yoast.com\/product\/yoast-seo-premium-wordpress\/ -->\n<title>Spray oral quotidien DLux+ Vitamine D+K2 - 12 ml. - ECO Supplements<\/title>\n<meta name=\"description\" content=\"Wij hebben een ruime keuze aan producten van Spray oral quotidien DLux+ Vitamine D+K2 - 12 ml. . Winkel bij Eco Supplements altijd gratis verzending boven 100\u20ac\" \/>\n<meta name=\"robots\" content=\"index, follow, max-snippet:-1, max-image-preview:large, max-video-preview:-1\" \/>\n<link rel=\"canonical\" href=\"https:\/\/ecosupplements.be\/fr\/produit\/spray-oral-quotidien-dlux-vitamine-dk2-12-ml\/\" \/>\n<meta property=\"og:locale\" content=\"fr_FR\" \/>\n<meta property=\"og:type\" content=\"article\" \/>\n<meta property=\"og:title\" content=\"Spray oral quotidien DLux+ Vitamine D+K2 - 12 ml.\" \/>\n<meta property=\"og:description\" content=\"Wij hebben een ruime keuze aan producten van Spray oral quotidien DLux+ Vitamine D+K2 - 12 ml. . Winkel bij Eco Supplements altijd gratis verzending boven 100\u20ac\" \/>\n<meta property=\"og:url\" content=\"https:\/\/ecosupplements.be\/fr\/produit\/spray-oral-quotidien-dlux-vitamine-dk2-12-ml\/\" \/>\n<meta property=\"og:site_name\" content=\"ECO Supplements\" \/>\n<meta property=\"article:modified_time\" content=\"2025-08-27T09:01:31+00:00\" \/>\n<meta property=\"og:image\" content=\"https:\/\/ecosupplements.be\/wp-content\/uploads\/2025\/08\/BetterYou-DLux-Vitamin-DK2-Daily-Oral-Spray-12-ml.jpg\" \/>\n\t<meta property=\"og:image:width\" content=\"750\" \/>\n\t<meta property=\"og:image:height\" content=\"750\" \/>\n\t<meta property=\"og:image:type\" content=\"image\/jpeg\" \/>\n<meta name=\"twitter:card\" content=\"summary_large_image\" \/>\n<meta name=\"twitter:label1\" content=\"Prix\" \/>\n\t<meta name=\"twitter:data1\" content=\"12.36&nbsp;&euro;\" \/>\n\t<meta name=\"twitter:label2\" content=\"Disponibilit\u00e9\" \/>\n\t<meta name=\"twitter:data2\" content=\"En stock\" \/>\n<script type=\"application\/ld+json\" class=\"yoast-schema-graph\">{\"@context\":\"https:\\\/\\\/schema.org\",\"@graph\":[{\"@type\":[\"WebPage\",\"ItemPage\"],\"@id\":\"https:\\\/\\\/ecosupplements.be\\\/fr\\\/produit\\\/spray-oral-quotidien-dlux-vitamine-dk2-12-ml\\\/\",\"url\":\"https:\\\/\\\/ecosupplements.be\\\/fr\\\/produit\\\/spray-oral-quotidien-dlux-vitamine-dk2-12-ml\\\/\",\"name\":\"Spray oral quotidien DLux+ Vitamine D+K2 - 12 ml. - ECO Supplements\",\"isPartOf\":{\"@id\":\"https:\\\/\\\/ecosupplements.be\\\/fr\\\/#website\"},\"primaryImageOfPage\":{\"@id\":\"https:\\\/\\\/ecosupplements.be\\\/fr\\\/produit\\\/spray-oral-quotidien-dlux-vitamine-dk2-12-ml\\\/#primaryimage\"},\"image\":{\"@id\":\"https:\\\/\\\/ecosupplements.be\\\/fr\\\/produit\\\/spray-oral-quotidien-dlux-vitamine-dk2-12-ml\\\/#primaryimage\"},\"thumbnailUrl\":\"https:\\\/\\\/ecosupplements.be\\\/wp-content\\\/uploads\\\/2025\\\/08\\\/BetterYou-DLux-Vitamin-DK2-Daily-Oral-Spray-12-ml-1.jpg\",\"datePublished\":\"2022-06-29T07:15:49+00:00\",\"dateModified\":\"2025-08-27T09:01:31+00:00\",\"description\":\"Wij hebben een ruime keuze aan producten van Spray oral quotidien DLux+ Vitamine D+K2 - 12 ml. . Winkel bij Eco Supplements altijd gratis verzending boven 100\u20ac\",\"breadcrumb\":{\"@id\":\"https:\\\/\\\/ecosupplements.be\\\/fr\\\/produit\\\/spray-oral-quotidien-dlux-vitamine-dk2-12-ml\\\/#breadcrumb\"},\"inLanguage\":\"fr-FR\",\"potentialAction\":[{\"@type\":\"ReadAction\",\"target\":[\"https:\\\/\\\/ecosupplements.be\\\/fr\\\/produit\\\/spray-oral-quotidien-dlux-vitamine-dk2-12-ml\\\/\"]}]},{\"@type\":\"ImageObject\",\"inLanguage\":\"fr-FR\",\"@id\":\"https:\\\/\\\/ecosupplements.be\\\/fr\\\/produit\\\/spray-oral-quotidien-dlux-vitamine-dk2-12-ml\\\/#primaryimage\",\"url\":\"https:\\\/\\\/ecosupplements.be\\\/wp-content\\\/uploads\\\/2025\\\/08\\\/BetterYou-DLux-Vitamin-DK2-Daily-Oral-Spray-12-ml-1.jpg\",\"contentUrl\":\"https:\\\/\\\/ecosupplements.be\\\/wp-content\\\/uploads\\\/2025\\\/08\\\/BetterYou-DLux-Vitamin-DK2-Daily-Oral-Spray-12-ml-1.jpg\",\"width\":750,\"height\":750},{\"@type\":\"BreadcrumbList\",\"@id\":\"https:\\\/\\\/ecosupplements.be\\\/fr\\\/produit\\\/spray-oral-quotidien-dlux-vitamine-dk2-12-ml\\\/#breadcrumb\",\"itemListElement\":[{\"@type\":\"ListItem\",\"position\":1,\"name\":\"Home\",\"item\":\"https:\\\/\\\/ecosupplements.be\\\/fr\\\/\"},{\"@type\":\"ListItem\",\"position\":2,\"name\":\"Boutique\",\"item\":\"https:\\\/\\\/ecosupplements.be\\\/fr\\\/boutique\\\/\"},{\"@type\":\"ListItem\",\"position\":3,\"name\":\"Spray oral quotidien DLux+ Vitamine D+K2 &#8211; 12 ml.\"}]},{\"@type\":\"WebSite\",\"@id\":\"https:\\\/\\\/ecosupplements.be\\\/fr\\\/#website\",\"url\":\"https:\\\/\\\/ecosupplements.be\\\/fr\\\/\",\"name\":\"ECO Supplements\",\"description\":\"Eco Supplements - Gezonde supplementen\",\"publisher\":{\"@id\":\"https:\\\/\\\/ecosupplements.be\\\/fr\\\/#organization\"},\"potentialAction\":[{\"@type\":\"SearchAction\",\"target\":{\"@type\":\"EntryPoint\",\"urlTemplate\":\"https:\\\/\\\/ecosupplements.be\\\/fr\\\/?s={search_term_string}\"},\"query-input\":{\"@type\":\"PropertyValueSpecification\",\"valueRequired\":true,\"valueName\":\"search_term_string\"}}],\"inLanguage\":\"fr-FR\"},{\"@type\":\"Organization\",\"@id\":\"https:\\\/\\\/ecosupplements.be\\\/fr\\\/#organization\",\"name\":\"Eco Supplements\",\"url\":\"https:\\\/\\\/ecosupplements.be\\\/fr\\\/\",\"logo\":{\"@type\":\"ImageObject\",\"inLanguage\":\"fr-FR\",\"@id\":\"https:\\\/\\\/ecosupplements.be\\\/fr\\\/#\\\/schema\\\/logo\\\/image\\\/\",\"url\":\"https:\\\/\\\/ecosupplements.be\\\/wp-content\\\/uploads\\\/2022\\\/06\\\/ecosupplement-family.png\",\"contentUrl\":\"https:\\\/\\\/ecosupplements.be\\\/wp-content\\\/uploads\\\/2022\\\/06\\\/ecosupplement-family.png\",\"width\":593,\"height\":374,\"caption\":\"Eco Supplements\"},\"image\":{\"@id\":\"https:\\\/\\\/ecosupplements.be\\\/fr\\\/#\\\/schema\\\/logo\\\/image\\\/\"}}]}<\/script>\n<meta property=\"product:brand\" content=\"BetterYou\" \/>\n<meta property=\"product:price:amount\" content=\"12.36\" \/>\n<meta property=\"product:price:currency\" content=\"EUR\" \/>\n<meta property=\"og:availability\" content=\"instock\" \/>\n<meta property=\"product:availability\" content=\"instock\" \/>\n<meta property=\"product:retailer_item_id\" content=\"96175101\" \/>\n<meta property=\"product:condition\" content=\"new\" \/>\n<!-- \/ Yoast SEO Premium plugin. -->","yoast_head_json":{"title":"Spray oral quotidien DLux+ Vitamine D+K2 - 12 ml. - ECO Supplements","description":"Wij hebben een ruime keuze aan producten van Spray oral quotidien DLux+ Vitamine D+K2 - 12 ml. . Winkel bij Eco Supplements altijd gratis verzending boven 100\u20ac","robots":{"index":"index","follow":"follow","max-snippet":"max-snippet:-1","max-image-preview":"max-image-preview:large","max-video-preview":"max-video-preview:-1"},"canonical":"https:\/\/ecosupplements.be\/fr\/produit\/spray-oral-quotidien-dlux-vitamine-dk2-12-ml\/","og_locale":"fr_FR","og_type":"article","og_title":"Spray oral quotidien DLux+ Vitamine D+K2 - 12 ml.","og_description":"Wij hebben een ruime keuze aan producten van Spray oral quotidien DLux+ Vitamine D+K2 - 12 ml. . Winkel bij Eco Supplements altijd gratis verzending boven 100\u20ac","og_url":"https:\/\/ecosupplements.be\/fr\/produit\/spray-oral-quotidien-dlux-vitamine-dk2-12-ml\/","og_site_name":"ECO Supplements","article_modified_time":"2025-08-27T09:01:31+00:00","og_image":[{"width":750,"height":750,"url":"https:\/\/ecosupplements.be\/wp-content\/uploads\/2025\/08\/BetterYou-DLux-Vitamin-DK2-Daily-Oral-Spray-12-ml.jpg","type":"image\/jpeg"}],"twitter_card":"summary_large_image","twitter_misc":{"Prix":"12.36&nbsp;&euro;","Disponibilit\u00e9":"En stock"},"schema":{"@context":"https:\/\/schema.org","@graph":[{"@type":["WebPage","ItemPage"],"@id":"https:\/\/ecosupplements.be\/fr\/produit\/spray-oral-quotidien-dlux-vitamine-dk2-12-ml\/","url":"https:\/\/ecosupplements.be\/fr\/produit\/spray-oral-quotidien-dlux-vitamine-dk2-12-ml\/","name":"Spray oral quotidien DLux+ Vitamine D+K2 - 12 ml. - ECO Supplements","isPartOf":{"@id":"https:\/\/ecosupplements.be\/fr\/#website"},"primaryImageOfPage":{"@id":"https:\/\/ecosupplements.be\/fr\/produit\/spray-oral-quotidien-dlux-vitamine-dk2-12-ml\/#primaryimage"},"image":{"@id":"https:\/\/ecosupplements.be\/fr\/produit\/spray-oral-quotidien-dlux-vitamine-dk2-12-ml\/#primaryimage"},"thumbnailUrl":"https:\/\/ecosupplements.be\/wp-content\/uploads\/2025\/08\/BetterYou-DLux-Vitamin-DK2-Daily-Oral-Spray-12-ml-1.jpg","datePublished":"2022-06-29T07:15:49+00:00","dateModified":"2025-08-27T09:01:31+00:00","description":"Wij hebben een ruime keuze aan producten van Spray oral quotidien DLux+ Vitamine D+K2 - 12 ml. . Winkel bij Eco Supplements altijd gratis verzending boven 100\u20ac","breadcrumb":{"@id":"https:\/\/ecosupplements.be\/fr\/produit\/spray-oral-quotidien-dlux-vitamine-dk2-12-ml\/#breadcrumb"},"inLanguage":"fr-FR","potentialAction":[{"@type":"ReadAction","target":["https:\/\/ecosupplements.be\/fr\/produit\/spray-oral-quotidien-dlux-vitamine-dk2-12-ml\/"]}]},{"@type":"ImageObject","inLanguage":"fr-FR","@id":"https:\/\/ecosupplements.be\/fr\/produit\/spray-oral-quotidien-dlux-vitamine-dk2-12-ml\/#primaryimage","url":"https:\/\/ecosupplements.be\/wp-content\/uploads\/2025\/08\/BetterYou-DLux-Vitamin-DK2-Daily-Oral-Spray-12-ml-1.jpg","contentUrl":"https:\/\/ecosupplements.be\/wp-content\/uploads\/2025\/08\/BetterYou-DLux-Vitamin-DK2-Daily-Oral-Spray-12-ml-1.jpg","width":750,"height":750},{"@type":"BreadcrumbList","@id":"https:\/\/ecosupplements.be\/fr\/produit\/spray-oral-quotidien-dlux-vitamine-dk2-12-ml\/#breadcrumb","itemListElement":[{"@type":"ListItem","position":1,"name":"Home","item":"https:\/\/ecosupplements.be\/fr\/"},{"@type":"ListItem","position":2,"name":"Boutique","item":"https:\/\/ecosupplements.be\/fr\/boutique\/"},{"@type":"ListItem","position":3,"name":"Spray oral quotidien DLux+ Vitamine D+K2 &#8211; 12 ml."}]},{"@type":"WebSite","@id":"https:\/\/ecosupplements.be\/fr\/#website","url":"https:\/\/ecosupplements.be\/fr\/","name":"ECO Supplements","description":"Eco Supplements - Gezonde supplementen","publisher":{"@id":"https:\/\/ecosupplements.be\/fr\/#organization"},"potentialAction":[{"@type":"SearchAction","target":{"@type":"EntryPoint","urlTemplate":"https:\/\/ecosupplements.be\/fr\/?s={search_term_string}"},"query-input":{"@type":"PropertyValueSpecification","valueRequired":true,"valueName":"search_term_string"}}],"inLanguage":"fr-FR"},{"@type":"Organization","@id":"https:\/\/ecosupplements.be\/fr\/#organization","name":"Eco Supplements","url":"https:\/\/ecosupplements.be\/fr\/","logo":{"@type":"ImageObject","inLanguage":"fr-FR","@id":"https:\/\/ecosupplements.be\/fr\/#\/schema\/logo\/image\/","url":"https:\/\/ecosupplements.be\/wp-content\/uploads\/2022\/06\/ecosupplement-family.png","contentUrl":"https:\/\/ecosupplements.be\/wp-content\/uploads\/2022\/06\/ecosupplement-family.png","width":593,"height":374,"caption":"Eco Supplements"},"image":{"@id":"https:\/\/ecosupplements.be\/fr\/#\/schema\/logo\/image\/"}}]},"product_brand":"BetterYou","product_price_amount":"12.36","product_price_currency":"EUR","og_availability":"instock","product_availability":"instock","product_retailer_item_id":"96175101","product_condition":"new"},"_links":{"self":[{"href":"https:\/\/ecosupplements.be\/fr\/wp-json\/wp\/v2\/product\/280092","targetHints":{"allow":["GET"]}}],"collection":[{"href":"https:\/\/ecosupplements.be\/fr\/wp-json\/wp\/v2\/product"}],"about":[{"href":"https:\/\/ecosupplements.be\/fr\/wp-json\/wp\/v2\/types\/product"}],"replies":[{"embeddable":true,"href":"https:\/\/ecosupplements.be\/fr\/wp-json\/wp\/v2\/comments?post=280092"}],"wp:featuredmedia":[{"embeddable":true,"href":"https:\/\/ecosupplements.be\/fr\/wp-json\/wp\/v2\/media\/240092"}],"wp:attachment":[{"href":"https:\/\/ecosupplements.be\/fr\/wp-json\/wp\/v2\/media?parent=280092"}],"wp:term":[{"taxonomy":"product_brand","embeddable":true,"href":"https:\/\/ecosupplements.be\/fr\/wp-json\/wp\/v2\/product_brand?post=280092"},{"taxonomy":"product_cat","embeddable":true,"href":"https:\/\/ecosupplements.be\/fr\/wp-json\/wp\/v2\/product_cat?post=280092"},{"taxonomy":"product_tag","embeddable":true,"href":"https:\/\/ecosupplements.be\/fr\/wp-json\/wp\/v2\/product_tag?post=280092"}],"curies":[{"name":"wp","href":"https:\/\/api.w.org\/{rel}","templated":true}]}}