{"id":280098,"date":"2022-06-29T08:16:27","date_gmt":"2022-06-29T07:16:27","guid":{"rendered":"https:\/\/ecosupplements.be\/product\/glucosamine-chondroitine-msm-avec-optimsm-240-gelules\/"},"modified":"2025-08-27T10:02:05","modified_gmt":"2025-08-27T09:02:05","slug":"glucosamine-chondroitine-msm-avec-optimsm-240-gelules","status":"publish","type":"product","link":"https:\/\/ecosupplements.be\/fr\/produit\/glucosamine-chondroitine-msm-avec-optimsm-240-gelules\/","title":{"rendered":"Glucosamine Chondro\u00eftine MSM avec OptiMSM &#8211; 240 g\u00e9lules"},"content":{"rendered":"<h1 style=\"text-align: center;\">Glucosamine Chondro\u00eftine MSM avec OptiMSM<\/h1>\n<p>Qu&#8217;est-ce que Doctor&#8217;s Best Glucosamine\/Chondro\u00eftine\/MSM avec OptiMSM ?<br \/>\nDoctor&#8217;s Best Glucosamine\/Chondro\u00eftine\/MSM avec OptiMSM soutient la structure, la fonction et le confort des articulations. Il s&#8217;agit d&#8217;une puissante combinaison de trois ingr\u00e9dients purifi\u00e9s et \u00e9prouv\u00e9s en clinique qui aident l&#8217;organisme \u00e0 fabriquer des prot\u00e9oglycanes dans des articulations saines. Les prot\u00e9oglycanes contribuent au maintien d&#8217;une structure articulaire saine, am\u00e9liorant ainsi la fonction articulaire.<br \/>\nLe sulfate de glucosamine est extrait de la chitine, un polym\u00e8re \u00e0 longue cha\u00eene constitu\u00e9 de nombreuses mol\u00e9cules de glucosamine li\u00e9es entre elles. La chitine forme la charpente structurelle de nombreux \u00eatres vivants, y compris les crustac\u00e9s aquatiques. La glucosamine Doctor&#8217;s Best est purifi\u00e9e, puis sulfat\u00e9e et stabilis\u00e9e avec du chlorure de potassium. Elle est trait\u00e9e pour \u00e9liminer les r\u00e9sidus de prot\u00e9ines et les impuret\u00e9s, ce qui donne du sulfate de glucosamine pur comme mati\u00e8re finale. Le sulfate de chondro\u00eftine est un produit chimique pr\u00e9sent dans le cartilage autour des articulations du corps.<br \/>\nLe sulfate de chondro\u00eftine est fabriqu\u00e9 \u00e0 partir de cartilage bovin. Doctor&#8217;s Best utilise le sulfate de chondro\u00eftine avec une puret\u00e9 de 90 pour cent ou plus. Les tests d&#8217;assurance qualit\u00e9 sont effectu\u00e9s \u00e0 l&#8217;aide de m\u00e9thodes analytiques sophistiqu\u00e9es en laboratoire.<br \/>\nLe MSM est une excellente source alimentaire de soufre organique biodisponible. Doctor&#8217;s Best MSM contient de l&#8217;OptiMSM, une forme hautement purifi\u00e9e (pure \u00e0 99,9%) de m\u00e9thylsulfonylm\u00e9thane (MSM). \u00c9tant donn\u00e9 que la quantit\u00e9 de MSM pr\u00e9sente naturellement dans les mati\u00e8res vivantes est trop faible pour \u00eatre extraite, le MSM utilis\u00e9 pour les compl\u00e9ments alimentaires est synth\u00e9tis\u00e9. Les fabricants d&#8217;OptiMSM ont mis au point un processus en quatre \u00e9tapes pour s\u00e9parer les impuret\u00e9s, notamment les m\u00e9taux lourds et autres contaminants, et le MSM est pur \u00e0 99,9%. Chaque lot d\u00e9passe les normes de la monographie de la United States Pharmacopeia (USP) pour le MSM, et est valid\u00e9 par des tests dans des laboratoires ind\u00e9pendants.<br \/>\nComment cela fonctionne-t-il ?<br \/>\nLe cartilage articulaire est un tissu conjonctif compos\u00e9 de cellules sp\u00e9cialis\u00e9es (chondrocytes) ench\u00e2ss\u00e9es dans une matrice de fibres prot\u00e9iques (principalement du collag\u00e8ne) et d&#8217;amas de mol\u00e9cules complexes de prot\u00e9oglycanes qui consistent en un noyau prot\u00e9ique avec de nombreuses cha\u00eenes lat\u00e9rales. Ces cha\u00eenes lat\u00e9rales, principalement le sulfate de chondro\u00eftine et le sulfate de k\u00e9ratine, sont de longues mol\u00e9cules polysaccharidiques appel\u00e9es glycosaminoglycanes.<br \/>\nLe sulfate de chondro\u00eftine et les autres glycosaminoglycanes attirent fortement l&#8217;eau en raison des charges n\u00e9gatives de leurs groupes sulfate. Ces charges n\u00e9gatives se repoussent \u00e9galement, cr\u00e9ant des espaces entre les cha\u00eenes lat\u00e9rales des glycosaminoglycanes o\u00f9 l&#8217;eau peut p\u00e9n\u00e9trer. Cette combinaison de solide et de liquide conf\u00e8re aux articulations une qualit\u00e9 compressible qui peut, en fin de compte, am\u00e9liorer la fonction articulaire saine.<br \/>\nLa glucosamine est un \u00e9l\u00e9ment constitutif fondamental des prot\u00e9oglycanes et des glycosaminoglycanes. Le sulfate de glucosamine (GS) aide \u00e0 maintenir la sant\u00e9 des articulations gr\u00e2ce \u00e0 sa capacit\u00e9 \u00e0 la fois \u00e0 agir comme composant et \u00e0 stimuler la formation des glycosaminoglycanes et du squelette d&#8217;acide hyaluronique essentiel \u00e0 la formation des prot\u00e9oglycanes.<br \/>\nLe MSM contient deux atomes d&#8217;oxyg\u00e8ne et deux groupes m\u00e9thyles li\u00e9s \u00e0 un atome de soufre. En donnant ses groupes m\u00e9thyles, le MSM permet d&#8217;importantes fonctions m\u00e9taboliques, notamment la transduction de l&#8217;\u00e9nergie et la r\u00e9gulation des enzymes. L&#8217;utilisation du MSM dans les articulations provient de son soutien en soufre organique des liaisons disulfure qui renforcent les fibres de collag\u00e8ne, une propri\u00e9t\u00e9 qui est cens\u00e9e favoriser l&#8217;int\u00e9grit\u00e9 et la r\u00e9silience des articulations.<br \/>\nPourquoi devrais-je prendre Doctor&#8217;s Best Glucosamine\/Chondro\u00eftine\/MSM avec OptiMSM ?<br \/>\nLes articulations saines peuvent \u00eatre us\u00e9es par des blessures sportives, une surutilisation ou une usure qui peuvent provoquer des douleurs articulaires. La glucosamine aide \u00e0 stimuler la fabrication de prot\u00e9oglycanes dans les articulations saines. La chondro\u00eftine est un composant des articulations saines qui attire l&#8217;eau vers le tissu, ce qui aide l&#8217;articulation \u00e0 rester \u00e9lastique et \u00e0 fonctionner comme un amortisseur de chocs pour les articulations. Le MSM est un soufre naturel qui aide \u00e0 former des antioxydants et sert de nutriment structurel cl\u00e9 dans les articulations saines et peut contribuer \u00e0 donner forme, force et soutien \u00e0 d&#8217;autres tissus dans le corps. Cette combinaison d&#8217;ingr\u00e9dients a \u00e9t\u00e9 prouv\u00e9e pour soutenir la structure, la fonction et le confort des articulations.<\/p>\n<p><img decoding=\"async\" src=\"https:\/\/ecosupplements.be\/wp-content\/uploads\/2025\/08\/gluten-free-1.png\" title=\"Sans gluten\" alt=\"Gluten free\"><br \/>\n<img decoding=\"async\" src=\"https:\/\/ecosupplements.be\/wp-content\/uploads\/2025\/08\/non-gmo-1.png\" title=\"Non-OGM\" alt=\"Non-GMO\"><\/p>\n","protected":false},"excerpt":{"rendered":"<p>Glucosamine Chondro\u00eftine MSM avec OptiMSM Qu&#8217;est-ce que Doctor&#8217;s Best Glucosamine\/Chondro\u00eftine\/MSM avec OptiMSM ? Doctor&#8217;s Best Glucosamine\/Chondro\u00eftine\/MSM avec OptiMSM soutient la structure, la fonction et le confort des articulations. Il s&#8217;agit d&#8217;une puissante combinaison de trois ingr\u00e9dients purifi\u00e9s et \u00e9prouv\u00e9s en clinique qui aident l&#8217;organisme \u00e0 fabriquer des prot\u00e9oglycanes dans des articulations saines. Les prot\u00e9oglycanes contribuent [&#8230;]\n","protected":false},"featured_media":240143,"comment_status":"open","ping_status":"open","template":"","meta":[],"product_brand":[4674],"product_cat":[5052,5083,5084,5085,5053],"product_tag":[5071],"class_list":{"0":"post-280098","1":"product","2":"type-product","3":"status-publish","4":"has-post-thumbnail","6":"product_brand-doctors-best-2","7":"product_cat-sante-et-bien-etre","8":"product_cat-soutien-aux-articulations","9":"product_cat-soutien-conjoint","10":"product_cat-soutien-pour-les-articulations","11":"product_cat-vitamines-et-mineraux","12":"product_tag-ecoplus-2","14":"first","15":"instock","16":"taxable","17":"shipping-taxable","18":"purchasable","19":"product-type-simple"},"yoast_head":"<!-- This site is optimized with the Yoast SEO Premium plugin v27.3 (Yoast SEO v27.3) - https:\/\/yoast.com\/product\/yoast-seo-premium-wordpress\/ -->\n<title>Glucosamine Chondro\u00eftine MSM avec OptiMSM - 240 g\u00e9lules - ECO Supplements<\/title>\n<meta name=\"description\" content=\"Wij hebben een ruime keuze aan producten van Glucosamine Chondro\u00eftine MSM avec OptiMSM - 240 g\u00e9lules . Winkel bij Eco Supplements altijd gratis verzending boven 100\u20ac\" \/>\n<meta name=\"robots\" content=\"index, follow, max-snippet:-1, max-image-preview:large, max-video-preview:-1\" \/>\n<link rel=\"canonical\" href=\"https:\/\/ecosupplements.be\/fr\/produit\/glucosamine-chondroitine-msm-avec-optimsm-240-gelules\/\" \/>\n<meta property=\"og:locale\" content=\"fr_FR\" \/>\n<meta property=\"og:type\" content=\"article\" \/>\n<meta property=\"og:title\" content=\"Glucosamine Chondro\u00eftine MSM avec OptiMSM - 240 g\u00e9lules\" \/>\n<meta property=\"og:description\" content=\"Wij hebben een ruime keuze aan producten van Glucosamine Chondro\u00eftine MSM avec OptiMSM - 240 g\u00e9lules . Winkel bij Eco Supplements altijd gratis verzending boven 100\u20ac\" \/>\n<meta property=\"og:url\" content=\"https:\/\/ecosupplements.be\/fr\/produit\/glucosamine-chondroitine-msm-avec-optimsm-240-gelules\/\" \/>\n<meta property=\"og:site_name\" content=\"ECO Supplements\" \/>\n<meta property=\"article:modified_time\" content=\"2025-08-27T09:02:05+00:00\" \/>\n<meta property=\"og:image\" content=\"https:\/\/ecosupplements.be\/wp-content\/uploads\/2025\/08\/Doctors-Best-Glucosamine-Chondroitin-MSM-with-OptiMSM-240-caps-1.jpg\" \/>\n\t<meta property=\"og:image:width\" content=\"750\" \/>\n\t<meta property=\"og:image:height\" content=\"750\" \/>\n\t<meta property=\"og:image:type\" content=\"image\/jpeg\" \/>\n<meta name=\"twitter:card\" content=\"summary_large_image\" \/>\n<meta name=\"twitter:label1\" content=\"Prix\" \/>\n\t<meta name=\"twitter:data1\" content=\"49.82&nbsp;&euro;\" \/>\n\t<meta name=\"twitter:label2\" content=\"Disponibilit\u00e9\" \/>\n\t<meta name=\"twitter:data2\" content=\"En stock\" \/>\n<script type=\"application\/ld+json\" class=\"yoast-schema-graph\">{\"@context\":\"https:\\\/\\\/schema.org\",\"@graph\":[{\"@type\":[\"WebPage\",\"ItemPage\"],\"@id\":\"https:\\\/\\\/ecosupplements.be\\\/fr\\\/produit\\\/glucosamine-chondroitine-msm-avec-optimsm-240-gelules\\\/\",\"url\":\"https:\\\/\\\/ecosupplements.be\\\/fr\\\/produit\\\/glucosamine-chondroitine-msm-avec-optimsm-240-gelules\\\/\",\"name\":\"Glucosamine Chondro\u00eftine MSM avec OptiMSM - 240 g\u00e9lules - ECO Supplements\",\"isPartOf\":{\"@id\":\"https:\\\/\\\/ecosupplements.be\\\/fr\\\/#website\"},\"primaryImageOfPage\":{\"@id\":\"https:\\\/\\\/ecosupplements.be\\\/fr\\\/produit\\\/glucosamine-chondroitine-msm-avec-optimsm-240-gelules\\\/#primaryimage\"},\"image\":{\"@id\":\"https:\\\/\\\/ecosupplements.be\\\/fr\\\/produit\\\/glucosamine-chondroitine-msm-avec-optimsm-240-gelules\\\/#primaryimage\"},\"thumbnailUrl\":\"https:\\\/\\\/ecosupplements.be\\\/wp-content\\\/uploads\\\/2025\\\/08\\\/Doctors-Best-Glucosamine-Chondroitin-MSM-with-OptiMSM-240-caps-1.jpg\",\"datePublished\":\"2022-06-29T07:16:27+00:00\",\"dateModified\":\"2025-08-27T09:02:05+00:00\",\"description\":\"Wij hebben een ruime keuze aan producten van Glucosamine Chondro\u00eftine MSM avec OptiMSM - 240 g\u00e9lules . Winkel bij Eco Supplements altijd gratis verzending boven 100\u20ac\",\"breadcrumb\":{\"@id\":\"https:\\\/\\\/ecosupplements.be\\\/fr\\\/produit\\\/glucosamine-chondroitine-msm-avec-optimsm-240-gelules\\\/#breadcrumb\"},\"inLanguage\":\"fr-FR\",\"potentialAction\":[{\"@type\":\"ReadAction\",\"target\":[\"https:\\\/\\\/ecosupplements.be\\\/fr\\\/produit\\\/glucosamine-chondroitine-msm-avec-optimsm-240-gelules\\\/\"]}]},{\"@type\":\"ImageObject\",\"inLanguage\":\"fr-FR\",\"@id\":\"https:\\\/\\\/ecosupplements.be\\\/fr\\\/produit\\\/glucosamine-chondroitine-msm-avec-optimsm-240-gelules\\\/#primaryimage\",\"url\":\"https:\\\/\\\/ecosupplements.be\\\/wp-content\\\/uploads\\\/2025\\\/08\\\/Doctors-Best-Glucosamine-Chondroitin-MSM-with-OptiMSM-240-caps-1.jpg\",\"contentUrl\":\"https:\\\/\\\/ecosupplements.be\\\/wp-content\\\/uploads\\\/2025\\\/08\\\/Doctors-Best-Glucosamine-Chondroitin-MSM-with-OptiMSM-240-caps-1.jpg\",\"width\":750,\"height\":750},{\"@type\":\"BreadcrumbList\",\"@id\":\"https:\\\/\\\/ecosupplements.be\\\/fr\\\/produit\\\/glucosamine-chondroitine-msm-avec-optimsm-240-gelules\\\/#breadcrumb\",\"itemListElement\":[{\"@type\":\"ListItem\",\"position\":1,\"name\":\"Home\",\"item\":\"https:\\\/\\\/ecosupplements.be\\\/fr\\\/\"},{\"@type\":\"ListItem\",\"position\":2,\"name\":\"Boutique\",\"item\":\"https:\\\/\\\/ecosupplements.be\\\/fr\\\/boutique\\\/\"},{\"@type\":\"ListItem\",\"position\":3,\"name\":\"Glucosamine Chondro\u00eftine MSM avec OptiMSM &#8211; 240 g\u00e9lules\"}]},{\"@type\":\"WebSite\",\"@id\":\"https:\\\/\\\/ecosupplements.be\\\/fr\\\/#website\",\"url\":\"https:\\\/\\\/ecosupplements.be\\\/fr\\\/\",\"name\":\"ECO Supplements\",\"description\":\"Eco Supplements - Gezonde supplementen\",\"publisher\":{\"@id\":\"https:\\\/\\\/ecosupplements.be\\\/fr\\\/#organization\"},\"potentialAction\":[{\"@type\":\"SearchAction\",\"target\":{\"@type\":\"EntryPoint\",\"urlTemplate\":\"https:\\\/\\\/ecosupplements.be\\\/fr\\\/?s={search_term_string}\"},\"query-input\":{\"@type\":\"PropertyValueSpecification\",\"valueRequired\":true,\"valueName\":\"search_term_string\"}}],\"inLanguage\":\"fr-FR\"},{\"@type\":\"Organization\",\"@id\":\"https:\\\/\\\/ecosupplements.be\\\/fr\\\/#organization\",\"name\":\"Eco Supplements\",\"url\":\"https:\\\/\\\/ecosupplements.be\\\/fr\\\/\",\"logo\":{\"@type\":\"ImageObject\",\"inLanguage\":\"fr-FR\",\"@id\":\"https:\\\/\\\/ecosupplements.be\\\/fr\\\/#\\\/schema\\\/logo\\\/image\\\/\",\"url\":\"https:\\\/\\\/ecosupplements.be\\\/wp-content\\\/uploads\\\/2022\\\/06\\\/ecosupplement-family.png\",\"contentUrl\":\"https:\\\/\\\/ecosupplements.be\\\/wp-content\\\/uploads\\\/2022\\\/06\\\/ecosupplement-family.png\",\"width\":593,\"height\":374,\"caption\":\"Eco Supplements\"},\"image\":{\"@id\":\"https:\\\/\\\/ecosupplements.be\\\/fr\\\/#\\\/schema\\\/logo\\\/image\\\/\"}}]}<\/script>\n<meta property=\"product:brand\" content=\"Doctor&#039;s Best\" \/>\n<meta property=\"product:price:amount\" content=\"49.82\" \/>\n<meta property=\"product:price:currency\" content=\"EUR\" \/>\n<meta property=\"og:availability\" content=\"instock\" \/>\n<meta property=\"product:availability\" content=\"instock\" \/>\n<meta property=\"product:retailer_item_id\" content=\"753950000810\" \/>\n<meta property=\"product:condition\" content=\"new\" \/>\n<!-- \/ Yoast SEO Premium plugin. -->","yoast_head_json":{"title":"Glucosamine Chondro\u00eftine MSM avec OptiMSM - 240 g\u00e9lules - ECO Supplements","description":"Wij hebben een ruime keuze aan producten van Glucosamine Chondro\u00eftine MSM avec OptiMSM - 240 g\u00e9lules . Winkel bij Eco Supplements altijd gratis verzending boven 100\u20ac","robots":{"index":"index","follow":"follow","max-snippet":"max-snippet:-1","max-image-preview":"max-image-preview:large","max-video-preview":"max-video-preview:-1"},"canonical":"https:\/\/ecosupplements.be\/fr\/produit\/glucosamine-chondroitine-msm-avec-optimsm-240-gelules\/","og_locale":"fr_FR","og_type":"article","og_title":"Glucosamine Chondro\u00eftine MSM avec OptiMSM - 240 g\u00e9lules","og_description":"Wij hebben een ruime keuze aan producten van Glucosamine Chondro\u00eftine MSM avec OptiMSM - 240 g\u00e9lules . Winkel bij Eco Supplements altijd gratis verzending boven 100\u20ac","og_url":"https:\/\/ecosupplements.be\/fr\/produit\/glucosamine-chondroitine-msm-avec-optimsm-240-gelules\/","og_site_name":"ECO Supplements","article_modified_time":"2025-08-27T09:02:05+00:00","og_image":[{"width":750,"height":750,"url":"https:\/\/ecosupplements.be\/wp-content\/uploads\/2025\/08\/Doctors-Best-Glucosamine-Chondroitin-MSM-with-OptiMSM-240-caps-1.jpg","type":"image\/jpeg"}],"twitter_card":"summary_large_image","twitter_misc":{"Prix":"49.82&nbsp;&euro;","Disponibilit\u00e9":"En stock"},"schema":{"@context":"https:\/\/schema.org","@graph":[{"@type":["WebPage","ItemPage"],"@id":"https:\/\/ecosupplements.be\/fr\/produit\/glucosamine-chondroitine-msm-avec-optimsm-240-gelules\/","url":"https:\/\/ecosupplements.be\/fr\/produit\/glucosamine-chondroitine-msm-avec-optimsm-240-gelules\/","name":"Glucosamine Chondro\u00eftine MSM avec OptiMSM - 240 g\u00e9lules - ECO Supplements","isPartOf":{"@id":"https:\/\/ecosupplements.be\/fr\/#website"},"primaryImageOfPage":{"@id":"https:\/\/ecosupplements.be\/fr\/produit\/glucosamine-chondroitine-msm-avec-optimsm-240-gelules\/#primaryimage"},"image":{"@id":"https:\/\/ecosupplements.be\/fr\/produit\/glucosamine-chondroitine-msm-avec-optimsm-240-gelules\/#primaryimage"},"thumbnailUrl":"https:\/\/ecosupplements.be\/wp-content\/uploads\/2025\/08\/Doctors-Best-Glucosamine-Chondroitin-MSM-with-OptiMSM-240-caps-1.jpg","datePublished":"2022-06-29T07:16:27+00:00","dateModified":"2025-08-27T09:02:05+00:00","description":"Wij hebben een ruime keuze aan producten van Glucosamine Chondro\u00eftine MSM avec OptiMSM - 240 g\u00e9lules . Winkel bij Eco Supplements altijd gratis verzending boven 100\u20ac","breadcrumb":{"@id":"https:\/\/ecosupplements.be\/fr\/produit\/glucosamine-chondroitine-msm-avec-optimsm-240-gelules\/#breadcrumb"},"inLanguage":"fr-FR","potentialAction":[{"@type":"ReadAction","target":["https:\/\/ecosupplements.be\/fr\/produit\/glucosamine-chondroitine-msm-avec-optimsm-240-gelules\/"]}]},{"@type":"ImageObject","inLanguage":"fr-FR","@id":"https:\/\/ecosupplements.be\/fr\/produit\/glucosamine-chondroitine-msm-avec-optimsm-240-gelules\/#primaryimage","url":"https:\/\/ecosupplements.be\/wp-content\/uploads\/2025\/08\/Doctors-Best-Glucosamine-Chondroitin-MSM-with-OptiMSM-240-caps-1.jpg","contentUrl":"https:\/\/ecosupplements.be\/wp-content\/uploads\/2025\/08\/Doctors-Best-Glucosamine-Chondroitin-MSM-with-OptiMSM-240-caps-1.jpg","width":750,"height":750},{"@type":"BreadcrumbList","@id":"https:\/\/ecosupplements.be\/fr\/produit\/glucosamine-chondroitine-msm-avec-optimsm-240-gelules\/#breadcrumb","itemListElement":[{"@type":"ListItem","position":1,"name":"Home","item":"https:\/\/ecosupplements.be\/fr\/"},{"@type":"ListItem","position":2,"name":"Boutique","item":"https:\/\/ecosupplements.be\/fr\/boutique\/"},{"@type":"ListItem","position":3,"name":"Glucosamine Chondro\u00eftine MSM avec OptiMSM &#8211; 240 g\u00e9lules"}]},{"@type":"WebSite","@id":"https:\/\/ecosupplements.be\/fr\/#website","url":"https:\/\/ecosupplements.be\/fr\/","name":"ECO Supplements","description":"Eco Supplements - Gezonde supplementen","publisher":{"@id":"https:\/\/ecosupplements.be\/fr\/#organization"},"potentialAction":[{"@type":"SearchAction","target":{"@type":"EntryPoint","urlTemplate":"https:\/\/ecosupplements.be\/fr\/?s={search_term_string}"},"query-input":{"@type":"PropertyValueSpecification","valueRequired":true,"valueName":"search_term_string"}}],"inLanguage":"fr-FR"},{"@type":"Organization","@id":"https:\/\/ecosupplements.be\/fr\/#organization","name":"Eco Supplements","url":"https:\/\/ecosupplements.be\/fr\/","logo":{"@type":"ImageObject","inLanguage":"fr-FR","@id":"https:\/\/ecosupplements.be\/fr\/#\/schema\/logo\/image\/","url":"https:\/\/ecosupplements.be\/wp-content\/uploads\/2022\/06\/ecosupplement-family.png","contentUrl":"https:\/\/ecosupplements.be\/wp-content\/uploads\/2022\/06\/ecosupplement-family.png","width":593,"height":374,"caption":"Eco Supplements"},"image":{"@id":"https:\/\/ecosupplements.be\/fr\/#\/schema\/logo\/image\/"}}]},"product_brand":"Doctor's Best","product_price_amount":"49.82","product_price_currency":"EUR","og_availability":"instock","product_availability":"instock","product_retailer_item_id":"753950000810","product_condition":"new"},"_links":{"self":[{"href":"https:\/\/ecosupplements.be\/fr\/wp-json\/wp\/v2\/product\/280098","targetHints":{"allow":["GET"]}}],"collection":[{"href":"https:\/\/ecosupplements.be\/fr\/wp-json\/wp\/v2\/product"}],"about":[{"href":"https:\/\/ecosupplements.be\/fr\/wp-json\/wp\/v2\/types\/product"}],"replies":[{"embeddable":true,"href":"https:\/\/ecosupplements.be\/fr\/wp-json\/wp\/v2\/comments?post=280098"}],"wp:featuredmedia":[{"embeddable":true,"href":"https:\/\/ecosupplements.be\/fr\/wp-json\/wp\/v2\/media\/240143"}],"wp:attachment":[{"href":"https:\/\/ecosupplements.be\/fr\/wp-json\/wp\/v2\/media?parent=280098"}],"wp:term":[{"taxonomy":"product_brand","embeddable":true,"href":"https:\/\/ecosupplements.be\/fr\/wp-json\/wp\/v2\/product_brand?post=280098"},{"taxonomy":"product_cat","embeddable":true,"href":"https:\/\/ecosupplements.be\/fr\/wp-json\/wp\/v2\/product_cat?post=280098"},{"taxonomy":"product_tag","embeddable":true,"href":"https:\/\/ecosupplements.be\/fr\/wp-json\/wp\/v2\/product_tag?post=280098"}],"curies":[{"name":"wp","href":"https:\/\/api.w.org\/{rel}","templated":true}]}}