{"id":280176,"date":"2022-06-28T10:02:33","date_gmt":"2022-06-28T09:02:33","guid":{"rendered":"https:\/\/ecosupplements.be\/product\/arthromax-elite-30-comprimes-vegetariens\/"},"modified":"2025-08-27T10:07:25","modified_gmt":"2025-08-27T09:07:25","slug":"arthromax-elite-30-comprimes-vegetariens","status":"publish","type":"product","link":"https:\/\/ecosupplements.be\/fr\/produit\/arthromax-elite-30-comprimes-vegetariens\/","title":{"rendered":"ArthroMax Elite &#8211; 30 comprim\u00e9s v\u00e9g\u00e9tariens"},"content":{"rendered":"<h1 style=\"text-align: center;\">Life Extension &#8211; ArthroMax Elite<\/h1>\n<h3 style=\"text-align: center;\">Formule Mobile-Ease pour les articulations et le cartilage<\/h3>\n<p>L&#8217;inflammation joue un r\u00f4le important dans le confort des articulations et la sant\u00e9 du tissu conjonctif. ArthroMax Elite est notre formule de sant\u00e9 articulaire la plus avanc\u00e9e. Elle combine trois extraits botaniques qui favorisent une r\u00e9ponse inflammatoire saine dans vos articulations, soutiennent un tissu cartilagineux sain et encouragent une fonction articulaire facile et confortable.<br \/>\nLes avantages en un coup d&#8217;\u0153il :<br \/>\nFormule pour la sant\u00e9 des articulations nouvellement reformul\u00e9e, \u00e0 prendre une fois par jour<br \/>\nMaintenant avec 650 mg de m\u00e9lange botanique exclusif<br \/>\nSoutien de phytonutriments \u00e0 triple action pour le confort des articulations<br \/>\nInhibe les facteurs pro-inflammatoires dans vos articulations<br \/>\nAide \u00e0 soutenir et \u00e0 maintenir des niveaux de cartilage sains<br \/>\nArthroMax Elite est le seul endroit o\u00f9 vous trouverez ces trois ingr\u00e9dients botaniques dans un seul suppl\u00e9ment. Aidez \u00e0 maintenir des niveaux jeunes de cartilage articulaire sain et \u00e0 promouvoir une r\u00e9ponse inflammatoire saine dans vos articulations avec ArthroMax Elite !<br \/>\nPlus de faits sur ArthroMax Elite<br \/>\nL&#8217;inflammation peut affecter la sant\u00e9 du cartilage de vos articulations \u00e0 mesure que vous vieillissez. Et alors qu&#8217;il existe de nombreux compl\u00e9ments alimentaires qui soutiennent la sant\u00e9 des os, tr\u00e8s peu fournissent un soutien nutritionnel puissant pour un cartilage articulaire sain et confortable.<br \/>\nArthroMax Elite combine trois extraits de plantes puissants qui agissent ensemble pour promouvoir une r\u00e9ponse inflammatoire saine dans vos articulations, ainsi que pour soutenir des niveaux de cartilage sains dans vos articulations \u00e0 fort impact et dans le tissu conjonctif :<br \/>\nExtrait de scutellaire chinoise (Scutellaria baicalensis)<br \/>\nL&#8217;extrait de S. baicalensis contient un compos\u00e9 appel\u00e9 baicaline qui aide \u00e0 inhiber les facteurs inflammatoires pouvant affecter la sant\u00e9 des articulations et, par cons\u00e9quent, la libert\u00e9 de mouvement. Dans une \u00e9tude mesur\u00e9e \u00e0 30, 60 et 90 jours, les participants ont indiqu\u00e9 que le S. baicalensis combin\u00e9 \u00e0 l&#8217;extrait d&#8217;A. catechu produisait une am\u00e9lioration significative du confort et de la facilit\u00e9 de mouvement par rapport au placebo.<br \/>\nExtrait de m\u00fbrier blanc (Morus alba)<br \/>\nL&#8217;extrait de m\u00fbre blanche favorise la sant\u00e9 du cartilage, soutient la jeunesse du cartilage articulaire et aide \u00e0 inhiber les facteurs inflammatoires dans les tissus articulaires. Des \u00e9tudes sur les animaux montrent que les effets b\u00e9n\u00e9fiques \u00e9taient renforc\u00e9s lorsque la m\u00fbre blanche \u00e9tait combin\u00e9e \u00e0 un extrait d&#8217;A. catechu (arbre de Cutch).<br \/>\nLa recherche indique \u00e9galement que les sujets prenant du m\u00fbrier blanc et de l&#8217;A. catechu ensemble connaissent une baisse d&#8217;un biomarqueur sp\u00e9cifique appel\u00e9 t\u00e9lopeptide C du collag\u00e8ne de type II urinaire (uCTX-II), ce qui est important car des niveaux plus faibles de ce compos\u00e9 sont un indicateur d&#8217;un maintien sain du cartilage.<br \/>\nExtrait d&#8217;h\u00e9v\u00e9a (Acacia catechu)<br \/>\nL&#8217;extrait de bois de c\u0153ur de houblon (A. catechu) favorise la sant\u00e9 des articulations et des tissus conjonctifs de diverses mani\u00e8res &#8211; et est encore plus puissant lorsqu&#8217;il est associ\u00e9 aux deux autres extraits de notre formule articulaire \u00e0 base de plantes ArthroMax.<br \/>\nAssoci\u00e9 \u00e0 S. baicalensis, ce puissant extrait favorise le confort des articulations, l&#8217;aisance des mouvements, et a aid\u00e9 \u00e0 promouvoir une r\u00e9ponse inflammatoire saine. Associ\u00e9 \u00e0 l&#8217;extrait de M. alba, A. catechu a contribu\u00e9 \u00e0 inhiber les enzymes 5-LOX et COX, des facteurs pro-inflammatoires qui peuvent affecter la sant\u00e9 des articulations.<br \/>\nDes articulations saines, des mouvements confortables<br \/>\nInhibez l&#8217;inflammation et soutenez la sant\u00e9 du cartilage articulaire avec ArthroMax Elite. Essayez d\u00e8s aujourd&#8217;hui ce compl\u00e9ment exclusif de soutien \u00e0 la sant\u00e9 des articulations et du cartilage !<\/p>\n<p><img decoding=\"async\" src=\"https:\/\/ecosupplements.be\/wp-content\/uploads\/2025\/08\/non-gmo-1.png\" title=\"Non-OGM\" alt=\"Non-GMO\"><\/p>\n","protected":false},"excerpt":{"rendered":"<p>Life Extension &#8211; ArthroMax Elite Formule Mobile-Ease pour les articulations et le cartilage L&#8217;inflammation joue un r\u00f4le important dans le confort des articulations et la sant\u00e9 du tissu conjonctif. ArthroMax Elite est notre formule de sant\u00e9 articulaire la plus avanc\u00e9e. Elle combine trois extraits botaniques qui favorisent une r\u00e9ponse inflammatoire saine dans vos articulations, soutiennent [&#8230;]\n","protected":false},"featured_media":240586,"comment_status":"open","ping_status":"open","template":"","meta":[],"product_brand":[4723],"product_cat":[5052,5083,5085],"product_tag":[5069],"class_list":{"0":"post-280176","1":"product","2":"type-product","3":"status-publish","4":"has-post-thumbnail","6":"product_brand-life-extension-2","7":"product_cat-sante-et-bien-etre","8":"product_cat-soutien-aux-articulations","9":"product_cat-soutien-pour-les-articulations","10":"product_tag-topeco-2","12":"first","13":"instock","14":"taxable","15":"shipping-taxable","16":"purchasable","17":"product-type-simple"},"yoast_head":"<!-- This site is optimized with the Yoast SEO Premium plugin v27.5 (Yoast SEO v27.5) - https:\/\/yoast.com\/product\/yoast-seo-premium-wordpress\/ -->\n<title>ArthroMax Elite - 30 comprim\u00e9s v\u00e9g\u00e9tariens - ECO Supplements<\/title>\n<meta name=\"description\" content=\"Wij hebben een ruime keuze aan producten van ArthroMax Elite - 30 comprim\u00e9s v\u00e9g\u00e9tariens . Winkel bij Eco Supplements altijd gratis verzending boven 100\u20ac\" \/>\n<meta name=\"robots\" content=\"index, follow, max-snippet:-1, max-image-preview:large, max-video-preview:-1\" \/>\n<link rel=\"canonical\" href=\"https:\/\/ecosupplements.be\/fr\/produit\/arthromax-elite-30-comprimes-vegetariens\/\" \/>\n<meta property=\"og:locale\" content=\"fr_FR\" \/>\n<meta property=\"og:type\" content=\"article\" \/>\n<meta property=\"og:title\" content=\"ArthroMax Elite - 30 comprim\u00e9s v\u00e9g\u00e9tariens\" \/>\n<meta property=\"og:description\" content=\"Wij hebben een ruime keuze aan producten van ArthroMax Elite - 30 comprim\u00e9s v\u00e9g\u00e9tariens . Winkel bij Eco Supplements altijd gratis verzending boven 100\u20ac\" \/>\n<meta property=\"og:url\" content=\"https:\/\/ecosupplements.be\/fr\/produit\/arthromax-elite-30-comprimes-vegetariens\/\" \/>\n<meta property=\"og:site_name\" content=\"ECO Supplements\" \/>\n<meta property=\"article:modified_time\" content=\"2025-08-27T09:07:25+00:00\" \/>\n<meta property=\"og:image\" content=\"https:\/\/ecosupplements.be\/wp-content\/uploads\/2025\/08\/Life-Extension-ArthroMax-Elite-30-vegetarian-tabs-1.jpg\" \/>\n\t<meta property=\"og:image:width\" content=\"750\" \/>\n\t<meta property=\"og:image:height\" content=\"750\" \/>\n\t<meta property=\"og:image:type\" content=\"image\/jpeg\" \/>\n<meta name=\"twitter:card\" content=\"summary_large_image\" \/>\n<meta name=\"twitter:label1\" content=\"Prix\" \/>\n\t<meta name=\"twitter:data1\" content=\"30.04&nbsp;&euro;\" \/>\n\t<meta name=\"twitter:label2\" content=\"Disponibilit\u00e9\" \/>\n\t<meta name=\"twitter:data2\" content=\"En stock\" \/>\n<script type=\"application\/ld+json\" class=\"yoast-schema-graph\">{\"@context\":\"https:\\\/\\\/schema.org\",\"@graph\":[{\"@type\":[\"WebPage\",\"ItemPage\"],\"@id\":\"https:\\\/\\\/ecosupplements.be\\\/fr\\\/produit\\\/arthromax-elite-30-comprimes-vegetariens\\\/\",\"url\":\"https:\\\/\\\/ecosupplements.be\\\/fr\\\/produit\\\/arthromax-elite-30-comprimes-vegetariens\\\/\",\"name\":\"ArthroMax Elite - 30 comprim\u00e9s v\u00e9g\u00e9tariens - ECO Supplements\",\"isPartOf\":{\"@id\":\"https:\\\/\\\/ecosupplements.be\\\/fr\\\/#website\"},\"primaryImageOfPage\":{\"@id\":\"https:\\\/\\\/ecosupplements.be\\\/fr\\\/produit\\\/arthromax-elite-30-comprimes-vegetariens\\\/#primaryimage\"},\"image\":{\"@id\":\"https:\\\/\\\/ecosupplements.be\\\/fr\\\/produit\\\/arthromax-elite-30-comprimes-vegetariens\\\/#primaryimage\"},\"thumbnailUrl\":\"https:\\\/\\\/ecosupplements.be\\\/wp-content\\\/uploads\\\/2025\\\/08\\\/Life-Extension-ArthroMax-Elite-30-vegetarian-tabs-1.jpg\",\"datePublished\":\"2022-06-28T09:02:33+00:00\",\"dateModified\":\"2025-08-27T09:07:25+00:00\",\"description\":\"Wij hebben een ruime keuze aan producten van ArthroMax Elite - 30 comprim\u00e9s v\u00e9g\u00e9tariens . Winkel bij Eco Supplements altijd gratis verzending boven 100\u20ac\",\"breadcrumb\":{\"@id\":\"https:\\\/\\\/ecosupplements.be\\\/fr\\\/produit\\\/arthromax-elite-30-comprimes-vegetariens\\\/#breadcrumb\"},\"inLanguage\":\"fr-FR\",\"potentialAction\":[{\"@type\":\"ReadAction\",\"target\":[\"https:\\\/\\\/ecosupplements.be\\\/fr\\\/produit\\\/arthromax-elite-30-comprimes-vegetariens\\\/\"]}]},{\"@type\":\"ImageObject\",\"inLanguage\":\"fr-FR\",\"@id\":\"https:\\\/\\\/ecosupplements.be\\\/fr\\\/produit\\\/arthromax-elite-30-comprimes-vegetariens\\\/#primaryimage\",\"url\":\"https:\\\/\\\/ecosupplements.be\\\/wp-content\\\/uploads\\\/2025\\\/08\\\/Life-Extension-ArthroMax-Elite-30-vegetarian-tabs-1.jpg\",\"contentUrl\":\"https:\\\/\\\/ecosupplements.be\\\/wp-content\\\/uploads\\\/2025\\\/08\\\/Life-Extension-ArthroMax-Elite-30-vegetarian-tabs-1.jpg\",\"width\":750,\"height\":750},{\"@type\":\"BreadcrumbList\",\"@id\":\"https:\\\/\\\/ecosupplements.be\\\/fr\\\/produit\\\/arthromax-elite-30-comprimes-vegetariens\\\/#breadcrumb\",\"itemListElement\":[{\"@type\":\"ListItem\",\"position\":1,\"name\":\"Home\",\"item\":\"https:\\\/\\\/ecosupplements.be\\\/fr\\\/\"},{\"@type\":\"ListItem\",\"position\":2,\"name\":\"Boutique\",\"item\":\"https:\\\/\\\/ecosupplements.be\\\/fr\\\/boutique\\\/\"},{\"@type\":\"ListItem\",\"position\":3,\"name\":\"ArthroMax Elite &#8211; 30 comprim\u00e9s v\u00e9g\u00e9tariens\"}]},{\"@type\":\"WebSite\",\"@id\":\"https:\\\/\\\/ecosupplements.be\\\/fr\\\/#website\",\"url\":\"https:\\\/\\\/ecosupplements.be\\\/fr\\\/\",\"name\":\"ECO Supplements\",\"description\":\"Eco Supplements - Gezonde supplementen\",\"publisher\":{\"@id\":\"https:\\\/\\\/ecosupplements.be\\\/fr\\\/#organization\"},\"potentialAction\":[{\"@type\":\"SearchAction\",\"target\":{\"@type\":\"EntryPoint\",\"urlTemplate\":\"https:\\\/\\\/ecosupplements.be\\\/fr\\\/?s={search_term_string}\"},\"query-input\":{\"@type\":\"PropertyValueSpecification\",\"valueRequired\":true,\"valueName\":\"search_term_string\"}}],\"inLanguage\":\"fr-FR\"},{\"@type\":\"Organization\",\"@id\":\"https:\\\/\\\/ecosupplements.be\\\/fr\\\/#organization\",\"name\":\"Eco Supplements\",\"url\":\"https:\\\/\\\/ecosupplements.be\\\/fr\\\/\",\"logo\":{\"@type\":\"ImageObject\",\"inLanguage\":\"fr-FR\",\"@id\":\"https:\\\/\\\/ecosupplements.be\\\/fr\\\/#\\\/schema\\\/logo\\\/image\\\/\",\"url\":\"https:\\\/\\\/ecosupplements.be\\\/wp-content\\\/uploads\\\/2022\\\/06\\\/ecosupplement-family.png\",\"contentUrl\":\"https:\\\/\\\/ecosupplements.be\\\/wp-content\\\/uploads\\\/2022\\\/06\\\/ecosupplement-family.png\",\"width\":593,\"height\":374,\"caption\":\"Eco Supplements\"},\"image\":{\"@id\":\"https:\\\/\\\/ecosupplements.be\\\/fr\\\/#\\\/schema\\\/logo\\\/image\\\/\"}}]}<\/script>\n<meta property=\"product:brand\" content=\"Life Extension\" \/>\n<meta property=\"product:price:amount\" content=\"30.04\" \/>\n<meta property=\"product:price:currency\" content=\"EUR\" \/>\n<meta property=\"og:availability\" content=\"instock\" \/>\n<meta property=\"product:availability\" content=\"instock\" \/>\n<meta property=\"product:retailer_item_id\" content=\"737870213833\" \/>\n<meta property=\"product:condition\" content=\"new\" \/>\n<!-- \/ Yoast SEO Premium plugin. -->","yoast_head_json":{"title":"ArthroMax Elite - 30 comprim\u00e9s v\u00e9g\u00e9tariens - ECO Supplements","description":"Wij hebben een ruime keuze aan producten van ArthroMax Elite - 30 comprim\u00e9s v\u00e9g\u00e9tariens . Winkel bij Eco Supplements altijd gratis verzending boven 100\u20ac","robots":{"index":"index","follow":"follow","max-snippet":"max-snippet:-1","max-image-preview":"max-image-preview:large","max-video-preview":"max-video-preview:-1"},"canonical":"https:\/\/ecosupplements.be\/fr\/produit\/arthromax-elite-30-comprimes-vegetariens\/","og_locale":"fr_FR","og_type":"article","og_title":"ArthroMax Elite - 30 comprim\u00e9s v\u00e9g\u00e9tariens","og_description":"Wij hebben een ruime keuze aan producten van ArthroMax Elite - 30 comprim\u00e9s v\u00e9g\u00e9tariens . Winkel bij Eco Supplements altijd gratis verzending boven 100\u20ac","og_url":"https:\/\/ecosupplements.be\/fr\/produit\/arthromax-elite-30-comprimes-vegetariens\/","og_site_name":"ECO Supplements","article_modified_time":"2025-08-27T09:07:25+00:00","og_image":[{"width":750,"height":750,"url":"https:\/\/ecosupplements.be\/wp-content\/uploads\/2025\/08\/Life-Extension-ArthroMax-Elite-30-vegetarian-tabs-1.jpg","type":"image\/jpeg"}],"twitter_card":"summary_large_image","twitter_misc":{"Prix":"30.04&nbsp;&euro;","Disponibilit\u00e9":"En stock"},"schema":{"@context":"https:\/\/schema.org","@graph":[{"@type":["WebPage","ItemPage"],"@id":"https:\/\/ecosupplements.be\/fr\/produit\/arthromax-elite-30-comprimes-vegetariens\/","url":"https:\/\/ecosupplements.be\/fr\/produit\/arthromax-elite-30-comprimes-vegetariens\/","name":"ArthroMax Elite - 30 comprim\u00e9s v\u00e9g\u00e9tariens - ECO Supplements","isPartOf":{"@id":"https:\/\/ecosupplements.be\/fr\/#website"},"primaryImageOfPage":{"@id":"https:\/\/ecosupplements.be\/fr\/produit\/arthromax-elite-30-comprimes-vegetariens\/#primaryimage"},"image":{"@id":"https:\/\/ecosupplements.be\/fr\/produit\/arthromax-elite-30-comprimes-vegetariens\/#primaryimage"},"thumbnailUrl":"https:\/\/ecosupplements.be\/wp-content\/uploads\/2025\/08\/Life-Extension-ArthroMax-Elite-30-vegetarian-tabs-1.jpg","datePublished":"2022-06-28T09:02:33+00:00","dateModified":"2025-08-27T09:07:25+00:00","description":"Wij hebben een ruime keuze aan producten van ArthroMax Elite - 30 comprim\u00e9s v\u00e9g\u00e9tariens . Winkel bij Eco Supplements altijd gratis verzending boven 100\u20ac","breadcrumb":{"@id":"https:\/\/ecosupplements.be\/fr\/produit\/arthromax-elite-30-comprimes-vegetariens\/#breadcrumb"},"inLanguage":"fr-FR","potentialAction":[{"@type":"ReadAction","target":["https:\/\/ecosupplements.be\/fr\/produit\/arthromax-elite-30-comprimes-vegetariens\/"]}]},{"@type":"ImageObject","inLanguage":"fr-FR","@id":"https:\/\/ecosupplements.be\/fr\/produit\/arthromax-elite-30-comprimes-vegetariens\/#primaryimage","url":"https:\/\/ecosupplements.be\/wp-content\/uploads\/2025\/08\/Life-Extension-ArthroMax-Elite-30-vegetarian-tabs-1.jpg","contentUrl":"https:\/\/ecosupplements.be\/wp-content\/uploads\/2025\/08\/Life-Extension-ArthroMax-Elite-30-vegetarian-tabs-1.jpg","width":750,"height":750},{"@type":"BreadcrumbList","@id":"https:\/\/ecosupplements.be\/fr\/produit\/arthromax-elite-30-comprimes-vegetariens\/#breadcrumb","itemListElement":[{"@type":"ListItem","position":1,"name":"Home","item":"https:\/\/ecosupplements.be\/fr\/"},{"@type":"ListItem","position":2,"name":"Boutique","item":"https:\/\/ecosupplements.be\/fr\/boutique\/"},{"@type":"ListItem","position":3,"name":"ArthroMax Elite &#8211; 30 comprim\u00e9s v\u00e9g\u00e9tariens"}]},{"@type":"WebSite","@id":"https:\/\/ecosupplements.be\/fr\/#website","url":"https:\/\/ecosupplements.be\/fr\/","name":"ECO Supplements","description":"Eco Supplements - Gezonde supplementen","publisher":{"@id":"https:\/\/ecosupplements.be\/fr\/#organization"},"potentialAction":[{"@type":"SearchAction","target":{"@type":"EntryPoint","urlTemplate":"https:\/\/ecosupplements.be\/fr\/?s={search_term_string}"},"query-input":{"@type":"PropertyValueSpecification","valueRequired":true,"valueName":"search_term_string"}}],"inLanguage":"fr-FR"},{"@type":"Organization","@id":"https:\/\/ecosupplements.be\/fr\/#organization","name":"Eco Supplements","url":"https:\/\/ecosupplements.be\/fr\/","logo":{"@type":"ImageObject","inLanguage":"fr-FR","@id":"https:\/\/ecosupplements.be\/fr\/#\/schema\/logo\/image\/","url":"https:\/\/ecosupplements.be\/wp-content\/uploads\/2022\/06\/ecosupplement-family.png","contentUrl":"https:\/\/ecosupplements.be\/wp-content\/uploads\/2022\/06\/ecosupplement-family.png","width":593,"height":374,"caption":"Eco Supplements"},"image":{"@id":"https:\/\/ecosupplements.be\/fr\/#\/schema\/logo\/image\/"}}]},"product_brand":"Life Extension","product_price_amount":"30.04","product_price_currency":"EUR","og_availability":"instock","product_availability":"instock","product_retailer_item_id":"737870213833","product_condition":"new"},"_links":{"self":[{"href":"https:\/\/ecosupplements.be\/fr\/wp-json\/wp\/v2\/product\/280176","targetHints":{"allow":["GET"]}}],"collection":[{"href":"https:\/\/ecosupplements.be\/fr\/wp-json\/wp\/v2\/product"}],"about":[{"href":"https:\/\/ecosupplements.be\/fr\/wp-json\/wp\/v2\/types\/product"}],"replies":[{"embeddable":true,"href":"https:\/\/ecosupplements.be\/fr\/wp-json\/wp\/v2\/comments?post=280176"}],"wp:featuredmedia":[{"embeddable":true,"href":"https:\/\/ecosupplements.be\/fr\/wp-json\/wp\/v2\/media\/240586"}],"wp:attachment":[{"href":"https:\/\/ecosupplements.be\/fr\/wp-json\/wp\/v2\/media?parent=280176"}],"wp:term":[{"taxonomy":"product_brand","embeddable":true,"href":"https:\/\/ecosupplements.be\/fr\/wp-json\/wp\/v2\/product_brand?post=280176"},{"taxonomy":"product_cat","embeddable":true,"href":"https:\/\/ecosupplements.be\/fr\/wp-json\/wp\/v2\/product_cat?post=280176"},{"taxonomy":"product_tag","embeddable":true,"href":"https:\/\/ecosupplements.be\/fr\/wp-json\/wp\/v2\/product_tag?post=280176"}],"curies":[{"name":"wp","href":"https:\/\/api.w.org\/{rel}","templated":true}]}}