{"id":280178,"date":"2022-06-28T10:02:33","date_gmt":"2022-06-28T09:02:33","guid":{"rendered":"https:\/\/ecosupplements.be\/product\/coffeegenic-extrait-de-cafe-vert-400mg-90-vcaps\/"},"modified":"2025-08-27T10:07:30","modified_gmt":"2025-08-27T09:07:30","slug":"coffeegenic-extrait-de-cafe-vert-400mg-90-vcaps","status":"publish","type":"product","link":"https:\/\/ecosupplements.be\/fr\/produit\/coffeegenic-extrait-de-cafe-vert-400mg-90-vcaps\/","title":{"rendered":"CoffeeGenic, Extrait de caf\u00e9 vert, 400mg &#8211; 90 vcaps"},"content":{"rendered":"<h1 style=\"text-align: center\">Life Extension &#8211; CoffeeGenic, extrait de caf\u00e9 vert<\/h1>\n<h3 style=\"text-align: center\">Source commode d&#8217;acide chlorog\u00e9nique<\/h3>\n<p>L&#8217;extrait de caf\u00e9 vert CoffeeGenic est un compl\u00e9ment non OGM contenant de l&#8217;acide chlorog\u00e9nique qui favorise un m\u00e9tabolisme sain de la glyc\u00e9mie et aide \u00e0 maintenir des niveaux de glucose et d&#8217;insuline d\u00e9j\u00e0 sains apr\u00e8s les repas.<\/p>\n<p>Des \u00e9tudes montrent que chez les personnes dont la glyc\u00e9mie \u00e0 jeun est normale, le maintien d&#8217;une glyc\u00e9mie saine apr\u00e8s les repas peut apporter un soutien suppl\u00e9mentaire \u00e0 la sant\u00e9 cardiovasculaire et m\u00e9tabolique. L&#8217;extrait de caf\u00e9 vert CoffeeGenic est un suppl\u00e9ment non OGM qui aide \u00e0 maintenir des niveaux de glucose et d&#8217;insuline d\u00e9j\u00e0 sains apr\u00e8s les repas.<br \/>\nLes bienfaits de l&#8217;extrait de caf\u00e9 vert proviennent de l&#8217;acide chlorog\u00e9nique, un polyph\u00e9nol pr\u00e9sent dans le grain de caf\u00e9 vert.<br \/>\nAvantages de l&#8217;extrait de caf\u00e9 vert CoffeeGenic<br \/>\nAide \u00e0 maintenir des niveaux de glucose d\u00e9j\u00e0 sains apr\u00e8s les repas<br \/>\nStandardis\u00e9 \u00e0 50% acides chlorog\u00e9niques pour fournir un soutien optimal du glucose<br \/>\nInhibe l&#8217;activit\u00e9 enzymatique pour favoriser un m\u00e9tabolisme sain du sucre sanguin<br \/>\nProduit \u00e0 partir de grains de caf\u00e9 verts pour un meilleur contenu ph\u00e9nolique<\/p>\n<p>Compl\u00e9ment alimentaire :<br \/>\nPortion : 1 Capsule V\u00e9g\u00e9tarienne<br \/>\nPortions par conteneur : 30<\/p>\n<p>Quantit\u00e9 par portion :<br \/>\nCoffeeGenic Extrait de caf\u00e9 vert (f\u00e8ve) [std \u00e0 50% acides chlorog\u00e9niques] 400 mg<\/p>\n<p>CoffeeGenic, extrait de caf\u00e9 vert Autres ingr\u00e9dients :<br \/>\nCellulose v\u00e9g\u00e9tale (capsule).<\/p>\n<p>CoffeeGenic, extrait de caf\u00e9 vert Utilisation recommand\u00e9e :<br \/>\nPrendre une (1) capsule avant chaque repas lourd, jusqu&#8217;\u00e0 trois fois par jour, ou selon les recommandations d&#8217;un professionnel de la sant\u00e9.<\/p>\n<p>Avertissements :<br \/>\nConservez-la bien ferm\u00e9e dans un endroit frais et sec.<br \/>\nTenir hors de port\u00e9e des enfants.<br \/>\nNe pas d\u00e9passer la dose recommand\u00e9e.<br \/>\nN&#8217;achetez pas si le joint ext\u00e9rieur est cass\u00e9 ou endommag\u00e9.<br \/>\nLorsque vous utilisez des compl\u00e9ments alimentaires, veuillez consulter votre m\u00e9decin si vous suivez un traitement pour un probl\u00e8me m\u00e9dical ou si vous \u00eates enceinte ou allaitante.<\/p>\n","protected":false},"excerpt":{"rendered":"<p>Life Extension &#8211; CoffeeGenic, extrait de caf\u00e9 vert Source commode d&#8217;acide chlorog\u00e9nique L&#8217;extrait de caf\u00e9 vert CoffeeGenic est un compl\u00e9ment non OGM contenant de l&#8217;acide chlorog\u00e9nique qui favorise un m\u00e9tabolisme sain de la glyc\u00e9mie et aide \u00e0 maintenir des niveaux de glucose et d&#8217;insuline d\u00e9j\u00e0 sains apr\u00e8s les repas. Des \u00e9tudes montrent que chez les [&#8230;]\n","protected":false},"featured_media":240596,"comment_status":"open","ping_status":"open","template":"","meta":[],"product_brand":[4723],"product_cat":[5048,5049,5051,5052],"product_tag":[5069],"class_list":{"0":"post-280178","1":"product","2":"type-product","3":"status-publish","4":"has-post-thumbnail","6":"product_brand-life-extension-2","7":"product_cat-aptitude","8":"product_cat-le-controle-du-poids","9":"product_cat-minceur-et-gestion-du-poids","10":"product_cat-sante-et-bien-etre","11":"product_tag-topeco-2","13":"first","14":"instock","15":"taxable","16":"shipping-taxable","17":"purchasable","18":"product-type-simple"},"yoast_head":"<!-- This site is optimized with the Yoast SEO Premium plugin v27.3 (Yoast SEO v27.3) - https:\/\/yoast.com\/product\/yoast-seo-premium-wordpress\/ -->\n<title>CoffeeGenic, Extrait de caf\u00e9 vert, 400mg - 90 vcaps - ECO Supplements<\/title>\n<meta name=\"description\" content=\"Wij hebben een ruime keuze aan producten van CoffeeGenic, Extrait de caf\u00e9 vert, 400mg - 90 vcaps . Winkel bij Eco Supplements altijd gratis verzending boven 100\u20ac\" \/>\n<meta name=\"robots\" content=\"index, follow, max-snippet:-1, max-image-preview:large, max-video-preview:-1\" \/>\n<link rel=\"canonical\" href=\"https:\/\/ecosupplements.be\/fr\/produit\/coffeegenic-extrait-de-cafe-vert-400mg-90-vcaps\/\" \/>\n<meta property=\"og:locale\" content=\"fr_FR\" \/>\n<meta property=\"og:type\" content=\"article\" \/>\n<meta property=\"og:title\" content=\"CoffeeGenic, Extrait de caf\u00e9 vert, 400mg - 90 vcaps\" \/>\n<meta property=\"og:description\" content=\"Wij hebben een ruime keuze aan producten van CoffeeGenic, Extrait de caf\u00e9 vert, 400mg - 90 vcaps . Winkel bij Eco Supplements altijd gratis verzending boven 100\u20ac\" \/>\n<meta property=\"og:url\" content=\"https:\/\/ecosupplements.be\/fr\/produit\/coffeegenic-extrait-de-cafe-vert-400mg-90-vcaps\/\" \/>\n<meta property=\"og:site_name\" content=\"ECO Supplements\" \/>\n<meta property=\"article:modified_time\" content=\"2025-08-27T09:07:30+00:00\" \/>\n<meta property=\"og:image\" content=\"https:\/\/ecosupplements.be\/wp-content\/uploads\/2025\/08\/Life-Extension-CoffeeGenic-Green-Coffee-Extract-400-mg-90-vcaps.jpg\" \/>\n\t<meta property=\"og:image:width\" content=\"750\" \/>\n\t<meta property=\"og:image:height\" content=\"750\" \/>\n\t<meta property=\"og:image:type\" content=\"image\/jpeg\" \/>\n<meta name=\"twitter:card\" content=\"summary_large_image\" \/>\n<meta name=\"twitter:label1\" content=\"Prix\" \/>\n\t<meta name=\"twitter:data1\" content=\"34.24&nbsp;&euro;\" \/>\n\t<meta name=\"twitter:label2\" content=\"Disponibilit\u00e9\" \/>\n\t<meta name=\"twitter:data2\" content=\"En stock\" \/>\n<script type=\"application\/ld+json\" class=\"yoast-schema-graph\">{\"@context\":\"https:\\\/\\\/schema.org\",\"@graph\":[{\"@type\":[\"WebPage\",\"ItemPage\"],\"@id\":\"https:\\\/\\\/ecosupplements.be\\\/fr\\\/produit\\\/coffeegenic-extrait-de-cafe-vert-400mg-90-vcaps\\\/\",\"url\":\"https:\\\/\\\/ecosupplements.be\\\/fr\\\/produit\\\/coffeegenic-extrait-de-cafe-vert-400mg-90-vcaps\\\/\",\"name\":\"CoffeeGenic, Extrait de caf\u00e9 vert, 400mg - 90 vcaps - ECO Supplements\",\"isPartOf\":{\"@id\":\"https:\\\/\\\/ecosupplements.be\\\/fr\\\/#website\"},\"primaryImageOfPage\":{\"@id\":\"https:\\\/\\\/ecosupplements.be\\\/fr\\\/produit\\\/coffeegenic-extrait-de-cafe-vert-400mg-90-vcaps\\\/#primaryimage\"},\"image\":{\"@id\":\"https:\\\/\\\/ecosupplements.be\\\/fr\\\/produit\\\/coffeegenic-extrait-de-cafe-vert-400mg-90-vcaps\\\/#primaryimage\"},\"thumbnailUrl\":\"https:\\\/\\\/ecosupplements.be\\\/wp-content\\\/uploads\\\/2025\\\/08\\\/Life-Extension-CoffeeGenic-Green-Coffee-Extract-400-mg-90-vcaps-1.jpg\",\"datePublished\":\"2022-06-28T09:02:33+00:00\",\"dateModified\":\"2025-08-27T09:07:30+00:00\",\"description\":\"Wij hebben een ruime keuze aan producten van CoffeeGenic, Extrait de caf\u00e9 vert, 400mg - 90 vcaps . Winkel bij Eco Supplements altijd gratis verzending boven 100\u20ac\",\"breadcrumb\":{\"@id\":\"https:\\\/\\\/ecosupplements.be\\\/fr\\\/produit\\\/coffeegenic-extrait-de-cafe-vert-400mg-90-vcaps\\\/#breadcrumb\"},\"inLanguage\":\"fr-FR\",\"potentialAction\":[{\"@type\":\"ReadAction\",\"target\":[\"https:\\\/\\\/ecosupplements.be\\\/fr\\\/produit\\\/coffeegenic-extrait-de-cafe-vert-400mg-90-vcaps\\\/\"]}]},{\"@type\":\"ImageObject\",\"inLanguage\":\"fr-FR\",\"@id\":\"https:\\\/\\\/ecosupplements.be\\\/fr\\\/produit\\\/coffeegenic-extrait-de-cafe-vert-400mg-90-vcaps\\\/#primaryimage\",\"url\":\"https:\\\/\\\/ecosupplements.be\\\/wp-content\\\/uploads\\\/2025\\\/08\\\/Life-Extension-CoffeeGenic-Green-Coffee-Extract-400-mg-90-vcaps-1.jpg\",\"contentUrl\":\"https:\\\/\\\/ecosupplements.be\\\/wp-content\\\/uploads\\\/2025\\\/08\\\/Life-Extension-CoffeeGenic-Green-Coffee-Extract-400-mg-90-vcaps-1.jpg\",\"width\":750,\"height\":750},{\"@type\":\"BreadcrumbList\",\"@id\":\"https:\\\/\\\/ecosupplements.be\\\/fr\\\/produit\\\/coffeegenic-extrait-de-cafe-vert-400mg-90-vcaps\\\/#breadcrumb\",\"itemListElement\":[{\"@type\":\"ListItem\",\"position\":1,\"name\":\"Home\",\"item\":\"https:\\\/\\\/ecosupplements.be\\\/fr\\\/\"},{\"@type\":\"ListItem\",\"position\":2,\"name\":\"Boutique\",\"item\":\"https:\\\/\\\/ecosupplements.be\\\/fr\\\/boutique\\\/\"},{\"@type\":\"ListItem\",\"position\":3,\"name\":\"CoffeeGenic, Extrait de caf\u00e9 vert, 400mg &#8211; 90 vcaps\"}]},{\"@type\":\"WebSite\",\"@id\":\"https:\\\/\\\/ecosupplements.be\\\/fr\\\/#website\",\"url\":\"https:\\\/\\\/ecosupplements.be\\\/fr\\\/\",\"name\":\"ECO Supplements\",\"description\":\"Eco Supplements - Gezonde supplementen\",\"publisher\":{\"@id\":\"https:\\\/\\\/ecosupplements.be\\\/fr\\\/#organization\"},\"potentialAction\":[{\"@type\":\"SearchAction\",\"target\":{\"@type\":\"EntryPoint\",\"urlTemplate\":\"https:\\\/\\\/ecosupplements.be\\\/fr\\\/?s={search_term_string}\"},\"query-input\":{\"@type\":\"PropertyValueSpecification\",\"valueRequired\":true,\"valueName\":\"search_term_string\"}}],\"inLanguage\":\"fr-FR\"},{\"@type\":\"Organization\",\"@id\":\"https:\\\/\\\/ecosupplements.be\\\/fr\\\/#organization\",\"name\":\"Eco Supplements\",\"url\":\"https:\\\/\\\/ecosupplements.be\\\/fr\\\/\",\"logo\":{\"@type\":\"ImageObject\",\"inLanguage\":\"fr-FR\",\"@id\":\"https:\\\/\\\/ecosupplements.be\\\/fr\\\/#\\\/schema\\\/logo\\\/image\\\/\",\"url\":\"https:\\\/\\\/ecosupplements.be\\\/wp-content\\\/uploads\\\/2022\\\/06\\\/ecosupplement-family.png\",\"contentUrl\":\"https:\\\/\\\/ecosupplements.be\\\/wp-content\\\/uploads\\\/2022\\\/06\\\/ecosupplement-family.png\",\"width\":593,\"height\":374,\"caption\":\"Eco Supplements\"},\"image\":{\"@id\":\"https:\\\/\\\/ecosupplements.be\\\/fr\\\/#\\\/schema\\\/logo\\\/image\\\/\"}}]}<\/script>\n<meta property=\"product:brand\" content=\"Life Extension\" \/>\n<meta property=\"product:price:amount\" content=\"34.24\" \/>\n<meta property=\"product:price:currency\" content=\"EUR\" \/>\n<meta property=\"og:availability\" content=\"instock\" \/>\n<meta property=\"product:availability\" content=\"instock\" \/>\n<meta property=\"product:retailer_item_id\" content=\"737870162094\" \/>\n<meta property=\"product:condition\" content=\"new\" \/>\n<!-- \/ Yoast SEO Premium plugin. -->","yoast_head_json":{"title":"CoffeeGenic, Extrait de caf\u00e9 vert, 400mg - 90 vcaps - ECO Supplements","description":"Wij hebben een ruime keuze aan producten van CoffeeGenic, Extrait de caf\u00e9 vert, 400mg - 90 vcaps . Winkel bij Eco Supplements altijd gratis verzending boven 100\u20ac","robots":{"index":"index","follow":"follow","max-snippet":"max-snippet:-1","max-image-preview":"max-image-preview:large","max-video-preview":"max-video-preview:-1"},"canonical":"https:\/\/ecosupplements.be\/fr\/produit\/coffeegenic-extrait-de-cafe-vert-400mg-90-vcaps\/","og_locale":"fr_FR","og_type":"article","og_title":"CoffeeGenic, Extrait de caf\u00e9 vert, 400mg - 90 vcaps","og_description":"Wij hebben een ruime keuze aan producten van CoffeeGenic, Extrait de caf\u00e9 vert, 400mg - 90 vcaps . Winkel bij Eco Supplements altijd gratis verzending boven 100\u20ac","og_url":"https:\/\/ecosupplements.be\/fr\/produit\/coffeegenic-extrait-de-cafe-vert-400mg-90-vcaps\/","og_site_name":"ECO Supplements","article_modified_time":"2025-08-27T09:07:30+00:00","og_image":[{"width":750,"height":750,"url":"https:\/\/ecosupplements.be\/wp-content\/uploads\/2025\/08\/Life-Extension-CoffeeGenic-Green-Coffee-Extract-400-mg-90-vcaps.jpg","type":"image\/jpeg"}],"twitter_card":"summary_large_image","twitter_misc":{"Prix":"34.24&nbsp;&euro;","Disponibilit\u00e9":"En stock"},"schema":{"@context":"https:\/\/schema.org","@graph":[{"@type":["WebPage","ItemPage"],"@id":"https:\/\/ecosupplements.be\/fr\/produit\/coffeegenic-extrait-de-cafe-vert-400mg-90-vcaps\/","url":"https:\/\/ecosupplements.be\/fr\/produit\/coffeegenic-extrait-de-cafe-vert-400mg-90-vcaps\/","name":"CoffeeGenic, Extrait de caf\u00e9 vert, 400mg - 90 vcaps - ECO Supplements","isPartOf":{"@id":"https:\/\/ecosupplements.be\/fr\/#website"},"primaryImageOfPage":{"@id":"https:\/\/ecosupplements.be\/fr\/produit\/coffeegenic-extrait-de-cafe-vert-400mg-90-vcaps\/#primaryimage"},"image":{"@id":"https:\/\/ecosupplements.be\/fr\/produit\/coffeegenic-extrait-de-cafe-vert-400mg-90-vcaps\/#primaryimage"},"thumbnailUrl":"https:\/\/ecosupplements.be\/wp-content\/uploads\/2025\/08\/Life-Extension-CoffeeGenic-Green-Coffee-Extract-400-mg-90-vcaps-1.jpg","datePublished":"2022-06-28T09:02:33+00:00","dateModified":"2025-08-27T09:07:30+00:00","description":"Wij hebben een ruime keuze aan producten van CoffeeGenic, Extrait de caf\u00e9 vert, 400mg - 90 vcaps . Winkel bij Eco Supplements altijd gratis verzending boven 100\u20ac","breadcrumb":{"@id":"https:\/\/ecosupplements.be\/fr\/produit\/coffeegenic-extrait-de-cafe-vert-400mg-90-vcaps\/#breadcrumb"},"inLanguage":"fr-FR","potentialAction":[{"@type":"ReadAction","target":["https:\/\/ecosupplements.be\/fr\/produit\/coffeegenic-extrait-de-cafe-vert-400mg-90-vcaps\/"]}]},{"@type":"ImageObject","inLanguage":"fr-FR","@id":"https:\/\/ecosupplements.be\/fr\/produit\/coffeegenic-extrait-de-cafe-vert-400mg-90-vcaps\/#primaryimage","url":"https:\/\/ecosupplements.be\/wp-content\/uploads\/2025\/08\/Life-Extension-CoffeeGenic-Green-Coffee-Extract-400-mg-90-vcaps-1.jpg","contentUrl":"https:\/\/ecosupplements.be\/wp-content\/uploads\/2025\/08\/Life-Extension-CoffeeGenic-Green-Coffee-Extract-400-mg-90-vcaps-1.jpg","width":750,"height":750},{"@type":"BreadcrumbList","@id":"https:\/\/ecosupplements.be\/fr\/produit\/coffeegenic-extrait-de-cafe-vert-400mg-90-vcaps\/#breadcrumb","itemListElement":[{"@type":"ListItem","position":1,"name":"Home","item":"https:\/\/ecosupplements.be\/fr\/"},{"@type":"ListItem","position":2,"name":"Boutique","item":"https:\/\/ecosupplements.be\/fr\/boutique\/"},{"@type":"ListItem","position":3,"name":"CoffeeGenic, Extrait de caf\u00e9 vert, 400mg &#8211; 90 vcaps"}]},{"@type":"WebSite","@id":"https:\/\/ecosupplements.be\/fr\/#website","url":"https:\/\/ecosupplements.be\/fr\/","name":"ECO Supplements","description":"Eco Supplements - Gezonde supplementen","publisher":{"@id":"https:\/\/ecosupplements.be\/fr\/#organization"},"potentialAction":[{"@type":"SearchAction","target":{"@type":"EntryPoint","urlTemplate":"https:\/\/ecosupplements.be\/fr\/?s={search_term_string}"},"query-input":{"@type":"PropertyValueSpecification","valueRequired":true,"valueName":"search_term_string"}}],"inLanguage":"fr-FR"},{"@type":"Organization","@id":"https:\/\/ecosupplements.be\/fr\/#organization","name":"Eco Supplements","url":"https:\/\/ecosupplements.be\/fr\/","logo":{"@type":"ImageObject","inLanguage":"fr-FR","@id":"https:\/\/ecosupplements.be\/fr\/#\/schema\/logo\/image\/","url":"https:\/\/ecosupplements.be\/wp-content\/uploads\/2022\/06\/ecosupplement-family.png","contentUrl":"https:\/\/ecosupplements.be\/wp-content\/uploads\/2022\/06\/ecosupplement-family.png","width":593,"height":374,"caption":"Eco Supplements"},"image":{"@id":"https:\/\/ecosupplements.be\/fr\/#\/schema\/logo\/image\/"}}]},"product_brand":"Life Extension","product_price_amount":"34.24","product_price_currency":"EUR","og_availability":"instock","product_availability":"instock","product_retailer_item_id":"737870162094","product_condition":"new"},"_links":{"self":[{"href":"https:\/\/ecosupplements.be\/fr\/wp-json\/wp\/v2\/product\/280178","targetHints":{"allow":["GET"]}}],"collection":[{"href":"https:\/\/ecosupplements.be\/fr\/wp-json\/wp\/v2\/product"}],"about":[{"href":"https:\/\/ecosupplements.be\/fr\/wp-json\/wp\/v2\/types\/product"}],"replies":[{"embeddable":true,"href":"https:\/\/ecosupplements.be\/fr\/wp-json\/wp\/v2\/comments?post=280178"}],"wp:featuredmedia":[{"embeddable":true,"href":"https:\/\/ecosupplements.be\/fr\/wp-json\/wp\/v2\/media\/240596"}],"wp:attachment":[{"href":"https:\/\/ecosupplements.be\/fr\/wp-json\/wp\/v2\/media?parent=280178"}],"wp:term":[{"taxonomy":"product_brand","embeddable":true,"href":"https:\/\/ecosupplements.be\/fr\/wp-json\/wp\/v2\/product_brand?post=280178"},{"taxonomy":"product_cat","embeddable":true,"href":"https:\/\/ecosupplements.be\/fr\/wp-json\/wp\/v2\/product_cat?post=280178"},{"taxonomy":"product_tag","embeddable":true,"href":"https:\/\/ecosupplements.be\/fr\/wp-json\/wp\/v2\/product_tag?post=280178"}],"curies":[{"name":"wp","href":"https:\/\/api.w.org\/{rel}","templated":true}]}}