{"id":280181,"date":"2022-06-28T10:02:33","date_gmt":"2022-06-28T09:02:33","guid":{"rendered":"https:\/\/ecosupplements.be\/product\/cristaux-de-magnesium-effervescents-a-la-vitamine-c-180g\/"},"modified":"2025-08-27T10:07:39","modified_gmt":"2025-08-27T09:07:39","slug":"cristaux-de-magnesium-effervescents-a-la-vitamine-c-180g","status":"publish","type":"product","link":"https:\/\/ecosupplements.be\/fr\/produit\/cristaux-de-magnesium-effervescents-a-la-vitamine-c-180g\/","title":{"rendered":"Cristaux de magn\u00e9sium effervescents \u00e0 la vitamine C &#8211; 180g"},"content":{"rendered":"<h1 style=\"text-align: center\">Life Extension &#8211; Cristaux effervescents de vitamine C et de magn\u00e9sium<\/h1>\n<h3 style=\"text-align: center\">Soutien du c\u00f4lon \u00e0 action rapide<\/h3>\n<p>Soutien du c\u00f4lon \u00e0 action rapide<br \/>\nSuppl\u00e9ment alimentaire<\/p>\n<p>La constipation occasionnelle est l&#8217;une des plaintes gastro-intestinales les plus fr\u00e9quentes aux \u00c9tats-Unis, en particulier chez les femmes et les personnes \u00e2g\u00e9es. Pour r\u00e9pondre \u00e0 ce probl\u00e8me, Life Extension propose une solution nutritionnelle \u00e0 dose ajustable &#8211; Vitamine C effervescente &#8211; Cristaux de magn\u00e9sium &#8211; pour apporter un soulagement imm\u00e9diat \u00e0 la constipation occasionnelle.<\/p>\n<p>Une s\u00e9rie de contractions musculaires rythmiques permet de d\u00e9placer les aliments dans le tube digestif. Mais les aliments hautement transform\u00e9s et un manque de nutrition de qualit\u00e9 peuvent occasionnellement entra\u00eener un mouvement normal mais temporairement inefficace des d\u00e9chets dans le c\u00f4lon.<\/p>\n<p>La vitamine C est un antioxydant qui \u00e9limine les radicaux libres dans l&#8217;organisme et prot\u00e8ge les tissus du stress oxydatif. La vitamine C est un cofacteur vital pour la formation du collag\u00e8ne, le tissu conjonctif qui soutient les parois art\u00e9rielles, la peau, les os et les dents.<\/p>\n<p>Le magn\u00e9sium est un cofacteur dans des centaines de processus enzymatiques \u00e0 l&#8217;int\u00e9rieur des cellules, il aide \u00e0 maintenir des niveaux de pression art\u00e9rielle sains d\u00e9j\u00e0 dans la fourchette normale, il am\u00e9liore le profil m\u00e9tabolique et a un impact b\u00e9n\u00e9fique sur la r\u00e9sistance \u00e0 l&#8217;insuline et l&#8217;inflammation. Les recherches montrent que de nombreux Am\u00e9ricains ne consomment pas suffisamment de magn\u00e9sium dans leur alimentation.<\/p>\n<p>La vitamine C effervescente &#8211; cristaux de magn\u00e9sium peut \u00eatre utilis\u00e9e \u00e0 des doses variables en fonction des besoins individuels. Il ne contient aucun produit chimique agressif et peut \u00eatre utilis\u00e9 sans danger jusqu&#8217;\u00e0 trois fois par semaine, car il ne contient que des nutriments qui procurent d&#8217;autres avantages. La vitamine C effervescente &#8211; cristaux de magn\u00e9sium n&#8217;est pas une fibre &#8211; elle ne cr\u00e9e donc jamais plus de masse f\u00e9cale que vous ne pouvez facilement \u00e9vacuer.<\/p>\n<p><img decoding=\"async\" src=\"https:\/\/ecosupplements.be\/wp-content\/uploads\/2025\/08\/non-gmo-1.png\" title=\"Non-OGM\" alt=\"Non-GMO\"><\/p>\n","protected":false},"excerpt":{"rendered":"<p>Life Extension &#8211; Cristaux effervescents de vitamine C et de magn\u00e9sium Soutien du c\u00f4lon \u00e0 action rapide Soutien du c\u00f4lon \u00e0 action rapide Suppl\u00e9ment alimentaire La constipation occasionnelle est l&#8217;une des plaintes gastro-intestinales les plus fr\u00e9quentes aux \u00c9tats-Unis, en particulier chez les femmes et les personnes \u00e2g\u00e9es. Pour r\u00e9pondre \u00e0 ce probl\u00e8me, Life Extension propose [&#8230;]\n","protected":false},"featured_media":240611,"comment_status":"open","ping_status":"open","template":"","meta":[],"product_brand":[4723],"product_cat":[5066,5064,5100,5062,5052,5063,5053,5059],"product_tag":[5069],"class_list":{"0":"post-280181","1":"product","2":"type-product","3":"status-publish","4":"has-post-thumbnail","6":"product_brand-life-extension-2","7":"product_cat-magnesium-mineraux-simples","8":"product_cat-mineraux-simples","9":"product_cat-multi-vitamines","10":"product_cat-multivitamines","11":"product_cat-sante-et-bien-etre","12":"product_cat-vitamine-c-vitamines-simples","13":"product_cat-vitamines-et-mineraux","14":"product_cat-vitamines-simples","15":"product_tag-topeco-2","17":"first","18":"instock","19":"taxable","20":"shipping-taxable","21":"purchasable","22":"product-type-simple"},"yoast_head":"<!-- This site is optimized with the Yoast SEO Premium plugin v27.3 (Yoast SEO v27.3) - https:\/\/yoast.com\/product\/yoast-seo-premium-wordpress\/ -->\n<title>Cristaux de magn\u00e9sium effervescents \u00e0 la vitamine C - 180g - ECO Supplements<\/title>\n<meta name=\"description\" content=\"Wij hebben een ruime keuze aan producten van Cristaux de magn\u00e9sium effervescents \u00e0 la vitamine C - 180g . Winkel bij Eco Supplements altijd gratis verzending boven 100\u20ac\" \/>\n<meta name=\"robots\" content=\"index, follow, max-snippet:-1, max-image-preview:large, max-video-preview:-1\" \/>\n<link rel=\"canonical\" href=\"https:\/\/ecosupplements.be\/fr\/produit\/cristaux-de-magnesium-effervescents-a-la-vitamine-c-180g\/\" \/>\n<meta property=\"og:locale\" content=\"fr_FR\" \/>\n<meta property=\"og:type\" content=\"article\" \/>\n<meta property=\"og:title\" content=\"Cristaux de magn\u00e9sium effervescents \u00e0 la vitamine C - 180g\" \/>\n<meta property=\"og:description\" content=\"Wij hebben een ruime keuze aan producten van Cristaux de magn\u00e9sium effervescents \u00e0 la vitamine C - 180g . Winkel bij Eco Supplements altijd gratis verzending boven 100\u20ac\" \/>\n<meta property=\"og:url\" content=\"https:\/\/ecosupplements.be\/fr\/produit\/cristaux-de-magnesium-effervescents-a-la-vitamine-c-180g\/\" \/>\n<meta property=\"og:site_name\" content=\"ECO Supplements\" \/>\n<meta property=\"article:modified_time\" content=\"2025-08-27T09:07:39+00:00\" \/>\n<meta property=\"og:image\" content=\"https:\/\/ecosupplements.be\/wp-content\/uploads\/2025\/08\/Life-Extension-Effervescent-Vitamin-C-Magnesium-Crystals-180-grams-1.jpg\" \/>\n\t<meta property=\"og:image:width\" content=\"750\" \/>\n\t<meta property=\"og:image:height\" content=\"750\" \/>\n\t<meta property=\"og:image:type\" content=\"image\/jpeg\" \/>\n<meta name=\"twitter:card\" content=\"summary_large_image\" \/>\n<meta name=\"twitter:label1\" content=\"Prix\" \/>\n\t<meta name=\"twitter:data1\" content=\"20.55&nbsp;&euro;\" \/>\n\t<meta name=\"twitter:label2\" content=\"Disponibilit\u00e9\" \/>\n\t<meta name=\"twitter:data2\" content=\"En stock\" \/>\n<script type=\"application\/ld+json\" class=\"yoast-schema-graph\">{\"@context\":\"https:\\\/\\\/schema.org\",\"@graph\":[{\"@type\":[\"WebPage\",\"ItemPage\"],\"@id\":\"https:\\\/\\\/ecosupplements.be\\\/fr\\\/produit\\\/cristaux-de-magnesium-effervescents-a-la-vitamine-c-180g\\\/\",\"url\":\"https:\\\/\\\/ecosupplements.be\\\/fr\\\/produit\\\/cristaux-de-magnesium-effervescents-a-la-vitamine-c-180g\\\/\",\"name\":\"Cristaux de magn\u00e9sium effervescents \u00e0 la vitamine C - 180g - ECO Supplements\",\"isPartOf\":{\"@id\":\"https:\\\/\\\/ecosupplements.be\\\/fr\\\/#website\"},\"primaryImageOfPage\":{\"@id\":\"https:\\\/\\\/ecosupplements.be\\\/fr\\\/produit\\\/cristaux-de-magnesium-effervescents-a-la-vitamine-c-180g\\\/#primaryimage\"},\"image\":{\"@id\":\"https:\\\/\\\/ecosupplements.be\\\/fr\\\/produit\\\/cristaux-de-magnesium-effervescents-a-la-vitamine-c-180g\\\/#primaryimage\"},\"thumbnailUrl\":\"https:\\\/\\\/ecosupplements.be\\\/wp-content\\\/uploads\\\/2025\\\/08\\\/Life-Extension-Effervescent-Vitamin-C-Magnesium-Crystals-180-grams-1.jpg\",\"datePublished\":\"2022-06-28T09:02:33+00:00\",\"dateModified\":\"2025-08-27T09:07:39+00:00\",\"description\":\"Wij hebben een ruime keuze aan producten van Cristaux de magn\u00e9sium effervescents \u00e0 la vitamine C - 180g . Winkel bij Eco Supplements altijd gratis verzending boven 100\u20ac\",\"breadcrumb\":{\"@id\":\"https:\\\/\\\/ecosupplements.be\\\/fr\\\/produit\\\/cristaux-de-magnesium-effervescents-a-la-vitamine-c-180g\\\/#breadcrumb\"},\"inLanguage\":\"fr-FR\",\"potentialAction\":[{\"@type\":\"ReadAction\",\"target\":[\"https:\\\/\\\/ecosupplements.be\\\/fr\\\/produit\\\/cristaux-de-magnesium-effervescents-a-la-vitamine-c-180g\\\/\"]}]},{\"@type\":\"ImageObject\",\"inLanguage\":\"fr-FR\",\"@id\":\"https:\\\/\\\/ecosupplements.be\\\/fr\\\/produit\\\/cristaux-de-magnesium-effervescents-a-la-vitamine-c-180g\\\/#primaryimage\",\"url\":\"https:\\\/\\\/ecosupplements.be\\\/wp-content\\\/uploads\\\/2025\\\/08\\\/Life-Extension-Effervescent-Vitamin-C-Magnesium-Crystals-180-grams-1.jpg\",\"contentUrl\":\"https:\\\/\\\/ecosupplements.be\\\/wp-content\\\/uploads\\\/2025\\\/08\\\/Life-Extension-Effervescent-Vitamin-C-Magnesium-Crystals-180-grams-1.jpg\",\"width\":750,\"height\":750},{\"@type\":\"BreadcrumbList\",\"@id\":\"https:\\\/\\\/ecosupplements.be\\\/fr\\\/produit\\\/cristaux-de-magnesium-effervescents-a-la-vitamine-c-180g\\\/#breadcrumb\",\"itemListElement\":[{\"@type\":\"ListItem\",\"position\":1,\"name\":\"Home\",\"item\":\"https:\\\/\\\/ecosupplements.be\\\/fr\\\/\"},{\"@type\":\"ListItem\",\"position\":2,\"name\":\"Boutique\",\"item\":\"https:\\\/\\\/ecosupplements.be\\\/fr\\\/boutique\\\/\"},{\"@type\":\"ListItem\",\"position\":3,\"name\":\"Cristaux de magn\u00e9sium effervescents \u00e0 la vitamine C &#8211; 180g\"}]},{\"@type\":\"WebSite\",\"@id\":\"https:\\\/\\\/ecosupplements.be\\\/fr\\\/#website\",\"url\":\"https:\\\/\\\/ecosupplements.be\\\/fr\\\/\",\"name\":\"ECO Supplements\",\"description\":\"Eco Supplements - Gezonde supplementen\",\"publisher\":{\"@id\":\"https:\\\/\\\/ecosupplements.be\\\/fr\\\/#organization\"},\"potentialAction\":[{\"@type\":\"SearchAction\",\"target\":{\"@type\":\"EntryPoint\",\"urlTemplate\":\"https:\\\/\\\/ecosupplements.be\\\/fr\\\/?s={search_term_string}\"},\"query-input\":{\"@type\":\"PropertyValueSpecification\",\"valueRequired\":true,\"valueName\":\"search_term_string\"}}],\"inLanguage\":\"fr-FR\"},{\"@type\":\"Organization\",\"@id\":\"https:\\\/\\\/ecosupplements.be\\\/fr\\\/#organization\",\"name\":\"Eco Supplements\",\"url\":\"https:\\\/\\\/ecosupplements.be\\\/fr\\\/\",\"logo\":{\"@type\":\"ImageObject\",\"inLanguage\":\"fr-FR\",\"@id\":\"https:\\\/\\\/ecosupplements.be\\\/fr\\\/#\\\/schema\\\/logo\\\/image\\\/\",\"url\":\"https:\\\/\\\/ecosupplements.be\\\/wp-content\\\/uploads\\\/2022\\\/06\\\/ecosupplement-family.png\",\"contentUrl\":\"https:\\\/\\\/ecosupplements.be\\\/wp-content\\\/uploads\\\/2022\\\/06\\\/ecosupplement-family.png\",\"width\":593,\"height\":374,\"caption\":\"Eco Supplements\"},\"image\":{\"@id\":\"https:\\\/\\\/ecosupplements.be\\\/fr\\\/#\\\/schema\\\/logo\\\/image\\\/\"}}]}<\/script>\n<meta property=\"product:brand\" content=\"Life Extension\" \/>\n<meta property=\"product:price:amount\" content=\"20.55\" \/>\n<meta property=\"product:price:currency\" content=\"EUR\" \/>\n<meta property=\"og:availability\" content=\"instock\" \/>\n<meta property=\"product:availability\" content=\"instock\" \/>\n<meta property=\"product:retailer_item_id\" content=\"737870173618\" \/>\n<meta property=\"product:condition\" content=\"new\" \/>\n<!-- \/ Yoast SEO Premium plugin. -->","yoast_head_json":{"title":"Cristaux de magn\u00e9sium effervescents \u00e0 la vitamine C - 180g - ECO Supplements","description":"Wij hebben een ruime keuze aan producten van Cristaux de magn\u00e9sium effervescents \u00e0 la vitamine C - 180g . Winkel bij Eco Supplements altijd gratis verzending boven 100\u20ac","robots":{"index":"index","follow":"follow","max-snippet":"max-snippet:-1","max-image-preview":"max-image-preview:large","max-video-preview":"max-video-preview:-1"},"canonical":"https:\/\/ecosupplements.be\/fr\/produit\/cristaux-de-magnesium-effervescents-a-la-vitamine-c-180g\/","og_locale":"fr_FR","og_type":"article","og_title":"Cristaux de magn\u00e9sium effervescents \u00e0 la vitamine C - 180g","og_description":"Wij hebben een ruime keuze aan producten van Cristaux de magn\u00e9sium effervescents \u00e0 la vitamine C - 180g . Winkel bij Eco Supplements altijd gratis verzending boven 100\u20ac","og_url":"https:\/\/ecosupplements.be\/fr\/produit\/cristaux-de-magnesium-effervescents-a-la-vitamine-c-180g\/","og_site_name":"ECO Supplements","article_modified_time":"2025-08-27T09:07:39+00:00","og_image":[{"width":750,"height":750,"url":"https:\/\/ecosupplements.be\/wp-content\/uploads\/2025\/08\/Life-Extension-Effervescent-Vitamin-C-Magnesium-Crystals-180-grams-1.jpg","type":"image\/jpeg"}],"twitter_card":"summary_large_image","twitter_misc":{"Prix":"20.55&nbsp;&euro;","Disponibilit\u00e9":"En stock"},"schema":{"@context":"https:\/\/schema.org","@graph":[{"@type":["WebPage","ItemPage"],"@id":"https:\/\/ecosupplements.be\/fr\/produit\/cristaux-de-magnesium-effervescents-a-la-vitamine-c-180g\/","url":"https:\/\/ecosupplements.be\/fr\/produit\/cristaux-de-magnesium-effervescents-a-la-vitamine-c-180g\/","name":"Cristaux de magn\u00e9sium effervescents \u00e0 la vitamine C - 180g - ECO Supplements","isPartOf":{"@id":"https:\/\/ecosupplements.be\/fr\/#website"},"primaryImageOfPage":{"@id":"https:\/\/ecosupplements.be\/fr\/produit\/cristaux-de-magnesium-effervescents-a-la-vitamine-c-180g\/#primaryimage"},"image":{"@id":"https:\/\/ecosupplements.be\/fr\/produit\/cristaux-de-magnesium-effervescents-a-la-vitamine-c-180g\/#primaryimage"},"thumbnailUrl":"https:\/\/ecosupplements.be\/wp-content\/uploads\/2025\/08\/Life-Extension-Effervescent-Vitamin-C-Magnesium-Crystals-180-grams-1.jpg","datePublished":"2022-06-28T09:02:33+00:00","dateModified":"2025-08-27T09:07:39+00:00","description":"Wij hebben een ruime keuze aan producten van Cristaux de magn\u00e9sium effervescents \u00e0 la vitamine C - 180g . Winkel bij Eco Supplements altijd gratis verzending boven 100\u20ac","breadcrumb":{"@id":"https:\/\/ecosupplements.be\/fr\/produit\/cristaux-de-magnesium-effervescents-a-la-vitamine-c-180g\/#breadcrumb"},"inLanguage":"fr-FR","potentialAction":[{"@type":"ReadAction","target":["https:\/\/ecosupplements.be\/fr\/produit\/cristaux-de-magnesium-effervescents-a-la-vitamine-c-180g\/"]}]},{"@type":"ImageObject","inLanguage":"fr-FR","@id":"https:\/\/ecosupplements.be\/fr\/produit\/cristaux-de-magnesium-effervescents-a-la-vitamine-c-180g\/#primaryimage","url":"https:\/\/ecosupplements.be\/wp-content\/uploads\/2025\/08\/Life-Extension-Effervescent-Vitamin-C-Magnesium-Crystals-180-grams-1.jpg","contentUrl":"https:\/\/ecosupplements.be\/wp-content\/uploads\/2025\/08\/Life-Extension-Effervescent-Vitamin-C-Magnesium-Crystals-180-grams-1.jpg","width":750,"height":750},{"@type":"BreadcrumbList","@id":"https:\/\/ecosupplements.be\/fr\/produit\/cristaux-de-magnesium-effervescents-a-la-vitamine-c-180g\/#breadcrumb","itemListElement":[{"@type":"ListItem","position":1,"name":"Home","item":"https:\/\/ecosupplements.be\/fr\/"},{"@type":"ListItem","position":2,"name":"Boutique","item":"https:\/\/ecosupplements.be\/fr\/boutique\/"},{"@type":"ListItem","position":3,"name":"Cristaux de magn\u00e9sium effervescents \u00e0 la vitamine C &#8211; 180g"}]},{"@type":"WebSite","@id":"https:\/\/ecosupplements.be\/fr\/#website","url":"https:\/\/ecosupplements.be\/fr\/","name":"ECO Supplements","description":"Eco Supplements - Gezonde supplementen","publisher":{"@id":"https:\/\/ecosupplements.be\/fr\/#organization"},"potentialAction":[{"@type":"SearchAction","target":{"@type":"EntryPoint","urlTemplate":"https:\/\/ecosupplements.be\/fr\/?s={search_term_string}"},"query-input":{"@type":"PropertyValueSpecification","valueRequired":true,"valueName":"search_term_string"}}],"inLanguage":"fr-FR"},{"@type":"Organization","@id":"https:\/\/ecosupplements.be\/fr\/#organization","name":"Eco Supplements","url":"https:\/\/ecosupplements.be\/fr\/","logo":{"@type":"ImageObject","inLanguage":"fr-FR","@id":"https:\/\/ecosupplements.be\/fr\/#\/schema\/logo\/image\/","url":"https:\/\/ecosupplements.be\/wp-content\/uploads\/2022\/06\/ecosupplement-family.png","contentUrl":"https:\/\/ecosupplements.be\/wp-content\/uploads\/2022\/06\/ecosupplement-family.png","width":593,"height":374,"caption":"Eco Supplements"},"image":{"@id":"https:\/\/ecosupplements.be\/fr\/#\/schema\/logo\/image\/"}}]},"product_brand":"Life Extension","product_price_amount":"20.55","product_price_currency":"EUR","og_availability":"instock","product_availability":"instock","product_retailer_item_id":"737870173618","product_condition":"new"},"_links":{"self":[{"href":"https:\/\/ecosupplements.be\/fr\/wp-json\/wp\/v2\/product\/280181","targetHints":{"allow":["GET"]}}],"collection":[{"href":"https:\/\/ecosupplements.be\/fr\/wp-json\/wp\/v2\/product"}],"about":[{"href":"https:\/\/ecosupplements.be\/fr\/wp-json\/wp\/v2\/types\/product"}],"replies":[{"embeddable":true,"href":"https:\/\/ecosupplements.be\/fr\/wp-json\/wp\/v2\/comments?post=280181"}],"wp:featuredmedia":[{"embeddable":true,"href":"https:\/\/ecosupplements.be\/fr\/wp-json\/wp\/v2\/media\/240611"}],"wp:attachment":[{"href":"https:\/\/ecosupplements.be\/fr\/wp-json\/wp\/v2\/media?parent=280181"}],"wp:term":[{"taxonomy":"product_brand","embeddable":true,"href":"https:\/\/ecosupplements.be\/fr\/wp-json\/wp\/v2\/product_brand?post=280181"},{"taxonomy":"product_cat","embeddable":true,"href":"https:\/\/ecosupplements.be\/fr\/wp-json\/wp\/v2\/product_cat?post=280181"},{"taxonomy":"product_tag","embeddable":true,"href":"https:\/\/ecosupplements.be\/fr\/wp-json\/wp\/v2\/product_tag?post=280181"}],"curies":[{"name":"wp","href":"https:\/\/api.w.org\/{rel}","templated":true}]}}