{"id":280182,"date":"2022-06-28T10:02:33","date_gmt":"2022-06-28T09:02:33","guid":{"rendered":"https:\/\/ecosupplements.be\/product\/esophacool-berry-flavor-60-comprimes-vegetariens-a-macher\/"},"modified":"2025-08-27T10:07:43","modified_gmt":"2025-08-27T09:07:43","slug":"esophacool-berry-flavor-60-comprimes-vegetariens-a-macher","status":"publish","type":"product","link":"https:\/\/ecosupplements.be\/fr\/produit\/esophacool-berry-flavor-60-comprimes-vegetariens-a-macher\/","title":{"rendered":"EsophaCool, Berry Flavor &#8211; 60 comprim\u00e9s v\u00e9g\u00e9tariens \u00e0 m\u00e2cher"},"content":{"rendered":"<h1 style=\"text-align: center;\">Life Extension &#8211; EsophaCool<\/h1>\n<p>Sans gluten<br \/>\nCertifi\u00e9 LE sans OGM<br \/>\nSoutient la sant\u00e9 gastro-\u0153sophagienne<br \/>\nSuppl\u00e9ment alimentaire<br \/>\nEsophageal Guardian aide \u00e0 prot\u00e9ger la d\u00e9licate paroi de votre \u0153sophage contre les acides agressifs de l&#8217;estomac. Moins d&#8217;une minute apr\u00e8s que vous ayez m\u00e2ch\u00e9 et aval\u00e9 deux comprim\u00e9s au go\u00fbt de baies, cette formule cr\u00e9e une couche de mousse temporaire sur le contenu de votre estomac. Des \u00e9tudes cliniques montrent que cette barri\u00e8re aide \u00e0 prot\u00e9ger les tissus de l&#8217;\u0153sophage.<br \/>\nEsophageal Guardian cr\u00e9e une barri\u00e8re qui aide \u00e0 prot\u00e9ger la d\u00e9licate muqueuse de votre \u0153sophage contre les acides agressifs de l&#8217;estomac.<br \/>\nAvantages du gardien de l&#8217;\u0153sophage<br \/>\nFournit jusqu&#8217;\u00e0 4 heures de confort et de soulagement digestif<br \/>\nForme une barri\u00e8re temporaire de mousse sur le contenu de l&#8217;estomac<br \/>\nAide \u00e0 prot\u00e9ger la d\u00e9licate paroi de l&#8217;\u0153sophage<br \/>\nAide \u00e0 soulager les troubles gastriques<br \/>\nQuel est l&#8217;avantage de l&#8217;acide alginique ?<br \/>\nLorsque l&#8217;acide alginique entre en contact avec les acides gastriques, il forme un gel qui s&#8217;est av\u00e9r\u00e9 soulager l&#8217;inconfort gastrique lors d&#8217;\u00e9tudes cliniques.<br \/>\nPourquoi avons-nous ajout\u00e9 du bicarbonate de potassium ?<br \/>\nAssoci\u00e9 \u00e0 l&#8217;acide alginique, le bicarbonate de potassium forme une barri\u00e8re mousseuse temporaire entre l&#8217;estomac et l&#8217;\u0153sophage.<br \/>\nLes troubles gastro-\u0153sophagiens sont tr\u00e8s courants et peuvent avoir un impact important sur la qualit\u00e9 de vie, et les donn\u00e9es indiquent que leur pr\u00e9valence est en augmentation. Selon une revue syst\u00e9matique de la litt\u00e9rature scientifique, 18 \u00e0 28 % de la population am\u00e9ricaine conna\u00eet une certaine forme de d\u00e9tresse gastrique.<br \/>\nAlginate formant des radeaux<br \/>\nLorsque l&#8217;acide alginique et le bicarbonate de potassium contenus dans Esophageal Guardian entrent en contact avec les acides gastriques, l&#8217;acide alginique forme un gel et le bicarbonate de potassium produit des bulles, qui sont ensuite pi\u00e9g\u00e9es dans ce gel. Cette barri\u00e8re de mousse protectrice et temporaire (ou radeau) entre l&#8217;estomac et l&#8217;\u0153sophage. Cela permet de prot\u00e9ger les tissus de l&#8217;\u0153sophage contre les acides gastriques agressifs. Des \u00e9tudes cliniques ont montr\u00e9 que les formulations \u00e0 base d&#8217;alginate soulagent l&#8217;inconfort gastrique.<br \/>\nSoutien maximal des tissus d\u00e9licats de l&#8217;\u0153sophage<br \/>\nCette formule contient du carbonate de calcium et de magn\u00e9sium pour apporter un soutien maximal au confort \u0153sophagien. De plus, Esophageal Guardian contient \u00e9galement des extraits de grenade et de fraise pour combattre le stress oxydatif, fournir des avantages gastro-protecteurs et aider \u00e0 encourager une r\u00e9ponse inflammatoire saine. Dans une \u00e9tude pr\u00e9clinique, l&#8217;extrait de fraise a favoris\u00e9 la sant\u00e9 des tissus de l&#8217;estomac en inhibant le stress oxydatif et l&#8217;oxydation des lipides gastriques.<br \/>\nLes ingr\u00e9dients d&#8217;Esophageal Guardian commencent \u00e0 apporter un soulagement en moins d&#8217;une minute, mais durent jusqu&#8217;\u00e0 4 heures.<\/p>\n<p><img decoding=\"async\" src=\"https:\/\/ecosupplements.be\/wp-content\/uploads\/2025\/08\/gluten-free-1.png\" title=\"Sans gluten\" alt=\"Gluten free\"><img decoding=\"async\" src=\"https:\/\/ecosupplements.be\/wp-content\/uploads\/2025\/08\/non-gmo-1.png\" title=\"Non-OGM\" alt=\"Non-GMO\"><\/p>\n","protected":false},"excerpt":{"rendered":"<p>Life Extension &#8211; EsophaCool Sans gluten Certifi\u00e9 LE sans OGM Soutient la sant\u00e9 gastro-\u0153sophagienne Suppl\u00e9ment alimentaire Esophageal Guardian aide \u00e0 prot\u00e9ger la d\u00e9licate paroi de votre \u0153sophage contre les acides agressifs de l&#8217;estomac. Moins d&#8217;une minute apr\u00e8s que vous ayez m\u00e2ch\u00e9 et aval\u00e9 deux comprim\u00e9s au go\u00fbt de baies, cette formule cr\u00e9e une couche de [&#8230;]\n","protected":false},"featured_media":240616,"comment_status":"open","ping_status":"open","template":"","meta":[],"product_brand":[4723],"product_cat":[5052,5053],"product_tag":[],"class_list":{"0":"post-280182","1":"product","2":"type-product","3":"status-publish","4":"has-post-thumbnail","6":"product_brand-life-extension-2","7":"product_cat-sante-et-bien-etre","8":"product_cat-vitamines-et-mineraux","10":"first","11":"instock","12":"taxable","13":"shipping-taxable","14":"purchasable","15":"product-type-simple"},"yoast_head":"<!-- This site is optimized with the Yoast SEO Premium plugin v27.3 (Yoast SEO v27.3) - https:\/\/yoast.com\/product\/yoast-seo-premium-wordpress\/ -->\n<title>EsophaCool, Berry Flavor - 60 comprim\u00e9s v\u00e9g\u00e9tariens \u00e0 m\u00e2cher - ECO Supplements<\/title>\n<meta name=\"description\" content=\"Wij hebben een ruime keuze aan producten van EsophaCool, Berry Flavor - 60 comprim\u00e9s v\u00e9g\u00e9tariens \u00e0 m\u00e2cher . Winkel bij Eco Supplements altijd gratis verzending boven 100\u20ac\" \/>\n<meta name=\"robots\" content=\"index, follow, max-snippet:-1, max-image-preview:large, max-video-preview:-1\" \/>\n<link rel=\"canonical\" href=\"https:\/\/ecosupplements.be\/fr\/produit\/esophacool-berry-flavor-60-comprimes-vegetariens-a-macher\/\" \/>\n<meta property=\"og:locale\" content=\"fr_FR\" \/>\n<meta property=\"og:type\" content=\"article\" \/>\n<meta property=\"og:title\" content=\"EsophaCool, Berry Flavor - 60 comprim\u00e9s v\u00e9g\u00e9tariens \u00e0 m\u00e2cher\" \/>\n<meta property=\"og:description\" content=\"Wij hebben een ruime keuze aan producten van EsophaCool, Berry Flavor - 60 comprim\u00e9s v\u00e9g\u00e9tariens \u00e0 m\u00e2cher . Winkel bij Eco Supplements altijd gratis verzending boven 100\u20ac\" \/>\n<meta property=\"og:url\" content=\"https:\/\/ecosupplements.be\/fr\/produit\/esophacool-berry-flavor-60-comprimes-vegetariens-a-macher\/\" \/>\n<meta property=\"og:site_name\" content=\"ECO Supplements\" \/>\n<meta property=\"article:modified_time\" content=\"2025-08-27T09:07:43+00:00\" \/>\n<meta property=\"og:image\" content=\"https:\/\/ecosupplements.be\/wp-content\/uploads\/2025\/08\/Life-Extension-EsophaCool-Berry-Flavor-60-vegetarian-chewable-tabs-1.jpg\" \/>\n\t<meta property=\"og:image:width\" content=\"750\" \/>\n\t<meta property=\"og:image:height\" content=\"750\" \/>\n\t<meta property=\"og:image:type\" content=\"image\/jpeg\" \/>\n<meta name=\"twitter:card\" content=\"summary_large_image\" \/>\n<meta name=\"twitter:label1\" content=\"Prix\" \/>\n\t<meta name=\"twitter:data1\" content=\"14.95&nbsp;&euro;\" \/>\n\t<meta name=\"twitter:label2\" content=\"Disponibilit\u00e9\" \/>\n\t<meta name=\"twitter:data2\" content=\"En stock\" \/>\n<script type=\"application\/ld+json\" class=\"yoast-schema-graph\">{\"@context\":\"https:\\\/\\\/schema.org\",\"@graph\":[{\"@type\":[\"WebPage\",\"ItemPage\"],\"@id\":\"https:\\\/\\\/ecosupplements.be\\\/fr\\\/produit\\\/esophacool-berry-flavor-60-comprimes-vegetariens-a-macher\\\/\",\"url\":\"https:\\\/\\\/ecosupplements.be\\\/fr\\\/produit\\\/esophacool-berry-flavor-60-comprimes-vegetariens-a-macher\\\/\",\"name\":\"EsophaCool, Berry Flavor - 60 comprim\u00e9s v\u00e9g\u00e9tariens \u00e0 m\u00e2cher - ECO Supplements\",\"isPartOf\":{\"@id\":\"https:\\\/\\\/ecosupplements.be\\\/fr\\\/#website\"},\"primaryImageOfPage\":{\"@id\":\"https:\\\/\\\/ecosupplements.be\\\/fr\\\/produit\\\/esophacool-berry-flavor-60-comprimes-vegetariens-a-macher\\\/#primaryimage\"},\"image\":{\"@id\":\"https:\\\/\\\/ecosupplements.be\\\/fr\\\/produit\\\/esophacool-berry-flavor-60-comprimes-vegetariens-a-macher\\\/#primaryimage\"},\"thumbnailUrl\":\"https:\\\/\\\/ecosupplements.be\\\/wp-content\\\/uploads\\\/2025\\\/08\\\/Life-Extension-EsophaCool-Berry-Flavor-60-vegetarian-chewable-tabs-1.jpg\",\"datePublished\":\"2022-06-28T09:02:33+00:00\",\"dateModified\":\"2025-08-27T09:07:43+00:00\",\"description\":\"Wij hebben een ruime keuze aan producten van EsophaCool, Berry Flavor - 60 comprim\u00e9s v\u00e9g\u00e9tariens \u00e0 m\u00e2cher . Winkel bij Eco Supplements altijd gratis verzending boven 100\u20ac\",\"breadcrumb\":{\"@id\":\"https:\\\/\\\/ecosupplements.be\\\/fr\\\/produit\\\/esophacool-berry-flavor-60-comprimes-vegetariens-a-macher\\\/#breadcrumb\"},\"inLanguage\":\"fr-FR\",\"potentialAction\":[{\"@type\":\"ReadAction\",\"target\":[\"https:\\\/\\\/ecosupplements.be\\\/fr\\\/produit\\\/esophacool-berry-flavor-60-comprimes-vegetariens-a-macher\\\/\"]}]},{\"@type\":\"ImageObject\",\"inLanguage\":\"fr-FR\",\"@id\":\"https:\\\/\\\/ecosupplements.be\\\/fr\\\/produit\\\/esophacool-berry-flavor-60-comprimes-vegetariens-a-macher\\\/#primaryimage\",\"url\":\"https:\\\/\\\/ecosupplements.be\\\/wp-content\\\/uploads\\\/2025\\\/08\\\/Life-Extension-EsophaCool-Berry-Flavor-60-vegetarian-chewable-tabs-1.jpg\",\"contentUrl\":\"https:\\\/\\\/ecosupplements.be\\\/wp-content\\\/uploads\\\/2025\\\/08\\\/Life-Extension-EsophaCool-Berry-Flavor-60-vegetarian-chewable-tabs-1.jpg\",\"width\":750,\"height\":750},{\"@type\":\"BreadcrumbList\",\"@id\":\"https:\\\/\\\/ecosupplements.be\\\/fr\\\/produit\\\/esophacool-berry-flavor-60-comprimes-vegetariens-a-macher\\\/#breadcrumb\",\"itemListElement\":[{\"@type\":\"ListItem\",\"position\":1,\"name\":\"Home\",\"item\":\"https:\\\/\\\/ecosupplements.be\\\/fr\\\/\"},{\"@type\":\"ListItem\",\"position\":2,\"name\":\"Boutique\",\"item\":\"https:\\\/\\\/ecosupplements.be\\\/fr\\\/boutique\\\/\"},{\"@type\":\"ListItem\",\"position\":3,\"name\":\"EsophaCool, Berry Flavor &#8211; 60 comprim\u00e9s v\u00e9g\u00e9tariens \u00e0 m\u00e2cher\"}]},{\"@type\":\"WebSite\",\"@id\":\"https:\\\/\\\/ecosupplements.be\\\/fr\\\/#website\",\"url\":\"https:\\\/\\\/ecosupplements.be\\\/fr\\\/\",\"name\":\"ECO Supplements\",\"description\":\"Eco Supplements - Gezonde supplementen\",\"publisher\":{\"@id\":\"https:\\\/\\\/ecosupplements.be\\\/fr\\\/#organization\"},\"potentialAction\":[{\"@type\":\"SearchAction\",\"target\":{\"@type\":\"EntryPoint\",\"urlTemplate\":\"https:\\\/\\\/ecosupplements.be\\\/fr\\\/?s={search_term_string}\"},\"query-input\":{\"@type\":\"PropertyValueSpecification\",\"valueRequired\":true,\"valueName\":\"search_term_string\"}}],\"inLanguage\":\"fr-FR\"},{\"@type\":\"Organization\",\"@id\":\"https:\\\/\\\/ecosupplements.be\\\/fr\\\/#organization\",\"name\":\"Eco Supplements\",\"url\":\"https:\\\/\\\/ecosupplements.be\\\/fr\\\/\",\"logo\":{\"@type\":\"ImageObject\",\"inLanguage\":\"fr-FR\",\"@id\":\"https:\\\/\\\/ecosupplements.be\\\/fr\\\/#\\\/schema\\\/logo\\\/image\\\/\",\"url\":\"https:\\\/\\\/ecosupplements.be\\\/wp-content\\\/uploads\\\/2022\\\/06\\\/ecosupplement-family.png\",\"contentUrl\":\"https:\\\/\\\/ecosupplements.be\\\/wp-content\\\/uploads\\\/2022\\\/06\\\/ecosupplement-family.png\",\"width\":593,\"height\":374,\"caption\":\"Eco Supplements\"},\"image\":{\"@id\":\"https:\\\/\\\/ecosupplements.be\\\/fr\\\/#\\\/schema\\\/logo\\\/image\\\/\"}}]}<\/script>\n<meta property=\"product:brand\" content=\"Life Extension\" \/>\n<meta property=\"product:price:amount\" content=\"14.95\" \/>\n<meta property=\"product:price:currency\" content=\"EUR\" \/>\n<meta property=\"og:availability\" content=\"instock\" \/>\n<meta property=\"product:availability\" content=\"instock\" \/>\n<meta property=\"product:retailer_item_id\" content=\"737870203360\" \/>\n<meta property=\"product:condition\" content=\"new\" \/>\n<!-- \/ Yoast SEO Premium plugin. -->","yoast_head_json":{"title":"EsophaCool, Berry Flavor - 60 comprim\u00e9s v\u00e9g\u00e9tariens \u00e0 m\u00e2cher - ECO Supplements","description":"Wij hebben een ruime keuze aan producten van EsophaCool, Berry Flavor - 60 comprim\u00e9s v\u00e9g\u00e9tariens \u00e0 m\u00e2cher . Winkel bij Eco Supplements altijd gratis verzending boven 100\u20ac","robots":{"index":"index","follow":"follow","max-snippet":"max-snippet:-1","max-image-preview":"max-image-preview:large","max-video-preview":"max-video-preview:-1"},"canonical":"https:\/\/ecosupplements.be\/fr\/produit\/esophacool-berry-flavor-60-comprimes-vegetariens-a-macher\/","og_locale":"fr_FR","og_type":"article","og_title":"EsophaCool, Berry Flavor - 60 comprim\u00e9s v\u00e9g\u00e9tariens \u00e0 m\u00e2cher","og_description":"Wij hebben een ruime keuze aan producten van EsophaCool, Berry Flavor - 60 comprim\u00e9s v\u00e9g\u00e9tariens \u00e0 m\u00e2cher . Winkel bij Eco Supplements altijd gratis verzending boven 100\u20ac","og_url":"https:\/\/ecosupplements.be\/fr\/produit\/esophacool-berry-flavor-60-comprimes-vegetariens-a-macher\/","og_site_name":"ECO Supplements","article_modified_time":"2025-08-27T09:07:43+00:00","og_image":[{"width":750,"height":750,"url":"https:\/\/ecosupplements.be\/wp-content\/uploads\/2025\/08\/Life-Extension-EsophaCool-Berry-Flavor-60-vegetarian-chewable-tabs-1.jpg","type":"image\/jpeg"}],"twitter_card":"summary_large_image","twitter_misc":{"Prix":"14.95&nbsp;&euro;","Disponibilit\u00e9":"En stock"},"schema":{"@context":"https:\/\/schema.org","@graph":[{"@type":["WebPage","ItemPage"],"@id":"https:\/\/ecosupplements.be\/fr\/produit\/esophacool-berry-flavor-60-comprimes-vegetariens-a-macher\/","url":"https:\/\/ecosupplements.be\/fr\/produit\/esophacool-berry-flavor-60-comprimes-vegetariens-a-macher\/","name":"EsophaCool, Berry Flavor - 60 comprim\u00e9s v\u00e9g\u00e9tariens \u00e0 m\u00e2cher - ECO Supplements","isPartOf":{"@id":"https:\/\/ecosupplements.be\/fr\/#website"},"primaryImageOfPage":{"@id":"https:\/\/ecosupplements.be\/fr\/produit\/esophacool-berry-flavor-60-comprimes-vegetariens-a-macher\/#primaryimage"},"image":{"@id":"https:\/\/ecosupplements.be\/fr\/produit\/esophacool-berry-flavor-60-comprimes-vegetariens-a-macher\/#primaryimage"},"thumbnailUrl":"https:\/\/ecosupplements.be\/wp-content\/uploads\/2025\/08\/Life-Extension-EsophaCool-Berry-Flavor-60-vegetarian-chewable-tabs-1.jpg","datePublished":"2022-06-28T09:02:33+00:00","dateModified":"2025-08-27T09:07:43+00:00","description":"Wij hebben een ruime keuze aan producten van EsophaCool, Berry Flavor - 60 comprim\u00e9s v\u00e9g\u00e9tariens \u00e0 m\u00e2cher . Winkel bij Eco Supplements altijd gratis verzending boven 100\u20ac","breadcrumb":{"@id":"https:\/\/ecosupplements.be\/fr\/produit\/esophacool-berry-flavor-60-comprimes-vegetariens-a-macher\/#breadcrumb"},"inLanguage":"fr-FR","potentialAction":[{"@type":"ReadAction","target":["https:\/\/ecosupplements.be\/fr\/produit\/esophacool-berry-flavor-60-comprimes-vegetariens-a-macher\/"]}]},{"@type":"ImageObject","inLanguage":"fr-FR","@id":"https:\/\/ecosupplements.be\/fr\/produit\/esophacool-berry-flavor-60-comprimes-vegetariens-a-macher\/#primaryimage","url":"https:\/\/ecosupplements.be\/wp-content\/uploads\/2025\/08\/Life-Extension-EsophaCool-Berry-Flavor-60-vegetarian-chewable-tabs-1.jpg","contentUrl":"https:\/\/ecosupplements.be\/wp-content\/uploads\/2025\/08\/Life-Extension-EsophaCool-Berry-Flavor-60-vegetarian-chewable-tabs-1.jpg","width":750,"height":750},{"@type":"BreadcrumbList","@id":"https:\/\/ecosupplements.be\/fr\/produit\/esophacool-berry-flavor-60-comprimes-vegetariens-a-macher\/#breadcrumb","itemListElement":[{"@type":"ListItem","position":1,"name":"Home","item":"https:\/\/ecosupplements.be\/fr\/"},{"@type":"ListItem","position":2,"name":"Boutique","item":"https:\/\/ecosupplements.be\/fr\/boutique\/"},{"@type":"ListItem","position":3,"name":"EsophaCool, Berry Flavor &#8211; 60 comprim\u00e9s v\u00e9g\u00e9tariens \u00e0 m\u00e2cher"}]},{"@type":"WebSite","@id":"https:\/\/ecosupplements.be\/fr\/#website","url":"https:\/\/ecosupplements.be\/fr\/","name":"ECO Supplements","description":"Eco Supplements - Gezonde supplementen","publisher":{"@id":"https:\/\/ecosupplements.be\/fr\/#organization"},"potentialAction":[{"@type":"SearchAction","target":{"@type":"EntryPoint","urlTemplate":"https:\/\/ecosupplements.be\/fr\/?s={search_term_string}"},"query-input":{"@type":"PropertyValueSpecification","valueRequired":true,"valueName":"search_term_string"}}],"inLanguage":"fr-FR"},{"@type":"Organization","@id":"https:\/\/ecosupplements.be\/fr\/#organization","name":"Eco Supplements","url":"https:\/\/ecosupplements.be\/fr\/","logo":{"@type":"ImageObject","inLanguage":"fr-FR","@id":"https:\/\/ecosupplements.be\/fr\/#\/schema\/logo\/image\/","url":"https:\/\/ecosupplements.be\/wp-content\/uploads\/2022\/06\/ecosupplement-family.png","contentUrl":"https:\/\/ecosupplements.be\/wp-content\/uploads\/2022\/06\/ecosupplement-family.png","width":593,"height":374,"caption":"Eco Supplements"},"image":{"@id":"https:\/\/ecosupplements.be\/fr\/#\/schema\/logo\/image\/"}}]},"product_brand":"Life Extension","product_price_amount":"14.95","product_price_currency":"EUR","og_availability":"instock","product_availability":"instock","product_retailer_item_id":"737870203360","product_condition":"new"},"_links":{"self":[{"href":"https:\/\/ecosupplements.be\/fr\/wp-json\/wp\/v2\/product\/280182","targetHints":{"allow":["GET"]}}],"collection":[{"href":"https:\/\/ecosupplements.be\/fr\/wp-json\/wp\/v2\/product"}],"about":[{"href":"https:\/\/ecosupplements.be\/fr\/wp-json\/wp\/v2\/types\/product"}],"replies":[{"embeddable":true,"href":"https:\/\/ecosupplements.be\/fr\/wp-json\/wp\/v2\/comments?post=280182"}],"wp:featuredmedia":[{"embeddable":true,"href":"https:\/\/ecosupplements.be\/fr\/wp-json\/wp\/v2\/media\/240616"}],"wp:attachment":[{"href":"https:\/\/ecosupplements.be\/fr\/wp-json\/wp\/v2\/media?parent=280182"}],"wp:term":[{"taxonomy":"product_brand","embeddable":true,"href":"https:\/\/ecosupplements.be\/fr\/wp-json\/wp\/v2\/product_brand?post=280182"},{"taxonomy":"product_cat","embeddable":true,"href":"https:\/\/ecosupplements.be\/fr\/wp-json\/wp\/v2\/product_cat?post=280182"},{"taxonomy":"product_tag","embeddable":true,"href":"https:\/\/ecosupplements.be\/fr\/wp-json\/wp\/v2\/product_tag?post=280182"}],"curies":[{"name":"wp","href":"https:\/\/api.w.org\/{rel}","templated":true}]}}