{"id":280185,"date":"2022-06-28T10:02:33","date_gmt":"2022-06-28T09:02:33","guid":{"rendered":"https:\/\/ecosupplements.be\/product\/florassist-prebiotic-chewable-natural-strawberry-60-comprimes-a-macher-vegetariens\/"},"modified":"2025-08-27T10:07:54","modified_gmt":"2025-08-27T09:07:54","slug":"florassist-prebiotic-chewable-natural-strawberry-60-comprimes-a-macher-vegetariens","status":"publish","type":"product","link":"https:\/\/ecosupplements.be\/fr\/produit\/florassist-prebiotic-chewable-natural-strawberry-60-comprimes-a-macher-vegetariens\/","title":{"rendered":"Florassist Prebiotic Chewable, Natural Strawberry &#8211; 60 comprim\u00e9s \u00e0 m\u00e2cher v\u00e9g\u00e9tariens"},"content":{"rendered":"<h1 style=\"text-align: center;\">Life Extension &#8211; Florassist Pr\u00e9biotique \u00e0 croquer<\/h1>\n<p>FLORASSIST Prebiotic Chewable est le compl\u00e9ment parfait de votre suppl\u00e9ment probiotique. Ces d\u00e9licieux produits \u00e0 m\u00e2cher au go\u00fbt de fraise fournissent les sources alimentaires dont vos bact\u00e9ries intestinales b\u00e9n\u00e9fiques ont besoin pour se d\u00e9velopper.<\/p>\n<p>Que sont les comprim\u00e9s pr\u00e9biotiques \u00e0 m\u00e2cher Florassist ?<br \/>\nLes milliards de micro-organismes pr\u00e9sents dans votre tube digestif, connus sous le nom de microbiote intestinal, sont essentiels \u00e0 une sant\u00e9 optimale. Et la prise de probiotiques contribue \u00e0 maintenir l&#8217;\u00e9quilibre de ces micro-organismes. Mais comme ce sont des \u00eatres vivants, ils ont besoin de nutriments (ainsi que d&#8217;un environnement favorable). C&#8217;est l\u00e0 qu&#8217;intervient FLORASSIST\u00ae Prebiotic Chewable.<br \/>\nSi vous prenez un probiotique, un PR\u00c9biotique est une bonne id\u00e9e. Les sources alimentaires pr\u00e9biotiques alimentent la flore saine de vos intestins.<\/p>\n<p>Avantages de FLORASSIST Prebiotic Chewable<br \/>\nSoutient la sant\u00e9 intestinale, du c\u00f4lon et digestive<br \/>\nSoutient la bifidobact\u00e9rie, un probiotique qui d\u00e9compose les glucides<br \/>\nFavorise la sant\u00e9 et la fonction du syst\u00e8me immunitaire<\/p>\n<p><img decoding=\"async\" src=\"https:\/\/ecosupplements.be\/wp-content\/uploads\/2025\/08\/gluten-free-1.png\" title=\"Sans gluten\" alt=\"Gluten free\"><img decoding=\"async\" src=\"https:\/\/ecosupplements.be\/wp-content\/uploads\/2025\/08\/non-gmo-1.png\" title=\"Non-OGM\" alt=\"Non-GMO\"><\/p>\n","protected":false},"excerpt":{"rendered":"<p>Life Extension &#8211; Florassist Pr\u00e9biotique \u00e0 croquer FLORASSIST Prebiotic Chewable est le compl\u00e9ment parfait de votre suppl\u00e9ment probiotique. Ces d\u00e9licieux produits \u00e0 m\u00e2cher au go\u00fbt de fraise fournissent les sources alimentaires dont vos bact\u00e9ries intestinales b\u00e9n\u00e9fiques ont besoin pour se d\u00e9velopper. Que sont les comprim\u00e9s pr\u00e9biotiques \u00e0 m\u00e2cher Florassist ? Les milliards de micro-organismes pr\u00e9sents [&#8230;]\n","protected":false},"featured_media":240633,"comment_status":"open","ping_status":"open","template":"","meta":[],"product_brand":[4723],"product_cat":[5086,5093,5087,5052,5053],"product_tag":[],"class_list":{"0":"post-280185","1":"product","2":"type-product","3":"status-publish","4":"has-post-thumbnail","6":"product_brand-life-extension-2","7":"product_cat-probiotiques","8":"product_cat-sante-digestive","9":"product_cat-sante-digestive-fibres","10":"product_cat-sante-et-bien-etre","11":"product_cat-vitamines-et-mineraux","13":"first","14":"instock","15":"taxable","16":"shipping-taxable","17":"purchasable","18":"product-type-simple"},"yoast_head":"<!-- This site is optimized with the Yoast SEO Premium plugin v27.3 (Yoast SEO v27.3) - https:\/\/yoast.com\/product\/yoast-seo-premium-wordpress\/ -->\n<title>Florassist Prebiotic Chewable, Natural Strawberry - 60 comprim\u00e9s \u00e0 m\u00e2cher v\u00e9g\u00e9tariens - ECO Supplements<\/title>\n<meta name=\"description\" content=\"Wij hebben een ruime keuze aan producten van Florassist Prebiotic Chewable, Natural Strawberry - 60 comprim\u00e9s \u00e0 m\u00e2cher v\u00e9g\u00e9tariens . Winkel bij Eco Supplements altijd gratis verzending boven 100\u20ac\" \/>\n<meta name=\"robots\" content=\"index, follow, max-snippet:-1, max-image-preview:large, max-video-preview:-1\" \/>\n<link rel=\"canonical\" href=\"https:\/\/ecosupplements.be\/fr\/produit\/florassist-prebiotic-chewable-natural-strawberry-60-comprimes-a-macher-vegetariens\/\" \/>\n<meta property=\"og:locale\" content=\"fr_FR\" \/>\n<meta property=\"og:type\" content=\"article\" \/>\n<meta property=\"og:title\" content=\"Florassist Prebiotic Chewable, Natural Strawberry - 60 comprim\u00e9s \u00e0 m\u00e2cher v\u00e9g\u00e9tariens\" \/>\n<meta property=\"og:description\" content=\"Wij hebben een ruime keuze aan producten van Florassist Prebiotic Chewable, Natural Strawberry - 60 comprim\u00e9s \u00e0 m\u00e2cher v\u00e9g\u00e9tariens . Winkel bij Eco Supplements altijd gratis verzending boven 100\u20ac\" \/>\n<meta property=\"og:url\" content=\"https:\/\/ecosupplements.be\/fr\/produit\/florassist-prebiotic-chewable-natural-strawberry-60-comprimes-a-macher-vegetariens\/\" \/>\n<meta property=\"og:site_name\" content=\"ECO Supplements\" \/>\n<meta property=\"article:modified_time\" content=\"2025-08-27T09:07:54+00:00\" \/>\n<meta property=\"og:image\" content=\"https:\/\/ecosupplements.be\/wp-content\/uploads\/2025\/08\/Life-Extension-Florassist-Prebiotic-Chewable-Natural-Strawberry-60-chewable-tabs-1.jpg\" \/>\n\t<meta property=\"og:image:width\" content=\"750\" \/>\n\t<meta property=\"og:image:height\" content=\"750\" \/>\n\t<meta property=\"og:image:type\" content=\"image\/jpeg\" \/>\n<meta name=\"twitter:card\" content=\"summary_large_image\" \/>\n<meta name=\"twitter:label1\" content=\"Prix\" \/>\n\t<meta name=\"twitter:data1\" content=\"26.43&nbsp;&euro;\" \/>\n\t<meta name=\"twitter:label2\" content=\"Disponibilit\u00e9\" \/>\n\t<meta name=\"twitter:data2\" content=\"En stock\" \/>\n<script type=\"application\/ld+json\" class=\"yoast-schema-graph\">{\"@context\":\"https:\\\/\\\/schema.org\",\"@graph\":[{\"@type\":[\"WebPage\",\"ItemPage\"],\"@id\":\"https:\\\/\\\/ecosupplements.be\\\/fr\\\/produit\\\/florassist-prebiotic-chewable-natural-strawberry-60-comprimes-a-macher-vegetariens\\\/\",\"url\":\"https:\\\/\\\/ecosupplements.be\\\/fr\\\/produit\\\/florassist-prebiotic-chewable-natural-strawberry-60-comprimes-a-macher-vegetariens\\\/\",\"name\":\"Florassist Prebiotic Chewable, Natural Strawberry - 60 comprim\u00e9s \u00e0 m\u00e2cher v\u00e9g\u00e9tariens - ECO Supplements\",\"isPartOf\":{\"@id\":\"https:\\\/\\\/ecosupplements.be\\\/fr\\\/#website\"},\"primaryImageOfPage\":{\"@id\":\"https:\\\/\\\/ecosupplements.be\\\/fr\\\/produit\\\/florassist-prebiotic-chewable-natural-strawberry-60-comprimes-a-macher-vegetariens\\\/#primaryimage\"},\"image\":{\"@id\":\"https:\\\/\\\/ecosupplements.be\\\/fr\\\/produit\\\/florassist-prebiotic-chewable-natural-strawberry-60-comprimes-a-macher-vegetariens\\\/#primaryimage\"},\"thumbnailUrl\":\"https:\\\/\\\/ecosupplements.be\\\/wp-content\\\/uploads\\\/2025\\\/08\\\/Life-Extension-Florassist-Prebiotic-Chewable-Natural-Strawberry-60-chewable-tabs-1.jpg\",\"datePublished\":\"2022-06-28T09:02:33+00:00\",\"dateModified\":\"2025-08-27T09:07:54+00:00\",\"description\":\"Wij hebben een ruime keuze aan producten van Florassist Prebiotic Chewable, Natural Strawberry - 60 comprim\u00e9s \u00e0 m\u00e2cher v\u00e9g\u00e9tariens . Winkel bij Eco Supplements altijd gratis verzending boven 100\u20ac\",\"breadcrumb\":{\"@id\":\"https:\\\/\\\/ecosupplements.be\\\/fr\\\/produit\\\/florassist-prebiotic-chewable-natural-strawberry-60-comprimes-a-macher-vegetariens\\\/#breadcrumb\"},\"inLanguage\":\"fr-FR\",\"potentialAction\":[{\"@type\":\"ReadAction\",\"target\":[\"https:\\\/\\\/ecosupplements.be\\\/fr\\\/produit\\\/florassist-prebiotic-chewable-natural-strawberry-60-comprimes-a-macher-vegetariens\\\/\"]}]},{\"@type\":\"ImageObject\",\"inLanguage\":\"fr-FR\",\"@id\":\"https:\\\/\\\/ecosupplements.be\\\/fr\\\/produit\\\/florassist-prebiotic-chewable-natural-strawberry-60-comprimes-a-macher-vegetariens\\\/#primaryimage\",\"url\":\"https:\\\/\\\/ecosupplements.be\\\/wp-content\\\/uploads\\\/2025\\\/08\\\/Life-Extension-Florassist-Prebiotic-Chewable-Natural-Strawberry-60-chewable-tabs-1.jpg\",\"contentUrl\":\"https:\\\/\\\/ecosupplements.be\\\/wp-content\\\/uploads\\\/2025\\\/08\\\/Life-Extension-Florassist-Prebiotic-Chewable-Natural-Strawberry-60-chewable-tabs-1.jpg\",\"width\":750,\"height\":750},{\"@type\":\"BreadcrumbList\",\"@id\":\"https:\\\/\\\/ecosupplements.be\\\/fr\\\/produit\\\/florassist-prebiotic-chewable-natural-strawberry-60-comprimes-a-macher-vegetariens\\\/#breadcrumb\",\"itemListElement\":[{\"@type\":\"ListItem\",\"position\":1,\"name\":\"Home\",\"item\":\"https:\\\/\\\/ecosupplements.be\\\/fr\\\/\"},{\"@type\":\"ListItem\",\"position\":2,\"name\":\"Boutique\",\"item\":\"https:\\\/\\\/ecosupplements.be\\\/fr\\\/boutique\\\/\"},{\"@type\":\"ListItem\",\"position\":3,\"name\":\"Florassist Prebiotic Chewable, Natural Strawberry &#8211; 60 comprim\u00e9s \u00e0 m\u00e2cher v\u00e9g\u00e9tariens\"}]},{\"@type\":\"WebSite\",\"@id\":\"https:\\\/\\\/ecosupplements.be\\\/fr\\\/#website\",\"url\":\"https:\\\/\\\/ecosupplements.be\\\/fr\\\/\",\"name\":\"ECO Supplements\",\"description\":\"Eco Supplements - Gezonde supplementen\",\"publisher\":{\"@id\":\"https:\\\/\\\/ecosupplements.be\\\/fr\\\/#organization\"},\"potentialAction\":[{\"@type\":\"SearchAction\",\"target\":{\"@type\":\"EntryPoint\",\"urlTemplate\":\"https:\\\/\\\/ecosupplements.be\\\/fr\\\/?s={search_term_string}\"},\"query-input\":{\"@type\":\"PropertyValueSpecification\",\"valueRequired\":true,\"valueName\":\"search_term_string\"}}],\"inLanguage\":\"fr-FR\"},{\"@type\":\"Organization\",\"@id\":\"https:\\\/\\\/ecosupplements.be\\\/fr\\\/#organization\",\"name\":\"Eco Supplements\",\"url\":\"https:\\\/\\\/ecosupplements.be\\\/fr\\\/\",\"logo\":{\"@type\":\"ImageObject\",\"inLanguage\":\"fr-FR\",\"@id\":\"https:\\\/\\\/ecosupplements.be\\\/fr\\\/#\\\/schema\\\/logo\\\/image\\\/\",\"url\":\"https:\\\/\\\/ecosupplements.be\\\/wp-content\\\/uploads\\\/2022\\\/06\\\/ecosupplement-family.png\",\"contentUrl\":\"https:\\\/\\\/ecosupplements.be\\\/wp-content\\\/uploads\\\/2022\\\/06\\\/ecosupplement-family.png\",\"width\":593,\"height\":374,\"caption\":\"Eco Supplements\"},\"image\":{\"@id\":\"https:\\\/\\\/ecosupplements.be\\\/fr\\\/#\\\/schema\\\/logo\\\/image\\\/\"}}]}<\/script>\n<meta property=\"product:brand\" content=\"Life Extension\" \/>\n<meta property=\"product:price:amount\" content=\"26.43\" \/>\n<meta property=\"product:price:currency\" content=\"EUR\" \/>\n<meta property=\"og:availability\" content=\"instock\" \/>\n<meta property=\"product:availability\" content=\"instock\" \/>\n<meta property=\"product:retailer_item_id\" content=\"737870220367\" \/>\n<meta property=\"product:condition\" content=\"new\" \/>\n<!-- \/ Yoast SEO Premium plugin. -->","yoast_head_json":{"title":"Florassist Prebiotic Chewable, Natural Strawberry - 60 comprim\u00e9s \u00e0 m\u00e2cher v\u00e9g\u00e9tariens - ECO Supplements","description":"Wij hebben een ruime keuze aan producten van Florassist Prebiotic Chewable, Natural Strawberry - 60 comprim\u00e9s \u00e0 m\u00e2cher v\u00e9g\u00e9tariens . Winkel bij Eco Supplements altijd gratis verzending boven 100\u20ac","robots":{"index":"index","follow":"follow","max-snippet":"max-snippet:-1","max-image-preview":"max-image-preview:large","max-video-preview":"max-video-preview:-1"},"canonical":"https:\/\/ecosupplements.be\/fr\/produit\/florassist-prebiotic-chewable-natural-strawberry-60-comprimes-a-macher-vegetariens\/","og_locale":"fr_FR","og_type":"article","og_title":"Florassist Prebiotic Chewable, Natural Strawberry - 60 comprim\u00e9s \u00e0 m\u00e2cher v\u00e9g\u00e9tariens","og_description":"Wij hebben een ruime keuze aan producten van Florassist Prebiotic Chewable, Natural Strawberry - 60 comprim\u00e9s \u00e0 m\u00e2cher v\u00e9g\u00e9tariens . Winkel bij Eco Supplements altijd gratis verzending boven 100\u20ac","og_url":"https:\/\/ecosupplements.be\/fr\/produit\/florassist-prebiotic-chewable-natural-strawberry-60-comprimes-a-macher-vegetariens\/","og_site_name":"ECO Supplements","article_modified_time":"2025-08-27T09:07:54+00:00","og_image":[{"width":750,"height":750,"url":"https:\/\/ecosupplements.be\/wp-content\/uploads\/2025\/08\/Life-Extension-Florassist-Prebiotic-Chewable-Natural-Strawberry-60-chewable-tabs-1.jpg","type":"image\/jpeg"}],"twitter_card":"summary_large_image","twitter_misc":{"Prix":"26.43&nbsp;&euro;","Disponibilit\u00e9":"En stock"},"schema":{"@context":"https:\/\/schema.org","@graph":[{"@type":["WebPage","ItemPage"],"@id":"https:\/\/ecosupplements.be\/fr\/produit\/florassist-prebiotic-chewable-natural-strawberry-60-comprimes-a-macher-vegetariens\/","url":"https:\/\/ecosupplements.be\/fr\/produit\/florassist-prebiotic-chewable-natural-strawberry-60-comprimes-a-macher-vegetariens\/","name":"Florassist Prebiotic Chewable, Natural Strawberry - 60 comprim\u00e9s \u00e0 m\u00e2cher v\u00e9g\u00e9tariens - ECO Supplements","isPartOf":{"@id":"https:\/\/ecosupplements.be\/fr\/#website"},"primaryImageOfPage":{"@id":"https:\/\/ecosupplements.be\/fr\/produit\/florassist-prebiotic-chewable-natural-strawberry-60-comprimes-a-macher-vegetariens\/#primaryimage"},"image":{"@id":"https:\/\/ecosupplements.be\/fr\/produit\/florassist-prebiotic-chewable-natural-strawberry-60-comprimes-a-macher-vegetariens\/#primaryimage"},"thumbnailUrl":"https:\/\/ecosupplements.be\/wp-content\/uploads\/2025\/08\/Life-Extension-Florassist-Prebiotic-Chewable-Natural-Strawberry-60-chewable-tabs-1.jpg","datePublished":"2022-06-28T09:02:33+00:00","dateModified":"2025-08-27T09:07:54+00:00","description":"Wij hebben een ruime keuze aan producten van Florassist Prebiotic Chewable, Natural Strawberry - 60 comprim\u00e9s \u00e0 m\u00e2cher v\u00e9g\u00e9tariens . Winkel bij Eco Supplements altijd gratis verzending boven 100\u20ac","breadcrumb":{"@id":"https:\/\/ecosupplements.be\/fr\/produit\/florassist-prebiotic-chewable-natural-strawberry-60-comprimes-a-macher-vegetariens\/#breadcrumb"},"inLanguage":"fr-FR","potentialAction":[{"@type":"ReadAction","target":["https:\/\/ecosupplements.be\/fr\/produit\/florassist-prebiotic-chewable-natural-strawberry-60-comprimes-a-macher-vegetariens\/"]}]},{"@type":"ImageObject","inLanguage":"fr-FR","@id":"https:\/\/ecosupplements.be\/fr\/produit\/florassist-prebiotic-chewable-natural-strawberry-60-comprimes-a-macher-vegetariens\/#primaryimage","url":"https:\/\/ecosupplements.be\/wp-content\/uploads\/2025\/08\/Life-Extension-Florassist-Prebiotic-Chewable-Natural-Strawberry-60-chewable-tabs-1.jpg","contentUrl":"https:\/\/ecosupplements.be\/wp-content\/uploads\/2025\/08\/Life-Extension-Florassist-Prebiotic-Chewable-Natural-Strawberry-60-chewable-tabs-1.jpg","width":750,"height":750},{"@type":"BreadcrumbList","@id":"https:\/\/ecosupplements.be\/fr\/produit\/florassist-prebiotic-chewable-natural-strawberry-60-comprimes-a-macher-vegetariens\/#breadcrumb","itemListElement":[{"@type":"ListItem","position":1,"name":"Home","item":"https:\/\/ecosupplements.be\/fr\/"},{"@type":"ListItem","position":2,"name":"Boutique","item":"https:\/\/ecosupplements.be\/fr\/boutique\/"},{"@type":"ListItem","position":3,"name":"Florassist Prebiotic Chewable, Natural Strawberry &#8211; 60 comprim\u00e9s \u00e0 m\u00e2cher v\u00e9g\u00e9tariens"}]},{"@type":"WebSite","@id":"https:\/\/ecosupplements.be\/fr\/#website","url":"https:\/\/ecosupplements.be\/fr\/","name":"ECO Supplements","description":"Eco Supplements - Gezonde supplementen","publisher":{"@id":"https:\/\/ecosupplements.be\/fr\/#organization"},"potentialAction":[{"@type":"SearchAction","target":{"@type":"EntryPoint","urlTemplate":"https:\/\/ecosupplements.be\/fr\/?s={search_term_string}"},"query-input":{"@type":"PropertyValueSpecification","valueRequired":true,"valueName":"search_term_string"}}],"inLanguage":"fr-FR"},{"@type":"Organization","@id":"https:\/\/ecosupplements.be\/fr\/#organization","name":"Eco Supplements","url":"https:\/\/ecosupplements.be\/fr\/","logo":{"@type":"ImageObject","inLanguage":"fr-FR","@id":"https:\/\/ecosupplements.be\/fr\/#\/schema\/logo\/image\/","url":"https:\/\/ecosupplements.be\/wp-content\/uploads\/2022\/06\/ecosupplement-family.png","contentUrl":"https:\/\/ecosupplements.be\/wp-content\/uploads\/2022\/06\/ecosupplement-family.png","width":593,"height":374,"caption":"Eco Supplements"},"image":{"@id":"https:\/\/ecosupplements.be\/fr\/#\/schema\/logo\/image\/"}}]},"product_brand":"Life Extension","product_price_amount":"26.43","product_price_currency":"EUR","og_availability":"instock","product_availability":"instock","product_retailer_item_id":"737870220367","product_condition":"new"},"_links":{"self":[{"href":"https:\/\/ecosupplements.be\/fr\/wp-json\/wp\/v2\/product\/280185","targetHints":{"allow":["GET"]}}],"collection":[{"href":"https:\/\/ecosupplements.be\/fr\/wp-json\/wp\/v2\/product"}],"about":[{"href":"https:\/\/ecosupplements.be\/fr\/wp-json\/wp\/v2\/types\/product"}],"replies":[{"embeddable":true,"href":"https:\/\/ecosupplements.be\/fr\/wp-json\/wp\/v2\/comments?post=280185"}],"wp:featuredmedia":[{"embeddable":true,"href":"https:\/\/ecosupplements.be\/fr\/wp-json\/wp\/v2\/media\/240633"}],"wp:attachment":[{"href":"https:\/\/ecosupplements.be\/fr\/wp-json\/wp\/v2\/media?parent=280185"}],"wp:term":[{"taxonomy":"product_brand","embeddable":true,"href":"https:\/\/ecosupplements.be\/fr\/wp-json\/wp\/v2\/product_brand?post=280185"},{"taxonomy":"product_cat","embeddable":true,"href":"https:\/\/ecosupplements.be\/fr\/wp-json\/wp\/v2\/product_cat?post=280185"},{"taxonomy":"product_tag","embeddable":true,"href":"https:\/\/ecosupplements.be\/fr\/wp-json\/wp\/v2\/product_tag?post=280185"}],"curies":[{"name":"wp","href":"https:\/\/api.w.org\/{rel}","templated":true}]}}