{"id":280188,"date":"2022-06-28T10:02:33","date_gmt":"2022-06-28T09:02:33","guid":{"rendered":"https:\/\/ecosupplements.be\/product\/glycemic-guard-30-vcaps\/"},"modified":"2025-08-27T10:08:09","modified_gmt":"2025-08-27T09:08:09","slug":"glycemic-guard-30-vcaps","status":"publish","type":"product","link":"https:\/\/ecosupplements.be\/fr\/produit\/glycemic-guard-30-vcaps\/","title":{"rendered":"Glycemic Guard &#8211; 30 vcaps"},"content":{"rendered":"<h1 style=\"text-align: center;\">Life Extension &#8211; Glycemic Guard<\/h1>\n<p>Si vous avez surveill\u00e9 votre glyc\u00e9mie, vous savez tout sur la glyc\u00e9mie \u00e0 jeun &#8211; votre taux de sucre dans le sang lorsque vous n&#8217;avez pas mang\u00e9. Mais qu&#8217;en est-il apr\u00e8s les repas ? Des pics de glyc\u00e9mie post-prandiale peuvent se produire. Essayez Glycemic Guard, un suppl\u00e9ment \u00e0 prendre une fois par jour qui aide votre corps \u00e0 maintenir des niveaux de glyc\u00e9mie d\u00e9j\u00e0 sains, surtout apr\u00e8s avoir mang\u00e9.<br \/>\nLes avantages en un coup d&#8217;\u0153il :<br \/>\nAide \u00e0 maintenir des niveaux de glyc\u00e9mie post-prandiale d\u00e9j\u00e0 sains<br \/>\nFavorise l&#8217;absorption saine du glucose et la signalisation des peptides intestinaux<br \/>\nFavorise une production saine de glucose dans le foie<br \/>\nFavorise une r\u00e9ponse insulinique et un taux d&#8217;h\u00e9moglobine A1c sains<br \/>\nCette NOUVELLE formule contient le puissant extrait de baie de maqui Delphinol et l&#8217;extrait de clou de girofle Clovinol. Tous deux affectent le m\u00e9tabolisme du glucose, ou la fa\u00e7on dont votre corps traite les sucres provenant des aliments que vous mangez. Gardez donc votre glyc\u00e9mie saine apr\u00e8s le repas l\u00e0 o\u00f9 elle est cens\u00e9e \u00eatre avec Glycemic Guard !<br \/>\nLa plupart des personnes concern\u00e9es par le glucose v\u00e9rifient leur glyc\u00e9mie \u00e0 jeun. Mais la tol\u00e9rance au glucose et la bonne sensibilit\u00e9 \u00e0 l&#8217;insuline diminuent avec l&#8217;\u00e2ge &#8211; ce qui peut entra\u00eener des pics de glyc\u00e9mie apr\u00e8s le repas. Et comme la glyc\u00e9mie \u00e0 jeun est l&#8217;\u00e9talon-or pour mesurer la sant\u00e9 de la glyc\u00e9mie, les probl\u00e8mes de glyc\u00e9mie apr\u00e8s le repas peuvent passer inaper\u00e7us pendant des ann\u00e9es.<br \/>\nExtrait de baies de maqui Delphinol<br \/>\nLe delphinol est un extrait standardis\u00e9 de la baie de maqui (Aristotelia chilensis) qui regorge de compos\u00e9s anthocyaniques et delphinidines b\u00e9n\u00e9fiques pour la sant\u00e9. Le delphinol retarde le processus par lequel les aliments quittent l&#8217;estomac et p\u00e9n\u00e8trent dans l&#8217;intestin gr\u00eale. Cela affecte les pics de glucose et d&#8217;insuline apr\u00e8s le repas.<br \/>\nDans une \u00e9tude, 200 mg de Delphinol pris 30 minutes avant de manger ont profond\u00e9ment affect\u00e9 les niveaux de glucose et d&#8217;insuline post-prandiaux (c&#8217;est-\u00e0-dire apr\u00e8s avoir mang\u00e9). 60 minutes apr\u00e8s avoir mang\u00e9, le groupe Delphinol a mesur\u00e9 une diff\u00e9rence de 15,14% dans la glyc\u00e9mie et une diff\u00e9rence de 57% dans l&#8217;insuline par rapport au groupe t\u00e9moin. Dans une autre \u00e9tude, 180 mg de Delphinol pris avant le petit-d\u00e9jeuner ont entra\u00een\u00e9 un changement statistiquement significatif des niveaux d&#8217;h\u00e9moglobine A1c (un indicateur cl\u00e9 lorsqu&#8217;il s&#8217;agit de la sant\u00e9 de la glyc\u00e9mie) apr\u00e8s seulement 60 jours.<br \/>\nExtrait de bourgeon de girofle Clovinol<br \/>\nClovinol est un extrait hydrosoluble de bourgeons de girofle non ouverts (Syzygium aromaticum). Il est riche en polyph\u00e9nols qui favorisent une fonction h\u00e9patique saine. La recherche montre que le clovinol inhibe une enzyme du foie utilis\u00e9e dans la glycog\u00e9nolyse, le processus naturel par lequel votre corps d\u00e9compose le glycog\u00e8ne pour lib\u00e9rer le glucose stock\u00e9 dans le foie.<br \/>\nUne \u00e9tude a montr\u00e9 que 250 mg de Clovinol une fois par jour entra\u00eenait une diff\u00e9rence de 27% par rapport \u00e0 la ligne de base apr\u00e8s 30 jours, avec un changement notable observable en seulement 12 jours.<br \/>\nSi vous surveillez votre glyc\u00e9mie, essayez Glycemic Guard, un suppl\u00e9ment pratique \u00e0 prendre une fois par jour qui aide votre organisme \u00e0 maintenir une glyc\u00e9mie d\u00e9j\u00e0 saine, surtout apr\u00e8s les repas.<\/p>\n<p><img decoding=\"async\" src=\"https:\/\/ecosupplements.be\/wp-content\/uploads\/2025\/08\/gluten-free-1.png\" title=\"Sans gluten\" alt=\"Gluten free\"><img decoding=\"async\" src=\"https:\/\/ecosupplements.be\/wp-content\/uploads\/2025\/08\/non-gmo-1.png\" title=\"Non-OGM\" alt=\"Non-GMO\"><\/p>\n","protected":false},"excerpt":{"rendered":"<p>Life Extension &#8211; Glycemic Guard Si vous avez surveill\u00e9 votre glyc\u00e9mie, vous savez tout sur la glyc\u00e9mie \u00e0 jeun &#8211; votre taux de sucre dans le sang lorsque vous n&#8217;avez pas mang\u00e9. Mais qu&#8217;en est-il apr\u00e8s les repas ? Des pics de glyc\u00e9mie post-prandiale peuvent se produire. Essayez Glycemic Guard, un suppl\u00e9ment \u00e0 prendre une [&#8230;]\n","protected":false},"featured_media":240648,"comment_status":"open","ping_status":"open","template":"","meta":[],"product_brand":[4723],"product_cat":[5052,5094],"product_tag":[5071],"class_list":{"0":"post-280188","1":"product","2":"type-product","3":"status-publish","4":"has-post-thumbnail","6":"product_brand-life-extension-2","7":"product_cat-sante-et-bien-etre","8":"product_cat-supplements-a-base-de-plantes","9":"product_tag-ecoplus-2","11":"first","12":"instock","13":"taxable","14":"shipping-taxable","15":"purchasable","16":"product-type-simple"},"yoast_head":"<!-- This site is optimized with the Yoast SEO Premium plugin v27.3 (Yoast SEO v27.3) - https:\/\/yoast.com\/product\/yoast-seo-premium-wordpress\/ -->\n<title>Glycemic Guard - 30 vcaps - ECO Supplements<\/title>\n<meta name=\"description\" content=\"Wij hebben een ruime keuze aan producten van Glycemic Guard - 30 vcaps . Winkel bij Eco Supplements altijd gratis verzending boven 100\u20ac\" \/>\n<meta name=\"robots\" content=\"index, follow, max-snippet:-1, max-image-preview:large, max-video-preview:-1\" \/>\n<link rel=\"canonical\" href=\"https:\/\/ecosupplements.be\/fr\/produit\/glycemic-guard-30-vcaps\/\" \/>\n<meta property=\"og:locale\" content=\"fr_FR\" \/>\n<meta property=\"og:type\" content=\"article\" \/>\n<meta property=\"og:title\" content=\"Glycemic Guard - 30 vcaps\" \/>\n<meta property=\"og:description\" content=\"Wij hebben een ruime keuze aan producten van Glycemic Guard - 30 vcaps . Winkel bij Eco Supplements altijd gratis verzending boven 100\u20ac\" \/>\n<meta property=\"og:url\" content=\"https:\/\/ecosupplements.be\/fr\/produit\/glycemic-guard-30-vcaps\/\" \/>\n<meta property=\"og:site_name\" content=\"ECO Supplements\" \/>\n<meta property=\"article:modified_time\" content=\"2025-08-27T09:08:09+00:00\" \/>\n<meta property=\"og:image\" content=\"https:\/\/ecosupplements.be\/wp-content\/uploads\/2025\/08\/Life-Extension-Glycemic-Guard-30-vcaps-1.jpg\" \/>\n\t<meta property=\"og:image:width\" content=\"750\" \/>\n\t<meta property=\"og:image:height\" content=\"750\" \/>\n\t<meta property=\"og:image:type\" content=\"image\/jpeg\" \/>\n<meta name=\"twitter:card\" content=\"summary_large_image\" \/>\n<meta name=\"twitter:label1\" content=\"Prix\" \/>\n\t<meta name=\"twitter:data1\" content=\"47.01&nbsp;&euro;\" \/>\n\t<meta name=\"twitter:label2\" content=\"Disponibilit\u00e9\" \/>\n\t<meta name=\"twitter:data2\" content=\"En stock\" \/>\n<script type=\"application\/ld+json\" class=\"yoast-schema-graph\">{\"@context\":\"https:\\\/\\\/schema.org\",\"@graph\":[{\"@type\":[\"WebPage\",\"ItemPage\"],\"@id\":\"https:\\\/\\\/ecosupplements.be\\\/fr\\\/produit\\\/glycemic-guard-30-vcaps\\\/\",\"url\":\"https:\\\/\\\/ecosupplements.be\\\/fr\\\/produit\\\/glycemic-guard-30-vcaps\\\/\",\"name\":\"Glycemic Guard - 30 vcaps - ECO Supplements\",\"isPartOf\":{\"@id\":\"https:\\\/\\\/ecosupplements.be\\\/fr\\\/#website\"},\"primaryImageOfPage\":{\"@id\":\"https:\\\/\\\/ecosupplements.be\\\/fr\\\/produit\\\/glycemic-guard-30-vcaps\\\/#primaryimage\"},\"image\":{\"@id\":\"https:\\\/\\\/ecosupplements.be\\\/fr\\\/produit\\\/glycemic-guard-30-vcaps\\\/#primaryimage\"},\"thumbnailUrl\":\"https:\\\/\\\/ecosupplements.be\\\/wp-content\\\/uploads\\\/2025\\\/08\\\/Life-Extension-Glycemic-Guard-30-vcaps-1.jpg\",\"datePublished\":\"2022-06-28T09:02:33+00:00\",\"dateModified\":\"2025-08-27T09:08:09+00:00\",\"description\":\"Wij hebben een ruime keuze aan producten van Glycemic Guard - 30 vcaps . Winkel bij Eco Supplements altijd gratis verzending boven 100\u20ac\",\"breadcrumb\":{\"@id\":\"https:\\\/\\\/ecosupplements.be\\\/fr\\\/produit\\\/glycemic-guard-30-vcaps\\\/#breadcrumb\"},\"inLanguage\":\"fr-FR\",\"potentialAction\":[{\"@type\":\"ReadAction\",\"target\":[\"https:\\\/\\\/ecosupplements.be\\\/fr\\\/produit\\\/glycemic-guard-30-vcaps\\\/\"]}]},{\"@type\":\"ImageObject\",\"inLanguage\":\"fr-FR\",\"@id\":\"https:\\\/\\\/ecosupplements.be\\\/fr\\\/produit\\\/glycemic-guard-30-vcaps\\\/#primaryimage\",\"url\":\"https:\\\/\\\/ecosupplements.be\\\/wp-content\\\/uploads\\\/2025\\\/08\\\/Life-Extension-Glycemic-Guard-30-vcaps-1.jpg\",\"contentUrl\":\"https:\\\/\\\/ecosupplements.be\\\/wp-content\\\/uploads\\\/2025\\\/08\\\/Life-Extension-Glycemic-Guard-30-vcaps-1.jpg\",\"width\":750,\"height\":750},{\"@type\":\"BreadcrumbList\",\"@id\":\"https:\\\/\\\/ecosupplements.be\\\/fr\\\/produit\\\/glycemic-guard-30-vcaps\\\/#breadcrumb\",\"itemListElement\":[{\"@type\":\"ListItem\",\"position\":1,\"name\":\"Home\",\"item\":\"https:\\\/\\\/ecosupplements.be\\\/fr\\\/\"},{\"@type\":\"ListItem\",\"position\":2,\"name\":\"Boutique\",\"item\":\"https:\\\/\\\/ecosupplements.be\\\/fr\\\/boutique\\\/\"},{\"@type\":\"ListItem\",\"position\":3,\"name\":\"Glycemic Guard &#8211; 30 vcaps\"}]},{\"@type\":\"WebSite\",\"@id\":\"https:\\\/\\\/ecosupplements.be\\\/fr\\\/#website\",\"url\":\"https:\\\/\\\/ecosupplements.be\\\/fr\\\/\",\"name\":\"ECO Supplements\",\"description\":\"Eco Supplements - Gezonde supplementen\",\"publisher\":{\"@id\":\"https:\\\/\\\/ecosupplements.be\\\/fr\\\/#organization\"},\"potentialAction\":[{\"@type\":\"SearchAction\",\"target\":{\"@type\":\"EntryPoint\",\"urlTemplate\":\"https:\\\/\\\/ecosupplements.be\\\/fr\\\/?s={search_term_string}\"},\"query-input\":{\"@type\":\"PropertyValueSpecification\",\"valueRequired\":true,\"valueName\":\"search_term_string\"}}],\"inLanguage\":\"fr-FR\"},{\"@type\":\"Organization\",\"@id\":\"https:\\\/\\\/ecosupplements.be\\\/fr\\\/#organization\",\"name\":\"Eco Supplements\",\"url\":\"https:\\\/\\\/ecosupplements.be\\\/fr\\\/\",\"logo\":{\"@type\":\"ImageObject\",\"inLanguage\":\"fr-FR\",\"@id\":\"https:\\\/\\\/ecosupplements.be\\\/fr\\\/#\\\/schema\\\/logo\\\/image\\\/\",\"url\":\"https:\\\/\\\/ecosupplements.be\\\/wp-content\\\/uploads\\\/2022\\\/06\\\/ecosupplement-family.png\",\"contentUrl\":\"https:\\\/\\\/ecosupplements.be\\\/wp-content\\\/uploads\\\/2022\\\/06\\\/ecosupplement-family.png\",\"width\":593,\"height\":374,\"caption\":\"Eco Supplements\"},\"image\":{\"@id\":\"https:\\\/\\\/ecosupplements.be\\\/fr\\\/#\\\/schema\\\/logo\\\/image\\\/\"}}]}<\/script>\n<meta property=\"product:brand\" content=\"Life Extension\" \/>\n<meta property=\"product:price:amount\" content=\"47.01\" \/>\n<meta property=\"product:price:currency\" content=\"EUR\" \/>\n<meta property=\"og:availability\" content=\"instock\" \/>\n<meta property=\"product:availability\" content=\"instock\" \/>\n<meta property=\"product:retailer_item_id\" content=\"737870212232\" \/>\n<meta property=\"product:condition\" content=\"new\" \/>\n<!-- \/ Yoast SEO Premium plugin. -->","yoast_head_json":{"title":"Glycemic Guard - 30 vcaps - ECO Supplements","description":"Wij hebben een ruime keuze aan producten van Glycemic Guard - 30 vcaps . Winkel bij Eco Supplements altijd gratis verzending boven 100\u20ac","robots":{"index":"index","follow":"follow","max-snippet":"max-snippet:-1","max-image-preview":"max-image-preview:large","max-video-preview":"max-video-preview:-1"},"canonical":"https:\/\/ecosupplements.be\/fr\/produit\/glycemic-guard-30-vcaps\/","og_locale":"fr_FR","og_type":"article","og_title":"Glycemic Guard - 30 vcaps","og_description":"Wij hebben een ruime keuze aan producten van Glycemic Guard - 30 vcaps . Winkel bij Eco Supplements altijd gratis verzending boven 100\u20ac","og_url":"https:\/\/ecosupplements.be\/fr\/produit\/glycemic-guard-30-vcaps\/","og_site_name":"ECO Supplements","article_modified_time":"2025-08-27T09:08:09+00:00","og_image":[{"width":750,"height":750,"url":"https:\/\/ecosupplements.be\/wp-content\/uploads\/2025\/08\/Life-Extension-Glycemic-Guard-30-vcaps-1.jpg","type":"image\/jpeg"}],"twitter_card":"summary_large_image","twitter_misc":{"Prix":"47.01&nbsp;&euro;","Disponibilit\u00e9":"En stock"},"schema":{"@context":"https:\/\/schema.org","@graph":[{"@type":["WebPage","ItemPage"],"@id":"https:\/\/ecosupplements.be\/fr\/produit\/glycemic-guard-30-vcaps\/","url":"https:\/\/ecosupplements.be\/fr\/produit\/glycemic-guard-30-vcaps\/","name":"Glycemic Guard - 30 vcaps - ECO Supplements","isPartOf":{"@id":"https:\/\/ecosupplements.be\/fr\/#website"},"primaryImageOfPage":{"@id":"https:\/\/ecosupplements.be\/fr\/produit\/glycemic-guard-30-vcaps\/#primaryimage"},"image":{"@id":"https:\/\/ecosupplements.be\/fr\/produit\/glycemic-guard-30-vcaps\/#primaryimage"},"thumbnailUrl":"https:\/\/ecosupplements.be\/wp-content\/uploads\/2025\/08\/Life-Extension-Glycemic-Guard-30-vcaps-1.jpg","datePublished":"2022-06-28T09:02:33+00:00","dateModified":"2025-08-27T09:08:09+00:00","description":"Wij hebben een ruime keuze aan producten van Glycemic Guard - 30 vcaps . Winkel bij Eco Supplements altijd gratis verzending boven 100\u20ac","breadcrumb":{"@id":"https:\/\/ecosupplements.be\/fr\/produit\/glycemic-guard-30-vcaps\/#breadcrumb"},"inLanguage":"fr-FR","potentialAction":[{"@type":"ReadAction","target":["https:\/\/ecosupplements.be\/fr\/produit\/glycemic-guard-30-vcaps\/"]}]},{"@type":"ImageObject","inLanguage":"fr-FR","@id":"https:\/\/ecosupplements.be\/fr\/produit\/glycemic-guard-30-vcaps\/#primaryimage","url":"https:\/\/ecosupplements.be\/wp-content\/uploads\/2025\/08\/Life-Extension-Glycemic-Guard-30-vcaps-1.jpg","contentUrl":"https:\/\/ecosupplements.be\/wp-content\/uploads\/2025\/08\/Life-Extension-Glycemic-Guard-30-vcaps-1.jpg","width":750,"height":750},{"@type":"BreadcrumbList","@id":"https:\/\/ecosupplements.be\/fr\/produit\/glycemic-guard-30-vcaps\/#breadcrumb","itemListElement":[{"@type":"ListItem","position":1,"name":"Home","item":"https:\/\/ecosupplements.be\/fr\/"},{"@type":"ListItem","position":2,"name":"Boutique","item":"https:\/\/ecosupplements.be\/fr\/boutique\/"},{"@type":"ListItem","position":3,"name":"Glycemic Guard &#8211; 30 vcaps"}]},{"@type":"WebSite","@id":"https:\/\/ecosupplements.be\/fr\/#website","url":"https:\/\/ecosupplements.be\/fr\/","name":"ECO Supplements","description":"Eco Supplements - Gezonde supplementen","publisher":{"@id":"https:\/\/ecosupplements.be\/fr\/#organization"},"potentialAction":[{"@type":"SearchAction","target":{"@type":"EntryPoint","urlTemplate":"https:\/\/ecosupplements.be\/fr\/?s={search_term_string}"},"query-input":{"@type":"PropertyValueSpecification","valueRequired":true,"valueName":"search_term_string"}}],"inLanguage":"fr-FR"},{"@type":"Organization","@id":"https:\/\/ecosupplements.be\/fr\/#organization","name":"Eco Supplements","url":"https:\/\/ecosupplements.be\/fr\/","logo":{"@type":"ImageObject","inLanguage":"fr-FR","@id":"https:\/\/ecosupplements.be\/fr\/#\/schema\/logo\/image\/","url":"https:\/\/ecosupplements.be\/wp-content\/uploads\/2022\/06\/ecosupplement-family.png","contentUrl":"https:\/\/ecosupplements.be\/wp-content\/uploads\/2022\/06\/ecosupplement-family.png","width":593,"height":374,"caption":"Eco Supplements"},"image":{"@id":"https:\/\/ecosupplements.be\/fr\/#\/schema\/logo\/image\/"}}]},"product_brand":"Life Extension","product_price_amount":"47.01","product_price_currency":"EUR","og_availability":"instock","product_availability":"instock","product_retailer_item_id":"737870212232","product_condition":"new"},"_links":{"self":[{"href":"https:\/\/ecosupplements.be\/fr\/wp-json\/wp\/v2\/product\/280188","targetHints":{"allow":["GET"]}}],"collection":[{"href":"https:\/\/ecosupplements.be\/fr\/wp-json\/wp\/v2\/product"}],"about":[{"href":"https:\/\/ecosupplements.be\/fr\/wp-json\/wp\/v2\/types\/product"}],"replies":[{"embeddable":true,"href":"https:\/\/ecosupplements.be\/fr\/wp-json\/wp\/v2\/comments?post=280188"}],"wp:featuredmedia":[{"embeddable":true,"href":"https:\/\/ecosupplements.be\/fr\/wp-json\/wp\/v2\/media\/240648"}],"wp:attachment":[{"href":"https:\/\/ecosupplements.be\/fr\/wp-json\/wp\/v2\/media?parent=280188"}],"wp:term":[{"taxonomy":"product_brand","embeddable":true,"href":"https:\/\/ecosupplements.be\/fr\/wp-json\/wp\/v2\/product_brand?post=280188"},{"taxonomy":"product_cat","embeddable":true,"href":"https:\/\/ecosupplements.be\/fr\/wp-json\/wp\/v2\/product_cat?post=280188"},{"taxonomy":"product_tag","embeddable":true,"href":"https:\/\/ecosupplements.be\/fr\/wp-json\/wp\/v2\/product_tag?post=280188"}],"curies":[{"name":"wp","href":"https:\/\/api.w.org\/{rel}","templated":true}]}}