{"id":280192,"date":"2022-06-28T10:02:33","date_gmt":"2022-06-28T09:02:33","guid":{"rendered":"https:\/\/ecosupplements.be\/product\/methylcobalamine-5mg-60-pastilles-vegetariennes\/"},"modified":"2025-08-27T10:08:22","modified_gmt":"2025-08-27T09:08:22","slug":"methylcobalamine-5mg-60-pastilles-vegetariennes","status":"publish","type":"product","link":"https:\/\/ecosupplements.be\/fr\/produit\/methylcobalamine-5mg-60-pastilles-vegetariennes\/","title":{"rendered":"M\u00e9thylcobalamine, 5mg &#8211; 60 pastilles v\u00e9g\u00e9tariennes"},"content":{"rendered":"<h1 style=\"text-align: center\">Life Extension &#8211; M\u00e9thylcobalamine<\/h1>\n<p>La vitamine B12 est pr\u00e9sente dans les aliments d&#8217;origine animale, notamment les produits laitiers et les \u0153ufs. Les v\u00e9g\u00e9tariens sont donc plus susceptibles de souffrir d&#8217;une carence alimentaire de ce nutriment important. De m\u00eame, on rapporte que les concentrations s\u00e9riques de vitamine B12 sont significativement plus faibles dans les groupes de population \u00e2g\u00e9s par rapport aux groupes plus jeunes. On estime que 10% \u00e0 30% des individus \u00e2g\u00e9s de plus de 50 ans ont une faible s\u00e9cr\u00e9tion d&#8217;acide gastrique, ce qui entra\u00eene une biodisponibilit\u00e9 r\u00e9duite de la vitamine B12 \u00e0 partir des aliments.<br \/>\nLa m\u00e9thylcobalamine est la forme de vitamine B12 active dans le syst\u00e8me nerveux central. Elle est essentielle \u00e0 la croissance et \u00e0 la r\u00e9plication des cellules. Chez certaines personnes, le foie peut ne pas convertir la cyanocobalamine, la forme courante de vitamine B12 sous forme de suppl\u00e9ment, en quantit\u00e9s ad\u00e9quates de m\u00e9thylcobalamine n\u00e9cessaires au bon fonctionnement des neurones. La m\u00e9thylcobalamine peut exercer ses effets neuroprotecteurs par le biais d&#8217;une m\u00e9thylation accrue, d&#8217;une acc\u00e9l\u00e9ration de la croissance des cellules nerveuses ou de sa capacit\u00e9 \u00e0 maintenir des niveaux d&#8217;homocyst\u00e9ine d\u00e9j\u00e0 sains.<\/p>\n<p><img decoding=\"async\" src=\"https:\/\/ecosupplements.be\/wp-content\/uploads\/2025\/08\/non-gmo-1.png\" title=\"Non-OGM\" alt=\"Non-GMO\"><\/p>\n","protected":false},"excerpt":{"rendered":"<p>Life Extension &#8211; M\u00e9thylcobalamine La vitamine B12 est pr\u00e9sente dans les aliments d&#8217;origine animale, notamment les produits laitiers et les \u0153ufs. Les v\u00e9g\u00e9tariens sont donc plus susceptibles de souffrir d&#8217;une carence alimentaire de ce nutriment important. De m\u00eame, on rapporte que les concentrations s\u00e9riques de vitamine B12 sont significativement plus faibles dans les groupes de [&#8230;]\n","protected":false},"featured_media":240668,"comment_status":"open","ping_status":"open","template":"","meta":[],"product_brand":[4723],"product_cat":[5052,5053,5059],"product_tag":[5069],"class_list":{"0":"post-280192","1":"product","2":"type-product","3":"status-publish","4":"has-post-thumbnail","6":"product_brand-life-extension-2","7":"product_cat-sante-et-bien-etre","8":"product_cat-vitamines-et-mineraux","9":"product_cat-vitamines-simples","10":"product_tag-topeco-2","12":"first","13":"instock","14":"taxable","15":"shipping-taxable","16":"purchasable","17":"product-type-simple"},"yoast_head":"<!-- This site is optimized with the Yoast SEO Premium plugin v27.3 (Yoast SEO v27.3) - https:\/\/yoast.com\/product\/yoast-seo-premium-wordpress\/ -->\n<title>M\u00e9thylcobalamine, 5mg - 60 pastilles v\u00e9g\u00e9tariennes - ECO Supplements<\/title>\n<meta name=\"description\" content=\"Wij hebben een ruime keuze aan producten van M\u00e9thylcobalamine, 5mg - 60 pastilles v\u00e9g\u00e9tariennes . Winkel bij Eco Supplements altijd gratis verzending boven 100\u20ac\" \/>\n<meta name=\"robots\" content=\"index, follow, max-snippet:-1, max-image-preview:large, max-video-preview:-1\" \/>\n<link rel=\"canonical\" href=\"https:\/\/ecosupplements.be\/fr\/produit\/methylcobalamine-5mg-60-pastilles-vegetariennes\/\" \/>\n<meta property=\"og:locale\" content=\"fr_FR\" \/>\n<meta property=\"og:type\" content=\"article\" \/>\n<meta property=\"og:title\" content=\"M\u00e9thylcobalamine, 5mg - 60 pastilles v\u00e9g\u00e9tariennes\" \/>\n<meta property=\"og:description\" content=\"Wij hebben een ruime keuze aan producten van M\u00e9thylcobalamine, 5mg - 60 pastilles v\u00e9g\u00e9tariennes . Winkel bij Eco Supplements altijd gratis verzending boven 100\u20ac\" \/>\n<meta property=\"og:url\" content=\"https:\/\/ecosupplements.be\/fr\/produit\/methylcobalamine-5mg-60-pastilles-vegetariennes\/\" \/>\n<meta property=\"og:site_name\" content=\"ECO Supplements\" \/>\n<meta property=\"article:modified_time\" content=\"2025-08-27T09:08:22+00:00\" \/>\n<meta property=\"og:image\" content=\"https:\/\/ecosupplements.be\/wp-content\/uploads\/2025\/08\/Life-Extension-Methylcobalamin-5mg-60-vegetarian-lozenges-1.jpg\" \/>\n\t<meta property=\"og:image:width\" content=\"750\" \/>\n\t<meta property=\"og:image:height\" content=\"750\" \/>\n\t<meta property=\"og:image:type\" content=\"image\/jpeg\" \/>\n<meta name=\"twitter:card\" content=\"summary_large_image\" \/>\n<meta name=\"twitter:label1\" content=\"Prix\" \/>\n\t<meta name=\"twitter:data1\" content=\"32.29&nbsp;&euro;\" \/>\n\t<meta name=\"twitter:label2\" content=\"Disponibilit\u00e9\" \/>\n\t<meta name=\"twitter:data2\" content=\"En stock\" \/>\n<script type=\"application\/ld+json\" class=\"yoast-schema-graph\">{\"@context\":\"https:\\\/\\\/schema.org\",\"@graph\":[{\"@type\":[\"WebPage\",\"ItemPage\"],\"@id\":\"https:\\\/\\\/ecosupplements.be\\\/fr\\\/produit\\\/methylcobalamine-5mg-60-pastilles-vegetariennes\\\/\",\"url\":\"https:\\\/\\\/ecosupplements.be\\\/fr\\\/produit\\\/methylcobalamine-5mg-60-pastilles-vegetariennes\\\/\",\"name\":\"M\u00e9thylcobalamine, 5mg - 60 pastilles v\u00e9g\u00e9tariennes - ECO Supplements\",\"isPartOf\":{\"@id\":\"https:\\\/\\\/ecosupplements.be\\\/fr\\\/#website\"},\"primaryImageOfPage\":{\"@id\":\"https:\\\/\\\/ecosupplements.be\\\/fr\\\/produit\\\/methylcobalamine-5mg-60-pastilles-vegetariennes\\\/#primaryimage\"},\"image\":{\"@id\":\"https:\\\/\\\/ecosupplements.be\\\/fr\\\/produit\\\/methylcobalamine-5mg-60-pastilles-vegetariennes\\\/#primaryimage\"},\"thumbnailUrl\":\"https:\\\/\\\/ecosupplements.be\\\/wp-content\\\/uploads\\\/2025\\\/08\\\/Life-Extension-Methylcobalamin-5mg-60-vegetarian-lozenges-1.jpg\",\"datePublished\":\"2022-06-28T09:02:33+00:00\",\"dateModified\":\"2025-08-27T09:08:22+00:00\",\"description\":\"Wij hebben een ruime keuze aan producten van M\u00e9thylcobalamine, 5mg - 60 pastilles v\u00e9g\u00e9tariennes . Winkel bij Eco Supplements altijd gratis verzending boven 100\u20ac\",\"breadcrumb\":{\"@id\":\"https:\\\/\\\/ecosupplements.be\\\/fr\\\/produit\\\/methylcobalamine-5mg-60-pastilles-vegetariennes\\\/#breadcrumb\"},\"inLanguage\":\"fr-FR\",\"potentialAction\":[{\"@type\":\"ReadAction\",\"target\":[\"https:\\\/\\\/ecosupplements.be\\\/fr\\\/produit\\\/methylcobalamine-5mg-60-pastilles-vegetariennes\\\/\"]}]},{\"@type\":\"ImageObject\",\"inLanguage\":\"fr-FR\",\"@id\":\"https:\\\/\\\/ecosupplements.be\\\/fr\\\/produit\\\/methylcobalamine-5mg-60-pastilles-vegetariennes\\\/#primaryimage\",\"url\":\"https:\\\/\\\/ecosupplements.be\\\/wp-content\\\/uploads\\\/2025\\\/08\\\/Life-Extension-Methylcobalamin-5mg-60-vegetarian-lozenges-1.jpg\",\"contentUrl\":\"https:\\\/\\\/ecosupplements.be\\\/wp-content\\\/uploads\\\/2025\\\/08\\\/Life-Extension-Methylcobalamin-5mg-60-vegetarian-lozenges-1.jpg\",\"width\":750,\"height\":750},{\"@type\":\"BreadcrumbList\",\"@id\":\"https:\\\/\\\/ecosupplements.be\\\/fr\\\/produit\\\/methylcobalamine-5mg-60-pastilles-vegetariennes\\\/#breadcrumb\",\"itemListElement\":[{\"@type\":\"ListItem\",\"position\":1,\"name\":\"Home\",\"item\":\"https:\\\/\\\/ecosupplements.be\\\/fr\\\/\"},{\"@type\":\"ListItem\",\"position\":2,\"name\":\"Boutique\",\"item\":\"https:\\\/\\\/ecosupplements.be\\\/fr\\\/boutique\\\/\"},{\"@type\":\"ListItem\",\"position\":3,\"name\":\"M\u00e9thylcobalamine, 5mg &#8211; 60 pastilles v\u00e9g\u00e9tariennes\"}]},{\"@type\":\"WebSite\",\"@id\":\"https:\\\/\\\/ecosupplements.be\\\/fr\\\/#website\",\"url\":\"https:\\\/\\\/ecosupplements.be\\\/fr\\\/\",\"name\":\"ECO Supplements\",\"description\":\"Eco Supplements - Gezonde supplementen\",\"publisher\":{\"@id\":\"https:\\\/\\\/ecosupplements.be\\\/fr\\\/#organization\"},\"potentialAction\":[{\"@type\":\"SearchAction\",\"target\":{\"@type\":\"EntryPoint\",\"urlTemplate\":\"https:\\\/\\\/ecosupplements.be\\\/fr\\\/?s={search_term_string}\"},\"query-input\":{\"@type\":\"PropertyValueSpecification\",\"valueRequired\":true,\"valueName\":\"search_term_string\"}}],\"inLanguage\":\"fr-FR\"},{\"@type\":\"Organization\",\"@id\":\"https:\\\/\\\/ecosupplements.be\\\/fr\\\/#organization\",\"name\":\"Eco Supplements\",\"url\":\"https:\\\/\\\/ecosupplements.be\\\/fr\\\/\",\"logo\":{\"@type\":\"ImageObject\",\"inLanguage\":\"fr-FR\",\"@id\":\"https:\\\/\\\/ecosupplements.be\\\/fr\\\/#\\\/schema\\\/logo\\\/image\\\/\",\"url\":\"https:\\\/\\\/ecosupplements.be\\\/wp-content\\\/uploads\\\/2022\\\/06\\\/ecosupplement-family.png\",\"contentUrl\":\"https:\\\/\\\/ecosupplements.be\\\/wp-content\\\/uploads\\\/2022\\\/06\\\/ecosupplement-family.png\",\"width\":593,\"height\":374,\"caption\":\"Eco Supplements\"},\"image\":{\"@id\":\"https:\\\/\\\/ecosupplements.be\\\/fr\\\/#\\\/schema\\\/logo\\\/image\\\/\"}}]}<\/script>\n<meta property=\"product:brand\" content=\"Life Extension\" \/>\n<meta property=\"product:price:amount\" content=\"32.29\" \/>\n<meta property=\"product:price:currency\" content=\"EUR\" \/>\n<meta property=\"og:availability\" content=\"instock\" \/>\n<meta property=\"product:availability\" content=\"instock\" \/>\n<meta property=\"product:retailer_item_id\" content=\"737870153764\" \/>\n<meta property=\"product:condition\" content=\"new\" \/>\n<!-- \/ Yoast SEO Premium plugin. -->","yoast_head_json":{"title":"M\u00e9thylcobalamine, 5mg - 60 pastilles v\u00e9g\u00e9tariennes - ECO Supplements","description":"Wij hebben een ruime keuze aan producten van M\u00e9thylcobalamine, 5mg - 60 pastilles v\u00e9g\u00e9tariennes . Winkel bij Eco Supplements altijd gratis verzending boven 100\u20ac","robots":{"index":"index","follow":"follow","max-snippet":"max-snippet:-1","max-image-preview":"max-image-preview:large","max-video-preview":"max-video-preview:-1"},"canonical":"https:\/\/ecosupplements.be\/fr\/produit\/methylcobalamine-5mg-60-pastilles-vegetariennes\/","og_locale":"fr_FR","og_type":"article","og_title":"M\u00e9thylcobalamine, 5mg - 60 pastilles v\u00e9g\u00e9tariennes","og_description":"Wij hebben een ruime keuze aan producten van M\u00e9thylcobalamine, 5mg - 60 pastilles v\u00e9g\u00e9tariennes . Winkel bij Eco Supplements altijd gratis verzending boven 100\u20ac","og_url":"https:\/\/ecosupplements.be\/fr\/produit\/methylcobalamine-5mg-60-pastilles-vegetariennes\/","og_site_name":"ECO Supplements","article_modified_time":"2025-08-27T09:08:22+00:00","og_image":[{"width":750,"height":750,"url":"https:\/\/ecosupplements.be\/wp-content\/uploads\/2025\/08\/Life-Extension-Methylcobalamin-5mg-60-vegetarian-lozenges-1.jpg","type":"image\/jpeg"}],"twitter_card":"summary_large_image","twitter_misc":{"Prix":"32.29&nbsp;&euro;","Disponibilit\u00e9":"En stock"},"schema":{"@context":"https:\/\/schema.org","@graph":[{"@type":["WebPage","ItemPage"],"@id":"https:\/\/ecosupplements.be\/fr\/produit\/methylcobalamine-5mg-60-pastilles-vegetariennes\/","url":"https:\/\/ecosupplements.be\/fr\/produit\/methylcobalamine-5mg-60-pastilles-vegetariennes\/","name":"M\u00e9thylcobalamine, 5mg - 60 pastilles v\u00e9g\u00e9tariennes - ECO Supplements","isPartOf":{"@id":"https:\/\/ecosupplements.be\/fr\/#website"},"primaryImageOfPage":{"@id":"https:\/\/ecosupplements.be\/fr\/produit\/methylcobalamine-5mg-60-pastilles-vegetariennes\/#primaryimage"},"image":{"@id":"https:\/\/ecosupplements.be\/fr\/produit\/methylcobalamine-5mg-60-pastilles-vegetariennes\/#primaryimage"},"thumbnailUrl":"https:\/\/ecosupplements.be\/wp-content\/uploads\/2025\/08\/Life-Extension-Methylcobalamin-5mg-60-vegetarian-lozenges-1.jpg","datePublished":"2022-06-28T09:02:33+00:00","dateModified":"2025-08-27T09:08:22+00:00","description":"Wij hebben een ruime keuze aan producten van M\u00e9thylcobalamine, 5mg - 60 pastilles v\u00e9g\u00e9tariennes . Winkel bij Eco Supplements altijd gratis verzending boven 100\u20ac","breadcrumb":{"@id":"https:\/\/ecosupplements.be\/fr\/produit\/methylcobalamine-5mg-60-pastilles-vegetariennes\/#breadcrumb"},"inLanguage":"fr-FR","potentialAction":[{"@type":"ReadAction","target":["https:\/\/ecosupplements.be\/fr\/produit\/methylcobalamine-5mg-60-pastilles-vegetariennes\/"]}]},{"@type":"ImageObject","inLanguage":"fr-FR","@id":"https:\/\/ecosupplements.be\/fr\/produit\/methylcobalamine-5mg-60-pastilles-vegetariennes\/#primaryimage","url":"https:\/\/ecosupplements.be\/wp-content\/uploads\/2025\/08\/Life-Extension-Methylcobalamin-5mg-60-vegetarian-lozenges-1.jpg","contentUrl":"https:\/\/ecosupplements.be\/wp-content\/uploads\/2025\/08\/Life-Extension-Methylcobalamin-5mg-60-vegetarian-lozenges-1.jpg","width":750,"height":750},{"@type":"BreadcrumbList","@id":"https:\/\/ecosupplements.be\/fr\/produit\/methylcobalamine-5mg-60-pastilles-vegetariennes\/#breadcrumb","itemListElement":[{"@type":"ListItem","position":1,"name":"Home","item":"https:\/\/ecosupplements.be\/fr\/"},{"@type":"ListItem","position":2,"name":"Boutique","item":"https:\/\/ecosupplements.be\/fr\/boutique\/"},{"@type":"ListItem","position":3,"name":"M\u00e9thylcobalamine, 5mg &#8211; 60 pastilles v\u00e9g\u00e9tariennes"}]},{"@type":"WebSite","@id":"https:\/\/ecosupplements.be\/fr\/#website","url":"https:\/\/ecosupplements.be\/fr\/","name":"ECO Supplements","description":"Eco Supplements - Gezonde supplementen","publisher":{"@id":"https:\/\/ecosupplements.be\/fr\/#organization"},"potentialAction":[{"@type":"SearchAction","target":{"@type":"EntryPoint","urlTemplate":"https:\/\/ecosupplements.be\/fr\/?s={search_term_string}"},"query-input":{"@type":"PropertyValueSpecification","valueRequired":true,"valueName":"search_term_string"}}],"inLanguage":"fr-FR"},{"@type":"Organization","@id":"https:\/\/ecosupplements.be\/fr\/#organization","name":"Eco Supplements","url":"https:\/\/ecosupplements.be\/fr\/","logo":{"@type":"ImageObject","inLanguage":"fr-FR","@id":"https:\/\/ecosupplements.be\/fr\/#\/schema\/logo\/image\/","url":"https:\/\/ecosupplements.be\/wp-content\/uploads\/2022\/06\/ecosupplement-family.png","contentUrl":"https:\/\/ecosupplements.be\/wp-content\/uploads\/2022\/06\/ecosupplement-family.png","width":593,"height":374,"caption":"Eco Supplements"},"image":{"@id":"https:\/\/ecosupplements.be\/fr\/#\/schema\/logo\/image\/"}}]},"product_brand":"Life Extension","product_price_amount":"32.29","product_price_currency":"EUR","og_availability":"instock","product_availability":"instock","product_retailer_item_id":"737870153764","product_condition":"new"},"_links":{"self":[{"href":"https:\/\/ecosupplements.be\/fr\/wp-json\/wp\/v2\/product\/280192","targetHints":{"allow":["GET"]}}],"collection":[{"href":"https:\/\/ecosupplements.be\/fr\/wp-json\/wp\/v2\/product"}],"about":[{"href":"https:\/\/ecosupplements.be\/fr\/wp-json\/wp\/v2\/types\/product"}],"replies":[{"embeddable":true,"href":"https:\/\/ecosupplements.be\/fr\/wp-json\/wp\/v2\/comments?post=280192"}],"wp:featuredmedia":[{"embeddable":true,"href":"https:\/\/ecosupplements.be\/fr\/wp-json\/wp\/v2\/media\/240668"}],"wp:attachment":[{"href":"https:\/\/ecosupplements.be\/fr\/wp-json\/wp\/v2\/media?parent=280192"}],"wp:term":[{"taxonomy":"product_brand","embeddable":true,"href":"https:\/\/ecosupplements.be\/fr\/wp-json\/wp\/v2\/product_brand?post=280192"},{"taxonomy":"product_cat","embeddable":true,"href":"https:\/\/ecosupplements.be\/fr\/wp-json\/wp\/v2\/product_cat?post=280192"},{"taxonomy":"product_tag","embeddable":true,"href":"https:\/\/ecosupplements.be\/fr\/wp-json\/wp\/v2\/product_tag?post=280192"}],"curies":[{"name":"wp","href":"https:\/\/api.w.org\/{rel}","templated":true}]}}