{"id":280195,"date":"2022-06-28T10:02:33","date_gmt":"2022-06-28T09:02:33","guid":{"rendered":"https:\/\/ecosupplements.be\/product\/folate-optimise-1700mcg-100-comprimes-vegetariens\/"},"modified":"2025-08-27T10:08:33","modified_gmt":"2025-08-27T09:08:33","slug":"folate-optimise-1700mcg-100-comprimes-vegetariens","status":"publish","type":"product","link":"https:\/\/ecosupplements.be\/fr\/produit\/folate-optimise-1700mcg-100-comprimes-vegetariens\/","title":{"rendered":"Folate optimis\u00e9, 1700mcg &#8211; 100 comprim\u00e9s v\u00e9g\u00e9tariens"},"content":{"rendered":"<h1 style=\"text-align: center;\">Life Extension &#8211; Folate optimis\u00e9<\/h1>\n<p>Notre formule Folate optimis\u00e9 favorise la sant\u00e9 cardiovasculaire et cognitive avec 1 700 mcg de folate sous forme de 5-MTHF, la forme m\u00e9taboliquement active de l&#8217;acide folique.<br \/>\nLes avantages en un coup d&#8217;\u0153il :<br \/>\nSoutient la sant\u00e9 cardiovasculaire<br \/>\nSoutient la synth\u00e8se des neurotransmetteurs et les r\u00e9actions enzymatiques critiques<br \/>\nMaintient des niveaux sains d&#8217;homocyst\u00e9ine<br \/>\nL&#8217;acide folique est un compl\u00e9ment de vitamine B courant. Le folate aide \u00e0 maintenir des niveaux d&#8217;homocyst\u00e9ine sains, d\u00e9j\u00e0 dans la fourchette normale. Les niveaux d&#8217;homocyst\u00e9ine sont un biomarqueur important pour la sant\u00e9 cardiovasculaire et cognitive &#8211; soyez donc proactif.<\/p>\n<p>Les folates aident \u00e0 maintenir des niveaux d&#8217;homocyst\u00e9ine sains, d\u00e9j\u00e0 dans la fourchette normale. En aidant \u00e0 inhiber l&#8217;exc\u00e8s d&#8217;homocyst\u00e9ine, le folate soutient des niveaux sains de cet important biomarqueur de sant\u00e9 cardiovasculaire. \u00c9tant donn\u00e9 que les personnes pr\u00e9sentant des taux \u00e9lev\u00e9s d&#8217;homocyst\u00e9ine ont un risque plus \u00e9lev\u00e9 de d\u00e9clin cognitif, un apport suffisant en folates est particuli\u00e8rement crucial pour les personnes vieillissantes qui tentent de maintenir leur sant\u00e9 cognitive.<br \/>\nL&#8217;ANR en folate pour les adultes non enceintes ou allaitants est de 400 mcg par jour. Cette formule fournit 1 700 mcg de folate 5-MTHF. Si vous recherchez une dose plus \u00e9lev\u00e9e, essayez notre formule Folate optimis\u00e9 haute puissance, qui fournit 5 000 mcg de 5-MTHF. Vous pouvez combiner l&#8217;une ou l&#8217;autre formule avec de la vitamine B12 sous la forme de m\u00e9thylcobalamine, de la vitamine B6 sous la forme de pyridoxal 5&#8242;-phosphate ou de chlorhydrate de pyridoxine, et\/ou de la riboflavine.<\/p>\n<p><img decoding=\"async\" src=\"https:\/\/ecosupplements.be\/wp-content\/uploads\/2025\/08\/non-gmo-1.png\" title=\"Non-OGM\" alt=\"Non-GMO\"><\/p>\n","protected":false},"excerpt":{"rendered":"<p>Life Extension &#8211; Folate optimis\u00e9 Notre formule Folate optimis\u00e9 favorise la sant\u00e9 cardiovasculaire et cognitive avec 1 700 mcg de folate sous forme de 5-MTHF, la forme m\u00e9taboliquement active de l&#8217;acide folique. Les avantages en un coup d&#8217;\u0153il : Soutient la sant\u00e9 cardiovasculaire Soutient la synth\u00e8se des neurotransmetteurs et les r\u00e9actions enzymatiques critiques Maintient des [&#8230;]\n","protected":false},"featured_media":240683,"comment_status":"open","ping_status":"open","template":"","meta":[],"product_brand":[4723],"product_cat":[5117,5053,5059],"product_tag":[],"class_list":{"0":"post-280195","1":"product","2":"type-product","3":"status-publish","4":"has-post-thumbnail","6":"product_brand-life-extension-2","7":"product_cat-folate","8":"product_cat-vitamines-et-mineraux","9":"product_cat-vitamines-simples","11":"first","12":"instock","13":"taxable","14":"shipping-taxable","15":"purchasable","16":"product-type-simple"},"yoast_head":"<!-- This site is optimized with the Yoast SEO Premium plugin v27.3 (Yoast SEO v27.3) - https:\/\/yoast.com\/product\/yoast-seo-premium-wordpress\/ -->\n<title>Folate optimis\u00e9, 1700mcg - 100 comprim\u00e9s v\u00e9g\u00e9tariens - ECO Supplements<\/title>\n<meta name=\"description\" content=\"Wij hebben een ruime keuze aan producten van Folate optimis\u00e9, 1700mcg - 100 comprim\u00e9s v\u00e9g\u00e9tariens . Winkel bij Eco Supplements altijd gratis verzending boven 100\u20ac\" \/>\n<meta name=\"robots\" content=\"index, follow, max-snippet:-1, max-image-preview:large, max-video-preview:-1\" \/>\n<link rel=\"canonical\" href=\"https:\/\/ecosupplements.be\/fr\/produit\/folate-optimise-1700mcg-100-comprimes-vegetariens\/\" \/>\n<meta property=\"og:locale\" content=\"fr_FR\" \/>\n<meta property=\"og:type\" content=\"article\" \/>\n<meta property=\"og:title\" content=\"Folate optimis\u00e9, 1700mcg - 100 comprim\u00e9s v\u00e9g\u00e9tariens\" \/>\n<meta property=\"og:description\" content=\"Wij hebben een ruime keuze aan producten van Folate optimis\u00e9, 1700mcg - 100 comprim\u00e9s v\u00e9g\u00e9tariens . Winkel bij Eco Supplements altijd gratis verzending boven 100\u20ac\" \/>\n<meta property=\"og:url\" content=\"https:\/\/ecosupplements.be\/fr\/produit\/folate-optimise-1700mcg-100-comprimes-vegetariens\/\" \/>\n<meta property=\"og:site_name\" content=\"ECO Supplements\" \/>\n<meta property=\"article:modified_time\" content=\"2025-08-27T09:08:33+00:00\" \/>\n<meta property=\"og:image\" content=\"https:\/\/ecosupplements.be\/wp-content\/uploads\/2025\/08\/Life-Extension-Optimized-Folate-1000mcg-100-vcaps-1.jpg\" \/>\n\t<meta property=\"og:image:width\" content=\"750\" \/>\n\t<meta property=\"og:image:height\" content=\"750\" \/>\n\t<meta property=\"og:image:type\" content=\"image\/jpeg\" \/>\n<meta name=\"twitter:card\" content=\"summary_large_image\" \/>\n<meta name=\"twitter:label1\" content=\"Prix\" \/>\n\t<meta name=\"twitter:data1\" content=\"17.43&nbsp;&euro;\" \/>\n\t<meta name=\"twitter:label2\" content=\"Disponibilit\u00e9\" \/>\n\t<meta name=\"twitter:data2\" content=\"En stock\" \/>\n<script type=\"application\/ld+json\" class=\"yoast-schema-graph\">{\"@context\":\"https:\\\/\\\/schema.org\",\"@graph\":[{\"@type\":[\"WebPage\",\"ItemPage\"],\"@id\":\"https:\\\/\\\/ecosupplements.be\\\/fr\\\/produit\\\/folate-optimise-1700mcg-100-comprimes-vegetariens\\\/\",\"url\":\"https:\\\/\\\/ecosupplements.be\\\/fr\\\/produit\\\/folate-optimise-1700mcg-100-comprimes-vegetariens\\\/\",\"name\":\"Folate optimis\u00e9, 1700mcg - 100 comprim\u00e9s v\u00e9g\u00e9tariens - ECO Supplements\",\"isPartOf\":{\"@id\":\"https:\\\/\\\/ecosupplements.be\\\/fr\\\/#website\"},\"primaryImageOfPage\":{\"@id\":\"https:\\\/\\\/ecosupplements.be\\\/fr\\\/produit\\\/folate-optimise-1700mcg-100-comprimes-vegetariens\\\/#primaryimage\"},\"image\":{\"@id\":\"https:\\\/\\\/ecosupplements.be\\\/fr\\\/produit\\\/folate-optimise-1700mcg-100-comprimes-vegetariens\\\/#primaryimage\"},\"thumbnailUrl\":\"https:\\\/\\\/ecosupplements.be\\\/wp-content\\\/uploads\\\/2025\\\/08\\\/Life-Extension-Optimized-Folate-1000mcg-100-vcaps-1.jpg\",\"datePublished\":\"2022-06-28T09:02:33+00:00\",\"dateModified\":\"2025-08-27T09:08:33+00:00\",\"description\":\"Wij hebben een ruime keuze aan producten van Folate optimis\u00e9, 1700mcg - 100 comprim\u00e9s v\u00e9g\u00e9tariens . Winkel bij Eco Supplements altijd gratis verzending boven 100\u20ac\",\"breadcrumb\":{\"@id\":\"https:\\\/\\\/ecosupplements.be\\\/fr\\\/produit\\\/folate-optimise-1700mcg-100-comprimes-vegetariens\\\/#breadcrumb\"},\"inLanguage\":\"fr-FR\",\"potentialAction\":[{\"@type\":\"ReadAction\",\"target\":[\"https:\\\/\\\/ecosupplements.be\\\/fr\\\/produit\\\/folate-optimise-1700mcg-100-comprimes-vegetariens\\\/\"]}]},{\"@type\":\"ImageObject\",\"inLanguage\":\"fr-FR\",\"@id\":\"https:\\\/\\\/ecosupplements.be\\\/fr\\\/produit\\\/folate-optimise-1700mcg-100-comprimes-vegetariens\\\/#primaryimage\",\"url\":\"https:\\\/\\\/ecosupplements.be\\\/wp-content\\\/uploads\\\/2025\\\/08\\\/Life-Extension-Optimized-Folate-1000mcg-100-vcaps-1.jpg\",\"contentUrl\":\"https:\\\/\\\/ecosupplements.be\\\/wp-content\\\/uploads\\\/2025\\\/08\\\/Life-Extension-Optimized-Folate-1000mcg-100-vcaps-1.jpg\",\"width\":750,\"height\":750},{\"@type\":\"BreadcrumbList\",\"@id\":\"https:\\\/\\\/ecosupplements.be\\\/fr\\\/produit\\\/folate-optimise-1700mcg-100-comprimes-vegetariens\\\/#breadcrumb\",\"itemListElement\":[{\"@type\":\"ListItem\",\"position\":1,\"name\":\"Home\",\"item\":\"https:\\\/\\\/ecosupplements.be\\\/fr\\\/\"},{\"@type\":\"ListItem\",\"position\":2,\"name\":\"Boutique\",\"item\":\"https:\\\/\\\/ecosupplements.be\\\/fr\\\/boutique\\\/\"},{\"@type\":\"ListItem\",\"position\":3,\"name\":\"Folate optimis\u00e9, 1700mcg &#8211; 100 comprim\u00e9s v\u00e9g\u00e9tariens\"}]},{\"@type\":\"WebSite\",\"@id\":\"https:\\\/\\\/ecosupplements.be\\\/fr\\\/#website\",\"url\":\"https:\\\/\\\/ecosupplements.be\\\/fr\\\/\",\"name\":\"ECO Supplements\",\"description\":\"Eco Supplements - Gezonde supplementen\",\"publisher\":{\"@id\":\"https:\\\/\\\/ecosupplements.be\\\/fr\\\/#organization\"},\"potentialAction\":[{\"@type\":\"SearchAction\",\"target\":{\"@type\":\"EntryPoint\",\"urlTemplate\":\"https:\\\/\\\/ecosupplements.be\\\/fr\\\/?s={search_term_string}\"},\"query-input\":{\"@type\":\"PropertyValueSpecification\",\"valueRequired\":true,\"valueName\":\"search_term_string\"}}],\"inLanguage\":\"fr-FR\"},{\"@type\":\"Organization\",\"@id\":\"https:\\\/\\\/ecosupplements.be\\\/fr\\\/#organization\",\"name\":\"Eco Supplements\",\"url\":\"https:\\\/\\\/ecosupplements.be\\\/fr\\\/\",\"logo\":{\"@type\":\"ImageObject\",\"inLanguage\":\"fr-FR\",\"@id\":\"https:\\\/\\\/ecosupplements.be\\\/fr\\\/#\\\/schema\\\/logo\\\/image\\\/\",\"url\":\"https:\\\/\\\/ecosupplements.be\\\/wp-content\\\/uploads\\\/2022\\\/06\\\/ecosupplement-family.png\",\"contentUrl\":\"https:\\\/\\\/ecosupplements.be\\\/wp-content\\\/uploads\\\/2022\\\/06\\\/ecosupplement-family.png\",\"width\":593,\"height\":374,\"caption\":\"Eco Supplements\"},\"image\":{\"@id\":\"https:\\\/\\\/ecosupplements.be\\\/fr\\\/#\\\/schema\\\/logo\\\/image\\\/\"}}]}<\/script>\n<meta property=\"product:brand\" content=\"Life Extension\" \/>\n<meta property=\"product:price:amount\" content=\"17.43\" \/>\n<meta property=\"product:price:currency\" content=\"EUR\" \/>\n<meta property=\"og:availability\" content=\"instock\" \/>\n<meta property=\"product:availability\" content=\"instock\" \/>\n<meta property=\"product:retailer_item_id\" content=\"737870193913\" \/>\n<meta property=\"product:condition\" content=\"new\" \/>\n<!-- \/ Yoast SEO Premium plugin. -->","yoast_head_json":{"title":"Folate optimis\u00e9, 1700mcg - 100 comprim\u00e9s v\u00e9g\u00e9tariens - ECO Supplements","description":"Wij hebben een ruime keuze aan producten van Folate optimis\u00e9, 1700mcg - 100 comprim\u00e9s v\u00e9g\u00e9tariens . Winkel bij Eco Supplements altijd gratis verzending boven 100\u20ac","robots":{"index":"index","follow":"follow","max-snippet":"max-snippet:-1","max-image-preview":"max-image-preview:large","max-video-preview":"max-video-preview:-1"},"canonical":"https:\/\/ecosupplements.be\/fr\/produit\/folate-optimise-1700mcg-100-comprimes-vegetariens\/","og_locale":"fr_FR","og_type":"article","og_title":"Folate optimis\u00e9, 1700mcg - 100 comprim\u00e9s v\u00e9g\u00e9tariens","og_description":"Wij hebben een ruime keuze aan producten van Folate optimis\u00e9, 1700mcg - 100 comprim\u00e9s v\u00e9g\u00e9tariens . Winkel bij Eco Supplements altijd gratis verzending boven 100\u20ac","og_url":"https:\/\/ecosupplements.be\/fr\/produit\/folate-optimise-1700mcg-100-comprimes-vegetariens\/","og_site_name":"ECO Supplements","article_modified_time":"2025-08-27T09:08:33+00:00","og_image":[{"width":750,"height":750,"url":"https:\/\/ecosupplements.be\/wp-content\/uploads\/2025\/08\/Life-Extension-Optimized-Folate-1000mcg-100-vcaps-1.jpg","type":"image\/jpeg"}],"twitter_card":"summary_large_image","twitter_misc":{"Prix":"17.43&nbsp;&euro;","Disponibilit\u00e9":"En stock"},"schema":{"@context":"https:\/\/schema.org","@graph":[{"@type":["WebPage","ItemPage"],"@id":"https:\/\/ecosupplements.be\/fr\/produit\/folate-optimise-1700mcg-100-comprimes-vegetariens\/","url":"https:\/\/ecosupplements.be\/fr\/produit\/folate-optimise-1700mcg-100-comprimes-vegetariens\/","name":"Folate optimis\u00e9, 1700mcg - 100 comprim\u00e9s v\u00e9g\u00e9tariens - ECO Supplements","isPartOf":{"@id":"https:\/\/ecosupplements.be\/fr\/#website"},"primaryImageOfPage":{"@id":"https:\/\/ecosupplements.be\/fr\/produit\/folate-optimise-1700mcg-100-comprimes-vegetariens\/#primaryimage"},"image":{"@id":"https:\/\/ecosupplements.be\/fr\/produit\/folate-optimise-1700mcg-100-comprimes-vegetariens\/#primaryimage"},"thumbnailUrl":"https:\/\/ecosupplements.be\/wp-content\/uploads\/2025\/08\/Life-Extension-Optimized-Folate-1000mcg-100-vcaps-1.jpg","datePublished":"2022-06-28T09:02:33+00:00","dateModified":"2025-08-27T09:08:33+00:00","description":"Wij hebben een ruime keuze aan producten van Folate optimis\u00e9, 1700mcg - 100 comprim\u00e9s v\u00e9g\u00e9tariens . Winkel bij Eco Supplements altijd gratis verzending boven 100\u20ac","breadcrumb":{"@id":"https:\/\/ecosupplements.be\/fr\/produit\/folate-optimise-1700mcg-100-comprimes-vegetariens\/#breadcrumb"},"inLanguage":"fr-FR","potentialAction":[{"@type":"ReadAction","target":["https:\/\/ecosupplements.be\/fr\/produit\/folate-optimise-1700mcg-100-comprimes-vegetariens\/"]}]},{"@type":"ImageObject","inLanguage":"fr-FR","@id":"https:\/\/ecosupplements.be\/fr\/produit\/folate-optimise-1700mcg-100-comprimes-vegetariens\/#primaryimage","url":"https:\/\/ecosupplements.be\/wp-content\/uploads\/2025\/08\/Life-Extension-Optimized-Folate-1000mcg-100-vcaps-1.jpg","contentUrl":"https:\/\/ecosupplements.be\/wp-content\/uploads\/2025\/08\/Life-Extension-Optimized-Folate-1000mcg-100-vcaps-1.jpg","width":750,"height":750},{"@type":"BreadcrumbList","@id":"https:\/\/ecosupplements.be\/fr\/produit\/folate-optimise-1700mcg-100-comprimes-vegetariens\/#breadcrumb","itemListElement":[{"@type":"ListItem","position":1,"name":"Home","item":"https:\/\/ecosupplements.be\/fr\/"},{"@type":"ListItem","position":2,"name":"Boutique","item":"https:\/\/ecosupplements.be\/fr\/boutique\/"},{"@type":"ListItem","position":3,"name":"Folate optimis\u00e9, 1700mcg &#8211; 100 comprim\u00e9s v\u00e9g\u00e9tariens"}]},{"@type":"WebSite","@id":"https:\/\/ecosupplements.be\/fr\/#website","url":"https:\/\/ecosupplements.be\/fr\/","name":"ECO Supplements","description":"Eco Supplements - Gezonde supplementen","publisher":{"@id":"https:\/\/ecosupplements.be\/fr\/#organization"},"potentialAction":[{"@type":"SearchAction","target":{"@type":"EntryPoint","urlTemplate":"https:\/\/ecosupplements.be\/fr\/?s={search_term_string}"},"query-input":{"@type":"PropertyValueSpecification","valueRequired":true,"valueName":"search_term_string"}}],"inLanguage":"fr-FR"},{"@type":"Organization","@id":"https:\/\/ecosupplements.be\/fr\/#organization","name":"Eco Supplements","url":"https:\/\/ecosupplements.be\/fr\/","logo":{"@type":"ImageObject","inLanguage":"fr-FR","@id":"https:\/\/ecosupplements.be\/fr\/#\/schema\/logo\/image\/","url":"https:\/\/ecosupplements.be\/wp-content\/uploads\/2022\/06\/ecosupplement-family.png","contentUrl":"https:\/\/ecosupplements.be\/wp-content\/uploads\/2022\/06\/ecosupplement-family.png","width":593,"height":374,"caption":"Eco Supplements"},"image":{"@id":"https:\/\/ecosupplements.be\/fr\/#\/schema\/logo\/image\/"}}]},"product_brand":"Life Extension","product_price_amount":"17.43","product_price_currency":"EUR","og_availability":"instock","product_availability":"instock","product_retailer_item_id":"737870193913","product_condition":"new"},"_links":{"self":[{"href":"https:\/\/ecosupplements.be\/fr\/wp-json\/wp\/v2\/product\/280195","targetHints":{"allow":["GET"]}}],"collection":[{"href":"https:\/\/ecosupplements.be\/fr\/wp-json\/wp\/v2\/product"}],"about":[{"href":"https:\/\/ecosupplements.be\/fr\/wp-json\/wp\/v2\/types\/product"}],"replies":[{"embeddable":true,"href":"https:\/\/ecosupplements.be\/fr\/wp-json\/wp\/v2\/comments?post=280195"}],"wp:featuredmedia":[{"embeddable":true,"href":"https:\/\/ecosupplements.be\/fr\/wp-json\/wp\/v2\/media\/240683"}],"wp:attachment":[{"href":"https:\/\/ecosupplements.be\/fr\/wp-json\/wp\/v2\/media?parent=280195"}],"wp:term":[{"taxonomy":"product_brand","embeddable":true,"href":"https:\/\/ecosupplements.be\/fr\/wp-json\/wp\/v2\/product_brand?post=280195"},{"taxonomy":"product_cat","embeddable":true,"href":"https:\/\/ecosupplements.be\/fr\/wp-json\/wp\/v2\/product_cat?post=280195"},{"taxonomy":"product_tag","embeddable":true,"href":"https:\/\/ecosupplements.be\/fr\/wp-json\/wp\/v2\/product_tag?post=280195"}],"curies":[{"name":"wp","href":"https:\/\/api.w.org\/{rel}","templated":true}]}}