{"id":280196,"date":"2022-06-28T10:02:43","date_gmt":"2022-06-28T09:02:43","guid":{"rendered":"https:\/\/ecosupplements.be\/product\/quercetine-optimisee-250mg-60-vcaps\/"},"modified":"2025-08-27T10:08:36","modified_gmt":"2025-08-27T09:08:36","slug":"quercetine-optimisee-250mg-60-vcaps","status":"publish","type":"product","link":"https:\/\/ecosupplements.be\/fr\/produit\/quercetine-optimisee-250mg-60-vcaps\/","title":{"rendered":"Querc\u00e9tine optimis\u00e9e, 250mg &#8211; 60 vcaps"},"content":{"rendered":"<h1 style=\"text-align: center;\">Life Extension &#8211; Querc\u00e9tine optimis\u00e9e<\/h1>\n<p>La querc\u00e9tine est un bioflavono\u00efde qui soutient la sant\u00e9 cellulaire, la sant\u00e9 endoth\u00e9liale et une fonction immunitaire saine. Optimized Quercetin fournit 250 mg de querc\u00e9tine standardis\u00e9e dans un m\u00e9lange de super aliments biodisponible, ainsi que de la vitamine C et de l&#8217;extrait de baie de camu-camu pour soutenir davantage une r\u00e9ponse immunitaire saine et plus encore.<br \/>\nLes avantages en un coup d&#8217;\u0153il<br \/>\nFavorise la sant\u00e9 cellulaire et la fonction de l&#8217;ADN<br \/>\nFavorise une r\u00e9ponse immunitaire saisonni\u00e8re saine<br \/>\nFavorise une int\u00e9grit\u00e9 endoth\u00e9liale saine<br \/>\nSoutient les niveaux de glucose sanguin d\u00e9j\u00e0 sains<br \/>\nFavorise les taux de cholest\u00e9rol d\u00e9j\u00e0 dans la fourchette normale<br \/>\nLa querc\u00e9tine est un bioflavono\u00efde pr\u00e9sent dans la peau des raisins rouges, les oignons rouges, les pommes, le sarrasin et d&#8217;autres sources alimentaires. La querc\u00e9tine favorise une fonction cellulaire saine, la sant\u00e9 cardiovasculaire, et il a \u00e9galement \u00e9t\u00e9 d\u00e9montr\u00e9 qu&#8217;elle encourage une r\u00e9ponse immunitaire saine &#8211; en particulier aux environnements changeant selon les saisons.<br \/>\nSoutient la sant\u00e9 cardiovasculaire et endoth\u00e9liale<br \/>\nLa querc\u00e9tine favorise la sant\u00e9 cardiovasculaire en prot\u00e9geant l&#8217;int\u00e9grit\u00e9 de votre endoth\u00e9lium vasculaire. L&#8217;une des fa\u00e7ons dont la querc\u00e9tine y parvient est en encourageant des niveaux sains d&#8217;oxyde nitrique : ce qui favorise des niveaux de pression art\u00e9rielle sains, d\u00e9j\u00e0 dans la fourchette normale.<br \/>\nCe phytonutriment unique soutient \u00e9galement des niveaux de cholest\u00e9rol sains d\u00e9j\u00e0 dans la plage normale. La querc\u00e9tine aide \u00e9galement \u00e0 r\u00e9duire le stress oxydatif, favorise une r\u00e9ponse inflammatoire saine dans les parois des vaisseaux sanguins gr\u00e2ce \u00e0 l&#8217;expression de g\u00e8nes sains, et soutient des niveaux de glyc\u00e9mie sains d\u00e9j\u00e0 dans la fourchette normale.<br \/>\nPromotion d&#8217;une bonne r\u00e9ponse immunitaire<br \/>\nDans des \u00e9tudes de culture de cellules humaines, il a \u00e9t\u00e9 d\u00e9montr\u00e9 que la querc\u00e9tine bloque la fabrication et la lib\u00e9ration de substances causant l&#8217;inflammation, ce qui peut aider \u00e0 soutenir une r\u00e9ponse immunitaire saine, en particulier dans des environnements changeant selon les saisons. Et notre m\u00e9lange de querc\u00e9tine optimis\u00e9e contient \u00e9galement de la vitamine C et de l&#8217;extrait de baie de camu-camu pour favoriser davantage une fonction immunitaire saine.<\/p>\n<p><img decoding=\"async\" src=\"https:\/\/ecosupplements.be\/wp-content\/uploads\/2025\/08\/non-gmo-1.png\" title=\"Non-OGM\" alt=\"Non-GMO\"><\/p>\n<p>Compl\u00e9ment alimentaire :<br \/>\nPortion : 1 Capsule V\u00e9g\u00e9tarienne<br \/>\nPortions par conteneur : 60<br \/>\nQuantit\u00e9 par portion :<br \/>\nVitamine C (\u00e0 partir d&#8217;acide ascorbique et d&#8217;extrait de baies de camu-camu) 30mg<br \/>\nQuerc\u00e9tine (sous forme de querc\u00e9tine dihydrat\u00e9e) 250mg<br \/>\nM\u00e9lange alimentaire optimis\u00e9 210mg<br \/>\n[Bioflavono\u00efdes de Citrus limonum (fruit), pomme (fruit), oignon (bulbe) (extraits)]. Extrait de camu-camu (baie sauvage) 60mg<br \/>\nQuerc\u00e9tine optimis\u00e9e Autres ingr\u00e9dients :<br \/>\nCellulose microcristalline, cellulose v\u00e9g\u00e9tale (capsule), maltodextrine, silice, st\u00e9arate v\u00e9g\u00e9tal.<br \/>\nQuerc\u00e9tine optimis\u00e9e Utilisation recommand\u00e9e :<br \/>\nPrendre une (1) capsule une ou deux fois par jour avec ou sans nourriture, ou selon les recommandations d&#8217;un professionnel de la sant\u00e9.<br \/>\nAvertissements :<br \/>\nTenir hors de port\u00e9e des enfants. Ne pas d\u00e9passer la dose recommand\u00e9e. Ne pas acheter si le sceau ext\u00e9rieur est bris\u00e9 ou endommag\u00e9.<br \/>\nLorsque vous utilisez des compl\u00e9ments alimentaires, veuillez consulter votre m\u00e9decin si vous suivez un traitement pour un probl\u00e8me m\u00e9dical ou si vous \u00eates enceinte ou allaitante.<\/p>\n","protected":false},"excerpt":{"rendered":"<p>Life Extension &#8211; Querc\u00e9tine optimis\u00e9e La querc\u00e9tine est un bioflavono\u00efde qui soutient la sant\u00e9 cellulaire, la sant\u00e9 endoth\u00e9liale et une fonction immunitaire saine. Optimized Quercetin fournit 250 mg de querc\u00e9tine standardis\u00e9e dans un m\u00e9lange de super aliments biodisponible, ainsi que de la vitamine C et de l&#8217;extrait de baie de camu-camu pour soutenir davantage une [&#8230;]\n","protected":false},"featured_media":240688,"comment_status":"open","ping_status":"open","template":"","meta":[],"product_brand":[4723],"product_cat":[5098,5052],"product_tag":[5069],"class_list":{"0":"post-280196","1":"product","2":"type-product","3":"status-publish","4":"has-post-thumbnail","6":"product_brand-life-extension-2","7":"product_cat-antioxydants","8":"product_cat-sante-et-bien-etre","9":"product_tag-topeco-2","11":"first","12":"instock","13":"taxable","14":"shipping-taxable","15":"purchasable","16":"product-type-simple"},"yoast_head":"<!-- This site is optimized with the Yoast SEO Premium plugin v27.3 (Yoast SEO v27.3) - https:\/\/yoast.com\/product\/yoast-seo-premium-wordpress\/ -->\n<title>Querc\u00e9tine optimis\u00e9e, 250mg - 60 vcaps - ECO Supplements<\/title>\n<meta name=\"description\" content=\"Wij hebben een ruime keuze aan producten van Querc\u00e9tine optimis\u00e9e, 250mg - 60 vcaps . Winkel bij Eco Supplements altijd gratis verzending boven 100\u20ac\" \/>\n<meta name=\"robots\" content=\"index, follow, max-snippet:-1, max-image-preview:large, max-video-preview:-1\" \/>\n<link rel=\"canonical\" href=\"https:\/\/ecosupplements.be\/fr\/produit\/quercetine-optimisee-250mg-60-vcaps\/\" \/>\n<meta property=\"og:locale\" content=\"fr_FR\" \/>\n<meta property=\"og:type\" content=\"article\" \/>\n<meta property=\"og:title\" content=\"Querc\u00e9tine optimis\u00e9e, 250mg - 60 vcaps\" \/>\n<meta property=\"og:description\" content=\"Wij hebben een ruime keuze aan producten van Querc\u00e9tine optimis\u00e9e, 250mg - 60 vcaps . Winkel bij Eco Supplements altijd gratis verzending boven 100\u20ac\" \/>\n<meta property=\"og:url\" content=\"https:\/\/ecosupplements.be\/fr\/produit\/quercetine-optimisee-250mg-60-vcaps\/\" \/>\n<meta property=\"og:site_name\" content=\"ECO Supplements\" \/>\n<meta property=\"article:modified_time\" content=\"2025-08-27T09:08:36+00:00\" \/>\n<meta property=\"og:image\" content=\"https:\/\/ecosupplements.be\/wp-content\/uploads\/2025\/08\/Life-Extension-Optimized-Quercetin-60-vcaps-1.jpg\" \/>\n\t<meta property=\"og:image:width\" content=\"750\" \/>\n\t<meta property=\"og:image:height\" content=\"750\" \/>\n\t<meta property=\"og:image:type\" content=\"image\/jpeg\" \/>\n<meta name=\"twitter:card\" content=\"summary_large_image\" \/>\n<meta name=\"twitter:label1\" content=\"Prix\" \/>\n\t<meta name=\"twitter:data1\" content=\"26.09&nbsp;&euro;\" \/>\n\t<meta name=\"twitter:label2\" content=\"Disponibilit\u00e9\" \/>\n\t<meta name=\"twitter:data2\" content=\"En stock\" \/>\n<script type=\"application\/ld+json\" class=\"yoast-schema-graph\">{\"@context\":\"https:\\\/\\\/schema.org\",\"@graph\":[{\"@type\":[\"WebPage\",\"ItemPage\"],\"@id\":\"https:\\\/\\\/ecosupplements.be\\\/fr\\\/produit\\\/quercetine-optimisee-250mg-60-vcaps\\\/\",\"url\":\"https:\\\/\\\/ecosupplements.be\\\/fr\\\/produit\\\/quercetine-optimisee-250mg-60-vcaps\\\/\",\"name\":\"Querc\u00e9tine optimis\u00e9e, 250mg - 60 vcaps - ECO Supplements\",\"isPartOf\":{\"@id\":\"https:\\\/\\\/ecosupplements.be\\\/fr\\\/#website\"},\"primaryImageOfPage\":{\"@id\":\"https:\\\/\\\/ecosupplements.be\\\/fr\\\/produit\\\/quercetine-optimisee-250mg-60-vcaps\\\/#primaryimage\"},\"image\":{\"@id\":\"https:\\\/\\\/ecosupplements.be\\\/fr\\\/produit\\\/quercetine-optimisee-250mg-60-vcaps\\\/#primaryimage\"},\"thumbnailUrl\":\"https:\\\/\\\/ecosupplements.be\\\/wp-content\\\/uploads\\\/2025\\\/08\\\/Life-Extension-Optimized-Quercetin-60-vcaps-1.jpg\",\"datePublished\":\"2022-06-28T09:02:43+00:00\",\"dateModified\":\"2025-08-27T09:08:36+00:00\",\"description\":\"Wij hebben een ruime keuze aan producten van Querc\u00e9tine optimis\u00e9e, 250mg - 60 vcaps . Winkel bij Eco Supplements altijd gratis verzending boven 100\u20ac\",\"breadcrumb\":{\"@id\":\"https:\\\/\\\/ecosupplements.be\\\/fr\\\/produit\\\/quercetine-optimisee-250mg-60-vcaps\\\/#breadcrumb\"},\"inLanguage\":\"fr-FR\",\"potentialAction\":[{\"@type\":\"ReadAction\",\"target\":[\"https:\\\/\\\/ecosupplements.be\\\/fr\\\/produit\\\/quercetine-optimisee-250mg-60-vcaps\\\/\"]}]},{\"@type\":\"ImageObject\",\"inLanguage\":\"fr-FR\",\"@id\":\"https:\\\/\\\/ecosupplements.be\\\/fr\\\/produit\\\/quercetine-optimisee-250mg-60-vcaps\\\/#primaryimage\",\"url\":\"https:\\\/\\\/ecosupplements.be\\\/wp-content\\\/uploads\\\/2025\\\/08\\\/Life-Extension-Optimized-Quercetin-60-vcaps-1.jpg\",\"contentUrl\":\"https:\\\/\\\/ecosupplements.be\\\/wp-content\\\/uploads\\\/2025\\\/08\\\/Life-Extension-Optimized-Quercetin-60-vcaps-1.jpg\",\"width\":750,\"height\":750},{\"@type\":\"BreadcrumbList\",\"@id\":\"https:\\\/\\\/ecosupplements.be\\\/fr\\\/produit\\\/quercetine-optimisee-250mg-60-vcaps\\\/#breadcrumb\",\"itemListElement\":[{\"@type\":\"ListItem\",\"position\":1,\"name\":\"Home\",\"item\":\"https:\\\/\\\/ecosupplements.be\\\/fr\\\/\"},{\"@type\":\"ListItem\",\"position\":2,\"name\":\"Boutique\",\"item\":\"https:\\\/\\\/ecosupplements.be\\\/fr\\\/boutique\\\/\"},{\"@type\":\"ListItem\",\"position\":3,\"name\":\"Querc\u00e9tine optimis\u00e9e, 250mg &#8211; 60 vcaps\"}]},{\"@type\":\"WebSite\",\"@id\":\"https:\\\/\\\/ecosupplements.be\\\/fr\\\/#website\",\"url\":\"https:\\\/\\\/ecosupplements.be\\\/fr\\\/\",\"name\":\"ECO Supplements\",\"description\":\"Eco Supplements - Gezonde supplementen\",\"publisher\":{\"@id\":\"https:\\\/\\\/ecosupplements.be\\\/fr\\\/#organization\"},\"potentialAction\":[{\"@type\":\"SearchAction\",\"target\":{\"@type\":\"EntryPoint\",\"urlTemplate\":\"https:\\\/\\\/ecosupplements.be\\\/fr\\\/?s={search_term_string}\"},\"query-input\":{\"@type\":\"PropertyValueSpecification\",\"valueRequired\":true,\"valueName\":\"search_term_string\"}}],\"inLanguage\":\"fr-FR\"},{\"@type\":\"Organization\",\"@id\":\"https:\\\/\\\/ecosupplements.be\\\/fr\\\/#organization\",\"name\":\"Eco Supplements\",\"url\":\"https:\\\/\\\/ecosupplements.be\\\/fr\\\/\",\"logo\":{\"@type\":\"ImageObject\",\"inLanguage\":\"fr-FR\",\"@id\":\"https:\\\/\\\/ecosupplements.be\\\/fr\\\/#\\\/schema\\\/logo\\\/image\\\/\",\"url\":\"https:\\\/\\\/ecosupplements.be\\\/wp-content\\\/uploads\\\/2022\\\/06\\\/ecosupplement-family.png\",\"contentUrl\":\"https:\\\/\\\/ecosupplements.be\\\/wp-content\\\/uploads\\\/2022\\\/06\\\/ecosupplement-family.png\",\"width\":593,\"height\":374,\"caption\":\"Eco Supplements\"},\"image\":{\"@id\":\"https:\\\/\\\/ecosupplements.be\\\/fr\\\/#\\\/schema\\\/logo\\\/image\\\/\"}}]}<\/script>\n<meta property=\"product:brand\" content=\"Life Extension\" \/>\n<meta property=\"product:price:amount\" content=\"26.09\" \/>\n<meta property=\"product:price:currency\" content=\"EUR\" \/>\n<meta property=\"og:availability\" content=\"instock\" \/>\n<meta property=\"product:availability\" content=\"instock\" \/>\n<meta property=\"product:retailer_item_id\" content=\"737870130963\" \/>\n<meta property=\"product:condition\" content=\"new\" \/>\n<!-- \/ Yoast SEO Premium plugin. -->","yoast_head_json":{"title":"Querc\u00e9tine optimis\u00e9e, 250mg - 60 vcaps - ECO Supplements","description":"Wij hebben een ruime keuze aan producten van Querc\u00e9tine optimis\u00e9e, 250mg - 60 vcaps . Winkel bij Eco Supplements altijd gratis verzending boven 100\u20ac","robots":{"index":"index","follow":"follow","max-snippet":"max-snippet:-1","max-image-preview":"max-image-preview:large","max-video-preview":"max-video-preview:-1"},"canonical":"https:\/\/ecosupplements.be\/fr\/produit\/quercetine-optimisee-250mg-60-vcaps\/","og_locale":"fr_FR","og_type":"article","og_title":"Querc\u00e9tine optimis\u00e9e, 250mg - 60 vcaps","og_description":"Wij hebben een ruime keuze aan producten van Querc\u00e9tine optimis\u00e9e, 250mg - 60 vcaps . Winkel bij Eco Supplements altijd gratis verzending boven 100\u20ac","og_url":"https:\/\/ecosupplements.be\/fr\/produit\/quercetine-optimisee-250mg-60-vcaps\/","og_site_name":"ECO Supplements","article_modified_time":"2025-08-27T09:08:36+00:00","og_image":[{"width":750,"height":750,"url":"https:\/\/ecosupplements.be\/wp-content\/uploads\/2025\/08\/Life-Extension-Optimized-Quercetin-60-vcaps-1.jpg","type":"image\/jpeg"}],"twitter_card":"summary_large_image","twitter_misc":{"Prix":"26.09&nbsp;&euro;","Disponibilit\u00e9":"En stock"},"schema":{"@context":"https:\/\/schema.org","@graph":[{"@type":["WebPage","ItemPage"],"@id":"https:\/\/ecosupplements.be\/fr\/produit\/quercetine-optimisee-250mg-60-vcaps\/","url":"https:\/\/ecosupplements.be\/fr\/produit\/quercetine-optimisee-250mg-60-vcaps\/","name":"Querc\u00e9tine optimis\u00e9e, 250mg - 60 vcaps - ECO Supplements","isPartOf":{"@id":"https:\/\/ecosupplements.be\/fr\/#website"},"primaryImageOfPage":{"@id":"https:\/\/ecosupplements.be\/fr\/produit\/quercetine-optimisee-250mg-60-vcaps\/#primaryimage"},"image":{"@id":"https:\/\/ecosupplements.be\/fr\/produit\/quercetine-optimisee-250mg-60-vcaps\/#primaryimage"},"thumbnailUrl":"https:\/\/ecosupplements.be\/wp-content\/uploads\/2025\/08\/Life-Extension-Optimized-Quercetin-60-vcaps-1.jpg","datePublished":"2022-06-28T09:02:43+00:00","dateModified":"2025-08-27T09:08:36+00:00","description":"Wij hebben een ruime keuze aan producten van Querc\u00e9tine optimis\u00e9e, 250mg - 60 vcaps . Winkel bij Eco Supplements altijd gratis verzending boven 100\u20ac","breadcrumb":{"@id":"https:\/\/ecosupplements.be\/fr\/produit\/quercetine-optimisee-250mg-60-vcaps\/#breadcrumb"},"inLanguage":"fr-FR","potentialAction":[{"@type":"ReadAction","target":["https:\/\/ecosupplements.be\/fr\/produit\/quercetine-optimisee-250mg-60-vcaps\/"]}]},{"@type":"ImageObject","inLanguage":"fr-FR","@id":"https:\/\/ecosupplements.be\/fr\/produit\/quercetine-optimisee-250mg-60-vcaps\/#primaryimage","url":"https:\/\/ecosupplements.be\/wp-content\/uploads\/2025\/08\/Life-Extension-Optimized-Quercetin-60-vcaps-1.jpg","contentUrl":"https:\/\/ecosupplements.be\/wp-content\/uploads\/2025\/08\/Life-Extension-Optimized-Quercetin-60-vcaps-1.jpg","width":750,"height":750},{"@type":"BreadcrumbList","@id":"https:\/\/ecosupplements.be\/fr\/produit\/quercetine-optimisee-250mg-60-vcaps\/#breadcrumb","itemListElement":[{"@type":"ListItem","position":1,"name":"Home","item":"https:\/\/ecosupplements.be\/fr\/"},{"@type":"ListItem","position":2,"name":"Boutique","item":"https:\/\/ecosupplements.be\/fr\/boutique\/"},{"@type":"ListItem","position":3,"name":"Querc\u00e9tine optimis\u00e9e, 250mg &#8211; 60 vcaps"}]},{"@type":"WebSite","@id":"https:\/\/ecosupplements.be\/fr\/#website","url":"https:\/\/ecosupplements.be\/fr\/","name":"ECO Supplements","description":"Eco Supplements - Gezonde supplementen","publisher":{"@id":"https:\/\/ecosupplements.be\/fr\/#organization"},"potentialAction":[{"@type":"SearchAction","target":{"@type":"EntryPoint","urlTemplate":"https:\/\/ecosupplements.be\/fr\/?s={search_term_string}"},"query-input":{"@type":"PropertyValueSpecification","valueRequired":true,"valueName":"search_term_string"}}],"inLanguage":"fr-FR"},{"@type":"Organization","@id":"https:\/\/ecosupplements.be\/fr\/#organization","name":"Eco Supplements","url":"https:\/\/ecosupplements.be\/fr\/","logo":{"@type":"ImageObject","inLanguage":"fr-FR","@id":"https:\/\/ecosupplements.be\/fr\/#\/schema\/logo\/image\/","url":"https:\/\/ecosupplements.be\/wp-content\/uploads\/2022\/06\/ecosupplement-family.png","contentUrl":"https:\/\/ecosupplements.be\/wp-content\/uploads\/2022\/06\/ecosupplement-family.png","width":593,"height":374,"caption":"Eco Supplements"},"image":{"@id":"https:\/\/ecosupplements.be\/fr\/#\/schema\/logo\/image\/"}}]},"product_brand":"Life Extension","product_price_amount":"26.09","product_price_currency":"EUR","og_availability":"instock","product_availability":"instock","product_retailer_item_id":"737870130963","product_condition":"new"},"_links":{"self":[{"href":"https:\/\/ecosupplements.be\/fr\/wp-json\/wp\/v2\/product\/280196","targetHints":{"allow":["GET"]}}],"collection":[{"href":"https:\/\/ecosupplements.be\/fr\/wp-json\/wp\/v2\/product"}],"about":[{"href":"https:\/\/ecosupplements.be\/fr\/wp-json\/wp\/v2\/types\/product"}],"replies":[{"embeddable":true,"href":"https:\/\/ecosupplements.be\/fr\/wp-json\/wp\/v2\/comments?post=280196"}],"wp:featuredmedia":[{"embeddable":true,"href":"https:\/\/ecosupplements.be\/fr\/wp-json\/wp\/v2\/media\/240688"}],"wp:attachment":[{"href":"https:\/\/ecosupplements.be\/fr\/wp-json\/wp\/v2\/media?parent=280196"}],"wp:term":[{"taxonomy":"product_brand","embeddable":true,"href":"https:\/\/ecosupplements.be\/fr\/wp-json\/wp\/v2\/product_brand?post=280196"},{"taxonomy":"product_cat","embeddable":true,"href":"https:\/\/ecosupplements.be\/fr\/wp-json\/wp\/v2\/product_cat?post=280196"},{"taxonomy":"product_tag","embeddable":true,"href":"https:\/\/ecosupplements.be\/fr\/wp-json\/wp\/v2\/product_tag?post=280196"}],"curies":[{"name":"wp","href":"https:\/\/api.w.org\/{rel}","templated":true}]}}