{"id":280197,"date":"2022-06-28T10:02:43","date_gmt":"2022-06-28T09:02:43","guid":{"rendered":"https:\/\/ecosupplements.be\/product\/palmettoguard-saw-palmetto-nettle-root-avec-beta-sitosterol-60-softgels\/"},"modified":"2025-08-27T10:08:40","modified_gmt":"2025-08-27T09:08:40","slug":"palmettoguard-saw-palmetto-nettle-root-avec-beta-sitosterol-60-softgels","status":"publish","type":"product","link":"https:\/\/ecosupplements.be\/fr\/produit\/palmettoguard-saw-palmetto-nettle-root-avec-beta-sitosterol-60-softgels\/","title":{"rendered":"PalmettoGuard Saw Palmetto\/Nettle Root avec Beta-Sitosterol &#8211; 60 softgels"},"content":{"rendered":"<h1 style=\"text-align: center;\">Life Extension &#8211; PalmettoGuard Saw Palmetto\/Nettle Root avec Beta-Sitosterol<\/h1>\n<p>Des \u00e9tudes publi\u00e9es sugg\u00e8rent qu&#8217;un pourcentage remarquablement \u00e9lev\u00e9 d&#8217;hommes endureront une forme d&#8217;inconfort induit par la prostate au cours de leur vie. Des d\u00e9cennies de recherche confirment que le palmier nain est la r\u00e9f\u00e9rence en mati\u00e8re de soutien naturel de la prostate.<br \/>\nLa baie de palmier nain (Serenoa repens) est riche en compos\u00e9s bioactifs de haut poids mol\u00e9culaire, dont le b\u00eata-sitost\u00e9rol. Il a \u00e9t\u00e9 d\u00e9montr\u00e9 qu&#8217;elle interf\u00e8re avec l&#8217;activit\u00e9 de la DHT dans la prostate, inhibe l&#8217;activit\u00e9 des r\u00e9cepteurs alpha-adr\u00e9nergiques (pour favoriser un flux urinaire normal) et aide \u00e0 r\u00e9guler les actions inflammatoires dans la glande prostatique.<br \/>\nSuper Saw Palmetto\/Nettle Root Formula with Beta-Sitosterol combine le palmier nain avec un extrait de racine d&#8217;ortie, du bore et du romarin pour soutenir une prostate saine. La st\u00e9rone se transforme en \u0153strog\u00e8ne \u00e0 un rythme plus \u00e9lev\u00e9 \u00e0 mesure que les hommes vieillissent. Les cellules de la prostate sont sensibles aux effets stimulateurs de croissance des \u0153strog\u00e8nes. La racine d&#8217;ortie aide \u00e0 soutenir les cellules de la prostate contre les niveaux excessifs d&#8217;\u0153strog\u00e8nes.<br \/>\nCet extrait de palmier nain a \u00e9t\u00e9 standardis\u00e9 pour contenir 136 milligrammes d&#8217;acides gras et de st\u00e9rols totaux par capsule softgel.<\/p>\n<p><img decoding=\"async\" src=\"https:\/\/ecosupplements.be\/wp-content\/uploads\/2025\/08\/gluten-free-1.png\" title=\"Sans gluten\" alt=\"Gluten free\"><img decoding=\"async\" src=\"https:\/\/ecosupplements.be\/wp-content\/uploads\/2025\/08\/non-gmo-1.png\" title=\"Non-OGM\" alt=\"Non-GMO\"><\/p>\n","protected":false},"excerpt":{"rendered":"<p>Life Extension &#8211; PalmettoGuard Saw Palmetto\/Nettle Root avec Beta-Sitosterol Des \u00e9tudes publi\u00e9es sugg\u00e8rent qu&#8217;un pourcentage remarquablement \u00e9lev\u00e9 d&#8217;hommes endureront une forme d&#8217;inconfort induit par la prostate au cours de leur vie. Des d\u00e9cennies de recherche confirment que le palmier nain est la r\u00e9f\u00e9rence en mati\u00e8re de soutien naturel de la prostate. La baie de palmier [&#8230;]\n","protected":false},"featured_media":240693,"comment_status":"open","ping_status":"open","template":"","meta":[],"product_brand":[4723],"product_cat":[5052,5122],"product_tag":[5069],"class_list":{"0":"post-280197","1":"product","2":"type-product","3":"status-publish","4":"has-post-thumbnail","6":"product_brand-life-extension-2","7":"product_cat-sante-et-bien-etre","8":"product_cat-sante-sexuelle","9":"product_tag-topeco-2","11":"first","12":"instock","13":"taxable","14":"shipping-taxable","15":"purchasable","16":"product-type-simple"},"yoast_head":"<!-- This site is optimized with the Yoast SEO Premium plugin v27.3 (Yoast SEO v27.3) - https:\/\/yoast.com\/product\/yoast-seo-premium-wordpress\/ -->\n<title>PalmettoGuard Saw Palmetto\/Nettle Root avec Beta-Sitosterol - 60 softgels - ECO Supplements<\/title>\n<meta name=\"description\" content=\"Wij hebben een ruime keuze aan producten van PalmettoGuard Saw Palmetto\/Nettle Root avec Beta-Sitosterol - 60 softgels . Winkel bij Eco Supplements altijd gratis verzending boven 100\u20ac\" \/>\n<meta name=\"robots\" content=\"index, follow, max-snippet:-1, max-image-preview:large, max-video-preview:-1\" \/>\n<link rel=\"canonical\" href=\"https:\/\/ecosupplements.be\/fr\/produit\/palmettoguard-saw-palmetto-nettle-root-avec-beta-sitosterol-60-softgels\/\" \/>\n<meta property=\"og:locale\" content=\"fr_FR\" \/>\n<meta property=\"og:type\" content=\"article\" \/>\n<meta property=\"og:title\" content=\"PalmettoGuard Saw Palmetto\/Nettle Root avec Beta-Sitosterol - 60 softgels\" \/>\n<meta property=\"og:description\" content=\"Wij hebben een ruime keuze aan producten van PalmettoGuard Saw Palmetto\/Nettle Root avec Beta-Sitosterol - 60 softgels . Winkel bij Eco Supplements altijd gratis verzending boven 100\u20ac\" \/>\n<meta property=\"og:url\" content=\"https:\/\/ecosupplements.be\/fr\/produit\/palmettoguard-saw-palmetto-nettle-root-avec-beta-sitosterol-60-softgels\/\" \/>\n<meta property=\"og:site_name\" content=\"ECO Supplements\" \/>\n<meta property=\"article:modified_time\" content=\"2025-08-27T09:08:40+00:00\" \/>\n<meta property=\"og:image\" content=\"https:\/\/ecosupplements.be\/wp-content\/uploads\/2025\/08\/Life-Extension-PalmettoGuard-Saw-PalmettoNettle-Root-with-Beta-Sitosterol-60-softgels-1.jpg\" \/>\n\t<meta property=\"og:image:width\" content=\"750\" \/>\n\t<meta property=\"og:image:height\" content=\"750\" \/>\n\t<meta property=\"og:image:type\" content=\"image\/jpeg\" \/>\n<meta name=\"twitter:card\" content=\"summary_large_image\" \/>\n<meta name=\"twitter:label1\" content=\"Prix\" \/>\n\t<meta name=\"twitter:data1\" content=\"35.63&nbsp;&euro;\" \/>\n\t<meta name=\"twitter:label2\" content=\"Disponibilit\u00e9\" \/>\n\t<meta name=\"twitter:data2\" content=\"En stock\" \/>\n<script type=\"application\/ld+json\" class=\"yoast-schema-graph\">{\"@context\":\"https:\\\/\\\/schema.org\",\"@graph\":[{\"@type\":[\"WebPage\",\"ItemPage\"],\"@id\":\"https:\\\/\\\/ecosupplements.be\\\/fr\\\/produit\\\/palmettoguard-saw-palmetto-nettle-root-avec-beta-sitosterol-60-softgels\\\/\",\"url\":\"https:\\\/\\\/ecosupplements.be\\\/fr\\\/produit\\\/palmettoguard-saw-palmetto-nettle-root-avec-beta-sitosterol-60-softgels\\\/\",\"name\":\"PalmettoGuard Saw Palmetto\\\/Nettle Root avec Beta-Sitosterol - 60 softgels - ECO Supplements\",\"isPartOf\":{\"@id\":\"https:\\\/\\\/ecosupplements.be\\\/fr\\\/#website\"},\"primaryImageOfPage\":{\"@id\":\"https:\\\/\\\/ecosupplements.be\\\/fr\\\/produit\\\/palmettoguard-saw-palmetto-nettle-root-avec-beta-sitosterol-60-softgels\\\/#primaryimage\"},\"image\":{\"@id\":\"https:\\\/\\\/ecosupplements.be\\\/fr\\\/produit\\\/palmettoguard-saw-palmetto-nettle-root-avec-beta-sitosterol-60-softgels\\\/#primaryimage\"},\"thumbnailUrl\":\"https:\\\/\\\/ecosupplements.be\\\/wp-content\\\/uploads\\\/2025\\\/08\\\/Life-Extension-PalmettoGuard-Saw-PalmettoNettle-Root-with-Beta-Sitosterol-60-softgels-1.jpg\",\"datePublished\":\"2022-06-28T09:02:43+00:00\",\"dateModified\":\"2025-08-27T09:08:40+00:00\",\"description\":\"Wij hebben een ruime keuze aan producten van PalmettoGuard Saw Palmetto\\\/Nettle Root avec Beta-Sitosterol - 60 softgels . Winkel bij Eco Supplements altijd gratis verzending boven 100\u20ac\",\"breadcrumb\":{\"@id\":\"https:\\\/\\\/ecosupplements.be\\\/fr\\\/produit\\\/palmettoguard-saw-palmetto-nettle-root-avec-beta-sitosterol-60-softgels\\\/#breadcrumb\"},\"inLanguage\":\"fr-FR\",\"potentialAction\":[{\"@type\":\"ReadAction\",\"target\":[\"https:\\\/\\\/ecosupplements.be\\\/fr\\\/produit\\\/palmettoguard-saw-palmetto-nettle-root-avec-beta-sitosterol-60-softgels\\\/\"]}]},{\"@type\":\"ImageObject\",\"inLanguage\":\"fr-FR\",\"@id\":\"https:\\\/\\\/ecosupplements.be\\\/fr\\\/produit\\\/palmettoguard-saw-palmetto-nettle-root-avec-beta-sitosterol-60-softgels\\\/#primaryimage\",\"url\":\"https:\\\/\\\/ecosupplements.be\\\/wp-content\\\/uploads\\\/2025\\\/08\\\/Life-Extension-PalmettoGuard-Saw-PalmettoNettle-Root-with-Beta-Sitosterol-60-softgels-1.jpg\",\"contentUrl\":\"https:\\\/\\\/ecosupplements.be\\\/wp-content\\\/uploads\\\/2025\\\/08\\\/Life-Extension-PalmettoGuard-Saw-PalmettoNettle-Root-with-Beta-Sitosterol-60-softgels-1.jpg\",\"width\":750,\"height\":750},{\"@type\":\"BreadcrumbList\",\"@id\":\"https:\\\/\\\/ecosupplements.be\\\/fr\\\/produit\\\/palmettoguard-saw-palmetto-nettle-root-avec-beta-sitosterol-60-softgels\\\/#breadcrumb\",\"itemListElement\":[{\"@type\":\"ListItem\",\"position\":1,\"name\":\"Home\",\"item\":\"https:\\\/\\\/ecosupplements.be\\\/fr\\\/\"},{\"@type\":\"ListItem\",\"position\":2,\"name\":\"Boutique\",\"item\":\"https:\\\/\\\/ecosupplements.be\\\/fr\\\/boutique\\\/\"},{\"@type\":\"ListItem\",\"position\":3,\"name\":\"PalmettoGuard Saw Palmetto\\\/Nettle Root avec Beta-Sitosterol &#8211; 60 softgels\"}]},{\"@type\":\"WebSite\",\"@id\":\"https:\\\/\\\/ecosupplements.be\\\/fr\\\/#website\",\"url\":\"https:\\\/\\\/ecosupplements.be\\\/fr\\\/\",\"name\":\"ECO Supplements\",\"description\":\"Eco Supplements - Gezonde supplementen\",\"publisher\":{\"@id\":\"https:\\\/\\\/ecosupplements.be\\\/fr\\\/#organization\"},\"potentialAction\":[{\"@type\":\"SearchAction\",\"target\":{\"@type\":\"EntryPoint\",\"urlTemplate\":\"https:\\\/\\\/ecosupplements.be\\\/fr\\\/?s={search_term_string}\"},\"query-input\":{\"@type\":\"PropertyValueSpecification\",\"valueRequired\":true,\"valueName\":\"search_term_string\"}}],\"inLanguage\":\"fr-FR\"},{\"@type\":\"Organization\",\"@id\":\"https:\\\/\\\/ecosupplements.be\\\/fr\\\/#organization\",\"name\":\"Eco Supplements\",\"url\":\"https:\\\/\\\/ecosupplements.be\\\/fr\\\/\",\"logo\":{\"@type\":\"ImageObject\",\"inLanguage\":\"fr-FR\",\"@id\":\"https:\\\/\\\/ecosupplements.be\\\/fr\\\/#\\\/schema\\\/logo\\\/image\\\/\",\"url\":\"https:\\\/\\\/ecosupplements.be\\\/wp-content\\\/uploads\\\/2022\\\/06\\\/ecosupplement-family.png\",\"contentUrl\":\"https:\\\/\\\/ecosupplements.be\\\/wp-content\\\/uploads\\\/2022\\\/06\\\/ecosupplement-family.png\",\"width\":593,\"height\":374,\"caption\":\"Eco Supplements\"},\"image\":{\"@id\":\"https:\\\/\\\/ecosupplements.be\\\/fr\\\/#\\\/schema\\\/logo\\\/image\\\/\"}}]}<\/script>\n<meta property=\"product:brand\" content=\"Life Extension\" \/>\n<meta property=\"product:price:amount\" content=\"35.63\" \/>\n<meta property=\"product:price:currency\" content=\"EUR\" \/>\n<meta property=\"og:availability\" content=\"instock\" \/>\n<meta property=\"product:availability\" content=\"instock\" \/>\n<meta property=\"product:retailer_item_id\" content=\"737870179061\" \/>\n<meta property=\"product:condition\" content=\"new\" \/>\n<!-- \/ Yoast SEO Premium plugin. -->","yoast_head_json":{"title":"PalmettoGuard Saw Palmetto\/Nettle Root avec Beta-Sitosterol - 60 softgels - ECO Supplements","description":"Wij hebben een ruime keuze aan producten van PalmettoGuard Saw Palmetto\/Nettle Root avec Beta-Sitosterol - 60 softgels . Winkel bij Eco Supplements altijd gratis verzending boven 100\u20ac","robots":{"index":"index","follow":"follow","max-snippet":"max-snippet:-1","max-image-preview":"max-image-preview:large","max-video-preview":"max-video-preview:-1"},"canonical":"https:\/\/ecosupplements.be\/fr\/produit\/palmettoguard-saw-palmetto-nettle-root-avec-beta-sitosterol-60-softgels\/","og_locale":"fr_FR","og_type":"article","og_title":"PalmettoGuard Saw Palmetto\/Nettle Root avec Beta-Sitosterol - 60 softgels","og_description":"Wij hebben een ruime keuze aan producten van PalmettoGuard Saw Palmetto\/Nettle Root avec Beta-Sitosterol - 60 softgels . Winkel bij Eco Supplements altijd gratis verzending boven 100\u20ac","og_url":"https:\/\/ecosupplements.be\/fr\/produit\/palmettoguard-saw-palmetto-nettle-root-avec-beta-sitosterol-60-softgels\/","og_site_name":"ECO Supplements","article_modified_time":"2025-08-27T09:08:40+00:00","og_image":[{"width":750,"height":750,"url":"https:\/\/ecosupplements.be\/wp-content\/uploads\/2025\/08\/Life-Extension-PalmettoGuard-Saw-PalmettoNettle-Root-with-Beta-Sitosterol-60-softgels-1.jpg","type":"image\/jpeg"}],"twitter_card":"summary_large_image","twitter_misc":{"Prix":"35.63&nbsp;&euro;","Disponibilit\u00e9":"En stock"},"schema":{"@context":"https:\/\/schema.org","@graph":[{"@type":["WebPage","ItemPage"],"@id":"https:\/\/ecosupplements.be\/fr\/produit\/palmettoguard-saw-palmetto-nettle-root-avec-beta-sitosterol-60-softgels\/","url":"https:\/\/ecosupplements.be\/fr\/produit\/palmettoguard-saw-palmetto-nettle-root-avec-beta-sitosterol-60-softgels\/","name":"PalmettoGuard Saw Palmetto\/Nettle Root avec Beta-Sitosterol - 60 softgels - ECO Supplements","isPartOf":{"@id":"https:\/\/ecosupplements.be\/fr\/#website"},"primaryImageOfPage":{"@id":"https:\/\/ecosupplements.be\/fr\/produit\/palmettoguard-saw-palmetto-nettle-root-avec-beta-sitosterol-60-softgels\/#primaryimage"},"image":{"@id":"https:\/\/ecosupplements.be\/fr\/produit\/palmettoguard-saw-palmetto-nettle-root-avec-beta-sitosterol-60-softgels\/#primaryimage"},"thumbnailUrl":"https:\/\/ecosupplements.be\/wp-content\/uploads\/2025\/08\/Life-Extension-PalmettoGuard-Saw-PalmettoNettle-Root-with-Beta-Sitosterol-60-softgels-1.jpg","datePublished":"2022-06-28T09:02:43+00:00","dateModified":"2025-08-27T09:08:40+00:00","description":"Wij hebben een ruime keuze aan producten van PalmettoGuard Saw Palmetto\/Nettle Root avec Beta-Sitosterol - 60 softgels . Winkel bij Eco Supplements altijd gratis verzending boven 100\u20ac","breadcrumb":{"@id":"https:\/\/ecosupplements.be\/fr\/produit\/palmettoguard-saw-palmetto-nettle-root-avec-beta-sitosterol-60-softgels\/#breadcrumb"},"inLanguage":"fr-FR","potentialAction":[{"@type":"ReadAction","target":["https:\/\/ecosupplements.be\/fr\/produit\/palmettoguard-saw-palmetto-nettle-root-avec-beta-sitosterol-60-softgels\/"]}]},{"@type":"ImageObject","inLanguage":"fr-FR","@id":"https:\/\/ecosupplements.be\/fr\/produit\/palmettoguard-saw-palmetto-nettle-root-avec-beta-sitosterol-60-softgels\/#primaryimage","url":"https:\/\/ecosupplements.be\/wp-content\/uploads\/2025\/08\/Life-Extension-PalmettoGuard-Saw-PalmettoNettle-Root-with-Beta-Sitosterol-60-softgels-1.jpg","contentUrl":"https:\/\/ecosupplements.be\/wp-content\/uploads\/2025\/08\/Life-Extension-PalmettoGuard-Saw-PalmettoNettle-Root-with-Beta-Sitosterol-60-softgels-1.jpg","width":750,"height":750},{"@type":"BreadcrumbList","@id":"https:\/\/ecosupplements.be\/fr\/produit\/palmettoguard-saw-palmetto-nettle-root-avec-beta-sitosterol-60-softgels\/#breadcrumb","itemListElement":[{"@type":"ListItem","position":1,"name":"Home","item":"https:\/\/ecosupplements.be\/fr\/"},{"@type":"ListItem","position":2,"name":"Boutique","item":"https:\/\/ecosupplements.be\/fr\/boutique\/"},{"@type":"ListItem","position":3,"name":"PalmettoGuard Saw Palmetto\/Nettle Root avec Beta-Sitosterol &#8211; 60 softgels"}]},{"@type":"WebSite","@id":"https:\/\/ecosupplements.be\/fr\/#website","url":"https:\/\/ecosupplements.be\/fr\/","name":"ECO Supplements","description":"Eco Supplements - Gezonde supplementen","publisher":{"@id":"https:\/\/ecosupplements.be\/fr\/#organization"},"potentialAction":[{"@type":"SearchAction","target":{"@type":"EntryPoint","urlTemplate":"https:\/\/ecosupplements.be\/fr\/?s={search_term_string}"},"query-input":{"@type":"PropertyValueSpecification","valueRequired":true,"valueName":"search_term_string"}}],"inLanguage":"fr-FR"},{"@type":"Organization","@id":"https:\/\/ecosupplements.be\/fr\/#organization","name":"Eco Supplements","url":"https:\/\/ecosupplements.be\/fr\/","logo":{"@type":"ImageObject","inLanguage":"fr-FR","@id":"https:\/\/ecosupplements.be\/fr\/#\/schema\/logo\/image\/","url":"https:\/\/ecosupplements.be\/wp-content\/uploads\/2022\/06\/ecosupplement-family.png","contentUrl":"https:\/\/ecosupplements.be\/wp-content\/uploads\/2022\/06\/ecosupplement-family.png","width":593,"height":374,"caption":"Eco Supplements"},"image":{"@id":"https:\/\/ecosupplements.be\/fr\/#\/schema\/logo\/image\/"}}]},"product_brand":"Life Extension","product_price_amount":"35.63","product_price_currency":"EUR","og_availability":"instock","product_availability":"instock","product_retailer_item_id":"737870179061","product_condition":"new"},"_links":{"self":[{"href":"https:\/\/ecosupplements.be\/fr\/wp-json\/wp\/v2\/product\/280197","targetHints":{"allow":["GET"]}}],"collection":[{"href":"https:\/\/ecosupplements.be\/fr\/wp-json\/wp\/v2\/product"}],"about":[{"href":"https:\/\/ecosupplements.be\/fr\/wp-json\/wp\/v2\/types\/product"}],"replies":[{"embeddable":true,"href":"https:\/\/ecosupplements.be\/fr\/wp-json\/wp\/v2\/comments?post=280197"}],"wp:featuredmedia":[{"embeddable":true,"href":"https:\/\/ecosupplements.be\/fr\/wp-json\/wp\/v2\/media\/240693"}],"wp:attachment":[{"href":"https:\/\/ecosupplements.be\/fr\/wp-json\/wp\/v2\/media?parent=280197"}],"wp:term":[{"taxonomy":"product_brand","embeddable":true,"href":"https:\/\/ecosupplements.be\/fr\/wp-json\/wp\/v2\/product_brand?post=280197"},{"taxonomy":"product_cat","embeddable":true,"href":"https:\/\/ecosupplements.be\/fr\/wp-json\/wp\/v2\/product_cat?post=280197"},{"taxonomy":"product_tag","embeddable":true,"href":"https:\/\/ecosupplements.be\/fr\/wp-json\/wp\/v2\/product_tag?post=280197"}],"curies":[{"name":"wp","href":"https:\/\/api.w.org\/{rel}","templated":true}]}}