{"id":280198,"date":"2022-06-28T10:02:43","date_gmt":"2022-06-28T09:02:43","guid":{"rendered":"https:\/\/ecosupplements.be\/product\/pea-discomfort-relief-60-comprimes-a-macher\/"},"modified":"2025-08-27T10:08:44","modified_gmt":"2025-08-27T09:08:44","slug":"pea-discomfort-relief-60-comprimes-a-macher","status":"publish","type":"product","link":"https:\/\/ecosupplements.be\/fr\/produit\/pea-discomfort-relief-60-comprimes-a-macher\/","title":{"rendered":"PEA Discomfort Relief &#8211; 60 comprim\u00e9s \u00e0 m\u00e2cher"},"content":{"rendered":"<h1 style=\"text-align: center;\">Life Extension &#8211; Soulagement de l&#8217;inconfort de la PEA<\/h1>\n<h3 style=\"text-align: center;\">Pour les douleurs et inconforts mineurs occasionnels<\/h3>\n<p>PEA Discomfort Relief est un suppl\u00e9ment unique \u00e0 m\u00e2cher qui soulage les douleurs mineures occasionnelles. Le PEA (palmitoyl\u00e9thanolamide) est un compos\u00e9 naturellement produit par votre organisme. Maintenant, nous avons emball\u00e9 600 mg de PEA dans un comprim\u00e9 \u00e0 m\u00e2cher pratique. Vivez confortablement avec PEA Discomfort Relief !<\/p>\n<p>Les avantages en un coup d&#8217;\u0153il :<\/p>\n<p>Inhibe les douleurs et les g\u00eanes mineures<br \/>\nIl est d\u00e9montr\u00e9 qu&#8217;il favorise la qualit\u00e9 de vie<br \/>\nComprim\u00e9s \u00e0 m\u00e2cher pratiques, \u00e0 saveur de baies.<\/p>\n<p><img decoding=\"async\" src=\"https:\/\/ecosupplements.be\/wp-content\/uploads\/2025\/08\/non-gmo-1.png\" title=\"Non-OGM\" alt=\"Non-GMO\"><\/p>\n","protected":false},"excerpt":{"rendered":"<p>Life Extension &#8211; Soulagement de l&#8217;inconfort de la PEA Pour les douleurs et inconforts mineurs occasionnels PEA Discomfort Relief est un suppl\u00e9ment unique \u00e0 m\u00e2cher qui soulage les douleurs mineures occasionnelles. Le PEA (palmitoyl\u00e9thanolamide) est un compos\u00e9 naturellement produit par votre organisme. Maintenant, nous avons emball\u00e9 600 mg de PEA dans un comprim\u00e9 \u00e0 m\u00e2cher [&#8230;]\n","protected":false},"featured_media":240698,"comment_status":"open","ping_status":"open","template":"","meta":[],"product_brand":[4723],"product_cat":[5052],"product_tag":[5069],"class_list":{"0":"post-280198","1":"product","2":"type-product","3":"status-publish","4":"has-post-thumbnail","6":"product_brand-life-extension-2","7":"product_cat-sante-et-bien-etre","8":"product_tag-topeco-2","10":"first","11":"instock","12":"taxable","13":"shipping-taxable","14":"purchasable","15":"product-type-simple"},"yoast_head":"<!-- This site is optimized with the Yoast SEO Premium plugin v27.3 (Yoast SEO v27.3) - https:\/\/yoast.com\/product\/yoast-seo-premium-wordpress\/ -->\n<title>PEA Discomfort Relief - 60 comprim\u00e9s \u00e0 m\u00e2cher - ECO Supplements<\/title>\n<meta name=\"description\" content=\"Wij hebben een ruime keuze aan producten van PEA Discomfort Relief - 60 comprim\u00e9s \u00e0 m\u00e2cher . Winkel bij Eco Supplements altijd gratis verzending boven 100\u20ac\" \/>\n<meta name=\"robots\" content=\"index, follow, max-snippet:-1, max-image-preview:large, max-video-preview:-1\" \/>\n<link rel=\"canonical\" href=\"https:\/\/ecosupplements.be\/fr\/produit\/pea-discomfort-relief-60-comprimes-a-macher\/\" \/>\n<meta property=\"og:locale\" content=\"fr_FR\" \/>\n<meta property=\"og:type\" content=\"article\" \/>\n<meta property=\"og:title\" content=\"PEA Discomfort Relief - 60 comprim\u00e9s \u00e0 m\u00e2cher\" \/>\n<meta property=\"og:description\" content=\"Wij hebben een ruime keuze aan producten van PEA Discomfort Relief - 60 comprim\u00e9s \u00e0 m\u00e2cher . Winkel bij Eco Supplements altijd gratis verzending boven 100\u20ac\" \/>\n<meta property=\"og:url\" content=\"https:\/\/ecosupplements.be\/fr\/produit\/pea-discomfort-relief-60-comprimes-a-macher\/\" \/>\n<meta property=\"og:site_name\" content=\"ECO Supplements\" \/>\n<meta property=\"article:modified_time\" content=\"2025-08-27T09:08:44+00:00\" \/>\n<meta property=\"og:image\" content=\"https:\/\/ecosupplements.be\/wp-content\/uploads\/2025\/08\/Life-Extension-PEA-Discomfort-Relief-60-chewable-tablets-1.jpg\" \/>\n\t<meta property=\"og:image:width\" content=\"750\" \/>\n\t<meta property=\"og:image:height\" content=\"750\" \/>\n\t<meta property=\"og:image:type\" content=\"image\/jpeg\" \/>\n<meta name=\"twitter:card\" content=\"summary_large_image\" \/>\n<meta name=\"twitter:label1\" content=\"Prix\" \/>\n\t<meta name=\"twitter:data1\" content=\"36.88&nbsp;&euro;\" \/>\n\t<meta name=\"twitter:label2\" content=\"Disponibilit\u00e9\" \/>\n\t<meta name=\"twitter:data2\" content=\"En stock\" \/>\n<script type=\"application\/ld+json\" class=\"yoast-schema-graph\">{\"@context\":\"https:\\\/\\\/schema.org\",\"@graph\":[{\"@type\":[\"WebPage\",\"ItemPage\"],\"@id\":\"https:\\\/\\\/ecosupplements.be\\\/fr\\\/produit\\\/pea-discomfort-relief-60-comprimes-a-macher\\\/\",\"url\":\"https:\\\/\\\/ecosupplements.be\\\/fr\\\/produit\\\/pea-discomfort-relief-60-comprimes-a-macher\\\/\",\"name\":\"PEA Discomfort Relief - 60 comprim\u00e9s \u00e0 m\u00e2cher - ECO Supplements\",\"isPartOf\":{\"@id\":\"https:\\\/\\\/ecosupplements.be\\\/fr\\\/#website\"},\"primaryImageOfPage\":{\"@id\":\"https:\\\/\\\/ecosupplements.be\\\/fr\\\/produit\\\/pea-discomfort-relief-60-comprimes-a-macher\\\/#primaryimage\"},\"image\":{\"@id\":\"https:\\\/\\\/ecosupplements.be\\\/fr\\\/produit\\\/pea-discomfort-relief-60-comprimes-a-macher\\\/#primaryimage\"},\"thumbnailUrl\":\"https:\\\/\\\/ecosupplements.be\\\/wp-content\\\/uploads\\\/2025\\\/08\\\/Life-Extension-PEA-Discomfort-Relief-60-chewable-tablets-1.jpg\",\"datePublished\":\"2022-06-28T09:02:43+00:00\",\"dateModified\":\"2025-08-27T09:08:44+00:00\",\"description\":\"Wij hebben een ruime keuze aan producten van PEA Discomfort Relief - 60 comprim\u00e9s \u00e0 m\u00e2cher . Winkel bij Eco Supplements altijd gratis verzending boven 100\u20ac\",\"breadcrumb\":{\"@id\":\"https:\\\/\\\/ecosupplements.be\\\/fr\\\/produit\\\/pea-discomfort-relief-60-comprimes-a-macher\\\/#breadcrumb\"},\"inLanguage\":\"fr-FR\",\"potentialAction\":[{\"@type\":\"ReadAction\",\"target\":[\"https:\\\/\\\/ecosupplements.be\\\/fr\\\/produit\\\/pea-discomfort-relief-60-comprimes-a-macher\\\/\"]}]},{\"@type\":\"ImageObject\",\"inLanguage\":\"fr-FR\",\"@id\":\"https:\\\/\\\/ecosupplements.be\\\/fr\\\/produit\\\/pea-discomfort-relief-60-comprimes-a-macher\\\/#primaryimage\",\"url\":\"https:\\\/\\\/ecosupplements.be\\\/wp-content\\\/uploads\\\/2025\\\/08\\\/Life-Extension-PEA-Discomfort-Relief-60-chewable-tablets-1.jpg\",\"contentUrl\":\"https:\\\/\\\/ecosupplements.be\\\/wp-content\\\/uploads\\\/2025\\\/08\\\/Life-Extension-PEA-Discomfort-Relief-60-chewable-tablets-1.jpg\",\"width\":750,\"height\":750},{\"@type\":\"BreadcrumbList\",\"@id\":\"https:\\\/\\\/ecosupplements.be\\\/fr\\\/produit\\\/pea-discomfort-relief-60-comprimes-a-macher\\\/#breadcrumb\",\"itemListElement\":[{\"@type\":\"ListItem\",\"position\":1,\"name\":\"Home\",\"item\":\"https:\\\/\\\/ecosupplements.be\\\/fr\\\/\"},{\"@type\":\"ListItem\",\"position\":2,\"name\":\"Boutique\",\"item\":\"https:\\\/\\\/ecosupplements.be\\\/fr\\\/boutique\\\/\"},{\"@type\":\"ListItem\",\"position\":3,\"name\":\"PEA Discomfort Relief &#8211; 60 comprim\u00e9s \u00e0 m\u00e2cher\"}]},{\"@type\":\"WebSite\",\"@id\":\"https:\\\/\\\/ecosupplements.be\\\/fr\\\/#website\",\"url\":\"https:\\\/\\\/ecosupplements.be\\\/fr\\\/\",\"name\":\"ECO Supplements\",\"description\":\"Eco Supplements - Gezonde supplementen\",\"publisher\":{\"@id\":\"https:\\\/\\\/ecosupplements.be\\\/fr\\\/#organization\"},\"potentialAction\":[{\"@type\":\"SearchAction\",\"target\":{\"@type\":\"EntryPoint\",\"urlTemplate\":\"https:\\\/\\\/ecosupplements.be\\\/fr\\\/?s={search_term_string}\"},\"query-input\":{\"@type\":\"PropertyValueSpecification\",\"valueRequired\":true,\"valueName\":\"search_term_string\"}}],\"inLanguage\":\"fr-FR\"},{\"@type\":\"Organization\",\"@id\":\"https:\\\/\\\/ecosupplements.be\\\/fr\\\/#organization\",\"name\":\"Eco Supplements\",\"url\":\"https:\\\/\\\/ecosupplements.be\\\/fr\\\/\",\"logo\":{\"@type\":\"ImageObject\",\"inLanguage\":\"fr-FR\",\"@id\":\"https:\\\/\\\/ecosupplements.be\\\/fr\\\/#\\\/schema\\\/logo\\\/image\\\/\",\"url\":\"https:\\\/\\\/ecosupplements.be\\\/wp-content\\\/uploads\\\/2022\\\/06\\\/ecosupplement-family.png\",\"contentUrl\":\"https:\\\/\\\/ecosupplements.be\\\/wp-content\\\/uploads\\\/2022\\\/06\\\/ecosupplement-family.png\",\"width\":593,\"height\":374,\"caption\":\"Eco Supplements\"},\"image\":{\"@id\":\"https:\\\/\\\/ecosupplements.be\\\/fr\\\/#\\\/schema\\\/logo\\\/image\\\/\"}}]}<\/script>\n<meta property=\"product:brand\" content=\"Life Extension\" \/>\n<meta property=\"product:price:amount\" content=\"36.88\" \/>\n<meta property=\"product:price:currency\" content=\"EUR\" \/>\n<meta property=\"og:availability\" content=\"instock\" \/>\n<meta property=\"product:availability\" content=\"instock\" \/>\n<meta property=\"product:retailer_item_id\" content=\"737870230366\" \/>\n<meta property=\"product:condition\" content=\"new\" \/>\n<!-- \/ Yoast SEO Premium plugin. -->","yoast_head_json":{"title":"PEA Discomfort Relief - 60 comprim\u00e9s \u00e0 m\u00e2cher - ECO Supplements","description":"Wij hebben een ruime keuze aan producten van PEA Discomfort Relief - 60 comprim\u00e9s \u00e0 m\u00e2cher . Winkel bij Eco Supplements altijd gratis verzending boven 100\u20ac","robots":{"index":"index","follow":"follow","max-snippet":"max-snippet:-1","max-image-preview":"max-image-preview:large","max-video-preview":"max-video-preview:-1"},"canonical":"https:\/\/ecosupplements.be\/fr\/produit\/pea-discomfort-relief-60-comprimes-a-macher\/","og_locale":"fr_FR","og_type":"article","og_title":"PEA Discomfort Relief - 60 comprim\u00e9s \u00e0 m\u00e2cher","og_description":"Wij hebben een ruime keuze aan producten van PEA Discomfort Relief - 60 comprim\u00e9s \u00e0 m\u00e2cher . Winkel bij Eco Supplements altijd gratis verzending boven 100\u20ac","og_url":"https:\/\/ecosupplements.be\/fr\/produit\/pea-discomfort-relief-60-comprimes-a-macher\/","og_site_name":"ECO Supplements","article_modified_time":"2025-08-27T09:08:44+00:00","og_image":[{"width":750,"height":750,"url":"https:\/\/ecosupplements.be\/wp-content\/uploads\/2025\/08\/Life-Extension-PEA-Discomfort-Relief-60-chewable-tablets-1.jpg","type":"image\/jpeg"}],"twitter_card":"summary_large_image","twitter_misc":{"Prix":"36.88&nbsp;&euro;","Disponibilit\u00e9":"En stock"},"schema":{"@context":"https:\/\/schema.org","@graph":[{"@type":["WebPage","ItemPage"],"@id":"https:\/\/ecosupplements.be\/fr\/produit\/pea-discomfort-relief-60-comprimes-a-macher\/","url":"https:\/\/ecosupplements.be\/fr\/produit\/pea-discomfort-relief-60-comprimes-a-macher\/","name":"PEA Discomfort Relief - 60 comprim\u00e9s \u00e0 m\u00e2cher - ECO Supplements","isPartOf":{"@id":"https:\/\/ecosupplements.be\/fr\/#website"},"primaryImageOfPage":{"@id":"https:\/\/ecosupplements.be\/fr\/produit\/pea-discomfort-relief-60-comprimes-a-macher\/#primaryimage"},"image":{"@id":"https:\/\/ecosupplements.be\/fr\/produit\/pea-discomfort-relief-60-comprimes-a-macher\/#primaryimage"},"thumbnailUrl":"https:\/\/ecosupplements.be\/wp-content\/uploads\/2025\/08\/Life-Extension-PEA-Discomfort-Relief-60-chewable-tablets-1.jpg","datePublished":"2022-06-28T09:02:43+00:00","dateModified":"2025-08-27T09:08:44+00:00","description":"Wij hebben een ruime keuze aan producten van PEA Discomfort Relief - 60 comprim\u00e9s \u00e0 m\u00e2cher . Winkel bij Eco Supplements altijd gratis verzending boven 100\u20ac","breadcrumb":{"@id":"https:\/\/ecosupplements.be\/fr\/produit\/pea-discomfort-relief-60-comprimes-a-macher\/#breadcrumb"},"inLanguage":"fr-FR","potentialAction":[{"@type":"ReadAction","target":["https:\/\/ecosupplements.be\/fr\/produit\/pea-discomfort-relief-60-comprimes-a-macher\/"]}]},{"@type":"ImageObject","inLanguage":"fr-FR","@id":"https:\/\/ecosupplements.be\/fr\/produit\/pea-discomfort-relief-60-comprimes-a-macher\/#primaryimage","url":"https:\/\/ecosupplements.be\/wp-content\/uploads\/2025\/08\/Life-Extension-PEA-Discomfort-Relief-60-chewable-tablets-1.jpg","contentUrl":"https:\/\/ecosupplements.be\/wp-content\/uploads\/2025\/08\/Life-Extension-PEA-Discomfort-Relief-60-chewable-tablets-1.jpg","width":750,"height":750},{"@type":"BreadcrumbList","@id":"https:\/\/ecosupplements.be\/fr\/produit\/pea-discomfort-relief-60-comprimes-a-macher\/#breadcrumb","itemListElement":[{"@type":"ListItem","position":1,"name":"Home","item":"https:\/\/ecosupplements.be\/fr\/"},{"@type":"ListItem","position":2,"name":"Boutique","item":"https:\/\/ecosupplements.be\/fr\/boutique\/"},{"@type":"ListItem","position":3,"name":"PEA Discomfort Relief &#8211; 60 comprim\u00e9s \u00e0 m\u00e2cher"}]},{"@type":"WebSite","@id":"https:\/\/ecosupplements.be\/fr\/#website","url":"https:\/\/ecosupplements.be\/fr\/","name":"ECO Supplements","description":"Eco Supplements - Gezonde supplementen","publisher":{"@id":"https:\/\/ecosupplements.be\/fr\/#organization"},"potentialAction":[{"@type":"SearchAction","target":{"@type":"EntryPoint","urlTemplate":"https:\/\/ecosupplements.be\/fr\/?s={search_term_string}"},"query-input":{"@type":"PropertyValueSpecification","valueRequired":true,"valueName":"search_term_string"}}],"inLanguage":"fr-FR"},{"@type":"Organization","@id":"https:\/\/ecosupplements.be\/fr\/#organization","name":"Eco Supplements","url":"https:\/\/ecosupplements.be\/fr\/","logo":{"@type":"ImageObject","inLanguage":"fr-FR","@id":"https:\/\/ecosupplements.be\/fr\/#\/schema\/logo\/image\/","url":"https:\/\/ecosupplements.be\/wp-content\/uploads\/2022\/06\/ecosupplement-family.png","contentUrl":"https:\/\/ecosupplements.be\/wp-content\/uploads\/2022\/06\/ecosupplement-family.png","width":593,"height":374,"caption":"Eco Supplements"},"image":{"@id":"https:\/\/ecosupplements.be\/fr\/#\/schema\/logo\/image\/"}}]},"product_brand":"Life Extension","product_price_amount":"36.88","product_price_currency":"EUR","og_availability":"instock","product_availability":"instock","product_retailer_item_id":"737870230366","product_condition":"new"},"_links":{"self":[{"href":"https:\/\/ecosupplements.be\/fr\/wp-json\/wp\/v2\/product\/280198","targetHints":{"allow":["GET"]}}],"collection":[{"href":"https:\/\/ecosupplements.be\/fr\/wp-json\/wp\/v2\/product"}],"about":[{"href":"https:\/\/ecosupplements.be\/fr\/wp-json\/wp\/v2\/types\/product"}],"replies":[{"embeddable":true,"href":"https:\/\/ecosupplements.be\/fr\/wp-json\/wp\/v2\/comments?post=280198"}],"wp:featuredmedia":[{"embeddable":true,"href":"https:\/\/ecosupplements.be\/fr\/wp-json\/wp\/v2\/media\/240698"}],"wp:attachment":[{"href":"https:\/\/ecosupplements.be\/fr\/wp-json\/wp\/v2\/media?parent=280198"}],"wp:term":[{"taxonomy":"product_brand","embeddable":true,"href":"https:\/\/ecosupplements.be\/fr\/wp-json\/wp\/v2\/product_brand?post=280198"},{"taxonomy":"product_cat","embeddable":true,"href":"https:\/\/ecosupplements.be\/fr\/wp-json\/wp\/v2\/product_cat?post=280198"},{"taxonomy":"product_tag","embeddable":true,"href":"https:\/\/ecosupplements.be\/fr\/wp-json\/wp\/v2\/product_tag?post=280198"}],"curies":[{"name":"wp","href":"https:\/\/api.w.org\/{rel}","templated":true}]}}