{"id":280199,"date":"2022-06-28T10:02:43","date_gmt":"2022-06-28T09:02:43","guid":{"rendered":"https:\/\/ecosupplements.be\/product\/prostapollen-triple-strength-30-softgels\/"},"modified":"2025-08-27T10:08:46","modified_gmt":"2025-08-27T09:08:46","slug":"prostapollen-triple-strength-30-softgels","status":"publish","type":"product","link":"https:\/\/ecosupplements.be\/fr\/produit\/prostapollen-triple-strength-30-softgels\/","title":{"rendered":"ProstaPollen Triple Strength &#8211; 30 softgels"},"content":{"rendered":"<h1 style=\"text-align: center;\">Life Extension &#8211; ProstaPollen Triple Strength<\/h1>\n<p>Triple Strength ProstaPollen soutient des habitudes de miction et une fonction prostatique saines. Cette formule innovante contient des extraits concentr\u00e9s de pollen sp\u00e9cifiquement s\u00e9lectionn\u00e9s pour un soutien efficace de la prostate. Des \u00e9tudes cliniques ont d\u00e9montr\u00e9 que les extraits de pollen de fleurs contenus dans Triple Strength ProstaPollen apportent un soutien sain aux glandes prostatiques vieillissantes. Obtenez une triple dose de soutien au pollen pour la sant\u00e9 de la prostate dans une softgel pratique \u00e0 prendre une fois par jour.<br \/>\nLes avantages en un coup d&#8217;\u0153il<br \/>\nFavorise une fonction prostatique saine<br \/>\nMaintient des habitudes de miction saines<br \/>\nLes extraits de pollen favorisent une fonction saine dans une prostate vieillissante<br \/>\nFormule triple force dans un softgel pratique \u00e0 prendre une fois par jour<br \/>\nFavorise une fonction prostatique saine et des habitudes de miction saines<br \/>\nPlus d&#8217;informations sur Triple Strength ProstaPollen<br \/>\nLa plupart des hommes constatent que leur glande prostatique subit des changements importants en vieillissant. Et il a \u00e9t\u00e9 d\u00e9montr\u00e9 que certains extraits de pollen favorisent une fonction saine dans une prostate vieillissante. C&#8217;est pourquoi nous avons d\u00e9velopp\u00e9 notre suppl\u00e9ment de soutien de la prostate Triple Strength ProstaPollen !<br \/>\nSoutien \u00e0 la sant\u00e9 de la prostate et des voies urinaires<br \/>\nCette formule puissante \u00e0 triple force soutient des habitudes de miction et une fonction prostatique saines. Elle contient des extraits concentr\u00e9s de pollen sp\u00e9cifiquement s\u00e9lectionn\u00e9s pour un soutien efficace de la prostate.2-4 Des \u00e9tudes cliniques ont d\u00e9montr\u00e9 que les extraits de pollen de fleurs contenus dans ProstaPollen triple force apportent un soutien sain aux glandes prostatiques vieillissantes.<br \/>\nDeux extraits de pollen uniques<br \/>\nDeux fractions contenues dans Triple Strength ProstaPollen &#8211; le Graminex G60 hydrosoluble et le Graminex NAX liposoluble &#8211; soutiennent la sant\u00e9 de la prostate en aidant \u00e0 maintenir le tonus des muscles lisses de la prostate, de la vessie et de l&#8217;ur\u00e8tre.<br \/>\nLife Extension inclut depuis longtemps des extraits de pollen dans sa formule Ultra Natural Prostate. Mais maintenant, cette formulation autonome d&#8217;extraits de pollen europ\u00e9en est disponible pour les Am\u00e9ricains pour la premi\u00e8re fois.<br \/>\nFormule pratique \u00e0 prendre une fois par jour<br \/>\nLa plupart des extraits de pollen de Graminex disponibles dans le commerce n\u00e9cessitent trois g\u00e9lules par jour. Le ProstaPollen triple force de Life Extension fournit une triple dose d&#8217;extrait de pollen pour la sant\u00e9 de la prostate dans une softgel pratique, \u00e0 prendre une fois par jour.<\/p>\n","protected":false},"excerpt":{"rendered":"<p>Life Extension &#8211; ProstaPollen Triple Strength Triple Strength ProstaPollen soutient des habitudes de miction et une fonction prostatique saines. Cette formule innovante contient des extraits concentr\u00e9s de pollen sp\u00e9cifiquement s\u00e9lectionn\u00e9s pour un soutien efficace de la prostate. Des \u00e9tudes cliniques ont d\u00e9montr\u00e9 que les extraits de pollen de fleurs contenus dans Triple Strength ProstaPollen apportent [&#8230;]\n","protected":false},"featured_media":240703,"comment_status":"open","ping_status":"open","template":"","meta":[],"product_brand":[4723],"product_cat":[5052,5122,5053],"product_tag":[5069],"class_list":{"0":"post-280199","1":"product","2":"type-product","3":"status-publish","4":"has-post-thumbnail","6":"product_brand-life-extension-2","7":"product_cat-sante-et-bien-etre","8":"product_cat-sante-sexuelle","9":"product_cat-vitamines-et-mineraux","10":"product_tag-topeco-2","12":"first","13":"instock","14":"taxable","15":"shipping-taxable","16":"purchasable","17":"product-type-simple"},"yoast_head":"<!-- This site is optimized with the Yoast SEO Premium plugin v27.3 (Yoast SEO v27.3) - https:\/\/yoast.com\/product\/yoast-seo-premium-wordpress\/ -->\n<title>ProstaPollen Triple Strength - 30 softgels - ECO Supplements<\/title>\n<meta name=\"description\" content=\"Wij hebben een ruime keuze aan producten van ProstaPollen Triple Strength - 30 softgels . Winkel bij Eco Supplements altijd gratis verzending boven 100\u20ac\" \/>\n<meta name=\"robots\" content=\"index, follow, max-snippet:-1, max-image-preview:large, max-video-preview:-1\" \/>\n<link rel=\"canonical\" href=\"https:\/\/ecosupplements.be\/fr\/produit\/prostapollen-triple-strength-30-softgels\/\" \/>\n<meta property=\"og:locale\" content=\"fr_FR\" \/>\n<meta property=\"og:type\" content=\"article\" \/>\n<meta property=\"og:title\" content=\"ProstaPollen Triple Strength - 30 softgels\" \/>\n<meta property=\"og:description\" content=\"Wij hebben een ruime keuze aan producten van ProstaPollen Triple Strength - 30 softgels . Winkel bij Eco Supplements altijd gratis verzending boven 100\u20ac\" \/>\n<meta property=\"og:url\" content=\"https:\/\/ecosupplements.be\/fr\/produit\/prostapollen-triple-strength-30-softgels\/\" \/>\n<meta property=\"og:site_name\" content=\"ECO Supplements\" \/>\n<meta property=\"article:modified_time\" content=\"2025-08-27T09:08:46+00:00\" \/>\n<meta property=\"og:image\" content=\"https:\/\/ecosupplements.be\/wp-content\/uploads\/2025\/08\/Life-Extension-ProstaPollen-Triple-Strength-30-softgels.jpg\" \/>\n\t<meta property=\"og:image:width\" content=\"750\" \/>\n\t<meta property=\"og:image:height\" content=\"750\" \/>\n\t<meta property=\"og:image:type\" content=\"image\/jpeg\" \/>\n<meta name=\"twitter:card\" content=\"summary_large_image\" \/>\n<meta name=\"twitter:label1\" content=\"Prix\" \/>\n\t<meta name=\"twitter:data1\" content=\"36.70&nbsp;&euro;\" \/>\n\t<meta name=\"twitter:label2\" content=\"Disponibilit\u00e9\" \/>\n\t<meta name=\"twitter:data2\" content=\"En stock\" \/>\n<script type=\"application\/ld+json\" class=\"yoast-schema-graph\">{\"@context\":\"https:\\\/\\\/schema.org\",\"@graph\":[{\"@type\":[\"WebPage\",\"ItemPage\"],\"@id\":\"https:\\\/\\\/ecosupplements.be\\\/fr\\\/produit\\\/prostapollen-triple-strength-30-softgels\\\/\",\"url\":\"https:\\\/\\\/ecosupplements.be\\\/fr\\\/produit\\\/prostapollen-triple-strength-30-softgels\\\/\",\"name\":\"ProstaPollen Triple Strength - 30 softgels - ECO Supplements\",\"isPartOf\":{\"@id\":\"https:\\\/\\\/ecosupplements.be\\\/fr\\\/#website\"},\"primaryImageOfPage\":{\"@id\":\"https:\\\/\\\/ecosupplements.be\\\/fr\\\/produit\\\/prostapollen-triple-strength-30-softgels\\\/#primaryimage\"},\"image\":{\"@id\":\"https:\\\/\\\/ecosupplements.be\\\/fr\\\/produit\\\/prostapollen-triple-strength-30-softgels\\\/#primaryimage\"},\"thumbnailUrl\":\"https:\\\/\\\/ecosupplements.be\\\/wp-content\\\/uploads\\\/2025\\\/08\\\/Life-Extension-ProstaPollen-Triple-Strength-30-softgels-1.jpg\",\"datePublished\":\"2022-06-28T09:02:43+00:00\",\"dateModified\":\"2025-08-27T09:08:46+00:00\",\"description\":\"Wij hebben een ruime keuze aan producten van ProstaPollen Triple Strength - 30 softgels . Winkel bij Eco Supplements altijd gratis verzending boven 100\u20ac\",\"breadcrumb\":{\"@id\":\"https:\\\/\\\/ecosupplements.be\\\/fr\\\/produit\\\/prostapollen-triple-strength-30-softgels\\\/#breadcrumb\"},\"inLanguage\":\"fr-FR\",\"potentialAction\":[{\"@type\":\"ReadAction\",\"target\":[\"https:\\\/\\\/ecosupplements.be\\\/fr\\\/produit\\\/prostapollen-triple-strength-30-softgels\\\/\"]}]},{\"@type\":\"ImageObject\",\"inLanguage\":\"fr-FR\",\"@id\":\"https:\\\/\\\/ecosupplements.be\\\/fr\\\/produit\\\/prostapollen-triple-strength-30-softgels\\\/#primaryimage\",\"url\":\"https:\\\/\\\/ecosupplements.be\\\/wp-content\\\/uploads\\\/2025\\\/08\\\/Life-Extension-ProstaPollen-Triple-Strength-30-softgels-1.jpg\",\"contentUrl\":\"https:\\\/\\\/ecosupplements.be\\\/wp-content\\\/uploads\\\/2025\\\/08\\\/Life-Extension-ProstaPollen-Triple-Strength-30-softgels-1.jpg\",\"width\":750,\"height\":750},{\"@type\":\"BreadcrumbList\",\"@id\":\"https:\\\/\\\/ecosupplements.be\\\/fr\\\/produit\\\/prostapollen-triple-strength-30-softgels\\\/#breadcrumb\",\"itemListElement\":[{\"@type\":\"ListItem\",\"position\":1,\"name\":\"Home\",\"item\":\"https:\\\/\\\/ecosupplements.be\\\/fr\\\/\"},{\"@type\":\"ListItem\",\"position\":2,\"name\":\"Boutique\",\"item\":\"https:\\\/\\\/ecosupplements.be\\\/fr\\\/boutique\\\/\"},{\"@type\":\"ListItem\",\"position\":3,\"name\":\"ProstaPollen Triple Strength &#8211; 30 softgels\"}]},{\"@type\":\"WebSite\",\"@id\":\"https:\\\/\\\/ecosupplements.be\\\/fr\\\/#website\",\"url\":\"https:\\\/\\\/ecosupplements.be\\\/fr\\\/\",\"name\":\"ECO Supplements\",\"description\":\"Eco Supplements - Gezonde supplementen\",\"publisher\":{\"@id\":\"https:\\\/\\\/ecosupplements.be\\\/fr\\\/#organization\"},\"potentialAction\":[{\"@type\":\"SearchAction\",\"target\":{\"@type\":\"EntryPoint\",\"urlTemplate\":\"https:\\\/\\\/ecosupplements.be\\\/fr\\\/?s={search_term_string}\"},\"query-input\":{\"@type\":\"PropertyValueSpecification\",\"valueRequired\":true,\"valueName\":\"search_term_string\"}}],\"inLanguage\":\"fr-FR\"},{\"@type\":\"Organization\",\"@id\":\"https:\\\/\\\/ecosupplements.be\\\/fr\\\/#organization\",\"name\":\"Eco Supplements\",\"url\":\"https:\\\/\\\/ecosupplements.be\\\/fr\\\/\",\"logo\":{\"@type\":\"ImageObject\",\"inLanguage\":\"fr-FR\",\"@id\":\"https:\\\/\\\/ecosupplements.be\\\/fr\\\/#\\\/schema\\\/logo\\\/image\\\/\",\"url\":\"https:\\\/\\\/ecosupplements.be\\\/wp-content\\\/uploads\\\/2022\\\/06\\\/ecosupplement-family.png\",\"contentUrl\":\"https:\\\/\\\/ecosupplements.be\\\/wp-content\\\/uploads\\\/2022\\\/06\\\/ecosupplement-family.png\",\"width\":593,\"height\":374,\"caption\":\"Eco Supplements\"},\"image\":{\"@id\":\"https:\\\/\\\/ecosupplements.be\\\/fr\\\/#\\\/schema\\\/logo\\\/image\\\/\"}}]}<\/script>\n<meta property=\"product:brand\" content=\"Life Extension\" \/>\n<meta property=\"product:price:amount\" content=\"36.70\" \/>\n<meta property=\"product:price:currency\" content=\"EUR\" \/>\n<meta property=\"og:availability\" content=\"instock\" \/>\n<meta property=\"product:availability\" content=\"instock\" \/>\n<meta property=\"product:retailer_item_id\" content=\"737870190936\" \/>\n<meta property=\"product:condition\" content=\"new\" \/>\n<!-- \/ Yoast SEO Premium plugin. -->","yoast_head_json":{"title":"ProstaPollen Triple Strength - 30 softgels - ECO Supplements","description":"Wij hebben een ruime keuze aan producten van ProstaPollen Triple Strength - 30 softgels . Winkel bij Eco Supplements altijd gratis verzending boven 100\u20ac","robots":{"index":"index","follow":"follow","max-snippet":"max-snippet:-1","max-image-preview":"max-image-preview:large","max-video-preview":"max-video-preview:-1"},"canonical":"https:\/\/ecosupplements.be\/fr\/produit\/prostapollen-triple-strength-30-softgels\/","og_locale":"fr_FR","og_type":"article","og_title":"ProstaPollen Triple Strength - 30 softgels","og_description":"Wij hebben een ruime keuze aan producten van ProstaPollen Triple Strength - 30 softgels . Winkel bij Eco Supplements altijd gratis verzending boven 100\u20ac","og_url":"https:\/\/ecosupplements.be\/fr\/produit\/prostapollen-triple-strength-30-softgels\/","og_site_name":"ECO Supplements","article_modified_time":"2025-08-27T09:08:46+00:00","og_image":[{"width":750,"height":750,"url":"https:\/\/ecosupplements.be\/wp-content\/uploads\/2025\/08\/Life-Extension-ProstaPollen-Triple-Strength-30-softgels.jpg","type":"image\/jpeg"}],"twitter_card":"summary_large_image","twitter_misc":{"Prix":"36.70&nbsp;&euro;","Disponibilit\u00e9":"En stock"},"schema":{"@context":"https:\/\/schema.org","@graph":[{"@type":["WebPage","ItemPage"],"@id":"https:\/\/ecosupplements.be\/fr\/produit\/prostapollen-triple-strength-30-softgels\/","url":"https:\/\/ecosupplements.be\/fr\/produit\/prostapollen-triple-strength-30-softgels\/","name":"ProstaPollen Triple Strength - 30 softgels - ECO Supplements","isPartOf":{"@id":"https:\/\/ecosupplements.be\/fr\/#website"},"primaryImageOfPage":{"@id":"https:\/\/ecosupplements.be\/fr\/produit\/prostapollen-triple-strength-30-softgels\/#primaryimage"},"image":{"@id":"https:\/\/ecosupplements.be\/fr\/produit\/prostapollen-triple-strength-30-softgels\/#primaryimage"},"thumbnailUrl":"https:\/\/ecosupplements.be\/wp-content\/uploads\/2025\/08\/Life-Extension-ProstaPollen-Triple-Strength-30-softgels-1.jpg","datePublished":"2022-06-28T09:02:43+00:00","dateModified":"2025-08-27T09:08:46+00:00","description":"Wij hebben een ruime keuze aan producten van ProstaPollen Triple Strength - 30 softgels . Winkel bij Eco Supplements altijd gratis verzending boven 100\u20ac","breadcrumb":{"@id":"https:\/\/ecosupplements.be\/fr\/produit\/prostapollen-triple-strength-30-softgels\/#breadcrumb"},"inLanguage":"fr-FR","potentialAction":[{"@type":"ReadAction","target":["https:\/\/ecosupplements.be\/fr\/produit\/prostapollen-triple-strength-30-softgels\/"]}]},{"@type":"ImageObject","inLanguage":"fr-FR","@id":"https:\/\/ecosupplements.be\/fr\/produit\/prostapollen-triple-strength-30-softgels\/#primaryimage","url":"https:\/\/ecosupplements.be\/wp-content\/uploads\/2025\/08\/Life-Extension-ProstaPollen-Triple-Strength-30-softgels-1.jpg","contentUrl":"https:\/\/ecosupplements.be\/wp-content\/uploads\/2025\/08\/Life-Extension-ProstaPollen-Triple-Strength-30-softgels-1.jpg","width":750,"height":750},{"@type":"BreadcrumbList","@id":"https:\/\/ecosupplements.be\/fr\/produit\/prostapollen-triple-strength-30-softgels\/#breadcrumb","itemListElement":[{"@type":"ListItem","position":1,"name":"Home","item":"https:\/\/ecosupplements.be\/fr\/"},{"@type":"ListItem","position":2,"name":"Boutique","item":"https:\/\/ecosupplements.be\/fr\/boutique\/"},{"@type":"ListItem","position":3,"name":"ProstaPollen Triple Strength &#8211; 30 softgels"}]},{"@type":"WebSite","@id":"https:\/\/ecosupplements.be\/fr\/#website","url":"https:\/\/ecosupplements.be\/fr\/","name":"ECO Supplements","description":"Eco Supplements - Gezonde supplementen","publisher":{"@id":"https:\/\/ecosupplements.be\/fr\/#organization"},"potentialAction":[{"@type":"SearchAction","target":{"@type":"EntryPoint","urlTemplate":"https:\/\/ecosupplements.be\/fr\/?s={search_term_string}"},"query-input":{"@type":"PropertyValueSpecification","valueRequired":true,"valueName":"search_term_string"}}],"inLanguage":"fr-FR"},{"@type":"Organization","@id":"https:\/\/ecosupplements.be\/fr\/#organization","name":"Eco Supplements","url":"https:\/\/ecosupplements.be\/fr\/","logo":{"@type":"ImageObject","inLanguage":"fr-FR","@id":"https:\/\/ecosupplements.be\/fr\/#\/schema\/logo\/image\/","url":"https:\/\/ecosupplements.be\/wp-content\/uploads\/2022\/06\/ecosupplement-family.png","contentUrl":"https:\/\/ecosupplements.be\/wp-content\/uploads\/2022\/06\/ecosupplement-family.png","width":593,"height":374,"caption":"Eco Supplements"},"image":{"@id":"https:\/\/ecosupplements.be\/fr\/#\/schema\/logo\/image\/"}}]},"product_brand":"Life Extension","product_price_amount":"36.70","product_price_currency":"EUR","og_availability":"instock","product_availability":"instock","product_retailer_item_id":"737870190936","product_condition":"new"},"_links":{"self":[{"href":"https:\/\/ecosupplements.be\/fr\/wp-json\/wp\/v2\/product\/280199","targetHints":{"allow":["GET"]}}],"collection":[{"href":"https:\/\/ecosupplements.be\/fr\/wp-json\/wp\/v2\/product"}],"about":[{"href":"https:\/\/ecosupplements.be\/fr\/wp-json\/wp\/v2\/types\/product"}],"replies":[{"embeddable":true,"href":"https:\/\/ecosupplements.be\/fr\/wp-json\/wp\/v2\/comments?post=280199"}],"wp:featuredmedia":[{"embeddable":true,"href":"https:\/\/ecosupplements.be\/fr\/wp-json\/wp\/v2\/media\/240703"}],"wp:attachment":[{"href":"https:\/\/ecosupplements.be\/fr\/wp-json\/wp\/v2\/media?parent=280199"}],"wp:term":[{"taxonomy":"product_brand","embeddable":true,"href":"https:\/\/ecosupplements.be\/fr\/wp-json\/wp\/v2\/product_brand?post=280199"},{"taxonomy":"product_cat","embeddable":true,"href":"https:\/\/ecosupplements.be\/fr\/wp-json\/wp\/v2\/product_cat?post=280199"},{"taxonomy":"product_tag","embeddable":true,"href":"https:\/\/ecosupplements.be\/fr\/wp-json\/wp\/v2\/product_tag?post=280199"}],"curies":[{"name":"wp","href":"https:\/\/api.w.org\/{rel}","templated":true}]}}