{"id":280205,"date":"2022-06-28T10:02:43","date_gmt":"2022-06-28T09:02:43","guid":{"rendered":"https:\/\/ecosupplements.be\/product\/coq10-super-absorbable-avec-d-limonene-50-mg-60-softgels\/"},"modified":"2025-08-27T10:09:04","modified_gmt":"2025-08-27T09:09:04","slug":"coq10-super-absorbable-avec-d-limonene-50-mg-60-softgels","status":"publish","type":"product","link":"https:\/\/ecosupplements.be\/fr\/produit\/coq10-super-absorbable-avec-d-limonene-50-mg-60-softgels\/","title":{"rendered":"CoQ10 super absorbable avec d-Limon\u00e8ne, 50 mg &#8211; 60 softgels"},"content":{"rendered":"<h1 style=\"text-align: center;\">Life Extension &#8211; CoQ10 super absorbable avec d-Limon\u00e8ne<\/h1>\n<p>Le coenzyme Q10 est un composant essentiel au bon fonctionnement des cellules qui transforment les graisses et les sucres en \u00e9nergie. \u00c9tant un puissant antioxydant, la CoQ10 en quantit\u00e9 suffisante aide les cellules \u00e0 fonctionner efficacement et \u00e0 prot\u00e9ger les prot\u00e9ines, les lipides et l&#8217;ADN de l&#8217;oxydation. Cependant, \u00e0 mesure que nous vieillissons, sa production naturelle diminue. Lorsque la coenzyme Q10 est ing\u00e9r\u00e9e par voie orale, seul un certain pourcentage est absorb\u00e9 dans la circulation sanguine. Des doses plus \u00e9lev\u00e9es de CoQ10 produisent des effets nettement meilleurs que les doses habituelles. Comme il s&#8217;agit d&#8217;un nutriment co\u00fbteux, une meilleure alternative pour des doses plus \u00e9lev\u00e9es est d&#8217;augmenter la capacit\u00e9 d&#8217;absorption. <\/p>\n<p>Le CoQ10 super-absorbable avec d-Limon\u00e8ne fournit la forme ubiquinone du CoQ10 dans une formulation super-\u00e9mulsifi\u00e9e. Le d-Limon\u00e8ne est un compos\u00e9 naturel de l&#8217;huile d&#8217;orange qui rend le CoQ10 plus absorbable par le corps.<\/p>\n<p><img decoding=\"async\" src=\"https:\/\/ecosupplements.be\/wp-content\/uploads\/2025\/08\/non-gmo-1.png\" title=\"Non-OGM\" alt=\"Non-GMO\"><\/p>\n","protected":false},"excerpt":{"rendered":"<p>Life Extension &#8211; CoQ10 super absorbable avec d-Limon\u00e8ne Le coenzyme Q10 est un composant essentiel au bon fonctionnement des cellules qui transforment les graisses et les sucres en \u00e9nergie. \u00c9tant un puissant antioxydant, la CoQ10 en quantit\u00e9 suffisante aide les cellules \u00e0 fonctionner efficacement et \u00e0 prot\u00e9ger les prot\u00e9ines, les lipides et l&#8217;ADN de l&#8217;oxydation. [&#8230;]\n","protected":false},"featured_media":240733,"comment_status":"open","ping_status":"open","template":"","meta":[],"product_brand":[4723],"product_cat":[5098,5052,5053],"product_tag":[5069],"class_list":{"0":"post-280205","1":"product","2":"type-product","3":"status-publish","4":"has-post-thumbnail","6":"product_brand-life-extension-2","7":"product_cat-antioxydants","8":"product_cat-sante-et-bien-etre","9":"product_cat-vitamines-et-mineraux","10":"product_tag-topeco-2","12":"first","13":"instock","14":"taxable","15":"shipping-taxable","16":"purchasable","17":"product-type-simple"},"yoast_head":"<!-- This site is optimized with the Yoast SEO Premium plugin v27.3 (Yoast SEO v27.3) - https:\/\/yoast.com\/product\/yoast-seo-premium-wordpress\/ -->\n<title>CoQ10 super absorbable avec d-Limon\u00e8ne, 50 mg - 60 softgels - ECO Supplements<\/title>\n<meta name=\"description\" content=\"Wij hebben een ruime keuze aan producten van CoQ10 super absorbable avec d-Limon\u00e8ne, 50 mg - 60 softgels . Winkel bij Eco Supplements altijd gratis verzending boven 100\u20ac\" \/>\n<meta name=\"robots\" content=\"index, follow, max-snippet:-1, max-image-preview:large, max-video-preview:-1\" \/>\n<link rel=\"canonical\" href=\"https:\/\/ecosupplements.be\/fr\/produit\/coq10-super-absorbable-avec-d-limonene-50-mg-60-softgels\/\" \/>\n<meta property=\"og:locale\" content=\"fr_FR\" \/>\n<meta property=\"og:type\" content=\"article\" \/>\n<meta property=\"og:title\" content=\"CoQ10 super absorbable avec d-Limon\u00e8ne, 50 mg - 60 softgels\" \/>\n<meta property=\"og:description\" content=\"Wij hebben een ruime keuze aan producten van CoQ10 super absorbable avec d-Limon\u00e8ne, 50 mg - 60 softgels . Winkel bij Eco Supplements altijd gratis verzending boven 100\u20ac\" \/>\n<meta property=\"og:url\" content=\"https:\/\/ecosupplements.be\/fr\/produit\/coq10-super-absorbable-avec-d-limonene-50-mg-60-softgels\/\" \/>\n<meta property=\"og:site_name\" content=\"ECO Supplements\" \/>\n<meta property=\"article:modified_time\" content=\"2025-08-27T09:09:04+00:00\" \/>\n<meta property=\"og:image\" content=\"https:\/\/ecosupplements.be\/wp-content\/uploads\/2025\/08\/Life-Extension-Super-Absorbable-CoQ10-with-d-Limonene-50-mg-60-Softgels-1.jpg\" \/>\n\t<meta property=\"og:image:width\" content=\"750\" \/>\n\t<meta property=\"og:image:height\" content=\"750\" \/>\n\t<meta property=\"og:image:type\" content=\"image\/jpeg\" \/>\n<meta name=\"twitter:card\" content=\"summary_large_image\" \/>\n<meta name=\"twitter:label1\" content=\"Prix\" \/>\n\t<meta name=\"twitter:data1\" content=\"33.30&nbsp;&euro;\" \/>\n\t<meta name=\"twitter:label2\" content=\"Disponibilit\u00e9\" \/>\n\t<meta name=\"twitter:data2\" content=\"En stock\" \/>\n<script type=\"application\/ld+json\" class=\"yoast-schema-graph\">{\"@context\":\"https:\\\/\\\/schema.org\",\"@graph\":[{\"@type\":[\"WebPage\",\"ItemPage\"],\"@id\":\"https:\\\/\\\/ecosupplements.be\\\/fr\\\/produit\\\/coq10-super-absorbable-avec-d-limonene-50-mg-60-softgels\\\/\",\"url\":\"https:\\\/\\\/ecosupplements.be\\\/fr\\\/produit\\\/coq10-super-absorbable-avec-d-limonene-50-mg-60-softgels\\\/\",\"name\":\"CoQ10 super absorbable avec d-Limon\u00e8ne, 50 mg - 60 softgels - ECO Supplements\",\"isPartOf\":{\"@id\":\"https:\\\/\\\/ecosupplements.be\\\/fr\\\/#website\"},\"primaryImageOfPage\":{\"@id\":\"https:\\\/\\\/ecosupplements.be\\\/fr\\\/produit\\\/coq10-super-absorbable-avec-d-limonene-50-mg-60-softgels\\\/#primaryimage\"},\"image\":{\"@id\":\"https:\\\/\\\/ecosupplements.be\\\/fr\\\/produit\\\/coq10-super-absorbable-avec-d-limonene-50-mg-60-softgels\\\/#primaryimage\"},\"thumbnailUrl\":\"https:\\\/\\\/ecosupplements.be\\\/wp-content\\\/uploads\\\/2025\\\/08\\\/Life-Extension-Super-Absorbable-CoQ10-with-d-Limonene-50-mg-60-Softgels-1.jpg\",\"datePublished\":\"2022-06-28T09:02:43+00:00\",\"dateModified\":\"2025-08-27T09:09:04+00:00\",\"description\":\"Wij hebben een ruime keuze aan producten van CoQ10 super absorbable avec d-Limon\u00e8ne, 50 mg - 60 softgels . Winkel bij Eco Supplements altijd gratis verzending boven 100\u20ac\",\"breadcrumb\":{\"@id\":\"https:\\\/\\\/ecosupplements.be\\\/fr\\\/produit\\\/coq10-super-absorbable-avec-d-limonene-50-mg-60-softgels\\\/#breadcrumb\"},\"inLanguage\":\"fr-FR\",\"potentialAction\":[{\"@type\":\"ReadAction\",\"target\":[\"https:\\\/\\\/ecosupplements.be\\\/fr\\\/produit\\\/coq10-super-absorbable-avec-d-limonene-50-mg-60-softgels\\\/\"]}]},{\"@type\":\"ImageObject\",\"inLanguage\":\"fr-FR\",\"@id\":\"https:\\\/\\\/ecosupplements.be\\\/fr\\\/produit\\\/coq10-super-absorbable-avec-d-limonene-50-mg-60-softgels\\\/#primaryimage\",\"url\":\"https:\\\/\\\/ecosupplements.be\\\/wp-content\\\/uploads\\\/2025\\\/08\\\/Life-Extension-Super-Absorbable-CoQ10-with-d-Limonene-50-mg-60-Softgels-1.jpg\",\"contentUrl\":\"https:\\\/\\\/ecosupplements.be\\\/wp-content\\\/uploads\\\/2025\\\/08\\\/Life-Extension-Super-Absorbable-CoQ10-with-d-Limonene-50-mg-60-Softgels-1.jpg\",\"width\":750,\"height\":750},{\"@type\":\"BreadcrumbList\",\"@id\":\"https:\\\/\\\/ecosupplements.be\\\/fr\\\/produit\\\/coq10-super-absorbable-avec-d-limonene-50-mg-60-softgels\\\/#breadcrumb\",\"itemListElement\":[{\"@type\":\"ListItem\",\"position\":1,\"name\":\"Home\",\"item\":\"https:\\\/\\\/ecosupplements.be\\\/fr\\\/\"},{\"@type\":\"ListItem\",\"position\":2,\"name\":\"Boutique\",\"item\":\"https:\\\/\\\/ecosupplements.be\\\/fr\\\/boutique\\\/\"},{\"@type\":\"ListItem\",\"position\":3,\"name\":\"CoQ10 super absorbable avec d-Limon\u00e8ne, 50 mg &#8211; 60 softgels\"}]},{\"@type\":\"WebSite\",\"@id\":\"https:\\\/\\\/ecosupplements.be\\\/fr\\\/#website\",\"url\":\"https:\\\/\\\/ecosupplements.be\\\/fr\\\/\",\"name\":\"ECO Supplements\",\"description\":\"Eco Supplements - Gezonde supplementen\",\"publisher\":{\"@id\":\"https:\\\/\\\/ecosupplements.be\\\/fr\\\/#organization\"},\"potentialAction\":[{\"@type\":\"SearchAction\",\"target\":{\"@type\":\"EntryPoint\",\"urlTemplate\":\"https:\\\/\\\/ecosupplements.be\\\/fr\\\/?s={search_term_string}\"},\"query-input\":{\"@type\":\"PropertyValueSpecification\",\"valueRequired\":true,\"valueName\":\"search_term_string\"}}],\"inLanguage\":\"fr-FR\"},{\"@type\":\"Organization\",\"@id\":\"https:\\\/\\\/ecosupplements.be\\\/fr\\\/#organization\",\"name\":\"Eco Supplements\",\"url\":\"https:\\\/\\\/ecosupplements.be\\\/fr\\\/\",\"logo\":{\"@type\":\"ImageObject\",\"inLanguage\":\"fr-FR\",\"@id\":\"https:\\\/\\\/ecosupplements.be\\\/fr\\\/#\\\/schema\\\/logo\\\/image\\\/\",\"url\":\"https:\\\/\\\/ecosupplements.be\\\/wp-content\\\/uploads\\\/2022\\\/06\\\/ecosupplement-family.png\",\"contentUrl\":\"https:\\\/\\\/ecosupplements.be\\\/wp-content\\\/uploads\\\/2022\\\/06\\\/ecosupplement-family.png\",\"width\":593,\"height\":374,\"caption\":\"Eco Supplements\"},\"image\":{\"@id\":\"https:\\\/\\\/ecosupplements.be\\\/fr\\\/#\\\/schema\\\/logo\\\/image\\\/\"}}]}<\/script>\n<meta property=\"product:brand\" content=\"Life Extension\" \/>\n<meta property=\"product:price:amount\" content=\"33.30\" \/>\n<meta property=\"product:price:currency\" content=\"EUR\" \/>\n<meta property=\"og:availability\" content=\"instock\" \/>\n<meta property=\"product:availability\" content=\"instock\" \/>\n<meta property=\"product:retailer_item_id\" content=\"737870194965\" \/>\n<meta property=\"product:condition\" content=\"new\" \/>\n<!-- \/ Yoast SEO Premium plugin. -->","yoast_head_json":{"title":"CoQ10 super absorbable avec d-Limon\u00e8ne, 50 mg - 60 softgels - ECO Supplements","description":"Wij hebben een ruime keuze aan producten van CoQ10 super absorbable avec d-Limon\u00e8ne, 50 mg - 60 softgels . Winkel bij Eco Supplements altijd gratis verzending boven 100\u20ac","robots":{"index":"index","follow":"follow","max-snippet":"max-snippet:-1","max-image-preview":"max-image-preview:large","max-video-preview":"max-video-preview:-1"},"canonical":"https:\/\/ecosupplements.be\/fr\/produit\/coq10-super-absorbable-avec-d-limonene-50-mg-60-softgels\/","og_locale":"fr_FR","og_type":"article","og_title":"CoQ10 super absorbable avec d-Limon\u00e8ne, 50 mg - 60 softgels","og_description":"Wij hebben een ruime keuze aan producten van CoQ10 super absorbable avec d-Limon\u00e8ne, 50 mg - 60 softgels . Winkel bij Eco Supplements altijd gratis verzending boven 100\u20ac","og_url":"https:\/\/ecosupplements.be\/fr\/produit\/coq10-super-absorbable-avec-d-limonene-50-mg-60-softgels\/","og_site_name":"ECO Supplements","article_modified_time":"2025-08-27T09:09:04+00:00","og_image":[{"width":750,"height":750,"url":"https:\/\/ecosupplements.be\/wp-content\/uploads\/2025\/08\/Life-Extension-Super-Absorbable-CoQ10-with-d-Limonene-50-mg-60-Softgels-1.jpg","type":"image\/jpeg"}],"twitter_card":"summary_large_image","twitter_misc":{"Prix":"33.30&nbsp;&euro;","Disponibilit\u00e9":"En stock"},"schema":{"@context":"https:\/\/schema.org","@graph":[{"@type":["WebPage","ItemPage"],"@id":"https:\/\/ecosupplements.be\/fr\/produit\/coq10-super-absorbable-avec-d-limonene-50-mg-60-softgels\/","url":"https:\/\/ecosupplements.be\/fr\/produit\/coq10-super-absorbable-avec-d-limonene-50-mg-60-softgels\/","name":"CoQ10 super absorbable avec d-Limon\u00e8ne, 50 mg - 60 softgels - ECO Supplements","isPartOf":{"@id":"https:\/\/ecosupplements.be\/fr\/#website"},"primaryImageOfPage":{"@id":"https:\/\/ecosupplements.be\/fr\/produit\/coq10-super-absorbable-avec-d-limonene-50-mg-60-softgels\/#primaryimage"},"image":{"@id":"https:\/\/ecosupplements.be\/fr\/produit\/coq10-super-absorbable-avec-d-limonene-50-mg-60-softgels\/#primaryimage"},"thumbnailUrl":"https:\/\/ecosupplements.be\/wp-content\/uploads\/2025\/08\/Life-Extension-Super-Absorbable-CoQ10-with-d-Limonene-50-mg-60-Softgels-1.jpg","datePublished":"2022-06-28T09:02:43+00:00","dateModified":"2025-08-27T09:09:04+00:00","description":"Wij hebben een ruime keuze aan producten van CoQ10 super absorbable avec d-Limon\u00e8ne, 50 mg - 60 softgels . Winkel bij Eco Supplements altijd gratis verzending boven 100\u20ac","breadcrumb":{"@id":"https:\/\/ecosupplements.be\/fr\/produit\/coq10-super-absorbable-avec-d-limonene-50-mg-60-softgels\/#breadcrumb"},"inLanguage":"fr-FR","potentialAction":[{"@type":"ReadAction","target":["https:\/\/ecosupplements.be\/fr\/produit\/coq10-super-absorbable-avec-d-limonene-50-mg-60-softgels\/"]}]},{"@type":"ImageObject","inLanguage":"fr-FR","@id":"https:\/\/ecosupplements.be\/fr\/produit\/coq10-super-absorbable-avec-d-limonene-50-mg-60-softgels\/#primaryimage","url":"https:\/\/ecosupplements.be\/wp-content\/uploads\/2025\/08\/Life-Extension-Super-Absorbable-CoQ10-with-d-Limonene-50-mg-60-Softgels-1.jpg","contentUrl":"https:\/\/ecosupplements.be\/wp-content\/uploads\/2025\/08\/Life-Extension-Super-Absorbable-CoQ10-with-d-Limonene-50-mg-60-Softgels-1.jpg","width":750,"height":750},{"@type":"BreadcrumbList","@id":"https:\/\/ecosupplements.be\/fr\/produit\/coq10-super-absorbable-avec-d-limonene-50-mg-60-softgels\/#breadcrumb","itemListElement":[{"@type":"ListItem","position":1,"name":"Home","item":"https:\/\/ecosupplements.be\/fr\/"},{"@type":"ListItem","position":2,"name":"Boutique","item":"https:\/\/ecosupplements.be\/fr\/boutique\/"},{"@type":"ListItem","position":3,"name":"CoQ10 super absorbable avec d-Limon\u00e8ne, 50 mg &#8211; 60 softgels"}]},{"@type":"WebSite","@id":"https:\/\/ecosupplements.be\/fr\/#website","url":"https:\/\/ecosupplements.be\/fr\/","name":"ECO Supplements","description":"Eco Supplements - Gezonde supplementen","publisher":{"@id":"https:\/\/ecosupplements.be\/fr\/#organization"},"potentialAction":[{"@type":"SearchAction","target":{"@type":"EntryPoint","urlTemplate":"https:\/\/ecosupplements.be\/fr\/?s={search_term_string}"},"query-input":{"@type":"PropertyValueSpecification","valueRequired":true,"valueName":"search_term_string"}}],"inLanguage":"fr-FR"},{"@type":"Organization","@id":"https:\/\/ecosupplements.be\/fr\/#organization","name":"Eco Supplements","url":"https:\/\/ecosupplements.be\/fr\/","logo":{"@type":"ImageObject","inLanguage":"fr-FR","@id":"https:\/\/ecosupplements.be\/fr\/#\/schema\/logo\/image\/","url":"https:\/\/ecosupplements.be\/wp-content\/uploads\/2022\/06\/ecosupplement-family.png","contentUrl":"https:\/\/ecosupplements.be\/wp-content\/uploads\/2022\/06\/ecosupplement-family.png","width":593,"height":374,"caption":"Eco Supplements"},"image":{"@id":"https:\/\/ecosupplements.be\/fr\/#\/schema\/logo\/image\/"}}]},"product_brand":"Life Extension","product_price_amount":"33.30","product_price_currency":"EUR","og_availability":"instock","product_availability":"instock","product_retailer_item_id":"737870194965","product_condition":"new"},"_links":{"self":[{"href":"https:\/\/ecosupplements.be\/fr\/wp-json\/wp\/v2\/product\/280205","targetHints":{"allow":["GET"]}}],"collection":[{"href":"https:\/\/ecosupplements.be\/fr\/wp-json\/wp\/v2\/product"}],"about":[{"href":"https:\/\/ecosupplements.be\/fr\/wp-json\/wp\/v2\/types\/product"}],"replies":[{"embeddable":true,"href":"https:\/\/ecosupplements.be\/fr\/wp-json\/wp\/v2\/comments?post=280205"}],"wp:featuredmedia":[{"embeddable":true,"href":"https:\/\/ecosupplements.be\/fr\/wp-json\/wp\/v2\/media\/240733"}],"wp:attachment":[{"href":"https:\/\/ecosupplements.be\/fr\/wp-json\/wp\/v2\/media?parent=280205"}],"wp:term":[{"taxonomy":"product_brand","embeddable":true,"href":"https:\/\/ecosupplements.be\/fr\/wp-json\/wp\/v2\/product_brand?post=280205"},{"taxonomy":"product_cat","embeddable":true,"href":"https:\/\/ecosupplements.be\/fr\/wp-json\/wp\/v2\/product_cat?post=280205"},{"taxonomy":"product_tag","embeddable":true,"href":"https:\/\/ecosupplements.be\/fr\/wp-json\/wp\/v2\/product_tag?post=280205"}],"curies":[{"name":"wp","href":"https:\/\/api.w.org\/{rel}","templated":true}]}}