{"id":280224,"date":"2022-06-28T10:03:00","date_gmt":"2022-06-28T09:03:00","guid":{"rendered":"https:\/\/ecosupplements.be\/product\/calcium-et-magnesium-citrate-en-poudre-avec-vitamine-d3-227g\/"},"modified":"2025-08-27T10:10:50","modified_gmt":"2025-08-27T09:10:50","slug":"calcium-et-magnesium-citrate-en-poudre-avec-vitamine-d3-227g","status":"publish","type":"product","link":"https:\/\/ecosupplements.be\/fr\/produit\/calcium-et-magnesium-citrate-en-poudre-avec-vitamine-d3-227g\/","title":{"rendered":"Calcium et Magn\u00e9sium, Citrate en poudre avec Vitamine D3 &#8211; 227g"},"content":{"rendered":"<h1 style=\"text-align: center;\">NOW Foods &#8211; Calcium et magn\u00e9sium<\/h1>\n<p>Citrate en poudre avec vitamine D3<br \/>\nRapport min\u00e9ral 1:1<br \/>\nMixabilit\u00e9 am\u00e9lior\u00e9e<br \/>\nNOW Calcium &amp; Magnesium Citrate Powder with Vitamin D3 est une formule de soutien optimal de la structure osseuse con\u00e7ue par les nutritionnistes certifi\u00e9s de NOW. Elle contient des nutriments cl\u00e9s qui jouent des r\u00f4les essentiels dans le m\u00e9tabolisme des os. Les formes citrate de calcium et de magn\u00e9sium sont hautement absorbables et favorisent non seulement la solidit\u00e9 des os et des dents, mais aussi la fonction musculaire et nerveuse. La vitamine D3 est incluse pour compl\u00e9ter le calcium et le magn\u00e9sium et son r\u00f4le dans le maintien de l&#8217;hom\u00e9ostasie min\u00e9rale et de la structure osseuse.<\/p>\n<p><img decoding=\"async\" src=\"https:\/\/ecosupplements.be\/wp-content\/uploads\/2025\/08\/gluten-free-1.png\" title=\"Sans gluten\" alt=\"Gluten free\"><img decoding=\"async\" src=\"https:\/\/ecosupplements.be\/wp-content\/uploads\/2025\/08\/non-gmo-1.png\" title=\"Non-OGM\" alt=\"Non-GMO\"><\/p>\n","protected":false},"excerpt":{"rendered":"<p>NOW Foods &#8211; Calcium et magn\u00e9sium Citrate en poudre avec vitamine D3 Rapport min\u00e9ral 1:1 Mixabilit\u00e9 am\u00e9lior\u00e9e NOW Calcium &amp; Magnesium Citrate Powder with Vitamin D3 est une formule de soutien optimal de la structure osseuse con\u00e7ue par les nutritionnistes certifi\u00e9s de NOW. Elle contient des nutriments cl\u00e9s qui jouent des r\u00f4les essentiels dans le [&#8230;]\n","protected":false},"featured_media":240956,"comment_status":"open","ping_status":"open","template":"","meta":[],"product_brand":[4733,4734],"product_cat":[5065,5061,5066,5064,5099,5101,5060,5053,5059],"product_tag":[],"class_list":{"0":"post-280224","1":"product","2":"type-product","3":"status-publish","4":"has-post-thumbnail","6":"product_brand-now-foods-2","7":"product_brand-nownow-foods-2","8":"product_cat-calcium-mineraux-simples","9":"product_cat-d3-vitamine-d-vitamines-simples","10":"product_cat-magnesium-mineraux-simples","11":"product_cat-mineraux-simples","12":"product_cat-multi-mineraux","13":"product_cat-multimineraux","14":"product_cat-vitamine-d-vitamines-simples","15":"product_cat-vitamines-et-mineraux","16":"product_cat-vitamines-simples","18":"first","19":"instock","20":"taxable","21":"shipping-taxable","22":"purchasable","23":"product-type-simple"},"yoast_head":"<!-- This site is optimized with the Yoast SEO Premium plugin v27.3 (Yoast SEO v27.3) - https:\/\/yoast.com\/product\/yoast-seo-premium-wordpress\/ -->\n<title>Calcium et Magn\u00e9sium, Citrate en poudre avec Vitamine D3 - 227g - ECO Supplements<\/title>\n<meta name=\"description\" content=\"Wij hebben een ruime keuze aan producten van Calcium et Magn\u00e9sium, Citrate en poudre avec Vitamine D3 - 227g . Winkel bij Eco Supplements altijd gratis verzending boven 100\u20ac\" \/>\n<meta name=\"robots\" content=\"index, follow, max-snippet:-1, max-image-preview:large, max-video-preview:-1\" \/>\n<link rel=\"canonical\" href=\"https:\/\/ecosupplements.be\/fr\/produit\/calcium-et-magnesium-citrate-en-poudre-avec-vitamine-d3-227g\/\" \/>\n<meta property=\"og:locale\" content=\"fr_FR\" \/>\n<meta property=\"og:type\" content=\"article\" \/>\n<meta property=\"og:title\" content=\"Calcium et Magn\u00e9sium, Citrate en poudre avec Vitamine D3 - 227g\" \/>\n<meta property=\"og:description\" content=\"Wij hebben een ruime keuze aan producten van Calcium et Magn\u00e9sium, Citrate en poudre avec Vitamine D3 - 227g . Winkel bij Eco Supplements altijd gratis verzending boven 100\u20ac\" \/>\n<meta property=\"og:url\" content=\"https:\/\/ecosupplements.be\/fr\/produit\/calcium-et-magnesium-citrate-en-poudre-avec-vitamine-d3-227g\/\" \/>\n<meta property=\"og:site_name\" content=\"ECO Supplements\" \/>\n<meta property=\"article:modified_time\" content=\"2025-08-27T09:10:50+00:00\" \/>\n<meta property=\"og:image\" content=\"https:\/\/ecosupplements.be\/wp-content\/uploads\/2025\/08\/NOW-Foods-Calcium-Magnesium-Citrate-Powder-with-Vitamin-D3-227g-1.png\" \/>\n\t<meta property=\"og:image:width\" content=\"375\" \/>\n\t<meta property=\"og:image:height\" content=\"720\" \/>\n\t<meta property=\"og:image:type\" content=\"image\/png\" \/>\n<meta name=\"twitter:card\" content=\"summary_large_image\" \/>\n<meta name=\"twitter:label1\" content=\"Prix\" \/>\n\t<meta name=\"twitter:data1\" content=\"23.44&nbsp;&euro;\" \/>\n\t<meta name=\"twitter:label2\" content=\"Disponibilit\u00e9\" \/>\n\t<meta name=\"twitter:data2\" content=\"En stock\" \/>\n<script type=\"application\/ld+json\" class=\"yoast-schema-graph\">{\"@context\":\"https:\\\/\\\/schema.org\",\"@graph\":[{\"@type\":[\"WebPage\",\"ItemPage\"],\"@id\":\"https:\\\/\\\/ecosupplements.be\\\/fr\\\/produit\\\/calcium-et-magnesium-citrate-en-poudre-avec-vitamine-d3-227g\\\/\",\"url\":\"https:\\\/\\\/ecosupplements.be\\\/fr\\\/produit\\\/calcium-et-magnesium-citrate-en-poudre-avec-vitamine-d3-227g\\\/\",\"name\":\"Calcium et Magn\u00e9sium, Citrate en poudre avec Vitamine D3 - 227g - ECO Supplements\",\"isPartOf\":{\"@id\":\"https:\\\/\\\/ecosupplements.be\\\/fr\\\/#website\"},\"primaryImageOfPage\":{\"@id\":\"https:\\\/\\\/ecosupplements.be\\\/fr\\\/produit\\\/calcium-et-magnesium-citrate-en-poudre-avec-vitamine-d3-227g\\\/#primaryimage\"},\"image\":{\"@id\":\"https:\\\/\\\/ecosupplements.be\\\/fr\\\/produit\\\/calcium-et-magnesium-citrate-en-poudre-avec-vitamine-d3-227g\\\/#primaryimage\"},\"thumbnailUrl\":\"https:\\\/\\\/ecosupplements.be\\\/wp-content\\\/uploads\\\/2025\\\/08\\\/NOW-Foods-Calcium-Magnesium-Citrate-Powder-with-Vitamin-D3-227g-1.png\",\"datePublished\":\"2022-06-28T09:03:00+00:00\",\"dateModified\":\"2025-08-27T09:10:50+00:00\",\"description\":\"Wij hebben een ruime keuze aan producten van Calcium et Magn\u00e9sium, Citrate en poudre avec Vitamine D3 - 227g . Winkel bij Eco Supplements altijd gratis verzending boven 100\u20ac\",\"breadcrumb\":{\"@id\":\"https:\\\/\\\/ecosupplements.be\\\/fr\\\/produit\\\/calcium-et-magnesium-citrate-en-poudre-avec-vitamine-d3-227g\\\/#breadcrumb\"},\"inLanguage\":\"fr-FR\",\"potentialAction\":[{\"@type\":\"ReadAction\",\"target\":[\"https:\\\/\\\/ecosupplements.be\\\/fr\\\/produit\\\/calcium-et-magnesium-citrate-en-poudre-avec-vitamine-d3-227g\\\/\"]}]},{\"@type\":\"ImageObject\",\"inLanguage\":\"fr-FR\",\"@id\":\"https:\\\/\\\/ecosupplements.be\\\/fr\\\/produit\\\/calcium-et-magnesium-citrate-en-poudre-avec-vitamine-d3-227g\\\/#primaryimage\",\"url\":\"https:\\\/\\\/ecosupplements.be\\\/wp-content\\\/uploads\\\/2025\\\/08\\\/NOW-Foods-Calcium-Magnesium-Citrate-Powder-with-Vitamin-D3-227g-1.png\",\"contentUrl\":\"https:\\\/\\\/ecosupplements.be\\\/wp-content\\\/uploads\\\/2025\\\/08\\\/NOW-Foods-Calcium-Magnesium-Citrate-Powder-with-Vitamin-D3-227g-1.png\",\"width\":375,\"height\":720},{\"@type\":\"BreadcrumbList\",\"@id\":\"https:\\\/\\\/ecosupplements.be\\\/fr\\\/produit\\\/calcium-et-magnesium-citrate-en-poudre-avec-vitamine-d3-227g\\\/#breadcrumb\",\"itemListElement\":[{\"@type\":\"ListItem\",\"position\":1,\"name\":\"Home\",\"item\":\"https:\\\/\\\/ecosupplements.be\\\/fr\\\/\"},{\"@type\":\"ListItem\",\"position\":2,\"name\":\"Boutique\",\"item\":\"https:\\\/\\\/ecosupplements.be\\\/fr\\\/boutique\\\/\"},{\"@type\":\"ListItem\",\"position\":3,\"name\":\"Calcium et Magn\u00e9sium, Citrate en poudre avec Vitamine D3 &#8211; 227g\"}]},{\"@type\":\"WebSite\",\"@id\":\"https:\\\/\\\/ecosupplements.be\\\/fr\\\/#website\",\"url\":\"https:\\\/\\\/ecosupplements.be\\\/fr\\\/\",\"name\":\"ECO Supplements\",\"description\":\"Eco Supplements - Gezonde supplementen\",\"publisher\":{\"@id\":\"https:\\\/\\\/ecosupplements.be\\\/fr\\\/#organization\"},\"potentialAction\":[{\"@type\":\"SearchAction\",\"target\":{\"@type\":\"EntryPoint\",\"urlTemplate\":\"https:\\\/\\\/ecosupplements.be\\\/fr\\\/?s={search_term_string}\"},\"query-input\":{\"@type\":\"PropertyValueSpecification\",\"valueRequired\":true,\"valueName\":\"search_term_string\"}}],\"inLanguage\":\"fr-FR\"},{\"@type\":\"Organization\",\"@id\":\"https:\\\/\\\/ecosupplements.be\\\/fr\\\/#organization\",\"name\":\"Eco Supplements\",\"url\":\"https:\\\/\\\/ecosupplements.be\\\/fr\\\/\",\"logo\":{\"@type\":\"ImageObject\",\"inLanguage\":\"fr-FR\",\"@id\":\"https:\\\/\\\/ecosupplements.be\\\/fr\\\/#\\\/schema\\\/logo\\\/image\\\/\",\"url\":\"https:\\\/\\\/ecosupplements.be\\\/wp-content\\\/uploads\\\/2022\\\/06\\\/ecosupplement-family.png\",\"contentUrl\":\"https:\\\/\\\/ecosupplements.be\\\/wp-content\\\/uploads\\\/2022\\\/06\\\/ecosupplement-family.png\",\"width\":593,\"height\":374,\"caption\":\"Eco Supplements\"},\"image\":{\"@id\":\"https:\\\/\\\/ecosupplements.be\\\/fr\\\/#\\\/schema\\\/logo\\\/image\\\/\"}}]}<\/script>\n<meta property=\"product:brand\" content=\"NOW Foods\" \/>\n<meta property=\"product:price:amount\" content=\"23.44\" \/>\n<meta property=\"product:price:currency\" content=\"EUR\" \/>\n<meta property=\"og:availability\" content=\"instock\" \/>\n<meta property=\"product:availability\" content=\"instock\" \/>\n<meta property=\"product:retailer_item_id\" content=\"733739012432\" \/>\n<meta property=\"product:condition\" content=\"new\" \/>\n<!-- \/ Yoast SEO Premium plugin. -->","yoast_head_json":{"title":"Calcium et Magn\u00e9sium, Citrate en poudre avec Vitamine D3 - 227g - ECO Supplements","description":"Wij hebben een ruime keuze aan producten van Calcium et Magn\u00e9sium, Citrate en poudre avec Vitamine D3 - 227g . Winkel bij Eco Supplements altijd gratis verzending boven 100\u20ac","robots":{"index":"index","follow":"follow","max-snippet":"max-snippet:-1","max-image-preview":"max-image-preview:large","max-video-preview":"max-video-preview:-1"},"canonical":"https:\/\/ecosupplements.be\/fr\/produit\/calcium-et-magnesium-citrate-en-poudre-avec-vitamine-d3-227g\/","og_locale":"fr_FR","og_type":"article","og_title":"Calcium et Magn\u00e9sium, Citrate en poudre avec Vitamine D3 - 227g","og_description":"Wij hebben een ruime keuze aan producten van Calcium et Magn\u00e9sium, Citrate en poudre avec Vitamine D3 - 227g . Winkel bij Eco Supplements altijd gratis verzending boven 100\u20ac","og_url":"https:\/\/ecosupplements.be\/fr\/produit\/calcium-et-magnesium-citrate-en-poudre-avec-vitamine-d3-227g\/","og_site_name":"ECO Supplements","article_modified_time":"2025-08-27T09:10:50+00:00","og_image":[{"width":375,"height":720,"url":"https:\/\/ecosupplements.be\/wp-content\/uploads\/2025\/08\/NOW-Foods-Calcium-Magnesium-Citrate-Powder-with-Vitamin-D3-227g-1.png","type":"image\/png"}],"twitter_card":"summary_large_image","twitter_misc":{"Prix":"23.44&nbsp;&euro;","Disponibilit\u00e9":"En stock"},"schema":{"@context":"https:\/\/schema.org","@graph":[{"@type":["WebPage","ItemPage"],"@id":"https:\/\/ecosupplements.be\/fr\/produit\/calcium-et-magnesium-citrate-en-poudre-avec-vitamine-d3-227g\/","url":"https:\/\/ecosupplements.be\/fr\/produit\/calcium-et-magnesium-citrate-en-poudre-avec-vitamine-d3-227g\/","name":"Calcium et Magn\u00e9sium, Citrate en poudre avec Vitamine D3 - 227g - ECO Supplements","isPartOf":{"@id":"https:\/\/ecosupplements.be\/fr\/#website"},"primaryImageOfPage":{"@id":"https:\/\/ecosupplements.be\/fr\/produit\/calcium-et-magnesium-citrate-en-poudre-avec-vitamine-d3-227g\/#primaryimage"},"image":{"@id":"https:\/\/ecosupplements.be\/fr\/produit\/calcium-et-magnesium-citrate-en-poudre-avec-vitamine-d3-227g\/#primaryimage"},"thumbnailUrl":"https:\/\/ecosupplements.be\/wp-content\/uploads\/2025\/08\/NOW-Foods-Calcium-Magnesium-Citrate-Powder-with-Vitamin-D3-227g-1.png","datePublished":"2022-06-28T09:03:00+00:00","dateModified":"2025-08-27T09:10:50+00:00","description":"Wij hebben een ruime keuze aan producten van Calcium et Magn\u00e9sium, Citrate en poudre avec Vitamine D3 - 227g . Winkel bij Eco Supplements altijd gratis verzending boven 100\u20ac","breadcrumb":{"@id":"https:\/\/ecosupplements.be\/fr\/produit\/calcium-et-magnesium-citrate-en-poudre-avec-vitamine-d3-227g\/#breadcrumb"},"inLanguage":"fr-FR","potentialAction":[{"@type":"ReadAction","target":["https:\/\/ecosupplements.be\/fr\/produit\/calcium-et-magnesium-citrate-en-poudre-avec-vitamine-d3-227g\/"]}]},{"@type":"ImageObject","inLanguage":"fr-FR","@id":"https:\/\/ecosupplements.be\/fr\/produit\/calcium-et-magnesium-citrate-en-poudre-avec-vitamine-d3-227g\/#primaryimage","url":"https:\/\/ecosupplements.be\/wp-content\/uploads\/2025\/08\/NOW-Foods-Calcium-Magnesium-Citrate-Powder-with-Vitamin-D3-227g-1.png","contentUrl":"https:\/\/ecosupplements.be\/wp-content\/uploads\/2025\/08\/NOW-Foods-Calcium-Magnesium-Citrate-Powder-with-Vitamin-D3-227g-1.png","width":375,"height":720},{"@type":"BreadcrumbList","@id":"https:\/\/ecosupplements.be\/fr\/produit\/calcium-et-magnesium-citrate-en-poudre-avec-vitamine-d3-227g\/#breadcrumb","itemListElement":[{"@type":"ListItem","position":1,"name":"Home","item":"https:\/\/ecosupplements.be\/fr\/"},{"@type":"ListItem","position":2,"name":"Boutique","item":"https:\/\/ecosupplements.be\/fr\/boutique\/"},{"@type":"ListItem","position":3,"name":"Calcium et Magn\u00e9sium, Citrate en poudre avec Vitamine D3 &#8211; 227g"}]},{"@type":"WebSite","@id":"https:\/\/ecosupplements.be\/fr\/#website","url":"https:\/\/ecosupplements.be\/fr\/","name":"ECO Supplements","description":"Eco Supplements - Gezonde supplementen","publisher":{"@id":"https:\/\/ecosupplements.be\/fr\/#organization"},"potentialAction":[{"@type":"SearchAction","target":{"@type":"EntryPoint","urlTemplate":"https:\/\/ecosupplements.be\/fr\/?s={search_term_string}"},"query-input":{"@type":"PropertyValueSpecification","valueRequired":true,"valueName":"search_term_string"}}],"inLanguage":"fr-FR"},{"@type":"Organization","@id":"https:\/\/ecosupplements.be\/fr\/#organization","name":"Eco Supplements","url":"https:\/\/ecosupplements.be\/fr\/","logo":{"@type":"ImageObject","inLanguage":"fr-FR","@id":"https:\/\/ecosupplements.be\/fr\/#\/schema\/logo\/image\/","url":"https:\/\/ecosupplements.be\/wp-content\/uploads\/2022\/06\/ecosupplement-family.png","contentUrl":"https:\/\/ecosupplements.be\/wp-content\/uploads\/2022\/06\/ecosupplement-family.png","width":593,"height":374,"caption":"Eco Supplements"},"image":{"@id":"https:\/\/ecosupplements.be\/fr\/#\/schema\/logo\/image\/"}}]},"product_brand":"NOW Foods","product_price_amount":"23.44","product_price_currency":"EUR","og_availability":"instock","product_availability":"instock","product_retailer_item_id":"733739012432","product_condition":"new"},"_links":{"self":[{"href":"https:\/\/ecosupplements.be\/fr\/wp-json\/wp\/v2\/product\/280224","targetHints":{"allow":["GET"]}}],"collection":[{"href":"https:\/\/ecosupplements.be\/fr\/wp-json\/wp\/v2\/product"}],"about":[{"href":"https:\/\/ecosupplements.be\/fr\/wp-json\/wp\/v2\/types\/product"}],"replies":[{"embeddable":true,"href":"https:\/\/ecosupplements.be\/fr\/wp-json\/wp\/v2\/comments?post=280224"}],"wp:featuredmedia":[{"embeddable":true,"href":"https:\/\/ecosupplements.be\/fr\/wp-json\/wp\/v2\/media\/240956"}],"wp:attachment":[{"href":"https:\/\/ecosupplements.be\/fr\/wp-json\/wp\/v2\/media?parent=280224"}],"wp:term":[{"taxonomy":"product_brand","embeddable":true,"href":"https:\/\/ecosupplements.be\/fr\/wp-json\/wp\/v2\/product_brand?post=280224"},{"taxonomy":"product_cat","embeddable":true,"href":"https:\/\/ecosupplements.be\/fr\/wp-json\/wp\/v2\/product_cat?post=280224"},{"taxonomy":"product_tag","embeddable":true,"href":"https:\/\/ecosupplements.be\/fr\/wp-json\/wp\/v2\/product_tag?post=280224"}],"curies":[{"name":"wp","href":"https:\/\/api.w.org\/{rel}","templated":true}]}}