{"id":280246,"date":"2022-06-28T10:03:17","date_gmt":"2022-06-28T09:03:17","guid":{"rendered":"https:\/\/ecosupplements.be\/product\/huile-de-jojoba-100-pure-118-ml\/"},"modified":"2025-08-27T10:12:28","modified_gmt":"2025-08-27T09:12:28","slug":"huile-de-jojoba-100-pure-118-ml","status":"publish","type":"product","link":"https:\/\/ecosupplements.be\/fr\/produit\/huile-de-jojoba-100-pure-118-ml\/","title":{"rendered":"Huile de jojoba &#8211; 100% Pure &#8211; 118 ml."},"content":{"rendered":"<h1 style=\"text-align: center;\">NOW Foods &#8211; Huile de jojoba<\/h1>\n<p>Pour la peau, les cheveux et le corps<br \/>\nMulti-usages<br \/>\nCondition : Besoin de cheveux d&#8217;apparence plus saine, d&#8217;une peau plus douce, ou d&#8217;une huile pour les soins g\u00e9n\u00e9raux du bain et les massages.<br \/>\nSolution : L&#8217;huile de jojoba pure 100% est d\u00e9riv\u00e9e de la graine de l&#8217;arbuste de jojoba (Simmondsia chinensis) et est l&#8217;une des huiles cosm\u00e9tiques les plus populaires disponibles aujourd&#8217;hui. Sa grande stabilit\u00e9, son parfum vivifiant et sa polyvalence cosm\u00e9tique la rendent id\u00e9ale pour tous les types de peau et de cheveux, et elle est le plus souvent utilis\u00e9e pour favoriser la douceur de la peau et des cheveux. L&#8217;huile de jojoba contient de nombreux compos\u00e9s nutritionnels, notamment des acides gras essentiels \u00e0 longue cha\u00eene et des alcools gras.<br \/>\nIngr\u00e9dient : Huile de graines de Simmondsia Chinensis (Jojoba).<br \/>\nLes produits NOW Solutions ne sont pas test\u00e9s sur les animaux.<br \/>\nLa bouteille transparente contient un agent de protection contre la lumi\u00e8re UV.<br \/>\nPour un traitement revitalisant en profondeur des cheveux, appliquez une quantit\u00e9 \u00e9quivalente \u00e0 un quart de la taille sur les cheveux mouill\u00e9s, puis faites un shampooing apr\u00e8s 5 \u00e0 10 minutes.<br \/>\nComme conditionneur de peau, appliquez sur la peau humide apr\u00e8s la douche pour hydrater et sceller l&#8217;humidit\u00e9.<br \/>\nDes s\u00e9diments\/nuages peuvent appara\u00eetre en raison des variations de temp\u00e9rature. Ceci est normal et n&#8217;affecte pas la qualit\u00e9 du produit.<\/p>\n<p><img decoding=\"async\" src=\"https:\/\/ecosupplements.be\/wp-content\/uploads\/2025\/08\/gluten-free-1.png\" title=\"Sans gluten\" alt=\"Gluten free\"><img decoding=\"async\" src=\"https:\/\/ecosupplements.be\/wp-content\/uploads\/2025\/08\/non-gmo-1.png\" title=\"Non-OGM\" alt=\"Non-GMO\"><img decoding=\"async\" src=\"https:\/\/ecosupplements.be\/wp-content\/uploads\/2025\/08\/vegan-1.png\" title=\"Vegan\" alt=\"Vegan\"><img decoding=\"async\" src=\"https:\/\/ecosupplements.be\/wp-content\/uploads\/2025\/08\/vegetarian-1.png\" title=\"V\u00e9g\u00e9tarien\" alt=\"Vegetarian\"><\/p>\n","protected":false},"excerpt":{"rendered":"<p>NOW Foods &#8211; Huile de jojoba Pour la peau, les cheveux et le corps Multi-usages Condition : Besoin de cheveux d&#8217;apparence plus saine, d&#8217;une peau plus douce, ou d&#8217;une huile pour les soins g\u00e9n\u00e9raux du bain et les massages. Solution : L&#8217;huile de jojoba pure 100% est d\u00e9riv\u00e9e de la graine de l&#8217;arbuste de jojoba [&#8230;]\n","protected":false},"featured_media":241087,"comment_status":"open","ping_status":"open","template":"","meta":[],"product_brand":[4733],"product_cat":[5114,5052],"product_tag":[],"class_list":{"0":"post-280246","1":"product","2":"type-product","3":"status-publish","4":"has-post-thumbnail","6":"product_brand-now-foods-2","7":"product_cat-beaute","8":"product_cat-sante-et-bien-etre","10":"first","11":"outofstock","12":"taxable","13":"shipping-taxable","14":"purchasable","15":"product-type-simple"},"yoast_head":"<!-- This site is optimized with the Yoast SEO Premium plugin v27.3 (Yoast SEO v27.3) - https:\/\/yoast.com\/product\/yoast-seo-premium-wordpress\/ -->\n<title>Huile de jojoba - 100% Pure - 118 ml. - ECO Supplements<\/title>\n<meta name=\"description\" content=\"Wij hebben een ruime keuze aan producten van Huile de jojoba - 100% Pure - 118 ml. . Winkel bij Eco Supplements altijd gratis verzending boven 100\u20ac\" \/>\n<meta name=\"robots\" content=\"index, follow, max-snippet:-1, max-image-preview:large, max-video-preview:-1\" \/>\n<link rel=\"canonical\" href=\"https:\/\/ecosupplements.be\/fr\/produit\/huile-de-jojoba-100-pure-118-ml\/\" \/>\n<meta property=\"og:locale\" content=\"fr_FR\" \/>\n<meta property=\"og:type\" content=\"article\" \/>\n<meta property=\"og:title\" content=\"Huile de jojoba - 100% Pure - 118 ml.\" \/>\n<meta property=\"og:description\" content=\"Wij hebben een ruime keuze aan producten van Huile de jojoba - 100% Pure - 118 ml. . Winkel bij Eco Supplements altijd gratis verzending boven 100\u20ac\" \/>\n<meta property=\"og:url\" content=\"https:\/\/ecosupplements.be\/fr\/produit\/huile-de-jojoba-100-pure-118-ml\/\" \/>\n<meta property=\"og:site_name\" content=\"ECO Supplements\" \/>\n<meta property=\"article:modified_time\" content=\"2025-08-27T09:12:28+00:00\" \/>\n<meta property=\"og:image\" content=\"https:\/\/ecosupplements.be\/wp-content\/uploads\/2025\/08\/NOW-Foods-Jojoba-Oil-100-Pure-118-ml-1.jpg\" \/>\n\t<meta property=\"og:image:width\" content=\"750\" \/>\n\t<meta property=\"og:image:height\" content=\"750\" \/>\n\t<meta property=\"og:image:type\" content=\"image\/jpeg\" \/>\n<meta name=\"twitter:card\" content=\"summary_large_image\" \/>\n<meta name=\"twitter:label1\" content=\"Prix\" \/>\n\t<meta name=\"twitter:data1\" content=\"10.13&nbsp;&euro;\" \/>\n\t<meta name=\"twitter:label2\" content=\"Disponibilit\u00e9\" \/>\n\t<meta name=\"twitter:data2\" content=\"Rupture de stock\" \/>\n<script type=\"application\/ld+json\" class=\"yoast-schema-graph\">{\"@context\":\"https:\\\/\\\/schema.org\",\"@graph\":[{\"@type\":[\"WebPage\",\"ItemPage\"],\"@id\":\"https:\\\/\\\/ecosupplements.be\\\/fr\\\/produit\\\/huile-de-jojoba-100-pure-118-ml\\\/\",\"url\":\"https:\\\/\\\/ecosupplements.be\\\/fr\\\/produit\\\/huile-de-jojoba-100-pure-118-ml\\\/\",\"name\":\"Huile de jojoba - 100% Pure - 118 ml. - ECO Supplements\",\"isPartOf\":{\"@id\":\"https:\\\/\\\/ecosupplements.be\\\/fr\\\/#website\"},\"primaryImageOfPage\":{\"@id\":\"https:\\\/\\\/ecosupplements.be\\\/fr\\\/produit\\\/huile-de-jojoba-100-pure-118-ml\\\/#primaryimage\"},\"image\":{\"@id\":\"https:\\\/\\\/ecosupplements.be\\\/fr\\\/produit\\\/huile-de-jojoba-100-pure-118-ml\\\/#primaryimage\"},\"thumbnailUrl\":\"https:\\\/\\\/ecosupplements.be\\\/wp-content\\\/uploads\\\/2025\\\/08\\\/NOW-Foods-Jojoba-Oil-100-Pure-118-ml-1.jpg\",\"datePublished\":\"2022-06-28T09:03:17+00:00\",\"dateModified\":\"2025-08-27T09:12:28+00:00\",\"description\":\"Wij hebben een ruime keuze aan producten van Huile de jojoba - 100% Pure - 118 ml. . Winkel bij Eco Supplements altijd gratis verzending boven 100\u20ac\",\"breadcrumb\":{\"@id\":\"https:\\\/\\\/ecosupplements.be\\\/fr\\\/produit\\\/huile-de-jojoba-100-pure-118-ml\\\/#breadcrumb\"},\"inLanguage\":\"fr-FR\",\"potentialAction\":[{\"@type\":\"ReadAction\",\"target\":[\"https:\\\/\\\/ecosupplements.be\\\/fr\\\/produit\\\/huile-de-jojoba-100-pure-118-ml\\\/\"]}]},{\"@type\":\"ImageObject\",\"inLanguage\":\"fr-FR\",\"@id\":\"https:\\\/\\\/ecosupplements.be\\\/fr\\\/produit\\\/huile-de-jojoba-100-pure-118-ml\\\/#primaryimage\",\"url\":\"https:\\\/\\\/ecosupplements.be\\\/wp-content\\\/uploads\\\/2025\\\/08\\\/NOW-Foods-Jojoba-Oil-100-Pure-118-ml-1.jpg\",\"contentUrl\":\"https:\\\/\\\/ecosupplements.be\\\/wp-content\\\/uploads\\\/2025\\\/08\\\/NOW-Foods-Jojoba-Oil-100-Pure-118-ml-1.jpg\",\"width\":750,\"height\":750},{\"@type\":\"BreadcrumbList\",\"@id\":\"https:\\\/\\\/ecosupplements.be\\\/fr\\\/produit\\\/huile-de-jojoba-100-pure-118-ml\\\/#breadcrumb\",\"itemListElement\":[{\"@type\":\"ListItem\",\"position\":1,\"name\":\"Home\",\"item\":\"https:\\\/\\\/ecosupplements.be\\\/fr\\\/\"},{\"@type\":\"ListItem\",\"position\":2,\"name\":\"Boutique\",\"item\":\"https:\\\/\\\/ecosupplements.be\\\/fr\\\/boutique\\\/\"},{\"@type\":\"ListItem\",\"position\":3,\"name\":\"Huile de jojoba &#8211; 100% Pure &#8211; 118 ml.\"}]},{\"@type\":\"WebSite\",\"@id\":\"https:\\\/\\\/ecosupplements.be\\\/fr\\\/#website\",\"url\":\"https:\\\/\\\/ecosupplements.be\\\/fr\\\/\",\"name\":\"ECO Supplements\",\"description\":\"Eco Supplements - Gezonde supplementen\",\"publisher\":{\"@id\":\"https:\\\/\\\/ecosupplements.be\\\/fr\\\/#organization\"},\"potentialAction\":[{\"@type\":\"SearchAction\",\"target\":{\"@type\":\"EntryPoint\",\"urlTemplate\":\"https:\\\/\\\/ecosupplements.be\\\/fr\\\/?s={search_term_string}\"},\"query-input\":{\"@type\":\"PropertyValueSpecification\",\"valueRequired\":true,\"valueName\":\"search_term_string\"}}],\"inLanguage\":\"fr-FR\"},{\"@type\":\"Organization\",\"@id\":\"https:\\\/\\\/ecosupplements.be\\\/fr\\\/#organization\",\"name\":\"Eco Supplements\",\"url\":\"https:\\\/\\\/ecosupplements.be\\\/fr\\\/\",\"logo\":{\"@type\":\"ImageObject\",\"inLanguage\":\"fr-FR\",\"@id\":\"https:\\\/\\\/ecosupplements.be\\\/fr\\\/#\\\/schema\\\/logo\\\/image\\\/\",\"url\":\"https:\\\/\\\/ecosupplements.be\\\/wp-content\\\/uploads\\\/2022\\\/06\\\/ecosupplement-family.png\",\"contentUrl\":\"https:\\\/\\\/ecosupplements.be\\\/wp-content\\\/uploads\\\/2022\\\/06\\\/ecosupplement-family.png\",\"width\":593,\"height\":374,\"caption\":\"Eco Supplements\"},\"image\":{\"@id\":\"https:\\\/\\\/ecosupplements.be\\\/fr\\\/#\\\/schema\\\/logo\\\/image\\\/\"}}]}<\/script>\n<meta property=\"product:brand\" content=\"NOW Foods\" \/>\n<meta property=\"product:price:amount\" content=\"10.13\" \/>\n<meta property=\"product:price:currency\" content=\"EUR\" \/>\n<meta property=\"og:availability\" content=\"out of stock\" \/>\n<meta property=\"product:availability\" content=\"out of stock\" \/>\n<meta property=\"product:retailer_item_id\" content=\"733739077172\" \/>\n<meta property=\"product:condition\" content=\"new\" \/>\n<!-- \/ Yoast SEO Premium plugin. -->","yoast_head_json":{"title":"Huile de jojoba - 100% Pure - 118 ml. - ECO Supplements","description":"Wij hebben een ruime keuze aan producten van Huile de jojoba - 100% Pure - 118 ml. . Winkel bij Eco Supplements altijd gratis verzending boven 100\u20ac","robots":{"index":"index","follow":"follow","max-snippet":"max-snippet:-1","max-image-preview":"max-image-preview:large","max-video-preview":"max-video-preview:-1"},"canonical":"https:\/\/ecosupplements.be\/fr\/produit\/huile-de-jojoba-100-pure-118-ml\/","og_locale":"fr_FR","og_type":"article","og_title":"Huile de jojoba - 100% Pure - 118 ml.","og_description":"Wij hebben een ruime keuze aan producten van Huile de jojoba - 100% Pure - 118 ml. . Winkel bij Eco Supplements altijd gratis verzending boven 100\u20ac","og_url":"https:\/\/ecosupplements.be\/fr\/produit\/huile-de-jojoba-100-pure-118-ml\/","og_site_name":"ECO Supplements","article_modified_time":"2025-08-27T09:12:28+00:00","og_image":[{"width":750,"height":750,"url":"https:\/\/ecosupplements.be\/wp-content\/uploads\/2025\/08\/NOW-Foods-Jojoba-Oil-100-Pure-118-ml-1.jpg","type":"image\/jpeg"}],"twitter_card":"summary_large_image","twitter_misc":{"Prix":"10.13&nbsp;&euro;","Disponibilit\u00e9":"Rupture de stock"},"schema":{"@context":"https:\/\/schema.org","@graph":[{"@type":["WebPage","ItemPage"],"@id":"https:\/\/ecosupplements.be\/fr\/produit\/huile-de-jojoba-100-pure-118-ml\/","url":"https:\/\/ecosupplements.be\/fr\/produit\/huile-de-jojoba-100-pure-118-ml\/","name":"Huile de jojoba - 100% Pure - 118 ml. - ECO Supplements","isPartOf":{"@id":"https:\/\/ecosupplements.be\/fr\/#website"},"primaryImageOfPage":{"@id":"https:\/\/ecosupplements.be\/fr\/produit\/huile-de-jojoba-100-pure-118-ml\/#primaryimage"},"image":{"@id":"https:\/\/ecosupplements.be\/fr\/produit\/huile-de-jojoba-100-pure-118-ml\/#primaryimage"},"thumbnailUrl":"https:\/\/ecosupplements.be\/wp-content\/uploads\/2025\/08\/NOW-Foods-Jojoba-Oil-100-Pure-118-ml-1.jpg","datePublished":"2022-06-28T09:03:17+00:00","dateModified":"2025-08-27T09:12:28+00:00","description":"Wij hebben een ruime keuze aan producten van Huile de jojoba - 100% Pure - 118 ml. . Winkel bij Eco Supplements altijd gratis verzending boven 100\u20ac","breadcrumb":{"@id":"https:\/\/ecosupplements.be\/fr\/produit\/huile-de-jojoba-100-pure-118-ml\/#breadcrumb"},"inLanguage":"fr-FR","potentialAction":[{"@type":"ReadAction","target":["https:\/\/ecosupplements.be\/fr\/produit\/huile-de-jojoba-100-pure-118-ml\/"]}]},{"@type":"ImageObject","inLanguage":"fr-FR","@id":"https:\/\/ecosupplements.be\/fr\/produit\/huile-de-jojoba-100-pure-118-ml\/#primaryimage","url":"https:\/\/ecosupplements.be\/wp-content\/uploads\/2025\/08\/NOW-Foods-Jojoba-Oil-100-Pure-118-ml-1.jpg","contentUrl":"https:\/\/ecosupplements.be\/wp-content\/uploads\/2025\/08\/NOW-Foods-Jojoba-Oil-100-Pure-118-ml-1.jpg","width":750,"height":750},{"@type":"BreadcrumbList","@id":"https:\/\/ecosupplements.be\/fr\/produit\/huile-de-jojoba-100-pure-118-ml\/#breadcrumb","itemListElement":[{"@type":"ListItem","position":1,"name":"Home","item":"https:\/\/ecosupplements.be\/fr\/"},{"@type":"ListItem","position":2,"name":"Boutique","item":"https:\/\/ecosupplements.be\/fr\/boutique\/"},{"@type":"ListItem","position":3,"name":"Huile de jojoba &#8211; 100% Pure &#8211; 118 ml."}]},{"@type":"WebSite","@id":"https:\/\/ecosupplements.be\/fr\/#website","url":"https:\/\/ecosupplements.be\/fr\/","name":"ECO Supplements","description":"Eco Supplements - Gezonde supplementen","publisher":{"@id":"https:\/\/ecosupplements.be\/fr\/#organization"},"potentialAction":[{"@type":"SearchAction","target":{"@type":"EntryPoint","urlTemplate":"https:\/\/ecosupplements.be\/fr\/?s={search_term_string}"},"query-input":{"@type":"PropertyValueSpecification","valueRequired":true,"valueName":"search_term_string"}}],"inLanguage":"fr-FR"},{"@type":"Organization","@id":"https:\/\/ecosupplements.be\/fr\/#organization","name":"Eco Supplements","url":"https:\/\/ecosupplements.be\/fr\/","logo":{"@type":"ImageObject","inLanguage":"fr-FR","@id":"https:\/\/ecosupplements.be\/fr\/#\/schema\/logo\/image\/","url":"https:\/\/ecosupplements.be\/wp-content\/uploads\/2022\/06\/ecosupplement-family.png","contentUrl":"https:\/\/ecosupplements.be\/wp-content\/uploads\/2022\/06\/ecosupplement-family.png","width":593,"height":374,"caption":"Eco Supplements"},"image":{"@id":"https:\/\/ecosupplements.be\/fr\/#\/schema\/logo\/image\/"}}]},"product_brand":"NOW Foods","product_price_amount":"10.13","product_price_currency":"EUR","og_availability":"out of stock","product_availability":"out of stock","product_retailer_item_id":"733739077172","product_condition":"new"},"_links":{"self":[{"href":"https:\/\/ecosupplements.be\/fr\/wp-json\/wp\/v2\/product\/280246","targetHints":{"allow":["GET"]}}],"collection":[{"href":"https:\/\/ecosupplements.be\/fr\/wp-json\/wp\/v2\/product"}],"about":[{"href":"https:\/\/ecosupplements.be\/fr\/wp-json\/wp\/v2\/types\/product"}],"replies":[{"embeddable":true,"href":"https:\/\/ecosupplements.be\/fr\/wp-json\/wp\/v2\/comments?post=280246"}],"wp:featuredmedia":[{"embeddable":true,"href":"https:\/\/ecosupplements.be\/fr\/wp-json\/wp\/v2\/media\/241087"}],"wp:attachment":[{"href":"https:\/\/ecosupplements.be\/fr\/wp-json\/wp\/v2\/media?parent=280246"}],"wp:term":[{"taxonomy":"product_brand","embeddable":true,"href":"https:\/\/ecosupplements.be\/fr\/wp-json\/wp\/v2\/product_brand?post=280246"},{"taxonomy":"product_cat","embeddable":true,"href":"https:\/\/ecosupplements.be\/fr\/wp-json\/wp\/v2\/product_cat?post=280246"},{"taxonomy":"product_tag","embeddable":true,"href":"https:\/\/ecosupplements.be\/fr\/wp-json\/wp\/v2\/product_tag?post=280246"}],"curies":[{"name":"wp","href":"https:\/\/api.w.org\/{rel}","templated":true}]}}