{"id":280314,"date":"2022-06-28T10:03:55","date_gmt":"2022-06-28T09:03:55","guid":{"rendered":"https:\/\/ecosupplements.be\/product\/ashwagandha-ultimate-ksm-66-250mg-60-vcaps\/"},"modified":"2025-08-27T10:17:18","modified_gmt":"2025-08-27T09:17:18","slug":"ashwagandha-ultimate-ksm-66-250mg-60-vcaps","status":"publish","type":"product","link":"https:\/\/ecosupplements.be\/fr\/produit\/ashwagandha-ultimate-ksm-66-250mg-60-vcaps\/","title":{"rendered":"Ashwagandha Ultimate KSM-66, 250mg &#8211; 60 vcaps"},"content":{"rendered":"<h1 style=\"text-align: center;\">Swanson &#8211; Ashwagandha Ultimate KSM-66<\/h1>\n<p>Favorise une r\u00e9ponse saine et naturelle au stress quotidien<br \/>\nNormalise l&#8217;humeur, les niveaux d&#8217;\u00e9nergie et la fonction immunitaire globale pour soutenir le fonctionnement du syst\u00e8me immunitaire et nerveux.<br \/>\nAm\u00e9liore la vitalit\u00e9 mentale et physique<br \/>\nProt\u00e9gez votre esprit et votre corps contre le stress gr\u00e2ce au soutien adaptog\u00e8ne puissant de Swanson Ultra Ultimate Ashwagandha. Depuis des milliers d&#8217;ann\u00e9es, les herboristes ayurv\u00e9diques appr\u00e9cient l&#8217;ashwagandha pour am\u00e9liorer la vitalit\u00e9 mentale et physique, renforcer le syst\u00e8me immunitaire et att\u00e9nuer les effets du stress. La science moderne a r\u00e9v\u00e9l\u00e9 que cet adaptog\u00e8ne v\u00e9n\u00e9r\u00e9 pr\u00e9sente des constituants alcalo\u00efdes connus sous le nom de withanolides, qui ont un large \u00e9ventail d&#8217;effets b\u00e9n\u00e9fiques dans tout le corps.<br \/>\nNos nouvelles g\u00e9lules Ultimate Ashwagandha contiennent du KSM-66, l&#8217;extrait d&#8217;ashwagandha \u00e0 spectre complet le plus concentr\u00e9 qui soit. Fabriqu\u00e9 exclusivement \u00e0 partir de racines d&#8217;ashwagandha biologiques, le KSM-66 utilise un proc\u00e9d\u00e9 de chimie verte pour capturer la quintessence de l&#8217;herbe, y compris les compos\u00e9s hydrosolubles et liposolubles, sans utiliser d&#8217;alcool ou de solvants chimiques. Cette technique avanc\u00e9e permet d&#8217;obtenir un extrait ultra-puissant, \u00e0 spectre complet, contenant tous les constituants bioactifs pr\u00e9sents dans la racine enti\u00e8re.<\/p>\n","protected":false},"excerpt":{"rendered":"<p>Swanson &#8211; Ashwagandha Ultimate KSM-66 Favorise une r\u00e9ponse saine et naturelle au stress quotidien Normalise l&#8217;humeur, les niveaux d&#8217;\u00e9nergie et la fonction immunitaire globale pour soutenir le fonctionnement du syst\u00e8me immunitaire et nerveux. Am\u00e9liore la vitalit\u00e9 mentale et physique Prot\u00e9gez votre esprit et votre corps contre le stress gr\u00e2ce au soutien adaptog\u00e8ne puissant de Swanson [&#8230;]\n","protected":false},"featured_media":241441,"comment_status":"open","ping_status":"open","template":"","meta":[],"product_brand":[4761],"product_cat":[5095,5052,5094,5053],"product_tag":[],"class_list":{"0":"post-280314","1":"product","2":"type-product","3":"status-publish","4":"has-post-thumbnail","6":"product_brand-swanson-2","7":"product_cat-ashwagandha-sante-et-bien-etre","8":"product_cat-sante-et-bien-etre","9":"product_cat-supplements-a-base-de-plantes","10":"product_cat-vitamines-et-mineraux","12":"first","13":"instock","14":"taxable","15":"shipping-taxable","16":"purchasable","17":"product-type-simple"},"yoast_head":"<!-- This site is optimized with the Yoast SEO Premium plugin v27.3 (Yoast SEO v27.3) - https:\/\/yoast.com\/product\/yoast-seo-premium-wordpress\/ -->\n<title>Ashwagandha Ultimate KSM-66, 250mg - 60 vcaps - ECO Supplements<\/title>\n<meta name=\"description\" content=\"Wij hebben een ruime keuze aan producten van Ashwagandha Ultimate KSM-66, 250mg - 60 vcaps . Winkel bij Eco Supplements altijd gratis verzending boven 100\u20ac\" \/>\n<meta name=\"robots\" content=\"index, follow, max-snippet:-1, max-image-preview:large, max-video-preview:-1\" \/>\n<link rel=\"canonical\" href=\"https:\/\/ecosupplements.be\/fr\/produit\/ashwagandha-ultimate-ksm-66-250mg-60-vcaps\/\" \/>\n<meta property=\"og:locale\" content=\"fr_FR\" \/>\n<meta property=\"og:type\" content=\"article\" \/>\n<meta property=\"og:title\" content=\"Ashwagandha Ultimate KSM-66, 250mg - 60 vcaps\" \/>\n<meta property=\"og:description\" content=\"Wij hebben een ruime keuze aan producten van Ashwagandha Ultimate KSM-66, 250mg - 60 vcaps . Winkel bij Eco Supplements altijd gratis verzending boven 100\u20ac\" \/>\n<meta property=\"og:url\" content=\"https:\/\/ecosupplements.be\/fr\/produit\/ashwagandha-ultimate-ksm-66-250mg-60-vcaps\/\" \/>\n<meta property=\"og:site_name\" content=\"ECO Supplements\" \/>\n<meta property=\"article:modified_time\" content=\"2025-08-27T09:17:18+00:00\" \/>\n<meta property=\"og:image\" content=\"https:\/\/ecosupplements.be\/wp-content\/uploads\/2025\/08\/Swanson-Ultimate-Ashwagandha-60-vcaps.jpg\" \/>\n\t<meta property=\"og:image:width\" content=\"750\" \/>\n\t<meta property=\"og:image:height\" content=\"750\" \/>\n\t<meta property=\"og:image:type\" content=\"image\/jpeg\" \/>\n<meta name=\"twitter:card\" content=\"summary_large_image\" \/>\n<meta name=\"twitter:label1\" content=\"Prix\" \/>\n\t<meta name=\"twitter:data1\" content=\"11.13&nbsp;&euro;\" \/>\n\t<meta name=\"twitter:label2\" content=\"Disponibilit\u00e9\" \/>\n\t<meta name=\"twitter:data2\" content=\"En stock\" \/>\n<script type=\"application\/ld+json\" class=\"yoast-schema-graph\">{\"@context\":\"https:\\\/\\\/schema.org\",\"@graph\":[{\"@type\":[\"WebPage\",\"ItemPage\"],\"@id\":\"https:\\\/\\\/ecosupplements.be\\\/fr\\\/produit\\\/ashwagandha-ultimate-ksm-66-250mg-60-vcaps\\\/\",\"url\":\"https:\\\/\\\/ecosupplements.be\\\/fr\\\/produit\\\/ashwagandha-ultimate-ksm-66-250mg-60-vcaps\\\/\",\"name\":\"Ashwagandha Ultimate KSM-66, 250mg - 60 vcaps - ECO Supplements\",\"isPartOf\":{\"@id\":\"https:\\\/\\\/ecosupplements.be\\\/fr\\\/#website\"},\"primaryImageOfPage\":{\"@id\":\"https:\\\/\\\/ecosupplements.be\\\/fr\\\/produit\\\/ashwagandha-ultimate-ksm-66-250mg-60-vcaps\\\/#primaryimage\"},\"image\":{\"@id\":\"https:\\\/\\\/ecosupplements.be\\\/fr\\\/produit\\\/ashwagandha-ultimate-ksm-66-250mg-60-vcaps\\\/#primaryimage\"},\"thumbnailUrl\":\"https:\\\/\\\/ecosupplements.be\\\/wp-content\\\/uploads\\\/2025\\\/08\\\/Swanson-Ultimate-Ashwagandha-60-vcaps-1.jpg\",\"datePublished\":\"2022-06-28T09:03:55+00:00\",\"dateModified\":\"2025-08-27T09:17:18+00:00\",\"description\":\"Wij hebben een ruime keuze aan producten van Ashwagandha Ultimate KSM-66, 250mg - 60 vcaps . Winkel bij Eco Supplements altijd gratis verzending boven 100\u20ac\",\"breadcrumb\":{\"@id\":\"https:\\\/\\\/ecosupplements.be\\\/fr\\\/produit\\\/ashwagandha-ultimate-ksm-66-250mg-60-vcaps\\\/#breadcrumb\"},\"inLanguage\":\"fr-FR\",\"potentialAction\":[{\"@type\":\"ReadAction\",\"target\":[\"https:\\\/\\\/ecosupplements.be\\\/fr\\\/produit\\\/ashwagandha-ultimate-ksm-66-250mg-60-vcaps\\\/\"]}]},{\"@type\":\"ImageObject\",\"inLanguage\":\"fr-FR\",\"@id\":\"https:\\\/\\\/ecosupplements.be\\\/fr\\\/produit\\\/ashwagandha-ultimate-ksm-66-250mg-60-vcaps\\\/#primaryimage\",\"url\":\"https:\\\/\\\/ecosupplements.be\\\/wp-content\\\/uploads\\\/2025\\\/08\\\/Swanson-Ultimate-Ashwagandha-60-vcaps-1.jpg\",\"contentUrl\":\"https:\\\/\\\/ecosupplements.be\\\/wp-content\\\/uploads\\\/2025\\\/08\\\/Swanson-Ultimate-Ashwagandha-60-vcaps-1.jpg\",\"width\":750,\"height\":750},{\"@type\":\"BreadcrumbList\",\"@id\":\"https:\\\/\\\/ecosupplements.be\\\/fr\\\/produit\\\/ashwagandha-ultimate-ksm-66-250mg-60-vcaps\\\/#breadcrumb\",\"itemListElement\":[{\"@type\":\"ListItem\",\"position\":1,\"name\":\"Home\",\"item\":\"https:\\\/\\\/ecosupplements.be\\\/fr\\\/\"},{\"@type\":\"ListItem\",\"position\":2,\"name\":\"Boutique\",\"item\":\"https:\\\/\\\/ecosupplements.be\\\/fr\\\/boutique\\\/\"},{\"@type\":\"ListItem\",\"position\":3,\"name\":\"Ashwagandha Ultimate KSM-66, 250mg &#8211; 60 vcaps\"}]},{\"@type\":\"WebSite\",\"@id\":\"https:\\\/\\\/ecosupplements.be\\\/fr\\\/#website\",\"url\":\"https:\\\/\\\/ecosupplements.be\\\/fr\\\/\",\"name\":\"ECO Supplements\",\"description\":\"Eco Supplements - Gezonde supplementen\",\"publisher\":{\"@id\":\"https:\\\/\\\/ecosupplements.be\\\/fr\\\/#organization\"},\"potentialAction\":[{\"@type\":\"SearchAction\",\"target\":{\"@type\":\"EntryPoint\",\"urlTemplate\":\"https:\\\/\\\/ecosupplements.be\\\/fr\\\/?s={search_term_string}\"},\"query-input\":{\"@type\":\"PropertyValueSpecification\",\"valueRequired\":true,\"valueName\":\"search_term_string\"}}],\"inLanguage\":\"fr-FR\"},{\"@type\":\"Organization\",\"@id\":\"https:\\\/\\\/ecosupplements.be\\\/fr\\\/#organization\",\"name\":\"Eco Supplements\",\"url\":\"https:\\\/\\\/ecosupplements.be\\\/fr\\\/\",\"logo\":{\"@type\":\"ImageObject\",\"inLanguage\":\"fr-FR\",\"@id\":\"https:\\\/\\\/ecosupplements.be\\\/fr\\\/#\\\/schema\\\/logo\\\/image\\\/\",\"url\":\"https:\\\/\\\/ecosupplements.be\\\/wp-content\\\/uploads\\\/2022\\\/06\\\/ecosupplement-family.png\",\"contentUrl\":\"https:\\\/\\\/ecosupplements.be\\\/wp-content\\\/uploads\\\/2022\\\/06\\\/ecosupplement-family.png\",\"width\":593,\"height\":374,\"caption\":\"Eco Supplements\"},\"image\":{\"@id\":\"https:\\\/\\\/ecosupplements.be\\\/fr\\\/#\\\/schema\\\/logo\\\/image\\\/\"}}]}<\/script>\n<meta property=\"product:brand\" content=\"Swanson\" \/>\n<meta property=\"product:price:amount\" content=\"11.13\" \/>\n<meta property=\"product:price:currency\" content=\"EUR\" \/>\n<meta property=\"og:availability\" content=\"instock\" \/>\n<meta property=\"product:availability\" content=\"instock\" \/>\n<meta property=\"product:retailer_item_id\" content=\"087614210032\" \/>\n<meta property=\"product:condition\" content=\"new\" \/>\n<!-- \/ Yoast SEO Premium plugin. -->","yoast_head_json":{"title":"Ashwagandha Ultimate KSM-66, 250mg - 60 vcaps - ECO Supplements","description":"Wij hebben een ruime keuze aan producten van Ashwagandha Ultimate KSM-66, 250mg - 60 vcaps . Winkel bij Eco Supplements altijd gratis verzending boven 100\u20ac","robots":{"index":"index","follow":"follow","max-snippet":"max-snippet:-1","max-image-preview":"max-image-preview:large","max-video-preview":"max-video-preview:-1"},"canonical":"https:\/\/ecosupplements.be\/fr\/produit\/ashwagandha-ultimate-ksm-66-250mg-60-vcaps\/","og_locale":"fr_FR","og_type":"article","og_title":"Ashwagandha Ultimate KSM-66, 250mg - 60 vcaps","og_description":"Wij hebben een ruime keuze aan producten van Ashwagandha Ultimate KSM-66, 250mg - 60 vcaps . Winkel bij Eco Supplements altijd gratis verzending boven 100\u20ac","og_url":"https:\/\/ecosupplements.be\/fr\/produit\/ashwagandha-ultimate-ksm-66-250mg-60-vcaps\/","og_site_name":"ECO Supplements","article_modified_time":"2025-08-27T09:17:18+00:00","og_image":[{"width":750,"height":750,"url":"https:\/\/ecosupplements.be\/wp-content\/uploads\/2025\/08\/Swanson-Ultimate-Ashwagandha-60-vcaps.jpg","type":"image\/jpeg"}],"twitter_card":"summary_large_image","twitter_misc":{"Prix":"11.13&nbsp;&euro;","Disponibilit\u00e9":"En stock"},"schema":{"@context":"https:\/\/schema.org","@graph":[{"@type":["WebPage","ItemPage"],"@id":"https:\/\/ecosupplements.be\/fr\/produit\/ashwagandha-ultimate-ksm-66-250mg-60-vcaps\/","url":"https:\/\/ecosupplements.be\/fr\/produit\/ashwagandha-ultimate-ksm-66-250mg-60-vcaps\/","name":"Ashwagandha Ultimate KSM-66, 250mg - 60 vcaps - ECO Supplements","isPartOf":{"@id":"https:\/\/ecosupplements.be\/fr\/#website"},"primaryImageOfPage":{"@id":"https:\/\/ecosupplements.be\/fr\/produit\/ashwagandha-ultimate-ksm-66-250mg-60-vcaps\/#primaryimage"},"image":{"@id":"https:\/\/ecosupplements.be\/fr\/produit\/ashwagandha-ultimate-ksm-66-250mg-60-vcaps\/#primaryimage"},"thumbnailUrl":"https:\/\/ecosupplements.be\/wp-content\/uploads\/2025\/08\/Swanson-Ultimate-Ashwagandha-60-vcaps-1.jpg","datePublished":"2022-06-28T09:03:55+00:00","dateModified":"2025-08-27T09:17:18+00:00","description":"Wij hebben een ruime keuze aan producten van Ashwagandha Ultimate KSM-66, 250mg - 60 vcaps . Winkel bij Eco Supplements altijd gratis verzending boven 100\u20ac","breadcrumb":{"@id":"https:\/\/ecosupplements.be\/fr\/produit\/ashwagandha-ultimate-ksm-66-250mg-60-vcaps\/#breadcrumb"},"inLanguage":"fr-FR","potentialAction":[{"@type":"ReadAction","target":["https:\/\/ecosupplements.be\/fr\/produit\/ashwagandha-ultimate-ksm-66-250mg-60-vcaps\/"]}]},{"@type":"ImageObject","inLanguage":"fr-FR","@id":"https:\/\/ecosupplements.be\/fr\/produit\/ashwagandha-ultimate-ksm-66-250mg-60-vcaps\/#primaryimage","url":"https:\/\/ecosupplements.be\/wp-content\/uploads\/2025\/08\/Swanson-Ultimate-Ashwagandha-60-vcaps-1.jpg","contentUrl":"https:\/\/ecosupplements.be\/wp-content\/uploads\/2025\/08\/Swanson-Ultimate-Ashwagandha-60-vcaps-1.jpg","width":750,"height":750},{"@type":"BreadcrumbList","@id":"https:\/\/ecosupplements.be\/fr\/produit\/ashwagandha-ultimate-ksm-66-250mg-60-vcaps\/#breadcrumb","itemListElement":[{"@type":"ListItem","position":1,"name":"Home","item":"https:\/\/ecosupplements.be\/fr\/"},{"@type":"ListItem","position":2,"name":"Boutique","item":"https:\/\/ecosupplements.be\/fr\/boutique\/"},{"@type":"ListItem","position":3,"name":"Ashwagandha Ultimate KSM-66, 250mg &#8211; 60 vcaps"}]},{"@type":"WebSite","@id":"https:\/\/ecosupplements.be\/fr\/#website","url":"https:\/\/ecosupplements.be\/fr\/","name":"ECO Supplements","description":"Eco Supplements - Gezonde supplementen","publisher":{"@id":"https:\/\/ecosupplements.be\/fr\/#organization"},"potentialAction":[{"@type":"SearchAction","target":{"@type":"EntryPoint","urlTemplate":"https:\/\/ecosupplements.be\/fr\/?s={search_term_string}"},"query-input":{"@type":"PropertyValueSpecification","valueRequired":true,"valueName":"search_term_string"}}],"inLanguage":"fr-FR"},{"@type":"Organization","@id":"https:\/\/ecosupplements.be\/fr\/#organization","name":"Eco Supplements","url":"https:\/\/ecosupplements.be\/fr\/","logo":{"@type":"ImageObject","inLanguage":"fr-FR","@id":"https:\/\/ecosupplements.be\/fr\/#\/schema\/logo\/image\/","url":"https:\/\/ecosupplements.be\/wp-content\/uploads\/2022\/06\/ecosupplement-family.png","contentUrl":"https:\/\/ecosupplements.be\/wp-content\/uploads\/2022\/06\/ecosupplement-family.png","width":593,"height":374,"caption":"Eco Supplements"},"image":{"@id":"https:\/\/ecosupplements.be\/fr\/#\/schema\/logo\/image\/"}}]},"product_brand":"Swanson","product_price_amount":"11.13","product_price_currency":"EUR","og_availability":"instock","product_availability":"instock","product_retailer_item_id":"087614210032","product_condition":"new"},"_links":{"self":[{"href":"https:\/\/ecosupplements.be\/fr\/wp-json\/wp\/v2\/product\/280314","targetHints":{"allow":["GET"]}}],"collection":[{"href":"https:\/\/ecosupplements.be\/fr\/wp-json\/wp\/v2\/product"}],"about":[{"href":"https:\/\/ecosupplements.be\/fr\/wp-json\/wp\/v2\/types\/product"}],"replies":[{"embeddable":true,"href":"https:\/\/ecosupplements.be\/fr\/wp-json\/wp\/v2\/comments?post=280314"}],"wp:featuredmedia":[{"embeddable":true,"href":"https:\/\/ecosupplements.be\/fr\/wp-json\/wp\/v2\/media\/241441"}],"wp:attachment":[{"href":"https:\/\/ecosupplements.be\/fr\/wp-json\/wp\/v2\/media?parent=280314"}],"wp:term":[{"taxonomy":"product_brand","embeddable":true,"href":"https:\/\/ecosupplements.be\/fr\/wp-json\/wp\/v2\/product_brand?post=280314"},{"taxonomy":"product_cat","embeddable":true,"href":"https:\/\/ecosupplements.be\/fr\/wp-json\/wp\/v2\/product_cat?post=280314"},{"taxonomy":"product_tag","embeddable":true,"href":"https:\/\/ecosupplements.be\/fr\/wp-json\/wp\/v2\/product_tag?post=280314"}],"curies":[{"name":"wp","href":"https:\/\/api.w.org\/{rel}","templated":true}]}}