{"id":280334,"date":"2022-06-28T10:04:14","date_gmt":"2022-06-28T09:04:14","guid":{"rendered":"https:\/\/ecosupplements.be\/product\/efas-pristine-norwegian-cod-liver-oil-1000mg-60-softgels\/"},"modified":"2025-08-27T10:18:09","modified_gmt":"2025-08-27T09:18:09","slug":"efas-pristine-norwegian-cod-liver-oil-1000mg-60-softgels","status":"publish","type":"product","link":"https:\/\/ecosupplements.be\/fr\/produit\/efas-pristine-norwegian-cod-liver-oil-1000mg-60-softgels\/","title":{"rendered":"EFAs Pristine Norwegian Cod Liver Oil, 1000mg &#8211; 60 softgels"},"content":{"rendered":"<h1 style=\"text-align: center\">Swanson &#8211; AGEs Huile de foie de morue norv\u00e9gienne primitive<\/h1>\n<p>L&#8217;huile de foie de morue n&#8217;a jamais \u00e9t\u00e9 aussi facile \u00e0 prendre qu&#8217;avec l&#8217;huile de foie de morue norv\u00e9gienne Pristine de Swanson ! En tant que source de vitamine A et D et d&#8217;acides gras essentiels om\u00e9ga-3 EPA et DHA, l&#8217;huile de foie de morue a toujours \u00e9t\u00e9 une excellente source de nourriture pour la sant\u00e9 des os et de la peau, une vision saine, la fonction cardiovasculaire et l&#8217;entretien mental. Son go\u00fbt, cependant, a toujours \u00e9t\u00e9 un probl\u00e8me. Swanson EFAs a r\u00e9solu le probl\u00e8me avec une formule unique qui n&#8217;a pas la saveur f\u00e9tide souvent associ\u00e9e aux suppl\u00e9ments d&#8217;huile de foie de morue. Alors que de nombreux produits \u00e0 base d&#8217;huile de foie de morue peuvent contenir aussi peu que 50% d&#8217;huile de foie de morue r\u00e9elle, notre huile pure 100% est d\u00e9riv\u00e9e exclusivement des foies de morues norv\u00e9giennes. Cette huile de qualit\u00e9 sup\u00e9rieure, press\u00e9e \u00e0 froid, est absolument la meilleure que nous ayons pu trouver dans le monde entier.<\/p>\n<div class=\"facts-container\">\n<\/div>\n","protected":false},"excerpt":{"rendered":"<p>Swanson &#8211; AGEs Huile de foie de morue norv\u00e9gienne primitive L&#8217;huile de foie de morue n&#8217;a jamais \u00e9t\u00e9 aussi facile \u00e0 prendre qu&#8217;avec l&#8217;huile de foie de morue norv\u00e9gienne Pristine de Swanson ! En tant que source de vitamine A et D et d&#8217;acides gras essentiels om\u00e9ga-3 EPA et DHA, l&#8217;huile de foie de morue [&#8230;]\n","protected":false},"featured_media":241545,"comment_status":"open","ping_status":"open","template":"","meta":[],"product_brand":[4761],"product_cat":[5102,5082,5052,5053],"product_tag":[],"class_list":{"0":"post-280334","1":"product","2":"type-product","3":"status-publish","4":"has-post-thumbnail","6":"product_brand-swanson-2","7":"product_cat-omega-et-huile-de-poisson","8":"product_cat-omegas-efa-cla-huiles","9":"product_cat-sante-et-bien-etre","10":"product_cat-vitamines-et-mineraux","12":"first","13":"instock","14":"taxable","15":"shipping-taxable","16":"purchasable","17":"product-type-simple"},"yoast_head":"<!-- This site is optimized with the Yoast SEO Premium plugin v27.3 (Yoast SEO v27.3) - https:\/\/yoast.com\/product\/yoast-seo-premium-wordpress\/ -->\n<title>EFAs Pristine Norwegian Cod Liver Oil, 1000mg - 60 softgels - ECO Supplements<\/title>\n<meta name=\"description\" content=\"Wij hebben een ruime keuze aan producten van EFAs Pristine Norwegian Cod Liver Oil, 1000mg - 60 softgels . Winkel bij Eco Supplements altijd gratis verzending boven 100\u20ac\" \/>\n<meta name=\"robots\" content=\"index, follow, max-snippet:-1, max-image-preview:large, max-video-preview:-1\" \/>\n<link rel=\"canonical\" href=\"https:\/\/ecosupplements.be\/fr\/produit\/efas-pristine-norwegian-cod-liver-oil-1000mg-60-softgels\/\" \/>\n<meta property=\"og:locale\" content=\"fr_FR\" \/>\n<meta property=\"og:type\" content=\"article\" \/>\n<meta property=\"og:title\" content=\"EFAs Pristine Norwegian Cod Liver Oil, 1000mg - 60 softgels\" \/>\n<meta property=\"og:description\" content=\"Wij hebben een ruime keuze aan producten van EFAs Pristine Norwegian Cod Liver Oil, 1000mg - 60 softgels . Winkel bij Eco Supplements altijd gratis verzending boven 100\u20ac\" \/>\n<meta property=\"og:url\" content=\"https:\/\/ecosupplements.be\/fr\/produit\/efas-pristine-norwegian-cod-liver-oil-1000mg-60-softgels\/\" \/>\n<meta property=\"og:site_name\" content=\"ECO Supplements\" \/>\n<meta property=\"article:modified_time\" content=\"2025-08-27T09:18:09+00:00\" \/>\n<meta property=\"og:image\" content=\"https:\/\/ecosupplements.be\/wp-content\/uploads\/2025\/08\/Swanson-Pristine-Norwegian-Cod-Liver-Oil-1000mg-60-softgels.jpg\" \/>\n\t<meta property=\"og:image:width\" content=\"750\" \/>\n\t<meta property=\"og:image:height\" content=\"750\" \/>\n\t<meta property=\"og:image:type\" content=\"image\/jpeg\" \/>\n<meta name=\"twitter:card\" content=\"summary_large_image\" \/>\n<meta name=\"twitter:label1\" content=\"Prix\" \/>\n\t<meta name=\"twitter:data1\" content=\"13.31&nbsp;&euro;\" \/>\n\t<meta name=\"twitter:label2\" content=\"Disponibilit\u00e9\" \/>\n\t<meta name=\"twitter:data2\" content=\"En stock\" \/>\n<script type=\"application\/ld+json\" class=\"yoast-schema-graph\">{\"@context\":\"https:\\\/\\\/schema.org\",\"@graph\":[{\"@type\":[\"WebPage\",\"ItemPage\"],\"@id\":\"https:\\\/\\\/ecosupplements.be\\\/fr\\\/produit\\\/efas-pristine-norwegian-cod-liver-oil-1000mg-60-softgels\\\/\",\"url\":\"https:\\\/\\\/ecosupplements.be\\\/fr\\\/produit\\\/efas-pristine-norwegian-cod-liver-oil-1000mg-60-softgels\\\/\",\"name\":\"EFAs Pristine Norwegian Cod Liver Oil, 1000mg - 60 softgels - ECO Supplements\",\"isPartOf\":{\"@id\":\"https:\\\/\\\/ecosupplements.be\\\/fr\\\/#website\"},\"primaryImageOfPage\":{\"@id\":\"https:\\\/\\\/ecosupplements.be\\\/fr\\\/produit\\\/efas-pristine-norwegian-cod-liver-oil-1000mg-60-softgels\\\/#primaryimage\"},\"image\":{\"@id\":\"https:\\\/\\\/ecosupplements.be\\\/fr\\\/produit\\\/efas-pristine-norwegian-cod-liver-oil-1000mg-60-softgels\\\/#primaryimage\"},\"thumbnailUrl\":\"https:\\\/\\\/ecosupplements.be\\\/wp-content\\\/uploads\\\/2025\\\/08\\\/Swanson-Pristine-Norwegian-Cod-Liver-Oil-1000mg-60-softgels-1.jpg\",\"datePublished\":\"2022-06-28T09:04:14+00:00\",\"dateModified\":\"2025-08-27T09:18:09+00:00\",\"description\":\"Wij hebben een ruime keuze aan producten van EFAs Pristine Norwegian Cod Liver Oil, 1000mg - 60 softgels . Winkel bij Eco Supplements altijd gratis verzending boven 100\u20ac\",\"breadcrumb\":{\"@id\":\"https:\\\/\\\/ecosupplements.be\\\/fr\\\/produit\\\/efas-pristine-norwegian-cod-liver-oil-1000mg-60-softgels\\\/#breadcrumb\"},\"inLanguage\":\"fr-FR\",\"potentialAction\":[{\"@type\":\"ReadAction\",\"target\":[\"https:\\\/\\\/ecosupplements.be\\\/fr\\\/produit\\\/efas-pristine-norwegian-cod-liver-oil-1000mg-60-softgels\\\/\"]}]},{\"@type\":\"ImageObject\",\"inLanguage\":\"fr-FR\",\"@id\":\"https:\\\/\\\/ecosupplements.be\\\/fr\\\/produit\\\/efas-pristine-norwegian-cod-liver-oil-1000mg-60-softgels\\\/#primaryimage\",\"url\":\"https:\\\/\\\/ecosupplements.be\\\/wp-content\\\/uploads\\\/2025\\\/08\\\/Swanson-Pristine-Norwegian-Cod-Liver-Oil-1000mg-60-softgels-1.jpg\",\"contentUrl\":\"https:\\\/\\\/ecosupplements.be\\\/wp-content\\\/uploads\\\/2025\\\/08\\\/Swanson-Pristine-Norwegian-Cod-Liver-Oil-1000mg-60-softgels-1.jpg\",\"width\":750,\"height\":750},{\"@type\":\"BreadcrumbList\",\"@id\":\"https:\\\/\\\/ecosupplements.be\\\/fr\\\/produit\\\/efas-pristine-norwegian-cod-liver-oil-1000mg-60-softgels\\\/#breadcrumb\",\"itemListElement\":[{\"@type\":\"ListItem\",\"position\":1,\"name\":\"Home\",\"item\":\"https:\\\/\\\/ecosupplements.be\\\/fr\\\/\"},{\"@type\":\"ListItem\",\"position\":2,\"name\":\"Boutique\",\"item\":\"https:\\\/\\\/ecosupplements.be\\\/fr\\\/boutique\\\/\"},{\"@type\":\"ListItem\",\"position\":3,\"name\":\"EFAs Pristine Norwegian Cod Liver Oil, 1000mg &#8211; 60 softgels\"}]},{\"@type\":\"WebSite\",\"@id\":\"https:\\\/\\\/ecosupplements.be\\\/fr\\\/#website\",\"url\":\"https:\\\/\\\/ecosupplements.be\\\/fr\\\/\",\"name\":\"ECO Supplements\",\"description\":\"Eco Supplements - Gezonde supplementen\",\"publisher\":{\"@id\":\"https:\\\/\\\/ecosupplements.be\\\/fr\\\/#organization\"},\"potentialAction\":[{\"@type\":\"SearchAction\",\"target\":{\"@type\":\"EntryPoint\",\"urlTemplate\":\"https:\\\/\\\/ecosupplements.be\\\/fr\\\/?s={search_term_string}\"},\"query-input\":{\"@type\":\"PropertyValueSpecification\",\"valueRequired\":true,\"valueName\":\"search_term_string\"}}],\"inLanguage\":\"fr-FR\"},{\"@type\":\"Organization\",\"@id\":\"https:\\\/\\\/ecosupplements.be\\\/fr\\\/#organization\",\"name\":\"Eco Supplements\",\"url\":\"https:\\\/\\\/ecosupplements.be\\\/fr\\\/\",\"logo\":{\"@type\":\"ImageObject\",\"inLanguage\":\"fr-FR\",\"@id\":\"https:\\\/\\\/ecosupplements.be\\\/fr\\\/#\\\/schema\\\/logo\\\/image\\\/\",\"url\":\"https:\\\/\\\/ecosupplements.be\\\/wp-content\\\/uploads\\\/2022\\\/06\\\/ecosupplement-family.png\",\"contentUrl\":\"https:\\\/\\\/ecosupplements.be\\\/wp-content\\\/uploads\\\/2022\\\/06\\\/ecosupplement-family.png\",\"width\":593,\"height\":374,\"caption\":\"Eco Supplements\"},\"image\":{\"@id\":\"https:\\\/\\\/ecosupplements.be\\\/fr\\\/#\\\/schema\\\/logo\\\/image\\\/\"}}]}<\/script>\n<meta property=\"product:brand\" content=\"Swanson\" \/>\n<meta property=\"product:price:amount\" content=\"13.31\" \/>\n<meta property=\"product:price:currency\" content=\"EUR\" \/>\n<meta property=\"og:availability\" content=\"instock\" \/>\n<meta property=\"product:availability\" content=\"instock\" \/>\n<meta property=\"product:retailer_item_id\" content=\"087614170480\" \/>\n<meta property=\"product:condition\" content=\"new\" \/>\n<!-- \/ Yoast SEO Premium plugin. -->","yoast_head_json":{"title":"EFAs Pristine Norwegian Cod Liver Oil, 1000mg - 60 softgels - ECO Supplements","description":"Wij hebben een ruime keuze aan producten van EFAs Pristine Norwegian Cod Liver Oil, 1000mg - 60 softgels . Winkel bij Eco Supplements altijd gratis verzending boven 100\u20ac","robots":{"index":"index","follow":"follow","max-snippet":"max-snippet:-1","max-image-preview":"max-image-preview:large","max-video-preview":"max-video-preview:-1"},"canonical":"https:\/\/ecosupplements.be\/fr\/produit\/efas-pristine-norwegian-cod-liver-oil-1000mg-60-softgels\/","og_locale":"fr_FR","og_type":"article","og_title":"EFAs Pristine Norwegian Cod Liver Oil, 1000mg - 60 softgels","og_description":"Wij hebben een ruime keuze aan producten van EFAs Pristine Norwegian Cod Liver Oil, 1000mg - 60 softgels . Winkel bij Eco Supplements altijd gratis verzending boven 100\u20ac","og_url":"https:\/\/ecosupplements.be\/fr\/produit\/efas-pristine-norwegian-cod-liver-oil-1000mg-60-softgels\/","og_site_name":"ECO Supplements","article_modified_time":"2025-08-27T09:18:09+00:00","og_image":[{"width":750,"height":750,"url":"https:\/\/ecosupplements.be\/wp-content\/uploads\/2025\/08\/Swanson-Pristine-Norwegian-Cod-Liver-Oil-1000mg-60-softgels.jpg","type":"image\/jpeg"}],"twitter_card":"summary_large_image","twitter_misc":{"Prix":"13.31&nbsp;&euro;","Disponibilit\u00e9":"En stock"},"schema":{"@context":"https:\/\/schema.org","@graph":[{"@type":["WebPage","ItemPage"],"@id":"https:\/\/ecosupplements.be\/fr\/produit\/efas-pristine-norwegian-cod-liver-oil-1000mg-60-softgels\/","url":"https:\/\/ecosupplements.be\/fr\/produit\/efas-pristine-norwegian-cod-liver-oil-1000mg-60-softgels\/","name":"EFAs Pristine Norwegian Cod Liver Oil, 1000mg - 60 softgels - ECO Supplements","isPartOf":{"@id":"https:\/\/ecosupplements.be\/fr\/#website"},"primaryImageOfPage":{"@id":"https:\/\/ecosupplements.be\/fr\/produit\/efas-pristine-norwegian-cod-liver-oil-1000mg-60-softgels\/#primaryimage"},"image":{"@id":"https:\/\/ecosupplements.be\/fr\/produit\/efas-pristine-norwegian-cod-liver-oil-1000mg-60-softgels\/#primaryimage"},"thumbnailUrl":"https:\/\/ecosupplements.be\/wp-content\/uploads\/2025\/08\/Swanson-Pristine-Norwegian-Cod-Liver-Oil-1000mg-60-softgels-1.jpg","datePublished":"2022-06-28T09:04:14+00:00","dateModified":"2025-08-27T09:18:09+00:00","description":"Wij hebben een ruime keuze aan producten van EFAs Pristine Norwegian Cod Liver Oil, 1000mg - 60 softgels . Winkel bij Eco Supplements altijd gratis verzending boven 100\u20ac","breadcrumb":{"@id":"https:\/\/ecosupplements.be\/fr\/produit\/efas-pristine-norwegian-cod-liver-oil-1000mg-60-softgels\/#breadcrumb"},"inLanguage":"fr-FR","potentialAction":[{"@type":"ReadAction","target":["https:\/\/ecosupplements.be\/fr\/produit\/efas-pristine-norwegian-cod-liver-oil-1000mg-60-softgels\/"]}]},{"@type":"ImageObject","inLanguage":"fr-FR","@id":"https:\/\/ecosupplements.be\/fr\/produit\/efas-pristine-norwegian-cod-liver-oil-1000mg-60-softgels\/#primaryimage","url":"https:\/\/ecosupplements.be\/wp-content\/uploads\/2025\/08\/Swanson-Pristine-Norwegian-Cod-Liver-Oil-1000mg-60-softgels-1.jpg","contentUrl":"https:\/\/ecosupplements.be\/wp-content\/uploads\/2025\/08\/Swanson-Pristine-Norwegian-Cod-Liver-Oil-1000mg-60-softgels-1.jpg","width":750,"height":750},{"@type":"BreadcrumbList","@id":"https:\/\/ecosupplements.be\/fr\/produit\/efas-pristine-norwegian-cod-liver-oil-1000mg-60-softgels\/#breadcrumb","itemListElement":[{"@type":"ListItem","position":1,"name":"Home","item":"https:\/\/ecosupplements.be\/fr\/"},{"@type":"ListItem","position":2,"name":"Boutique","item":"https:\/\/ecosupplements.be\/fr\/boutique\/"},{"@type":"ListItem","position":3,"name":"EFAs Pristine Norwegian Cod Liver Oil, 1000mg &#8211; 60 softgels"}]},{"@type":"WebSite","@id":"https:\/\/ecosupplements.be\/fr\/#website","url":"https:\/\/ecosupplements.be\/fr\/","name":"ECO Supplements","description":"Eco Supplements - Gezonde supplementen","publisher":{"@id":"https:\/\/ecosupplements.be\/fr\/#organization"},"potentialAction":[{"@type":"SearchAction","target":{"@type":"EntryPoint","urlTemplate":"https:\/\/ecosupplements.be\/fr\/?s={search_term_string}"},"query-input":{"@type":"PropertyValueSpecification","valueRequired":true,"valueName":"search_term_string"}}],"inLanguage":"fr-FR"},{"@type":"Organization","@id":"https:\/\/ecosupplements.be\/fr\/#organization","name":"Eco Supplements","url":"https:\/\/ecosupplements.be\/fr\/","logo":{"@type":"ImageObject","inLanguage":"fr-FR","@id":"https:\/\/ecosupplements.be\/fr\/#\/schema\/logo\/image\/","url":"https:\/\/ecosupplements.be\/wp-content\/uploads\/2022\/06\/ecosupplement-family.png","contentUrl":"https:\/\/ecosupplements.be\/wp-content\/uploads\/2022\/06\/ecosupplement-family.png","width":593,"height":374,"caption":"Eco Supplements"},"image":{"@id":"https:\/\/ecosupplements.be\/fr\/#\/schema\/logo\/image\/"}}]},"product_brand":"Swanson","product_price_amount":"13.31","product_price_currency":"EUR","og_availability":"instock","product_availability":"instock","product_retailer_item_id":"087614170480","product_condition":"new"},"_links":{"self":[{"href":"https:\/\/ecosupplements.be\/fr\/wp-json\/wp\/v2\/product\/280334","targetHints":{"allow":["GET"]}}],"collection":[{"href":"https:\/\/ecosupplements.be\/fr\/wp-json\/wp\/v2\/product"}],"about":[{"href":"https:\/\/ecosupplements.be\/fr\/wp-json\/wp\/v2\/types\/product"}],"replies":[{"embeddable":true,"href":"https:\/\/ecosupplements.be\/fr\/wp-json\/wp\/v2\/comments?post=280334"}],"wp:featuredmedia":[{"embeddable":true,"href":"https:\/\/ecosupplements.be\/fr\/wp-json\/wp\/v2\/media\/241545"}],"wp:attachment":[{"href":"https:\/\/ecosupplements.be\/fr\/wp-json\/wp\/v2\/media?parent=280334"}],"wp:term":[{"taxonomy":"product_brand","embeddable":true,"href":"https:\/\/ecosupplements.be\/fr\/wp-json\/wp\/v2\/product_brand?post=280334"},{"taxonomy":"product_cat","embeddable":true,"href":"https:\/\/ecosupplements.be\/fr\/wp-json\/wp\/v2\/product_cat?post=280334"},{"taxonomy":"product_tag","embeddable":true,"href":"https:\/\/ecosupplements.be\/fr\/wp-json\/wp\/v2\/product_tag?post=280334"}],"curies":[{"name":"wp","href":"https:\/\/api.w.org\/{rel}","templated":true}]}}