{"id":280394,"date":"2022-06-28T10:05:32","date_gmt":"2022-06-28T09:05:32","guid":{"rendered":"https:\/\/ecosupplements.be\/product\/b-complete-daily-oral-spray-natural-peach-plum-raspberry-25-ml\/"},"modified":"2025-08-27T10:21:28","modified_gmt":"2025-08-27T09:21:28","slug":"b-complete-daily-oral-spray-natural-peach-plum-raspberry-25-ml","status":"publish","type":"product","link":"https:\/\/ecosupplements.be\/fr\/produit\/b-complete-daily-oral-spray-natural-peach-plum-raspberry-25-ml\/","title":{"rendered":"B-complete Daily Oral Spray, Natural Peach, Plum &#038; Raspberry &#8211; 25 ml."},"content":{"rendered":"<h1 style=\"text-align: center;\">BetterYou &#8211; Spray oral quotidien B-complete, p\u00eache naturelle<\/h1>\n<h3 style=\"text-align: center;\">Complexe de vitamines B<\/h3>\n<p>Un m\u00e9lange expert des 8 vitamines B, qui travaillent ensemble pour soutenir le m\u00e9tabolisme \u00e9nerg\u00e9tique naturel de votre corps et aider \u00e0 r\u00e9duire la fatigue.<\/p>\n<p>Formul\u00e9 scientifiquement, le spray oral d\u00e9livre un complexe de vitamines B directement dans la circulation sanguine, en contournant le traitement primaire par l&#8217;intestin. Les minuscules gouttelettes contenues dans le spray s&#8217;absorbent rapidement dans la membrane buccale de l&#8217;int\u00e9rieur de la joue, assurant une mise \u00e0 jour rapide et efficace des nutriments.<\/p>\n<p>Le spray oral B-complete contient les ingr\u00e9dients les plus biodisponibles pour assurer une absorption et un m\u00e9tabolisme optimaux par l&#8217;organisme. Comprend les deux formes de B12, l&#8217;ad\u00e9nosylcobalamine et la m\u00e9thylcobalamine, pour soutenir les voies \u00e9nerg\u00e9tiques naturelles de l&#8217;organisme.<\/p>\n<p>Le spray oral BetterYou B-complete est un m\u00e9lange savoureux, formul\u00e9 par des experts, des 8 vitamines B, y compris la vitamine B12 pour soutenir le m\u00e9tabolisme \u00e9nerg\u00e9tique naturel.<\/p>\n<p>Fournit un complexe B complet de vitamines<br \/>\nFavorise naturellement la production d&#8217;\u00e9nergie<br \/>\nContient les formes les plus actives de B12 (ad\u00e9nosylcobalamine et m\u00e9thylcobalamine) et de B9 (m\u00e9thylfolate)<br \/>\nUne solution sans caf\u00e9ine et sans sucre aux suppl\u00e9ments \u00e0 base d&#8217;\u00e9nergie<br \/>\nD\u00e9livre les nutriments directement dans la circulation sanguine pour une assimilation rapide.<br \/>\nSaveur naturelle et savoureuse de p\u00eache, prune et framboise<br \/>\n32 doses quotidiennes<br \/>\nFabriqu\u00e9 \u00e0 partir d&#8217;un emballage \u00e0 base de plantes, sans \u00e9mission de carbone.<\/p>\n<p>Importance des vitamines du complexe B<\/p>\n<p>La biotine (B7) contribue au maintien d&#8217;une peau et de cheveux normaux<br \/>\nB6 et Folate (B9) contribuent au fonctionnement normal du syst\u00e8me immunitaire<br \/>\nB3 et B5 contribuent au fonctionnement normal du syst\u00e8me nerveux et \u00e0 la fonction psychologique<br \/>\nLa riboflavine (B2) aide \u00e0 prot\u00e9ger les cellules du stress oxydatif et \u00e0 maintenir des globules rouges sains.<br \/>\nB5 et B12 contribuent au m\u00e9tabolisme \u00e9nerg\u00e9tique normal pour aider \u00e0 r\u00e9duire la fatigue et l&#8217;\u00e9puisement.<\/p>\n<p>M\u00e9thylfolate actif &#8211; Quatrefolic<\/p>\n<p>Les suppl\u00e9ments traditionnels de complexe B peuvent contenir une forme synth\u00e9tique d&#8217;acide folique comme source de folate, qui n&#8217;est pas biologiquement active et doit \u00eatre convertie via un processus en plusieurs \u00e9tapes avant de pouvoir \u00eatre m\u00e9tabolis\u00e9e par le corps. Le vaporisateur oral B-Complete utilise Quatrefolic\u00ae une forme de m\u00e9thylfolate dans sa forme la plus active afin qu&#8217;il puisse \u00eatre facilement utilis\u00e9 par le corps.<\/p>\n<p><img decoding=\"async\" src=\"https:\/\/ecosupplements.be\/wp-content\/uploads\/2025\/08\/vegan-1.png\" title=\"Vegan\" alt=\"Vegan\"><\/p>\n","protected":false},"excerpt":{"rendered":"<p>BetterYou &#8211; Spray oral quotidien B-complete, p\u00eache naturelle Complexe de vitamines B Un m\u00e9lange expert des 8 vitamines B, qui travaillent ensemble pour soutenir le m\u00e9tabolisme \u00e9nerg\u00e9tique naturel de votre corps et aider \u00e0 r\u00e9duire la fatigue. Formul\u00e9 scientifiquement, le spray oral d\u00e9livre un complexe de vitamines B directement dans la circulation sanguine, en contournant [&#8230;]\n","protected":false},"featured_media":241860,"comment_status":"open","ping_status":"open","template":"","meta":[],"product_brand":[4663],"product_cat":[5076,5100,5062,5070,5053],"product_tag":[5069],"class_list":{"0":"post-280394","1":"product","2":"type-product","3":"status-publish","4":"has-post-thumbnail","6":"product_brand-betteryou-2","7":"product_cat-complements-en-spray","8":"product_cat-multi-vitamines","9":"product_cat-multivitamines","10":"product_cat-non-classe","11":"product_cat-vitamines-et-mineraux","12":"product_tag-topeco-2","14":"first","15":"instock","16":"taxable","17":"shipping-taxable","18":"purchasable","19":"product-type-simple"},"yoast_head":"<!-- This site is optimized with the Yoast SEO Premium plugin v27.3 (Yoast SEO v27.3) - https:\/\/yoast.com\/product\/yoast-seo-premium-wordpress\/ -->\n<title>B-complete Daily Oral Spray, Natural Peach, Plum &amp; Raspberry - 25 ml. - ECO Supplements<\/title>\n<meta name=\"description\" content=\"Wij hebben een ruime keuze aan producten van B-complete Daily Oral Spray, Natural Peach, Plum &amp; Raspberry - 25 ml. . Winkel bij Eco Supplements altijd gratis verzending boven 100\u20ac\" \/>\n<meta name=\"robots\" content=\"index, follow, max-snippet:-1, max-image-preview:large, max-video-preview:-1\" \/>\n<link rel=\"canonical\" href=\"https:\/\/ecosupplements.be\/fr\/produit\/b-complete-daily-oral-spray-natural-peach-plum-raspberry-25-ml\/\" \/>\n<meta property=\"og:locale\" content=\"fr_FR\" \/>\n<meta property=\"og:type\" content=\"article\" \/>\n<meta property=\"og:title\" content=\"B-complete Daily Oral Spray, Natural Peach, Plum &amp; Raspberry - 25 ml.\" \/>\n<meta property=\"og:description\" content=\"Wij hebben een ruime keuze aan producten van B-complete Daily Oral Spray, Natural Peach, Plum &amp; Raspberry - 25 ml. . Winkel bij Eco Supplements altijd gratis verzending boven 100\u20ac\" \/>\n<meta property=\"og:url\" content=\"https:\/\/ecosupplements.be\/fr\/produit\/b-complete-daily-oral-spray-natural-peach-plum-raspberry-25-ml\/\" \/>\n<meta property=\"og:site_name\" content=\"ECO Supplements\" \/>\n<meta property=\"article:modified_time\" content=\"2025-08-27T09:21:28+00:00\" \/>\n<meta property=\"og:image\" content=\"https:\/\/ecosupplements.be\/wp-content\/uploads\/2025\/08\/BetterYou-B-complete-Oral-Spray-25-ml-1.jpg\" \/>\n\t<meta property=\"og:image:width\" content=\"500\" \/>\n\t<meta property=\"og:image:height\" content=\"500\" \/>\n\t<meta property=\"og:image:type\" content=\"image\/jpeg\" \/>\n<meta name=\"twitter:card\" content=\"summary_large_image\" \/>\n<meta name=\"twitter:label1\" content=\"Prix\" \/>\n\t<meta name=\"twitter:data1\" content=\"12.52&nbsp;&euro;\" \/>\n\t<meta name=\"twitter:label2\" content=\"Disponibilit\u00e9\" \/>\n\t<meta name=\"twitter:data2\" content=\"En stock\" \/>\n<script type=\"application\/ld+json\" class=\"yoast-schema-graph\">{\"@context\":\"https:\\\/\\\/schema.org\",\"@graph\":[{\"@type\":[\"WebPage\",\"ItemPage\"],\"@id\":\"https:\\\/\\\/ecosupplements.be\\\/fr\\\/produit\\\/b-complete-daily-oral-spray-natural-peach-plum-raspberry-25-ml\\\/\",\"url\":\"https:\\\/\\\/ecosupplements.be\\\/fr\\\/produit\\\/b-complete-daily-oral-spray-natural-peach-plum-raspberry-25-ml\\\/\",\"name\":\"B-complete Daily Oral Spray, Natural Peach, Plum & Raspberry - 25 ml. - ECO Supplements\",\"isPartOf\":{\"@id\":\"https:\\\/\\\/ecosupplements.be\\\/fr\\\/#website\"},\"primaryImageOfPage\":{\"@id\":\"https:\\\/\\\/ecosupplements.be\\\/fr\\\/produit\\\/b-complete-daily-oral-spray-natural-peach-plum-raspberry-25-ml\\\/#primaryimage\"},\"image\":{\"@id\":\"https:\\\/\\\/ecosupplements.be\\\/fr\\\/produit\\\/b-complete-daily-oral-spray-natural-peach-plum-raspberry-25-ml\\\/#primaryimage\"},\"thumbnailUrl\":\"https:\\\/\\\/ecosupplements.be\\\/wp-content\\\/uploads\\\/2025\\\/08\\\/BetterYou-B-complete-Oral-Spray-25-ml-1.jpg\",\"datePublished\":\"2022-06-28T09:05:32+00:00\",\"dateModified\":\"2025-08-27T09:21:28+00:00\",\"description\":\"Wij hebben een ruime keuze aan producten van B-complete Daily Oral Spray, Natural Peach, Plum & Raspberry - 25 ml. . Winkel bij Eco Supplements altijd gratis verzending boven 100\u20ac\",\"breadcrumb\":{\"@id\":\"https:\\\/\\\/ecosupplements.be\\\/fr\\\/produit\\\/b-complete-daily-oral-spray-natural-peach-plum-raspberry-25-ml\\\/#breadcrumb\"},\"inLanguage\":\"fr-FR\",\"potentialAction\":[{\"@type\":\"ReadAction\",\"target\":[\"https:\\\/\\\/ecosupplements.be\\\/fr\\\/produit\\\/b-complete-daily-oral-spray-natural-peach-plum-raspberry-25-ml\\\/\"]}]},{\"@type\":\"ImageObject\",\"inLanguage\":\"fr-FR\",\"@id\":\"https:\\\/\\\/ecosupplements.be\\\/fr\\\/produit\\\/b-complete-daily-oral-spray-natural-peach-plum-raspberry-25-ml\\\/#primaryimage\",\"url\":\"https:\\\/\\\/ecosupplements.be\\\/wp-content\\\/uploads\\\/2025\\\/08\\\/BetterYou-B-complete-Oral-Spray-25-ml-1.jpg\",\"contentUrl\":\"https:\\\/\\\/ecosupplements.be\\\/wp-content\\\/uploads\\\/2025\\\/08\\\/BetterYou-B-complete-Oral-Spray-25-ml-1.jpg\",\"width\":500,\"height\":500},{\"@type\":\"BreadcrumbList\",\"@id\":\"https:\\\/\\\/ecosupplements.be\\\/fr\\\/produit\\\/b-complete-daily-oral-spray-natural-peach-plum-raspberry-25-ml\\\/#breadcrumb\",\"itemListElement\":[{\"@type\":\"ListItem\",\"position\":1,\"name\":\"Home\",\"item\":\"https:\\\/\\\/ecosupplements.be\\\/fr\\\/\"},{\"@type\":\"ListItem\",\"position\":2,\"name\":\"Boutique\",\"item\":\"https:\\\/\\\/ecosupplements.be\\\/fr\\\/boutique\\\/\"},{\"@type\":\"ListItem\",\"position\":3,\"name\":\"B-complete Daily Oral Spray, Natural Peach, Plum &#038; Raspberry &#8211; 25 ml.\"}]},{\"@type\":\"WebSite\",\"@id\":\"https:\\\/\\\/ecosupplements.be\\\/fr\\\/#website\",\"url\":\"https:\\\/\\\/ecosupplements.be\\\/fr\\\/\",\"name\":\"ECO Supplements\",\"description\":\"Eco Supplements - Gezonde supplementen\",\"publisher\":{\"@id\":\"https:\\\/\\\/ecosupplements.be\\\/fr\\\/#organization\"},\"potentialAction\":[{\"@type\":\"SearchAction\",\"target\":{\"@type\":\"EntryPoint\",\"urlTemplate\":\"https:\\\/\\\/ecosupplements.be\\\/fr\\\/?s={search_term_string}\"},\"query-input\":{\"@type\":\"PropertyValueSpecification\",\"valueRequired\":true,\"valueName\":\"search_term_string\"}}],\"inLanguage\":\"fr-FR\"},{\"@type\":\"Organization\",\"@id\":\"https:\\\/\\\/ecosupplements.be\\\/fr\\\/#organization\",\"name\":\"Eco Supplements\",\"url\":\"https:\\\/\\\/ecosupplements.be\\\/fr\\\/\",\"logo\":{\"@type\":\"ImageObject\",\"inLanguage\":\"fr-FR\",\"@id\":\"https:\\\/\\\/ecosupplements.be\\\/fr\\\/#\\\/schema\\\/logo\\\/image\\\/\",\"url\":\"https:\\\/\\\/ecosupplements.be\\\/wp-content\\\/uploads\\\/2022\\\/06\\\/ecosupplement-family.png\",\"contentUrl\":\"https:\\\/\\\/ecosupplements.be\\\/wp-content\\\/uploads\\\/2022\\\/06\\\/ecosupplement-family.png\",\"width\":593,\"height\":374,\"caption\":\"Eco Supplements\"},\"image\":{\"@id\":\"https:\\\/\\\/ecosupplements.be\\\/fr\\\/#\\\/schema\\\/logo\\\/image\\\/\"}}]}<\/script>\n<meta property=\"product:brand\" content=\"BetterYou\" \/>\n<meta property=\"product:price:amount\" content=\"12.52\" \/>\n<meta property=\"product:price:currency\" content=\"EUR\" \/>\n<meta property=\"og:availability\" content=\"instock\" \/>\n<meta property=\"product:availability\" content=\"instock\" \/>\n<meta property=\"product:retailer_item_id\" content=\"96191736\" \/>\n<meta property=\"product:condition\" content=\"new\" \/>\n<!-- \/ Yoast SEO Premium plugin. -->","yoast_head_json":{"title":"B-complete Daily Oral Spray, Natural Peach, Plum & Raspberry - 25 ml. - ECO Supplements","description":"Wij hebben een ruime keuze aan producten van B-complete Daily Oral Spray, Natural Peach, Plum & Raspberry - 25 ml. . Winkel bij Eco Supplements altijd gratis verzending boven 100\u20ac","robots":{"index":"index","follow":"follow","max-snippet":"max-snippet:-1","max-image-preview":"max-image-preview:large","max-video-preview":"max-video-preview:-1"},"canonical":"https:\/\/ecosupplements.be\/fr\/produit\/b-complete-daily-oral-spray-natural-peach-plum-raspberry-25-ml\/","og_locale":"fr_FR","og_type":"article","og_title":"B-complete Daily Oral Spray, Natural Peach, Plum & Raspberry - 25 ml.","og_description":"Wij hebben een ruime keuze aan producten van B-complete Daily Oral Spray, Natural Peach, Plum & Raspberry - 25 ml. . Winkel bij Eco Supplements altijd gratis verzending boven 100\u20ac","og_url":"https:\/\/ecosupplements.be\/fr\/produit\/b-complete-daily-oral-spray-natural-peach-plum-raspberry-25-ml\/","og_site_name":"ECO Supplements","article_modified_time":"2025-08-27T09:21:28+00:00","og_image":[{"width":500,"height":500,"url":"https:\/\/ecosupplements.be\/wp-content\/uploads\/2025\/08\/BetterYou-B-complete-Oral-Spray-25-ml-1.jpg","type":"image\/jpeg"}],"twitter_card":"summary_large_image","twitter_misc":{"Prix":"12.52&nbsp;&euro;","Disponibilit\u00e9":"En stock"},"schema":{"@context":"https:\/\/schema.org","@graph":[{"@type":["WebPage","ItemPage"],"@id":"https:\/\/ecosupplements.be\/fr\/produit\/b-complete-daily-oral-spray-natural-peach-plum-raspberry-25-ml\/","url":"https:\/\/ecosupplements.be\/fr\/produit\/b-complete-daily-oral-spray-natural-peach-plum-raspberry-25-ml\/","name":"B-complete Daily Oral Spray, Natural Peach, Plum & Raspberry - 25 ml. - ECO Supplements","isPartOf":{"@id":"https:\/\/ecosupplements.be\/fr\/#website"},"primaryImageOfPage":{"@id":"https:\/\/ecosupplements.be\/fr\/produit\/b-complete-daily-oral-spray-natural-peach-plum-raspberry-25-ml\/#primaryimage"},"image":{"@id":"https:\/\/ecosupplements.be\/fr\/produit\/b-complete-daily-oral-spray-natural-peach-plum-raspberry-25-ml\/#primaryimage"},"thumbnailUrl":"https:\/\/ecosupplements.be\/wp-content\/uploads\/2025\/08\/BetterYou-B-complete-Oral-Spray-25-ml-1.jpg","datePublished":"2022-06-28T09:05:32+00:00","dateModified":"2025-08-27T09:21:28+00:00","description":"Wij hebben een ruime keuze aan producten van B-complete Daily Oral Spray, Natural Peach, Plum & Raspberry - 25 ml. . Winkel bij Eco Supplements altijd gratis verzending boven 100\u20ac","breadcrumb":{"@id":"https:\/\/ecosupplements.be\/fr\/produit\/b-complete-daily-oral-spray-natural-peach-plum-raspberry-25-ml\/#breadcrumb"},"inLanguage":"fr-FR","potentialAction":[{"@type":"ReadAction","target":["https:\/\/ecosupplements.be\/fr\/produit\/b-complete-daily-oral-spray-natural-peach-plum-raspberry-25-ml\/"]}]},{"@type":"ImageObject","inLanguage":"fr-FR","@id":"https:\/\/ecosupplements.be\/fr\/produit\/b-complete-daily-oral-spray-natural-peach-plum-raspberry-25-ml\/#primaryimage","url":"https:\/\/ecosupplements.be\/wp-content\/uploads\/2025\/08\/BetterYou-B-complete-Oral-Spray-25-ml-1.jpg","contentUrl":"https:\/\/ecosupplements.be\/wp-content\/uploads\/2025\/08\/BetterYou-B-complete-Oral-Spray-25-ml-1.jpg","width":500,"height":500},{"@type":"BreadcrumbList","@id":"https:\/\/ecosupplements.be\/fr\/produit\/b-complete-daily-oral-spray-natural-peach-plum-raspberry-25-ml\/#breadcrumb","itemListElement":[{"@type":"ListItem","position":1,"name":"Home","item":"https:\/\/ecosupplements.be\/fr\/"},{"@type":"ListItem","position":2,"name":"Boutique","item":"https:\/\/ecosupplements.be\/fr\/boutique\/"},{"@type":"ListItem","position":3,"name":"B-complete Daily Oral Spray, Natural Peach, Plum &#038; Raspberry &#8211; 25 ml."}]},{"@type":"WebSite","@id":"https:\/\/ecosupplements.be\/fr\/#website","url":"https:\/\/ecosupplements.be\/fr\/","name":"ECO Supplements","description":"Eco Supplements - Gezonde supplementen","publisher":{"@id":"https:\/\/ecosupplements.be\/fr\/#organization"},"potentialAction":[{"@type":"SearchAction","target":{"@type":"EntryPoint","urlTemplate":"https:\/\/ecosupplements.be\/fr\/?s={search_term_string}"},"query-input":{"@type":"PropertyValueSpecification","valueRequired":true,"valueName":"search_term_string"}}],"inLanguage":"fr-FR"},{"@type":"Organization","@id":"https:\/\/ecosupplements.be\/fr\/#organization","name":"Eco Supplements","url":"https:\/\/ecosupplements.be\/fr\/","logo":{"@type":"ImageObject","inLanguage":"fr-FR","@id":"https:\/\/ecosupplements.be\/fr\/#\/schema\/logo\/image\/","url":"https:\/\/ecosupplements.be\/wp-content\/uploads\/2022\/06\/ecosupplement-family.png","contentUrl":"https:\/\/ecosupplements.be\/wp-content\/uploads\/2022\/06\/ecosupplement-family.png","width":593,"height":374,"caption":"Eco Supplements"},"image":{"@id":"https:\/\/ecosupplements.be\/fr\/#\/schema\/logo\/image\/"}}]},"product_brand":"BetterYou","product_price_amount":"12.52","product_price_currency":"EUR","og_availability":"instock","product_availability":"instock","product_retailer_item_id":"96191736","product_condition":"new"},"_links":{"self":[{"href":"https:\/\/ecosupplements.be\/fr\/wp-json\/wp\/v2\/product\/280394","targetHints":{"allow":["GET"]}}],"collection":[{"href":"https:\/\/ecosupplements.be\/fr\/wp-json\/wp\/v2\/product"}],"about":[{"href":"https:\/\/ecosupplements.be\/fr\/wp-json\/wp\/v2\/types\/product"}],"replies":[{"embeddable":true,"href":"https:\/\/ecosupplements.be\/fr\/wp-json\/wp\/v2\/comments?post=280394"}],"wp:featuredmedia":[{"embeddable":true,"href":"https:\/\/ecosupplements.be\/fr\/wp-json\/wp\/v2\/media\/241860"}],"wp:attachment":[{"href":"https:\/\/ecosupplements.be\/fr\/wp-json\/wp\/v2\/media?parent=280394"}],"wp:term":[{"taxonomy":"product_brand","embeddable":true,"href":"https:\/\/ecosupplements.be\/fr\/wp-json\/wp\/v2\/product_brand?post=280394"},{"taxonomy":"product_cat","embeddable":true,"href":"https:\/\/ecosupplements.be\/fr\/wp-json\/wp\/v2\/product_cat?post=280394"},{"taxonomy":"product_tag","embeddable":true,"href":"https:\/\/ecosupplements.be\/fr\/wp-json\/wp\/v2\/product_tag?post=280394"}],"curies":[{"name":"wp","href":"https:\/\/api.w.org\/{rel}","templated":true}]}}