{"id":280395,"date":"2022-06-28T10:05:32","date_gmt":"2022-06-28T09:05:32","guid":{"rendered":"https:\/\/ecosupplements.be\/product\/spray-oral-boost-b12-25-ml\/"},"modified":"2025-08-27T10:21:32","modified_gmt":"2025-08-27T09:21:32","slug":"spray-oral-boost-b12-25-ml","status":"publish","type":"product","link":"https:\/\/ecosupplements.be\/fr\/produit\/spray-oral-boost-b12-25-ml\/","title":{"rendered":"Spray oral Boost B12 &#8211; 25 ml."},"content":{"rendered":"<h1 style=\"text-align: center;\">BetterYou &#8211; Boost B12 Spray oral<\/h1>\n<p>Le spray oral BetterYou Boost B12 est une aide efficace aux fonctions psychologiques normales, m\u00e9lang\u00e9 de mani\u00e8re experte pour aider \u00e0 stimuler les niveaux d&#8217;\u00e9nergie.<\/p>\n<p>Sp\u00e9cialement formul\u00e9 pour \u00eatre absorb\u00e9 directement dans la circulation sanguine, en contournant le syst\u00e8me digestif. Les minuscules gouttelettes s&#8217;absorbent rapidement dans votre bouche, ce qui constitue une alternative efficace aux comprim\u00e9s et aux capsules.<\/p>\n<p>D\u00e9livre une quantit\u00e9 impressionnante de 1 200\u03bcg de vitamine B12<br \/>Alternative pratique et scientifiquement prouv\u00e9e aux comprim\u00e9s<br \/>Sans stimulant, contenant de la B12 naturelle, du th\u00e9 vert et du chrome<br \/>Formul\u00e9 pour les modes de vie modernes et stressants<br \/>Id\u00e9al pour les v\u00e9g\u00e9tariens, les v\u00e9g\u00e9taliens et les personnes souffrant d&#8217;an\u00e9mie pernicieuse.<br \/>Chaque dosage (4 pulv\u00e9risations) d\u00e9livre 1200\u03bcg de vitamine B12 ainsi que 40\u03bcg de chrome et 0,5mg d&#8217;extrait de th\u00e9 vert, avec un excellent go\u00fbt d&#8217;abricot.<\/p>\n<p>La vitamine B12 contribue \u00e0 la sant\u00e9 des globules rouges, \u00e0 la r\u00e9duction de la fatigue et de la lassitude et au m\u00e9tabolisme normal de l&#8217;homocyst\u00e9ine.<\/p>\n<p>Pourquoi le spray oral Boost B12 ?<br \/>Un spray oral quotidien tr\u00e8s efficace et naturel d\u00e9livrant la vitamine B12 de mani\u00e8re efficace et pratique. La B12 aide l&#8217;organisme \u00e0 r\u00e9duire l&#8217;apparition de la fatigue et \u00e0 augmenter les niveaux de concentration, tout en contribuant au m\u00e9tabolisme normal de l&#8217;homocyst\u00e9ine.<\/p>\n<p>Boost B12 contient la forme la plus biodisponible de B12 (m\u00e9thylcobalamine) qui est une forme naturellement active que l&#8217;on trouve dans le m\u00e9tabolisme humain. Lorsqu&#8217;elle est pulv\u00e9ris\u00e9e sur les membranes buccales (int\u00e9rieur de la joue), la vitamine p\u00e9n\u00e8tre directement dans la circulation sanguine.<\/p>\n<p>Le chrome est \u00e9galement utilis\u00e9 pour aider \u00e0 \u00e9quilibrer les niveaux de sucre dans le sang et pour aider \u00e0 r\u00e9duire la fatigue et la lassitude.<\/p>\n<p>Cela \u00e9vite une d\u00e9pendance excessive \u00e0 l&#8217;\u00e9gard de notre syst\u00e8me digestif. La B12 est une grosse mol\u00e9cule et peut \u00eatre difficile \u00e0 absorber par l&#8217;organisme, notamment pour les personnes souffrant de probl\u00e8mes de malabsorption.<\/p>\n<p>Comment fonctionnent les sprays intra-buccaux BetterYou ?<\/p>\n<p>Chaque pulv\u00e9risation produit un panache de micro-gouttelettes qui impr\u00e8gnent les tissus mous de l&#8217;int\u00e9rieur de la joue, d\u00e9livrant les nutriments essentiels dans le riche syst\u00e8me veineux situ\u00e9 en dessous. Micro-\u00e9mulsifi\u00e9 pour produire une taille de gouttelettes et une livraison de panache optimales, assurant une absorption efficace plus la commodit\u00e9 par rapport aux autres suppl\u00e9ments de vitamine B12.<\/p>\n<div class=\"facts-container\">\n<\/div>\n<\/p>\n<div class=\"tag-container\"><img decoding=\"async\" src=\"https:\/\/ecosupplements.se\/wp-content\/uploads\/2022\/02\/vegan-1.png\" title=\"Vegan\" alt=\"Vegan\"><img decoding=\"async\" src=\"https:\/\/ecosupplements.se\/wp-content\/uploads\/2022\/02\/vegetarian-1.png\" title=\"V\u00e9g\u00e9tarien\" alt=\"Vegetarian\">\n<\/div>\n","protected":false},"excerpt":{"rendered":"<p>BetterYou &#8211; Boost B12 Spray oral Le spray oral BetterYou Boost B12 est une aide efficace aux fonctions psychologiques normales, m\u00e9lang\u00e9 de mani\u00e8re experte pour aider \u00e0 stimuler les niveaux d&#8217;\u00e9nergie. Sp\u00e9cialement formul\u00e9 pour \u00eatre absorb\u00e9 directement dans la circulation sanguine, en contournant le syst\u00e8me digestif. Les minuscules gouttelettes s&#8217;absorbent rapidement dans votre bouche, ce [&#8230;]\n","protected":false},"featured_media":241865,"comment_status":"open","ping_status":"open","template":"","meta":[],"product_brand":[4663],"product_cat":[5074,5076,5054,5055,5073,5053,5059],"product_tag":[],"class_list":{"0":"post-280395","1":"product","2":"type-product","3":"status-publish","4":"has-post-thumbnail","6":"product_brand-betteryou-2","7":"product_cat-b12-vitamine-b-vitamines-simples","8":"product_cat-complements-en-spray","9":"product_cat-nourriture-saine","10":"product_cat-produits-vegetaliens","11":"product_cat-vitamine-b-vitamines-simples","12":"product_cat-vitamines-et-mineraux","13":"product_cat-vitamines-simples","15":"first","16":"instock","17":"taxable","18":"shipping-taxable","19":"purchasable","20":"product-type-simple"},"yoast_head":"<!-- This site is optimized with the Yoast SEO Premium plugin v27.3 (Yoast SEO v27.3) - https:\/\/yoast.com\/product\/yoast-seo-premium-wordpress\/ -->\n<title>Spray oral Boost B12 - 25 ml. - ECO Supplements<\/title>\n<meta name=\"description\" content=\"Wij hebben een ruime keuze aan producten van Spray oral Boost B12 - 25 ml. . Winkel bij Eco Supplements altijd gratis verzending boven 100\u20ac\" \/>\n<meta name=\"robots\" content=\"index, follow, max-snippet:-1, max-image-preview:large, max-video-preview:-1\" \/>\n<link rel=\"canonical\" href=\"https:\/\/ecosupplements.be\/fr\/produit\/spray-oral-boost-b12-25-ml\/\" \/>\n<meta property=\"og:locale\" content=\"fr_FR\" \/>\n<meta property=\"og:type\" content=\"article\" \/>\n<meta property=\"og:title\" content=\"Spray oral Boost B12 - 25 ml.\" \/>\n<meta property=\"og:description\" content=\"Wij hebben een ruime keuze aan producten van Spray oral Boost B12 - 25 ml. . Winkel bij Eco Supplements altijd gratis verzending boven 100\u20ac\" \/>\n<meta property=\"og:url\" content=\"https:\/\/ecosupplements.be\/fr\/produit\/spray-oral-boost-b12-25-ml\/\" \/>\n<meta property=\"og:site_name\" content=\"ECO Supplements\" \/>\n<meta property=\"article:modified_time\" content=\"2025-08-27T09:21:32+00:00\" \/>\n<meta property=\"og:image\" content=\"https:\/\/ecosupplements.be\/wp-content\/uploads\/2025\/08\/BetterYou-Boost-B12-Oral-Spray-25-ml-1.jpg\" \/>\n\t<meta property=\"og:image:width\" content=\"750\" \/>\n\t<meta property=\"og:image:height\" content=\"750\" \/>\n\t<meta property=\"og:image:type\" content=\"image\/jpeg\" \/>\n<meta name=\"twitter:card\" content=\"summary_large_image\" \/>\n<meta name=\"twitter:label1\" content=\"Prix\" \/>\n\t<meta name=\"twitter:data1\" content=\"12.40&nbsp;&euro;\" \/>\n\t<meta name=\"twitter:label2\" content=\"Disponibilit\u00e9\" \/>\n\t<meta name=\"twitter:data2\" content=\"En stock\" \/>\n<script type=\"application\/ld+json\" class=\"yoast-schema-graph\">{\"@context\":\"https:\\\/\\\/schema.org\",\"@graph\":[{\"@type\":[\"WebPage\",\"ItemPage\"],\"@id\":\"https:\\\/\\\/ecosupplements.be\\\/fr\\\/produit\\\/spray-oral-boost-b12-25-ml\\\/\",\"url\":\"https:\\\/\\\/ecosupplements.be\\\/fr\\\/produit\\\/spray-oral-boost-b12-25-ml\\\/\",\"name\":\"Spray oral Boost B12 - 25 ml. - ECO Supplements\",\"isPartOf\":{\"@id\":\"https:\\\/\\\/ecosupplements.be\\\/fr\\\/#website\"},\"primaryImageOfPage\":{\"@id\":\"https:\\\/\\\/ecosupplements.be\\\/fr\\\/produit\\\/spray-oral-boost-b12-25-ml\\\/#primaryimage\"},\"image\":{\"@id\":\"https:\\\/\\\/ecosupplements.be\\\/fr\\\/produit\\\/spray-oral-boost-b12-25-ml\\\/#primaryimage\"},\"thumbnailUrl\":\"https:\\\/\\\/ecosupplements.be\\\/wp-content\\\/uploads\\\/2025\\\/08\\\/BetterYou-Boost-B12-Oral-Spray-25-ml-1.jpg\",\"datePublished\":\"2022-06-28T09:05:32+00:00\",\"dateModified\":\"2025-08-27T09:21:32+00:00\",\"description\":\"Wij hebben een ruime keuze aan producten van Spray oral Boost B12 - 25 ml. . Winkel bij Eco Supplements altijd gratis verzending boven 100\u20ac\",\"breadcrumb\":{\"@id\":\"https:\\\/\\\/ecosupplements.be\\\/fr\\\/produit\\\/spray-oral-boost-b12-25-ml\\\/#breadcrumb\"},\"inLanguage\":\"fr-FR\",\"potentialAction\":[{\"@type\":\"ReadAction\",\"target\":[\"https:\\\/\\\/ecosupplements.be\\\/fr\\\/produit\\\/spray-oral-boost-b12-25-ml\\\/\"]}]},{\"@type\":\"ImageObject\",\"inLanguage\":\"fr-FR\",\"@id\":\"https:\\\/\\\/ecosupplements.be\\\/fr\\\/produit\\\/spray-oral-boost-b12-25-ml\\\/#primaryimage\",\"url\":\"https:\\\/\\\/ecosupplements.be\\\/wp-content\\\/uploads\\\/2025\\\/08\\\/BetterYou-Boost-B12-Oral-Spray-25-ml-1.jpg\",\"contentUrl\":\"https:\\\/\\\/ecosupplements.be\\\/wp-content\\\/uploads\\\/2025\\\/08\\\/BetterYou-Boost-B12-Oral-Spray-25-ml-1.jpg\",\"width\":750,\"height\":750},{\"@type\":\"BreadcrumbList\",\"@id\":\"https:\\\/\\\/ecosupplements.be\\\/fr\\\/produit\\\/spray-oral-boost-b12-25-ml\\\/#breadcrumb\",\"itemListElement\":[{\"@type\":\"ListItem\",\"position\":1,\"name\":\"Home\",\"item\":\"https:\\\/\\\/ecosupplements.be\\\/fr\\\/\"},{\"@type\":\"ListItem\",\"position\":2,\"name\":\"Boutique\",\"item\":\"https:\\\/\\\/ecosupplements.be\\\/fr\\\/boutique\\\/\"},{\"@type\":\"ListItem\",\"position\":3,\"name\":\"Spray oral Boost B12 &#8211; 25 ml.\"}]},{\"@type\":\"WebSite\",\"@id\":\"https:\\\/\\\/ecosupplements.be\\\/fr\\\/#website\",\"url\":\"https:\\\/\\\/ecosupplements.be\\\/fr\\\/\",\"name\":\"ECO Supplements\",\"description\":\"Eco Supplements - Gezonde supplementen\",\"publisher\":{\"@id\":\"https:\\\/\\\/ecosupplements.be\\\/fr\\\/#organization\"},\"potentialAction\":[{\"@type\":\"SearchAction\",\"target\":{\"@type\":\"EntryPoint\",\"urlTemplate\":\"https:\\\/\\\/ecosupplements.be\\\/fr\\\/?s={search_term_string}\"},\"query-input\":{\"@type\":\"PropertyValueSpecification\",\"valueRequired\":true,\"valueName\":\"search_term_string\"}}],\"inLanguage\":\"fr-FR\"},{\"@type\":\"Organization\",\"@id\":\"https:\\\/\\\/ecosupplements.be\\\/fr\\\/#organization\",\"name\":\"Eco Supplements\",\"url\":\"https:\\\/\\\/ecosupplements.be\\\/fr\\\/\",\"logo\":{\"@type\":\"ImageObject\",\"inLanguage\":\"fr-FR\",\"@id\":\"https:\\\/\\\/ecosupplements.be\\\/fr\\\/#\\\/schema\\\/logo\\\/image\\\/\",\"url\":\"https:\\\/\\\/ecosupplements.be\\\/wp-content\\\/uploads\\\/2022\\\/06\\\/ecosupplement-family.png\",\"contentUrl\":\"https:\\\/\\\/ecosupplements.be\\\/wp-content\\\/uploads\\\/2022\\\/06\\\/ecosupplement-family.png\",\"width\":593,\"height\":374,\"caption\":\"Eco Supplements\"},\"image\":{\"@id\":\"https:\\\/\\\/ecosupplements.be\\\/fr\\\/#\\\/schema\\\/logo\\\/image\\\/\"}}]}<\/script>\n<meta property=\"product:brand\" content=\"BetterYou\" \/>\n<meta property=\"product:price:amount\" content=\"12.40\" \/>\n<meta property=\"product:price:currency\" content=\"EUR\" \/>\n<meta property=\"og:availability\" content=\"instock\" \/>\n<meta property=\"product:availability\" content=\"instock\" \/>\n<meta property=\"product:retailer_item_id\" content=\"96032893\" \/>\n<meta property=\"product:condition\" content=\"new\" \/>\n<!-- \/ Yoast SEO Premium plugin. -->","yoast_head_json":{"title":"Spray oral Boost B12 - 25 ml. - ECO Supplements","description":"Wij hebben een ruime keuze aan producten van Spray oral Boost B12 - 25 ml. . Winkel bij Eco Supplements altijd gratis verzending boven 100\u20ac","robots":{"index":"index","follow":"follow","max-snippet":"max-snippet:-1","max-image-preview":"max-image-preview:large","max-video-preview":"max-video-preview:-1"},"canonical":"https:\/\/ecosupplements.be\/fr\/produit\/spray-oral-boost-b12-25-ml\/","og_locale":"fr_FR","og_type":"article","og_title":"Spray oral Boost B12 - 25 ml.","og_description":"Wij hebben een ruime keuze aan producten van Spray oral Boost B12 - 25 ml. . Winkel bij Eco Supplements altijd gratis verzending boven 100\u20ac","og_url":"https:\/\/ecosupplements.be\/fr\/produit\/spray-oral-boost-b12-25-ml\/","og_site_name":"ECO Supplements","article_modified_time":"2025-08-27T09:21:32+00:00","og_image":[{"width":750,"height":750,"url":"https:\/\/ecosupplements.be\/wp-content\/uploads\/2025\/08\/BetterYou-Boost-B12-Oral-Spray-25-ml-1.jpg","type":"image\/jpeg"}],"twitter_card":"summary_large_image","twitter_misc":{"Prix":"12.40&nbsp;&euro;","Disponibilit\u00e9":"En stock"},"schema":{"@context":"https:\/\/schema.org","@graph":[{"@type":["WebPage","ItemPage"],"@id":"https:\/\/ecosupplements.be\/fr\/produit\/spray-oral-boost-b12-25-ml\/","url":"https:\/\/ecosupplements.be\/fr\/produit\/spray-oral-boost-b12-25-ml\/","name":"Spray oral Boost B12 - 25 ml. - ECO Supplements","isPartOf":{"@id":"https:\/\/ecosupplements.be\/fr\/#website"},"primaryImageOfPage":{"@id":"https:\/\/ecosupplements.be\/fr\/produit\/spray-oral-boost-b12-25-ml\/#primaryimage"},"image":{"@id":"https:\/\/ecosupplements.be\/fr\/produit\/spray-oral-boost-b12-25-ml\/#primaryimage"},"thumbnailUrl":"https:\/\/ecosupplements.be\/wp-content\/uploads\/2025\/08\/BetterYou-Boost-B12-Oral-Spray-25-ml-1.jpg","datePublished":"2022-06-28T09:05:32+00:00","dateModified":"2025-08-27T09:21:32+00:00","description":"Wij hebben een ruime keuze aan producten van Spray oral Boost B12 - 25 ml. . Winkel bij Eco Supplements altijd gratis verzending boven 100\u20ac","breadcrumb":{"@id":"https:\/\/ecosupplements.be\/fr\/produit\/spray-oral-boost-b12-25-ml\/#breadcrumb"},"inLanguage":"fr-FR","potentialAction":[{"@type":"ReadAction","target":["https:\/\/ecosupplements.be\/fr\/produit\/spray-oral-boost-b12-25-ml\/"]}]},{"@type":"ImageObject","inLanguage":"fr-FR","@id":"https:\/\/ecosupplements.be\/fr\/produit\/spray-oral-boost-b12-25-ml\/#primaryimage","url":"https:\/\/ecosupplements.be\/wp-content\/uploads\/2025\/08\/BetterYou-Boost-B12-Oral-Spray-25-ml-1.jpg","contentUrl":"https:\/\/ecosupplements.be\/wp-content\/uploads\/2025\/08\/BetterYou-Boost-B12-Oral-Spray-25-ml-1.jpg","width":750,"height":750},{"@type":"BreadcrumbList","@id":"https:\/\/ecosupplements.be\/fr\/produit\/spray-oral-boost-b12-25-ml\/#breadcrumb","itemListElement":[{"@type":"ListItem","position":1,"name":"Home","item":"https:\/\/ecosupplements.be\/fr\/"},{"@type":"ListItem","position":2,"name":"Boutique","item":"https:\/\/ecosupplements.be\/fr\/boutique\/"},{"@type":"ListItem","position":3,"name":"Spray oral Boost B12 &#8211; 25 ml."}]},{"@type":"WebSite","@id":"https:\/\/ecosupplements.be\/fr\/#website","url":"https:\/\/ecosupplements.be\/fr\/","name":"ECO Supplements","description":"Eco Supplements - Gezonde supplementen","publisher":{"@id":"https:\/\/ecosupplements.be\/fr\/#organization"},"potentialAction":[{"@type":"SearchAction","target":{"@type":"EntryPoint","urlTemplate":"https:\/\/ecosupplements.be\/fr\/?s={search_term_string}"},"query-input":{"@type":"PropertyValueSpecification","valueRequired":true,"valueName":"search_term_string"}}],"inLanguage":"fr-FR"},{"@type":"Organization","@id":"https:\/\/ecosupplements.be\/fr\/#organization","name":"Eco Supplements","url":"https:\/\/ecosupplements.be\/fr\/","logo":{"@type":"ImageObject","inLanguage":"fr-FR","@id":"https:\/\/ecosupplements.be\/fr\/#\/schema\/logo\/image\/","url":"https:\/\/ecosupplements.be\/wp-content\/uploads\/2022\/06\/ecosupplement-family.png","contentUrl":"https:\/\/ecosupplements.be\/wp-content\/uploads\/2022\/06\/ecosupplement-family.png","width":593,"height":374,"caption":"Eco Supplements"},"image":{"@id":"https:\/\/ecosupplements.be\/fr\/#\/schema\/logo\/image\/"}}]},"product_brand":"BetterYou","product_price_amount":"12.40","product_price_currency":"EUR","og_availability":"instock","product_availability":"instock","product_retailer_item_id":"96032893","product_condition":"new"},"_links":{"self":[{"href":"https:\/\/ecosupplements.be\/fr\/wp-json\/wp\/v2\/product\/280395","targetHints":{"allow":["GET"]}}],"collection":[{"href":"https:\/\/ecosupplements.be\/fr\/wp-json\/wp\/v2\/product"}],"about":[{"href":"https:\/\/ecosupplements.be\/fr\/wp-json\/wp\/v2\/types\/product"}],"replies":[{"embeddable":true,"href":"https:\/\/ecosupplements.be\/fr\/wp-json\/wp\/v2\/comments?post=280395"}],"wp:featuredmedia":[{"embeddable":true,"href":"https:\/\/ecosupplements.be\/fr\/wp-json\/wp\/v2\/media\/241865"}],"wp:attachment":[{"href":"https:\/\/ecosupplements.be\/fr\/wp-json\/wp\/v2\/media?parent=280395"}],"wp:term":[{"taxonomy":"product_brand","embeddable":true,"href":"https:\/\/ecosupplements.be\/fr\/wp-json\/wp\/v2\/product_brand?post=280395"},{"taxonomy":"product_cat","embeddable":true,"href":"https:\/\/ecosupplements.be\/fr\/wp-json\/wp\/v2\/product_cat?post=280395"},{"taxonomy":"product_tag","embeddable":true,"href":"https:\/\/ecosupplements.be\/fr\/wp-json\/wp\/v2\/product_tag?post=280395"}],"curies":[{"name":"wp","href":"https:\/\/api.w.org\/{rel}","templated":true}]}}