{"id":280398,"date":"2022-06-28T10:05:32","date_gmt":"2022-06-28T09:05:32","guid":{"rendered":"https:\/\/ecosupplements.be\/product\/spray-oral-quotidien-de-vitamine-d-dlux-4000-menthe-poivree-naturelle-15-ml\/"},"modified":"2025-08-27T10:21:41","modified_gmt":"2025-08-27T09:21:41","slug":"spray-oral-quotidien-de-vitamine-d-dlux-4000-menthe-poivree-naturelle-15-ml","status":"publish","type":"product","link":"https:\/\/ecosupplements.be\/fr\/produit\/spray-oral-quotidien-de-vitamine-d-dlux-4000-menthe-poivree-naturelle-15-ml\/","title":{"rendered":"Spray oral quotidien de vitamine D DLux 4000, menthe poivr\u00e9e naturelle &#8211; 15 ml."},"content":{"rendered":"<h1 style=\"text-align: center;\">BetterYou &#8211; DLux 4000 Vitamine D quotidienne en spray oral<\/h1>\n<p>BetterYou DLux 4000 est un spray oral de vitamine D de puissance maximale, sp\u00e9cialement formul\u00e9 pour d\u00e9livrer la vitamine D \u00e0 travers les tissus mous de la bouche pour une absorption optimale.<\/p>\n<p>Un suppl\u00e9ment de vitamine D de puissance maximale d\u00e9livrant 4000IU (100\u03bcg) de vitamine D par pulv\u00e9risation<br \/>Absorption rapide et efficace<br \/>Une alternative pratique aux comprim\u00e9s et aux capsules<br \/>Soutient les os, les dents et un syst\u00e8me immunitaire sain<br \/>100 doses quotidiennes<br \/>Ar\u00f4me naturel de menthe poivr\u00e9e<br \/>Emballage fabriqu\u00e9 \u00e0 partir de plastique issu de d\u00e9chets oc\u00e9aniques<br \/>Certifi\u00e9 sans d\u00e9riv\u00e9s d&#8217;huile de palme<\/p>\n<p>En raison de l&#8217;\u00e9volution de nos r\u00e9gimes alimentaires et de nos modes de vie internes, tout le monde devrait veiller \u00e0 maintenir un taux de vitamine D sain tout au long de l&#8217;ann\u00e9e.<\/p>\n<p>Toutefois, le minist\u00e8re de la Sant\u00e9 d\u00e9finit les groupes suivants comme \u00e9tant &#8220;\u00e0 risque&#8221; et devant fortement envisager une suppl\u00e9mentation :<\/p>\n<p>Toutes les femmes enceintes et allaitantes<br \/>Nourrissons et jeunes enfants de moins de 5 ans<br \/>Personnes \u00e2g\u00e9es de 65 ans et plus<br \/>Les personnes qui ont une exposition faible ou nulle au soleil<br \/>Les personnes \u00e0 la peau plus fonc\u00e9e<\/p>\n<div class=\"facts-container\">\n<\/div>\n<\/p>\n<div class=\"tag-container\"><img decoding=\"async\" src=\"https:\/\/ecosupplements.se\/wp-content\/uploads\/2022\/02\/vegan-1.png\" title=\"Vegan\" alt=\"Vegan\">\n<\/div>\n","protected":false},"excerpt":{"rendered":"<p>BetterYou &#8211; DLux 4000 Vitamine D quotidienne en spray oral BetterYou DLux 4000 est un spray oral de vitamine D de puissance maximale, sp\u00e9cialement formul\u00e9 pour d\u00e9livrer la vitamine D \u00e0 travers les tissus mous de la bouche pour une absorption optimale. Un suppl\u00e9ment de vitamine D de puissance maximale d\u00e9livrant 4000IU (100\u03bcg) de vitamine [&#8230;]\n","protected":false},"featured_media":241880,"comment_status":"open","ping_status":"open","template":"","meta":[],"product_brand":[4663],"product_cat":[5076,5052,5053],"product_tag":[],"class_list":{"0":"post-280398","1":"product","2":"type-product","3":"status-publish","4":"has-post-thumbnail","6":"product_brand-betteryou-2","7":"product_cat-complements-en-spray","8":"product_cat-sante-et-bien-etre","9":"product_cat-vitamines-et-mineraux","11":"first","12":"instock","13":"taxable","14":"shipping-taxable","15":"purchasable","16":"product-type-simple"},"yoast_head":"<!-- This site is optimized with the Yoast SEO Premium plugin v27.5 (Yoast SEO v27.5) - https:\/\/yoast.com\/product\/yoast-seo-premium-wordpress\/ -->\n<title>Spray oral quotidien de vitamine D DLux 4000, menthe poivr\u00e9e naturelle - 15 ml. - ECO Supplements<\/title>\n<meta name=\"description\" content=\"Wij hebben een ruime keuze aan producten van Spray oral quotidien de vitamine D DLux 4000, menthe poivr\u00e9e naturelle - 15 ml. . Winkel bij Eco Supplements altijd gratis verzending boven 100\u20ac\" \/>\n<meta name=\"robots\" content=\"index, follow, max-snippet:-1, max-image-preview:large, max-video-preview:-1\" \/>\n<link rel=\"canonical\" href=\"https:\/\/ecosupplements.be\/fr\/produit\/spray-oral-quotidien-de-vitamine-d-dlux-4000-menthe-poivree-naturelle-15-ml\/\" \/>\n<meta property=\"og:locale\" content=\"fr_FR\" \/>\n<meta property=\"og:type\" content=\"article\" \/>\n<meta property=\"og:title\" content=\"Spray oral quotidien de vitamine D DLux 4000, menthe poivr\u00e9e naturelle - 15 ml.\" \/>\n<meta property=\"og:description\" content=\"Wij hebben een ruime keuze aan producten van Spray oral quotidien de vitamine D DLux 4000, menthe poivr\u00e9e naturelle - 15 ml. . Winkel bij Eco Supplements altijd gratis verzending boven 100\u20ac\" \/>\n<meta property=\"og:url\" content=\"https:\/\/ecosupplements.be\/fr\/produit\/spray-oral-quotidien-de-vitamine-d-dlux-4000-menthe-poivree-naturelle-15-ml\/\" \/>\n<meta property=\"og:site_name\" content=\"ECO Supplements\" \/>\n<meta property=\"article:modified_time\" content=\"2025-08-27T09:21:41+00:00\" \/>\n<meta property=\"og:image\" content=\"https:\/\/ecosupplements.be\/wp-content\/uploads\/2025\/08\/BetterYou-DLux-4000-Daily-Vitamin-D-Oral-Spray-Natural-Peppermint-15-ml-1.jpg\" \/>\n\t<meta property=\"og:image:width\" content=\"750\" \/>\n\t<meta property=\"og:image:height\" content=\"750\" \/>\n\t<meta property=\"og:image:type\" content=\"image\/jpeg\" \/>\n<meta name=\"twitter:card\" content=\"summary_large_image\" \/>\n<meta name=\"twitter:label1\" content=\"Prix\" \/>\n\t<meta name=\"twitter:data1\" content=\"10.30&nbsp;&euro;\" \/>\n\t<meta name=\"twitter:label2\" content=\"Disponibilit\u00e9\" \/>\n\t<meta name=\"twitter:data2\" content=\"En stock\" \/>\n<script type=\"application\/ld+json\" class=\"yoast-schema-graph\">{\"@context\":\"https:\\\/\\\/schema.org\",\"@graph\":[{\"@type\":[\"WebPage\",\"ItemPage\"],\"@id\":\"https:\\\/\\\/ecosupplements.be\\\/fr\\\/produit\\\/spray-oral-quotidien-de-vitamine-d-dlux-4000-menthe-poivree-naturelle-15-ml\\\/\",\"url\":\"https:\\\/\\\/ecosupplements.be\\\/fr\\\/produit\\\/spray-oral-quotidien-de-vitamine-d-dlux-4000-menthe-poivree-naturelle-15-ml\\\/\",\"name\":\"Spray oral quotidien de vitamine D DLux 4000, menthe poivr\u00e9e naturelle - 15 ml. - ECO Supplements\",\"isPartOf\":{\"@id\":\"https:\\\/\\\/ecosupplements.be\\\/fr\\\/#website\"},\"primaryImageOfPage\":{\"@id\":\"https:\\\/\\\/ecosupplements.be\\\/fr\\\/produit\\\/spray-oral-quotidien-de-vitamine-d-dlux-4000-menthe-poivree-naturelle-15-ml\\\/#primaryimage\"},\"image\":{\"@id\":\"https:\\\/\\\/ecosupplements.be\\\/fr\\\/produit\\\/spray-oral-quotidien-de-vitamine-d-dlux-4000-menthe-poivree-naturelle-15-ml\\\/#primaryimage\"},\"thumbnailUrl\":\"https:\\\/\\\/ecosupplements.be\\\/wp-content\\\/uploads\\\/2025\\\/08\\\/BetterYou-DLux-4000-Daily-Vitamin-D-Oral-Spray-Natural-Peppermint-15-ml-1.jpg\",\"datePublished\":\"2022-06-28T09:05:32+00:00\",\"dateModified\":\"2025-08-27T09:21:41+00:00\",\"description\":\"Wij hebben een ruime keuze aan producten van Spray oral quotidien de vitamine D DLux 4000, menthe poivr\u00e9e naturelle - 15 ml. . Winkel bij Eco Supplements altijd gratis verzending boven 100\u20ac\",\"breadcrumb\":{\"@id\":\"https:\\\/\\\/ecosupplements.be\\\/fr\\\/produit\\\/spray-oral-quotidien-de-vitamine-d-dlux-4000-menthe-poivree-naturelle-15-ml\\\/#breadcrumb\"},\"inLanguage\":\"fr-FR\",\"potentialAction\":[{\"@type\":\"ReadAction\",\"target\":[\"https:\\\/\\\/ecosupplements.be\\\/fr\\\/produit\\\/spray-oral-quotidien-de-vitamine-d-dlux-4000-menthe-poivree-naturelle-15-ml\\\/\"]}]},{\"@type\":\"ImageObject\",\"inLanguage\":\"fr-FR\",\"@id\":\"https:\\\/\\\/ecosupplements.be\\\/fr\\\/produit\\\/spray-oral-quotidien-de-vitamine-d-dlux-4000-menthe-poivree-naturelle-15-ml\\\/#primaryimage\",\"url\":\"https:\\\/\\\/ecosupplements.be\\\/wp-content\\\/uploads\\\/2025\\\/08\\\/BetterYou-DLux-4000-Daily-Vitamin-D-Oral-Spray-Natural-Peppermint-15-ml-1.jpg\",\"contentUrl\":\"https:\\\/\\\/ecosupplements.be\\\/wp-content\\\/uploads\\\/2025\\\/08\\\/BetterYou-DLux-4000-Daily-Vitamin-D-Oral-Spray-Natural-Peppermint-15-ml-1.jpg\",\"width\":750,\"height\":750},{\"@type\":\"BreadcrumbList\",\"@id\":\"https:\\\/\\\/ecosupplements.be\\\/fr\\\/produit\\\/spray-oral-quotidien-de-vitamine-d-dlux-4000-menthe-poivree-naturelle-15-ml\\\/#breadcrumb\",\"itemListElement\":[{\"@type\":\"ListItem\",\"position\":1,\"name\":\"Home\",\"item\":\"https:\\\/\\\/ecosupplements.be\\\/fr\\\/\"},{\"@type\":\"ListItem\",\"position\":2,\"name\":\"Boutique\",\"item\":\"https:\\\/\\\/ecosupplements.be\\\/fr\\\/boutique\\\/\"},{\"@type\":\"ListItem\",\"position\":3,\"name\":\"Spray oral quotidien de vitamine D DLux 4000, menthe poivr\u00e9e naturelle &#8211; 15 ml.\"}]},{\"@type\":\"WebSite\",\"@id\":\"https:\\\/\\\/ecosupplements.be\\\/fr\\\/#website\",\"url\":\"https:\\\/\\\/ecosupplements.be\\\/fr\\\/\",\"name\":\"ECO Supplements\",\"description\":\"Eco Supplements - Gezonde supplementen\",\"publisher\":{\"@id\":\"https:\\\/\\\/ecosupplements.be\\\/fr\\\/#organization\"},\"potentialAction\":[{\"@type\":\"SearchAction\",\"target\":{\"@type\":\"EntryPoint\",\"urlTemplate\":\"https:\\\/\\\/ecosupplements.be\\\/fr\\\/?s={search_term_string}\"},\"query-input\":{\"@type\":\"PropertyValueSpecification\",\"valueRequired\":true,\"valueName\":\"search_term_string\"}}],\"inLanguage\":\"fr-FR\"},{\"@type\":\"Organization\",\"@id\":\"https:\\\/\\\/ecosupplements.be\\\/fr\\\/#organization\",\"name\":\"Eco Supplements\",\"url\":\"https:\\\/\\\/ecosupplements.be\\\/fr\\\/\",\"logo\":{\"@type\":\"ImageObject\",\"inLanguage\":\"fr-FR\",\"@id\":\"https:\\\/\\\/ecosupplements.be\\\/fr\\\/#\\\/schema\\\/logo\\\/image\\\/\",\"url\":\"https:\\\/\\\/ecosupplements.be\\\/wp-content\\\/uploads\\\/2022\\\/06\\\/ecosupplement-family.png\",\"contentUrl\":\"https:\\\/\\\/ecosupplements.be\\\/wp-content\\\/uploads\\\/2022\\\/06\\\/ecosupplement-family.png\",\"width\":593,\"height\":374,\"caption\":\"Eco Supplements\"},\"image\":{\"@id\":\"https:\\\/\\\/ecosupplements.be\\\/fr\\\/#\\\/schema\\\/logo\\\/image\\\/\"}}]}<\/script>\n<meta property=\"product:brand\" content=\"BetterYou\" \/>\n<meta property=\"product:price:amount\" content=\"10.30\" \/>\n<meta property=\"product:price:currency\" content=\"EUR\" \/>\n<meta property=\"og:availability\" content=\"instock\" \/>\n<meta property=\"product:availability\" content=\"instock\" \/>\n<meta property=\"product:retailer_item_id\" content=\"96195529\" \/>\n<meta property=\"product:condition\" content=\"new\" \/>\n<!-- \/ Yoast SEO Premium plugin. -->","yoast_head_json":{"title":"Spray oral quotidien de vitamine D DLux 4000, menthe poivr\u00e9e naturelle - 15 ml. - ECO Supplements","description":"Wij hebben een ruime keuze aan producten van Spray oral quotidien de vitamine D DLux 4000, menthe poivr\u00e9e naturelle - 15 ml. . Winkel bij Eco Supplements altijd gratis verzending boven 100\u20ac","robots":{"index":"index","follow":"follow","max-snippet":"max-snippet:-1","max-image-preview":"max-image-preview:large","max-video-preview":"max-video-preview:-1"},"canonical":"https:\/\/ecosupplements.be\/fr\/produit\/spray-oral-quotidien-de-vitamine-d-dlux-4000-menthe-poivree-naturelle-15-ml\/","og_locale":"fr_FR","og_type":"article","og_title":"Spray oral quotidien de vitamine D DLux 4000, menthe poivr\u00e9e naturelle - 15 ml.","og_description":"Wij hebben een ruime keuze aan producten van Spray oral quotidien de vitamine D DLux 4000, menthe poivr\u00e9e naturelle - 15 ml. . Winkel bij Eco Supplements altijd gratis verzending boven 100\u20ac","og_url":"https:\/\/ecosupplements.be\/fr\/produit\/spray-oral-quotidien-de-vitamine-d-dlux-4000-menthe-poivree-naturelle-15-ml\/","og_site_name":"ECO Supplements","article_modified_time":"2025-08-27T09:21:41+00:00","og_image":[{"width":750,"height":750,"url":"https:\/\/ecosupplements.be\/wp-content\/uploads\/2025\/08\/BetterYou-DLux-4000-Daily-Vitamin-D-Oral-Spray-Natural-Peppermint-15-ml-1.jpg","type":"image\/jpeg"}],"twitter_card":"summary_large_image","twitter_misc":{"Prix":"10.30&nbsp;&euro;","Disponibilit\u00e9":"En stock"},"schema":{"@context":"https:\/\/schema.org","@graph":[{"@type":["WebPage","ItemPage"],"@id":"https:\/\/ecosupplements.be\/fr\/produit\/spray-oral-quotidien-de-vitamine-d-dlux-4000-menthe-poivree-naturelle-15-ml\/","url":"https:\/\/ecosupplements.be\/fr\/produit\/spray-oral-quotidien-de-vitamine-d-dlux-4000-menthe-poivree-naturelle-15-ml\/","name":"Spray oral quotidien de vitamine D DLux 4000, menthe poivr\u00e9e naturelle - 15 ml. - ECO Supplements","isPartOf":{"@id":"https:\/\/ecosupplements.be\/fr\/#website"},"primaryImageOfPage":{"@id":"https:\/\/ecosupplements.be\/fr\/produit\/spray-oral-quotidien-de-vitamine-d-dlux-4000-menthe-poivree-naturelle-15-ml\/#primaryimage"},"image":{"@id":"https:\/\/ecosupplements.be\/fr\/produit\/spray-oral-quotidien-de-vitamine-d-dlux-4000-menthe-poivree-naturelle-15-ml\/#primaryimage"},"thumbnailUrl":"https:\/\/ecosupplements.be\/wp-content\/uploads\/2025\/08\/BetterYou-DLux-4000-Daily-Vitamin-D-Oral-Spray-Natural-Peppermint-15-ml-1.jpg","datePublished":"2022-06-28T09:05:32+00:00","dateModified":"2025-08-27T09:21:41+00:00","description":"Wij hebben een ruime keuze aan producten van Spray oral quotidien de vitamine D DLux 4000, menthe poivr\u00e9e naturelle - 15 ml. . Winkel bij Eco Supplements altijd gratis verzending boven 100\u20ac","breadcrumb":{"@id":"https:\/\/ecosupplements.be\/fr\/produit\/spray-oral-quotidien-de-vitamine-d-dlux-4000-menthe-poivree-naturelle-15-ml\/#breadcrumb"},"inLanguage":"fr-FR","potentialAction":[{"@type":"ReadAction","target":["https:\/\/ecosupplements.be\/fr\/produit\/spray-oral-quotidien-de-vitamine-d-dlux-4000-menthe-poivree-naturelle-15-ml\/"]}]},{"@type":"ImageObject","inLanguage":"fr-FR","@id":"https:\/\/ecosupplements.be\/fr\/produit\/spray-oral-quotidien-de-vitamine-d-dlux-4000-menthe-poivree-naturelle-15-ml\/#primaryimage","url":"https:\/\/ecosupplements.be\/wp-content\/uploads\/2025\/08\/BetterYou-DLux-4000-Daily-Vitamin-D-Oral-Spray-Natural-Peppermint-15-ml-1.jpg","contentUrl":"https:\/\/ecosupplements.be\/wp-content\/uploads\/2025\/08\/BetterYou-DLux-4000-Daily-Vitamin-D-Oral-Spray-Natural-Peppermint-15-ml-1.jpg","width":750,"height":750},{"@type":"BreadcrumbList","@id":"https:\/\/ecosupplements.be\/fr\/produit\/spray-oral-quotidien-de-vitamine-d-dlux-4000-menthe-poivree-naturelle-15-ml\/#breadcrumb","itemListElement":[{"@type":"ListItem","position":1,"name":"Home","item":"https:\/\/ecosupplements.be\/fr\/"},{"@type":"ListItem","position":2,"name":"Boutique","item":"https:\/\/ecosupplements.be\/fr\/boutique\/"},{"@type":"ListItem","position":3,"name":"Spray oral quotidien de vitamine D DLux 4000, menthe poivr\u00e9e naturelle &#8211; 15 ml."}]},{"@type":"WebSite","@id":"https:\/\/ecosupplements.be\/fr\/#website","url":"https:\/\/ecosupplements.be\/fr\/","name":"ECO Supplements","description":"Eco Supplements - Gezonde supplementen","publisher":{"@id":"https:\/\/ecosupplements.be\/fr\/#organization"},"potentialAction":[{"@type":"SearchAction","target":{"@type":"EntryPoint","urlTemplate":"https:\/\/ecosupplements.be\/fr\/?s={search_term_string}"},"query-input":{"@type":"PropertyValueSpecification","valueRequired":true,"valueName":"search_term_string"}}],"inLanguage":"fr-FR"},{"@type":"Organization","@id":"https:\/\/ecosupplements.be\/fr\/#organization","name":"Eco Supplements","url":"https:\/\/ecosupplements.be\/fr\/","logo":{"@type":"ImageObject","inLanguage":"fr-FR","@id":"https:\/\/ecosupplements.be\/fr\/#\/schema\/logo\/image\/","url":"https:\/\/ecosupplements.be\/wp-content\/uploads\/2022\/06\/ecosupplement-family.png","contentUrl":"https:\/\/ecosupplements.be\/wp-content\/uploads\/2022\/06\/ecosupplement-family.png","width":593,"height":374,"caption":"Eco Supplements"},"image":{"@id":"https:\/\/ecosupplements.be\/fr\/#\/schema\/logo\/image\/"}}]},"product_brand":"BetterYou","product_price_amount":"10.30","product_price_currency":"EUR","og_availability":"instock","product_availability":"instock","product_retailer_item_id":"96195529","product_condition":"new"},"_links":{"self":[{"href":"https:\/\/ecosupplements.be\/fr\/wp-json\/wp\/v2\/product\/280398","targetHints":{"allow":["GET"]}}],"collection":[{"href":"https:\/\/ecosupplements.be\/fr\/wp-json\/wp\/v2\/product"}],"about":[{"href":"https:\/\/ecosupplements.be\/fr\/wp-json\/wp\/v2\/types\/product"}],"replies":[{"embeddable":true,"href":"https:\/\/ecosupplements.be\/fr\/wp-json\/wp\/v2\/comments?post=280398"}],"wp:featuredmedia":[{"embeddable":true,"href":"https:\/\/ecosupplements.be\/fr\/wp-json\/wp\/v2\/media\/241880"}],"wp:attachment":[{"href":"https:\/\/ecosupplements.be\/fr\/wp-json\/wp\/v2\/media?parent=280398"}],"wp:term":[{"taxonomy":"product_brand","embeddable":true,"href":"https:\/\/ecosupplements.be\/fr\/wp-json\/wp\/v2\/product_brand?post=280398"},{"taxonomy":"product_cat","embeddable":true,"href":"https:\/\/ecosupplements.be\/fr\/wp-json\/wp\/v2\/product_cat?post=280398"},{"taxonomy":"product_tag","embeddable":true,"href":"https:\/\/ecosupplements.be\/fr\/wp-json\/wp\/v2\/product_tag?post=280398"}],"curies":[{"name":"wp","href":"https:\/\/api.w.org\/{rel}","templated":true}]}}