{"id":280401,"date":"2022-06-28T10:05:32","date_gmt":"2022-06-28T09:05:32","guid":{"rendered":"https:\/\/ecosupplements.be\/product\/spray-oral-quotidien-iron-10-10mg-grenade-25-ml\/"},"modified":"2025-08-27T10:21:50","modified_gmt":"2025-08-27T09:21:50","slug":"spray-oral-quotidien-iron-10-10mg-grenade-25-ml","status":"publish","type":"product","link":"https:\/\/ecosupplements.be\/fr\/produit\/spray-oral-quotidien-iron-10-10mg-grenade-25-ml\/","title":{"rendered":"Spray oral quotidien Iron 10 (10mg), Grenade &#8211; 25 ml."},"content":{"rendered":"<h1 style=\"text-align: center;\">BetterYou &#8211; Fer 10 Spray oral quotidien (10mg)<\/h1>\n<p>Fournissant 10 mg de fer par 4 pulv\u00e9risations, le spray oral Iron 10 a \u00e9t\u00e9 scientifiquement formul\u00e9 pour d\u00e9livrer le fer directement dans la circulation sanguine, en contournant le traitement primaire par l&#8217;intestin. Les minuscules gouttelettes s&#8217;absorbent rapidement dans la membrane buccale de l&#8217;int\u00e9rieur de la joue, assurant une absorption rapide et efficace des nutriments.<\/p>\n<p>Les voies traditionnelles de suppl\u00e9mentation en fer par le biais de comprim\u00e9s, de capsules et de liquides sont notoirement connues pour provoquer des troubles digestifs, le fer \u00e9tant un irritant pour le tube digestif.<\/p>\n<p>Par cons\u00e9quent, ces suppl\u00e9ments de fer traditionnels peuvent provoquer plusieurs effets secondaires n\u00e9gatifs sur l&#8217;organisme, notamment la constipation, les naus\u00e9es, les douleurs d&#8217;estomac, les ballonnements et les br\u00fblures d&#8217;estomac. Un spray oral de fer permet d&#8217;\u00e9viter ces probl\u00e8mes. <\/p>\n<div class=\"facts-container\">\n<\/div>\n<\/p>\n<div class=\"tag-container\"><img decoding=\"async\" src=\"https:\/\/ecosupplements.se\/wp-content\/uploads\/2022\/02\/vegan-1.png\" title=\"Vegan\" alt=\"Vegan\"><img decoding=\"async\" src=\"https:\/\/ecosupplements.se\/wp-content\/uploads\/2022\/02\/vegetarian-1.png\" title=\"V\u00e9g\u00e9tarien\" alt=\"Vegetarian\">\n<\/div>\n","protected":false},"excerpt":{"rendered":"<p>BetterYou &#8211; Fer 10 Spray oral quotidien (10mg) Fournissant 10 mg de fer par 4 pulv\u00e9risations, le spray oral Iron 10 a \u00e9t\u00e9 scientifiquement formul\u00e9 pour d\u00e9livrer le fer directement dans la circulation sanguine, en contournant le traitement primaire par l&#8217;intestin. Les minuscules gouttelettes s&#8217;absorbent rapidement dans la membrane buccale de l&#8217;int\u00e9rieur de la joue, [&#8230;]\n","protected":false},"featured_media":241901,"comment_status":"open","ping_status":"open","template":"","meta":[],"product_brand":[4663],"product_cat":[5076,5077,5064,5053],"product_tag":[],"class_list":{"0":"post-280401","1":"product","2":"type-product","3":"status-publish","4":"has-post-thumbnail","6":"product_brand-betteryou-2","7":"product_cat-complements-en-spray","8":"product_cat-le-fer","9":"product_cat-mineraux-simples","10":"product_cat-vitamines-et-mineraux","12":"first","13":"instock","14":"taxable","15":"shipping-taxable","16":"purchasable","17":"product-type-simple"},"yoast_head":"<!-- This site is optimized with the Yoast SEO Premium plugin v27.5 (Yoast SEO v27.5) - https:\/\/yoast.com\/product\/yoast-seo-premium-wordpress\/ -->\n<title>Spray oral quotidien Iron 10 (10mg), Grenade - 25 ml. - ECO Supplements<\/title>\n<meta name=\"description\" content=\"Wij hebben een ruime keuze aan producten van Spray oral quotidien Iron 10 (10mg), Grenade - 25 ml. . Winkel bij Eco Supplements altijd gratis verzending boven 100\u20ac\" \/>\n<meta name=\"robots\" content=\"index, follow, max-snippet:-1, max-image-preview:large, max-video-preview:-1\" \/>\n<link rel=\"canonical\" href=\"https:\/\/ecosupplements.be\/fr\/produit\/spray-oral-quotidien-iron-10-10mg-grenade-25-ml\/\" \/>\n<meta property=\"og:locale\" content=\"fr_FR\" \/>\n<meta property=\"og:type\" content=\"article\" \/>\n<meta property=\"og:title\" content=\"Spray oral quotidien Iron 10 (10mg), Grenade - 25 ml.\" \/>\n<meta property=\"og:description\" content=\"Wij hebben een ruime keuze aan producten van Spray oral quotidien Iron 10 (10mg), Grenade - 25 ml. . Winkel bij Eco Supplements altijd gratis verzending boven 100\u20ac\" \/>\n<meta property=\"og:url\" content=\"https:\/\/ecosupplements.be\/fr\/produit\/spray-oral-quotidien-iron-10-10mg-grenade-25-ml\/\" \/>\n<meta property=\"og:site_name\" content=\"ECO Supplements\" \/>\n<meta property=\"article:modified_time\" content=\"2025-08-27T09:21:50+00:00\" \/>\n<meta property=\"og:image\" content=\"https:\/\/ecosupplements.be\/wp-content\/uploads\/2025\/08\/BetterYou-Iron-10-Daily-Oral-Spray-10mg-Pomegranate-25-ml-1.jpg\" \/>\n\t<meta property=\"og:image:width\" content=\"750\" \/>\n\t<meta property=\"og:image:height\" content=\"750\" \/>\n\t<meta property=\"og:image:type\" content=\"image\/jpeg\" \/>\n<meta name=\"twitter:card\" content=\"summary_large_image\" \/>\n<meta name=\"twitter:label1\" content=\"Prix\" \/>\n\t<meta name=\"twitter:data1\" content=\"15.67&nbsp;&euro;\" \/>\n\t<meta name=\"twitter:label2\" content=\"Disponibilit\u00e9\" \/>\n\t<meta name=\"twitter:data2\" content=\"En stock\" \/>\n<script type=\"application\/ld+json\" class=\"yoast-schema-graph\">{\"@context\":\"https:\\\/\\\/schema.org\",\"@graph\":[{\"@type\":[\"WebPage\",\"ItemPage\"],\"@id\":\"https:\\\/\\\/ecosupplements.be\\\/fr\\\/produit\\\/spray-oral-quotidien-iron-10-10mg-grenade-25-ml\\\/\",\"url\":\"https:\\\/\\\/ecosupplements.be\\\/fr\\\/produit\\\/spray-oral-quotidien-iron-10-10mg-grenade-25-ml\\\/\",\"name\":\"Spray oral quotidien Iron 10 (10mg), Grenade - 25 ml. - ECO Supplements\",\"isPartOf\":{\"@id\":\"https:\\\/\\\/ecosupplements.be\\\/fr\\\/#website\"},\"primaryImageOfPage\":{\"@id\":\"https:\\\/\\\/ecosupplements.be\\\/fr\\\/produit\\\/spray-oral-quotidien-iron-10-10mg-grenade-25-ml\\\/#primaryimage\"},\"image\":{\"@id\":\"https:\\\/\\\/ecosupplements.be\\\/fr\\\/produit\\\/spray-oral-quotidien-iron-10-10mg-grenade-25-ml\\\/#primaryimage\"},\"thumbnailUrl\":\"https:\\\/\\\/ecosupplements.be\\\/wp-content\\\/uploads\\\/2025\\\/08\\\/BetterYou-Iron-10-Daily-Oral-Spray-10mg-Pomegranate-25-ml-1.jpg\",\"datePublished\":\"2022-06-28T09:05:32+00:00\",\"dateModified\":\"2025-08-27T09:21:50+00:00\",\"description\":\"Wij hebben een ruime keuze aan producten van Spray oral quotidien Iron 10 (10mg), Grenade - 25 ml. . Winkel bij Eco Supplements altijd gratis verzending boven 100\u20ac\",\"breadcrumb\":{\"@id\":\"https:\\\/\\\/ecosupplements.be\\\/fr\\\/produit\\\/spray-oral-quotidien-iron-10-10mg-grenade-25-ml\\\/#breadcrumb\"},\"inLanguage\":\"fr-FR\",\"potentialAction\":[{\"@type\":\"ReadAction\",\"target\":[\"https:\\\/\\\/ecosupplements.be\\\/fr\\\/produit\\\/spray-oral-quotidien-iron-10-10mg-grenade-25-ml\\\/\"]}]},{\"@type\":\"ImageObject\",\"inLanguage\":\"fr-FR\",\"@id\":\"https:\\\/\\\/ecosupplements.be\\\/fr\\\/produit\\\/spray-oral-quotidien-iron-10-10mg-grenade-25-ml\\\/#primaryimage\",\"url\":\"https:\\\/\\\/ecosupplements.be\\\/wp-content\\\/uploads\\\/2025\\\/08\\\/BetterYou-Iron-10-Daily-Oral-Spray-10mg-Pomegranate-25-ml-1.jpg\",\"contentUrl\":\"https:\\\/\\\/ecosupplements.be\\\/wp-content\\\/uploads\\\/2025\\\/08\\\/BetterYou-Iron-10-Daily-Oral-Spray-10mg-Pomegranate-25-ml-1.jpg\",\"width\":750,\"height\":750},{\"@type\":\"BreadcrumbList\",\"@id\":\"https:\\\/\\\/ecosupplements.be\\\/fr\\\/produit\\\/spray-oral-quotidien-iron-10-10mg-grenade-25-ml\\\/#breadcrumb\",\"itemListElement\":[{\"@type\":\"ListItem\",\"position\":1,\"name\":\"Home\",\"item\":\"https:\\\/\\\/ecosupplements.be\\\/fr\\\/\"},{\"@type\":\"ListItem\",\"position\":2,\"name\":\"Boutique\",\"item\":\"https:\\\/\\\/ecosupplements.be\\\/fr\\\/boutique\\\/\"},{\"@type\":\"ListItem\",\"position\":3,\"name\":\"Spray oral quotidien Iron 10 (10mg), Grenade &#8211; 25 ml.\"}]},{\"@type\":\"WebSite\",\"@id\":\"https:\\\/\\\/ecosupplements.be\\\/fr\\\/#website\",\"url\":\"https:\\\/\\\/ecosupplements.be\\\/fr\\\/\",\"name\":\"ECO Supplements\",\"description\":\"Eco Supplements - Gezonde supplementen\",\"publisher\":{\"@id\":\"https:\\\/\\\/ecosupplements.be\\\/fr\\\/#organization\"},\"potentialAction\":[{\"@type\":\"SearchAction\",\"target\":{\"@type\":\"EntryPoint\",\"urlTemplate\":\"https:\\\/\\\/ecosupplements.be\\\/fr\\\/?s={search_term_string}\"},\"query-input\":{\"@type\":\"PropertyValueSpecification\",\"valueRequired\":true,\"valueName\":\"search_term_string\"}}],\"inLanguage\":\"fr-FR\"},{\"@type\":\"Organization\",\"@id\":\"https:\\\/\\\/ecosupplements.be\\\/fr\\\/#organization\",\"name\":\"Eco Supplements\",\"url\":\"https:\\\/\\\/ecosupplements.be\\\/fr\\\/\",\"logo\":{\"@type\":\"ImageObject\",\"inLanguage\":\"fr-FR\",\"@id\":\"https:\\\/\\\/ecosupplements.be\\\/fr\\\/#\\\/schema\\\/logo\\\/image\\\/\",\"url\":\"https:\\\/\\\/ecosupplements.be\\\/wp-content\\\/uploads\\\/2022\\\/06\\\/ecosupplement-family.png\",\"contentUrl\":\"https:\\\/\\\/ecosupplements.be\\\/wp-content\\\/uploads\\\/2022\\\/06\\\/ecosupplement-family.png\",\"width\":593,\"height\":374,\"caption\":\"Eco Supplements\"},\"image\":{\"@id\":\"https:\\\/\\\/ecosupplements.be\\\/fr\\\/#\\\/schema\\\/logo\\\/image\\\/\"}}]}<\/script>\n<meta property=\"product:brand\" content=\"BetterYou\" \/>\n<meta property=\"product:price:amount\" content=\"15.67\" \/>\n<meta property=\"product:price:currency\" content=\"EUR\" \/>\n<meta property=\"og:availability\" content=\"instock\" \/>\n<meta property=\"product:availability\" content=\"instock\" \/>\n<meta property=\"product:retailer_item_id\" content=\"96188620\" \/>\n<meta property=\"product:condition\" content=\"new\" \/>\n<!-- \/ Yoast SEO Premium plugin. -->","yoast_head_json":{"title":"Spray oral quotidien Iron 10 (10mg), Grenade - 25 ml. - ECO Supplements","description":"Wij hebben een ruime keuze aan producten van Spray oral quotidien Iron 10 (10mg), Grenade - 25 ml. . Winkel bij Eco Supplements altijd gratis verzending boven 100\u20ac","robots":{"index":"index","follow":"follow","max-snippet":"max-snippet:-1","max-image-preview":"max-image-preview:large","max-video-preview":"max-video-preview:-1"},"canonical":"https:\/\/ecosupplements.be\/fr\/produit\/spray-oral-quotidien-iron-10-10mg-grenade-25-ml\/","og_locale":"fr_FR","og_type":"article","og_title":"Spray oral quotidien Iron 10 (10mg), Grenade - 25 ml.","og_description":"Wij hebben een ruime keuze aan producten van Spray oral quotidien Iron 10 (10mg), Grenade - 25 ml. . Winkel bij Eco Supplements altijd gratis verzending boven 100\u20ac","og_url":"https:\/\/ecosupplements.be\/fr\/produit\/spray-oral-quotidien-iron-10-10mg-grenade-25-ml\/","og_site_name":"ECO Supplements","article_modified_time":"2025-08-27T09:21:50+00:00","og_image":[{"width":750,"height":750,"url":"https:\/\/ecosupplements.be\/wp-content\/uploads\/2025\/08\/BetterYou-Iron-10-Daily-Oral-Spray-10mg-Pomegranate-25-ml-1.jpg","type":"image\/jpeg"}],"twitter_card":"summary_large_image","twitter_misc":{"Prix":"15.67&nbsp;&euro;","Disponibilit\u00e9":"En stock"},"schema":{"@context":"https:\/\/schema.org","@graph":[{"@type":["WebPage","ItemPage"],"@id":"https:\/\/ecosupplements.be\/fr\/produit\/spray-oral-quotidien-iron-10-10mg-grenade-25-ml\/","url":"https:\/\/ecosupplements.be\/fr\/produit\/spray-oral-quotidien-iron-10-10mg-grenade-25-ml\/","name":"Spray oral quotidien Iron 10 (10mg), Grenade - 25 ml. - ECO Supplements","isPartOf":{"@id":"https:\/\/ecosupplements.be\/fr\/#website"},"primaryImageOfPage":{"@id":"https:\/\/ecosupplements.be\/fr\/produit\/spray-oral-quotidien-iron-10-10mg-grenade-25-ml\/#primaryimage"},"image":{"@id":"https:\/\/ecosupplements.be\/fr\/produit\/spray-oral-quotidien-iron-10-10mg-grenade-25-ml\/#primaryimage"},"thumbnailUrl":"https:\/\/ecosupplements.be\/wp-content\/uploads\/2025\/08\/BetterYou-Iron-10-Daily-Oral-Spray-10mg-Pomegranate-25-ml-1.jpg","datePublished":"2022-06-28T09:05:32+00:00","dateModified":"2025-08-27T09:21:50+00:00","description":"Wij hebben een ruime keuze aan producten van Spray oral quotidien Iron 10 (10mg), Grenade - 25 ml. . Winkel bij Eco Supplements altijd gratis verzending boven 100\u20ac","breadcrumb":{"@id":"https:\/\/ecosupplements.be\/fr\/produit\/spray-oral-quotidien-iron-10-10mg-grenade-25-ml\/#breadcrumb"},"inLanguage":"fr-FR","potentialAction":[{"@type":"ReadAction","target":["https:\/\/ecosupplements.be\/fr\/produit\/spray-oral-quotidien-iron-10-10mg-grenade-25-ml\/"]}]},{"@type":"ImageObject","inLanguage":"fr-FR","@id":"https:\/\/ecosupplements.be\/fr\/produit\/spray-oral-quotidien-iron-10-10mg-grenade-25-ml\/#primaryimage","url":"https:\/\/ecosupplements.be\/wp-content\/uploads\/2025\/08\/BetterYou-Iron-10-Daily-Oral-Spray-10mg-Pomegranate-25-ml-1.jpg","contentUrl":"https:\/\/ecosupplements.be\/wp-content\/uploads\/2025\/08\/BetterYou-Iron-10-Daily-Oral-Spray-10mg-Pomegranate-25-ml-1.jpg","width":750,"height":750},{"@type":"BreadcrumbList","@id":"https:\/\/ecosupplements.be\/fr\/produit\/spray-oral-quotidien-iron-10-10mg-grenade-25-ml\/#breadcrumb","itemListElement":[{"@type":"ListItem","position":1,"name":"Home","item":"https:\/\/ecosupplements.be\/fr\/"},{"@type":"ListItem","position":2,"name":"Boutique","item":"https:\/\/ecosupplements.be\/fr\/boutique\/"},{"@type":"ListItem","position":3,"name":"Spray oral quotidien Iron 10 (10mg), Grenade &#8211; 25 ml."}]},{"@type":"WebSite","@id":"https:\/\/ecosupplements.be\/fr\/#website","url":"https:\/\/ecosupplements.be\/fr\/","name":"ECO Supplements","description":"Eco Supplements - Gezonde supplementen","publisher":{"@id":"https:\/\/ecosupplements.be\/fr\/#organization"},"potentialAction":[{"@type":"SearchAction","target":{"@type":"EntryPoint","urlTemplate":"https:\/\/ecosupplements.be\/fr\/?s={search_term_string}"},"query-input":{"@type":"PropertyValueSpecification","valueRequired":true,"valueName":"search_term_string"}}],"inLanguage":"fr-FR"},{"@type":"Organization","@id":"https:\/\/ecosupplements.be\/fr\/#organization","name":"Eco Supplements","url":"https:\/\/ecosupplements.be\/fr\/","logo":{"@type":"ImageObject","inLanguage":"fr-FR","@id":"https:\/\/ecosupplements.be\/fr\/#\/schema\/logo\/image\/","url":"https:\/\/ecosupplements.be\/wp-content\/uploads\/2022\/06\/ecosupplement-family.png","contentUrl":"https:\/\/ecosupplements.be\/wp-content\/uploads\/2022\/06\/ecosupplement-family.png","width":593,"height":374,"caption":"Eco Supplements"},"image":{"@id":"https:\/\/ecosupplements.be\/fr\/#\/schema\/logo\/image\/"}}]},"product_brand":"BetterYou","product_price_amount":"15.67","product_price_currency":"EUR","og_availability":"instock","product_availability":"instock","product_retailer_item_id":"96188620","product_condition":"new"},"_links":{"self":[{"href":"https:\/\/ecosupplements.be\/fr\/wp-json\/wp\/v2\/product\/280401","targetHints":{"allow":["GET"]}}],"collection":[{"href":"https:\/\/ecosupplements.be\/fr\/wp-json\/wp\/v2\/product"}],"about":[{"href":"https:\/\/ecosupplements.be\/fr\/wp-json\/wp\/v2\/types\/product"}],"replies":[{"embeddable":true,"href":"https:\/\/ecosupplements.be\/fr\/wp-json\/wp\/v2\/comments?post=280401"}],"wp:featuredmedia":[{"embeddable":true,"href":"https:\/\/ecosupplements.be\/fr\/wp-json\/wp\/v2\/media\/241901"}],"wp:attachment":[{"href":"https:\/\/ecosupplements.be\/fr\/wp-json\/wp\/v2\/media?parent=280401"}],"wp:term":[{"taxonomy":"product_brand","embeddable":true,"href":"https:\/\/ecosupplements.be\/fr\/wp-json\/wp\/v2\/product_brand?post=280401"},{"taxonomy":"product_cat","embeddable":true,"href":"https:\/\/ecosupplements.be\/fr\/wp-json\/wp\/v2\/product_cat?post=280401"},{"taxonomy":"product_tag","embeddable":true,"href":"https:\/\/ecosupplements.be\/fr\/wp-json\/wp\/v2\/product_tag?post=280401"}],"curies":[{"name":"wp","href":"https:\/\/api.w.org\/{rel}","templated":true}]}}