{"id":280404,"date":"2022-06-28T10:05:42","date_gmt":"2022-06-28T09:05:42","guid":{"rendered":"https:\/\/ecosupplements.be\/product\/flocons-de-magnesium-250g\/"},"modified":"2025-08-27T10:21:59","modified_gmt":"2025-08-27T09:21:59","slug":"flocons-de-magnesium-250g","status":"publish","type":"product","link":"https:\/\/ecosupplements.be\/fr\/produit\/flocons-de-magnesium-250g\/","title":{"rendered":"Flocons de magn\u00e9sium &#8211; 250g"},"content":{"rendered":"<h1 style=\"text-align: center\">BetterYou &#8211; Flocons de magn\u00e9sium<\/h1>\n<p>Les flocons de magn\u00e9sium BetterYou sont id\u00e9aux pour r\u00e9approvisionner le corps en ce min\u00e9ral essentiel, favorisant le bien-\u00eatre g\u00e9n\u00e9ral, contribuant \u00e0 la sant\u00e9 de la peau et d\u00e9tendant les muscles, soulageant efficacement les tensions et les raideurs.<\/p>\n<p>Flocons de chlorure de magn\u00e9sium pur Zechstein Inside<br \/>Aide \u00e0 la sant\u00e9 de la peau et des os<br \/>Aide \u00e0 soulager les tensions musculaires<br \/>Nettoyage, purification et renouvellement<br \/>Convient \u00e0 tous les \u00e2ges et pendant la grossesse<\/p>\n<p>Prendre un bain riche en magn\u00e9sium permet une exposition de tout le corps \u00e0 une solution concentr\u00e9e de chlorure de magn\u00e9sium. Il s&#8217;agit d&#8217;une m\u00e9thode de suppl\u00e9mentation douce et efficace.<\/p>\n<p>Pourquoi des flocons de magn\u00e9sium ?<br \/>Le magn\u00e9sium est crucial pour le bien-\u00eatre g\u00e9n\u00e9ral et a plus de 300 r\u00e9actions dans le corps, notamment l&#8217;absorption du calcium et la normalisation de la fonction musculaire, l&#8217;am\u00e9lioration de la sant\u00e9 des os et de la peau, l&#8217;aide \u00e0 la r\u00e9cup\u00e9ration musculaire et la promotion de la relaxation et du sommeil r\u00e9parateur.<\/p>\n<p>Comment fonctionnent les suppl\u00e9ments transdermiques de magn\u00e9sium :<\/p>\n<p>Lorsqu&#8217;ils sont ajout\u00e9s \u00e0 un bain, les flocons de magn\u00e9sium BetterYou sont absorb\u00e9s par l&#8217;\u00e9piderme hautement poreux et par les vaisseaux sanguins et les muscles situ\u00e9s en dessous. En contournant compl\u00e8tement le syst\u00e8me digestif o\u00f9 de nombreux nutriments ne sont pas absorb\u00e9s. Le magn\u00e9sium transdermique offre une m\u00e9thode simple et scientifiquement prouv\u00e9e de suppl\u00e9mentation en magn\u00e9sium.<\/p>\n<p>Le mode d&#8217;administration sensible et la puret\u00e9 des flocons de magn\u00e9sium BetterYou font qu&#8217;ils peuvent \u00eatre utilis\u00e9s par tout le monde. Cette m\u00e9thode de suppl\u00e9mentation en magn\u00e9sium convient pendant la grossesse et l&#8217;allaitement, pour les enfants et pour les personnes suivant des r\u00e9gimes diab\u00e9tiques, c\u0153liaques, v\u00e9g\u00e9taliens et v\u00e9g\u00e9tariens.<\/p>\n<p>Qualit\u00e9 sup\u00e9rieure du magn\u00e9sium<\/p>\n<p>Contient 100% ingr\u00e9dients naturels, offrant une source naturellement pure de chlorure de magn\u00e9sium Zechstein Inside. Extrait dans le nord de la Hollande d&#8217;un filon situ\u00e9 \u00e0 un kilom\u00e8tre sous terre, notre chlorure de magn\u00e9sium a \u00e9t\u00e9 naturellement condens\u00e9 et purifi\u00e9 pendant plus de 250 millions d&#8217;ann\u00e9es. Exempt de polluants d&#8217;origine humaine et de m\u00e9taux lourds, le chlorure de magn\u00e9sium Zechstein Inside garantit un produit naturellement pur.<\/p>\n<p><strong>Ingr\u00e9dients :<\/strong><br \/>Flocons de chlorure de magn\u00e9sium hexahydrat\u00e9 (concentration de 47% MgCl2).<\/p>\n<p><strong>Directions :<\/strong><br \/>Bain de pieds : Ajoutez 150 g de flocons de chlorure de magn\u00e9sium (environ 1 tasse) \u00e0 environ 5 litres d&#8217;eau, suffisamment pour couvrir vos pieds. Asseyez-vous et d\u00e9tendez-vous pendant 20 minutes.<br \/>Bain : Ajoutez 250g de flocons de chlorure de magn\u00e9sium (environ 2 tasses) par bain. Allongez-vous et d\u00e9tendez-vous pendant 20 minutes. Augmentez le dosage pour un traitement plus intensif ou apr\u00e8s de longues p\u00e9riodes d&#8217;exercice.<br \/>Il est recommand\u00e9 de prendre un bain de magn\u00e9sium 2 \u00e0 3 fois par semaine. Votre peau sera agr\u00e9able, lisse et souple.<\/p>\n<div class=\"facts-container\">\n<\/div>\n","protected":false},"excerpt":{"rendered":"<p>BetterYou &#8211; Flocons de magn\u00e9sium Les flocons de magn\u00e9sium BetterYou sont id\u00e9aux pour r\u00e9approvisionner le corps en ce min\u00e9ral essentiel, favorisant le bien-\u00eatre g\u00e9n\u00e9ral, contribuant \u00e0 la sant\u00e9 de la peau et d\u00e9tendant les muscles, soulageant efficacement les tensions et les raideurs. Flocons de chlorure de magn\u00e9sium pur Zechstein InsideAide \u00e0 la sant\u00e9 de la [&#8230;]\n","protected":false},"featured_media":241916,"comment_status":"open","ping_status":"open","template":"","meta":[],"product_brand":[4663],"product_cat":[5114,5066,5064,5053],"product_tag":[],"class_list":{"0":"post-280404","1":"product","2":"type-product","3":"status-publish","4":"has-post-thumbnail","6":"product_brand-betteryou-2","7":"product_cat-beaute","8":"product_cat-magnesium-mineraux-simples","9":"product_cat-mineraux-simples","10":"product_cat-vitamines-et-mineraux","12":"first","13":"instock","14":"taxable","15":"shipping-taxable","16":"purchasable","17":"product-type-simple"},"yoast_head":"<!-- This site is optimized with the Yoast SEO Premium plugin v27.3 (Yoast SEO v27.3) - https:\/\/yoast.com\/product\/yoast-seo-premium-wordpress\/ -->\n<title>Flocons de magn\u00e9sium - 250g - ECO Supplements<\/title>\n<meta name=\"description\" content=\"Wij hebben een ruime keuze aan producten van Flocons de magn\u00e9sium - 250g . Winkel bij Eco Supplements altijd gratis verzending boven 100\u20ac\" \/>\n<meta name=\"robots\" content=\"index, follow, max-snippet:-1, max-image-preview:large, max-video-preview:-1\" \/>\n<link rel=\"canonical\" href=\"https:\/\/ecosupplements.be\/fr\/produit\/flocons-de-magnesium-250g\/\" \/>\n<meta property=\"og:locale\" content=\"fr_FR\" \/>\n<meta property=\"og:type\" content=\"article\" \/>\n<meta property=\"og:title\" content=\"Flocons de magn\u00e9sium - 250g\" \/>\n<meta property=\"og:description\" content=\"Wij hebben een ruime keuze aan producten van Flocons de magn\u00e9sium - 250g . Winkel bij Eco Supplements altijd gratis verzending boven 100\u20ac\" \/>\n<meta property=\"og:url\" content=\"https:\/\/ecosupplements.be\/fr\/produit\/flocons-de-magnesium-250g\/\" \/>\n<meta property=\"og:site_name\" content=\"ECO Supplements\" \/>\n<meta property=\"article:modified_time\" content=\"2025-08-27T09:21:59+00:00\" \/>\n<meta property=\"og:image\" content=\"https:\/\/ecosupplements.be\/wp-content\/uploads\/2025\/08\/BetterYou-Magnesium-Flakes-250-grams.jpg\" \/>\n\t<meta property=\"og:image:width\" content=\"750\" \/>\n\t<meta property=\"og:image:height\" content=\"750\" \/>\n\t<meta property=\"og:image:type\" content=\"image\/jpeg\" \/>\n<meta name=\"twitter:card\" content=\"summary_large_image\" \/>\n<meta name=\"twitter:label1\" content=\"Prix\" \/>\n\t<meta name=\"twitter:data1\" content=\"5.91&nbsp;&euro;\" \/>\n\t<meta name=\"twitter:label2\" content=\"Disponibilit\u00e9\" \/>\n\t<meta name=\"twitter:data2\" content=\"En stock\" \/>\n<script type=\"application\/ld+json\" class=\"yoast-schema-graph\">{\"@context\":\"https:\\\/\\\/schema.org\",\"@graph\":[{\"@type\":[\"WebPage\",\"ItemPage\"],\"@id\":\"https:\\\/\\\/ecosupplements.be\\\/fr\\\/produit\\\/flocons-de-magnesium-250g\\\/\",\"url\":\"https:\\\/\\\/ecosupplements.be\\\/fr\\\/produit\\\/flocons-de-magnesium-250g\\\/\",\"name\":\"Flocons de magn\u00e9sium - 250g - ECO Supplements\",\"isPartOf\":{\"@id\":\"https:\\\/\\\/ecosupplements.be\\\/fr\\\/#website\"},\"primaryImageOfPage\":{\"@id\":\"https:\\\/\\\/ecosupplements.be\\\/fr\\\/produit\\\/flocons-de-magnesium-250g\\\/#primaryimage\"},\"image\":{\"@id\":\"https:\\\/\\\/ecosupplements.be\\\/fr\\\/produit\\\/flocons-de-magnesium-250g\\\/#primaryimage\"},\"thumbnailUrl\":\"https:\\\/\\\/ecosupplements.be\\\/wp-content\\\/uploads\\\/2025\\\/08\\\/BetterYou-Magnesium-Flakes-250-grams-1.jpg\",\"datePublished\":\"2022-06-28T09:05:42+00:00\",\"dateModified\":\"2025-08-27T09:21:59+00:00\",\"description\":\"Wij hebben een ruime keuze aan producten van Flocons de magn\u00e9sium - 250g . Winkel bij Eco Supplements altijd gratis verzending boven 100\u20ac\",\"breadcrumb\":{\"@id\":\"https:\\\/\\\/ecosupplements.be\\\/fr\\\/produit\\\/flocons-de-magnesium-250g\\\/#breadcrumb\"},\"inLanguage\":\"fr-FR\",\"potentialAction\":[{\"@type\":\"ReadAction\",\"target\":[\"https:\\\/\\\/ecosupplements.be\\\/fr\\\/produit\\\/flocons-de-magnesium-250g\\\/\"]}]},{\"@type\":\"ImageObject\",\"inLanguage\":\"fr-FR\",\"@id\":\"https:\\\/\\\/ecosupplements.be\\\/fr\\\/produit\\\/flocons-de-magnesium-250g\\\/#primaryimage\",\"url\":\"https:\\\/\\\/ecosupplements.be\\\/wp-content\\\/uploads\\\/2025\\\/08\\\/BetterYou-Magnesium-Flakes-250-grams-1.jpg\",\"contentUrl\":\"https:\\\/\\\/ecosupplements.be\\\/wp-content\\\/uploads\\\/2025\\\/08\\\/BetterYou-Magnesium-Flakes-250-grams-1.jpg\",\"width\":750,\"height\":750},{\"@type\":\"BreadcrumbList\",\"@id\":\"https:\\\/\\\/ecosupplements.be\\\/fr\\\/produit\\\/flocons-de-magnesium-250g\\\/#breadcrumb\",\"itemListElement\":[{\"@type\":\"ListItem\",\"position\":1,\"name\":\"Home\",\"item\":\"https:\\\/\\\/ecosupplements.be\\\/fr\\\/\"},{\"@type\":\"ListItem\",\"position\":2,\"name\":\"Boutique\",\"item\":\"https:\\\/\\\/ecosupplements.be\\\/fr\\\/boutique\\\/\"},{\"@type\":\"ListItem\",\"position\":3,\"name\":\"Flocons de magn\u00e9sium &#8211; 250g\"}]},{\"@type\":\"WebSite\",\"@id\":\"https:\\\/\\\/ecosupplements.be\\\/fr\\\/#website\",\"url\":\"https:\\\/\\\/ecosupplements.be\\\/fr\\\/\",\"name\":\"ECO Supplements\",\"description\":\"Eco Supplements - Gezonde supplementen\",\"publisher\":{\"@id\":\"https:\\\/\\\/ecosupplements.be\\\/fr\\\/#organization\"},\"potentialAction\":[{\"@type\":\"SearchAction\",\"target\":{\"@type\":\"EntryPoint\",\"urlTemplate\":\"https:\\\/\\\/ecosupplements.be\\\/fr\\\/?s={search_term_string}\"},\"query-input\":{\"@type\":\"PropertyValueSpecification\",\"valueRequired\":true,\"valueName\":\"search_term_string\"}}],\"inLanguage\":\"fr-FR\"},{\"@type\":\"Organization\",\"@id\":\"https:\\\/\\\/ecosupplements.be\\\/fr\\\/#organization\",\"name\":\"Eco Supplements\",\"url\":\"https:\\\/\\\/ecosupplements.be\\\/fr\\\/\",\"logo\":{\"@type\":\"ImageObject\",\"inLanguage\":\"fr-FR\",\"@id\":\"https:\\\/\\\/ecosupplements.be\\\/fr\\\/#\\\/schema\\\/logo\\\/image\\\/\",\"url\":\"https:\\\/\\\/ecosupplements.be\\\/wp-content\\\/uploads\\\/2022\\\/06\\\/ecosupplement-family.png\",\"contentUrl\":\"https:\\\/\\\/ecosupplements.be\\\/wp-content\\\/uploads\\\/2022\\\/06\\\/ecosupplement-family.png\",\"width\":593,\"height\":374,\"caption\":\"Eco Supplements\"},\"image\":{\"@id\":\"https:\\\/\\\/ecosupplements.be\\\/fr\\\/#\\\/schema\\\/logo\\\/image\\\/\"}}]}<\/script>\n<meta property=\"product:brand\" content=\"BetterYou\" \/>\n<meta property=\"product:price:amount\" content=\"5.91\" \/>\n<meta property=\"product:price:currency\" content=\"EUR\" \/>\n<meta property=\"og:availability\" content=\"instock\" \/>\n<meta property=\"product:availability\" content=\"instock\" \/>\n<meta property=\"product:retailer_item_id\" content=\"5060148520575\" \/>\n<meta property=\"product:condition\" content=\"new\" \/>\n<!-- \/ Yoast SEO Premium plugin. -->","yoast_head_json":{"title":"Flocons de magn\u00e9sium - 250g - ECO Supplements","description":"Wij hebben een ruime keuze aan producten van Flocons de magn\u00e9sium - 250g . Winkel bij Eco Supplements altijd gratis verzending boven 100\u20ac","robots":{"index":"index","follow":"follow","max-snippet":"max-snippet:-1","max-image-preview":"max-image-preview:large","max-video-preview":"max-video-preview:-1"},"canonical":"https:\/\/ecosupplements.be\/fr\/produit\/flocons-de-magnesium-250g\/","og_locale":"fr_FR","og_type":"article","og_title":"Flocons de magn\u00e9sium - 250g","og_description":"Wij hebben een ruime keuze aan producten van Flocons de magn\u00e9sium - 250g . Winkel bij Eco Supplements altijd gratis verzending boven 100\u20ac","og_url":"https:\/\/ecosupplements.be\/fr\/produit\/flocons-de-magnesium-250g\/","og_site_name":"ECO Supplements","article_modified_time":"2025-08-27T09:21:59+00:00","og_image":[{"width":750,"height":750,"url":"https:\/\/ecosupplements.be\/wp-content\/uploads\/2025\/08\/BetterYou-Magnesium-Flakes-250-grams.jpg","type":"image\/jpeg"}],"twitter_card":"summary_large_image","twitter_misc":{"Prix":"5.91&nbsp;&euro;","Disponibilit\u00e9":"En stock"},"schema":{"@context":"https:\/\/schema.org","@graph":[{"@type":["WebPage","ItemPage"],"@id":"https:\/\/ecosupplements.be\/fr\/produit\/flocons-de-magnesium-250g\/","url":"https:\/\/ecosupplements.be\/fr\/produit\/flocons-de-magnesium-250g\/","name":"Flocons de magn\u00e9sium - 250g - ECO Supplements","isPartOf":{"@id":"https:\/\/ecosupplements.be\/fr\/#website"},"primaryImageOfPage":{"@id":"https:\/\/ecosupplements.be\/fr\/produit\/flocons-de-magnesium-250g\/#primaryimage"},"image":{"@id":"https:\/\/ecosupplements.be\/fr\/produit\/flocons-de-magnesium-250g\/#primaryimage"},"thumbnailUrl":"https:\/\/ecosupplements.be\/wp-content\/uploads\/2025\/08\/BetterYou-Magnesium-Flakes-250-grams-1.jpg","datePublished":"2022-06-28T09:05:42+00:00","dateModified":"2025-08-27T09:21:59+00:00","description":"Wij hebben een ruime keuze aan producten van Flocons de magn\u00e9sium - 250g . Winkel bij Eco Supplements altijd gratis verzending boven 100\u20ac","breadcrumb":{"@id":"https:\/\/ecosupplements.be\/fr\/produit\/flocons-de-magnesium-250g\/#breadcrumb"},"inLanguage":"fr-FR","potentialAction":[{"@type":"ReadAction","target":["https:\/\/ecosupplements.be\/fr\/produit\/flocons-de-magnesium-250g\/"]}]},{"@type":"ImageObject","inLanguage":"fr-FR","@id":"https:\/\/ecosupplements.be\/fr\/produit\/flocons-de-magnesium-250g\/#primaryimage","url":"https:\/\/ecosupplements.be\/wp-content\/uploads\/2025\/08\/BetterYou-Magnesium-Flakes-250-grams-1.jpg","contentUrl":"https:\/\/ecosupplements.be\/wp-content\/uploads\/2025\/08\/BetterYou-Magnesium-Flakes-250-grams-1.jpg","width":750,"height":750},{"@type":"BreadcrumbList","@id":"https:\/\/ecosupplements.be\/fr\/produit\/flocons-de-magnesium-250g\/#breadcrumb","itemListElement":[{"@type":"ListItem","position":1,"name":"Home","item":"https:\/\/ecosupplements.be\/fr\/"},{"@type":"ListItem","position":2,"name":"Boutique","item":"https:\/\/ecosupplements.be\/fr\/boutique\/"},{"@type":"ListItem","position":3,"name":"Flocons de magn\u00e9sium &#8211; 250g"}]},{"@type":"WebSite","@id":"https:\/\/ecosupplements.be\/fr\/#website","url":"https:\/\/ecosupplements.be\/fr\/","name":"ECO Supplements","description":"Eco Supplements - Gezonde supplementen","publisher":{"@id":"https:\/\/ecosupplements.be\/fr\/#organization"},"potentialAction":[{"@type":"SearchAction","target":{"@type":"EntryPoint","urlTemplate":"https:\/\/ecosupplements.be\/fr\/?s={search_term_string}"},"query-input":{"@type":"PropertyValueSpecification","valueRequired":true,"valueName":"search_term_string"}}],"inLanguage":"fr-FR"},{"@type":"Organization","@id":"https:\/\/ecosupplements.be\/fr\/#organization","name":"Eco Supplements","url":"https:\/\/ecosupplements.be\/fr\/","logo":{"@type":"ImageObject","inLanguage":"fr-FR","@id":"https:\/\/ecosupplements.be\/fr\/#\/schema\/logo\/image\/","url":"https:\/\/ecosupplements.be\/wp-content\/uploads\/2022\/06\/ecosupplement-family.png","contentUrl":"https:\/\/ecosupplements.be\/wp-content\/uploads\/2022\/06\/ecosupplement-family.png","width":593,"height":374,"caption":"Eco Supplements"},"image":{"@id":"https:\/\/ecosupplements.be\/fr\/#\/schema\/logo\/image\/"}}]},"product_brand":"BetterYou","product_price_amount":"5.91","product_price_currency":"EUR","og_availability":"instock","product_availability":"instock","product_retailer_item_id":"5060148520575","product_condition":"new"},"_links":{"self":[{"href":"https:\/\/ecosupplements.be\/fr\/wp-json\/wp\/v2\/product\/280404","targetHints":{"allow":["GET"]}}],"collection":[{"href":"https:\/\/ecosupplements.be\/fr\/wp-json\/wp\/v2\/product"}],"about":[{"href":"https:\/\/ecosupplements.be\/fr\/wp-json\/wp\/v2\/types\/product"}],"replies":[{"embeddable":true,"href":"https:\/\/ecosupplements.be\/fr\/wp-json\/wp\/v2\/comments?post=280404"}],"wp:featuredmedia":[{"embeddable":true,"href":"https:\/\/ecosupplements.be\/fr\/wp-json\/wp\/v2\/media\/241916"}],"wp:attachment":[{"href":"https:\/\/ecosupplements.be\/fr\/wp-json\/wp\/v2\/media?parent=280404"}],"wp:term":[{"taxonomy":"product_brand","embeddable":true,"href":"https:\/\/ecosupplements.be\/fr\/wp-json\/wp\/v2\/product_brand?post=280404"},{"taxonomy":"product_cat","embeddable":true,"href":"https:\/\/ecosupplements.be\/fr\/wp-json\/wp\/v2\/product_cat?post=280404"},{"taxonomy":"product_tag","embeddable":true,"href":"https:\/\/ecosupplements.be\/fr\/wp-json\/wp\/v2\/product_tag?post=280404"}],"curies":[{"name":"wp","href":"https:\/\/api.w.org\/{rel}","templated":true}]}}