{"id":280409,"date":"2022-06-28T10:05:42","date_gmt":"2022-06-28T09:05:42","guid":{"rendered":"https:\/\/ecosupplements.be\/product\/spray-pour-articulations-a-lhuile-de-magnesium-100-ml\/"},"modified":"2025-08-27T10:22:21","modified_gmt":"2025-08-27T09:22:21","slug":"spray-pour-articulations-a-lhuile-de-magnesium-100-ml","status":"publish","type":"product","link":"https:\/\/ecosupplements.be\/fr\/produit\/spray-pour-articulations-a-lhuile-de-magnesium-100-ml\/","title":{"rendered":"Spray pour articulations \u00e0 l&#8217;huile de magn\u00e9sium &#8211; 100 ml."},"content":{"rendered":"<h1 style=\"text-align: center;\">BetterYou &#8211; Spray pour articulations \u00e0 l&#8217;huile de magn\u00e9sium<\/h1>\n<p>Le spray BetterYou MagnesiumOil Joint est formul\u00e9 pour soutenir la fonction articulaire et musculaire, pour vous aider \u00e0 rester souple et flexible. Il est scientifiquement prouv\u00e9 qu&#8217;il augmente les niveaux de magn\u00e9sium plus rapidement que les comprim\u00e9s et les capsules traditionnels.<\/p>\n<p>10 pulv\u00e9risations d\u00e9livrent 105mg de glucosamine<br \/>Soutient la flexibilit\u00e9<br \/>Qualit\u00e9 sup\u00e9rieure du chlorure de magn\u00e9sium<br \/>Le magn\u00e9sium BetterYou Zechstein commence \u00e0 \u00eatre absorb\u00e9 imm\u00e9diatement lorsqu&#8217;il est vaporis\u00e9 sur la peau. Enrichi en glucosamine pour une application directe sur les muscles et les articulations, avec l&#8217;effet rafra\u00eechissant et calmant du menthol.<\/p>\n<p>10 sprays d\u00e9livrent du magn\u00e9sium \u00e9l\u00e9mentaire \u00e0 absorption optimale ainsi que 105mg de glucosamine.<\/p>\n<p>100ml contient 600 vaporisations<\/p>\n<p>Pourquoi le spray pour articulations \u00e0 l&#8217;huile de magn\u00e9sium ?<br \/>Le magn\u00e9sium est essentiel pour optimiser l&#8217;absorption du calcium et favoriser la sant\u00e9 des articulations et la fonction musculaire normale. Le sulfate de glucosamine favoriserait la formation du cartilage et aiderait \u00e0 maintenir la lubrification des articulations, favorisant ainsi la force et le mouvement.<\/p>\n<p>En plus de favoriser la sant\u00e9 et la souplesse des articulations, le magn\u00e9sium joue un r\u00f4le essentiel dans le bien-\u00eatre g\u00e9n\u00e9ral, l&#8217;am\u00e9lioration du sommeil et l&#8217;augmentation des performances sportives.<\/p>\n<p>Comment fonctionnent les suppl\u00e9ments transdermiques de magn\u00e9sium :<\/p>\n<p>Formul\u00e9 pour un usage topique et appliqu\u00e9 directement sur la peau, le spray BetterYou MagnesiumOil Joint est absorb\u00e9 par l&#8217;\u00e9piderme hautement poreux et par les vaisseaux sanguins et les muscles situ\u00e9s en dessous. Contournant compl\u00e8tement le syst\u00e8me digestif o\u00f9 de nombreux nutriments ne sont pas absorb\u00e9s. Le magn\u00e9sium transdermique offre une m\u00e9thode simple et scientifiquement prouv\u00e9e de suppl\u00e9mentation en magn\u00e9sium, bien plus efficace que les comprim\u00e9s et les capsules.<\/p>\n<p>Apprenez-en plus sur le nombre croissant d&#8217;essais qui montrent l&#8217;absorption sup\u00e9rieure de BetterYou MagnesiumOil par rapport aux autres formes de suppl\u00e9ments de magn\u00e9sium.<\/p>\n<p>Qualit\u00e9 sup\u00e9rieure du magn\u00e9sium<\/p>\n<p>Contenant 100% ingr\u00e9dients naturels, offrant la forme la plus pure de chlorure de magn\u00e9sium Zechstein Inside. Extrait dans le nord de la Hollande d&#8217;un filon situ\u00e9 \u00e0 un kilom\u00e8tre sous terre, notre chlorure de magn\u00e9sium a \u00e9t\u00e9 naturellement condens\u00e9 et purifi\u00e9 pendant plus de 250 millions d&#8217;ann\u00e9es. \u00c9tant donn\u00e9 que certaines sources d&#8217;eau libre contiennent un taux \u00e9lev\u00e9 de polluants d&#8217;origine humaine et de m\u00e9taux lourds, le chlorure de magn\u00e9sium Zechstein Inside garantit une source de magn\u00e9sium naturellement pure.<\/p>\n<p><strong>Ingr\u00e9dients :<\/strong><br \/>Eau, solution concentr\u00e9e de chlorure de magn\u00e9sium hexahydrat\u00e9 Zechstein Inside (eau, chlorure de magn\u00e9sium hexahydrat\u00e9), sulfate de glucosamine 2KCL (provenant de poissons et de crustac\u00e9s), ar\u00f4me naturel de menthol, huile essentielle de gaulth\u00e9rie, \u00e9mulsifiant ; polysorbate 20.<br \/>Pour les allerg\u00e8nes, voir les ingr\u00e9dients en gras.<br \/>BetterYou est fi\u00e8re de son approche unique en mati\u00e8re de tests d&#8217;absorption, d&#8217;administration et de stabilit\u00e9 et est fi\u00e8re d&#8217;utiliser, dans la mesure du possible, des ingr\u00e9dients naturels, \u00e0 l&#8217;\u00e9tat pur et d&#8217;origine alimentaire.<br \/>Fi\u00e8rement fabriqu\u00e9 en Grande-Bretagne. Jamais test\u00e9 sur les animaux.<\/p>\n<p><strong>Directions :<\/strong><br \/>Vaporisez sur le corps et faites bien p\u00e9n\u00e9trer dans la peau. Id\u00e9alement apr\u00e8s le spectacle. Concentrez-vous sur les articulations, les muscles et les zones \u00e0 probl\u00e8mes.<br \/>Pour de meilleurs r\u00e9sultats, appliquez sur une peau propre. Renouvelez l&#8217;application chaque fois que n\u00e9cessaire.<br \/>Appliquez partout sur le corps, en \u00e9vitant les zones d\u00e9licates comme les yeux.<br \/>Convient \u00e0 partir de 12 ans. Pour les enfants de moins de 12 ans, nous recommandons les sprays MagnesiumOil Original ou MagnesiumOil Sensitive qui ne contiennent pas d&#8217;huiles essentielles. Pour les m\u00eames raisons, nous recommandons \u00e9galement le spray MagnesiumOil Original pour une utilisation pendant la grossesse et l&#8217;allaitement.<br \/>Le picotement du magn\u00e9sium<br \/>Lors de la premi\u00e8re application, vous pouvez ressentir une l\u00e9g\u00e8re sensation de picotement. Cela peut indiquer un faible taux de magn\u00e9sium et est le r\u00e9sultat de l&#8217;absorption rapide du magn\u00e9sium par les pores. Cela passera avec une utilisation r\u00e9guli\u00e8re et comme l&#8217;absorption commence imm\u00e9diatement, la peau peut \u00eatre essuy\u00e9e apr\u00e8s avoir \u00e9t\u00e9 mass\u00e9e.<\/p>\n<div class=\"facts-container\">\n<\/div>\n<\/p>\n<div class=\"tag-container\"><img decoding=\"async\" src=\"https:\/\/ecosupplements.se\/wp-content\/uploads\/2022\/02\/vegan-1.png\" title=\"Vegan\" alt=\"Vegan\"><img decoding=\"async\" src=\"https:\/\/ecosupplements.se\/wp-content\/uploads\/2022\/02\/vegetarian-1.png\" title=\"V\u00e9g\u00e9tarien\" alt=\"Vegetarian\">\n<\/div>\n","protected":false},"excerpt":{"rendered":"<p>BetterYou &#8211; Spray pour articulations \u00e0 l&#8217;huile de magn\u00e9sium Le spray BetterYou MagnesiumOil Joint est formul\u00e9 pour soutenir la fonction articulaire et musculaire, pour vous aider \u00e0 rester souple et flexible. Il est scientifiquement prouv\u00e9 qu&#8217;il augmente les niveaux de magn\u00e9sium plus rapidement que les comprim\u00e9s et les capsules traditionnels. 10 pulv\u00e9risations d\u00e9livrent 105mg de [&#8230;]\n","protected":false},"featured_media":241959,"comment_status":"open","ping_status":"open","template":"","meta":[],"product_brand":[4663],"product_cat":[5114,5066,5064,5052,5084,5085,5053],"product_tag":[],"class_list":{"0":"post-280409","1":"product","2":"type-product","3":"status-publish","4":"has-post-thumbnail","6":"product_brand-betteryou-2","7":"product_cat-beaute","8":"product_cat-magnesium-mineraux-simples","9":"product_cat-mineraux-simples","10":"product_cat-sante-et-bien-etre","11":"product_cat-soutien-conjoint","12":"product_cat-soutien-pour-les-articulations","13":"product_cat-vitamines-et-mineraux","15":"first","16":"instock","17":"taxable","18":"shipping-taxable","19":"purchasable","20":"product-type-simple"},"yoast_head":"<!-- This site is optimized with the Yoast SEO Premium plugin v27.5 (Yoast SEO v27.5) - https:\/\/yoast.com\/product\/yoast-seo-premium-wordpress\/ -->\n<title>Spray pour articulations \u00e0 l&#039;huile de magn\u00e9sium - 100 ml. - ECO Supplements<\/title>\n<meta name=\"description\" content=\"Wij hebben een ruime keuze aan producten van Spray pour articulations \u00e0 l&#039;huile de magn\u00e9sium - 100 ml. . Winkel bij Eco Supplements altijd gratis verzending boven 100\u20ac\" \/>\n<meta name=\"robots\" content=\"index, follow, max-snippet:-1, max-image-preview:large, max-video-preview:-1\" \/>\n<link rel=\"canonical\" href=\"https:\/\/ecosupplements.be\/fr\/produit\/spray-pour-articulations-a-lhuile-de-magnesium-100-ml\/\" \/>\n<meta property=\"og:locale\" content=\"fr_FR\" \/>\n<meta property=\"og:type\" content=\"article\" \/>\n<meta property=\"og:title\" content=\"Spray pour articulations \u00e0 l&#039;huile de magn\u00e9sium - 100 ml.\" \/>\n<meta property=\"og:description\" content=\"Wij hebben een ruime keuze aan producten van Spray pour articulations \u00e0 l&#039;huile de magn\u00e9sium - 100 ml. . Winkel bij Eco Supplements altijd gratis verzending boven 100\u20ac\" \/>\n<meta property=\"og:url\" content=\"https:\/\/ecosupplements.be\/fr\/produit\/spray-pour-articulations-a-lhuile-de-magnesium-100-ml\/\" \/>\n<meta property=\"og:site_name\" content=\"ECO Supplements\" \/>\n<meta property=\"article:modified_time\" content=\"2025-08-27T09:22:21+00:00\" \/>\n<meta property=\"og:image\" content=\"https:\/\/ecosupplements.be\/wp-content\/uploads\/2025\/08\/BetterYou-MagnesiumOil-Joint-Spray-100-ml-1.jpg\" \/>\n\t<meta property=\"og:image:width\" content=\"750\" \/>\n\t<meta property=\"og:image:height\" content=\"750\" \/>\n\t<meta property=\"og:image:type\" content=\"image\/jpeg\" \/>\n<meta name=\"twitter:card\" content=\"summary_large_image\" \/>\n<meta name=\"twitter:label1\" content=\"Prix\" \/>\n\t<meta name=\"twitter:data1\" content=\"13.45&nbsp;&euro;\" \/>\n\t<meta name=\"twitter:label2\" content=\"Disponibilit\u00e9\" \/>\n\t<meta name=\"twitter:data2\" content=\"En stock\" \/>\n<script type=\"application\/ld+json\" class=\"yoast-schema-graph\">{\"@context\":\"https:\\\/\\\/schema.org\",\"@graph\":[{\"@type\":[\"WebPage\",\"ItemPage\"],\"@id\":\"https:\\\/\\\/ecosupplements.be\\\/fr\\\/produit\\\/spray-pour-articulations-a-lhuile-de-magnesium-100-ml\\\/\",\"url\":\"https:\\\/\\\/ecosupplements.be\\\/fr\\\/produit\\\/spray-pour-articulations-a-lhuile-de-magnesium-100-ml\\\/\",\"name\":\"Spray pour articulations \u00e0 l'huile de magn\u00e9sium - 100 ml. - ECO Supplements\",\"isPartOf\":{\"@id\":\"https:\\\/\\\/ecosupplements.be\\\/fr\\\/#website\"},\"primaryImageOfPage\":{\"@id\":\"https:\\\/\\\/ecosupplements.be\\\/fr\\\/produit\\\/spray-pour-articulations-a-lhuile-de-magnesium-100-ml\\\/#primaryimage\"},\"image\":{\"@id\":\"https:\\\/\\\/ecosupplements.be\\\/fr\\\/produit\\\/spray-pour-articulations-a-lhuile-de-magnesium-100-ml\\\/#primaryimage\"},\"thumbnailUrl\":\"https:\\\/\\\/ecosupplements.be\\\/wp-content\\\/uploads\\\/2025\\\/08\\\/BetterYou-MagnesiumOil-Joint-Spray-100-ml-1.jpg\",\"datePublished\":\"2022-06-28T09:05:42+00:00\",\"dateModified\":\"2025-08-27T09:22:21+00:00\",\"description\":\"Wij hebben een ruime keuze aan producten van Spray pour articulations \u00e0 l'huile de magn\u00e9sium - 100 ml. . Winkel bij Eco Supplements altijd gratis verzending boven 100\u20ac\",\"breadcrumb\":{\"@id\":\"https:\\\/\\\/ecosupplements.be\\\/fr\\\/produit\\\/spray-pour-articulations-a-lhuile-de-magnesium-100-ml\\\/#breadcrumb\"},\"inLanguage\":\"fr-FR\",\"potentialAction\":[{\"@type\":\"ReadAction\",\"target\":[\"https:\\\/\\\/ecosupplements.be\\\/fr\\\/produit\\\/spray-pour-articulations-a-lhuile-de-magnesium-100-ml\\\/\"]}]},{\"@type\":\"ImageObject\",\"inLanguage\":\"fr-FR\",\"@id\":\"https:\\\/\\\/ecosupplements.be\\\/fr\\\/produit\\\/spray-pour-articulations-a-lhuile-de-magnesium-100-ml\\\/#primaryimage\",\"url\":\"https:\\\/\\\/ecosupplements.be\\\/wp-content\\\/uploads\\\/2025\\\/08\\\/BetterYou-MagnesiumOil-Joint-Spray-100-ml-1.jpg\",\"contentUrl\":\"https:\\\/\\\/ecosupplements.be\\\/wp-content\\\/uploads\\\/2025\\\/08\\\/BetterYou-MagnesiumOil-Joint-Spray-100-ml-1.jpg\",\"width\":750,\"height\":750},{\"@type\":\"BreadcrumbList\",\"@id\":\"https:\\\/\\\/ecosupplements.be\\\/fr\\\/produit\\\/spray-pour-articulations-a-lhuile-de-magnesium-100-ml\\\/#breadcrumb\",\"itemListElement\":[{\"@type\":\"ListItem\",\"position\":1,\"name\":\"Home\",\"item\":\"https:\\\/\\\/ecosupplements.be\\\/fr\\\/\"},{\"@type\":\"ListItem\",\"position\":2,\"name\":\"Boutique\",\"item\":\"https:\\\/\\\/ecosupplements.be\\\/fr\\\/boutique\\\/\"},{\"@type\":\"ListItem\",\"position\":3,\"name\":\"Spray pour articulations \u00e0 l&#8217;huile de magn\u00e9sium &#8211; 100 ml.\"}]},{\"@type\":\"WebSite\",\"@id\":\"https:\\\/\\\/ecosupplements.be\\\/fr\\\/#website\",\"url\":\"https:\\\/\\\/ecosupplements.be\\\/fr\\\/\",\"name\":\"ECO Supplements\",\"description\":\"Eco Supplements - Gezonde supplementen\",\"publisher\":{\"@id\":\"https:\\\/\\\/ecosupplements.be\\\/fr\\\/#organization\"},\"potentialAction\":[{\"@type\":\"SearchAction\",\"target\":{\"@type\":\"EntryPoint\",\"urlTemplate\":\"https:\\\/\\\/ecosupplements.be\\\/fr\\\/?s={search_term_string}\"},\"query-input\":{\"@type\":\"PropertyValueSpecification\",\"valueRequired\":true,\"valueName\":\"search_term_string\"}}],\"inLanguage\":\"fr-FR\"},{\"@type\":\"Organization\",\"@id\":\"https:\\\/\\\/ecosupplements.be\\\/fr\\\/#organization\",\"name\":\"Eco Supplements\",\"url\":\"https:\\\/\\\/ecosupplements.be\\\/fr\\\/\",\"logo\":{\"@type\":\"ImageObject\",\"inLanguage\":\"fr-FR\",\"@id\":\"https:\\\/\\\/ecosupplements.be\\\/fr\\\/#\\\/schema\\\/logo\\\/image\\\/\",\"url\":\"https:\\\/\\\/ecosupplements.be\\\/wp-content\\\/uploads\\\/2022\\\/06\\\/ecosupplement-family.png\",\"contentUrl\":\"https:\\\/\\\/ecosupplements.be\\\/wp-content\\\/uploads\\\/2022\\\/06\\\/ecosupplement-family.png\",\"width\":593,\"height\":374,\"caption\":\"Eco Supplements\"},\"image\":{\"@id\":\"https:\\\/\\\/ecosupplements.be\\\/fr\\\/#\\\/schema\\\/logo\\\/image\\\/\"}}]}<\/script>\n<meta property=\"product:brand\" content=\"BetterYou\" \/>\n<meta property=\"product:price:amount\" content=\"13.45\" \/>\n<meta property=\"product:price:currency\" content=\"EUR\" \/>\n<meta property=\"og:availability\" content=\"instock\" \/>\n<meta property=\"product:availability\" content=\"instock\" \/>\n<meta property=\"product:retailer_item_id\" content=\"5060148520315\" \/>\n<meta property=\"product:condition\" content=\"new\" \/>\n<!-- \/ Yoast SEO Premium plugin. -->","yoast_head_json":{"title":"Spray pour articulations \u00e0 l'huile de magn\u00e9sium - 100 ml. - ECO Supplements","description":"Wij hebben een ruime keuze aan producten van Spray pour articulations \u00e0 l'huile de magn\u00e9sium - 100 ml. . Winkel bij Eco Supplements altijd gratis verzending boven 100\u20ac","robots":{"index":"index","follow":"follow","max-snippet":"max-snippet:-1","max-image-preview":"max-image-preview:large","max-video-preview":"max-video-preview:-1"},"canonical":"https:\/\/ecosupplements.be\/fr\/produit\/spray-pour-articulations-a-lhuile-de-magnesium-100-ml\/","og_locale":"fr_FR","og_type":"article","og_title":"Spray pour articulations \u00e0 l'huile de magn\u00e9sium - 100 ml.","og_description":"Wij hebben een ruime keuze aan producten van Spray pour articulations \u00e0 l'huile de magn\u00e9sium - 100 ml. . Winkel bij Eco Supplements altijd gratis verzending boven 100\u20ac","og_url":"https:\/\/ecosupplements.be\/fr\/produit\/spray-pour-articulations-a-lhuile-de-magnesium-100-ml\/","og_site_name":"ECO Supplements","article_modified_time":"2025-08-27T09:22:21+00:00","og_image":[{"width":750,"height":750,"url":"https:\/\/ecosupplements.be\/wp-content\/uploads\/2025\/08\/BetterYou-MagnesiumOil-Joint-Spray-100-ml-1.jpg","type":"image\/jpeg"}],"twitter_card":"summary_large_image","twitter_misc":{"Prix":"13.45&nbsp;&euro;","Disponibilit\u00e9":"En stock"},"schema":{"@context":"https:\/\/schema.org","@graph":[{"@type":["WebPage","ItemPage"],"@id":"https:\/\/ecosupplements.be\/fr\/produit\/spray-pour-articulations-a-lhuile-de-magnesium-100-ml\/","url":"https:\/\/ecosupplements.be\/fr\/produit\/spray-pour-articulations-a-lhuile-de-magnesium-100-ml\/","name":"Spray pour articulations \u00e0 l'huile de magn\u00e9sium - 100 ml. - ECO Supplements","isPartOf":{"@id":"https:\/\/ecosupplements.be\/fr\/#website"},"primaryImageOfPage":{"@id":"https:\/\/ecosupplements.be\/fr\/produit\/spray-pour-articulations-a-lhuile-de-magnesium-100-ml\/#primaryimage"},"image":{"@id":"https:\/\/ecosupplements.be\/fr\/produit\/spray-pour-articulations-a-lhuile-de-magnesium-100-ml\/#primaryimage"},"thumbnailUrl":"https:\/\/ecosupplements.be\/wp-content\/uploads\/2025\/08\/BetterYou-MagnesiumOil-Joint-Spray-100-ml-1.jpg","datePublished":"2022-06-28T09:05:42+00:00","dateModified":"2025-08-27T09:22:21+00:00","description":"Wij hebben een ruime keuze aan producten van Spray pour articulations \u00e0 l'huile de magn\u00e9sium - 100 ml. . Winkel bij Eco Supplements altijd gratis verzending boven 100\u20ac","breadcrumb":{"@id":"https:\/\/ecosupplements.be\/fr\/produit\/spray-pour-articulations-a-lhuile-de-magnesium-100-ml\/#breadcrumb"},"inLanguage":"fr-FR","potentialAction":[{"@type":"ReadAction","target":["https:\/\/ecosupplements.be\/fr\/produit\/spray-pour-articulations-a-lhuile-de-magnesium-100-ml\/"]}]},{"@type":"ImageObject","inLanguage":"fr-FR","@id":"https:\/\/ecosupplements.be\/fr\/produit\/spray-pour-articulations-a-lhuile-de-magnesium-100-ml\/#primaryimage","url":"https:\/\/ecosupplements.be\/wp-content\/uploads\/2025\/08\/BetterYou-MagnesiumOil-Joint-Spray-100-ml-1.jpg","contentUrl":"https:\/\/ecosupplements.be\/wp-content\/uploads\/2025\/08\/BetterYou-MagnesiumOil-Joint-Spray-100-ml-1.jpg","width":750,"height":750},{"@type":"BreadcrumbList","@id":"https:\/\/ecosupplements.be\/fr\/produit\/spray-pour-articulations-a-lhuile-de-magnesium-100-ml\/#breadcrumb","itemListElement":[{"@type":"ListItem","position":1,"name":"Home","item":"https:\/\/ecosupplements.be\/fr\/"},{"@type":"ListItem","position":2,"name":"Boutique","item":"https:\/\/ecosupplements.be\/fr\/boutique\/"},{"@type":"ListItem","position":3,"name":"Spray pour articulations \u00e0 l&#8217;huile de magn\u00e9sium &#8211; 100 ml."}]},{"@type":"WebSite","@id":"https:\/\/ecosupplements.be\/fr\/#website","url":"https:\/\/ecosupplements.be\/fr\/","name":"ECO Supplements","description":"Eco Supplements - Gezonde supplementen","publisher":{"@id":"https:\/\/ecosupplements.be\/fr\/#organization"},"potentialAction":[{"@type":"SearchAction","target":{"@type":"EntryPoint","urlTemplate":"https:\/\/ecosupplements.be\/fr\/?s={search_term_string}"},"query-input":{"@type":"PropertyValueSpecification","valueRequired":true,"valueName":"search_term_string"}}],"inLanguage":"fr-FR"},{"@type":"Organization","@id":"https:\/\/ecosupplements.be\/fr\/#organization","name":"Eco Supplements","url":"https:\/\/ecosupplements.be\/fr\/","logo":{"@type":"ImageObject","inLanguage":"fr-FR","@id":"https:\/\/ecosupplements.be\/fr\/#\/schema\/logo\/image\/","url":"https:\/\/ecosupplements.be\/wp-content\/uploads\/2022\/06\/ecosupplement-family.png","contentUrl":"https:\/\/ecosupplements.be\/wp-content\/uploads\/2022\/06\/ecosupplement-family.png","width":593,"height":374,"caption":"Eco Supplements"},"image":{"@id":"https:\/\/ecosupplements.be\/fr\/#\/schema\/logo\/image\/"}}]},"product_brand":"BetterYou","product_price_amount":"13.45","product_price_currency":"EUR","og_availability":"instock","product_availability":"instock","product_retailer_item_id":"5060148520315","product_condition":"new"},"_links":{"self":[{"href":"https:\/\/ecosupplements.be\/fr\/wp-json\/wp\/v2\/product\/280409","targetHints":{"allow":["GET"]}}],"collection":[{"href":"https:\/\/ecosupplements.be\/fr\/wp-json\/wp\/v2\/product"}],"about":[{"href":"https:\/\/ecosupplements.be\/fr\/wp-json\/wp\/v2\/types\/product"}],"replies":[{"embeddable":true,"href":"https:\/\/ecosupplements.be\/fr\/wp-json\/wp\/v2\/comments?post=280409"}],"wp:featuredmedia":[{"embeddable":true,"href":"https:\/\/ecosupplements.be\/fr\/wp-json\/wp\/v2\/media\/241959"}],"wp:attachment":[{"href":"https:\/\/ecosupplements.be\/fr\/wp-json\/wp\/v2\/media?parent=280409"}],"wp:term":[{"taxonomy":"product_brand","embeddable":true,"href":"https:\/\/ecosupplements.be\/fr\/wp-json\/wp\/v2\/product_brand?post=280409"},{"taxonomy":"product_cat","embeddable":true,"href":"https:\/\/ecosupplements.be\/fr\/wp-json\/wp\/v2\/product_cat?post=280409"},{"taxonomy":"product_tag","embeddable":true,"href":"https:\/\/ecosupplements.be\/fr\/wp-json\/wp\/v2\/product_tag?post=280409"}],"curies":[{"name":"wp","href":"https:\/\/api.w.org\/{rel}","templated":true}]}}