{"id":280410,"date":"2022-06-28T10:05:42","date_gmt":"2022-06-28T09:05:42","guid":{"rendered":"https:\/\/ecosupplements.be\/product\/spray-original-dhuile-de-magnesium-100-ml\/"},"modified":"2025-08-27T10:22:26","modified_gmt":"2025-08-27T09:22:26","slug":"spray-original-dhuile-de-magnesium-100-ml","status":"publish","type":"product","link":"https:\/\/ecosupplements.be\/fr\/produit\/spray-original-dhuile-de-magnesium-100-ml\/","title":{"rendered":"Spray original d&#8217;huile de magn\u00e9sium &#8211; 100 ml."},"content":{"rendered":"<h1 style=\"text-align: center;\">BetterYou &#8211; Spray original \u00e0 l&#8217;huile de magn\u00e9sium<\/h1>\n<p>BetterYou MagnesiumOil Original Spray est notre huile de magn\u00e9sium la plus forte et la plus pure et constitue le moyen ultime de reconstituer les niveaux de magn\u00e9sium. Une m\u00e9thode simple et scientifiquement prouv\u00e9e de suppl\u00e9mentation en magn\u00e9sium.<\/p>\n<p>Spray de magn\u00e9sium \u00e0 haute concentration<br \/>Favorise la r\u00e9cup\u00e9ration musculaire naturelle<br \/>Spray cibl\u00e9 pour la raideur musculaire<br \/>Soutient et facilite l&#8217;absorption du calcium<br \/>Approuv\u00e9 par l&#8217;initiative &#8220;Informed Sport<br \/>Formul\u00e9 pour un usage topique, BetterYou Zechstein Magnesium commence \u00e0 \u00eatre absorb\u00e9 imm\u00e9diatement lorsqu&#8217;il est vaporis\u00e9 sur la peau. Ce min\u00e9ral essentiel contribue \u00e0 favoriser le bien-\u00eatre g\u00e9n\u00e9ral et la relaxation.<\/p>\n<p>10 sprays d\u00e9livrent un minimum de 200mg (57% RDA) de magn\u00e9sium \u00e9l\u00e9mentaire absorbable de mani\u00e8re optimale.<\/p>\n<p>100ml contient 600 vaporisations<\/p>\n<p>Pourquoi MagnesiumOil Original Spray ?<br \/>Le magn\u00e9sium est responsable de 325 r\u00e9actions chimiques dans l&#8217;organisme et favorise la production d&#8217;\u00e9nergie, la clart\u00e9 mentale, la sant\u00e9 des os et des muscles. Un corps ayant la bonne quantit\u00e9 de magn\u00e9sium sera plus souple et r\u00e9sistera plus longtemps \u00e0 la fatigue.<\/p>\n<p>En plus de ce qui pr\u00e9c\u00e8de, la suppl\u00e9mentation transdermique en magn\u00e9sium contribue \u00e0 am\u00e9liorer le repos et la r\u00e9cup\u00e9ration et \u00e0 accro\u00eetre les performances sportives. C&#8217;est pourquoi nous sommes fiers de pouvoir dire que MagnesiumOil Original est approuv\u00e9 par le programme Informed Sports, de renomm\u00e9e mondiale.<\/p>\n<p>La puret\u00e9 unique de BetterYou MagnesiumOil Original signifie qu&#8217;il peut \u00eatre utilis\u00e9 par tout le monde. Ce spray convient pendant la grossesse et l&#8217;allaitement, pour les enfants et pour les personnes suivant un r\u00e9gime diab\u00e9tique, c\u0153liaque, v\u00e9g\u00e9talien et v\u00e9g\u00e9tarien.<\/p>\n<p>Comment fonctionnent les suppl\u00e9ments transdermiques de magn\u00e9sium :<\/p>\n<p>Appliqu\u00e9 directement sur la peau, le spray BetterYou MagnesiumOil Original est absorb\u00e9 par l&#8217;\u00e9piderme tr\u00e8s poreux et par les vaisseaux sanguins et les muscles situ\u00e9s en dessous. Contournant compl\u00e8tement le syst\u00e8me digestif o\u00f9 de nombreux nutriments ne sont pas absorb\u00e9s. Le magn\u00e9sium transdermique offre une alternative efficace aux comprim\u00e9s et aux capsules.<\/p>\n<p>Qualit\u00e9 sup\u00e9rieure du magn\u00e9sium<\/p>\n<p>Ce spray prim\u00e9 \u00e0 plusieurs reprises contient 100% ingr\u00e9dients naturels, d\u00e9livrant une forme pure de chlorure de magn\u00e9sium Zechstein Inside. Extrait dans le nord de la Hollande d&#8217;un filon situ\u00e9 \u00e0 un kilom\u00e8tre sous terre, notre chlorure de magn\u00e9sium a \u00e9t\u00e9 naturellement condens\u00e9 et purifi\u00e9 pendant plus de 250 millions d&#8217;ann\u00e9es. Exempt de polluants artificiels et de m\u00e9taux lourds, le chlorure de magn\u00e9sium Zechstein Inside garantit une source de magn\u00e9sium naturellement pure.<\/p>\n<p><strong>Ingr\u00e9dients :<\/strong><br \/>Solution concentr\u00e9e de chlorure de magn\u00e9sium hexahydrat\u00e9 de Zechstein Inside (eau, chlorure de magn\u00e9sium hexahydrat\u00e9 &#8211; concentration 31%).<br \/>100% source naturelle.<br \/>Convient aux v\u00e9g\u00e9tariens et aux v\u00e9g\u00e9taliens.<br \/>BetterYou est fi\u00e8re de son approche unique en mati\u00e8re de tests d&#8217;absorption, d&#8217;administration et de stabilit\u00e9 et est fi\u00e8re d&#8217;utiliser, dans la mesure du possible, des ingr\u00e9dients naturels, \u00e0 l&#8217;\u00e9tat pur et d&#8217;origine alimentaire.<br \/>Fi\u00e8rement fabriqu\u00e9 en Grande-Bretagne. Jamais test\u00e9 sur les animaux.<\/p>\n<p><strong>Directions :<\/strong><br \/>Vaporisez sur le corps et faites bien p\u00e9n\u00e9trer dans la peau. Id\u00e9alement apr\u00e8s la douche ou avant de dormir.<br \/>Pour de meilleurs r\u00e9sultats, appliquez sur une peau propre. Renouvelez l&#8217;application chaque fois que n\u00e9cessaire.<br \/>Appliquez partout sur le corps en \u00e9vitant les peaux ab\u00eem\u00e9es et les zones d\u00e9licates comme les yeux.<br \/>Concentration sur les articulations, les muscles et les zones \u00e0 probl\u00e8mes.<br \/>Convient aux enfants et \u00e0 l&#8217;utilisation pendant la grossesse.<br \/>Le picotement du magn\u00e9sium<br \/>Lors de la premi\u00e8re application, vous pouvez ressentir une l\u00e9g\u00e8re sensation de picotement. Cela peut indiquer un faible taux de magn\u00e9sium et est le r\u00e9sultat de l&#8217;absorption rapide du magn\u00e9sium par les pores. Cela passera avec une utilisation r\u00e9guli\u00e8re et comme l&#8217;absorption commence imm\u00e9diatement, la peau peut \u00eatre essuy\u00e9e apr\u00e8s avoir \u00e9t\u00e9 mass\u00e9e.<\/p>\n<div class=\"facts-container\">\n<\/div>\n<\/p>\n<div class=\"tag-container\"><img decoding=\"async\" src=\"https:\/\/ecosupplements.se\/wp-content\/uploads\/2022\/02\/vegan-1.png\" title=\"Vegan\" alt=\"Vegan\"><img decoding=\"async\" src=\"https:\/\/ecosupplements.se\/wp-content\/uploads\/2022\/02\/vegetarian-1.png\" title=\"V\u00e9g\u00e9tarien\" alt=\"Vegetarian\">\n<\/div>\n","protected":false},"excerpt":{"rendered":"<p>BetterYou &#8211; Spray original \u00e0 l&#8217;huile de magn\u00e9sium BetterYou MagnesiumOil Original Spray est notre huile de magn\u00e9sium la plus forte et la plus pure et constitue le moyen ultime de reconstituer les niveaux de magn\u00e9sium. Une m\u00e9thode simple et scientifiquement prouv\u00e9e de suppl\u00e9mentation en magn\u00e9sium. Spray de magn\u00e9sium \u00e0 haute concentrationFavorise la r\u00e9cup\u00e9ration musculaire naturelleSpray [&#8230;]\n","protected":false},"featured_media":241964,"comment_status":"open","ping_status":"open","template":"","meta":[],"product_brand":[4663],"product_cat":[5114,5066,5064,5052,5084,5085,5053],"product_tag":[],"class_list":{"0":"post-280410","1":"product","2":"type-product","3":"status-publish","4":"has-post-thumbnail","6":"product_brand-betteryou-2","7":"product_cat-beaute","8":"product_cat-magnesium-mineraux-simples","9":"product_cat-mineraux-simples","10":"product_cat-sante-et-bien-etre","11":"product_cat-soutien-conjoint","12":"product_cat-soutien-pour-les-articulations","13":"product_cat-vitamines-et-mineraux","15":"first","16":"instock","17":"taxable","18":"shipping-taxable","19":"purchasable","20":"product-type-simple"},"yoast_head":"<!-- This site is optimized with the Yoast SEO Premium plugin v27.3 (Yoast SEO v27.3) - https:\/\/yoast.com\/product\/yoast-seo-premium-wordpress\/ -->\n<title>Spray original d&#039;huile de magn\u00e9sium - 100 ml. - ECO Supplements<\/title>\n<meta name=\"description\" content=\"Wij hebben een ruime keuze aan producten van Spray original d&#039;huile de magn\u00e9sium - 100 ml. . Winkel bij Eco Supplements altijd gratis verzending boven 100\u20ac\" \/>\n<meta name=\"robots\" content=\"index, follow, max-snippet:-1, max-image-preview:large, max-video-preview:-1\" \/>\n<link rel=\"canonical\" href=\"https:\/\/ecosupplements.be\/fr\/produit\/spray-original-dhuile-de-magnesium-100-ml\/\" \/>\n<meta property=\"og:locale\" content=\"fr_FR\" \/>\n<meta property=\"og:type\" content=\"article\" \/>\n<meta property=\"og:title\" content=\"Spray original d&#039;huile de magn\u00e9sium - 100 ml.\" \/>\n<meta property=\"og:description\" content=\"Wij hebben een ruime keuze aan producten van Spray original d&#039;huile de magn\u00e9sium - 100 ml. . Winkel bij Eco Supplements altijd gratis verzending boven 100\u20ac\" \/>\n<meta property=\"og:url\" content=\"https:\/\/ecosupplements.be\/fr\/produit\/spray-original-dhuile-de-magnesium-100-ml\/\" \/>\n<meta property=\"og:site_name\" content=\"ECO Supplements\" \/>\n<meta property=\"article:modified_time\" content=\"2025-08-27T09:22:26+00:00\" \/>\n<meta property=\"og:image\" content=\"https:\/\/ecosupplements.be\/wp-content\/uploads\/2025\/08\/BetterYou-MagnesiumOil-Original-Spray-100-ml-1.jpg\" \/>\n\t<meta property=\"og:image:width\" content=\"750\" \/>\n\t<meta property=\"og:image:height\" content=\"750\" \/>\n\t<meta property=\"og:image:type\" content=\"image\/jpeg\" \/>\n<meta name=\"twitter:card\" content=\"summary_large_image\" \/>\n<meta name=\"twitter:label1\" content=\"Prix\" \/>\n\t<meta name=\"twitter:data1\" content=\"15.07&nbsp;&euro;\" \/>\n\t<meta name=\"twitter:label2\" content=\"Disponibilit\u00e9\" \/>\n\t<meta name=\"twitter:data2\" content=\"En stock\" \/>\n<script type=\"application\/ld+json\" class=\"yoast-schema-graph\">{\"@context\":\"https:\\\/\\\/schema.org\",\"@graph\":[{\"@type\":[\"WebPage\",\"ItemPage\"],\"@id\":\"https:\\\/\\\/ecosupplements.be\\\/fr\\\/produit\\\/spray-original-dhuile-de-magnesium-100-ml\\\/\",\"url\":\"https:\\\/\\\/ecosupplements.be\\\/fr\\\/produit\\\/spray-original-dhuile-de-magnesium-100-ml\\\/\",\"name\":\"Spray original d'huile de magn\u00e9sium - 100 ml. - ECO Supplements\",\"isPartOf\":{\"@id\":\"https:\\\/\\\/ecosupplements.be\\\/fr\\\/#website\"},\"primaryImageOfPage\":{\"@id\":\"https:\\\/\\\/ecosupplements.be\\\/fr\\\/produit\\\/spray-original-dhuile-de-magnesium-100-ml\\\/#primaryimage\"},\"image\":{\"@id\":\"https:\\\/\\\/ecosupplements.be\\\/fr\\\/produit\\\/spray-original-dhuile-de-magnesium-100-ml\\\/#primaryimage\"},\"thumbnailUrl\":\"https:\\\/\\\/ecosupplements.be\\\/wp-content\\\/uploads\\\/2025\\\/08\\\/BetterYou-MagnesiumOil-Original-Spray-100-ml-1.jpg\",\"datePublished\":\"2022-06-28T09:05:42+00:00\",\"dateModified\":\"2025-08-27T09:22:26+00:00\",\"description\":\"Wij hebben een ruime keuze aan producten van Spray original d'huile de magn\u00e9sium - 100 ml. . Winkel bij Eco Supplements altijd gratis verzending boven 100\u20ac\",\"breadcrumb\":{\"@id\":\"https:\\\/\\\/ecosupplements.be\\\/fr\\\/produit\\\/spray-original-dhuile-de-magnesium-100-ml\\\/#breadcrumb\"},\"inLanguage\":\"fr-FR\",\"potentialAction\":[{\"@type\":\"ReadAction\",\"target\":[\"https:\\\/\\\/ecosupplements.be\\\/fr\\\/produit\\\/spray-original-dhuile-de-magnesium-100-ml\\\/\"]}]},{\"@type\":\"ImageObject\",\"inLanguage\":\"fr-FR\",\"@id\":\"https:\\\/\\\/ecosupplements.be\\\/fr\\\/produit\\\/spray-original-dhuile-de-magnesium-100-ml\\\/#primaryimage\",\"url\":\"https:\\\/\\\/ecosupplements.be\\\/wp-content\\\/uploads\\\/2025\\\/08\\\/BetterYou-MagnesiumOil-Original-Spray-100-ml-1.jpg\",\"contentUrl\":\"https:\\\/\\\/ecosupplements.be\\\/wp-content\\\/uploads\\\/2025\\\/08\\\/BetterYou-MagnesiumOil-Original-Spray-100-ml-1.jpg\",\"width\":750,\"height\":750},{\"@type\":\"BreadcrumbList\",\"@id\":\"https:\\\/\\\/ecosupplements.be\\\/fr\\\/produit\\\/spray-original-dhuile-de-magnesium-100-ml\\\/#breadcrumb\",\"itemListElement\":[{\"@type\":\"ListItem\",\"position\":1,\"name\":\"Home\",\"item\":\"https:\\\/\\\/ecosupplements.be\\\/fr\\\/\"},{\"@type\":\"ListItem\",\"position\":2,\"name\":\"Boutique\",\"item\":\"https:\\\/\\\/ecosupplements.be\\\/fr\\\/boutique\\\/\"},{\"@type\":\"ListItem\",\"position\":3,\"name\":\"Spray original d&#8217;huile de magn\u00e9sium &#8211; 100 ml.\"}]},{\"@type\":\"WebSite\",\"@id\":\"https:\\\/\\\/ecosupplements.be\\\/fr\\\/#website\",\"url\":\"https:\\\/\\\/ecosupplements.be\\\/fr\\\/\",\"name\":\"ECO Supplements\",\"description\":\"Eco Supplements - Gezonde supplementen\",\"publisher\":{\"@id\":\"https:\\\/\\\/ecosupplements.be\\\/fr\\\/#organization\"},\"potentialAction\":[{\"@type\":\"SearchAction\",\"target\":{\"@type\":\"EntryPoint\",\"urlTemplate\":\"https:\\\/\\\/ecosupplements.be\\\/fr\\\/?s={search_term_string}\"},\"query-input\":{\"@type\":\"PropertyValueSpecification\",\"valueRequired\":true,\"valueName\":\"search_term_string\"}}],\"inLanguage\":\"fr-FR\"},{\"@type\":\"Organization\",\"@id\":\"https:\\\/\\\/ecosupplements.be\\\/fr\\\/#organization\",\"name\":\"Eco Supplements\",\"url\":\"https:\\\/\\\/ecosupplements.be\\\/fr\\\/\",\"logo\":{\"@type\":\"ImageObject\",\"inLanguage\":\"fr-FR\",\"@id\":\"https:\\\/\\\/ecosupplements.be\\\/fr\\\/#\\\/schema\\\/logo\\\/image\\\/\",\"url\":\"https:\\\/\\\/ecosupplements.be\\\/wp-content\\\/uploads\\\/2022\\\/06\\\/ecosupplement-family.png\",\"contentUrl\":\"https:\\\/\\\/ecosupplements.be\\\/wp-content\\\/uploads\\\/2022\\\/06\\\/ecosupplement-family.png\",\"width\":593,\"height\":374,\"caption\":\"Eco Supplements\"},\"image\":{\"@id\":\"https:\\\/\\\/ecosupplements.be\\\/fr\\\/#\\\/schema\\\/logo\\\/image\\\/\"}}]}<\/script>\n<meta property=\"product:brand\" content=\"BetterYou\" \/>\n<meta property=\"product:price:amount\" content=\"15.07\" \/>\n<meta property=\"product:price:currency\" content=\"EUR\" \/>\n<meta property=\"og:availability\" content=\"instock\" \/>\n<meta property=\"product:availability\" content=\"instock\" \/>\n<meta property=\"product:retailer_item_id\" content=\"5060148520100\" \/>\n<meta property=\"product:condition\" content=\"new\" \/>\n<!-- \/ Yoast SEO Premium plugin. -->","yoast_head_json":{"title":"Spray original d'huile de magn\u00e9sium - 100 ml. - ECO Supplements","description":"Wij hebben een ruime keuze aan producten van Spray original d'huile de magn\u00e9sium - 100 ml. . Winkel bij Eco Supplements altijd gratis verzending boven 100\u20ac","robots":{"index":"index","follow":"follow","max-snippet":"max-snippet:-1","max-image-preview":"max-image-preview:large","max-video-preview":"max-video-preview:-1"},"canonical":"https:\/\/ecosupplements.be\/fr\/produit\/spray-original-dhuile-de-magnesium-100-ml\/","og_locale":"fr_FR","og_type":"article","og_title":"Spray original d'huile de magn\u00e9sium - 100 ml.","og_description":"Wij hebben een ruime keuze aan producten van Spray original d'huile de magn\u00e9sium - 100 ml. . Winkel bij Eco Supplements altijd gratis verzending boven 100\u20ac","og_url":"https:\/\/ecosupplements.be\/fr\/produit\/spray-original-dhuile-de-magnesium-100-ml\/","og_site_name":"ECO Supplements","article_modified_time":"2025-08-27T09:22:26+00:00","og_image":[{"width":750,"height":750,"url":"https:\/\/ecosupplements.be\/wp-content\/uploads\/2025\/08\/BetterYou-MagnesiumOil-Original-Spray-100-ml-1.jpg","type":"image\/jpeg"}],"twitter_card":"summary_large_image","twitter_misc":{"Prix":"15.07&nbsp;&euro;","Disponibilit\u00e9":"En stock"},"schema":{"@context":"https:\/\/schema.org","@graph":[{"@type":["WebPage","ItemPage"],"@id":"https:\/\/ecosupplements.be\/fr\/produit\/spray-original-dhuile-de-magnesium-100-ml\/","url":"https:\/\/ecosupplements.be\/fr\/produit\/spray-original-dhuile-de-magnesium-100-ml\/","name":"Spray original d'huile de magn\u00e9sium - 100 ml. - ECO Supplements","isPartOf":{"@id":"https:\/\/ecosupplements.be\/fr\/#website"},"primaryImageOfPage":{"@id":"https:\/\/ecosupplements.be\/fr\/produit\/spray-original-dhuile-de-magnesium-100-ml\/#primaryimage"},"image":{"@id":"https:\/\/ecosupplements.be\/fr\/produit\/spray-original-dhuile-de-magnesium-100-ml\/#primaryimage"},"thumbnailUrl":"https:\/\/ecosupplements.be\/wp-content\/uploads\/2025\/08\/BetterYou-MagnesiumOil-Original-Spray-100-ml-1.jpg","datePublished":"2022-06-28T09:05:42+00:00","dateModified":"2025-08-27T09:22:26+00:00","description":"Wij hebben een ruime keuze aan producten van Spray original d'huile de magn\u00e9sium - 100 ml. . Winkel bij Eco Supplements altijd gratis verzending boven 100\u20ac","breadcrumb":{"@id":"https:\/\/ecosupplements.be\/fr\/produit\/spray-original-dhuile-de-magnesium-100-ml\/#breadcrumb"},"inLanguage":"fr-FR","potentialAction":[{"@type":"ReadAction","target":["https:\/\/ecosupplements.be\/fr\/produit\/spray-original-dhuile-de-magnesium-100-ml\/"]}]},{"@type":"ImageObject","inLanguage":"fr-FR","@id":"https:\/\/ecosupplements.be\/fr\/produit\/spray-original-dhuile-de-magnesium-100-ml\/#primaryimage","url":"https:\/\/ecosupplements.be\/wp-content\/uploads\/2025\/08\/BetterYou-MagnesiumOil-Original-Spray-100-ml-1.jpg","contentUrl":"https:\/\/ecosupplements.be\/wp-content\/uploads\/2025\/08\/BetterYou-MagnesiumOil-Original-Spray-100-ml-1.jpg","width":750,"height":750},{"@type":"BreadcrumbList","@id":"https:\/\/ecosupplements.be\/fr\/produit\/spray-original-dhuile-de-magnesium-100-ml\/#breadcrumb","itemListElement":[{"@type":"ListItem","position":1,"name":"Home","item":"https:\/\/ecosupplements.be\/fr\/"},{"@type":"ListItem","position":2,"name":"Boutique","item":"https:\/\/ecosupplements.be\/fr\/boutique\/"},{"@type":"ListItem","position":3,"name":"Spray original d&#8217;huile de magn\u00e9sium &#8211; 100 ml."}]},{"@type":"WebSite","@id":"https:\/\/ecosupplements.be\/fr\/#website","url":"https:\/\/ecosupplements.be\/fr\/","name":"ECO Supplements","description":"Eco Supplements - Gezonde supplementen","publisher":{"@id":"https:\/\/ecosupplements.be\/fr\/#organization"},"potentialAction":[{"@type":"SearchAction","target":{"@type":"EntryPoint","urlTemplate":"https:\/\/ecosupplements.be\/fr\/?s={search_term_string}"},"query-input":{"@type":"PropertyValueSpecification","valueRequired":true,"valueName":"search_term_string"}}],"inLanguage":"fr-FR"},{"@type":"Organization","@id":"https:\/\/ecosupplements.be\/fr\/#organization","name":"Eco Supplements","url":"https:\/\/ecosupplements.be\/fr\/","logo":{"@type":"ImageObject","inLanguage":"fr-FR","@id":"https:\/\/ecosupplements.be\/fr\/#\/schema\/logo\/image\/","url":"https:\/\/ecosupplements.be\/wp-content\/uploads\/2022\/06\/ecosupplement-family.png","contentUrl":"https:\/\/ecosupplements.be\/wp-content\/uploads\/2022\/06\/ecosupplement-family.png","width":593,"height":374,"caption":"Eco Supplements"},"image":{"@id":"https:\/\/ecosupplements.be\/fr\/#\/schema\/logo\/image\/"}}]},"product_brand":"BetterYou","product_price_amount":"15.07","product_price_currency":"EUR","og_availability":"instock","product_availability":"instock","product_retailer_item_id":"5060148520100","product_condition":"new"},"_links":{"self":[{"href":"https:\/\/ecosupplements.be\/fr\/wp-json\/wp\/v2\/product\/280410","targetHints":{"allow":["GET"]}}],"collection":[{"href":"https:\/\/ecosupplements.be\/fr\/wp-json\/wp\/v2\/product"}],"about":[{"href":"https:\/\/ecosupplements.be\/fr\/wp-json\/wp\/v2\/types\/product"}],"replies":[{"embeddable":true,"href":"https:\/\/ecosupplements.be\/fr\/wp-json\/wp\/v2\/comments?post=280410"}],"wp:featuredmedia":[{"embeddable":true,"href":"https:\/\/ecosupplements.be\/fr\/wp-json\/wp\/v2\/media\/241964"}],"wp:attachment":[{"href":"https:\/\/ecosupplements.be\/fr\/wp-json\/wp\/v2\/media?parent=280410"}],"wp:term":[{"taxonomy":"product_brand","embeddable":true,"href":"https:\/\/ecosupplements.be\/fr\/wp-json\/wp\/v2\/product_brand?post=280410"},{"taxonomy":"product_cat","embeddable":true,"href":"https:\/\/ecosupplements.be\/fr\/wp-json\/wp\/v2\/product_cat?post=280410"},{"taxonomy":"product_tag","embeddable":true,"href":"https:\/\/ecosupplements.be\/fr\/wp-json\/wp\/v2\/product_tag?post=280410"}],"curies":[{"name":"wp","href":"https:\/\/api.w.org\/{rel}","templated":true}]}}