{"id":280413,"date":"2022-06-28T10:05:42","date_gmt":"2022-06-28T09:05:42","guid":{"rendered":"https:\/\/ecosupplements.be\/product\/lotion-pour-le-corps-au-magnesium-180-ml\/"},"modified":"2025-08-27T10:22:37","modified_gmt":"2025-08-27T09:22:37","slug":"lotion-pour-le-corps-au-magnesium-180-ml","status":"publish","type":"product","link":"https:\/\/ecosupplements.be\/fr\/produit\/lotion-pour-le-corps-au-magnesium-180-ml\/","title":{"rendered":"Lotion pour le corps au magn\u00e9sium &#8211; 180 ml."},"content":{"rendered":"<h1 style=\"text-align: center;\">BetterYou &#8211; Lotion corporelle au magn\u00e9sium pour la peau<\/h1>\n<p>Hydratez, nourrissez et renouvelez.<\/p>\n<p>La lotion pour le corps MagnesiumSkin de BetterYoup&gt; est une formule l\u00e9g\u00e8re incroyablement efficace, avec un \u00e9quilibre parfait d&#8217;ingr\u00e9dients b\u00e9n\u00e9fiques pour la peau.<\/p>\n<p>La lotion corporelle au magn\u00e9sium contient de l&#8217;huile de magn\u00e9sium 30% BetterYou combin\u00e9e \u00e0 du beurre de karit\u00e9, du beurre de cacao, de l&#8217;huile de noix de coco et de la vitamine E. Utilis\u00e9e quotidiennement, cette formulation l\u00e9g\u00e8re hydratera la peau pour favoriser un \u00e9clat sain de la peau.<\/p>\n<p>Contient 30% BetterYou MagnesiumOil<br \/>Formule quotidienne plus l\u00e9g\u00e8re, id\u00e9ale pour une application sur l&#8217;ensemble du corps.<br \/>Test\u00e9 dermatologiquement<br \/>Favorise une peau saine et \u00e9clatante<br \/>D\u00e9velopp\u00e9 pour un usage quotidien<br \/>Convient \u00e0 l&#8217;utilisation pendant la grossesse<br \/>5ml de lotion pour le corps d\u00e9livrent un minimum de 150mg (43% RDA) de magn\u00e9sium \u00e9l\u00e9mentaire absorbable de mani\u00e8re optimale.<\/p>\n<p>Pourquoi la lotion corporelle MagnesiumSkin ?<br \/>Le monde dans lequel nous vivons est dur pour la peau. C&#8217;est pourquoi nous utilisons l&#8217;huile de magn\u00e9sium BetterYou comme principal ingr\u00e9dient de la lotion pour le corps MagnesiumSkin. Ce puissant min\u00e9ral joue un r\u00f4le cl\u00e9 dans la r\u00e9paration et la reconstitution des tissus, l&#8217;am\u00e9lioration de l&#8217;\u00e9lasticit\u00e9 et la sant\u00e9 globale de la peau. Ce qui signifie que votre peau est pr\u00eate \u00e0 affronter tout ce que la journ\u00e9e lui r\u00e9serve.<\/p>\n<p>La formulation l\u00e9g\u00e8re a \u00e9t\u00e9 con\u00e7ue pour une application quotidienne sur l&#8217;ensemble du corps, afin d&#8217;hydrater et de promouvoir un \u00e9clat sain.<\/p>\n<p>Comment fonctionnent les suppl\u00e9ments transdermiques de magn\u00e9sium :<\/p>\n<p>Formul\u00e9 pour un usage topique et appliqu\u00e9 directement sur la peau, le lait pour le corps BetterYou MagnesiumSkin est absorb\u00e9 par l&#8217;\u00e9piderme tr\u00e8s poreux et par les vaisseaux sanguins et les muscles situ\u00e9s en dessous. En contournant compl\u00e8tement le syst\u00e8me digestif o\u00f9 de nombreux nutriments ne sont pas absorb\u00e9s. Le magn\u00e9sium transdermique offre une m\u00e9thode simple et scientifiquement prouv\u00e9e de suppl\u00e9mentation en magn\u00e9sium.<\/p>\n<p>Qualit\u00e9 sup\u00e9rieure du magn\u00e9sium<\/p>\n<p>Contient des ingr\u00e9dients naturels, offrant une source naturellement pure de chlorure de magn\u00e9sium Zechstein Inside. Extrait dans le nord de la Hollande d&#8217;un filon situ\u00e9 \u00e0 un kilom\u00e8tre sous terre, notre chlorure de magn\u00e9sium a \u00e9t\u00e9 naturellement condens\u00e9 et purifi\u00e9 pendant plus de 250 millions d&#8217;ann\u00e9es, sans polluants ni m\u00e9taux lourds d&#8217;origine humaine.<\/p>\n<p><strong>Ingr\u00e9dients :<\/strong><br \/>Aqua (eau), chlorure de magn\u00e9sium, triglyc\u00e9ride caprylique\/caprique, glyc\u00e9rine, isononanoate d&#8217;isononyle, beurre de Butyrospermum Parkii (karit\u00e9), st\u00e9arate de glyc\u00e9ryle, alcool c\u00e9t\u00e9arylique, st\u00e9arate de PEG-100, huile de Cocos Nucifera (noix de coco), st\u00e9arate de glyc\u00e9ryle SE, alcool benzylique, Benzoate de sodium, Parfum (Fragrance), Gomme de xanthane, Tocopherol, Acide d\u00e9hydroac\u00e9tique, Acide citrique, Butylphenyl Methylpropional, Benzyl Salicylate, Coumarin, Linalool, Alpha-Isomethyl Ionone, Hexyl Cinnamal, Limonene, Hydroxycitronellal, Vanilla Planifolia Fruit Extract. Sans parab\u00e8ne.<\/p>\n<p><strong>Directions :<\/strong><br \/>Massez d\u00e9licatement la lotion pour le corps MagnesiumSkin sur une peau propre et s\u00e8che. \u00c0 utiliser sur tout le corps.<br \/>Pour de meilleurs r\u00e9sultats, utilisez-le apr\u00e8s avoir pris un bain ou une douche.<br \/>Test\u00e9 dermatologiquement.<br \/>Pour un usage externe uniquement. \u00c9vitez tout contact avec les yeux. Ne pas utiliser sur une peau endommag\u00e9e ou cass\u00e9e.<br \/>A utiliser dans les 12 mois suivant l&#8217;ouverture.<br \/>La puret\u00e9 de la lotion corporelle MagnesiumSkin fait qu&#8217;elle convient \u00e0 tous les \u00e2ges et pendant la grossesse.<br \/>Le picotement du magn\u00e9sium<br \/>Lors de la premi\u00e8re application, vous pouvez ressentir une l\u00e9g\u00e8re sensation de picotement. Cela peut indiquer un faible taux de magn\u00e9sium et est le r\u00e9sultat de l&#8217;absorption rapide du magn\u00e9sium par les pores. Cela passera avec une utilisation r\u00e9guli\u00e8re et comme l&#8217;absorption commence imm\u00e9diatement, la peau peut \u00eatre essuy\u00e9e apr\u00e8s avoir \u00e9t\u00e9 mass\u00e9e.<\/p>\n<div class=\"facts-container\">\n<\/div>\n","protected":false},"excerpt":{"rendered":"<p>BetterYou &#8211; Lotion corporelle au magn\u00e9sium pour la peau Hydratez, nourrissez et renouvelez. La lotion pour le corps MagnesiumSkin de BetterYoup&gt; est une formule l\u00e9g\u00e8re incroyablement efficace, avec un \u00e9quilibre parfait d&#8217;ingr\u00e9dients b\u00e9n\u00e9fiques pour la peau. La lotion corporelle au magn\u00e9sium contient de l&#8217;huile de magn\u00e9sium 30% BetterYou combin\u00e9e \u00e0 du beurre de karit\u00e9, du [&#8230;]\n","protected":false},"featured_media":241981,"comment_status":"open","ping_status":"open","template":"","meta":[],"product_brand":[4663],"product_cat":[5114,5155,5066,5064,5052,5084,5085,5053],"product_tag":[],"class_list":{"0":"post-280413","1":"product","2":"type-product","3":"status-publish","4":"has-post-thumbnail","6":"product_brand-betteryou-2","7":"product_cat-beaute","8":"product_cat-cosmetiques","9":"product_cat-magnesium-mineraux-simples","10":"product_cat-mineraux-simples","11":"product_cat-sante-et-bien-etre","12":"product_cat-soutien-conjoint","13":"product_cat-soutien-pour-les-articulations","14":"product_cat-vitamines-et-mineraux","16":"first","17":"instock","18":"taxable","19":"shipping-taxable","20":"purchasable","21":"product-type-simple"},"yoast_head":"<!-- This site is optimized with the Yoast SEO Premium plugin v27.3 (Yoast SEO v27.3) - https:\/\/yoast.com\/product\/yoast-seo-premium-wordpress\/ -->\n<title>Lotion pour le corps au magn\u00e9sium - 180 ml. - ECO Supplements<\/title>\n<meta name=\"description\" content=\"Wij hebben een ruime keuze aan producten van Lotion pour le corps au magn\u00e9sium - 180 ml. . Winkel bij Eco Supplements altijd gratis verzending boven 100\u20ac\" \/>\n<meta name=\"robots\" content=\"index, follow, max-snippet:-1, max-image-preview:large, max-video-preview:-1\" \/>\n<link rel=\"canonical\" href=\"https:\/\/ecosupplements.be\/fr\/produit\/lotion-pour-le-corps-au-magnesium-180-ml\/\" \/>\n<meta property=\"og:locale\" content=\"fr_FR\" \/>\n<meta property=\"og:type\" content=\"article\" \/>\n<meta property=\"og:title\" content=\"Lotion pour le corps au magn\u00e9sium - 180 ml.\" \/>\n<meta property=\"og:description\" content=\"Wij hebben een ruime keuze aan producten van Lotion pour le corps au magn\u00e9sium - 180 ml. . Winkel bij Eco Supplements altijd gratis verzending boven 100\u20ac\" \/>\n<meta property=\"og:url\" content=\"https:\/\/ecosupplements.be\/fr\/produit\/lotion-pour-le-corps-au-magnesium-180-ml\/\" \/>\n<meta property=\"og:site_name\" content=\"ECO Supplements\" \/>\n<meta property=\"article:modified_time\" content=\"2025-08-27T09:22:37+00:00\" \/>\n<meta property=\"og:image\" content=\"https:\/\/ecosupplements.be\/wp-content\/uploads\/2025\/08\/BetterYou-Magnesium-Skin-Body-Lotion-180-ml.jpg\" \/>\n\t<meta property=\"og:image:width\" content=\"750\" \/>\n\t<meta property=\"og:image:height\" content=\"750\" \/>\n\t<meta property=\"og:image:type\" content=\"image\/jpeg\" \/>\n<meta name=\"twitter:card\" content=\"summary_large_image\" \/>\n<meta name=\"twitter:label1\" content=\"Prix\" \/>\n\t<meta name=\"twitter:data1\" content=\"11.09&nbsp;&euro;\" \/>\n\t<meta name=\"twitter:label2\" content=\"Disponibilit\u00e9\" \/>\n\t<meta name=\"twitter:data2\" content=\"En stock\" \/>\n<script type=\"application\/ld+json\" class=\"yoast-schema-graph\">{\"@context\":\"https:\\\/\\\/schema.org\",\"@graph\":[{\"@type\":[\"WebPage\",\"ItemPage\"],\"@id\":\"https:\\\/\\\/ecosupplements.be\\\/fr\\\/produit\\\/lotion-pour-le-corps-au-magnesium-180-ml\\\/\",\"url\":\"https:\\\/\\\/ecosupplements.be\\\/fr\\\/produit\\\/lotion-pour-le-corps-au-magnesium-180-ml\\\/\",\"name\":\"Lotion pour le corps au magn\u00e9sium - 180 ml. - ECO Supplements\",\"isPartOf\":{\"@id\":\"https:\\\/\\\/ecosupplements.be\\\/fr\\\/#website\"},\"primaryImageOfPage\":{\"@id\":\"https:\\\/\\\/ecosupplements.be\\\/fr\\\/produit\\\/lotion-pour-le-corps-au-magnesium-180-ml\\\/#primaryimage\"},\"image\":{\"@id\":\"https:\\\/\\\/ecosupplements.be\\\/fr\\\/produit\\\/lotion-pour-le-corps-au-magnesium-180-ml\\\/#primaryimage\"},\"thumbnailUrl\":\"https:\\\/\\\/ecosupplements.be\\\/wp-content\\\/uploads\\\/2025\\\/08\\\/BetterYou-Magnesium-Skin-Body-Lotion-180-ml-1.jpg\",\"datePublished\":\"2022-06-28T09:05:42+00:00\",\"dateModified\":\"2025-08-27T09:22:37+00:00\",\"description\":\"Wij hebben een ruime keuze aan producten van Lotion pour le corps au magn\u00e9sium - 180 ml. . Winkel bij Eco Supplements altijd gratis verzending boven 100\u20ac\",\"breadcrumb\":{\"@id\":\"https:\\\/\\\/ecosupplements.be\\\/fr\\\/produit\\\/lotion-pour-le-corps-au-magnesium-180-ml\\\/#breadcrumb\"},\"inLanguage\":\"fr-FR\",\"potentialAction\":[{\"@type\":\"ReadAction\",\"target\":[\"https:\\\/\\\/ecosupplements.be\\\/fr\\\/produit\\\/lotion-pour-le-corps-au-magnesium-180-ml\\\/\"]}]},{\"@type\":\"ImageObject\",\"inLanguage\":\"fr-FR\",\"@id\":\"https:\\\/\\\/ecosupplements.be\\\/fr\\\/produit\\\/lotion-pour-le-corps-au-magnesium-180-ml\\\/#primaryimage\",\"url\":\"https:\\\/\\\/ecosupplements.be\\\/wp-content\\\/uploads\\\/2025\\\/08\\\/BetterYou-Magnesium-Skin-Body-Lotion-180-ml-1.jpg\",\"contentUrl\":\"https:\\\/\\\/ecosupplements.be\\\/wp-content\\\/uploads\\\/2025\\\/08\\\/BetterYou-Magnesium-Skin-Body-Lotion-180-ml-1.jpg\",\"width\":750,\"height\":750},{\"@type\":\"BreadcrumbList\",\"@id\":\"https:\\\/\\\/ecosupplements.be\\\/fr\\\/produit\\\/lotion-pour-le-corps-au-magnesium-180-ml\\\/#breadcrumb\",\"itemListElement\":[{\"@type\":\"ListItem\",\"position\":1,\"name\":\"Home\",\"item\":\"https:\\\/\\\/ecosupplements.be\\\/fr\\\/\"},{\"@type\":\"ListItem\",\"position\":2,\"name\":\"Boutique\",\"item\":\"https:\\\/\\\/ecosupplements.be\\\/fr\\\/boutique\\\/\"},{\"@type\":\"ListItem\",\"position\":3,\"name\":\"Lotion pour le corps au magn\u00e9sium &#8211; 180 ml.\"}]},{\"@type\":\"WebSite\",\"@id\":\"https:\\\/\\\/ecosupplements.be\\\/fr\\\/#website\",\"url\":\"https:\\\/\\\/ecosupplements.be\\\/fr\\\/\",\"name\":\"ECO Supplements\",\"description\":\"Eco Supplements - Gezonde supplementen\",\"publisher\":{\"@id\":\"https:\\\/\\\/ecosupplements.be\\\/fr\\\/#organization\"},\"potentialAction\":[{\"@type\":\"SearchAction\",\"target\":{\"@type\":\"EntryPoint\",\"urlTemplate\":\"https:\\\/\\\/ecosupplements.be\\\/fr\\\/?s={search_term_string}\"},\"query-input\":{\"@type\":\"PropertyValueSpecification\",\"valueRequired\":true,\"valueName\":\"search_term_string\"}}],\"inLanguage\":\"fr-FR\"},{\"@type\":\"Organization\",\"@id\":\"https:\\\/\\\/ecosupplements.be\\\/fr\\\/#organization\",\"name\":\"Eco Supplements\",\"url\":\"https:\\\/\\\/ecosupplements.be\\\/fr\\\/\",\"logo\":{\"@type\":\"ImageObject\",\"inLanguage\":\"fr-FR\",\"@id\":\"https:\\\/\\\/ecosupplements.be\\\/fr\\\/#\\\/schema\\\/logo\\\/image\\\/\",\"url\":\"https:\\\/\\\/ecosupplements.be\\\/wp-content\\\/uploads\\\/2022\\\/06\\\/ecosupplement-family.png\",\"contentUrl\":\"https:\\\/\\\/ecosupplements.be\\\/wp-content\\\/uploads\\\/2022\\\/06\\\/ecosupplement-family.png\",\"width\":593,\"height\":374,\"caption\":\"Eco Supplements\"},\"image\":{\"@id\":\"https:\\\/\\\/ecosupplements.be\\\/fr\\\/#\\\/schema\\\/logo\\\/image\\\/\"}}]}<\/script>\n<meta property=\"product:brand\" content=\"BetterYou\" \/>\n<meta property=\"product:price:amount\" content=\"11.09\" \/>\n<meta property=\"product:price:currency\" content=\"EUR\" \/>\n<meta property=\"og:availability\" content=\"instock\" \/>\n<meta property=\"product:availability\" content=\"instock\" \/>\n<meta property=\"product:retailer_item_id\" content=\"5060148521251\" \/>\n<meta property=\"product:condition\" content=\"new\" \/>\n<!-- \/ Yoast SEO Premium plugin. -->","yoast_head_json":{"title":"Lotion pour le corps au magn\u00e9sium - 180 ml. - ECO Supplements","description":"Wij hebben een ruime keuze aan producten van Lotion pour le corps au magn\u00e9sium - 180 ml. . Winkel bij Eco Supplements altijd gratis verzending boven 100\u20ac","robots":{"index":"index","follow":"follow","max-snippet":"max-snippet:-1","max-image-preview":"max-image-preview:large","max-video-preview":"max-video-preview:-1"},"canonical":"https:\/\/ecosupplements.be\/fr\/produit\/lotion-pour-le-corps-au-magnesium-180-ml\/","og_locale":"fr_FR","og_type":"article","og_title":"Lotion pour le corps au magn\u00e9sium - 180 ml.","og_description":"Wij hebben een ruime keuze aan producten van Lotion pour le corps au magn\u00e9sium - 180 ml. . Winkel bij Eco Supplements altijd gratis verzending boven 100\u20ac","og_url":"https:\/\/ecosupplements.be\/fr\/produit\/lotion-pour-le-corps-au-magnesium-180-ml\/","og_site_name":"ECO Supplements","article_modified_time":"2025-08-27T09:22:37+00:00","og_image":[{"width":750,"height":750,"url":"https:\/\/ecosupplements.be\/wp-content\/uploads\/2025\/08\/BetterYou-Magnesium-Skin-Body-Lotion-180-ml.jpg","type":"image\/jpeg"}],"twitter_card":"summary_large_image","twitter_misc":{"Prix":"11.09&nbsp;&euro;","Disponibilit\u00e9":"En stock"},"schema":{"@context":"https:\/\/schema.org","@graph":[{"@type":["WebPage","ItemPage"],"@id":"https:\/\/ecosupplements.be\/fr\/produit\/lotion-pour-le-corps-au-magnesium-180-ml\/","url":"https:\/\/ecosupplements.be\/fr\/produit\/lotion-pour-le-corps-au-magnesium-180-ml\/","name":"Lotion pour le corps au magn\u00e9sium - 180 ml. - ECO Supplements","isPartOf":{"@id":"https:\/\/ecosupplements.be\/fr\/#website"},"primaryImageOfPage":{"@id":"https:\/\/ecosupplements.be\/fr\/produit\/lotion-pour-le-corps-au-magnesium-180-ml\/#primaryimage"},"image":{"@id":"https:\/\/ecosupplements.be\/fr\/produit\/lotion-pour-le-corps-au-magnesium-180-ml\/#primaryimage"},"thumbnailUrl":"https:\/\/ecosupplements.be\/wp-content\/uploads\/2025\/08\/BetterYou-Magnesium-Skin-Body-Lotion-180-ml-1.jpg","datePublished":"2022-06-28T09:05:42+00:00","dateModified":"2025-08-27T09:22:37+00:00","description":"Wij hebben een ruime keuze aan producten van Lotion pour le corps au magn\u00e9sium - 180 ml. . Winkel bij Eco Supplements altijd gratis verzending boven 100\u20ac","breadcrumb":{"@id":"https:\/\/ecosupplements.be\/fr\/produit\/lotion-pour-le-corps-au-magnesium-180-ml\/#breadcrumb"},"inLanguage":"fr-FR","potentialAction":[{"@type":"ReadAction","target":["https:\/\/ecosupplements.be\/fr\/produit\/lotion-pour-le-corps-au-magnesium-180-ml\/"]}]},{"@type":"ImageObject","inLanguage":"fr-FR","@id":"https:\/\/ecosupplements.be\/fr\/produit\/lotion-pour-le-corps-au-magnesium-180-ml\/#primaryimage","url":"https:\/\/ecosupplements.be\/wp-content\/uploads\/2025\/08\/BetterYou-Magnesium-Skin-Body-Lotion-180-ml-1.jpg","contentUrl":"https:\/\/ecosupplements.be\/wp-content\/uploads\/2025\/08\/BetterYou-Magnesium-Skin-Body-Lotion-180-ml-1.jpg","width":750,"height":750},{"@type":"BreadcrumbList","@id":"https:\/\/ecosupplements.be\/fr\/produit\/lotion-pour-le-corps-au-magnesium-180-ml\/#breadcrumb","itemListElement":[{"@type":"ListItem","position":1,"name":"Home","item":"https:\/\/ecosupplements.be\/fr\/"},{"@type":"ListItem","position":2,"name":"Boutique","item":"https:\/\/ecosupplements.be\/fr\/boutique\/"},{"@type":"ListItem","position":3,"name":"Lotion pour le corps au magn\u00e9sium &#8211; 180 ml."}]},{"@type":"WebSite","@id":"https:\/\/ecosupplements.be\/fr\/#website","url":"https:\/\/ecosupplements.be\/fr\/","name":"ECO Supplements","description":"Eco Supplements - Gezonde supplementen","publisher":{"@id":"https:\/\/ecosupplements.be\/fr\/#organization"},"potentialAction":[{"@type":"SearchAction","target":{"@type":"EntryPoint","urlTemplate":"https:\/\/ecosupplements.be\/fr\/?s={search_term_string}"},"query-input":{"@type":"PropertyValueSpecification","valueRequired":true,"valueName":"search_term_string"}}],"inLanguage":"fr-FR"},{"@type":"Organization","@id":"https:\/\/ecosupplements.be\/fr\/#organization","name":"Eco Supplements","url":"https:\/\/ecosupplements.be\/fr\/","logo":{"@type":"ImageObject","inLanguage":"fr-FR","@id":"https:\/\/ecosupplements.be\/fr\/#\/schema\/logo\/image\/","url":"https:\/\/ecosupplements.be\/wp-content\/uploads\/2022\/06\/ecosupplement-family.png","contentUrl":"https:\/\/ecosupplements.be\/wp-content\/uploads\/2022\/06\/ecosupplement-family.png","width":593,"height":374,"caption":"Eco Supplements"},"image":{"@id":"https:\/\/ecosupplements.be\/fr\/#\/schema\/logo\/image\/"}}]},"product_brand":"BetterYou","product_price_amount":"11.09","product_price_currency":"EUR","og_availability":"instock","product_availability":"instock","product_retailer_item_id":"5060148521251","product_condition":"new"},"_links":{"self":[{"href":"https:\/\/ecosupplements.be\/fr\/wp-json\/wp\/v2\/product\/280413","targetHints":{"allow":["GET"]}}],"collection":[{"href":"https:\/\/ecosupplements.be\/fr\/wp-json\/wp\/v2\/product"}],"about":[{"href":"https:\/\/ecosupplements.be\/fr\/wp-json\/wp\/v2\/types\/product"}],"replies":[{"embeddable":true,"href":"https:\/\/ecosupplements.be\/fr\/wp-json\/wp\/v2\/comments?post=280413"}],"wp:featuredmedia":[{"embeddable":true,"href":"https:\/\/ecosupplements.be\/fr\/wp-json\/wp\/v2\/media\/241981"}],"wp:attachment":[{"href":"https:\/\/ecosupplements.be\/fr\/wp-json\/wp\/v2\/media?parent=280413"}],"wp:term":[{"taxonomy":"product_brand","embeddable":true,"href":"https:\/\/ecosupplements.be\/fr\/wp-json\/wp\/v2\/product_brand?post=280413"},{"taxonomy":"product_cat","embeddable":true,"href":"https:\/\/ecosupplements.be\/fr\/wp-json\/wp\/v2\/product_cat?post=280413"},{"taxonomy":"product_tag","embeddable":true,"href":"https:\/\/ecosupplements.be\/fr\/wp-json\/wp\/v2\/product_tag?post=280413"}],"curies":[{"name":"wp","href":"https:\/\/api.w.org\/{rel}","templated":true}]}}