{"id":280415,"date":"2022-06-28T10:05:57","date_gmt":"2022-06-28T09:05:57","guid":{"rendered":"https:\/\/ecosupplements.be\/product\/lotion-minerale-sommeil-magnesium-junior-135-ml\/"},"modified":"2025-08-27T10:22:42","modified_gmt":"2025-08-27T09:22:42","slug":"lotion-minerale-sommeil-magnesium-junior-135-ml","status":"publish","type":"product","link":"https:\/\/ecosupplements.be\/fr\/produit\/lotion-minerale-sommeil-magnesium-junior-135-ml\/","title":{"rendered":"Lotion min\u00e9rale sommeil magn\u00e9sium Junior &#8211; 135 ml."},"content":{"rendered":"<h1 style=\"text-align: center;\">BetterYou &#8211; Lotion min\u00e9rale sommeil au magn\u00e9sium Junior<\/h1>\n<p>Un \u00e9l\u00e9ment essentiel de la routine du coucher d&#8217;un enfant, la lotion de sommeil au magn\u00e9sium Junior combine le chlorure de magn\u00e9sium pour aider \u00e0 d\u00e9tendre les corps fatigu\u00e9s avec la lavande et la camomille pour ralentir l&#8217;activit\u00e9 sensorielle et calmer l&#8217;esprit.<\/p>\n<p>L&#8217;effet apaisant et calmant de ces ingr\u00e9dients aide votre enfant \u00e0 entrer dans un cycle de sommeil plus profond et plus soutenu, ce qui lui permet de se r\u00e9veiller plus frais.<\/p>\n<p>En massage sur la peau avant le coucher, le magn\u00e9sium BetterYou Zechstein commence \u00e0 \u00eatre absorb\u00e9 imm\u00e9diatement et favorise un effet relaxant sur le corps.<\/p>\n<p>Notre formule test\u00e9e dermatologiquement est exempte de parfum et de couleur synth\u00e9tiques.<\/p>\n<p>Convient aux peaux sensibles pour une utilisation \u00e0 partir de 1 an.<\/p>\n<p>Le magn\u00e9sium favorise le bien-\u00eatre g\u00e9n\u00e9ral et la relaxation. Il contribue naturellement au fonctionnement normal des muscles, \u00e0 l&#8217;absorption du calcium et au bon fonctionnement du syst\u00e8me immunitaire.<\/p>\n<p>Le magn\u00e9sium aide \u00e9galement \u00e0 am\u00e9liorer le repos et la r\u00e9cup\u00e9ration en contribuant \u00e0 la r\u00e9duction de la fatigue et de la lassitude, \u00e0 l&#8217;\u00e9quilibre \u00e9lectrolytique et soutient un m\u00e9tabolisme normal g\u00e9n\u00e9rateur d&#8217;\u00e9nergie.<\/p>\n<div class=\"facts-container\">\n<\/div>\n","protected":false},"excerpt":{"rendered":"<p>BetterYou &#8211; Lotion min\u00e9rale sommeil au magn\u00e9sium Junior Un \u00e9l\u00e9ment essentiel de la routine du coucher d&#8217;un enfant, la lotion de sommeil au magn\u00e9sium Junior combine le chlorure de magn\u00e9sium pour aider \u00e0 d\u00e9tendre les corps fatigu\u00e9s avec la lavande et la camomille pour ralentir l&#8217;activit\u00e9 sensorielle et calmer l&#8217;esprit. L&#8217;effet apaisant et calmant de [&#8230;]\n","protected":false},"featured_media":242000,"comment_status":"open","ping_status":"open","template":"","meta":[],"product_brand":[4663],"product_cat":[5155,5075,5066,5064,5116,5052,5053],"product_tag":[],"class_list":{"0":"post-280415","1":"product","2":"type-product","3":"status-publish","4":"has-post-thumbnail","6":"product_brand-betteryou-2","7":"product_cat-cosmetiques","8":"product_cat-la-sante-des-enfants","9":"product_cat-magnesium-mineraux-simples","10":"product_cat-mineraux-simples","11":"product_cat-sante-des-enfants","12":"product_cat-sante-et-bien-etre","13":"product_cat-vitamines-et-mineraux","15":"first","16":"instock","17":"taxable","18":"shipping-taxable","19":"purchasable","20":"product-type-simple"},"yoast_head":"<!-- This site is optimized with the Yoast SEO Premium plugin v27.3 (Yoast SEO v27.3) - https:\/\/yoast.com\/product\/yoast-seo-premium-wordpress\/ -->\n<title>Lotion min\u00e9rale sommeil magn\u00e9sium Junior - 135 ml. - ECO Supplements<\/title>\n<meta name=\"description\" content=\"Wij hebben een ruime keuze aan producten van Lotion min\u00e9rale sommeil magn\u00e9sium Junior - 135 ml. . Winkel bij Eco Supplements altijd gratis verzending boven 100\u20ac\" \/>\n<meta name=\"robots\" content=\"index, follow, max-snippet:-1, max-image-preview:large, max-video-preview:-1\" \/>\n<link rel=\"canonical\" href=\"https:\/\/ecosupplements.be\/fr\/produit\/lotion-minerale-sommeil-magnesium-junior-135-ml\/\" \/>\n<meta property=\"og:locale\" content=\"fr_FR\" \/>\n<meta property=\"og:type\" content=\"article\" \/>\n<meta property=\"og:title\" content=\"Lotion min\u00e9rale sommeil magn\u00e9sium Junior - 135 ml.\" \/>\n<meta property=\"og:description\" content=\"Wij hebben een ruime keuze aan producten van Lotion min\u00e9rale sommeil magn\u00e9sium Junior - 135 ml. . Winkel bij Eco Supplements altijd gratis verzending boven 100\u20ac\" \/>\n<meta property=\"og:url\" content=\"https:\/\/ecosupplements.be\/fr\/produit\/lotion-minerale-sommeil-magnesium-junior-135-ml\/\" \/>\n<meta property=\"og:site_name\" content=\"ECO Supplements\" \/>\n<meta property=\"article:modified_time\" content=\"2025-08-27T09:22:42+00:00\" \/>\n<meta property=\"og:image\" content=\"https:\/\/ecosupplements.be\/wp-content\/uploads\/2025\/08\/BetterYou-Magnesium-Sleep-Lotion-Junior-135-ml.jpg\" \/>\n\t<meta property=\"og:image:width\" content=\"750\" \/>\n\t<meta property=\"og:image:height\" content=\"750\" \/>\n\t<meta property=\"og:image:type\" content=\"image\/jpeg\" \/>\n<meta name=\"twitter:card\" content=\"summary_large_image\" \/>\n<meta name=\"twitter:label1\" content=\"Prix\" \/>\n\t<meta name=\"twitter:data1\" content=\"9.54&nbsp;&euro;\" \/>\n\t<meta name=\"twitter:label2\" content=\"Disponibilit\u00e9\" \/>\n\t<meta name=\"twitter:data2\" content=\"En stock\" \/>\n<script type=\"application\/ld+json\" class=\"yoast-schema-graph\">{\"@context\":\"https:\\\/\\\/schema.org\",\"@graph\":[{\"@type\":[\"WebPage\",\"ItemPage\"],\"@id\":\"https:\\\/\\\/ecosupplements.be\\\/fr\\\/produit\\\/lotion-minerale-sommeil-magnesium-junior-135-ml\\\/\",\"url\":\"https:\\\/\\\/ecosupplements.be\\\/fr\\\/produit\\\/lotion-minerale-sommeil-magnesium-junior-135-ml\\\/\",\"name\":\"Lotion min\u00e9rale sommeil magn\u00e9sium Junior - 135 ml. - ECO Supplements\",\"isPartOf\":{\"@id\":\"https:\\\/\\\/ecosupplements.be\\\/fr\\\/#website\"},\"primaryImageOfPage\":{\"@id\":\"https:\\\/\\\/ecosupplements.be\\\/fr\\\/produit\\\/lotion-minerale-sommeil-magnesium-junior-135-ml\\\/#primaryimage\"},\"image\":{\"@id\":\"https:\\\/\\\/ecosupplements.be\\\/fr\\\/produit\\\/lotion-minerale-sommeil-magnesium-junior-135-ml\\\/#primaryimage\"},\"thumbnailUrl\":\"https:\\\/\\\/ecosupplements.be\\\/wp-content\\\/uploads\\\/2025\\\/08\\\/BetterYou-Magnesium-Sleep-Lotion-Junior-135-ml-1.jpg\",\"datePublished\":\"2022-06-28T09:05:57+00:00\",\"dateModified\":\"2025-08-27T09:22:42+00:00\",\"description\":\"Wij hebben een ruime keuze aan producten van Lotion min\u00e9rale sommeil magn\u00e9sium Junior - 135 ml. . Winkel bij Eco Supplements altijd gratis verzending boven 100\u20ac\",\"breadcrumb\":{\"@id\":\"https:\\\/\\\/ecosupplements.be\\\/fr\\\/produit\\\/lotion-minerale-sommeil-magnesium-junior-135-ml\\\/#breadcrumb\"},\"inLanguage\":\"fr-FR\",\"potentialAction\":[{\"@type\":\"ReadAction\",\"target\":[\"https:\\\/\\\/ecosupplements.be\\\/fr\\\/produit\\\/lotion-minerale-sommeil-magnesium-junior-135-ml\\\/\"]}]},{\"@type\":\"ImageObject\",\"inLanguage\":\"fr-FR\",\"@id\":\"https:\\\/\\\/ecosupplements.be\\\/fr\\\/produit\\\/lotion-minerale-sommeil-magnesium-junior-135-ml\\\/#primaryimage\",\"url\":\"https:\\\/\\\/ecosupplements.be\\\/wp-content\\\/uploads\\\/2025\\\/08\\\/BetterYou-Magnesium-Sleep-Lotion-Junior-135-ml-1.jpg\",\"contentUrl\":\"https:\\\/\\\/ecosupplements.be\\\/wp-content\\\/uploads\\\/2025\\\/08\\\/BetterYou-Magnesium-Sleep-Lotion-Junior-135-ml-1.jpg\",\"width\":750,\"height\":750},{\"@type\":\"BreadcrumbList\",\"@id\":\"https:\\\/\\\/ecosupplements.be\\\/fr\\\/produit\\\/lotion-minerale-sommeil-magnesium-junior-135-ml\\\/#breadcrumb\",\"itemListElement\":[{\"@type\":\"ListItem\",\"position\":1,\"name\":\"Home\",\"item\":\"https:\\\/\\\/ecosupplements.be\\\/fr\\\/\"},{\"@type\":\"ListItem\",\"position\":2,\"name\":\"Boutique\",\"item\":\"https:\\\/\\\/ecosupplements.be\\\/fr\\\/boutique\\\/\"},{\"@type\":\"ListItem\",\"position\":3,\"name\":\"Lotion min\u00e9rale sommeil magn\u00e9sium Junior &#8211; 135 ml.\"}]},{\"@type\":\"WebSite\",\"@id\":\"https:\\\/\\\/ecosupplements.be\\\/fr\\\/#website\",\"url\":\"https:\\\/\\\/ecosupplements.be\\\/fr\\\/\",\"name\":\"ECO Supplements\",\"description\":\"Eco Supplements - Gezonde supplementen\",\"publisher\":{\"@id\":\"https:\\\/\\\/ecosupplements.be\\\/fr\\\/#organization\"},\"potentialAction\":[{\"@type\":\"SearchAction\",\"target\":{\"@type\":\"EntryPoint\",\"urlTemplate\":\"https:\\\/\\\/ecosupplements.be\\\/fr\\\/?s={search_term_string}\"},\"query-input\":{\"@type\":\"PropertyValueSpecification\",\"valueRequired\":true,\"valueName\":\"search_term_string\"}}],\"inLanguage\":\"fr-FR\"},{\"@type\":\"Organization\",\"@id\":\"https:\\\/\\\/ecosupplements.be\\\/fr\\\/#organization\",\"name\":\"Eco Supplements\",\"url\":\"https:\\\/\\\/ecosupplements.be\\\/fr\\\/\",\"logo\":{\"@type\":\"ImageObject\",\"inLanguage\":\"fr-FR\",\"@id\":\"https:\\\/\\\/ecosupplements.be\\\/fr\\\/#\\\/schema\\\/logo\\\/image\\\/\",\"url\":\"https:\\\/\\\/ecosupplements.be\\\/wp-content\\\/uploads\\\/2022\\\/06\\\/ecosupplement-family.png\",\"contentUrl\":\"https:\\\/\\\/ecosupplements.be\\\/wp-content\\\/uploads\\\/2022\\\/06\\\/ecosupplement-family.png\",\"width\":593,\"height\":374,\"caption\":\"Eco Supplements\"},\"image\":{\"@id\":\"https:\\\/\\\/ecosupplements.be\\\/fr\\\/#\\\/schema\\\/logo\\\/image\\\/\"}}]}<\/script>\n<meta property=\"product:brand\" content=\"BetterYou\" \/>\n<meta property=\"product:price:amount\" content=\"9.54\" \/>\n<meta property=\"product:price:currency\" content=\"EUR\" \/>\n<meta property=\"og:availability\" content=\"instock\" \/>\n<meta property=\"product:availability\" content=\"instock\" \/>\n<meta property=\"product:retailer_item_id\" content=\"5060148522258\" \/>\n<meta property=\"product:condition\" content=\"new\" \/>\n<!-- \/ Yoast SEO Premium plugin. -->","yoast_head_json":{"title":"Lotion min\u00e9rale sommeil magn\u00e9sium Junior - 135 ml. - ECO Supplements","description":"Wij hebben een ruime keuze aan producten van Lotion min\u00e9rale sommeil magn\u00e9sium Junior - 135 ml. . Winkel bij Eco Supplements altijd gratis verzending boven 100\u20ac","robots":{"index":"index","follow":"follow","max-snippet":"max-snippet:-1","max-image-preview":"max-image-preview:large","max-video-preview":"max-video-preview:-1"},"canonical":"https:\/\/ecosupplements.be\/fr\/produit\/lotion-minerale-sommeil-magnesium-junior-135-ml\/","og_locale":"fr_FR","og_type":"article","og_title":"Lotion min\u00e9rale sommeil magn\u00e9sium Junior - 135 ml.","og_description":"Wij hebben een ruime keuze aan producten van Lotion min\u00e9rale sommeil magn\u00e9sium Junior - 135 ml. . Winkel bij Eco Supplements altijd gratis verzending boven 100\u20ac","og_url":"https:\/\/ecosupplements.be\/fr\/produit\/lotion-minerale-sommeil-magnesium-junior-135-ml\/","og_site_name":"ECO Supplements","article_modified_time":"2025-08-27T09:22:42+00:00","og_image":[{"width":750,"height":750,"url":"https:\/\/ecosupplements.be\/wp-content\/uploads\/2025\/08\/BetterYou-Magnesium-Sleep-Lotion-Junior-135-ml.jpg","type":"image\/jpeg"}],"twitter_card":"summary_large_image","twitter_misc":{"Prix":"9.54&nbsp;&euro;","Disponibilit\u00e9":"En stock"},"schema":{"@context":"https:\/\/schema.org","@graph":[{"@type":["WebPage","ItemPage"],"@id":"https:\/\/ecosupplements.be\/fr\/produit\/lotion-minerale-sommeil-magnesium-junior-135-ml\/","url":"https:\/\/ecosupplements.be\/fr\/produit\/lotion-minerale-sommeil-magnesium-junior-135-ml\/","name":"Lotion min\u00e9rale sommeil magn\u00e9sium Junior - 135 ml. - ECO Supplements","isPartOf":{"@id":"https:\/\/ecosupplements.be\/fr\/#website"},"primaryImageOfPage":{"@id":"https:\/\/ecosupplements.be\/fr\/produit\/lotion-minerale-sommeil-magnesium-junior-135-ml\/#primaryimage"},"image":{"@id":"https:\/\/ecosupplements.be\/fr\/produit\/lotion-minerale-sommeil-magnesium-junior-135-ml\/#primaryimage"},"thumbnailUrl":"https:\/\/ecosupplements.be\/wp-content\/uploads\/2025\/08\/BetterYou-Magnesium-Sleep-Lotion-Junior-135-ml-1.jpg","datePublished":"2022-06-28T09:05:57+00:00","dateModified":"2025-08-27T09:22:42+00:00","description":"Wij hebben een ruime keuze aan producten van Lotion min\u00e9rale sommeil magn\u00e9sium Junior - 135 ml. . Winkel bij Eco Supplements altijd gratis verzending boven 100\u20ac","breadcrumb":{"@id":"https:\/\/ecosupplements.be\/fr\/produit\/lotion-minerale-sommeil-magnesium-junior-135-ml\/#breadcrumb"},"inLanguage":"fr-FR","potentialAction":[{"@type":"ReadAction","target":["https:\/\/ecosupplements.be\/fr\/produit\/lotion-minerale-sommeil-magnesium-junior-135-ml\/"]}]},{"@type":"ImageObject","inLanguage":"fr-FR","@id":"https:\/\/ecosupplements.be\/fr\/produit\/lotion-minerale-sommeil-magnesium-junior-135-ml\/#primaryimage","url":"https:\/\/ecosupplements.be\/wp-content\/uploads\/2025\/08\/BetterYou-Magnesium-Sleep-Lotion-Junior-135-ml-1.jpg","contentUrl":"https:\/\/ecosupplements.be\/wp-content\/uploads\/2025\/08\/BetterYou-Magnesium-Sleep-Lotion-Junior-135-ml-1.jpg","width":750,"height":750},{"@type":"BreadcrumbList","@id":"https:\/\/ecosupplements.be\/fr\/produit\/lotion-minerale-sommeil-magnesium-junior-135-ml\/#breadcrumb","itemListElement":[{"@type":"ListItem","position":1,"name":"Home","item":"https:\/\/ecosupplements.be\/fr\/"},{"@type":"ListItem","position":2,"name":"Boutique","item":"https:\/\/ecosupplements.be\/fr\/boutique\/"},{"@type":"ListItem","position":3,"name":"Lotion min\u00e9rale sommeil magn\u00e9sium Junior &#8211; 135 ml."}]},{"@type":"WebSite","@id":"https:\/\/ecosupplements.be\/fr\/#website","url":"https:\/\/ecosupplements.be\/fr\/","name":"ECO Supplements","description":"Eco Supplements - Gezonde supplementen","publisher":{"@id":"https:\/\/ecosupplements.be\/fr\/#organization"},"potentialAction":[{"@type":"SearchAction","target":{"@type":"EntryPoint","urlTemplate":"https:\/\/ecosupplements.be\/fr\/?s={search_term_string}"},"query-input":{"@type":"PropertyValueSpecification","valueRequired":true,"valueName":"search_term_string"}}],"inLanguage":"fr-FR"},{"@type":"Organization","@id":"https:\/\/ecosupplements.be\/fr\/#organization","name":"Eco Supplements","url":"https:\/\/ecosupplements.be\/fr\/","logo":{"@type":"ImageObject","inLanguage":"fr-FR","@id":"https:\/\/ecosupplements.be\/fr\/#\/schema\/logo\/image\/","url":"https:\/\/ecosupplements.be\/wp-content\/uploads\/2022\/06\/ecosupplement-family.png","contentUrl":"https:\/\/ecosupplements.be\/wp-content\/uploads\/2022\/06\/ecosupplement-family.png","width":593,"height":374,"caption":"Eco Supplements"},"image":{"@id":"https:\/\/ecosupplements.be\/fr\/#\/schema\/logo\/image\/"}}]},"product_brand":"BetterYou","product_price_amount":"9.54","product_price_currency":"EUR","og_availability":"instock","product_availability":"instock","product_retailer_item_id":"5060148522258","product_condition":"new"},"_links":{"self":[{"href":"https:\/\/ecosupplements.be\/fr\/wp-json\/wp\/v2\/product\/280415","targetHints":{"allow":["GET"]}}],"collection":[{"href":"https:\/\/ecosupplements.be\/fr\/wp-json\/wp\/v2\/product"}],"about":[{"href":"https:\/\/ecosupplements.be\/fr\/wp-json\/wp\/v2\/types\/product"}],"replies":[{"embeddable":true,"href":"https:\/\/ecosupplements.be\/fr\/wp-json\/wp\/v2\/comments?post=280415"}],"wp:featuredmedia":[{"embeddable":true,"href":"https:\/\/ecosupplements.be\/fr\/wp-json\/wp\/v2\/media\/242000"}],"wp:attachment":[{"href":"https:\/\/ecosupplements.be\/fr\/wp-json\/wp\/v2\/media?parent=280415"}],"wp:term":[{"taxonomy":"product_brand","embeddable":true,"href":"https:\/\/ecosupplements.be\/fr\/wp-json\/wp\/v2\/product_brand?post=280415"},{"taxonomy":"product_cat","embeddable":true,"href":"https:\/\/ecosupplements.be\/fr\/wp-json\/wp\/v2\/product_cat?post=280415"},{"taxonomy":"product_tag","embeddable":true,"href":"https:\/\/ecosupplements.be\/fr\/wp-json\/wp\/v2\/product_tag?post=280415"}],"curies":[{"name":"wp","href":"https:\/\/api.w.org\/{rel}","templated":true}]}}