{"id":280477,"date":"2022-06-28T10:07:15","date_gmt":"2022-06-28T09:07:15","guid":{"rendered":"https:\/\/ecosupplements.be\/product\/zinc-chelate-30mg-100-comprimes\/"},"modified":"2025-08-27T10:26:39","modified_gmt":"2025-08-27T09:26:39","slug":"zinc-chelate-30mg-100-comprimes","status":"publish","type":"product","link":"https:\/\/ecosupplements.be\/fr\/produit\/zinc-chelate-30mg-100-comprimes\/","title":{"rendered":"Zinc ch\u00e9lat\u00e9, 30mg &#8211; 100 comprim\u00e9s"},"content":{"rendered":"<h1 style=\"text-align: center;\">Carlson Labs &#8211; Zinc ch\u00e9lat\u00e9<\/h1>\n<h3 style=\"text-align: center;\">Absorption sup\u00e9rieure<\/h3>\n<p>&#8211; soutient le fonctionnement du syst\u00e8me immunitaire<br \/>\n&nbsp;&#8211; Favorise la fonction enzymatique<br \/>\n&nbsp;&#8211; Fournit 30 mg de zinc<br \/>\n&nbsp;&#8211; Favorise une absorption optimale<br \/>\n&nbsp;&#8211; Potence et qualit\u00e9 garanties<\/p>\n<p>La plupart d&#8217;entre nous reconnaissent le zinc pour ses propri\u00e9t\u00e9s de renforcement du syst\u00e8me immunitaire et sa capacit\u00e9 \u00e0 aider \u00e0 combattre les radicaux libres, mais ce min\u00e9ral important offre bien d&#8217;autres avantages pour la sant\u00e9. Le zinc se trouve dans tous les tissus de notre corps et est directement impliqu\u00e9 dans la division cellulaire et la croissance normale, ainsi que dans plusieurs autres fonctions importantes. Certaines personnes ont des difficult\u00e9s \u00e0 absorber les suppl\u00e9ments de zinc standard, c&#8217;est pourquoi elles optent pour le zinc ch\u00e9lat\u00e9 de Carlson, m\u00e9lang\u00e9 \u00e0 l&#8217;important acide amin\u00e9 glycine pour une absorption optimale.<\/p>\n","protected":false},"excerpt":{"rendered":"<p>Carlson Labs &#8211; Zinc ch\u00e9lat\u00e9 Absorption sup\u00e9rieure &#8211; soutient le fonctionnement du syst\u00e8me immunitaire &nbsp;&#8211; Favorise la fonction enzymatique &nbsp;&#8211; Fournit 30 mg de zinc &nbsp;&#8211; Favorise une absorption optimale &nbsp;&#8211; Potence et qualit\u00e9 garanties La plupart d&#8217;entre nous reconnaissent le zinc pour ses propri\u00e9t\u00e9s de renforcement du syst\u00e8me immunitaire et sa capacit\u00e9 \u00e0 aider [&#8230;]\n","protected":false},"featured_media":242499,"comment_status":"open","ping_status":"open","template":"","meta":[],"product_brand":[4671],"product_cat":[5064,5052,5053,5107],"product_tag":[],"class_list":{"0":"post-280477","1":"product","2":"type-product","3":"status-publish","4":"has-post-thumbnail","6":"product_brand-carlson-labs-2","7":"product_cat-mineraux-simples","8":"product_cat-sante-et-bien-etre","9":"product_cat-vitamines-et-mineraux","10":"product_cat-zinc","12":"first","13":"instock","14":"taxable","15":"shipping-taxable","16":"purchasable","17":"product-type-simple"},"yoast_head":"<!-- This site is optimized with the Yoast SEO Premium plugin v27.3 (Yoast SEO v27.3) - https:\/\/yoast.com\/product\/yoast-seo-premium-wordpress\/ -->\n<title>Zinc ch\u00e9lat\u00e9, 30mg - 100 comprim\u00e9s - ECO Supplements<\/title>\n<meta name=\"description\" content=\"Wij hebben een ruime keuze aan producten van Zinc ch\u00e9lat\u00e9, 30mg - 100 comprim\u00e9s . Winkel bij Eco Supplements altijd gratis verzending boven 100\u20ac\" \/>\n<meta name=\"robots\" content=\"index, follow, max-snippet:-1, max-image-preview:large, max-video-preview:-1\" \/>\n<link rel=\"canonical\" href=\"https:\/\/ecosupplements.be\/fr\/produit\/zinc-chelate-30mg-100-comprimes\/\" \/>\n<meta property=\"og:locale\" content=\"fr_FR\" \/>\n<meta property=\"og:type\" content=\"article\" \/>\n<meta property=\"og:title\" content=\"Zinc ch\u00e9lat\u00e9, 30mg - 100 comprim\u00e9s\" \/>\n<meta property=\"og:description\" content=\"Wij hebben een ruime keuze aan producten van Zinc ch\u00e9lat\u00e9, 30mg - 100 comprim\u00e9s . Winkel bij Eco Supplements altijd gratis verzending boven 100\u20ac\" \/>\n<meta property=\"og:url\" content=\"https:\/\/ecosupplements.be\/fr\/produit\/zinc-chelate-30mg-100-comprimes\/\" \/>\n<meta property=\"og:site_name\" content=\"ECO Supplements\" \/>\n<meta property=\"article:modified_time\" content=\"2025-08-27T09:26:39+00:00\" \/>\n<meta property=\"og:image\" content=\"https:\/\/ecosupplements.be\/wp-content\/uploads\/2025\/08\/Carlson-Labs-Chelated-Zinc-100-tablets.jpg\" \/>\n\t<meta property=\"og:image:width\" content=\"750\" \/>\n\t<meta property=\"og:image:height\" content=\"750\" \/>\n\t<meta property=\"og:image:type\" content=\"image\/jpeg\" \/>\n<meta name=\"twitter:card\" content=\"summary_large_image\" \/>\n<meta name=\"twitter:label1\" content=\"Prix\" \/>\n\t<meta name=\"twitter:data1\" content=\"16.30&nbsp;&euro;\" \/>\n\t<meta name=\"twitter:label2\" content=\"Disponibilit\u00e9\" \/>\n\t<meta name=\"twitter:data2\" content=\"En stock\" \/>\n<script type=\"application\/ld+json\" class=\"yoast-schema-graph\">{\"@context\":\"https:\\\/\\\/schema.org\",\"@graph\":[{\"@type\":[\"WebPage\",\"ItemPage\"],\"@id\":\"https:\\\/\\\/ecosupplements.be\\\/fr\\\/produit\\\/zinc-chelate-30mg-100-comprimes\\\/\",\"url\":\"https:\\\/\\\/ecosupplements.be\\\/fr\\\/produit\\\/zinc-chelate-30mg-100-comprimes\\\/\",\"name\":\"Zinc ch\u00e9lat\u00e9, 30mg - 100 comprim\u00e9s - ECO Supplements\",\"isPartOf\":{\"@id\":\"https:\\\/\\\/ecosupplements.be\\\/fr\\\/#website\"},\"primaryImageOfPage\":{\"@id\":\"https:\\\/\\\/ecosupplements.be\\\/fr\\\/produit\\\/zinc-chelate-30mg-100-comprimes\\\/#primaryimage\"},\"image\":{\"@id\":\"https:\\\/\\\/ecosupplements.be\\\/fr\\\/produit\\\/zinc-chelate-30mg-100-comprimes\\\/#primaryimage\"},\"thumbnailUrl\":\"https:\\\/\\\/ecosupplements.be\\\/wp-content\\\/uploads\\\/2025\\\/08\\\/Carlson-Labs-Chelated-Zinc-100-tablets-1.jpg\",\"datePublished\":\"2022-06-28T09:07:15+00:00\",\"dateModified\":\"2025-08-27T09:26:39+00:00\",\"description\":\"Wij hebben een ruime keuze aan producten van Zinc ch\u00e9lat\u00e9, 30mg - 100 comprim\u00e9s . Winkel bij Eco Supplements altijd gratis verzending boven 100\u20ac\",\"breadcrumb\":{\"@id\":\"https:\\\/\\\/ecosupplements.be\\\/fr\\\/produit\\\/zinc-chelate-30mg-100-comprimes\\\/#breadcrumb\"},\"inLanguage\":\"fr-FR\",\"potentialAction\":[{\"@type\":\"ReadAction\",\"target\":[\"https:\\\/\\\/ecosupplements.be\\\/fr\\\/produit\\\/zinc-chelate-30mg-100-comprimes\\\/\"]}]},{\"@type\":\"ImageObject\",\"inLanguage\":\"fr-FR\",\"@id\":\"https:\\\/\\\/ecosupplements.be\\\/fr\\\/produit\\\/zinc-chelate-30mg-100-comprimes\\\/#primaryimage\",\"url\":\"https:\\\/\\\/ecosupplements.be\\\/wp-content\\\/uploads\\\/2025\\\/08\\\/Carlson-Labs-Chelated-Zinc-100-tablets-1.jpg\",\"contentUrl\":\"https:\\\/\\\/ecosupplements.be\\\/wp-content\\\/uploads\\\/2025\\\/08\\\/Carlson-Labs-Chelated-Zinc-100-tablets-1.jpg\",\"width\":750,\"height\":750},{\"@type\":\"BreadcrumbList\",\"@id\":\"https:\\\/\\\/ecosupplements.be\\\/fr\\\/produit\\\/zinc-chelate-30mg-100-comprimes\\\/#breadcrumb\",\"itemListElement\":[{\"@type\":\"ListItem\",\"position\":1,\"name\":\"Home\",\"item\":\"https:\\\/\\\/ecosupplements.be\\\/fr\\\/\"},{\"@type\":\"ListItem\",\"position\":2,\"name\":\"Boutique\",\"item\":\"https:\\\/\\\/ecosupplements.be\\\/fr\\\/boutique\\\/\"},{\"@type\":\"ListItem\",\"position\":3,\"name\":\"Zinc ch\u00e9lat\u00e9, 30mg &#8211; 100 comprim\u00e9s\"}]},{\"@type\":\"WebSite\",\"@id\":\"https:\\\/\\\/ecosupplements.be\\\/fr\\\/#website\",\"url\":\"https:\\\/\\\/ecosupplements.be\\\/fr\\\/\",\"name\":\"ECO Supplements\",\"description\":\"Eco Supplements - Gezonde supplementen\",\"publisher\":{\"@id\":\"https:\\\/\\\/ecosupplements.be\\\/fr\\\/#organization\"},\"potentialAction\":[{\"@type\":\"SearchAction\",\"target\":{\"@type\":\"EntryPoint\",\"urlTemplate\":\"https:\\\/\\\/ecosupplements.be\\\/fr\\\/?s={search_term_string}\"},\"query-input\":{\"@type\":\"PropertyValueSpecification\",\"valueRequired\":true,\"valueName\":\"search_term_string\"}}],\"inLanguage\":\"fr-FR\"},{\"@type\":\"Organization\",\"@id\":\"https:\\\/\\\/ecosupplements.be\\\/fr\\\/#organization\",\"name\":\"Eco Supplements\",\"url\":\"https:\\\/\\\/ecosupplements.be\\\/fr\\\/\",\"logo\":{\"@type\":\"ImageObject\",\"inLanguage\":\"fr-FR\",\"@id\":\"https:\\\/\\\/ecosupplements.be\\\/fr\\\/#\\\/schema\\\/logo\\\/image\\\/\",\"url\":\"https:\\\/\\\/ecosupplements.be\\\/wp-content\\\/uploads\\\/2022\\\/06\\\/ecosupplement-family.png\",\"contentUrl\":\"https:\\\/\\\/ecosupplements.be\\\/wp-content\\\/uploads\\\/2022\\\/06\\\/ecosupplement-family.png\",\"width\":593,\"height\":374,\"caption\":\"Eco Supplements\"},\"image\":{\"@id\":\"https:\\\/\\\/ecosupplements.be\\\/fr\\\/#\\\/schema\\\/logo\\\/image\\\/\"}}]}<\/script>\n<meta property=\"product:brand\" content=\"Carlson Labs\" \/>\n<meta property=\"product:price:amount\" content=\"16.30\" \/>\n<meta property=\"product:price:currency\" content=\"EUR\" \/>\n<meta property=\"og:availability\" content=\"instock\" \/>\n<meta property=\"product:availability\" content=\"instock\" \/>\n<meta property=\"product:retailer_item_id\" content=\"088395057717\" \/>\n<meta property=\"product:condition\" content=\"new\" \/>\n<!-- \/ Yoast SEO Premium plugin. -->","yoast_head_json":{"title":"Zinc ch\u00e9lat\u00e9, 30mg - 100 comprim\u00e9s - ECO Supplements","description":"Wij hebben een ruime keuze aan producten van Zinc ch\u00e9lat\u00e9, 30mg - 100 comprim\u00e9s . Winkel bij Eco Supplements altijd gratis verzending boven 100\u20ac","robots":{"index":"index","follow":"follow","max-snippet":"max-snippet:-1","max-image-preview":"max-image-preview:large","max-video-preview":"max-video-preview:-1"},"canonical":"https:\/\/ecosupplements.be\/fr\/produit\/zinc-chelate-30mg-100-comprimes\/","og_locale":"fr_FR","og_type":"article","og_title":"Zinc ch\u00e9lat\u00e9, 30mg - 100 comprim\u00e9s","og_description":"Wij hebben een ruime keuze aan producten van Zinc ch\u00e9lat\u00e9, 30mg - 100 comprim\u00e9s . Winkel bij Eco Supplements altijd gratis verzending boven 100\u20ac","og_url":"https:\/\/ecosupplements.be\/fr\/produit\/zinc-chelate-30mg-100-comprimes\/","og_site_name":"ECO Supplements","article_modified_time":"2025-08-27T09:26:39+00:00","og_image":[{"width":750,"height":750,"url":"https:\/\/ecosupplements.be\/wp-content\/uploads\/2025\/08\/Carlson-Labs-Chelated-Zinc-100-tablets.jpg","type":"image\/jpeg"}],"twitter_card":"summary_large_image","twitter_misc":{"Prix":"16.30&nbsp;&euro;","Disponibilit\u00e9":"En stock"},"schema":{"@context":"https:\/\/schema.org","@graph":[{"@type":["WebPage","ItemPage"],"@id":"https:\/\/ecosupplements.be\/fr\/produit\/zinc-chelate-30mg-100-comprimes\/","url":"https:\/\/ecosupplements.be\/fr\/produit\/zinc-chelate-30mg-100-comprimes\/","name":"Zinc ch\u00e9lat\u00e9, 30mg - 100 comprim\u00e9s - ECO Supplements","isPartOf":{"@id":"https:\/\/ecosupplements.be\/fr\/#website"},"primaryImageOfPage":{"@id":"https:\/\/ecosupplements.be\/fr\/produit\/zinc-chelate-30mg-100-comprimes\/#primaryimage"},"image":{"@id":"https:\/\/ecosupplements.be\/fr\/produit\/zinc-chelate-30mg-100-comprimes\/#primaryimage"},"thumbnailUrl":"https:\/\/ecosupplements.be\/wp-content\/uploads\/2025\/08\/Carlson-Labs-Chelated-Zinc-100-tablets-1.jpg","datePublished":"2022-06-28T09:07:15+00:00","dateModified":"2025-08-27T09:26:39+00:00","description":"Wij hebben een ruime keuze aan producten van Zinc ch\u00e9lat\u00e9, 30mg - 100 comprim\u00e9s . Winkel bij Eco Supplements altijd gratis verzending boven 100\u20ac","breadcrumb":{"@id":"https:\/\/ecosupplements.be\/fr\/produit\/zinc-chelate-30mg-100-comprimes\/#breadcrumb"},"inLanguage":"fr-FR","potentialAction":[{"@type":"ReadAction","target":["https:\/\/ecosupplements.be\/fr\/produit\/zinc-chelate-30mg-100-comprimes\/"]}]},{"@type":"ImageObject","inLanguage":"fr-FR","@id":"https:\/\/ecosupplements.be\/fr\/produit\/zinc-chelate-30mg-100-comprimes\/#primaryimage","url":"https:\/\/ecosupplements.be\/wp-content\/uploads\/2025\/08\/Carlson-Labs-Chelated-Zinc-100-tablets-1.jpg","contentUrl":"https:\/\/ecosupplements.be\/wp-content\/uploads\/2025\/08\/Carlson-Labs-Chelated-Zinc-100-tablets-1.jpg","width":750,"height":750},{"@type":"BreadcrumbList","@id":"https:\/\/ecosupplements.be\/fr\/produit\/zinc-chelate-30mg-100-comprimes\/#breadcrumb","itemListElement":[{"@type":"ListItem","position":1,"name":"Home","item":"https:\/\/ecosupplements.be\/fr\/"},{"@type":"ListItem","position":2,"name":"Boutique","item":"https:\/\/ecosupplements.be\/fr\/boutique\/"},{"@type":"ListItem","position":3,"name":"Zinc ch\u00e9lat\u00e9, 30mg &#8211; 100 comprim\u00e9s"}]},{"@type":"WebSite","@id":"https:\/\/ecosupplements.be\/fr\/#website","url":"https:\/\/ecosupplements.be\/fr\/","name":"ECO Supplements","description":"Eco Supplements - Gezonde supplementen","publisher":{"@id":"https:\/\/ecosupplements.be\/fr\/#organization"},"potentialAction":[{"@type":"SearchAction","target":{"@type":"EntryPoint","urlTemplate":"https:\/\/ecosupplements.be\/fr\/?s={search_term_string}"},"query-input":{"@type":"PropertyValueSpecification","valueRequired":true,"valueName":"search_term_string"}}],"inLanguage":"fr-FR"},{"@type":"Organization","@id":"https:\/\/ecosupplements.be\/fr\/#organization","name":"Eco Supplements","url":"https:\/\/ecosupplements.be\/fr\/","logo":{"@type":"ImageObject","inLanguage":"fr-FR","@id":"https:\/\/ecosupplements.be\/fr\/#\/schema\/logo\/image\/","url":"https:\/\/ecosupplements.be\/wp-content\/uploads\/2022\/06\/ecosupplement-family.png","contentUrl":"https:\/\/ecosupplements.be\/wp-content\/uploads\/2022\/06\/ecosupplement-family.png","width":593,"height":374,"caption":"Eco Supplements"},"image":{"@id":"https:\/\/ecosupplements.be\/fr\/#\/schema\/logo\/image\/"}}]},"product_brand":"Carlson Labs","product_price_amount":"16.30","product_price_currency":"EUR","og_availability":"instock","product_availability":"instock","product_retailer_item_id":"088395057717","product_condition":"new"},"_links":{"self":[{"href":"https:\/\/ecosupplements.be\/fr\/wp-json\/wp\/v2\/product\/280477","targetHints":{"allow":["GET"]}}],"collection":[{"href":"https:\/\/ecosupplements.be\/fr\/wp-json\/wp\/v2\/product"}],"about":[{"href":"https:\/\/ecosupplements.be\/fr\/wp-json\/wp\/v2\/types\/product"}],"replies":[{"embeddable":true,"href":"https:\/\/ecosupplements.be\/fr\/wp-json\/wp\/v2\/comments?post=280477"}],"wp:featuredmedia":[{"embeddable":true,"href":"https:\/\/ecosupplements.be\/fr\/wp-json\/wp\/v2\/media\/242499"}],"wp:attachment":[{"href":"https:\/\/ecosupplements.be\/fr\/wp-json\/wp\/v2\/media?parent=280477"}],"wp:term":[{"taxonomy":"product_brand","embeddable":true,"href":"https:\/\/ecosupplements.be\/fr\/wp-json\/wp\/v2\/product_brand?post=280477"},{"taxonomy":"product_cat","embeddable":true,"href":"https:\/\/ecosupplements.be\/fr\/wp-json\/wp\/v2\/product_cat?post=280477"},{"taxonomy":"product_tag","embeddable":true,"href":"https:\/\/ecosupplements.be\/fr\/wp-json\/wp\/v2\/product_tag?post=280477"}],"curies":[{"name":"wp","href":"https:\/\/api.w.org\/{rel}","templated":true}]}}