{"id":280502,"date":"2022-06-28T10:07:32","date_gmt":"2022-06-28T09:07:32","guid":{"rendered":"https:\/\/ecosupplements.be\/product\/super-daily-d3-2000-iu-10-ml\/"},"modified":"2025-08-27T10:27:50","modified_gmt":"2025-08-27T09:27:50","slug":"super-daily-d3-2000-iu-10-ml","status":"publish","type":"product","link":"https:\/\/ecosupplements.be\/fr\/produit\/super-daily-d3-2000-iu-10-ml\/","title":{"rendered":"Super Daily D3, 2000 IU &#8211; 10 ml."},"content":{"rendered":"<h1 style=\"text-align: center;\">Laboratoires Carlson &#8211; Super Daily D3<\/h1>\n<p>Soutient la sant\u00e9 du syst\u00e8me cardiovasculaire et du syst\u00e8me immunitaire.<br \/>\nFavorise la sant\u00e9 des dents, des os et des muscles.<br \/>\n2 000 UI de vitamine D concentr\u00e9e dans chaque goutte liquide.<br \/>\nPlacez une goutte dans votre nourriture ou votre boisson ou directement sur votre langue.<br \/>\nNon aromatis\u00e9 et sans arri\u00e8re-go\u00fbt.<br \/>\nChaque bouteille contient 365 gouttes.<br \/>\nNon-OGM.<br \/>\nPotence et qualit\u00e9 garanties.<br \/>\nCarlson Super Daily D3 est un suppl\u00e9ment naturel de vitamine D3 destin\u00e9 \u00e0 ceux qui n&#8217;en obtiennent pas suffisamment par l&#8217;alimentation ou le soleil. La vitamine D est un nutriment superstar li\u00e9 \u00e0 de nombreux avantages pour la sant\u00e9. Ce qui la rend si unique, c&#8217;est qu&#8217;il s&#8217;agit d&#8217;une vitamine que vous pouvez obtenir par l&#8217;alimentation et aussi d&#8217;une hormone que votre corps fabrique gr\u00e2ce au soleil. Malgr\u00e9 les multiples fa\u00e7ons d&#8217;obtenir de la vitamine D, beaucoup sont encore carenc\u00e9s en raison des changements de saisons, de la cr\u00e8me solaire, de la couleur de la peau, de l&#8217;\u00e2ge et de la protection solaire. Obtenez votre dose quotidienne de vitamine D3 en pla\u00e7ant une goutte de Super Daily D3 dans votre nourriture ou votre boisson ou directement sur votre langue. Chaque goutte de Super Daily D3 fournit 2 000 UI de vitamine D concentr\u00e9e.<\/p>\n<p><img decoding=\"async\" src=\"https:\/\/ecosupplements.be\/wp-content\/uploads\/2025\/08\/gluten-free-1.png\" title=\"Sans gluten\" alt=\"Gluten free\"><img decoding=\"async\" src=\"https:\/\/ecosupplements.be\/wp-content\/uploads\/2025\/08\/non-gmo-1.png\" title=\"Non-OGM\" alt=\"Non-GMO\"><\/p>\n","protected":false},"excerpt":{"rendered":"<p>Laboratoires Carlson &#8211; Super Daily D3 Soutient la sant\u00e9 du syst\u00e8me cardiovasculaire et du syst\u00e8me immunitaire. Favorise la sant\u00e9 des dents, des os et des muscles. 2 000 UI de vitamine D concentr\u00e9e dans chaque goutte liquide. Placez une goutte dans votre nourriture ou votre boisson ou directement sur votre langue. Non aromatis\u00e9 et sans [&#8230;]\n","protected":false},"featured_media":242626,"comment_status":"open","ping_status":"open","template":"","meta":[],"product_brand":[4671],"product_cat":[5061,5052,5060,5053,5059],"product_tag":[],"class_list":{"0":"post-280502","1":"product","2":"type-product","3":"status-publish","4":"has-post-thumbnail","6":"product_brand-carlson-labs-2","7":"product_cat-d3-vitamine-d-vitamines-simples","8":"product_cat-sante-et-bien-etre","9":"product_cat-vitamine-d-vitamines-simples","10":"product_cat-vitamines-et-mineraux","11":"product_cat-vitamines-simples","13":"first","14":"instock","15":"sale","16":"taxable","17":"shipping-taxable","18":"purchasable","19":"product-type-simple"},"yoast_head":"<!-- This site is optimized with the Yoast SEO Premium plugin v27.3 (Yoast SEO v27.3) - https:\/\/yoast.com\/product\/yoast-seo-premium-wordpress\/ -->\n<title>Super Daily D3, 2000 IU - 10 ml. - ECO Supplements<\/title>\n<meta name=\"description\" content=\"Wij hebben een ruime keuze aan producten van Super Daily D3, 2000 IU - 10 ml. . Winkel bij Eco Supplements altijd gratis verzending boven 100\u20ac\" \/>\n<meta name=\"robots\" content=\"index, follow, max-snippet:-1, max-image-preview:large, max-video-preview:-1\" \/>\n<link rel=\"canonical\" href=\"https:\/\/ecosupplements.be\/fr\/produit\/super-daily-d3-2000-iu-10-ml\/\" \/>\n<meta property=\"og:locale\" content=\"fr_FR\" \/>\n<meta property=\"og:type\" content=\"article\" \/>\n<meta property=\"og:title\" content=\"Super Daily D3, 2000 IU - 10 ml.\" \/>\n<meta property=\"og:description\" content=\"Wij hebben een ruime keuze aan producten van Super Daily D3, 2000 IU - 10 ml. . Winkel bij Eco Supplements altijd gratis verzending boven 100\u20ac\" \/>\n<meta property=\"og:url\" content=\"https:\/\/ecosupplements.be\/fr\/produit\/super-daily-d3-2000-iu-10-ml\/\" \/>\n<meta property=\"og:site_name\" content=\"ECO Supplements\" \/>\n<meta property=\"article:modified_time\" content=\"2025-08-27T09:27:50+00:00\" \/>\n<meta property=\"og:image\" content=\"https:\/\/ecosupplements.be\/wp-content\/uploads\/2025\/08\/Carlson-Labs-Super-Daily-D3-10-ml-1.jpg\" \/>\n\t<meta property=\"og:image:width\" content=\"750\" \/>\n\t<meta property=\"og:image:height\" content=\"750\" \/>\n\t<meta property=\"og:image:type\" content=\"image\/jpeg\" \/>\n<meta name=\"twitter:card\" content=\"summary_large_image\" \/>\n<meta name=\"twitter:label1\" content=\"Prix\" \/>\n\t<meta name=\"twitter:data1\" content=\"17.71&nbsp;&euro;\" \/>\n\t<meta name=\"twitter:label2\" content=\"Disponibilit\u00e9\" \/>\n\t<meta name=\"twitter:data2\" content=\"En stock\" \/>\n<script type=\"application\/ld+json\" class=\"yoast-schema-graph\">{\"@context\":\"https:\\\/\\\/schema.org\",\"@graph\":[{\"@type\":[\"WebPage\",\"ItemPage\"],\"@id\":\"https:\\\/\\\/ecosupplements.be\\\/fr\\\/produit\\\/super-daily-d3-2000-iu-10-ml\\\/\",\"url\":\"https:\\\/\\\/ecosupplements.be\\\/fr\\\/produit\\\/super-daily-d3-2000-iu-10-ml\\\/\",\"name\":\"Super Daily D3, 2000 IU - 10 ml. - ECO Supplements\",\"isPartOf\":{\"@id\":\"https:\\\/\\\/ecosupplements.be\\\/fr\\\/#website\"},\"primaryImageOfPage\":{\"@id\":\"https:\\\/\\\/ecosupplements.be\\\/fr\\\/produit\\\/super-daily-d3-2000-iu-10-ml\\\/#primaryimage\"},\"image\":{\"@id\":\"https:\\\/\\\/ecosupplements.be\\\/fr\\\/produit\\\/super-daily-d3-2000-iu-10-ml\\\/#primaryimage\"},\"thumbnailUrl\":\"https:\\\/\\\/ecosupplements.be\\\/wp-content\\\/uploads\\\/2025\\\/08\\\/Carlson-Labs-Super-Daily-D3-10-ml-1.jpg\",\"datePublished\":\"2022-06-28T09:07:32+00:00\",\"dateModified\":\"2025-08-27T09:27:50+00:00\",\"description\":\"Wij hebben een ruime keuze aan producten van Super Daily D3, 2000 IU - 10 ml. . Winkel bij Eco Supplements altijd gratis verzending boven 100\u20ac\",\"breadcrumb\":{\"@id\":\"https:\\\/\\\/ecosupplements.be\\\/fr\\\/produit\\\/super-daily-d3-2000-iu-10-ml\\\/#breadcrumb\"},\"inLanguage\":\"fr-FR\",\"potentialAction\":[{\"@type\":\"ReadAction\",\"target\":[\"https:\\\/\\\/ecosupplements.be\\\/fr\\\/produit\\\/super-daily-d3-2000-iu-10-ml\\\/\"]}]},{\"@type\":\"ImageObject\",\"inLanguage\":\"fr-FR\",\"@id\":\"https:\\\/\\\/ecosupplements.be\\\/fr\\\/produit\\\/super-daily-d3-2000-iu-10-ml\\\/#primaryimage\",\"url\":\"https:\\\/\\\/ecosupplements.be\\\/wp-content\\\/uploads\\\/2025\\\/08\\\/Carlson-Labs-Super-Daily-D3-10-ml-1.jpg\",\"contentUrl\":\"https:\\\/\\\/ecosupplements.be\\\/wp-content\\\/uploads\\\/2025\\\/08\\\/Carlson-Labs-Super-Daily-D3-10-ml-1.jpg\",\"width\":750,\"height\":750},{\"@type\":\"BreadcrumbList\",\"@id\":\"https:\\\/\\\/ecosupplements.be\\\/fr\\\/produit\\\/super-daily-d3-2000-iu-10-ml\\\/#breadcrumb\",\"itemListElement\":[{\"@type\":\"ListItem\",\"position\":1,\"name\":\"Home\",\"item\":\"https:\\\/\\\/ecosupplements.be\\\/fr\\\/\"},{\"@type\":\"ListItem\",\"position\":2,\"name\":\"Boutique\",\"item\":\"https:\\\/\\\/ecosupplements.be\\\/fr\\\/boutique\\\/\"},{\"@type\":\"ListItem\",\"position\":3,\"name\":\"Super Daily D3, 2000 IU &#8211; 10 ml.\"}]},{\"@type\":\"WebSite\",\"@id\":\"https:\\\/\\\/ecosupplements.be\\\/fr\\\/#website\",\"url\":\"https:\\\/\\\/ecosupplements.be\\\/fr\\\/\",\"name\":\"ECO Supplements\",\"description\":\"Eco Supplements - Gezonde supplementen\",\"publisher\":{\"@id\":\"https:\\\/\\\/ecosupplements.be\\\/fr\\\/#organization\"},\"potentialAction\":[{\"@type\":\"SearchAction\",\"target\":{\"@type\":\"EntryPoint\",\"urlTemplate\":\"https:\\\/\\\/ecosupplements.be\\\/fr\\\/?s={search_term_string}\"},\"query-input\":{\"@type\":\"PropertyValueSpecification\",\"valueRequired\":true,\"valueName\":\"search_term_string\"}}],\"inLanguage\":\"fr-FR\"},{\"@type\":\"Organization\",\"@id\":\"https:\\\/\\\/ecosupplements.be\\\/fr\\\/#organization\",\"name\":\"Eco Supplements\",\"url\":\"https:\\\/\\\/ecosupplements.be\\\/fr\\\/\",\"logo\":{\"@type\":\"ImageObject\",\"inLanguage\":\"fr-FR\",\"@id\":\"https:\\\/\\\/ecosupplements.be\\\/fr\\\/#\\\/schema\\\/logo\\\/image\\\/\",\"url\":\"https:\\\/\\\/ecosupplements.be\\\/wp-content\\\/uploads\\\/2022\\\/06\\\/ecosupplement-family.png\",\"contentUrl\":\"https:\\\/\\\/ecosupplements.be\\\/wp-content\\\/uploads\\\/2022\\\/06\\\/ecosupplement-family.png\",\"width\":593,\"height\":374,\"caption\":\"Eco Supplements\"},\"image\":{\"@id\":\"https:\\\/\\\/ecosupplements.be\\\/fr\\\/#\\\/schema\\\/logo\\\/image\\\/\"}}]}<\/script>\n<meta property=\"product:brand\" content=\"Carlson Labs\" \/>\n<meta property=\"product:price:amount\" content=\"17.71\" \/>\n<meta property=\"product:price:currency\" content=\"EUR\" \/>\n<meta property=\"og:availability\" content=\"instock\" \/>\n<meta property=\"product:availability\" content=\"instock\" \/>\n<meta property=\"product:retailer_item_id\" content=\"088395012808\" \/>\n<meta property=\"product:condition\" content=\"new\" \/>\n<!-- \/ Yoast SEO Premium plugin. -->","yoast_head_json":{"title":"Super Daily D3, 2000 IU - 10 ml. - ECO Supplements","description":"Wij hebben een ruime keuze aan producten van Super Daily D3, 2000 IU - 10 ml. . Winkel bij Eco Supplements altijd gratis verzending boven 100\u20ac","robots":{"index":"index","follow":"follow","max-snippet":"max-snippet:-1","max-image-preview":"max-image-preview:large","max-video-preview":"max-video-preview:-1"},"canonical":"https:\/\/ecosupplements.be\/fr\/produit\/super-daily-d3-2000-iu-10-ml\/","og_locale":"fr_FR","og_type":"article","og_title":"Super Daily D3, 2000 IU - 10 ml.","og_description":"Wij hebben een ruime keuze aan producten van Super Daily D3, 2000 IU - 10 ml. . Winkel bij Eco Supplements altijd gratis verzending boven 100\u20ac","og_url":"https:\/\/ecosupplements.be\/fr\/produit\/super-daily-d3-2000-iu-10-ml\/","og_site_name":"ECO Supplements","article_modified_time":"2025-08-27T09:27:50+00:00","og_image":[{"width":750,"height":750,"url":"https:\/\/ecosupplements.be\/wp-content\/uploads\/2025\/08\/Carlson-Labs-Super-Daily-D3-10-ml-1.jpg","type":"image\/jpeg"}],"twitter_card":"summary_large_image","twitter_misc":{"Prix":"17.71&nbsp;&euro;","Disponibilit\u00e9":"En stock"},"schema":{"@context":"https:\/\/schema.org","@graph":[{"@type":["WebPage","ItemPage"],"@id":"https:\/\/ecosupplements.be\/fr\/produit\/super-daily-d3-2000-iu-10-ml\/","url":"https:\/\/ecosupplements.be\/fr\/produit\/super-daily-d3-2000-iu-10-ml\/","name":"Super Daily D3, 2000 IU - 10 ml. - ECO Supplements","isPartOf":{"@id":"https:\/\/ecosupplements.be\/fr\/#website"},"primaryImageOfPage":{"@id":"https:\/\/ecosupplements.be\/fr\/produit\/super-daily-d3-2000-iu-10-ml\/#primaryimage"},"image":{"@id":"https:\/\/ecosupplements.be\/fr\/produit\/super-daily-d3-2000-iu-10-ml\/#primaryimage"},"thumbnailUrl":"https:\/\/ecosupplements.be\/wp-content\/uploads\/2025\/08\/Carlson-Labs-Super-Daily-D3-10-ml-1.jpg","datePublished":"2022-06-28T09:07:32+00:00","dateModified":"2025-08-27T09:27:50+00:00","description":"Wij hebben een ruime keuze aan producten van Super Daily D3, 2000 IU - 10 ml. . Winkel bij Eco Supplements altijd gratis verzending boven 100\u20ac","breadcrumb":{"@id":"https:\/\/ecosupplements.be\/fr\/produit\/super-daily-d3-2000-iu-10-ml\/#breadcrumb"},"inLanguage":"fr-FR","potentialAction":[{"@type":"ReadAction","target":["https:\/\/ecosupplements.be\/fr\/produit\/super-daily-d3-2000-iu-10-ml\/"]}]},{"@type":"ImageObject","inLanguage":"fr-FR","@id":"https:\/\/ecosupplements.be\/fr\/produit\/super-daily-d3-2000-iu-10-ml\/#primaryimage","url":"https:\/\/ecosupplements.be\/wp-content\/uploads\/2025\/08\/Carlson-Labs-Super-Daily-D3-10-ml-1.jpg","contentUrl":"https:\/\/ecosupplements.be\/wp-content\/uploads\/2025\/08\/Carlson-Labs-Super-Daily-D3-10-ml-1.jpg","width":750,"height":750},{"@type":"BreadcrumbList","@id":"https:\/\/ecosupplements.be\/fr\/produit\/super-daily-d3-2000-iu-10-ml\/#breadcrumb","itemListElement":[{"@type":"ListItem","position":1,"name":"Home","item":"https:\/\/ecosupplements.be\/fr\/"},{"@type":"ListItem","position":2,"name":"Boutique","item":"https:\/\/ecosupplements.be\/fr\/boutique\/"},{"@type":"ListItem","position":3,"name":"Super Daily D3, 2000 IU &#8211; 10 ml."}]},{"@type":"WebSite","@id":"https:\/\/ecosupplements.be\/fr\/#website","url":"https:\/\/ecosupplements.be\/fr\/","name":"ECO Supplements","description":"Eco Supplements - Gezonde supplementen","publisher":{"@id":"https:\/\/ecosupplements.be\/fr\/#organization"},"potentialAction":[{"@type":"SearchAction","target":{"@type":"EntryPoint","urlTemplate":"https:\/\/ecosupplements.be\/fr\/?s={search_term_string}"},"query-input":{"@type":"PropertyValueSpecification","valueRequired":true,"valueName":"search_term_string"}}],"inLanguage":"fr-FR"},{"@type":"Organization","@id":"https:\/\/ecosupplements.be\/fr\/#organization","name":"Eco Supplements","url":"https:\/\/ecosupplements.be\/fr\/","logo":{"@type":"ImageObject","inLanguage":"fr-FR","@id":"https:\/\/ecosupplements.be\/fr\/#\/schema\/logo\/image\/","url":"https:\/\/ecosupplements.be\/wp-content\/uploads\/2022\/06\/ecosupplement-family.png","contentUrl":"https:\/\/ecosupplements.be\/wp-content\/uploads\/2022\/06\/ecosupplement-family.png","width":593,"height":374,"caption":"Eco Supplements"},"image":{"@id":"https:\/\/ecosupplements.be\/fr\/#\/schema\/logo\/image\/"}}]},"product_brand":"Carlson Labs","product_price_amount":"17.71","product_price_currency":"EUR","og_availability":"instock","product_availability":"instock","product_retailer_item_id":"088395012808","product_condition":"new"},"_links":{"self":[{"href":"https:\/\/ecosupplements.be\/fr\/wp-json\/wp\/v2\/product\/280502","targetHints":{"allow":["GET"]}}],"collection":[{"href":"https:\/\/ecosupplements.be\/fr\/wp-json\/wp\/v2\/product"}],"about":[{"href":"https:\/\/ecosupplements.be\/fr\/wp-json\/wp\/v2\/types\/product"}],"replies":[{"embeddable":true,"href":"https:\/\/ecosupplements.be\/fr\/wp-json\/wp\/v2\/comments?post=280502"}],"wp:featuredmedia":[{"embeddable":true,"href":"https:\/\/ecosupplements.be\/fr\/wp-json\/wp\/v2\/media\/242626"}],"wp:attachment":[{"href":"https:\/\/ecosupplements.be\/fr\/wp-json\/wp\/v2\/media?parent=280502"}],"wp:term":[{"taxonomy":"product_brand","embeddable":true,"href":"https:\/\/ecosupplements.be\/fr\/wp-json\/wp\/v2\/product_brand?post=280502"},{"taxonomy":"product_cat","embeddable":true,"href":"https:\/\/ecosupplements.be\/fr\/wp-json\/wp\/v2\/product_cat?post=280502"},{"taxonomy":"product_tag","embeddable":true,"href":"https:\/\/ecosupplements.be\/fr\/wp-json\/wp\/v2\/product_tag?post=280502"}],"curies":[{"name":"wp","href":"https:\/\/api.w.org\/{rel}","templated":true}]}}