{"id":280508,"date":"2022-06-28T10:07:32","date_gmt":"2022-06-28T09:07:32","guid":{"rendered":"https:\/\/ecosupplements.be\/product\/the-very-finest-fish-oil-natural-orange-200-ml\/"},"modified":"2025-08-27T10:28:07","modified_gmt":"2025-08-27T09:28:07","slug":"the-very-finest-fish-oil-natural-orange-200-ml","status":"publish","type":"product","link":"https:\/\/ecosupplements.be\/fr\/produit\/the-very-finest-fish-oil-natural-orange-200-ml\/","title":{"rendered":"The Very Finest Fish Oil, Natural Orange &#8211; 200 ml."},"content":{"rendered":"<h1 style=\"text-align: center;\">Carlson Labs &#8211; La toute meilleure huile de poisson<\/h1>\n<p>Soutient la sant\u00e9 du c\u0153ur, du cerveau, de la vision et des articulations.<br \/>\n1 600 mg d&#8217;om\u00e9ga-3 par cuiller\u00e9e \u00e0 caf\u00e9.<br \/>\nTransform\u00e9 et mis en bouteille en Norv\u00e8ge pour une fra\u00eecheur maximale.<br \/>\nLiquide avec r\u00e9compense.<br \/>\nCertifi\u00e9 IFOS.<br \/>\nFra\u00eecheur, puissance et puret\u00e9 garanties.<br \/>\n\u200b<br \/>\nThe Very Finest Fish Oil au go\u00fbt de citron a re\u00e7u de nombreuses r\u00e9compenses pour son go\u00fbt et sa qualit\u00e9. Pour garantir une fra\u00eecheur maximale, The Very Finest Fish Oil est g\u00e9r\u00e9e de pr\u00e8s, de la mer au magasin. Nous nous approvisionnons en poissons d&#8217;eau froide profonde de la plus haute qualit\u00e9, en utilisant des m\u00e9thodes traditionnelles et durables. L&#8217;huile de poisson The Very Finest est ensuite mise en bouteille avec une touche de vitamine E et subit un rin\u00e7age \u00e0 l&#8217;azote pour \u00e9liminer l&#8217;oxyg\u00e8ne et aider \u00e0 pr\u00e9venir l&#8217;oxydation. Chaque cuill\u00e8re \u00e0 caf\u00e9 de The Very Finest Fish Oil fournit 1 600 mg d&#8217;om\u00e9ga-3, dont l&#8217;EPA et le DHA, qui favorisent la sant\u00e9 du c\u0153ur, du cerveau, de la vision et des articulations. Comme tous les om\u00e9ga-3 de Carlson, la fra\u00eecheur, la puissance et la puret\u00e9 sont garanties.<\/p>\n<p><img decoding=\"async\" src=\"https:\/\/ecosupplements.be\/wp-content\/uploads\/2025\/08\/gluten-free-1.png\" title=\"Sans gluten\" alt=\"Gluten free\"><\/p>\n","protected":false},"excerpt":{"rendered":"<p>Carlson Labs &#8211; La toute meilleure huile de poisson Soutient la sant\u00e9 du c\u0153ur, du cerveau, de la vision et des articulations. 1 600 mg d&#8217;om\u00e9ga-3 par cuiller\u00e9e \u00e0 caf\u00e9. Transform\u00e9 et mis en bouteille en Norv\u00e8ge pour une fra\u00eecheur maximale. Liquide avec r\u00e9compense. Certifi\u00e9 IFOS. Fra\u00eecheur, puissance et puret\u00e9 garanties. \u200b The Very Finest [&#8230;]\n","protected":false},"featured_media":242656,"comment_status":"open","ping_status":"open","template":"","meta":[],"product_brand":[4671],"product_cat":[5102,5081,5082,5052],"product_tag":[5069],"class_list":{"0":"post-280508","1":"product","2":"type-product","3":"status-publish","4":"has-post-thumbnail","6":"product_brand-carlson-labs-2","7":"product_cat-omega-et-huile-de-poisson","8":"product_cat-omegas-age-alc-huiles","9":"product_cat-omegas-efa-cla-huiles","10":"product_cat-sante-et-bien-etre","11":"product_tag-topeco-2","13":"first","14":"instock","15":"taxable","16":"shipping-taxable","17":"purchasable","18":"product-type-simple"},"yoast_head":"<!-- This site is optimized with the Yoast SEO Premium plugin v27.3 (Yoast SEO v27.3) - https:\/\/yoast.com\/product\/yoast-seo-premium-wordpress\/ -->\n<title>The Very Finest Fish Oil, Natural Orange - 200 ml. - ECO Supplements<\/title>\n<meta name=\"description\" content=\"Wij hebben een ruime keuze aan producten van The Very Finest Fish Oil, Natural Orange - 200 ml. . Winkel bij Eco Supplements altijd gratis verzending boven 100\u20ac\" \/>\n<meta name=\"robots\" content=\"index, follow, max-snippet:-1, max-image-preview:large, max-video-preview:-1\" \/>\n<link rel=\"canonical\" href=\"https:\/\/ecosupplements.be\/fr\/produit\/the-very-finest-fish-oil-natural-orange-200-ml\/\" \/>\n<meta property=\"og:locale\" content=\"fr_FR\" \/>\n<meta property=\"og:type\" content=\"article\" \/>\n<meta property=\"og:title\" content=\"The Very Finest Fish Oil, Natural Orange - 200 ml.\" \/>\n<meta property=\"og:description\" content=\"Wij hebben een ruime keuze aan producten van The Very Finest Fish Oil, Natural Orange - 200 ml. . Winkel bij Eco Supplements altijd gratis verzending boven 100\u20ac\" \/>\n<meta property=\"og:url\" content=\"https:\/\/ecosupplements.be\/fr\/produit\/the-very-finest-fish-oil-natural-orange-200-ml\/\" \/>\n<meta property=\"og:site_name\" content=\"ECO Supplements\" \/>\n<meta property=\"article:modified_time\" content=\"2025-08-27T09:28:07+00:00\" \/>\n<meta property=\"og:image\" content=\"https:\/\/ecosupplements.be\/wp-content\/uploads\/2025\/08\/Carlson-Labs-The-Very-Finest-Fish-Oil-Natural-Orange-200-ml-1.jpg\" \/>\n\t<meta property=\"og:image:width\" content=\"750\" \/>\n\t<meta property=\"og:image:height\" content=\"750\" \/>\n\t<meta property=\"og:image:type\" content=\"image\/jpeg\" \/>\n<meta name=\"twitter:card\" content=\"summary_large_image\" \/>\n<meta name=\"twitter:label1\" content=\"Prix\" \/>\n\t<meta name=\"twitter:data1\" content=\"35.55&nbsp;&euro;\" \/>\n\t<meta name=\"twitter:label2\" content=\"Disponibilit\u00e9\" \/>\n\t<meta name=\"twitter:data2\" content=\"En stock\" \/>\n<script type=\"application\/ld+json\" class=\"yoast-schema-graph\">{\"@context\":\"https:\\\/\\\/schema.org\",\"@graph\":[{\"@type\":[\"WebPage\",\"ItemPage\"],\"@id\":\"https:\\\/\\\/ecosupplements.be\\\/fr\\\/produit\\\/the-very-finest-fish-oil-natural-orange-200-ml\\\/\",\"url\":\"https:\\\/\\\/ecosupplements.be\\\/fr\\\/produit\\\/the-very-finest-fish-oil-natural-orange-200-ml\\\/\",\"name\":\"The Very Finest Fish Oil, Natural Orange - 200 ml. - ECO Supplements\",\"isPartOf\":{\"@id\":\"https:\\\/\\\/ecosupplements.be\\\/fr\\\/#website\"},\"primaryImageOfPage\":{\"@id\":\"https:\\\/\\\/ecosupplements.be\\\/fr\\\/produit\\\/the-very-finest-fish-oil-natural-orange-200-ml\\\/#primaryimage\"},\"image\":{\"@id\":\"https:\\\/\\\/ecosupplements.be\\\/fr\\\/produit\\\/the-very-finest-fish-oil-natural-orange-200-ml\\\/#primaryimage\"},\"thumbnailUrl\":\"https:\\\/\\\/ecosupplements.be\\\/wp-content\\\/uploads\\\/2025\\\/08\\\/Carlson-Labs-The-Very-Finest-Fish-Oil-Natural-Orange-200-ml-1.jpg\",\"datePublished\":\"2022-06-28T09:07:32+00:00\",\"dateModified\":\"2025-08-27T09:28:07+00:00\",\"description\":\"Wij hebben een ruime keuze aan producten van The Very Finest Fish Oil, Natural Orange - 200 ml. . Winkel bij Eco Supplements altijd gratis verzending boven 100\u20ac\",\"breadcrumb\":{\"@id\":\"https:\\\/\\\/ecosupplements.be\\\/fr\\\/produit\\\/the-very-finest-fish-oil-natural-orange-200-ml\\\/#breadcrumb\"},\"inLanguage\":\"fr-FR\",\"potentialAction\":[{\"@type\":\"ReadAction\",\"target\":[\"https:\\\/\\\/ecosupplements.be\\\/fr\\\/produit\\\/the-very-finest-fish-oil-natural-orange-200-ml\\\/\"]}]},{\"@type\":\"ImageObject\",\"inLanguage\":\"fr-FR\",\"@id\":\"https:\\\/\\\/ecosupplements.be\\\/fr\\\/produit\\\/the-very-finest-fish-oil-natural-orange-200-ml\\\/#primaryimage\",\"url\":\"https:\\\/\\\/ecosupplements.be\\\/wp-content\\\/uploads\\\/2025\\\/08\\\/Carlson-Labs-The-Very-Finest-Fish-Oil-Natural-Orange-200-ml-1.jpg\",\"contentUrl\":\"https:\\\/\\\/ecosupplements.be\\\/wp-content\\\/uploads\\\/2025\\\/08\\\/Carlson-Labs-The-Very-Finest-Fish-Oil-Natural-Orange-200-ml-1.jpg\",\"width\":750,\"height\":750},{\"@type\":\"BreadcrumbList\",\"@id\":\"https:\\\/\\\/ecosupplements.be\\\/fr\\\/produit\\\/the-very-finest-fish-oil-natural-orange-200-ml\\\/#breadcrumb\",\"itemListElement\":[{\"@type\":\"ListItem\",\"position\":1,\"name\":\"Home\",\"item\":\"https:\\\/\\\/ecosupplements.be\\\/fr\\\/\"},{\"@type\":\"ListItem\",\"position\":2,\"name\":\"Boutique\",\"item\":\"https:\\\/\\\/ecosupplements.be\\\/fr\\\/boutique\\\/\"},{\"@type\":\"ListItem\",\"position\":3,\"name\":\"The Very Finest Fish Oil, Natural Orange &#8211; 200 ml.\"}]},{\"@type\":\"WebSite\",\"@id\":\"https:\\\/\\\/ecosupplements.be\\\/fr\\\/#website\",\"url\":\"https:\\\/\\\/ecosupplements.be\\\/fr\\\/\",\"name\":\"ECO Supplements\",\"description\":\"Eco Supplements - Gezonde supplementen\",\"publisher\":{\"@id\":\"https:\\\/\\\/ecosupplements.be\\\/fr\\\/#organization\"},\"potentialAction\":[{\"@type\":\"SearchAction\",\"target\":{\"@type\":\"EntryPoint\",\"urlTemplate\":\"https:\\\/\\\/ecosupplements.be\\\/fr\\\/?s={search_term_string}\"},\"query-input\":{\"@type\":\"PropertyValueSpecification\",\"valueRequired\":true,\"valueName\":\"search_term_string\"}}],\"inLanguage\":\"fr-FR\"},{\"@type\":\"Organization\",\"@id\":\"https:\\\/\\\/ecosupplements.be\\\/fr\\\/#organization\",\"name\":\"Eco Supplements\",\"url\":\"https:\\\/\\\/ecosupplements.be\\\/fr\\\/\",\"logo\":{\"@type\":\"ImageObject\",\"inLanguage\":\"fr-FR\",\"@id\":\"https:\\\/\\\/ecosupplements.be\\\/fr\\\/#\\\/schema\\\/logo\\\/image\\\/\",\"url\":\"https:\\\/\\\/ecosupplements.be\\\/wp-content\\\/uploads\\\/2022\\\/06\\\/ecosupplement-family.png\",\"contentUrl\":\"https:\\\/\\\/ecosupplements.be\\\/wp-content\\\/uploads\\\/2022\\\/06\\\/ecosupplement-family.png\",\"width\":593,\"height\":374,\"caption\":\"Eco Supplements\"},\"image\":{\"@id\":\"https:\\\/\\\/ecosupplements.be\\\/fr\\\/#\\\/schema\\\/logo\\\/image\\\/\"}}]}<\/script>\n<meta property=\"product:brand\" content=\"Carlson Labs\" \/>\n<meta property=\"product:price:amount\" content=\"35.55\" \/>\n<meta property=\"product:price:currency\" content=\"EUR\" \/>\n<meta property=\"og:availability\" content=\"instock\" \/>\n<meta property=\"product:availability\" content=\"instock\" \/>\n<meta property=\"product:retailer_item_id\" content=\"088395016509\" \/>\n<meta property=\"product:condition\" content=\"new\" \/>\n<!-- \/ Yoast SEO Premium plugin. -->","yoast_head_json":{"title":"The Very Finest Fish Oil, Natural Orange - 200 ml. - ECO Supplements","description":"Wij hebben een ruime keuze aan producten van The Very Finest Fish Oil, Natural Orange - 200 ml. . Winkel bij Eco Supplements altijd gratis verzending boven 100\u20ac","robots":{"index":"index","follow":"follow","max-snippet":"max-snippet:-1","max-image-preview":"max-image-preview:large","max-video-preview":"max-video-preview:-1"},"canonical":"https:\/\/ecosupplements.be\/fr\/produit\/the-very-finest-fish-oil-natural-orange-200-ml\/","og_locale":"fr_FR","og_type":"article","og_title":"The Very Finest Fish Oil, Natural Orange - 200 ml.","og_description":"Wij hebben een ruime keuze aan producten van The Very Finest Fish Oil, Natural Orange - 200 ml. . Winkel bij Eco Supplements altijd gratis verzending boven 100\u20ac","og_url":"https:\/\/ecosupplements.be\/fr\/produit\/the-very-finest-fish-oil-natural-orange-200-ml\/","og_site_name":"ECO Supplements","article_modified_time":"2025-08-27T09:28:07+00:00","og_image":[{"width":750,"height":750,"url":"https:\/\/ecosupplements.be\/wp-content\/uploads\/2025\/08\/Carlson-Labs-The-Very-Finest-Fish-Oil-Natural-Orange-200-ml-1.jpg","type":"image\/jpeg"}],"twitter_card":"summary_large_image","twitter_misc":{"Prix":"35.55&nbsp;&euro;","Disponibilit\u00e9":"En stock"},"schema":{"@context":"https:\/\/schema.org","@graph":[{"@type":["WebPage","ItemPage"],"@id":"https:\/\/ecosupplements.be\/fr\/produit\/the-very-finest-fish-oil-natural-orange-200-ml\/","url":"https:\/\/ecosupplements.be\/fr\/produit\/the-very-finest-fish-oil-natural-orange-200-ml\/","name":"The Very Finest Fish Oil, Natural Orange - 200 ml. - ECO Supplements","isPartOf":{"@id":"https:\/\/ecosupplements.be\/fr\/#website"},"primaryImageOfPage":{"@id":"https:\/\/ecosupplements.be\/fr\/produit\/the-very-finest-fish-oil-natural-orange-200-ml\/#primaryimage"},"image":{"@id":"https:\/\/ecosupplements.be\/fr\/produit\/the-very-finest-fish-oil-natural-orange-200-ml\/#primaryimage"},"thumbnailUrl":"https:\/\/ecosupplements.be\/wp-content\/uploads\/2025\/08\/Carlson-Labs-The-Very-Finest-Fish-Oil-Natural-Orange-200-ml-1.jpg","datePublished":"2022-06-28T09:07:32+00:00","dateModified":"2025-08-27T09:28:07+00:00","description":"Wij hebben een ruime keuze aan producten van The Very Finest Fish Oil, Natural Orange - 200 ml. . Winkel bij Eco Supplements altijd gratis verzending boven 100\u20ac","breadcrumb":{"@id":"https:\/\/ecosupplements.be\/fr\/produit\/the-very-finest-fish-oil-natural-orange-200-ml\/#breadcrumb"},"inLanguage":"fr-FR","potentialAction":[{"@type":"ReadAction","target":["https:\/\/ecosupplements.be\/fr\/produit\/the-very-finest-fish-oil-natural-orange-200-ml\/"]}]},{"@type":"ImageObject","inLanguage":"fr-FR","@id":"https:\/\/ecosupplements.be\/fr\/produit\/the-very-finest-fish-oil-natural-orange-200-ml\/#primaryimage","url":"https:\/\/ecosupplements.be\/wp-content\/uploads\/2025\/08\/Carlson-Labs-The-Very-Finest-Fish-Oil-Natural-Orange-200-ml-1.jpg","contentUrl":"https:\/\/ecosupplements.be\/wp-content\/uploads\/2025\/08\/Carlson-Labs-The-Very-Finest-Fish-Oil-Natural-Orange-200-ml-1.jpg","width":750,"height":750},{"@type":"BreadcrumbList","@id":"https:\/\/ecosupplements.be\/fr\/produit\/the-very-finest-fish-oil-natural-orange-200-ml\/#breadcrumb","itemListElement":[{"@type":"ListItem","position":1,"name":"Home","item":"https:\/\/ecosupplements.be\/fr\/"},{"@type":"ListItem","position":2,"name":"Boutique","item":"https:\/\/ecosupplements.be\/fr\/boutique\/"},{"@type":"ListItem","position":3,"name":"The Very Finest Fish Oil, Natural Orange &#8211; 200 ml."}]},{"@type":"WebSite","@id":"https:\/\/ecosupplements.be\/fr\/#website","url":"https:\/\/ecosupplements.be\/fr\/","name":"ECO Supplements","description":"Eco Supplements - Gezonde supplementen","publisher":{"@id":"https:\/\/ecosupplements.be\/fr\/#organization"},"potentialAction":[{"@type":"SearchAction","target":{"@type":"EntryPoint","urlTemplate":"https:\/\/ecosupplements.be\/fr\/?s={search_term_string}"},"query-input":{"@type":"PropertyValueSpecification","valueRequired":true,"valueName":"search_term_string"}}],"inLanguage":"fr-FR"},{"@type":"Organization","@id":"https:\/\/ecosupplements.be\/fr\/#organization","name":"Eco Supplements","url":"https:\/\/ecosupplements.be\/fr\/","logo":{"@type":"ImageObject","inLanguage":"fr-FR","@id":"https:\/\/ecosupplements.be\/fr\/#\/schema\/logo\/image\/","url":"https:\/\/ecosupplements.be\/wp-content\/uploads\/2022\/06\/ecosupplement-family.png","contentUrl":"https:\/\/ecosupplements.be\/wp-content\/uploads\/2022\/06\/ecosupplement-family.png","width":593,"height":374,"caption":"Eco Supplements"},"image":{"@id":"https:\/\/ecosupplements.be\/fr\/#\/schema\/logo\/image\/"}}]},"product_brand":"Carlson Labs","product_price_amount":"35.55","product_price_currency":"EUR","og_availability":"instock","product_availability":"instock","product_retailer_item_id":"088395016509","product_condition":"new"},"_links":{"self":[{"href":"https:\/\/ecosupplements.be\/fr\/wp-json\/wp\/v2\/product\/280508","targetHints":{"allow":["GET"]}}],"collection":[{"href":"https:\/\/ecosupplements.be\/fr\/wp-json\/wp\/v2\/product"}],"about":[{"href":"https:\/\/ecosupplements.be\/fr\/wp-json\/wp\/v2\/types\/product"}],"replies":[{"embeddable":true,"href":"https:\/\/ecosupplements.be\/fr\/wp-json\/wp\/v2\/comments?post=280508"}],"wp:featuredmedia":[{"embeddable":true,"href":"https:\/\/ecosupplements.be\/fr\/wp-json\/wp\/v2\/media\/242656"}],"wp:attachment":[{"href":"https:\/\/ecosupplements.be\/fr\/wp-json\/wp\/v2\/media?parent=280508"}],"wp:term":[{"taxonomy":"product_brand","embeddable":true,"href":"https:\/\/ecosupplements.be\/fr\/wp-json\/wp\/v2\/product_brand?post=280508"},{"taxonomy":"product_cat","embeddable":true,"href":"https:\/\/ecosupplements.be\/fr\/wp-json\/wp\/v2\/product_cat?post=280508"},{"taxonomy":"product_tag","embeddable":true,"href":"https:\/\/ecosupplements.be\/fr\/wp-json\/wp\/v2\/product_tag?post=280508"}],"curies":[{"name":"wp","href":"https:\/\/api.w.org\/{rel}","templated":true}]}}