{"id":280515,"date":"2022-06-28T10:07:32","date_gmt":"2022-06-28T09:07:32","guid":{"rendered":"https:\/\/ecosupplements.be\/product\/vitamine-d3-k2-60-caps\/"},"modified":"2025-08-27T10:28:30","modified_gmt":"2025-08-27T09:28:30","slug":"vitamine-d3-k2-60-caps","status":"publish","type":"product","link":"https:\/\/ecosupplements.be\/fr\/produit\/vitamine-d3-k2-60-caps\/","title":{"rendered":"Vitamine D3 + K2 &#8211; 60 caps"},"content":{"rendered":"<h1 style=\"text-align: center;\">Carlson Labs &#8211; Vitamine D3 + K2<\/h1>\n<p>Favorise le bon fonctionnement du syst\u00e8me cardiovasculaire<br \/>\nFavorise la sant\u00e9 des os et des dents<br \/>\n2 000 UI (50 mcg) de vitamine D3 et 90 mcg de vitamine K2 sous forme de MK-7<br \/>\nPotence et qualit\u00e9 garanties<br \/>\nLa vitamine D3 et le K2 MK-7 agissent en synergie pour soutenir la sant\u00e9 du syst\u00e8me cardiovasculaire et des os. La vitamine D3 r\u00e9gule la capacit\u00e9 de notre corps \u00e0 absorber le calcium, et la vitamine K2 veille \u00e0 ce que le calcium soit dirig\u00e9 vers les parties de notre corps o\u00f9 il est le plus n\u00e9cessaire, comme nos os.<\/p>\n<p>La plupart des gens savent combien il est important de se suppl\u00e9menter en vitamine D3, mais beaucoup ignorent que la vitamine K2 est tout aussi importante. La vitamine D3 est surtout connue pour son r\u00f4le dans la r\u00e9gulation des niveaux de calcium dans l&#8217;organisme, et la vitamine K2 est reconnue pour son soutien \u00e0 une coagulation sanguine saine. Mais lorsqu&#8217;elles sont combin\u00e9es \u00e0 des niveaux optimaux, les vitamines D3 et K2 sont capables de bien plus que leurs fonctions de base.<\/p>\n<p>La vitamine D3 aide notre organisme \u00e0 absorber correctement le calcium, tandis que la vitamine K2 veille \u00e0 ce que le calcium que nous absorbons soit utilis\u00e9 \u00e0 bon escient. La vitamine K2 agit en activant l&#8217;ost\u00e9ocalcine, une prot\u00e9ine importante s\u00e9cr\u00e9t\u00e9e par les ost\u00e9oblastes, nos cellules de construction osseuse. L&#8217;ost\u00e9ocalcine achemine le calcium vers nos os. Les ost\u00e9oblastes fixent ensuite le calcium \u00e0 nos os, contribuant ainsi \u00e0 la formation d&#8217;une matrice osseuse solide.<\/p>\n<p>L&#8217;ost\u00e9ocalcine active \u00e9galement une autre prot\u00e9ine appel\u00e9e prot\u00e9ine MGP (matrix GLA protein), qui est consid\u00e9r\u00e9e comme l&#8217;un des facteurs les plus importants pour aider \u00e0 maintenir le bon fonctionnement du syst\u00e8me vasculaire. La vitamine D est n\u00e9cessaire pour fabriquer l&#8217;ost\u00e9ocalcine et la MGP, mais la vitamine K2 est n\u00e9cessaire pour activer ces prot\u00e9ines, afin qu&#8217;elles puissent faire leur travail.<\/p>\n<p>Offrez \u00e0 votre corps le puissant duo de vitamine D3 et K2 MK-7 avec Carlson Vitamin D3 + K2. Chaque portion fournit 2 000 UI (50 mcg) de vitamine D3 et 90 mcg de vitamine K2 MK-7, ce qui favorise la sant\u00e9 du syst\u00e8me cardiovasculaire, ainsi que la sant\u00e9 des os et des dents.<\/p>\n<p><img decoding=\"async\" src=\"https:\/\/ecosupplements.be\/wp-content\/uploads\/2025\/08\/gluten-free-1.png\" title=\"Sans gluten\" alt=\"Gluten free\"><\/p>\n","protected":false},"excerpt":{"rendered":"<p>Carlson Labs &#8211; Vitamine D3 + K2 Favorise le bon fonctionnement du syst\u00e8me cardiovasculaire Favorise la sant\u00e9 des os et des dents 2 000 UI (50 mcg) de vitamine D3 et 90 mcg de vitamine K2 sous forme de MK-7 Potence et qualit\u00e9 garanties La vitamine D3 et le K2 MK-7 agissent en synergie pour [&#8230;]\n","protected":false},"featured_media":242693,"comment_status":"open","ping_status":"open","template":"","meta":[],"product_brand":[4671],"product_cat":[5061,5052,5060,5053,5059],"product_tag":[],"class_list":{"0":"post-280515","1":"product","2":"type-product","3":"status-publish","4":"has-post-thumbnail","6":"product_brand-carlson-labs-2","7":"product_cat-d3-vitamine-d-vitamines-simples","8":"product_cat-sante-et-bien-etre","9":"product_cat-vitamine-d-vitamines-simples","10":"product_cat-vitamines-et-mineraux","11":"product_cat-vitamines-simples","13":"first","14":"instock","15":"taxable","16":"shipping-taxable","17":"purchasable","18":"product-type-simple"},"yoast_head":"<!-- This site is optimized with the Yoast SEO Premium plugin v27.3 (Yoast SEO v27.3) - https:\/\/yoast.com\/product\/yoast-seo-premium-wordpress\/ -->\n<title>Vitamine D3 + K2 - 60 caps - ECO Supplements<\/title>\n<meta name=\"description\" content=\"Wij hebben een ruime keuze aan producten van Vitamine D3 + K2 - 60 caps . Winkel bij Eco Supplements altijd gratis verzending boven 100\u20ac\" \/>\n<meta name=\"robots\" content=\"index, follow, max-snippet:-1, max-image-preview:large, max-video-preview:-1\" \/>\n<link rel=\"canonical\" href=\"https:\/\/ecosupplements.be\/fr\/produit\/vitamine-d3-k2-60-caps\/\" \/>\n<meta property=\"og:locale\" content=\"fr_FR\" \/>\n<meta property=\"og:type\" content=\"article\" \/>\n<meta property=\"og:title\" content=\"Vitamine D3 + K2 - 60 caps\" \/>\n<meta property=\"og:description\" content=\"Wij hebben een ruime keuze aan producten van Vitamine D3 + K2 - 60 caps . Winkel bij Eco Supplements altijd gratis verzending boven 100\u20ac\" \/>\n<meta property=\"og:url\" content=\"https:\/\/ecosupplements.be\/fr\/produit\/vitamine-d3-k2-60-caps\/\" \/>\n<meta property=\"og:site_name\" content=\"ECO Supplements\" \/>\n<meta property=\"article:modified_time\" content=\"2025-08-27T09:28:30+00:00\" \/>\n<meta property=\"og:image\" content=\"https:\/\/ecosupplements.be\/wp-content\/uploads\/2025\/08\/Carlson-Labs-Vitamin-D3-K2-60-caps-1.jpg\" \/>\n\t<meta property=\"og:image:width\" content=\"750\" \/>\n\t<meta property=\"og:image:height\" content=\"750\" \/>\n\t<meta property=\"og:image:type\" content=\"image\/jpeg\" \/>\n<meta name=\"twitter:card\" content=\"summary_large_image\" \/>\n<meta name=\"twitter:label1\" content=\"Prix\" \/>\n\t<meta name=\"twitter:data1\" content=\"24.92&nbsp;&euro;\" \/>\n\t<meta name=\"twitter:label2\" content=\"Disponibilit\u00e9\" \/>\n\t<meta name=\"twitter:data2\" content=\"En stock\" \/>\n<script type=\"application\/ld+json\" class=\"yoast-schema-graph\">{\"@context\":\"https:\\\/\\\/schema.org\",\"@graph\":[{\"@type\":[\"WebPage\",\"ItemPage\"],\"@id\":\"https:\\\/\\\/ecosupplements.be\\\/fr\\\/produit\\\/vitamine-d3-k2-60-caps\\\/\",\"url\":\"https:\\\/\\\/ecosupplements.be\\\/fr\\\/produit\\\/vitamine-d3-k2-60-caps\\\/\",\"name\":\"Vitamine D3 + K2 - 60 caps - ECO Supplements\",\"isPartOf\":{\"@id\":\"https:\\\/\\\/ecosupplements.be\\\/fr\\\/#website\"},\"primaryImageOfPage\":{\"@id\":\"https:\\\/\\\/ecosupplements.be\\\/fr\\\/produit\\\/vitamine-d3-k2-60-caps\\\/#primaryimage\"},\"image\":{\"@id\":\"https:\\\/\\\/ecosupplements.be\\\/fr\\\/produit\\\/vitamine-d3-k2-60-caps\\\/#primaryimage\"},\"thumbnailUrl\":\"https:\\\/\\\/ecosupplements.be\\\/wp-content\\\/uploads\\\/2025\\\/08\\\/Carlson-Labs-Vitamin-D3-K2-60-caps-1.jpg\",\"datePublished\":\"2022-06-28T09:07:32+00:00\",\"dateModified\":\"2025-08-27T09:28:30+00:00\",\"description\":\"Wij hebben een ruime keuze aan producten van Vitamine D3 + K2 - 60 caps . Winkel bij Eco Supplements altijd gratis verzending boven 100\u20ac\",\"breadcrumb\":{\"@id\":\"https:\\\/\\\/ecosupplements.be\\\/fr\\\/produit\\\/vitamine-d3-k2-60-caps\\\/#breadcrumb\"},\"inLanguage\":\"fr-FR\",\"potentialAction\":[{\"@type\":\"ReadAction\",\"target\":[\"https:\\\/\\\/ecosupplements.be\\\/fr\\\/produit\\\/vitamine-d3-k2-60-caps\\\/\"]}]},{\"@type\":\"ImageObject\",\"inLanguage\":\"fr-FR\",\"@id\":\"https:\\\/\\\/ecosupplements.be\\\/fr\\\/produit\\\/vitamine-d3-k2-60-caps\\\/#primaryimage\",\"url\":\"https:\\\/\\\/ecosupplements.be\\\/wp-content\\\/uploads\\\/2025\\\/08\\\/Carlson-Labs-Vitamin-D3-K2-60-caps-1.jpg\",\"contentUrl\":\"https:\\\/\\\/ecosupplements.be\\\/wp-content\\\/uploads\\\/2025\\\/08\\\/Carlson-Labs-Vitamin-D3-K2-60-caps-1.jpg\",\"width\":750,\"height\":750},{\"@type\":\"BreadcrumbList\",\"@id\":\"https:\\\/\\\/ecosupplements.be\\\/fr\\\/produit\\\/vitamine-d3-k2-60-caps\\\/#breadcrumb\",\"itemListElement\":[{\"@type\":\"ListItem\",\"position\":1,\"name\":\"Home\",\"item\":\"https:\\\/\\\/ecosupplements.be\\\/fr\\\/\"},{\"@type\":\"ListItem\",\"position\":2,\"name\":\"Boutique\",\"item\":\"https:\\\/\\\/ecosupplements.be\\\/fr\\\/boutique\\\/\"},{\"@type\":\"ListItem\",\"position\":3,\"name\":\"Vitamine D3 + K2 &#8211; 60 caps\"}]},{\"@type\":\"WebSite\",\"@id\":\"https:\\\/\\\/ecosupplements.be\\\/fr\\\/#website\",\"url\":\"https:\\\/\\\/ecosupplements.be\\\/fr\\\/\",\"name\":\"ECO Supplements\",\"description\":\"Eco Supplements - Gezonde supplementen\",\"publisher\":{\"@id\":\"https:\\\/\\\/ecosupplements.be\\\/fr\\\/#organization\"},\"potentialAction\":[{\"@type\":\"SearchAction\",\"target\":{\"@type\":\"EntryPoint\",\"urlTemplate\":\"https:\\\/\\\/ecosupplements.be\\\/fr\\\/?s={search_term_string}\"},\"query-input\":{\"@type\":\"PropertyValueSpecification\",\"valueRequired\":true,\"valueName\":\"search_term_string\"}}],\"inLanguage\":\"fr-FR\"},{\"@type\":\"Organization\",\"@id\":\"https:\\\/\\\/ecosupplements.be\\\/fr\\\/#organization\",\"name\":\"Eco Supplements\",\"url\":\"https:\\\/\\\/ecosupplements.be\\\/fr\\\/\",\"logo\":{\"@type\":\"ImageObject\",\"inLanguage\":\"fr-FR\",\"@id\":\"https:\\\/\\\/ecosupplements.be\\\/fr\\\/#\\\/schema\\\/logo\\\/image\\\/\",\"url\":\"https:\\\/\\\/ecosupplements.be\\\/wp-content\\\/uploads\\\/2022\\\/06\\\/ecosupplement-family.png\",\"contentUrl\":\"https:\\\/\\\/ecosupplements.be\\\/wp-content\\\/uploads\\\/2022\\\/06\\\/ecosupplement-family.png\",\"width\":593,\"height\":374,\"caption\":\"Eco Supplements\"},\"image\":{\"@id\":\"https:\\\/\\\/ecosupplements.be\\\/fr\\\/#\\\/schema\\\/logo\\\/image\\\/\"}}]}<\/script>\n<meta property=\"product:brand\" content=\"Carlson Labs\" \/>\n<meta property=\"product:price:amount\" content=\"24.92\" \/>\n<meta property=\"product:price:currency\" content=\"EUR\" \/>\n<meta property=\"og:availability\" content=\"instock\" \/>\n<meta property=\"product:availability\" content=\"instock\" \/>\n<meta property=\"product:retailer_item_id\" content=\"088395106101\" \/>\n<meta property=\"product:condition\" content=\"new\" \/>\n<!-- \/ Yoast SEO Premium plugin. -->","yoast_head_json":{"title":"Vitamine D3 + K2 - 60 caps - ECO Supplements","description":"Wij hebben een ruime keuze aan producten van Vitamine D3 + K2 - 60 caps . Winkel bij Eco Supplements altijd gratis verzending boven 100\u20ac","robots":{"index":"index","follow":"follow","max-snippet":"max-snippet:-1","max-image-preview":"max-image-preview:large","max-video-preview":"max-video-preview:-1"},"canonical":"https:\/\/ecosupplements.be\/fr\/produit\/vitamine-d3-k2-60-caps\/","og_locale":"fr_FR","og_type":"article","og_title":"Vitamine D3 + K2 - 60 caps","og_description":"Wij hebben een ruime keuze aan producten van Vitamine D3 + K2 - 60 caps . Winkel bij Eco Supplements altijd gratis verzending boven 100\u20ac","og_url":"https:\/\/ecosupplements.be\/fr\/produit\/vitamine-d3-k2-60-caps\/","og_site_name":"ECO Supplements","article_modified_time":"2025-08-27T09:28:30+00:00","og_image":[{"width":750,"height":750,"url":"https:\/\/ecosupplements.be\/wp-content\/uploads\/2025\/08\/Carlson-Labs-Vitamin-D3-K2-60-caps-1.jpg","type":"image\/jpeg"}],"twitter_card":"summary_large_image","twitter_misc":{"Prix":"24.92&nbsp;&euro;","Disponibilit\u00e9":"En stock"},"schema":{"@context":"https:\/\/schema.org","@graph":[{"@type":["WebPage","ItemPage"],"@id":"https:\/\/ecosupplements.be\/fr\/produit\/vitamine-d3-k2-60-caps\/","url":"https:\/\/ecosupplements.be\/fr\/produit\/vitamine-d3-k2-60-caps\/","name":"Vitamine D3 + K2 - 60 caps - ECO Supplements","isPartOf":{"@id":"https:\/\/ecosupplements.be\/fr\/#website"},"primaryImageOfPage":{"@id":"https:\/\/ecosupplements.be\/fr\/produit\/vitamine-d3-k2-60-caps\/#primaryimage"},"image":{"@id":"https:\/\/ecosupplements.be\/fr\/produit\/vitamine-d3-k2-60-caps\/#primaryimage"},"thumbnailUrl":"https:\/\/ecosupplements.be\/wp-content\/uploads\/2025\/08\/Carlson-Labs-Vitamin-D3-K2-60-caps-1.jpg","datePublished":"2022-06-28T09:07:32+00:00","dateModified":"2025-08-27T09:28:30+00:00","description":"Wij hebben een ruime keuze aan producten van Vitamine D3 + K2 - 60 caps . Winkel bij Eco Supplements altijd gratis verzending boven 100\u20ac","breadcrumb":{"@id":"https:\/\/ecosupplements.be\/fr\/produit\/vitamine-d3-k2-60-caps\/#breadcrumb"},"inLanguage":"fr-FR","potentialAction":[{"@type":"ReadAction","target":["https:\/\/ecosupplements.be\/fr\/produit\/vitamine-d3-k2-60-caps\/"]}]},{"@type":"ImageObject","inLanguage":"fr-FR","@id":"https:\/\/ecosupplements.be\/fr\/produit\/vitamine-d3-k2-60-caps\/#primaryimage","url":"https:\/\/ecosupplements.be\/wp-content\/uploads\/2025\/08\/Carlson-Labs-Vitamin-D3-K2-60-caps-1.jpg","contentUrl":"https:\/\/ecosupplements.be\/wp-content\/uploads\/2025\/08\/Carlson-Labs-Vitamin-D3-K2-60-caps-1.jpg","width":750,"height":750},{"@type":"BreadcrumbList","@id":"https:\/\/ecosupplements.be\/fr\/produit\/vitamine-d3-k2-60-caps\/#breadcrumb","itemListElement":[{"@type":"ListItem","position":1,"name":"Home","item":"https:\/\/ecosupplements.be\/fr\/"},{"@type":"ListItem","position":2,"name":"Boutique","item":"https:\/\/ecosupplements.be\/fr\/boutique\/"},{"@type":"ListItem","position":3,"name":"Vitamine D3 + K2 &#8211; 60 caps"}]},{"@type":"WebSite","@id":"https:\/\/ecosupplements.be\/fr\/#website","url":"https:\/\/ecosupplements.be\/fr\/","name":"ECO Supplements","description":"Eco Supplements - Gezonde supplementen","publisher":{"@id":"https:\/\/ecosupplements.be\/fr\/#organization"},"potentialAction":[{"@type":"SearchAction","target":{"@type":"EntryPoint","urlTemplate":"https:\/\/ecosupplements.be\/fr\/?s={search_term_string}"},"query-input":{"@type":"PropertyValueSpecification","valueRequired":true,"valueName":"search_term_string"}}],"inLanguage":"fr-FR"},{"@type":"Organization","@id":"https:\/\/ecosupplements.be\/fr\/#organization","name":"Eco Supplements","url":"https:\/\/ecosupplements.be\/fr\/","logo":{"@type":"ImageObject","inLanguage":"fr-FR","@id":"https:\/\/ecosupplements.be\/fr\/#\/schema\/logo\/image\/","url":"https:\/\/ecosupplements.be\/wp-content\/uploads\/2022\/06\/ecosupplement-family.png","contentUrl":"https:\/\/ecosupplements.be\/wp-content\/uploads\/2022\/06\/ecosupplement-family.png","width":593,"height":374,"caption":"Eco Supplements"},"image":{"@id":"https:\/\/ecosupplements.be\/fr\/#\/schema\/logo\/image\/"}}]},"product_brand":"Carlson Labs","product_price_amount":"24.92","product_price_currency":"EUR","og_availability":"instock","product_availability":"instock","product_retailer_item_id":"088395106101","product_condition":"new"},"_links":{"self":[{"href":"https:\/\/ecosupplements.be\/fr\/wp-json\/wp\/v2\/product\/280515","targetHints":{"allow":["GET"]}}],"collection":[{"href":"https:\/\/ecosupplements.be\/fr\/wp-json\/wp\/v2\/product"}],"about":[{"href":"https:\/\/ecosupplements.be\/fr\/wp-json\/wp\/v2\/types\/product"}],"replies":[{"embeddable":true,"href":"https:\/\/ecosupplements.be\/fr\/wp-json\/wp\/v2\/comments?post=280515"}],"wp:featuredmedia":[{"embeddable":true,"href":"https:\/\/ecosupplements.be\/fr\/wp-json\/wp\/v2\/media\/242693"}],"wp:attachment":[{"href":"https:\/\/ecosupplements.be\/fr\/wp-json\/wp\/v2\/media?parent=280515"}],"wp:term":[{"taxonomy":"product_brand","embeddable":true,"href":"https:\/\/ecosupplements.be\/fr\/wp-json\/wp\/v2\/product_brand?post=280515"},{"taxonomy":"product_cat","embeddable":true,"href":"https:\/\/ecosupplements.be\/fr\/wp-json\/wp\/v2\/product_cat?post=280515"},{"taxonomy":"product_tag","embeddable":true,"href":"https:\/\/ecosupplements.be\/fr\/wp-json\/wp\/v2\/product_tag?post=280515"}],"curies":[{"name":"wp","href":"https:\/\/api.w.org\/{rel}","templated":true}]}}