{"id":280524,"date":"2022-06-28T10:07:39","date_gmt":"2022-06-28T09:07:39","guid":{"rendered":"https:\/\/ecosupplements.be\/product\/wild-caught-super-omega-3-gems-1200mg-100-30-softgels\/"},"modified":"2025-08-27T10:28:52","modified_gmt":"2025-08-27T09:28:52","slug":"wild-caught-super-omega-3-gems-1200mg-100-30-softgels","status":"publish","type":"product","link":"https:\/\/ecosupplements.be\/fr\/produit\/wild-caught-super-omega-3-gems-1200mg-100-30-softgels\/","title":{"rendered":"Wild Caught Super Omega-3 Gems, 1200mg &#8211; 100 + 30 softgels"},"content":{"rendered":"<h1 style=\"text-align: center;\">Carlson Labs &#8211; P\u00eache sauvage Super Om\u00e9ga-3 Gems<\/h1>\n<p>Favorise la sant\u00e9 du c\u0153ur, du cerveau, de la vision et des articulations<br \/>\n1 200 mg d&#8217;om\u00e9ga-3 par portion<br \/>\nP\u00eache sauvage et source durable<br \/>\nFra\u00eecheur, puissance et puret\u00e9 garanties<br \/>\nPour ceux qui n&#8217;ont pas un r\u00e9gime alimentaire riche en poissons gras, les Super Omega-3 Gems fournissent les importants om\u00e9ga-3 EPA et DHA, qui favorisent la sant\u00e9 du c\u0153ur, du cerveau, de la vision et des articulations. Pour garantir une fra\u00eecheur maximale, les Super Omega-3 Gems sont g\u00e9r\u00e9s de pr\u00e8s de la mer au magasin. Nous nous approvisionnons en poissons d&#8217;eau froide profonde de la plus haute qualit\u00e9, en utilisant des m\u00e9thodes traditionnelles et durables. Et comme tous les om\u00e9ga-3 de Carlson, leur fra\u00eecheur, leur puissance et leur puret\u00e9 sont garanties.<\/p>\n<p><img decoding=\"async\" src=\"https:\/\/ecosupplements.be\/wp-content\/uploads\/2025\/08\/gluten-free-1.png\" title=\"Sans gluten\" alt=\"Gluten free\"><\/p>\n","protected":false},"excerpt":{"rendered":"<p>Carlson Labs &#8211; P\u00eache sauvage Super Om\u00e9ga-3 Gems Favorise la sant\u00e9 du c\u0153ur, du cerveau, de la vision et des articulations 1 200 mg d&#8217;om\u00e9ga-3 par portion P\u00eache sauvage et source durable Fra\u00eecheur, puissance et puret\u00e9 garanties Pour ceux qui n&#8217;ont pas un r\u00e9gime alimentaire riche en poissons gras, les Super Omega-3 Gems fournissent les [&#8230;]\n","protected":false},"featured_media":242738,"comment_status":"open","ping_status":"open","template":"","meta":[],"product_brand":[4671],"product_cat":[5102,5081,5082,5052],"product_tag":[5069],"class_list":{"0":"post-280524","1":"product","2":"type-product","3":"status-publish","4":"has-post-thumbnail","6":"product_brand-carlson-labs-2","7":"product_cat-omega-et-huile-de-poisson","8":"product_cat-omegas-age-alc-huiles","9":"product_cat-omegas-efa-cla-huiles","10":"product_cat-sante-et-bien-etre","11":"product_tag-topeco-2","13":"first","14":"instock","15":"featured","16":"taxable","17":"shipping-taxable","18":"purchasable","19":"product-type-simple"},"yoast_head":"<!-- This site is optimized with the Yoast SEO Premium plugin v27.3 (Yoast SEO v27.3) - https:\/\/yoast.com\/product\/yoast-seo-premium-wordpress\/ -->\n<title>Wild Caught Super Omega-3 Gems, 1200mg - 100 + 30 softgels - ECO Supplements<\/title>\n<meta name=\"description\" content=\"Wij hebben een ruime keuze aan producten van Wild Caught Super Omega-3 Gems, 1200mg - 100 + 30 softgels . Winkel bij Eco Supplements altijd gratis verzending boven 100\u20ac\" \/>\n<meta name=\"robots\" content=\"index, follow, max-snippet:-1, max-image-preview:large, max-video-preview:-1\" \/>\n<link rel=\"canonical\" href=\"https:\/\/ecosupplements.be\/fr\/produit\/wild-caught-super-omega-3-gems-1200mg-100-30-softgels\/\" \/>\n<meta property=\"og:locale\" content=\"fr_FR\" \/>\n<meta property=\"og:type\" content=\"article\" \/>\n<meta property=\"og:title\" content=\"Wild Caught Super Omega-3 Gems, 1200mg - 100 + 30 softgels\" \/>\n<meta property=\"og:description\" content=\"Wij hebben een ruime keuze aan producten van Wild Caught Super Omega-3 Gems, 1200mg - 100 + 30 softgels . Winkel bij Eco Supplements altijd gratis verzending boven 100\u20ac\" \/>\n<meta property=\"og:url\" content=\"https:\/\/ecosupplements.be\/fr\/produit\/wild-caught-super-omega-3-gems-1200mg-100-30-softgels\/\" \/>\n<meta property=\"og:site_name\" content=\"ECO Supplements\" \/>\n<meta property=\"article:modified_time\" content=\"2025-08-27T09:28:52+00:00\" \/>\n<meta property=\"og:image\" content=\"https:\/\/ecosupplements.be\/wp-content\/uploads\/2025\/08\/Carlson-Labs-Wild-Caught-Super-Omega-3-Gems-100-30-softgels-1.jpg\" \/>\n\t<meta property=\"og:image:width\" content=\"750\" \/>\n\t<meta property=\"og:image:height\" content=\"750\" \/>\n\t<meta property=\"og:image:type\" content=\"image\/jpeg\" \/>\n<meta name=\"twitter:card\" content=\"summary_large_image\" \/>\n<meta name=\"twitter:label1\" content=\"Prix\" \/>\n\t<meta name=\"twitter:data1\" content=\"43.11&nbsp;&euro;\" \/>\n\t<meta name=\"twitter:label2\" content=\"Disponibilit\u00e9\" \/>\n\t<meta name=\"twitter:data2\" content=\"En stock\" \/>\n<script type=\"application\/ld+json\" class=\"yoast-schema-graph\">{\"@context\":\"https:\\\/\\\/schema.org\",\"@graph\":[{\"@type\":[\"WebPage\",\"ItemPage\"],\"@id\":\"https:\\\/\\\/ecosupplements.be\\\/fr\\\/produit\\\/wild-caught-super-omega-3-gems-1200mg-100-30-softgels\\\/\",\"url\":\"https:\\\/\\\/ecosupplements.be\\\/fr\\\/produit\\\/wild-caught-super-omega-3-gems-1200mg-100-30-softgels\\\/\",\"name\":\"Wild Caught Super Omega-3 Gems, 1200mg - 100 + 30 softgels - ECO Supplements\",\"isPartOf\":{\"@id\":\"https:\\\/\\\/ecosupplements.be\\\/fr\\\/#website\"},\"primaryImageOfPage\":{\"@id\":\"https:\\\/\\\/ecosupplements.be\\\/fr\\\/produit\\\/wild-caught-super-omega-3-gems-1200mg-100-30-softgels\\\/#primaryimage\"},\"image\":{\"@id\":\"https:\\\/\\\/ecosupplements.be\\\/fr\\\/produit\\\/wild-caught-super-omega-3-gems-1200mg-100-30-softgels\\\/#primaryimage\"},\"thumbnailUrl\":\"https:\\\/\\\/ecosupplements.be\\\/wp-content\\\/uploads\\\/2025\\\/08\\\/Carlson-Labs-Wild-Caught-Super-Omega-3-Gems-100-30-softgels-1.jpg\",\"datePublished\":\"2022-06-28T09:07:39+00:00\",\"dateModified\":\"2025-08-27T09:28:52+00:00\",\"description\":\"Wij hebben een ruime keuze aan producten van Wild Caught Super Omega-3 Gems, 1200mg - 100 + 30 softgels . Winkel bij Eco Supplements altijd gratis verzending boven 100\u20ac\",\"breadcrumb\":{\"@id\":\"https:\\\/\\\/ecosupplements.be\\\/fr\\\/produit\\\/wild-caught-super-omega-3-gems-1200mg-100-30-softgels\\\/#breadcrumb\"},\"inLanguage\":\"fr-FR\",\"potentialAction\":[{\"@type\":\"ReadAction\",\"target\":[\"https:\\\/\\\/ecosupplements.be\\\/fr\\\/produit\\\/wild-caught-super-omega-3-gems-1200mg-100-30-softgels\\\/\"]}]},{\"@type\":\"ImageObject\",\"inLanguage\":\"fr-FR\",\"@id\":\"https:\\\/\\\/ecosupplements.be\\\/fr\\\/produit\\\/wild-caught-super-omega-3-gems-1200mg-100-30-softgels\\\/#primaryimage\",\"url\":\"https:\\\/\\\/ecosupplements.be\\\/wp-content\\\/uploads\\\/2025\\\/08\\\/Carlson-Labs-Wild-Caught-Super-Omega-3-Gems-100-30-softgels-1.jpg\",\"contentUrl\":\"https:\\\/\\\/ecosupplements.be\\\/wp-content\\\/uploads\\\/2025\\\/08\\\/Carlson-Labs-Wild-Caught-Super-Omega-3-Gems-100-30-softgels-1.jpg\",\"width\":750,\"height\":750},{\"@type\":\"BreadcrumbList\",\"@id\":\"https:\\\/\\\/ecosupplements.be\\\/fr\\\/produit\\\/wild-caught-super-omega-3-gems-1200mg-100-30-softgels\\\/#breadcrumb\",\"itemListElement\":[{\"@type\":\"ListItem\",\"position\":1,\"name\":\"Home\",\"item\":\"https:\\\/\\\/ecosupplements.be\\\/fr\\\/\"},{\"@type\":\"ListItem\",\"position\":2,\"name\":\"Boutique\",\"item\":\"https:\\\/\\\/ecosupplements.be\\\/fr\\\/boutique\\\/\"},{\"@type\":\"ListItem\",\"position\":3,\"name\":\"Wild Caught Super Omega-3 Gems, 1200mg &#8211; 100 + 30 softgels\"}]},{\"@type\":\"WebSite\",\"@id\":\"https:\\\/\\\/ecosupplements.be\\\/fr\\\/#website\",\"url\":\"https:\\\/\\\/ecosupplements.be\\\/fr\\\/\",\"name\":\"ECO Supplements\",\"description\":\"Eco Supplements - Gezonde supplementen\",\"publisher\":{\"@id\":\"https:\\\/\\\/ecosupplements.be\\\/fr\\\/#organization\"},\"potentialAction\":[{\"@type\":\"SearchAction\",\"target\":{\"@type\":\"EntryPoint\",\"urlTemplate\":\"https:\\\/\\\/ecosupplements.be\\\/fr\\\/?s={search_term_string}\"},\"query-input\":{\"@type\":\"PropertyValueSpecification\",\"valueRequired\":true,\"valueName\":\"search_term_string\"}}],\"inLanguage\":\"fr-FR\"},{\"@type\":\"Organization\",\"@id\":\"https:\\\/\\\/ecosupplements.be\\\/fr\\\/#organization\",\"name\":\"Eco Supplements\",\"url\":\"https:\\\/\\\/ecosupplements.be\\\/fr\\\/\",\"logo\":{\"@type\":\"ImageObject\",\"inLanguage\":\"fr-FR\",\"@id\":\"https:\\\/\\\/ecosupplements.be\\\/fr\\\/#\\\/schema\\\/logo\\\/image\\\/\",\"url\":\"https:\\\/\\\/ecosupplements.be\\\/wp-content\\\/uploads\\\/2022\\\/06\\\/ecosupplement-family.png\",\"contentUrl\":\"https:\\\/\\\/ecosupplements.be\\\/wp-content\\\/uploads\\\/2022\\\/06\\\/ecosupplement-family.png\",\"width\":593,\"height\":374,\"caption\":\"Eco Supplements\"},\"image\":{\"@id\":\"https:\\\/\\\/ecosupplements.be\\\/fr\\\/#\\\/schema\\\/logo\\\/image\\\/\"}}]}<\/script>\n<meta property=\"product:brand\" content=\"Carlson Labs\" \/>\n<meta property=\"product:price:amount\" content=\"43.11\" \/>\n<meta property=\"product:price:currency\" content=\"EUR\" \/>\n<meta property=\"og:availability\" content=\"instock\" \/>\n<meta property=\"product:availability\" content=\"instock\" \/>\n<meta property=\"product:retailer_item_id\" content=\"088395015243\" \/>\n<meta property=\"product:condition\" content=\"new\" \/>\n<!-- \/ Yoast SEO Premium plugin. -->","yoast_head_json":{"title":"Wild Caught Super Omega-3 Gems, 1200mg - 100 + 30 softgels - ECO Supplements","description":"Wij hebben een ruime keuze aan producten van Wild Caught Super Omega-3 Gems, 1200mg - 100 + 30 softgels . Winkel bij Eco Supplements altijd gratis verzending boven 100\u20ac","robots":{"index":"index","follow":"follow","max-snippet":"max-snippet:-1","max-image-preview":"max-image-preview:large","max-video-preview":"max-video-preview:-1"},"canonical":"https:\/\/ecosupplements.be\/fr\/produit\/wild-caught-super-omega-3-gems-1200mg-100-30-softgels\/","og_locale":"fr_FR","og_type":"article","og_title":"Wild Caught Super Omega-3 Gems, 1200mg - 100 + 30 softgels","og_description":"Wij hebben een ruime keuze aan producten van Wild Caught Super Omega-3 Gems, 1200mg - 100 + 30 softgels . Winkel bij Eco Supplements altijd gratis verzending boven 100\u20ac","og_url":"https:\/\/ecosupplements.be\/fr\/produit\/wild-caught-super-omega-3-gems-1200mg-100-30-softgels\/","og_site_name":"ECO Supplements","article_modified_time":"2025-08-27T09:28:52+00:00","og_image":[{"width":750,"height":750,"url":"https:\/\/ecosupplements.be\/wp-content\/uploads\/2025\/08\/Carlson-Labs-Wild-Caught-Super-Omega-3-Gems-100-30-softgels-1.jpg","type":"image\/jpeg"}],"twitter_card":"summary_large_image","twitter_misc":{"Prix":"43.11&nbsp;&euro;","Disponibilit\u00e9":"En stock"},"schema":{"@context":"https:\/\/schema.org","@graph":[{"@type":["WebPage","ItemPage"],"@id":"https:\/\/ecosupplements.be\/fr\/produit\/wild-caught-super-omega-3-gems-1200mg-100-30-softgels\/","url":"https:\/\/ecosupplements.be\/fr\/produit\/wild-caught-super-omega-3-gems-1200mg-100-30-softgels\/","name":"Wild Caught Super Omega-3 Gems, 1200mg - 100 + 30 softgels - ECO Supplements","isPartOf":{"@id":"https:\/\/ecosupplements.be\/fr\/#website"},"primaryImageOfPage":{"@id":"https:\/\/ecosupplements.be\/fr\/produit\/wild-caught-super-omega-3-gems-1200mg-100-30-softgels\/#primaryimage"},"image":{"@id":"https:\/\/ecosupplements.be\/fr\/produit\/wild-caught-super-omega-3-gems-1200mg-100-30-softgels\/#primaryimage"},"thumbnailUrl":"https:\/\/ecosupplements.be\/wp-content\/uploads\/2025\/08\/Carlson-Labs-Wild-Caught-Super-Omega-3-Gems-100-30-softgels-1.jpg","datePublished":"2022-06-28T09:07:39+00:00","dateModified":"2025-08-27T09:28:52+00:00","description":"Wij hebben een ruime keuze aan producten van Wild Caught Super Omega-3 Gems, 1200mg - 100 + 30 softgels . Winkel bij Eco Supplements altijd gratis verzending boven 100\u20ac","breadcrumb":{"@id":"https:\/\/ecosupplements.be\/fr\/produit\/wild-caught-super-omega-3-gems-1200mg-100-30-softgels\/#breadcrumb"},"inLanguage":"fr-FR","potentialAction":[{"@type":"ReadAction","target":["https:\/\/ecosupplements.be\/fr\/produit\/wild-caught-super-omega-3-gems-1200mg-100-30-softgels\/"]}]},{"@type":"ImageObject","inLanguage":"fr-FR","@id":"https:\/\/ecosupplements.be\/fr\/produit\/wild-caught-super-omega-3-gems-1200mg-100-30-softgels\/#primaryimage","url":"https:\/\/ecosupplements.be\/wp-content\/uploads\/2025\/08\/Carlson-Labs-Wild-Caught-Super-Omega-3-Gems-100-30-softgels-1.jpg","contentUrl":"https:\/\/ecosupplements.be\/wp-content\/uploads\/2025\/08\/Carlson-Labs-Wild-Caught-Super-Omega-3-Gems-100-30-softgels-1.jpg","width":750,"height":750},{"@type":"BreadcrumbList","@id":"https:\/\/ecosupplements.be\/fr\/produit\/wild-caught-super-omega-3-gems-1200mg-100-30-softgels\/#breadcrumb","itemListElement":[{"@type":"ListItem","position":1,"name":"Home","item":"https:\/\/ecosupplements.be\/fr\/"},{"@type":"ListItem","position":2,"name":"Boutique","item":"https:\/\/ecosupplements.be\/fr\/boutique\/"},{"@type":"ListItem","position":3,"name":"Wild Caught Super Omega-3 Gems, 1200mg &#8211; 100 + 30 softgels"}]},{"@type":"WebSite","@id":"https:\/\/ecosupplements.be\/fr\/#website","url":"https:\/\/ecosupplements.be\/fr\/","name":"ECO Supplements","description":"Eco Supplements - Gezonde supplementen","publisher":{"@id":"https:\/\/ecosupplements.be\/fr\/#organization"},"potentialAction":[{"@type":"SearchAction","target":{"@type":"EntryPoint","urlTemplate":"https:\/\/ecosupplements.be\/fr\/?s={search_term_string}"},"query-input":{"@type":"PropertyValueSpecification","valueRequired":true,"valueName":"search_term_string"}}],"inLanguage":"fr-FR"},{"@type":"Organization","@id":"https:\/\/ecosupplements.be\/fr\/#organization","name":"Eco Supplements","url":"https:\/\/ecosupplements.be\/fr\/","logo":{"@type":"ImageObject","inLanguage":"fr-FR","@id":"https:\/\/ecosupplements.be\/fr\/#\/schema\/logo\/image\/","url":"https:\/\/ecosupplements.be\/wp-content\/uploads\/2022\/06\/ecosupplement-family.png","contentUrl":"https:\/\/ecosupplements.be\/wp-content\/uploads\/2022\/06\/ecosupplement-family.png","width":593,"height":374,"caption":"Eco Supplements"},"image":{"@id":"https:\/\/ecosupplements.be\/fr\/#\/schema\/logo\/image\/"}}]},"product_brand":"Carlson Labs","product_price_amount":"43.11","product_price_currency":"EUR","og_availability":"instock","product_availability":"instock","product_retailer_item_id":"088395015243","product_condition":"new"},"_links":{"self":[{"href":"https:\/\/ecosupplements.be\/fr\/wp-json\/wp\/v2\/product\/280524","targetHints":{"allow":["GET"]}}],"collection":[{"href":"https:\/\/ecosupplements.be\/fr\/wp-json\/wp\/v2\/product"}],"about":[{"href":"https:\/\/ecosupplements.be\/fr\/wp-json\/wp\/v2\/types\/product"}],"replies":[{"embeddable":true,"href":"https:\/\/ecosupplements.be\/fr\/wp-json\/wp\/v2\/comments?post=280524"}],"wp:featuredmedia":[{"embeddable":true,"href":"https:\/\/ecosupplements.be\/fr\/wp-json\/wp\/v2\/media\/242738"}],"wp:attachment":[{"href":"https:\/\/ecosupplements.be\/fr\/wp-json\/wp\/v2\/media?parent=280524"}],"wp:term":[{"taxonomy":"product_brand","embeddable":true,"href":"https:\/\/ecosupplements.be\/fr\/wp-json\/wp\/v2\/product_brand?post=280524"},{"taxonomy":"product_cat","embeddable":true,"href":"https:\/\/ecosupplements.be\/fr\/wp-json\/wp\/v2\/product_cat?post=280524"},{"taxonomy":"product_tag","embeddable":true,"href":"https:\/\/ecosupplements.be\/fr\/wp-json\/wp\/v2\/product_tag?post=280524"}],"curies":[{"name":"wp","href":"https:\/\/api.w.org\/{rel}","templated":true}]}}