{"id":280525,"date":"2022-06-28T10:07:39","date_gmt":"2022-06-28T09:07:39","guid":{"rendered":"https:\/\/ecosupplements.be\/product\/gemmes-dhuile-de-foie-de-morue-sauvage-de-norvege-1000mg-100-softgels\/"},"modified":"2025-08-27T10:28:54","modified_gmt":"2025-08-27T09:28:54","slug":"gemmes-dhuile-de-foie-de-morue-sauvage-de-norvege-1000mg-100-softgels","status":"publish","type":"product","link":"https:\/\/ecosupplements.be\/fr\/produit\/gemmes-dhuile-de-foie-de-morue-sauvage-de-norvege-1000mg-100-softgels\/","title":{"rendered":"Gemmes d&#8217;huile de foie de morue sauvage de Norv\u00e8ge, 1000mg &#8211; 100 softgels"},"content":{"rendered":"<h1 style=\"text-align: center;\">Carlson Labs &#8211; Les joyaux de l&#8217;huile de foie de morue sauvage norv\u00e9gienne<\/h1>\n<p>Fra\u00eecheur et puissance &#8211; Puret\u00e9 garantie.<br \/>\nSuppl\u00e9ment di\u00e9t\u00e9tique.<br \/>\nLa sant\u00e9 du c\u0153ur.<br \/>\nFonctionnement du cerveau.<br \/>\nSoutien immunitaire.<br \/>\nCarlson &#8211; Fournir les meilleurs om\u00e9ga-3 norv\u00e9giens depuis 1982.<br \/>\nSans gluten.<br \/>\nSans conservateurs artificiels.<br \/>\nUne installation r\u00e9glement\u00e9e par la FDA.<br \/>\nAmi de la mer.<br \/>\nCod Liver Oil Gems Super 1.000 contient 1.000 mg d&#8217;huile de foie de morue, qui apporte 250 mg d&#8217;om\u00e9ga-3 ainsi que des vitamines A et D3. Les om\u00e9ga-3 b\u00e9n\u00e9fiques EPA et DHA favorisent la sant\u00e9 des fonctions cardiovasculaires, cognitives et immunitaires. Les gemmes d&#8217;huile de foie de morue proviennent de morues arctiques sauvages de la plus haute qualit\u00e9, p\u00each\u00e9es au large des c\u00f4tes de Norv\u00e8ge, selon des m\u00e9thodes traditionnelles et durables.<\/p>\n","protected":false},"excerpt":{"rendered":"<p>Carlson Labs &#8211; Les joyaux de l&#8217;huile de foie de morue sauvage norv\u00e9gienne Fra\u00eecheur et puissance &#8211; Puret\u00e9 garantie. Suppl\u00e9ment di\u00e9t\u00e9tique. La sant\u00e9 du c\u0153ur. Fonctionnement du cerveau. Soutien immunitaire. Carlson &#8211; Fournir les meilleurs om\u00e9ga-3 norv\u00e9giens depuis 1982. Sans gluten. Sans conservateurs artificiels. Une installation r\u00e9glement\u00e9e par la FDA. Ami de la mer. Cod [&#8230;]\n","protected":false},"featured_media":242743,"comment_status":"open","ping_status":"open","template":"","meta":[],"product_brand":[4671],"product_cat":[5102,5081,5082,5052],"product_tag":[],"class_list":{"0":"post-280525","1":"product","2":"type-product","3":"status-publish","4":"has-post-thumbnail","6":"product_brand-carlson-labs-2","7":"product_cat-omega-et-huile-de-poisson","8":"product_cat-omegas-age-alc-huiles","9":"product_cat-omegas-efa-cla-huiles","10":"product_cat-sante-et-bien-etre","12":"first","13":"instock","14":"taxable","15":"shipping-taxable","16":"purchasable","17":"product-type-simple"},"yoast_head":"<!-- This site is optimized with the Yoast SEO Premium plugin v27.3 (Yoast SEO v27.3) - https:\/\/yoast.com\/product\/yoast-seo-premium-wordpress\/ -->\n<title>Gemmes d&#039;huile de foie de morue sauvage de Norv\u00e8ge, 1000mg - 100 softgels - ECO Supplements<\/title>\n<meta name=\"description\" content=\"Wij hebben een ruime keuze aan producten van Gemmes d&#039;huile de foie de morue sauvage de Norv\u00e8ge, 1000mg - 100 softgels . Winkel bij Eco Supplements altijd gratis verzending boven 100\u20ac\" \/>\n<meta name=\"robots\" content=\"index, follow, max-snippet:-1, max-image-preview:large, max-video-preview:-1\" \/>\n<link rel=\"canonical\" href=\"https:\/\/ecosupplements.be\/fr\/produit\/gemmes-dhuile-de-foie-de-morue-sauvage-de-norvege-1000mg-100-softgels\/\" \/>\n<meta property=\"og:locale\" content=\"fr_FR\" \/>\n<meta property=\"og:type\" content=\"article\" \/>\n<meta property=\"og:title\" content=\"Gemmes d&#039;huile de foie de morue sauvage de Norv\u00e8ge, 1000mg - 100 softgels\" \/>\n<meta property=\"og:description\" content=\"Wij hebben een ruime keuze aan producten van Gemmes d&#039;huile de foie de morue sauvage de Norv\u00e8ge, 1000mg - 100 softgels . Winkel bij Eco Supplements altijd gratis verzending boven 100\u20ac\" \/>\n<meta property=\"og:url\" content=\"https:\/\/ecosupplements.be\/fr\/produit\/gemmes-dhuile-de-foie-de-morue-sauvage-de-norvege-1000mg-100-softgels\/\" \/>\n<meta property=\"og:site_name\" content=\"ECO Supplements\" \/>\n<meta property=\"article:modified_time\" content=\"2025-08-27T09:28:54+00:00\" \/>\n<meta property=\"og:image\" content=\"https:\/\/ecosupplements.be\/wp-content\/uploads\/2025\/08\/Carlson-Labs-Wild-Norwegian-Cod-Liver-Oil-Gems-1000mg-100-softgels.jpg\" \/>\n\t<meta property=\"og:image:width\" content=\"750\" \/>\n\t<meta property=\"og:image:height\" content=\"750\" \/>\n\t<meta property=\"og:image:type\" content=\"image\/jpeg\" \/>\n<meta name=\"twitter:card\" content=\"summary_large_image\" \/>\n<meta name=\"twitter:label1\" content=\"Prix\" \/>\n\t<meta name=\"twitter:data1\" content=\"25.06&nbsp;&euro;\" \/>\n\t<meta name=\"twitter:label2\" content=\"Disponibilit\u00e9\" \/>\n\t<meta name=\"twitter:data2\" content=\"En stock\" \/>\n<script type=\"application\/ld+json\" class=\"yoast-schema-graph\">{\"@context\":\"https:\\\/\\\/schema.org\",\"@graph\":[{\"@type\":[\"WebPage\",\"ItemPage\"],\"@id\":\"https:\\\/\\\/ecosupplements.be\\\/fr\\\/produit\\\/gemmes-dhuile-de-foie-de-morue-sauvage-de-norvege-1000mg-100-softgels\\\/\",\"url\":\"https:\\\/\\\/ecosupplements.be\\\/fr\\\/produit\\\/gemmes-dhuile-de-foie-de-morue-sauvage-de-norvege-1000mg-100-softgels\\\/\",\"name\":\"Gemmes d'huile de foie de morue sauvage de Norv\u00e8ge, 1000mg - 100 softgels - ECO Supplements\",\"isPartOf\":{\"@id\":\"https:\\\/\\\/ecosupplements.be\\\/fr\\\/#website\"},\"primaryImageOfPage\":{\"@id\":\"https:\\\/\\\/ecosupplements.be\\\/fr\\\/produit\\\/gemmes-dhuile-de-foie-de-morue-sauvage-de-norvege-1000mg-100-softgels\\\/#primaryimage\"},\"image\":{\"@id\":\"https:\\\/\\\/ecosupplements.be\\\/fr\\\/produit\\\/gemmes-dhuile-de-foie-de-morue-sauvage-de-norvege-1000mg-100-softgels\\\/#primaryimage\"},\"thumbnailUrl\":\"https:\\\/\\\/ecosupplements.be\\\/wp-content\\\/uploads\\\/2025\\\/08\\\/Carlson-Labs-Wild-Norwegian-Cod-Liver-Oil-Gems-1000mg-100-softgels-1.jpg\",\"datePublished\":\"2022-06-28T09:07:39+00:00\",\"dateModified\":\"2025-08-27T09:28:54+00:00\",\"description\":\"Wij hebben een ruime keuze aan producten van Gemmes d'huile de foie de morue sauvage de Norv\u00e8ge, 1000mg - 100 softgels . Winkel bij Eco Supplements altijd gratis verzending boven 100\u20ac\",\"breadcrumb\":{\"@id\":\"https:\\\/\\\/ecosupplements.be\\\/fr\\\/produit\\\/gemmes-dhuile-de-foie-de-morue-sauvage-de-norvege-1000mg-100-softgels\\\/#breadcrumb\"},\"inLanguage\":\"fr-FR\",\"potentialAction\":[{\"@type\":\"ReadAction\",\"target\":[\"https:\\\/\\\/ecosupplements.be\\\/fr\\\/produit\\\/gemmes-dhuile-de-foie-de-morue-sauvage-de-norvege-1000mg-100-softgels\\\/\"]}]},{\"@type\":\"ImageObject\",\"inLanguage\":\"fr-FR\",\"@id\":\"https:\\\/\\\/ecosupplements.be\\\/fr\\\/produit\\\/gemmes-dhuile-de-foie-de-morue-sauvage-de-norvege-1000mg-100-softgels\\\/#primaryimage\",\"url\":\"https:\\\/\\\/ecosupplements.be\\\/wp-content\\\/uploads\\\/2025\\\/08\\\/Carlson-Labs-Wild-Norwegian-Cod-Liver-Oil-Gems-1000mg-100-softgels-1.jpg\",\"contentUrl\":\"https:\\\/\\\/ecosupplements.be\\\/wp-content\\\/uploads\\\/2025\\\/08\\\/Carlson-Labs-Wild-Norwegian-Cod-Liver-Oil-Gems-1000mg-100-softgels-1.jpg\",\"width\":750,\"height\":750},{\"@type\":\"BreadcrumbList\",\"@id\":\"https:\\\/\\\/ecosupplements.be\\\/fr\\\/produit\\\/gemmes-dhuile-de-foie-de-morue-sauvage-de-norvege-1000mg-100-softgels\\\/#breadcrumb\",\"itemListElement\":[{\"@type\":\"ListItem\",\"position\":1,\"name\":\"Home\",\"item\":\"https:\\\/\\\/ecosupplements.be\\\/fr\\\/\"},{\"@type\":\"ListItem\",\"position\":2,\"name\":\"Boutique\",\"item\":\"https:\\\/\\\/ecosupplements.be\\\/fr\\\/boutique\\\/\"},{\"@type\":\"ListItem\",\"position\":3,\"name\":\"Gemmes d&#8217;huile de foie de morue sauvage de Norv\u00e8ge, 1000mg &#8211; 100 softgels\"}]},{\"@type\":\"WebSite\",\"@id\":\"https:\\\/\\\/ecosupplements.be\\\/fr\\\/#website\",\"url\":\"https:\\\/\\\/ecosupplements.be\\\/fr\\\/\",\"name\":\"ECO Supplements\",\"description\":\"Eco Supplements - Gezonde supplementen\",\"publisher\":{\"@id\":\"https:\\\/\\\/ecosupplements.be\\\/fr\\\/#organization\"},\"potentialAction\":[{\"@type\":\"SearchAction\",\"target\":{\"@type\":\"EntryPoint\",\"urlTemplate\":\"https:\\\/\\\/ecosupplements.be\\\/fr\\\/?s={search_term_string}\"},\"query-input\":{\"@type\":\"PropertyValueSpecification\",\"valueRequired\":true,\"valueName\":\"search_term_string\"}}],\"inLanguage\":\"fr-FR\"},{\"@type\":\"Organization\",\"@id\":\"https:\\\/\\\/ecosupplements.be\\\/fr\\\/#organization\",\"name\":\"Eco Supplements\",\"url\":\"https:\\\/\\\/ecosupplements.be\\\/fr\\\/\",\"logo\":{\"@type\":\"ImageObject\",\"inLanguage\":\"fr-FR\",\"@id\":\"https:\\\/\\\/ecosupplements.be\\\/fr\\\/#\\\/schema\\\/logo\\\/image\\\/\",\"url\":\"https:\\\/\\\/ecosupplements.be\\\/wp-content\\\/uploads\\\/2022\\\/06\\\/ecosupplement-family.png\",\"contentUrl\":\"https:\\\/\\\/ecosupplements.be\\\/wp-content\\\/uploads\\\/2022\\\/06\\\/ecosupplement-family.png\",\"width\":593,\"height\":374,\"caption\":\"Eco Supplements\"},\"image\":{\"@id\":\"https:\\\/\\\/ecosupplements.be\\\/fr\\\/#\\\/schema\\\/logo\\\/image\\\/\"}}]}<\/script>\n<meta property=\"product:brand\" content=\"Carlson Labs\" \/>\n<meta property=\"product:price:amount\" content=\"25.06\" \/>\n<meta property=\"product:price:currency\" content=\"EUR\" \/>\n<meta property=\"og:availability\" content=\"instock\" \/>\n<meta property=\"product:availability\" content=\"instock\" \/>\n<meta property=\"product:retailer_item_id\" content=\"088395013010\" \/>\n<meta property=\"product:condition\" content=\"new\" \/>\n<!-- \/ Yoast SEO Premium plugin. -->","yoast_head_json":{"title":"Gemmes d'huile de foie de morue sauvage de Norv\u00e8ge, 1000mg - 100 softgels - ECO Supplements","description":"Wij hebben een ruime keuze aan producten van Gemmes d'huile de foie de morue sauvage de Norv\u00e8ge, 1000mg - 100 softgels . Winkel bij Eco Supplements altijd gratis verzending boven 100\u20ac","robots":{"index":"index","follow":"follow","max-snippet":"max-snippet:-1","max-image-preview":"max-image-preview:large","max-video-preview":"max-video-preview:-1"},"canonical":"https:\/\/ecosupplements.be\/fr\/produit\/gemmes-dhuile-de-foie-de-morue-sauvage-de-norvege-1000mg-100-softgels\/","og_locale":"fr_FR","og_type":"article","og_title":"Gemmes d'huile de foie de morue sauvage de Norv\u00e8ge, 1000mg - 100 softgels","og_description":"Wij hebben een ruime keuze aan producten van Gemmes d'huile de foie de morue sauvage de Norv\u00e8ge, 1000mg - 100 softgels . Winkel bij Eco Supplements altijd gratis verzending boven 100\u20ac","og_url":"https:\/\/ecosupplements.be\/fr\/produit\/gemmes-dhuile-de-foie-de-morue-sauvage-de-norvege-1000mg-100-softgels\/","og_site_name":"ECO Supplements","article_modified_time":"2025-08-27T09:28:54+00:00","og_image":[{"width":750,"height":750,"url":"https:\/\/ecosupplements.be\/wp-content\/uploads\/2025\/08\/Carlson-Labs-Wild-Norwegian-Cod-Liver-Oil-Gems-1000mg-100-softgels.jpg","type":"image\/jpeg"}],"twitter_card":"summary_large_image","twitter_misc":{"Prix":"25.06&nbsp;&euro;","Disponibilit\u00e9":"En stock"},"schema":{"@context":"https:\/\/schema.org","@graph":[{"@type":["WebPage","ItemPage"],"@id":"https:\/\/ecosupplements.be\/fr\/produit\/gemmes-dhuile-de-foie-de-morue-sauvage-de-norvege-1000mg-100-softgels\/","url":"https:\/\/ecosupplements.be\/fr\/produit\/gemmes-dhuile-de-foie-de-morue-sauvage-de-norvege-1000mg-100-softgels\/","name":"Gemmes d'huile de foie de morue sauvage de Norv\u00e8ge, 1000mg - 100 softgels - ECO Supplements","isPartOf":{"@id":"https:\/\/ecosupplements.be\/fr\/#website"},"primaryImageOfPage":{"@id":"https:\/\/ecosupplements.be\/fr\/produit\/gemmes-dhuile-de-foie-de-morue-sauvage-de-norvege-1000mg-100-softgels\/#primaryimage"},"image":{"@id":"https:\/\/ecosupplements.be\/fr\/produit\/gemmes-dhuile-de-foie-de-morue-sauvage-de-norvege-1000mg-100-softgels\/#primaryimage"},"thumbnailUrl":"https:\/\/ecosupplements.be\/wp-content\/uploads\/2025\/08\/Carlson-Labs-Wild-Norwegian-Cod-Liver-Oil-Gems-1000mg-100-softgels-1.jpg","datePublished":"2022-06-28T09:07:39+00:00","dateModified":"2025-08-27T09:28:54+00:00","description":"Wij hebben een ruime keuze aan producten van Gemmes d'huile de foie de morue sauvage de Norv\u00e8ge, 1000mg - 100 softgels . Winkel bij Eco Supplements altijd gratis verzending boven 100\u20ac","breadcrumb":{"@id":"https:\/\/ecosupplements.be\/fr\/produit\/gemmes-dhuile-de-foie-de-morue-sauvage-de-norvege-1000mg-100-softgels\/#breadcrumb"},"inLanguage":"fr-FR","potentialAction":[{"@type":"ReadAction","target":["https:\/\/ecosupplements.be\/fr\/produit\/gemmes-dhuile-de-foie-de-morue-sauvage-de-norvege-1000mg-100-softgels\/"]}]},{"@type":"ImageObject","inLanguage":"fr-FR","@id":"https:\/\/ecosupplements.be\/fr\/produit\/gemmes-dhuile-de-foie-de-morue-sauvage-de-norvege-1000mg-100-softgels\/#primaryimage","url":"https:\/\/ecosupplements.be\/wp-content\/uploads\/2025\/08\/Carlson-Labs-Wild-Norwegian-Cod-Liver-Oil-Gems-1000mg-100-softgels-1.jpg","contentUrl":"https:\/\/ecosupplements.be\/wp-content\/uploads\/2025\/08\/Carlson-Labs-Wild-Norwegian-Cod-Liver-Oil-Gems-1000mg-100-softgels-1.jpg","width":750,"height":750},{"@type":"BreadcrumbList","@id":"https:\/\/ecosupplements.be\/fr\/produit\/gemmes-dhuile-de-foie-de-morue-sauvage-de-norvege-1000mg-100-softgels\/#breadcrumb","itemListElement":[{"@type":"ListItem","position":1,"name":"Home","item":"https:\/\/ecosupplements.be\/fr\/"},{"@type":"ListItem","position":2,"name":"Boutique","item":"https:\/\/ecosupplements.be\/fr\/boutique\/"},{"@type":"ListItem","position":3,"name":"Gemmes d&#8217;huile de foie de morue sauvage de Norv\u00e8ge, 1000mg &#8211; 100 softgels"}]},{"@type":"WebSite","@id":"https:\/\/ecosupplements.be\/fr\/#website","url":"https:\/\/ecosupplements.be\/fr\/","name":"ECO Supplements","description":"Eco Supplements - Gezonde supplementen","publisher":{"@id":"https:\/\/ecosupplements.be\/fr\/#organization"},"potentialAction":[{"@type":"SearchAction","target":{"@type":"EntryPoint","urlTemplate":"https:\/\/ecosupplements.be\/fr\/?s={search_term_string}"},"query-input":{"@type":"PropertyValueSpecification","valueRequired":true,"valueName":"search_term_string"}}],"inLanguage":"fr-FR"},{"@type":"Organization","@id":"https:\/\/ecosupplements.be\/fr\/#organization","name":"Eco Supplements","url":"https:\/\/ecosupplements.be\/fr\/","logo":{"@type":"ImageObject","inLanguage":"fr-FR","@id":"https:\/\/ecosupplements.be\/fr\/#\/schema\/logo\/image\/","url":"https:\/\/ecosupplements.be\/wp-content\/uploads\/2022\/06\/ecosupplement-family.png","contentUrl":"https:\/\/ecosupplements.be\/wp-content\/uploads\/2022\/06\/ecosupplement-family.png","width":593,"height":374,"caption":"Eco Supplements"},"image":{"@id":"https:\/\/ecosupplements.be\/fr\/#\/schema\/logo\/image\/"}}]},"product_brand":"Carlson Labs","product_price_amount":"25.06","product_price_currency":"EUR","og_availability":"instock","product_availability":"instock","product_retailer_item_id":"088395013010","product_condition":"new"},"_links":{"self":[{"href":"https:\/\/ecosupplements.be\/fr\/wp-json\/wp\/v2\/product\/280525","targetHints":{"allow":["GET"]}}],"collection":[{"href":"https:\/\/ecosupplements.be\/fr\/wp-json\/wp\/v2\/product"}],"about":[{"href":"https:\/\/ecosupplements.be\/fr\/wp-json\/wp\/v2\/types\/product"}],"replies":[{"embeddable":true,"href":"https:\/\/ecosupplements.be\/fr\/wp-json\/wp\/v2\/comments?post=280525"}],"wp:featuredmedia":[{"embeddable":true,"href":"https:\/\/ecosupplements.be\/fr\/wp-json\/wp\/v2\/media\/242743"}],"wp:attachment":[{"href":"https:\/\/ecosupplements.be\/fr\/wp-json\/wp\/v2\/media?parent=280525"}],"wp:term":[{"taxonomy":"product_brand","embeddable":true,"href":"https:\/\/ecosupplements.be\/fr\/wp-json\/wp\/v2\/product_brand?post=280525"},{"taxonomy":"product_cat","embeddable":true,"href":"https:\/\/ecosupplements.be\/fr\/wp-json\/wp\/v2\/product_cat?post=280525"},{"taxonomy":"product_tag","embeddable":true,"href":"https:\/\/ecosupplements.be\/fr\/wp-json\/wp\/v2\/product_tag?post=280525"}],"curies":[{"name":"wp","href":"https:\/\/api.w.org\/{rel}","templated":true}]}}