{"id":280539,"date":"2022-06-28T10:07:48","date_gmt":"2022-06-28T09:07:48","guid":{"rendered":"https:\/\/ecosupplements.be\/product\/acetyl-l-carnitine-avec-biosint-carnitines-500mg-60-vcaps\/"},"modified":"2025-08-27T10:29:51","modified_gmt":"2025-08-27T09:29:51","slug":"acetyl-l-carnitine-avec-biosint-carnitines-500mg-60-vcaps","status":"publish","type":"product","link":"https:\/\/ecosupplements.be\/fr\/produit\/acetyl-l-carnitine-avec-biosint-carnitines-500mg-60-vcaps\/","title":{"rendered":"Acetyl L-Carnitine avec Biosint Carnitines, 500mg &#8211; 60 vcaps"},"content":{"rendered":"<h1 style=\"text-align: center;\">Doctor&#8217;s Best &#8211; Acetyl L-Carnitine avec Biosint Carnitines<\/h1>\n<p>Qu&#8217;est-ce que Doctor&#8217;s Best Acetyl L-Carnitine ?<br \/>\nDoctor&#8217;s Best Acetyl-L-Carnitine est une forme naturelle de L-Carnitine qui est un nutriment de type vitamine synth\u00e9tis\u00e9 dans le corps \u00e0 partir des acides amin\u00e9s lysine et m\u00e9thionine. Elle soutient la fonction cognitive et favorise le bon fonctionnement des neurones du cerveau. L&#8217;ac\u00e9tyl-L-Carnitine joue un r\u00f4le cl\u00e9 dans la production d&#8217;ac\u00e9tylcholine, un neurotransmetteur important pour le fonctionnement du cerveau et des cellules nerveuses. L&#8217;ac\u00e9tyl-L-Carnitine aide \u00e0 fournir de l&#8217;\u00e9nergie au cerveau en augmentant l&#8217;efficacit\u00e9 des mitochondries, soutient la production du facteur de croissance nerveuse et aide \u00e0 maintenir l&#8217;int\u00e9grit\u00e9 des membranes intracellulaires. Doctor&#8217;s Best Acetyl-L-Carnitine contient de l&#8217;Acetyl-L-Carnitine Biosint, qui est fabriqu\u00e9e en Italie par la soci\u00e9t\u00e9 r\u00e9put\u00e9e Sigma-Tau selon un proc\u00e9d\u00e9 brevet\u00e9, approuv\u00e9 par la FDA, qui est enti\u00e8rement conforme aux monographies USP 25, FCC 4 et UE.<br \/>\nComment cela fonctionne-t-il ?<br \/>\nL&#8217;ac\u00e9tyl-L-Carnitine sert de mol\u00e9cule de transport pour l'&#8221;ac\u00e9tate actif&#8221;, qui est une source de carburant pour les processus m\u00e9taboliques qui ont lieu dans les cellules. L&#8217;ac\u00e9tyl-L-Carnitine transporte l&#8217;ac\u00e9tate actif (la partie &#8220;ac\u00e9tyle&#8221;) directement dans la mitochondrie, la structure g\u00e9n\u00e9ratrice d&#8217;\u00e9nergie de la cellule. L&#8217;ac\u00e9tate actif est utilis\u00e9 pour produire de l&#8217;\u00e9nergie cellulaire sous forme d&#8217;ATP. Contrairement \u00e0 la L-carnitine, l&#8217;ac\u00e9tyl-L-carnitine traverse facilement la barri\u00e8re h\u00e9mato-enc\u00e9phalique, o\u00f9 elle pr\u00e9sente des avantages sp\u00e9cifiques pour les neurones du cerveau.<\/p>\n<p><img decoding=\"async\" src=\"https:\/\/ecosupplements.be\/wp-content\/uploads\/2025\/08\/gluten-free-1.png\" title=\"Sans gluten\" alt=\"Gluten free\"><img decoding=\"async\" src=\"https:\/\/ecosupplements.be\/wp-content\/uploads\/2025\/08\/non-gmo-1.png\" title=\"Non-OGM\" alt=\"Non-GMO\"><img decoding=\"async\" src=\"https:\/\/ecosupplements.be\/wp-content\/uploads\/2025\/08\/vegan-1.png\" title=\"Vegan\" alt=\"Vegan\"><img decoding=\"async\" src=\"https:\/\/ecosupplements.be\/wp-content\/uploads\/2025\/08\/vegetarian-1.png\" title=\"V\u00e9g\u00e9tarien\" alt=\"Vegetarian\"><\/p>\n","protected":false},"excerpt":{"rendered":"<p>Doctor&#8217;s Best &#8211; Acetyl L-Carnitine avec Biosint Carnitines Qu&#8217;est-ce que Doctor&#8217;s Best Acetyl L-Carnitine ? Doctor&#8217;s Best Acetyl-L-Carnitine est une forme naturelle de L-Carnitine qui est un nutriment de type vitamine synth\u00e9tis\u00e9 dans le corps \u00e0 partir des acides amin\u00e9s lysine et m\u00e9thionine. Elle soutient la fonction cognitive et favorise le bon fonctionnement des neurones [&#8230;]\n","protected":false},"featured_media":242820,"comment_status":"open","ping_status":"open","template":"","meta":[],"product_brand":[4674],"product_cat":[5067,5068,5054,5055,5052,5053],"product_tag":[5069],"class_list":{"0":"post-280539","1":"product","2":"type-product","3":"status-publish","4":"has-post-thumbnail","6":"product_brand-doctors-best-2","7":"product_cat-acides-amines-et-bcaa","8":"product_cat-l-carnitine-acides-amines-et-bcaa","9":"product_cat-nourriture-saine","10":"product_cat-produits-vegetaliens","11":"product_cat-sante-et-bien-etre","12":"product_cat-vitamines-et-mineraux","13":"product_tag-topeco-2","15":"first","16":"instock","17":"taxable","18":"shipping-taxable","19":"purchasable","20":"product-type-simple"},"yoast_head":"<!-- This site is optimized with the Yoast SEO Premium plugin v27.3 (Yoast SEO v27.3) - https:\/\/yoast.com\/product\/yoast-seo-premium-wordpress\/ -->\n<title>Acetyl L-Carnitine avec Biosint Carnitines, 500mg - 60 vcaps - ECO Supplements<\/title>\n<meta name=\"description\" content=\"Wij hebben een ruime keuze aan producten van Acetyl L-Carnitine avec Biosint Carnitines, 500mg - 60 vcaps . Winkel bij Eco Supplements altijd gratis verzending boven 100\u20ac\" \/>\n<meta name=\"robots\" content=\"index, follow, max-snippet:-1, max-image-preview:large, max-video-preview:-1\" \/>\n<link rel=\"canonical\" href=\"https:\/\/ecosupplements.be\/fr\/produit\/acetyl-l-carnitine-avec-biosint-carnitines-500mg-60-vcaps\/\" \/>\n<meta property=\"og:locale\" content=\"fr_FR\" \/>\n<meta property=\"og:type\" content=\"article\" \/>\n<meta property=\"og:title\" content=\"Acetyl L-Carnitine avec Biosint Carnitines, 500mg - 60 vcaps\" \/>\n<meta property=\"og:description\" content=\"Wij hebben een ruime keuze aan producten van Acetyl L-Carnitine avec Biosint Carnitines, 500mg - 60 vcaps . Winkel bij Eco Supplements altijd gratis verzending boven 100\u20ac\" \/>\n<meta property=\"og:url\" content=\"https:\/\/ecosupplements.be\/fr\/produit\/acetyl-l-carnitine-avec-biosint-carnitines-500mg-60-vcaps\/\" \/>\n<meta property=\"og:site_name\" content=\"ECO Supplements\" \/>\n<meta property=\"article:modified_time\" content=\"2025-08-27T09:29:51+00:00\" \/>\n<meta property=\"og:image\" content=\"https:\/\/ecosupplements.be\/wp-content\/uploads\/2025\/08\/Doctors-Best-Acetyl-L-Carnitine-with-Biosint-Carnitines-500mg-60-vcaps-1.jpg\" \/>\n\t<meta property=\"og:image:width\" content=\"750\" \/>\n\t<meta property=\"og:image:height\" content=\"750\" \/>\n\t<meta property=\"og:image:type\" content=\"image\/jpeg\" \/>\n<meta name=\"twitter:card\" content=\"summary_large_image\" \/>\n<meta name=\"twitter:label1\" content=\"Prix\" \/>\n\t<meta name=\"twitter:data1\" content=\"21.59&nbsp;&euro;\" \/>\n\t<meta name=\"twitter:label2\" content=\"Disponibilit\u00e9\" \/>\n\t<meta name=\"twitter:data2\" content=\"En stock\" \/>\n<script type=\"application\/ld+json\" class=\"yoast-schema-graph\">{\"@context\":\"https:\\\/\\\/schema.org\",\"@graph\":[{\"@type\":[\"WebPage\",\"ItemPage\"],\"@id\":\"https:\\\/\\\/ecosupplements.be\\\/fr\\\/produit\\\/acetyl-l-carnitine-avec-biosint-carnitines-500mg-60-vcaps\\\/\",\"url\":\"https:\\\/\\\/ecosupplements.be\\\/fr\\\/produit\\\/acetyl-l-carnitine-avec-biosint-carnitines-500mg-60-vcaps\\\/\",\"name\":\"Acetyl L-Carnitine avec Biosint Carnitines, 500mg - 60 vcaps - ECO Supplements\",\"isPartOf\":{\"@id\":\"https:\\\/\\\/ecosupplements.be\\\/fr\\\/#website\"},\"primaryImageOfPage\":{\"@id\":\"https:\\\/\\\/ecosupplements.be\\\/fr\\\/produit\\\/acetyl-l-carnitine-avec-biosint-carnitines-500mg-60-vcaps\\\/#primaryimage\"},\"image\":{\"@id\":\"https:\\\/\\\/ecosupplements.be\\\/fr\\\/produit\\\/acetyl-l-carnitine-avec-biosint-carnitines-500mg-60-vcaps\\\/#primaryimage\"},\"thumbnailUrl\":\"https:\\\/\\\/ecosupplements.be\\\/wp-content\\\/uploads\\\/2025\\\/08\\\/Doctors-Best-Acetyl-L-Carnitine-with-Biosint-Carnitines-500mg-60-vcaps-1.jpg\",\"datePublished\":\"2022-06-28T09:07:48+00:00\",\"dateModified\":\"2025-08-27T09:29:51+00:00\",\"description\":\"Wij hebben een ruime keuze aan producten van Acetyl L-Carnitine avec Biosint Carnitines, 500mg - 60 vcaps . Winkel bij Eco Supplements altijd gratis verzending boven 100\u20ac\",\"breadcrumb\":{\"@id\":\"https:\\\/\\\/ecosupplements.be\\\/fr\\\/produit\\\/acetyl-l-carnitine-avec-biosint-carnitines-500mg-60-vcaps\\\/#breadcrumb\"},\"inLanguage\":\"fr-FR\",\"potentialAction\":[{\"@type\":\"ReadAction\",\"target\":[\"https:\\\/\\\/ecosupplements.be\\\/fr\\\/produit\\\/acetyl-l-carnitine-avec-biosint-carnitines-500mg-60-vcaps\\\/\"]}]},{\"@type\":\"ImageObject\",\"inLanguage\":\"fr-FR\",\"@id\":\"https:\\\/\\\/ecosupplements.be\\\/fr\\\/produit\\\/acetyl-l-carnitine-avec-biosint-carnitines-500mg-60-vcaps\\\/#primaryimage\",\"url\":\"https:\\\/\\\/ecosupplements.be\\\/wp-content\\\/uploads\\\/2025\\\/08\\\/Doctors-Best-Acetyl-L-Carnitine-with-Biosint-Carnitines-500mg-60-vcaps-1.jpg\",\"contentUrl\":\"https:\\\/\\\/ecosupplements.be\\\/wp-content\\\/uploads\\\/2025\\\/08\\\/Doctors-Best-Acetyl-L-Carnitine-with-Biosint-Carnitines-500mg-60-vcaps-1.jpg\",\"width\":750,\"height\":750},{\"@type\":\"BreadcrumbList\",\"@id\":\"https:\\\/\\\/ecosupplements.be\\\/fr\\\/produit\\\/acetyl-l-carnitine-avec-biosint-carnitines-500mg-60-vcaps\\\/#breadcrumb\",\"itemListElement\":[{\"@type\":\"ListItem\",\"position\":1,\"name\":\"Home\",\"item\":\"https:\\\/\\\/ecosupplements.be\\\/fr\\\/\"},{\"@type\":\"ListItem\",\"position\":2,\"name\":\"Boutique\",\"item\":\"https:\\\/\\\/ecosupplements.be\\\/fr\\\/boutique\\\/\"},{\"@type\":\"ListItem\",\"position\":3,\"name\":\"Acetyl L-Carnitine avec Biosint Carnitines, 500mg &#8211; 60 vcaps\"}]},{\"@type\":\"WebSite\",\"@id\":\"https:\\\/\\\/ecosupplements.be\\\/fr\\\/#website\",\"url\":\"https:\\\/\\\/ecosupplements.be\\\/fr\\\/\",\"name\":\"ECO Supplements\",\"description\":\"Eco Supplements - Gezonde supplementen\",\"publisher\":{\"@id\":\"https:\\\/\\\/ecosupplements.be\\\/fr\\\/#organization\"},\"potentialAction\":[{\"@type\":\"SearchAction\",\"target\":{\"@type\":\"EntryPoint\",\"urlTemplate\":\"https:\\\/\\\/ecosupplements.be\\\/fr\\\/?s={search_term_string}\"},\"query-input\":{\"@type\":\"PropertyValueSpecification\",\"valueRequired\":true,\"valueName\":\"search_term_string\"}}],\"inLanguage\":\"fr-FR\"},{\"@type\":\"Organization\",\"@id\":\"https:\\\/\\\/ecosupplements.be\\\/fr\\\/#organization\",\"name\":\"Eco Supplements\",\"url\":\"https:\\\/\\\/ecosupplements.be\\\/fr\\\/\",\"logo\":{\"@type\":\"ImageObject\",\"inLanguage\":\"fr-FR\",\"@id\":\"https:\\\/\\\/ecosupplements.be\\\/fr\\\/#\\\/schema\\\/logo\\\/image\\\/\",\"url\":\"https:\\\/\\\/ecosupplements.be\\\/wp-content\\\/uploads\\\/2022\\\/06\\\/ecosupplement-family.png\",\"contentUrl\":\"https:\\\/\\\/ecosupplements.be\\\/wp-content\\\/uploads\\\/2022\\\/06\\\/ecosupplement-family.png\",\"width\":593,\"height\":374,\"caption\":\"Eco Supplements\"},\"image\":{\"@id\":\"https:\\\/\\\/ecosupplements.be\\\/fr\\\/#\\\/schema\\\/logo\\\/image\\\/\"}}]}<\/script>\n<meta property=\"product:brand\" content=\"Doctor&#039;s Best\" \/>\n<meta property=\"product:price:amount\" content=\"21.59\" \/>\n<meta property=\"product:price:currency\" content=\"EUR\" \/>\n<meta property=\"og:availability\" content=\"instock\" \/>\n<meta property=\"product:availability\" content=\"instock\" \/>\n<meta property=\"product:retailer_item_id\" content=\"753950001053\" \/>\n<meta property=\"product:condition\" content=\"new\" \/>\n<!-- \/ Yoast SEO Premium plugin. -->","yoast_head_json":{"title":"Acetyl L-Carnitine avec Biosint Carnitines, 500mg - 60 vcaps - ECO Supplements","description":"Wij hebben een ruime keuze aan producten van Acetyl L-Carnitine avec Biosint Carnitines, 500mg - 60 vcaps . Winkel bij Eco Supplements altijd gratis verzending boven 100\u20ac","robots":{"index":"index","follow":"follow","max-snippet":"max-snippet:-1","max-image-preview":"max-image-preview:large","max-video-preview":"max-video-preview:-1"},"canonical":"https:\/\/ecosupplements.be\/fr\/produit\/acetyl-l-carnitine-avec-biosint-carnitines-500mg-60-vcaps\/","og_locale":"fr_FR","og_type":"article","og_title":"Acetyl L-Carnitine avec Biosint Carnitines, 500mg - 60 vcaps","og_description":"Wij hebben een ruime keuze aan producten van Acetyl L-Carnitine avec Biosint Carnitines, 500mg - 60 vcaps . Winkel bij Eco Supplements altijd gratis verzending boven 100\u20ac","og_url":"https:\/\/ecosupplements.be\/fr\/produit\/acetyl-l-carnitine-avec-biosint-carnitines-500mg-60-vcaps\/","og_site_name":"ECO Supplements","article_modified_time":"2025-08-27T09:29:51+00:00","og_image":[{"width":750,"height":750,"url":"https:\/\/ecosupplements.be\/wp-content\/uploads\/2025\/08\/Doctors-Best-Acetyl-L-Carnitine-with-Biosint-Carnitines-500mg-60-vcaps-1.jpg","type":"image\/jpeg"}],"twitter_card":"summary_large_image","twitter_misc":{"Prix":"21.59&nbsp;&euro;","Disponibilit\u00e9":"En stock"},"schema":{"@context":"https:\/\/schema.org","@graph":[{"@type":["WebPage","ItemPage"],"@id":"https:\/\/ecosupplements.be\/fr\/produit\/acetyl-l-carnitine-avec-biosint-carnitines-500mg-60-vcaps\/","url":"https:\/\/ecosupplements.be\/fr\/produit\/acetyl-l-carnitine-avec-biosint-carnitines-500mg-60-vcaps\/","name":"Acetyl L-Carnitine avec Biosint Carnitines, 500mg - 60 vcaps - ECO Supplements","isPartOf":{"@id":"https:\/\/ecosupplements.be\/fr\/#website"},"primaryImageOfPage":{"@id":"https:\/\/ecosupplements.be\/fr\/produit\/acetyl-l-carnitine-avec-biosint-carnitines-500mg-60-vcaps\/#primaryimage"},"image":{"@id":"https:\/\/ecosupplements.be\/fr\/produit\/acetyl-l-carnitine-avec-biosint-carnitines-500mg-60-vcaps\/#primaryimage"},"thumbnailUrl":"https:\/\/ecosupplements.be\/wp-content\/uploads\/2025\/08\/Doctors-Best-Acetyl-L-Carnitine-with-Biosint-Carnitines-500mg-60-vcaps-1.jpg","datePublished":"2022-06-28T09:07:48+00:00","dateModified":"2025-08-27T09:29:51+00:00","description":"Wij hebben een ruime keuze aan producten van Acetyl L-Carnitine avec Biosint Carnitines, 500mg - 60 vcaps . Winkel bij Eco Supplements altijd gratis verzending boven 100\u20ac","breadcrumb":{"@id":"https:\/\/ecosupplements.be\/fr\/produit\/acetyl-l-carnitine-avec-biosint-carnitines-500mg-60-vcaps\/#breadcrumb"},"inLanguage":"fr-FR","potentialAction":[{"@type":"ReadAction","target":["https:\/\/ecosupplements.be\/fr\/produit\/acetyl-l-carnitine-avec-biosint-carnitines-500mg-60-vcaps\/"]}]},{"@type":"ImageObject","inLanguage":"fr-FR","@id":"https:\/\/ecosupplements.be\/fr\/produit\/acetyl-l-carnitine-avec-biosint-carnitines-500mg-60-vcaps\/#primaryimage","url":"https:\/\/ecosupplements.be\/wp-content\/uploads\/2025\/08\/Doctors-Best-Acetyl-L-Carnitine-with-Biosint-Carnitines-500mg-60-vcaps-1.jpg","contentUrl":"https:\/\/ecosupplements.be\/wp-content\/uploads\/2025\/08\/Doctors-Best-Acetyl-L-Carnitine-with-Biosint-Carnitines-500mg-60-vcaps-1.jpg","width":750,"height":750},{"@type":"BreadcrumbList","@id":"https:\/\/ecosupplements.be\/fr\/produit\/acetyl-l-carnitine-avec-biosint-carnitines-500mg-60-vcaps\/#breadcrumb","itemListElement":[{"@type":"ListItem","position":1,"name":"Home","item":"https:\/\/ecosupplements.be\/fr\/"},{"@type":"ListItem","position":2,"name":"Boutique","item":"https:\/\/ecosupplements.be\/fr\/boutique\/"},{"@type":"ListItem","position":3,"name":"Acetyl L-Carnitine avec Biosint Carnitines, 500mg &#8211; 60 vcaps"}]},{"@type":"WebSite","@id":"https:\/\/ecosupplements.be\/fr\/#website","url":"https:\/\/ecosupplements.be\/fr\/","name":"ECO Supplements","description":"Eco Supplements - Gezonde supplementen","publisher":{"@id":"https:\/\/ecosupplements.be\/fr\/#organization"},"potentialAction":[{"@type":"SearchAction","target":{"@type":"EntryPoint","urlTemplate":"https:\/\/ecosupplements.be\/fr\/?s={search_term_string}"},"query-input":{"@type":"PropertyValueSpecification","valueRequired":true,"valueName":"search_term_string"}}],"inLanguage":"fr-FR"},{"@type":"Organization","@id":"https:\/\/ecosupplements.be\/fr\/#organization","name":"Eco Supplements","url":"https:\/\/ecosupplements.be\/fr\/","logo":{"@type":"ImageObject","inLanguage":"fr-FR","@id":"https:\/\/ecosupplements.be\/fr\/#\/schema\/logo\/image\/","url":"https:\/\/ecosupplements.be\/wp-content\/uploads\/2022\/06\/ecosupplement-family.png","contentUrl":"https:\/\/ecosupplements.be\/wp-content\/uploads\/2022\/06\/ecosupplement-family.png","width":593,"height":374,"caption":"Eco Supplements"},"image":{"@id":"https:\/\/ecosupplements.be\/fr\/#\/schema\/logo\/image\/"}}]},"product_brand":"Doctor's Best","product_price_amount":"21.59","product_price_currency":"EUR","og_availability":"instock","product_availability":"instock","product_retailer_item_id":"753950001053","product_condition":"new"},"_links":{"self":[{"href":"https:\/\/ecosupplements.be\/fr\/wp-json\/wp\/v2\/product\/280539","targetHints":{"allow":["GET"]}}],"collection":[{"href":"https:\/\/ecosupplements.be\/fr\/wp-json\/wp\/v2\/product"}],"about":[{"href":"https:\/\/ecosupplements.be\/fr\/wp-json\/wp\/v2\/types\/product"}],"replies":[{"embeddable":true,"href":"https:\/\/ecosupplements.be\/fr\/wp-json\/wp\/v2\/comments?post=280539"}],"wp:featuredmedia":[{"embeddable":true,"href":"https:\/\/ecosupplements.be\/fr\/wp-json\/wp\/v2\/media\/242820"}],"wp:attachment":[{"href":"https:\/\/ecosupplements.be\/fr\/wp-json\/wp\/v2\/media?parent=280539"}],"wp:term":[{"taxonomy":"product_brand","embeddable":true,"href":"https:\/\/ecosupplements.be\/fr\/wp-json\/wp\/v2\/product_brand?post=280539"},{"taxonomy":"product_cat","embeddable":true,"href":"https:\/\/ecosupplements.be\/fr\/wp-json\/wp\/v2\/product_cat?post=280539"},{"taxonomy":"product_tag","embeddable":true,"href":"https:\/\/ecosupplements.be\/fr\/wp-json\/wp\/v2\/product_tag?post=280539"}],"curies":[{"name":"wp","href":"https:\/\/api.w.org\/{rel}","templated":true}]}}