{"id":280541,"date":"2022-06-28T10:07:48","date_gmt":"2022-06-28T09:07:48","guid":{"rendered":"https:\/\/ecosupplements.be\/product\/acide-alpha-lipoique-300mg-180-vcaps\/"},"modified":"2025-08-27T10:30:00","modified_gmt":"2025-08-27T09:30:00","slug":"acide-alpha-lipoique-300mg-180-vcaps","status":"publish","type":"product","link":"https:\/\/ecosupplements.be\/fr\/produit\/acide-alpha-lipoique-300mg-180-vcaps\/","title":{"rendered":"Acide alpha lipo\u00efque, 300mg &#8211; 180 vcaps"},"content":{"rendered":"<h1 style=\"text-align: center;\">Doctor&#8217;s Best &#8211; Acide alpha lipo\u00efque<\/h1>\n<p>Qu&#8217;est-ce que l&#8217;acide alpha lipo\u00efque de Doctor&#8217;s Best ?<br \/>\nL&#8217;acide alpha-lipo\u00efque est un acide gras contenant du soufre qui joue des r\u00f4les similaires \u00e0 ceux des vitamines dans l&#8217;organisme. Il fonctionne comme un coenzyme dans le m\u00e9tabolisme des glucides et est n\u00e9cessaire \u00e0 la synth\u00e8se de l&#8217;ac\u00e9tyl CoA, un m\u00e9tabolite cl\u00e9 dans le processus cellulaire qui transforme le glucose (sucre dans le sang) en \u00e9nergie. Comme l&#8217;organisme produit lui-m\u00eame l&#8217;acide alpha-lipo\u00efque, il n&#8217;est pas class\u00e9 comme une v\u00e9ritable vitamine. Mais comme pour les autres nutriments non essentiels, la production interne n&#8217;est pas toujours optimale.<br \/>\nComment cela fonctionne-t-il ?<br \/>\nL&#8217;acide alpha-lipo\u00efque est un facteur cl\u00e9 dans le processus cellulaire qui m\u00e9tabolise le glucose pour la production d&#8217;\u00e9nergie. Le vieillissement s&#8217;accompagne d&#8217;une diminution de la capacit\u00e9 du foie \u00e0 recycler l&#8217;acide ascorbique apr\u00e8s un stress oxydatif. L&#8217;acide R-lipo\u00efque, apr\u00e8s une suppl\u00e9mentation de deux semaines \u00e0 des rats \u00e2g\u00e9s, a invers\u00e9 l&#8217;alt\u00e9ration li\u00e9e \u00e0 l&#8217;\u00e2ge du recyclage et de la concentration de l&#8217;acide ascorbique dans les cellules du foie. Le vieillissement est associ\u00e9 au stress oxydatif dans le cerveau. Le taux \u00e9lev\u00e9 de m\u00e9tabolisme du cerveau le rend particuli\u00e8rement vuln\u00e9rable au stress oxydatif. \u00c9tant donn\u00e9 que l&#8217;acide alpha-lipo\u00efque interrompt les processus oxydatifs cellulaires sous ses formes oxyd\u00e9e et r\u00e9duite, il joue un r\u00f4le modulateur dans le cerveau et le syst\u00e8me nerveux.<br \/>\nPourquoi devrais-je prendre l&#8217;acide alpha lipo\u00efque de Doctor&#8217;s Best ?<br \/>\nUn antioxydant id\u00e9al aurait la capacit\u00e9 d&#8217;\u00e9teindre une grande vari\u00e9t\u00e9 de radicaux libres, de soutenir le fonctionnement d&#8217;autres antioxydants, de lier ou de &#8220;ch\u00e9later&#8221; les ions m\u00e9talliques qui peuvent g\u00e9n\u00e9rer des radicaux libres, de fonctionner dans les environnements aqueux et gras des tissus, des cellules et des espaces extracellulaires. L&#8217;acide alpha-lipo\u00efque a \u00e9t\u00e9 appel\u00e9 &#8220;l&#8217;antioxydant universel&#8221;. En vieillissant, notre capacit\u00e9 \u00e0 synth\u00e9tiser l&#8217;acide alpha-lipo\u00efque diminue et les niveaux de prot\u00e9ines oxyd\u00e9es qui interf\u00e8rent avec l&#8217;efficacit\u00e9 des mitochondries augmentent. Une suppl\u00e9mentation en acide alpha-lipo\u00efque, un &#8220;nutriment mitochondrial&#8221;, permet de rem\u00e9dier \u00e0 cette situation.<\/p>\n<p><img decoding=\"async\" src=\"https:\/\/ecosupplements.be\/wp-content\/uploads\/2025\/08\/gluten-free-1.png\" title=\"Sans gluten\" alt=\"Gluten free\"><img decoding=\"async\" src=\"https:\/\/ecosupplements.be\/wp-content\/uploads\/2025\/08\/non-gmo-1.png\" title=\"Non-OGM\" alt=\"Non-GMO\"><img decoding=\"async\" src=\"https:\/\/ecosupplements.be\/wp-content\/uploads\/2025\/08\/vegan-1.png\" title=\"Vegan\" alt=\"Vegan\"><img decoding=\"async\" src=\"https:\/\/ecosupplements.be\/wp-content\/uploads\/2025\/08\/vegetarian-1.png\" title=\"V\u00e9g\u00e9tarien\" alt=\"Vegetarian\"><\/p>\n","protected":false},"excerpt":{"rendered":"<p>Doctor&#8217;s Best &#8211; Acide alpha lipo\u00efque Qu&#8217;est-ce que l&#8217;acide alpha lipo\u00efque de Doctor&#8217;s Best ? L&#8217;acide alpha-lipo\u00efque est un acide gras contenant du soufre qui joue des r\u00f4les similaires \u00e0 ceux des vitamines dans l&#8217;organisme. Il fonctionne comme un coenzyme dans le m\u00e9tabolisme des glucides et est n\u00e9cessaire \u00e0 la synth\u00e8se de l&#8217;ac\u00e9tyl CoA, un [&#8230;]\n","protected":false},"featured_media":242830,"comment_status":"open","ping_status":"open","template":"","meta":[],"product_brand":[4674],"product_cat":[5054,5055,5052,5053],"product_tag":[5071],"class_list":{"0":"post-280541","1":"product","2":"type-product","3":"status-publish","4":"has-post-thumbnail","6":"product_brand-doctors-best-2","7":"product_cat-nourriture-saine","8":"product_cat-produits-vegetaliens","9":"product_cat-sante-et-bien-etre","10":"product_cat-vitamines-et-mineraux","11":"product_tag-ecoplus-2","13":"first","14":"instock","15":"taxable","16":"shipping-taxable","17":"purchasable","18":"product-type-simple"},"yoast_head":"<!-- This site is optimized with the Yoast SEO Premium plugin v27.3 (Yoast SEO v27.3) - https:\/\/yoast.com\/product\/yoast-seo-premium-wordpress\/ -->\n<title>Acide alpha lipo\u00efque, 300mg - 180 vcaps - ECO Supplements<\/title>\n<meta name=\"description\" content=\"Wij hebben een ruime keuze aan producten van Acide alpha lipo\u00efque, 300mg - 180 vcaps . Winkel bij Eco Supplements altijd gratis verzending boven 100\u20ac\" \/>\n<meta name=\"robots\" content=\"index, follow, max-snippet:-1, max-image-preview:large, max-video-preview:-1\" \/>\n<link rel=\"canonical\" href=\"https:\/\/ecosupplements.be\/fr\/produit\/acide-alpha-lipoique-300mg-180-vcaps\/\" \/>\n<meta property=\"og:locale\" content=\"fr_FR\" \/>\n<meta property=\"og:type\" content=\"article\" \/>\n<meta property=\"og:title\" content=\"Acide alpha lipo\u00efque, 300mg - 180 vcaps\" \/>\n<meta property=\"og:description\" content=\"Wij hebben een ruime keuze aan producten van Acide alpha lipo\u00efque, 300mg - 180 vcaps . Winkel bij Eco Supplements altijd gratis verzending boven 100\u20ac\" \/>\n<meta property=\"og:url\" content=\"https:\/\/ecosupplements.be\/fr\/produit\/acide-alpha-lipoique-300mg-180-vcaps\/\" \/>\n<meta property=\"og:site_name\" content=\"ECO Supplements\" \/>\n<meta property=\"article:modified_time\" content=\"2025-08-27T09:30:00+00:00\" \/>\n<meta property=\"og:image\" content=\"https:\/\/ecosupplements.be\/wp-content\/uploads\/2025\/08\/Doctors-Best-Alpha-Lipoic-Acid-300mg-180-vcaps-2.jpeg\" \/>\n\t<meta property=\"og:image:width\" content=\"500\" \/>\n\t<meta property=\"og:image:height\" content=\"500\" \/>\n\t<meta property=\"og:image:type\" content=\"image\/jpeg\" \/>\n<meta name=\"twitter:card\" content=\"summary_large_image\" \/>\n<meta name=\"twitter:label1\" content=\"Prix\" \/>\n\t<meta name=\"twitter:data1\" content=\"39.80&nbsp;&euro;\" \/>\n\t<meta name=\"twitter:label2\" content=\"Disponibilit\u00e9\" \/>\n\t<meta name=\"twitter:data2\" content=\"En stock\" \/>\n<script type=\"application\/ld+json\" class=\"yoast-schema-graph\">{\"@context\":\"https:\\\/\\\/schema.org\",\"@graph\":[{\"@type\":[\"WebPage\",\"ItemPage\"],\"@id\":\"https:\\\/\\\/ecosupplements.be\\\/fr\\\/produit\\\/acide-alpha-lipoique-300mg-180-vcaps\\\/\",\"url\":\"https:\\\/\\\/ecosupplements.be\\\/fr\\\/produit\\\/acide-alpha-lipoique-300mg-180-vcaps\\\/\",\"name\":\"Acide alpha lipo\u00efque, 300mg - 180 vcaps - ECO Supplements\",\"isPartOf\":{\"@id\":\"https:\\\/\\\/ecosupplements.be\\\/fr\\\/#website\"},\"primaryImageOfPage\":{\"@id\":\"https:\\\/\\\/ecosupplements.be\\\/fr\\\/produit\\\/acide-alpha-lipoique-300mg-180-vcaps\\\/#primaryimage\"},\"image\":{\"@id\":\"https:\\\/\\\/ecosupplements.be\\\/fr\\\/produit\\\/acide-alpha-lipoique-300mg-180-vcaps\\\/#primaryimage\"},\"thumbnailUrl\":\"https:\\\/\\\/ecosupplements.be\\\/wp-content\\\/uploads\\\/2025\\\/08\\\/Doctors-Best-Alpha-Lipoic-Acid-300mg-180-vcaps-2.jpeg\",\"datePublished\":\"2022-06-28T09:07:48+00:00\",\"dateModified\":\"2025-08-27T09:30:00+00:00\",\"description\":\"Wij hebben een ruime keuze aan producten van Acide alpha lipo\u00efque, 300mg - 180 vcaps . Winkel bij Eco Supplements altijd gratis verzending boven 100\u20ac\",\"breadcrumb\":{\"@id\":\"https:\\\/\\\/ecosupplements.be\\\/fr\\\/produit\\\/acide-alpha-lipoique-300mg-180-vcaps\\\/#breadcrumb\"},\"inLanguage\":\"fr-FR\",\"potentialAction\":[{\"@type\":\"ReadAction\",\"target\":[\"https:\\\/\\\/ecosupplements.be\\\/fr\\\/produit\\\/acide-alpha-lipoique-300mg-180-vcaps\\\/\"]}]},{\"@type\":\"ImageObject\",\"inLanguage\":\"fr-FR\",\"@id\":\"https:\\\/\\\/ecosupplements.be\\\/fr\\\/produit\\\/acide-alpha-lipoique-300mg-180-vcaps\\\/#primaryimage\",\"url\":\"https:\\\/\\\/ecosupplements.be\\\/wp-content\\\/uploads\\\/2025\\\/08\\\/Doctors-Best-Alpha-Lipoic-Acid-300mg-180-vcaps-2.jpeg\",\"contentUrl\":\"https:\\\/\\\/ecosupplements.be\\\/wp-content\\\/uploads\\\/2025\\\/08\\\/Doctors-Best-Alpha-Lipoic-Acid-300mg-180-vcaps-2.jpeg\",\"width\":500,\"height\":500},{\"@type\":\"BreadcrumbList\",\"@id\":\"https:\\\/\\\/ecosupplements.be\\\/fr\\\/produit\\\/acide-alpha-lipoique-300mg-180-vcaps\\\/#breadcrumb\",\"itemListElement\":[{\"@type\":\"ListItem\",\"position\":1,\"name\":\"Home\",\"item\":\"https:\\\/\\\/ecosupplements.be\\\/fr\\\/\"},{\"@type\":\"ListItem\",\"position\":2,\"name\":\"Boutique\",\"item\":\"https:\\\/\\\/ecosupplements.be\\\/fr\\\/boutique\\\/\"},{\"@type\":\"ListItem\",\"position\":3,\"name\":\"Acide alpha lipo\u00efque, 300mg &#8211; 180 vcaps\"}]},{\"@type\":\"WebSite\",\"@id\":\"https:\\\/\\\/ecosupplements.be\\\/fr\\\/#website\",\"url\":\"https:\\\/\\\/ecosupplements.be\\\/fr\\\/\",\"name\":\"ECO Supplements\",\"description\":\"Eco Supplements - Gezonde supplementen\",\"publisher\":{\"@id\":\"https:\\\/\\\/ecosupplements.be\\\/fr\\\/#organization\"},\"potentialAction\":[{\"@type\":\"SearchAction\",\"target\":{\"@type\":\"EntryPoint\",\"urlTemplate\":\"https:\\\/\\\/ecosupplements.be\\\/fr\\\/?s={search_term_string}\"},\"query-input\":{\"@type\":\"PropertyValueSpecification\",\"valueRequired\":true,\"valueName\":\"search_term_string\"}}],\"inLanguage\":\"fr-FR\"},{\"@type\":\"Organization\",\"@id\":\"https:\\\/\\\/ecosupplements.be\\\/fr\\\/#organization\",\"name\":\"Eco Supplements\",\"url\":\"https:\\\/\\\/ecosupplements.be\\\/fr\\\/\",\"logo\":{\"@type\":\"ImageObject\",\"inLanguage\":\"fr-FR\",\"@id\":\"https:\\\/\\\/ecosupplements.be\\\/fr\\\/#\\\/schema\\\/logo\\\/image\\\/\",\"url\":\"https:\\\/\\\/ecosupplements.be\\\/wp-content\\\/uploads\\\/2022\\\/06\\\/ecosupplement-family.png\",\"contentUrl\":\"https:\\\/\\\/ecosupplements.be\\\/wp-content\\\/uploads\\\/2022\\\/06\\\/ecosupplement-family.png\",\"width\":593,\"height\":374,\"caption\":\"Eco Supplements\"},\"image\":{\"@id\":\"https:\\\/\\\/ecosupplements.be\\\/fr\\\/#\\\/schema\\\/logo\\\/image\\\/\"}}]}<\/script>\n<meta property=\"product:brand\" content=\"Doctor&#039;s Best\" \/>\n<meta property=\"product:price:amount\" content=\"39.80\" \/>\n<meta property=\"product:price:currency\" content=\"EUR\" \/>\n<meta property=\"og:availability\" content=\"instock\" \/>\n<meta property=\"product:availability\" content=\"instock\" \/>\n<meta property=\"product:retailer_item_id\" content=\"753950002777\" \/>\n<meta property=\"product:condition\" content=\"new\" \/>\n<!-- \/ Yoast SEO Premium plugin. -->","yoast_head_json":{"title":"Acide alpha lipo\u00efque, 300mg - 180 vcaps - ECO Supplements","description":"Wij hebben een ruime keuze aan producten van Acide alpha lipo\u00efque, 300mg - 180 vcaps . Winkel bij Eco Supplements altijd gratis verzending boven 100\u20ac","robots":{"index":"index","follow":"follow","max-snippet":"max-snippet:-1","max-image-preview":"max-image-preview:large","max-video-preview":"max-video-preview:-1"},"canonical":"https:\/\/ecosupplements.be\/fr\/produit\/acide-alpha-lipoique-300mg-180-vcaps\/","og_locale":"fr_FR","og_type":"article","og_title":"Acide alpha lipo\u00efque, 300mg - 180 vcaps","og_description":"Wij hebben een ruime keuze aan producten van Acide alpha lipo\u00efque, 300mg - 180 vcaps . Winkel bij Eco Supplements altijd gratis verzending boven 100\u20ac","og_url":"https:\/\/ecosupplements.be\/fr\/produit\/acide-alpha-lipoique-300mg-180-vcaps\/","og_site_name":"ECO Supplements","article_modified_time":"2025-08-27T09:30:00+00:00","og_image":[{"width":500,"height":500,"url":"https:\/\/ecosupplements.be\/wp-content\/uploads\/2025\/08\/Doctors-Best-Alpha-Lipoic-Acid-300mg-180-vcaps-2.jpeg","type":"image\/jpeg"}],"twitter_card":"summary_large_image","twitter_misc":{"Prix":"39.80&nbsp;&euro;","Disponibilit\u00e9":"En stock"},"schema":{"@context":"https:\/\/schema.org","@graph":[{"@type":["WebPage","ItemPage"],"@id":"https:\/\/ecosupplements.be\/fr\/produit\/acide-alpha-lipoique-300mg-180-vcaps\/","url":"https:\/\/ecosupplements.be\/fr\/produit\/acide-alpha-lipoique-300mg-180-vcaps\/","name":"Acide alpha lipo\u00efque, 300mg - 180 vcaps - ECO Supplements","isPartOf":{"@id":"https:\/\/ecosupplements.be\/fr\/#website"},"primaryImageOfPage":{"@id":"https:\/\/ecosupplements.be\/fr\/produit\/acide-alpha-lipoique-300mg-180-vcaps\/#primaryimage"},"image":{"@id":"https:\/\/ecosupplements.be\/fr\/produit\/acide-alpha-lipoique-300mg-180-vcaps\/#primaryimage"},"thumbnailUrl":"https:\/\/ecosupplements.be\/wp-content\/uploads\/2025\/08\/Doctors-Best-Alpha-Lipoic-Acid-300mg-180-vcaps-2.jpeg","datePublished":"2022-06-28T09:07:48+00:00","dateModified":"2025-08-27T09:30:00+00:00","description":"Wij hebben een ruime keuze aan producten van Acide alpha lipo\u00efque, 300mg - 180 vcaps . Winkel bij Eco Supplements altijd gratis verzending boven 100\u20ac","breadcrumb":{"@id":"https:\/\/ecosupplements.be\/fr\/produit\/acide-alpha-lipoique-300mg-180-vcaps\/#breadcrumb"},"inLanguage":"fr-FR","potentialAction":[{"@type":"ReadAction","target":["https:\/\/ecosupplements.be\/fr\/produit\/acide-alpha-lipoique-300mg-180-vcaps\/"]}]},{"@type":"ImageObject","inLanguage":"fr-FR","@id":"https:\/\/ecosupplements.be\/fr\/produit\/acide-alpha-lipoique-300mg-180-vcaps\/#primaryimage","url":"https:\/\/ecosupplements.be\/wp-content\/uploads\/2025\/08\/Doctors-Best-Alpha-Lipoic-Acid-300mg-180-vcaps-2.jpeg","contentUrl":"https:\/\/ecosupplements.be\/wp-content\/uploads\/2025\/08\/Doctors-Best-Alpha-Lipoic-Acid-300mg-180-vcaps-2.jpeg","width":500,"height":500},{"@type":"BreadcrumbList","@id":"https:\/\/ecosupplements.be\/fr\/produit\/acide-alpha-lipoique-300mg-180-vcaps\/#breadcrumb","itemListElement":[{"@type":"ListItem","position":1,"name":"Home","item":"https:\/\/ecosupplements.be\/fr\/"},{"@type":"ListItem","position":2,"name":"Boutique","item":"https:\/\/ecosupplements.be\/fr\/boutique\/"},{"@type":"ListItem","position":3,"name":"Acide alpha lipo\u00efque, 300mg &#8211; 180 vcaps"}]},{"@type":"WebSite","@id":"https:\/\/ecosupplements.be\/fr\/#website","url":"https:\/\/ecosupplements.be\/fr\/","name":"ECO Supplements","description":"Eco Supplements - Gezonde supplementen","publisher":{"@id":"https:\/\/ecosupplements.be\/fr\/#organization"},"potentialAction":[{"@type":"SearchAction","target":{"@type":"EntryPoint","urlTemplate":"https:\/\/ecosupplements.be\/fr\/?s={search_term_string}"},"query-input":{"@type":"PropertyValueSpecification","valueRequired":true,"valueName":"search_term_string"}}],"inLanguage":"fr-FR"},{"@type":"Organization","@id":"https:\/\/ecosupplements.be\/fr\/#organization","name":"Eco Supplements","url":"https:\/\/ecosupplements.be\/fr\/","logo":{"@type":"ImageObject","inLanguage":"fr-FR","@id":"https:\/\/ecosupplements.be\/fr\/#\/schema\/logo\/image\/","url":"https:\/\/ecosupplements.be\/wp-content\/uploads\/2022\/06\/ecosupplement-family.png","contentUrl":"https:\/\/ecosupplements.be\/wp-content\/uploads\/2022\/06\/ecosupplement-family.png","width":593,"height":374,"caption":"Eco Supplements"},"image":{"@id":"https:\/\/ecosupplements.be\/fr\/#\/schema\/logo\/image\/"}}]},"product_brand":"Doctor's Best","product_price_amount":"39.80","product_price_currency":"EUR","og_availability":"instock","product_availability":"instock","product_retailer_item_id":"753950002777","product_condition":"new"},"_links":{"self":[{"href":"https:\/\/ecosupplements.be\/fr\/wp-json\/wp\/v2\/product\/280541","targetHints":{"allow":["GET"]}}],"collection":[{"href":"https:\/\/ecosupplements.be\/fr\/wp-json\/wp\/v2\/product"}],"about":[{"href":"https:\/\/ecosupplements.be\/fr\/wp-json\/wp\/v2\/types\/product"}],"replies":[{"embeddable":true,"href":"https:\/\/ecosupplements.be\/fr\/wp-json\/wp\/v2\/comments?post=280541"}],"wp:featuredmedia":[{"embeddable":true,"href":"https:\/\/ecosupplements.be\/fr\/wp-json\/wp\/v2\/media\/242830"}],"wp:attachment":[{"href":"https:\/\/ecosupplements.be\/fr\/wp-json\/wp\/v2\/media?parent=280541"}],"wp:term":[{"taxonomy":"product_brand","embeddable":true,"href":"https:\/\/ecosupplements.be\/fr\/wp-json\/wp\/v2\/product_brand?post=280541"},{"taxonomy":"product_cat","embeddable":true,"href":"https:\/\/ecosupplements.be\/fr\/wp-json\/wp\/v2\/product_cat?post=280541"},{"taxonomy":"product_tag","embeddable":true,"href":"https:\/\/ecosupplements.be\/fr\/wp-json\/wp\/v2\/product_tag?post=280541"}],"curies":[{"name":"wp","href":"https:\/\/api.w.org\/{rel}","templated":true}]}}