{"id":280544,"date":"2022-06-28T10:07:48","date_gmt":"2022-06-28T09:07:48","guid":{"rendered":"https:\/\/ecosupplements.be\/product\/ashwagandha-avec-sensoril-125mg-60-vcaps\/"},"modified":"2025-08-27T10:30:16","modified_gmt":"2025-08-27T09:30:16","slug":"ashwagandha-avec-sensoril-125mg-60-vcaps","status":"publish","type":"product","link":"https:\/\/ecosupplements.be\/fr\/produit\/ashwagandha-avec-sensoril-125mg-60-vcaps\/","title":{"rendered":"Ashwagandha avec Sensoril, 125mg &#8211; 60 vcaps"},"content":{"rendered":"<h1 style=\"text-align: center;\">Doctor&#8217;s Best &#8211; Ashwagandha avec Sensoril<\/h1>\n<p>Qu&#8217;est-ce que Doctor&#8217;s Best Ashwagandha ?<br \/>\nLes humains ont traditionnellement fait confiance \u00e0 la chimie sophistiqu\u00e9e des plantes pour la sant\u00e9 et la gu\u00e9rison. Doctor&#8217;s Best Ashwagandha Featuring Sensoril est une pr\u00e9paration scientifiquement valid\u00e9e de la c\u00e9l\u00e8bre super plante ayurv\u00e9dique Withania somnifera. Sensoril est un extrait d&#8217;Ashwagandha cliniquement prouv\u00e9, produit sans utiliser de solvants chimiques et contient un profil complet de glycosides withanolides bioactifs.<br \/>\nComment cela fonctionne-t-il ?<br \/>\nL&#8217;Ashwagandha fait partie des plantes les plus pris\u00e9es dans l&#8217;ancien syst\u00e8me ayurv\u00e9dique de l&#8217;Inde, o\u00f9 il a acquis pendant des mill\u00e9naires une r\u00e9putation de tonique du foie et de l&#8217;\u00e9nergie g\u00e9n\u00e9rale. En Ayurveda, elle est g\u00e9n\u00e9ralement consid\u00e9r\u00e9e comme Rasayana, une substance capable d&#8217;influencer les forces vitales vers un \u00e9quilibre sain et une relation int\u00e9gr\u00e9e avec l&#8217;environnement. En Occident, il est connu comme un adaptog\u00e8ne capable d&#8217;am\u00e9liorer la r\u00e9action saine de l&#8217;individu aux d\u00e9fis de nature physique, chimique ou biologique. Les adaptog\u00e8nes aident \u00e0 renforcer la r\u00e9ponse de l&#8217;organisme au stress et \u00e0 am\u00e9liorer sa capacit\u00e9 \u00e0 faire face \u00e0 l&#8217;anxi\u00e9t\u00e9 et \u00e0 combattre la fatigue gr\u00e2ce \u00e0 leur capacit\u00e9 unique \u00e0 &#8220;adapter&#8221; leur fonction en fonction des besoins sp\u00e9cifiques de votre corps. La recherche moderne a valid\u00e9 l&#8217;utilisation de l&#8217;Ashwagandha pour favoriser un sommeil sain (du latin somnifera signifie &#8220;induisant le sommeil&#8221;), pour soutenir notre capacit\u00e9 \u00e0 g\u00e9rer et \u00e0 r\u00e9cup\u00e9rer du stress, et pour am\u00e9liorer la fonction immunitaire. Une grande partie de l&#8217;activit\u00e9 b\u00e9n\u00e9fique de l&#8217;Ashwagandha a \u00e9t\u00e9 attribu\u00e9e \u00e0 des substances connues sous le nom de withanolides. Sensoril est un extrait normalis\u00e9 pour contenir un minimum de 10% glycosides de withanolide, assurant une puissance bien sup\u00e9rieure \u00e0 celle de la plante enti\u00e8re. Les autres constituants actifs pourraient inclure la choline, le b\u00eata-sitost\u00e9rol, la somnif\u00e9rine (dont on pense qu&#8217;elle contribue aux propri\u00e9t\u00e9s somnif\u00e8res de la plante), la withanine et d&#8217;autres alcalo\u00efdes, la scopol\u00e9tine, l&#8217;acide chlorog\u00e9nique, les tanins et les flavono\u00efdes.<br \/>\nPourquoi prendre Doctor&#8217;s Best Ashwagandha ?<br \/>\nDoctor&#8217;s Best Ashwagandha avec Sensoril peut aider \u00e0 lutter contre la perte de m\u00e9moire et am\u00e9liorer la concentration mentale. Sensoril a \u00e9t\u00e9 \u00e9valu\u00e9 pour ses effets sur la m\u00e9moire et d&#8217;autres fonctions cognitives telles que la vitesse de traitement cognitif, l&#8217;attention\/m\u00e9moire de travail, la m\u00e9moire et la vitesse psychomotrice (essai de 8 semaines). La cognition sociale et l&#8217;\u00e9tat \u00e9motionnel ont \u00e9galement \u00e9t\u00e9 \u00e9valu\u00e9s. Les personnes prenant Sensoril ont montr\u00e9 des am\u00e9liorations significativement plus importantes que le placebo dans de multiples tests cognitifs, ce qui sugg\u00e8re des avantages pour l&#8217;oubli et la concentration mentale. Doctor&#8217;s Best Ashwagandha avec Sensoril peut aider \u00e0 r\u00e9duire les sentiments de stress, d&#8217;irritabilit\u00e9, de n\u00e9gativit\u00e9 et favorise l&#8217;\u00e9nergie et les habitudes de sommeil saines. Doctor&#8217;s Best Ashwagandha avec Sensoril est l&#8217;une des pr\u00e9parations d&#8217;Ashwagandha les plus \u00e9tudi\u00e9es qui soient. Elle est normalis\u00e9e par des analyses en laboratoire ind\u00e9pendant et sa puissance \u00e9clipse celle de nombreux suppl\u00e9ments d&#8217;Ashwagandha traditionnels.<br \/>\nDoctor&#8217;s Best Ashwagandha avec Sensoril peut aider \u00e0 lutter contre la perte de m\u00e9moire et am\u00e9liorer la concentration mentale.<br \/>\nIl peut aider \u00e0 r\u00e9duire les sentiments de stress, d&#8217;irritabilit\u00e9 et de n\u00e9gativit\u00e9 et favorise l&#8217;\u00e9nergie et les habitudes de sommeil saines.<br \/>\nSensoril est un extrait d&#8217;Ashwagandha cliniquement prouv\u00e9, produit sans utiliser de solvants chimiques et contenant un profil sup\u00e9rieur de glycosides withanolides bioactifs.<br \/>\nL&#8217;ashwagandha fait partie des plantes les plus pris\u00e9es de l&#8217;ancien syst\u00e8me ayurv\u00e9dique de l&#8217;Inde, o\u00f9 il a acquis pendant des mill\u00e9naires une r\u00e9putation de tonique du foie et de l&#8217;\u00e9nergie g\u00e9n\u00e9rale.<br \/>\nSans gluten, sans OGM, v\u00e9g\u00e9tarien, v\u00e9g\u00e9talien.<\/p>\n<p><img decoding=\"async\" src=\"https:\/\/ecosupplements.be\/wp-content\/uploads\/2025\/08\/gluten-free-1.png\" title=\"Sans gluten\" alt=\"Gluten free\"><img decoding=\"async\" src=\"https:\/\/ecosupplements.be\/wp-content\/uploads\/2025\/08\/non-gmo-1.png\" title=\"Non-OGM\" alt=\"Non-GMO\"><img decoding=\"async\" src=\"https:\/\/ecosupplements.be\/wp-content\/uploads\/2025\/08\/vegan-1.png\" title=\"Vegan\" alt=\"Vegan\"><img decoding=\"async\" src=\"https:\/\/ecosupplements.be\/wp-content\/uploads\/2025\/08\/vegetarian-1.png\" title=\"V\u00e9g\u00e9tarien\" alt=\"Vegetarian\"><\/p>\n","protected":false},"excerpt":{"rendered":"<p>Doctor&#8217;s Best &#8211; Ashwagandha avec Sensoril Qu&#8217;est-ce que Doctor&#8217;s Best Ashwagandha ? Les humains ont traditionnellement fait confiance \u00e0 la chimie sophistiqu\u00e9e des plantes pour la sant\u00e9 et la gu\u00e9rison. Doctor&#8217;s Best Ashwagandha Featuring Sensoril est une pr\u00e9paration scientifiquement valid\u00e9e de la c\u00e9l\u00e8bre super plante ayurv\u00e9dique Withania somnifera. Sensoril est un extrait d&#8217;Ashwagandha cliniquement prouv\u00e9, [&#8230;]\n","protected":false},"featured_media":242858,"comment_status":"open","ping_status":"open","template":"","meta":[],"product_brand":[4674],"product_cat":[5095,5054,5055,5052,5053],"product_tag":[],"class_list":{"0":"post-280544","1":"product","2":"type-product","3":"status-publish","4":"has-post-thumbnail","6":"product_brand-doctors-best-2","7":"product_cat-ashwagandha-sante-et-bien-etre","8":"product_cat-nourriture-saine","9":"product_cat-produits-vegetaliens","10":"product_cat-sante-et-bien-etre","11":"product_cat-vitamines-et-mineraux","13":"first","14":"instock","15":"featured","16":"taxable","17":"shipping-taxable","18":"purchasable","19":"product-type-simple"},"yoast_head":"<!-- This site is optimized with the Yoast SEO Premium plugin v27.3 (Yoast SEO v27.3) - https:\/\/yoast.com\/product\/yoast-seo-premium-wordpress\/ -->\n<title>Ashwagandha avec Sensoril, 125mg - 60 vcaps - ECO Supplements<\/title>\n<meta name=\"description\" content=\"Wij hebben een ruime keuze aan producten van Ashwagandha avec Sensoril, 125mg - 60 vcaps . Winkel bij Eco Supplements altijd gratis verzending boven 100\u20ac\" \/>\n<meta name=\"robots\" content=\"index, follow, max-snippet:-1, max-image-preview:large, max-video-preview:-1\" \/>\n<link rel=\"canonical\" href=\"https:\/\/ecosupplements.be\/fr\/produit\/ashwagandha-avec-sensoril-125mg-60-vcaps\/\" \/>\n<meta property=\"og:locale\" content=\"fr_FR\" \/>\n<meta property=\"og:type\" content=\"article\" \/>\n<meta property=\"og:title\" content=\"Ashwagandha avec Sensoril, 125mg - 60 vcaps\" \/>\n<meta property=\"og:description\" content=\"Wij hebben een ruime keuze aan producten van Ashwagandha avec Sensoril, 125mg - 60 vcaps . Winkel bij Eco Supplements altijd gratis verzending boven 100\u20ac\" \/>\n<meta property=\"og:url\" content=\"https:\/\/ecosupplements.be\/fr\/produit\/ashwagandha-avec-sensoril-125mg-60-vcaps\/\" \/>\n<meta property=\"og:site_name\" content=\"ECO Supplements\" \/>\n<meta property=\"article:modified_time\" content=\"2025-08-27T09:30:16+00:00\" \/>\n<meta property=\"og:image\" content=\"https:\/\/ecosupplements.be\/wp-content\/uploads\/2025\/08\/Doctors-Best-Ashwagandha-with-Sensoril-125mg-60-vcaps-1.jpg\" \/>\n\t<meta property=\"og:image:width\" content=\"750\" \/>\n\t<meta property=\"og:image:height\" content=\"750\" \/>\n\t<meta property=\"og:image:type\" content=\"image\/jpeg\" \/>\n<meta name=\"twitter:card\" content=\"summary_large_image\" \/>\n<meta name=\"twitter:label1\" content=\"Prix\" \/>\n\t<meta name=\"twitter:data1\" content=\"20.50&nbsp;&euro;\" \/>\n\t<meta name=\"twitter:label2\" content=\"Disponibilit\u00e9\" \/>\n\t<meta name=\"twitter:data2\" content=\"En stock\" \/>\n<script type=\"application\/ld+json\" class=\"yoast-schema-graph\">{\"@context\":\"https:\\\/\\\/schema.org\",\"@graph\":[{\"@type\":[\"WebPage\",\"ItemPage\"],\"@id\":\"https:\\\/\\\/ecosupplements.be\\\/fr\\\/produit\\\/ashwagandha-avec-sensoril-125mg-60-vcaps\\\/\",\"url\":\"https:\\\/\\\/ecosupplements.be\\\/fr\\\/produit\\\/ashwagandha-avec-sensoril-125mg-60-vcaps\\\/\",\"name\":\"Ashwagandha avec Sensoril, 125mg - 60 vcaps - ECO Supplements\",\"isPartOf\":{\"@id\":\"https:\\\/\\\/ecosupplements.be\\\/fr\\\/#website\"},\"primaryImageOfPage\":{\"@id\":\"https:\\\/\\\/ecosupplements.be\\\/fr\\\/produit\\\/ashwagandha-avec-sensoril-125mg-60-vcaps\\\/#primaryimage\"},\"image\":{\"@id\":\"https:\\\/\\\/ecosupplements.be\\\/fr\\\/produit\\\/ashwagandha-avec-sensoril-125mg-60-vcaps\\\/#primaryimage\"},\"thumbnailUrl\":\"https:\\\/\\\/ecosupplements.be\\\/wp-content\\\/uploads\\\/2025\\\/08\\\/Doctors-Best-Ashwagandha-with-Sensoril-125mg-60-vcaps-1.jpg\",\"datePublished\":\"2022-06-28T09:07:48+00:00\",\"dateModified\":\"2025-08-27T09:30:16+00:00\",\"description\":\"Wij hebben een ruime keuze aan producten van Ashwagandha avec Sensoril, 125mg - 60 vcaps . Winkel bij Eco Supplements altijd gratis verzending boven 100\u20ac\",\"breadcrumb\":{\"@id\":\"https:\\\/\\\/ecosupplements.be\\\/fr\\\/produit\\\/ashwagandha-avec-sensoril-125mg-60-vcaps\\\/#breadcrumb\"},\"inLanguage\":\"fr-FR\",\"potentialAction\":[{\"@type\":\"ReadAction\",\"target\":[\"https:\\\/\\\/ecosupplements.be\\\/fr\\\/produit\\\/ashwagandha-avec-sensoril-125mg-60-vcaps\\\/\"]}]},{\"@type\":\"ImageObject\",\"inLanguage\":\"fr-FR\",\"@id\":\"https:\\\/\\\/ecosupplements.be\\\/fr\\\/produit\\\/ashwagandha-avec-sensoril-125mg-60-vcaps\\\/#primaryimage\",\"url\":\"https:\\\/\\\/ecosupplements.be\\\/wp-content\\\/uploads\\\/2025\\\/08\\\/Doctors-Best-Ashwagandha-with-Sensoril-125mg-60-vcaps-1.jpg\",\"contentUrl\":\"https:\\\/\\\/ecosupplements.be\\\/wp-content\\\/uploads\\\/2025\\\/08\\\/Doctors-Best-Ashwagandha-with-Sensoril-125mg-60-vcaps-1.jpg\",\"width\":750,\"height\":750},{\"@type\":\"BreadcrumbList\",\"@id\":\"https:\\\/\\\/ecosupplements.be\\\/fr\\\/produit\\\/ashwagandha-avec-sensoril-125mg-60-vcaps\\\/#breadcrumb\",\"itemListElement\":[{\"@type\":\"ListItem\",\"position\":1,\"name\":\"Home\",\"item\":\"https:\\\/\\\/ecosupplements.be\\\/fr\\\/\"},{\"@type\":\"ListItem\",\"position\":2,\"name\":\"Boutique\",\"item\":\"https:\\\/\\\/ecosupplements.be\\\/fr\\\/boutique\\\/\"},{\"@type\":\"ListItem\",\"position\":3,\"name\":\"Ashwagandha avec Sensoril, 125mg &#8211; 60 vcaps\"}]},{\"@type\":\"WebSite\",\"@id\":\"https:\\\/\\\/ecosupplements.be\\\/fr\\\/#website\",\"url\":\"https:\\\/\\\/ecosupplements.be\\\/fr\\\/\",\"name\":\"ECO Supplements\",\"description\":\"Eco Supplements - Gezonde supplementen\",\"publisher\":{\"@id\":\"https:\\\/\\\/ecosupplements.be\\\/fr\\\/#organization\"},\"potentialAction\":[{\"@type\":\"SearchAction\",\"target\":{\"@type\":\"EntryPoint\",\"urlTemplate\":\"https:\\\/\\\/ecosupplements.be\\\/fr\\\/?s={search_term_string}\"},\"query-input\":{\"@type\":\"PropertyValueSpecification\",\"valueRequired\":true,\"valueName\":\"search_term_string\"}}],\"inLanguage\":\"fr-FR\"},{\"@type\":\"Organization\",\"@id\":\"https:\\\/\\\/ecosupplements.be\\\/fr\\\/#organization\",\"name\":\"Eco Supplements\",\"url\":\"https:\\\/\\\/ecosupplements.be\\\/fr\\\/\",\"logo\":{\"@type\":\"ImageObject\",\"inLanguage\":\"fr-FR\",\"@id\":\"https:\\\/\\\/ecosupplements.be\\\/fr\\\/#\\\/schema\\\/logo\\\/image\\\/\",\"url\":\"https:\\\/\\\/ecosupplements.be\\\/wp-content\\\/uploads\\\/2022\\\/06\\\/ecosupplement-family.png\",\"contentUrl\":\"https:\\\/\\\/ecosupplements.be\\\/wp-content\\\/uploads\\\/2022\\\/06\\\/ecosupplement-family.png\",\"width\":593,\"height\":374,\"caption\":\"Eco Supplements\"},\"image\":{\"@id\":\"https:\\\/\\\/ecosupplements.be\\\/fr\\\/#\\\/schema\\\/logo\\\/image\\\/\"}}]}<\/script>\n<meta property=\"product:brand\" content=\"Doctor&#039;s Best\" \/>\n<meta property=\"product:price:amount\" content=\"20.50\" \/>\n<meta property=\"product:price:currency\" content=\"EUR\" \/>\n<meta property=\"og:availability\" content=\"instock\" \/>\n<meta property=\"product:availability\" content=\"instock\" \/>\n<meta property=\"product:retailer_item_id\" content=\"753950003040\" \/>\n<meta property=\"product:condition\" content=\"new\" \/>\n<!-- \/ Yoast SEO Premium plugin. -->","yoast_head_json":{"title":"Ashwagandha avec Sensoril, 125mg - 60 vcaps - ECO Supplements","description":"Wij hebben een ruime keuze aan producten van Ashwagandha avec Sensoril, 125mg - 60 vcaps . Winkel bij Eco Supplements altijd gratis verzending boven 100\u20ac","robots":{"index":"index","follow":"follow","max-snippet":"max-snippet:-1","max-image-preview":"max-image-preview:large","max-video-preview":"max-video-preview:-1"},"canonical":"https:\/\/ecosupplements.be\/fr\/produit\/ashwagandha-avec-sensoril-125mg-60-vcaps\/","og_locale":"fr_FR","og_type":"article","og_title":"Ashwagandha avec Sensoril, 125mg - 60 vcaps","og_description":"Wij hebben een ruime keuze aan producten van Ashwagandha avec Sensoril, 125mg - 60 vcaps . Winkel bij Eco Supplements altijd gratis verzending boven 100\u20ac","og_url":"https:\/\/ecosupplements.be\/fr\/produit\/ashwagandha-avec-sensoril-125mg-60-vcaps\/","og_site_name":"ECO Supplements","article_modified_time":"2025-08-27T09:30:16+00:00","og_image":[{"width":750,"height":750,"url":"https:\/\/ecosupplements.be\/wp-content\/uploads\/2025\/08\/Doctors-Best-Ashwagandha-with-Sensoril-125mg-60-vcaps-1.jpg","type":"image\/jpeg"}],"twitter_card":"summary_large_image","twitter_misc":{"Prix":"20.50&nbsp;&euro;","Disponibilit\u00e9":"En stock"},"schema":{"@context":"https:\/\/schema.org","@graph":[{"@type":["WebPage","ItemPage"],"@id":"https:\/\/ecosupplements.be\/fr\/produit\/ashwagandha-avec-sensoril-125mg-60-vcaps\/","url":"https:\/\/ecosupplements.be\/fr\/produit\/ashwagandha-avec-sensoril-125mg-60-vcaps\/","name":"Ashwagandha avec Sensoril, 125mg - 60 vcaps - ECO Supplements","isPartOf":{"@id":"https:\/\/ecosupplements.be\/fr\/#website"},"primaryImageOfPage":{"@id":"https:\/\/ecosupplements.be\/fr\/produit\/ashwagandha-avec-sensoril-125mg-60-vcaps\/#primaryimage"},"image":{"@id":"https:\/\/ecosupplements.be\/fr\/produit\/ashwagandha-avec-sensoril-125mg-60-vcaps\/#primaryimage"},"thumbnailUrl":"https:\/\/ecosupplements.be\/wp-content\/uploads\/2025\/08\/Doctors-Best-Ashwagandha-with-Sensoril-125mg-60-vcaps-1.jpg","datePublished":"2022-06-28T09:07:48+00:00","dateModified":"2025-08-27T09:30:16+00:00","description":"Wij hebben een ruime keuze aan producten van Ashwagandha avec Sensoril, 125mg - 60 vcaps . Winkel bij Eco Supplements altijd gratis verzending boven 100\u20ac","breadcrumb":{"@id":"https:\/\/ecosupplements.be\/fr\/produit\/ashwagandha-avec-sensoril-125mg-60-vcaps\/#breadcrumb"},"inLanguage":"fr-FR","potentialAction":[{"@type":"ReadAction","target":["https:\/\/ecosupplements.be\/fr\/produit\/ashwagandha-avec-sensoril-125mg-60-vcaps\/"]}]},{"@type":"ImageObject","inLanguage":"fr-FR","@id":"https:\/\/ecosupplements.be\/fr\/produit\/ashwagandha-avec-sensoril-125mg-60-vcaps\/#primaryimage","url":"https:\/\/ecosupplements.be\/wp-content\/uploads\/2025\/08\/Doctors-Best-Ashwagandha-with-Sensoril-125mg-60-vcaps-1.jpg","contentUrl":"https:\/\/ecosupplements.be\/wp-content\/uploads\/2025\/08\/Doctors-Best-Ashwagandha-with-Sensoril-125mg-60-vcaps-1.jpg","width":750,"height":750},{"@type":"BreadcrumbList","@id":"https:\/\/ecosupplements.be\/fr\/produit\/ashwagandha-avec-sensoril-125mg-60-vcaps\/#breadcrumb","itemListElement":[{"@type":"ListItem","position":1,"name":"Home","item":"https:\/\/ecosupplements.be\/fr\/"},{"@type":"ListItem","position":2,"name":"Boutique","item":"https:\/\/ecosupplements.be\/fr\/boutique\/"},{"@type":"ListItem","position":3,"name":"Ashwagandha avec Sensoril, 125mg &#8211; 60 vcaps"}]},{"@type":"WebSite","@id":"https:\/\/ecosupplements.be\/fr\/#website","url":"https:\/\/ecosupplements.be\/fr\/","name":"ECO Supplements","description":"Eco Supplements - Gezonde supplementen","publisher":{"@id":"https:\/\/ecosupplements.be\/fr\/#organization"},"potentialAction":[{"@type":"SearchAction","target":{"@type":"EntryPoint","urlTemplate":"https:\/\/ecosupplements.be\/fr\/?s={search_term_string}"},"query-input":{"@type":"PropertyValueSpecification","valueRequired":true,"valueName":"search_term_string"}}],"inLanguage":"fr-FR"},{"@type":"Organization","@id":"https:\/\/ecosupplements.be\/fr\/#organization","name":"Eco Supplements","url":"https:\/\/ecosupplements.be\/fr\/","logo":{"@type":"ImageObject","inLanguage":"fr-FR","@id":"https:\/\/ecosupplements.be\/fr\/#\/schema\/logo\/image\/","url":"https:\/\/ecosupplements.be\/wp-content\/uploads\/2022\/06\/ecosupplement-family.png","contentUrl":"https:\/\/ecosupplements.be\/wp-content\/uploads\/2022\/06\/ecosupplement-family.png","width":593,"height":374,"caption":"Eco Supplements"},"image":{"@id":"https:\/\/ecosupplements.be\/fr\/#\/schema\/logo\/image\/"}}]},"product_brand":"Doctor's Best","product_price_amount":"20.50","product_price_currency":"EUR","og_availability":"instock","product_availability":"instock","product_retailer_item_id":"753950003040","product_condition":"new"},"_links":{"self":[{"href":"https:\/\/ecosupplements.be\/fr\/wp-json\/wp\/v2\/product\/280544","targetHints":{"allow":["GET"]}}],"collection":[{"href":"https:\/\/ecosupplements.be\/fr\/wp-json\/wp\/v2\/product"}],"about":[{"href":"https:\/\/ecosupplements.be\/fr\/wp-json\/wp\/v2\/types\/product"}],"replies":[{"embeddable":true,"href":"https:\/\/ecosupplements.be\/fr\/wp-json\/wp\/v2\/comments?post=280544"}],"wp:featuredmedia":[{"embeddable":true,"href":"https:\/\/ecosupplements.be\/fr\/wp-json\/wp\/v2\/media\/242858"}],"wp:attachment":[{"href":"https:\/\/ecosupplements.be\/fr\/wp-json\/wp\/v2\/media?parent=280544"}],"wp:term":[{"taxonomy":"product_brand","embeddable":true,"href":"https:\/\/ecosupplements.be\/fr\/wp-json\/wp\/v2\/product_brand?post=280544"},{"taxonomy":"product_cat","embeddable":true,"href":"https:\/\/ecosupplements.be\/fr\/wp-json\/wp\/v2\/product_cat?post=280544"},{"taxonomy":"product_tag","embeddable":true,"href":"https:\/\/ecosupplements.be\/fr\/wp-json\/wp\/v2\/product_tag?post=280544"}],"curies":[{"name":"wp","href":"https:\/\/api.w.org\/{rel}","templated":true}]}}