{"id":280545,"date":"2022-06-28T10:07:48","date_gmt":"2022-06-28T09:07:48","guid":{"rendered":"https:\/\/ecosupplements.be\/product\/astaxanthine-avec-astapure-6mg-90-gelules-vegetales\/"},"modified":"2025-08-27T10:30:20","modified_gmt":"2025-08-27T09:30:20","slug":"astaxanthine-avec-astapure-6mg-90-gelules-vegetales","status":"publish","type":"product","link":"https:\/\/ecosupplements.be\/fr\/produit\/astaxanthine-avec-astapure-6mg-90-gelules-vegetales\/","title":{"rendered":"Astaxanthine avec AstaPure, 6mg &#8211; 90 g\u00e9lules v\u00e9g\u00e9tales"},"content":{"rendered":"<h1 style=\"text-align: center;\">Doctor&#8217;s Best &#8211; Astaxanthine avec AstaPure<\/h1>\n<p>Qu&#8217;est-ce que Doctor&#8217;s Best Astaxanthin ?<br \/>\nDoctor&#8217;s Best Astaxanthin est un antioxydant qui favorise une circulation sanguine saine et l&#8217;int\u00e9grit\u00e9 des vaisseaux, encourage une r\u00e9ponse immunitaire saine et int\u00e9gr\u00e9e, et soutient la m\u00e9moire et d&#8217;autres fonctions c\u00e9r\u00e9brales. L&#8217;astaxanthine am\u00e9liore \u00e9galement la vision et soulage la fatigue oculaire. L&#8217;astaxanthine a des effets b\u00e9n\u00e9fiques sur les membranes cellulaires qui g\u00e8rent d&#8217;importantes fonctions vitales. L&#8217;organisme ne peut pas fabriquer l&#8217;astaxanthine, elle doit \u00eatre consomm\u00e9e par le biais de l&#8217;alimentation ou d&#8217;une suppl\u00e9mentation. L&#8217;astaxanthine est fabriqu\u00e9e par les algues et remonte la cha\u00eene alimentaire lorsque les algues sont consomm\u00e9es comme nourriture. Elle donne la couleur rouge aux fruits de mer tels que le saumon, la truite, le crabe, les crevettes, le homard et le krill, mais ces sources d&#8217;astaxanthine ne sont pas courantes dans la plupart des r\u00e9gimes alimentaires. Doctor&#8217;s Best est heureux d&#8217;offrir ce nutriment sous sa forme naturelle, en tant que concentr\u00e9 de la microalgue Haematococcus pluvialis.<br \/>\nComment cela fonctionne-t-il ?<br \/>\nLa structure mol\u00e9culaire de l&#8217;astaxanthine est longue et fine, les deux extr\u00e9mit\u00e9s comportant des groupes &#8220;polaires&#8221; compatibles avec l&#8217;eau, tandis que le segment central est &#8220;non polaire&#8221; et non compatible avec l&#8217;eau. Cette structure mol\u00e9culaire permet \u00e0 l&#8217;astaxanthine de se d\u00e9placer dans les membranes cellulaires sans affecter substantiellement la structure de la membrane. L&#8217;astaxanthine est capable de fournir une protection puissante contre les dommages cellulaires, comme ceux caus\u00e9s par les radicaux libres. Toutes les cellules ont des membranes et il est vital de maintenir la sant\u00e9 de ces membranes pour que la cellule puisse fonctionner correctement. Chaque membrane cellulaire est une feuille ultrafine de lipides dans laquelle sont ins\u00e9r\u00e9es des enzymes et d&#8217;autres prot\u00e9ines catalytiques. Les activit\u00e9s m\u00e9taboliques intenses au sein des membranes cellulaires g\u00e9n\u00e8rent g\u00e9n\u00e9ralement des substances &#8220;radicaux libres&#8221; hautement r\u00e9actives. Les dommages caus\u00e9s par ces radicaux libres peuvent \u00eatre att\u00e9nu\u00e9s par une activit\u00e9 antioxydante. L&#8217;astaxanthine fournit aux membranes cellulaires une puissante d\u00e9fense antioxydante contre les radicaux libres.<\/p>\n<p><img decoding=\"async\" src=\"https:\/\/ecosupplements.be\/wp-content\/uploads\/2025\/08\/gluten-free-1.png\" title=\"Sans gluten\" alt=\"Gluten free\"><img decoding=\"async\" src=\"https:\/\/ecosupplements.be\/wp-content\/uploads\/2025\/08\/non-gmo-1.png\" title=\"Non-OGM\" alt=\"Non-GMO\"><img decoding=\"async\" src=\"https:\/\/ecosupplements.be\/wp-content\/uploads\/2025\/08\/vegan-1.png\" title=\"Vegan\" alt=\"Vegan\"><\/p>\n","protected":false},"excerpt":{"rendered":"<p>Doctor&#8217;s Best &#8211; Astaxanthine avec AstaPure Qu&#8217;est-ce que Doctor&#8217;s Best Astaxanthin ? Doctor&#8217;s Best Astaxanthin est un antioxydant qui favorise une circulation sanguine saine et l&#8217;int\u00e9grit\u00e9 des vaisseaux, encourage une r\u00e9ponse immunitaire saine et int\u00e9gr\u00e9e, et soutient la m\u00e9moire et d&#8217;autres fonctions c\u00e9r\u00e9brales. L&#8217;astaxanthine am\u00e9liore \u00e9galement la vision et soulage la fatigue oculaire. L&#8217;astaxanthine a [&#8230;]\n","protected":false},"featured_media":242863,"comment_status":"open","ping_status":"open","template":"","meta":[],"product_brand":[4674],"product_cat":[5054,5055,5052,5094,5053],"product_tag":[5071],"class_list":{"0":"post-280545","1":"product","2":"type-product","3":"status-publish","4":"has-post-thumbnail","6":"product_brand-doctors-best-2","7":"product_cat-nourriture-saine","8":"product_cat-produits-vegetaliens","9":"product_cat-sante-et-bien-etre","10":"product_cat-supplements-a-base-de-plantes","11":"product_cat-vitamines-et-mineraux","12":"product_tag-ecoplus-2","14":"first","15":"instock","16":"taxable","17":"shipping-taxable","18":"purchasable","19":"product-type-simple"},"yoast_head":"<!-- This site is optimized with the Yoast SEO Premium plugin v27.3 (Yoast SEO v27.3) - https:\/\/yoast.com\/product\/yoast-seo-premium-wordpress\/ -->\n<title>Astaxanthine avec AstaPure, 6mg - 90 g\u00e9lules v\u00e9g\u00e9tales - ECO Supplements<\/title>\n<meta name=\"description\" content=\"Wij hebben een ruime keuze aan producten van Astaxanthine avec AstaPure, 6mg - 90 g\u00e9lules v\u00e9g\u00e9tales . Winkel bij Eco Supplements altijd gratis verzending boven 100\u20ac\" \/>\n<meta name=\"robots\" content=\"index, follow, max-snippet:-1, max-image-preview:large, max-video-preview:-1\" \/>\n<link rel=\"canonical\" href=\"https:\/\/ecosupplements.be\/fr\/produit\/astaxanthine-avec-astapure-6mg-90-gelules-vegetales\/\" \/>\n<meta property=\"og:locale\" content=\"fr_FR\" \/>\n<meta property=\"og:type\" content=\"article\" \/>\n<meta property=\"og:title\" content=\"Astaxanthine avec AstaPure, 6mg - 90 g\u00e9lules v\u00e9g\u00e9tales\" \/>\n<meta property=\"og:description\" content=\"Wij hebben een ruime keuze aan producten van Astaxanthine avec AstaPure, 6mg - 90 g\u00e9lules v\u00e9g\u00e9tales . Winkel bij Eco Supplements altijd gratis verzending boven 100\u20ac\" \/>\n<meta property=\"og:url\" content=\"https:\/\/ecosupplements.be\/fr\/produit\/astaxanthine-avec-astapure-6mg-90-gelules-vegetales\/\" \/>\n<meta property=\"og:site_name\" content=\"ECO Supplements\" \/>\n<meta property=\"article:modified_time\" content=\"2025-08-27T09:30:20+00:00\" \/>\n<meta property=\"og:image\" content=\"https:\/\/ecosupplements.be\/wp-content\/uploads\/2025\/08\/Doctors-Best-Astaxanthin-with-AstaPure-6mg-90-veggie-softgels-1.jpeg\" \/>\n\t<meta property=\"og:image:width\" content=\"500\" \/>\n\t<meta property=\"og:image:height\" content=\"500\" \/>\n\t<meta property=\"og:image:type\" content=\"image\/jpeg\" \/>\n<meta name=\"twitter:card\" content=\"summary_large_image\" \/>\n<meta name=\"twitter:label1\" content=\"Prix\" \/>\n\t<meta name=\"twitter:data1\" content=\"39.81&nbsp;&euro;\" \/>\n\t<meta name=\"twitter:label2\" content=\"Disponibilit\u00e9\" \/>\n\t<meta name=\"twitter:data2\" content=\"En stock\" \/>\n<script type=\"application\/ld+json\" class=\"yoast-schema-graph\">{\"@context\":\"https:\\\/\\\/schema.org\",\"@graph\":[{\"@type\":[\"WebPage\",\"ItemPage\"],\"@id\":\"https:\\\/\\\/ecosupplements.be\\\/fr\\\/produit\\\/astaxanthine-avec-astapure-6mg-90-gelules-vegetales\\\/\",\"url\":\"https:\\\/\\\/ecosupplements.be\\\/fr\\\/produit\\\/astaxanthine-avec-astapure-6mg-90-gelules-vegetales\\\/\",\"name\":\"Astaxanthine avec AstaPure, 6mg - 90 g\u00e9lules v\u00e9g\u00e9tales - ECO Supplements\",\"isPartOf\":{\"@id\":\"https:\\\/\\\/ecosupplements.be\\\/fr\\\/#website\"},\"primaryImageOfPage\":{\"@id\":\"https:\\\/\\\/ecosupplements.be\\\/fr\\\/produit\\\/astaxanthine-avec-astapure-6mg-90-gelules-vegetales\\\/#primaryimage\"},\"image\":{\"@id\":\"https:\\\/\\\/ecosupplements.be\\\/fr\\\/produit\\\/astaxanthine-avec-astapure-6mg-90-gelules-vegetales\\\/#primaryimage\"},\"thumbnailUrl\":\"https:\\\/\\\/ecosupplements.be\\\/wp-content\\\/uploads\\\/2025\\\/08\\\/Doctors-Best-Astaxanthin-with-AstaPure-6mg-90-veggie-softgels-1.jpeg\",\"datePublished\":\"2022-06-28T09:07:48+00:00\",\"dateModified\":\"2025-08-27T09:30:20+00:00\",\"description\":\"Wij hebben een ruime keuze aan producten van Astaxanthine avec AstaPure, 6mg - 90 g\u00e9lules v\u00e9g\u00e9tales . Winkel bij Eco Supplements altijd gratis verzending boven 100\u20ac\",\"breadcrumb\":{\"@id\":\"https:\\\/\\\/ecosupplements.be\\\/fr\\\/produit\\\/astaxanthine-avec-astapure-6mg-90-gelules-vegetales\\\/#breadcrumb\"},\"inLanguage\":\"fr-FR\",\"potentialAction\":[{\"@type\":\"ReadAction\",\"target\":[\"https:\\\/\\\/ecosupplements.be\\\/fr\\\/produit\\\/astaxanthine-avec-astapure-6mg-90-gelules-vegetales\\\/\"]}]},{\"@type\":\"ImageObject\",\"inLanguage\":\"fr-FR\",\"@id\":\"https:\\\/\\\/ecosupplements.be\\\/fr\\\/produit\\\/astaxanthine-avec-astapure-6mg-90-gelules-vegetales\\\/#primaryimage\",\"url\":\"https:\\\/\\\/ecosupplements.be\\\/wp-content\\\/uploads\\\/2025\\\/08\\\/Doctors-Best-Astaxanthin-with-AstaPure-6mg-90-veggie-softgels-1.jpeg\",\"contentUrl\":\"https:\\\/\\\/ecosupplements.be\\\/wp-content\\\/uploads\\\/2025\\\/08\\\/Doctors-Best-Astaxanthin-with-AstaPure-6mg-90-veggie-softgels-1.jpeg\",\"width\":500,\"height\":500},{\"@type\":\"BreadcrumbList\",\"@id\":\"https:\\\/\\\/ecosupplements.be\\\/fr\\\/produit\\\/astaxanthine-avec-astapure-6mg-90-gelules-vegetales\\\/#breadcrumb\",\"itemListElement\":[{\"@type\":\"ListItem\",\"position\":1,\"name\":\"Home\",\"item\":\"https:\\\/\\\/ecosupplements.be\\\/fr\\\/\"},{\"@type\":\"ListItem\",\"position\":2,\"name\":\"Boutique\",\"item\":\"https:\\\/\\\/ecosupplements.be\\\/fr\\\/boutique\\\/\"},{\"@type\":\"ListItem\",\"position\":3,\"name\":\"Astaxanthine avec AstaPure, 6mg &#8211; 90 g\u00e9lules v\u00e9g\u00e9tales\"}]},{\"@type\":\"WebSite\",\"@id\":\"https:\\\/\\\/ecosupplements.be\\\/fr\\\/#website\",\"url\":\"https:\\\/\\\/ecosupplements.be\\\/fr\\\/\",\"name\":\"ECO Supplements\",\"description\":\"Eco Supplements - Gezonde supplementen\",\"publisher\":{\"@id\":\"https:\\\/\\\/ecosupplements.be\\\/fr\\\/#organization\"},\"potentialAction\":[{\"@type\":\"SearchAction\",\"target\":{\"@type\":\"EntryPoint\",\"urlTemplate\":\"https:\\\/\\\/ecosupplements.be\\\/fr\\\/?s={search_term_string}\"},\"query-input\":{\"@type\":\"PropertyValueSpecification\",\"valueRequired\":true,\"valueName\":\"search_term_string\"}}],\"inLanguage\":\"fr-FR\"},{\"@type\":\"Organization\",\"@id\":\"https:\\\/\\\/ecosupplements.be\\\/fr\\\/#organization\",\"name\":\"Eco Supplements\",\"url\":\"https:\\\/\\\/ecosupplements.be\\\/fr\\\/\",\"logo\":{\"@type\":\"ImageObject\",\"inLanguage\":\"fr-FR\",\"@id\":\"https:\\\/\\\/ecosupplements.be\\\/fr\\\/#\\\/schema\\\/logo\\\/image\\\/\",\"url\":\"https:\\\/\\\/ecosupplements.be\\\/wp-content\\\/uploads\\\/2022\\\/06\\\/ecosupplement-family.png\",\"contentUrl\":\"https:\\\/\\\/ecosupplements.be\\\/wp-content\\\/uploads\\\/2022\\\/06\\\/ecosupplement-family.png\",\"width\":593,\"height\":374,\"caption\":\"Eco Supplements\"},\"image\":{\"@id\":\"https:\\\/\\\/ecosupplements.be\\\/fr\\\/#\\\/schema\\\/logo\\\/image\\\/\"}}]}<\/script>\n<meta property=\"product:brand\" content=\"Doctor&#039;s Best\" \/>\n<meta property=\"product:price:amount\" content=\"39.81\" \/>\n<meta property=\"product:price:currency\" content=\"EUR\" \/>\n<meta property=\"og:availability\" content=\"instock\" \/>\n<meta property=\"product:availability\" content=\"instock\" \/>\n<meta property=\"product:retailer_item_id\" content=\"753950003675\" \/>\n<meta property=\"product:condition\" content=\"new\" \/>\n<!-- \/ Yoast SEO Premium plugin. -->","yoast_head_json":{"title":"Astaxanthine avec AstaPure, 6mg - 90 g\u00e9lules v\u00e9g\u00e9tales - ECO Supplements","description":"Wij hebben een ruime keuze aan producten van Astaxanthine avec AstaPure, 6mg - 90 g\u00e9lules v\u00e9g\u00e9tales . Winkel bij Eco Supplements altijd gratis verzending boven 100\u20ac","robots":{"index":"index","follow":"follow","max-snippet":"max-snippet:-1","max-image-preview":"max-image-preview:large","max-video-preview":"max-video-preview:-1"},"canonical":"https:\/\/ecosupplements.be\/fr\/produit\/astaxanthine-avec-astapure-6mg-90-gelules-vegetales\/","og_locale":"fr_FR","og_type":"article","og_title":"Astaxanthine avec AstaPure, 6mg - 90 g\u00e9lules v\u00e9g\u00e9tales","og_description":"Wij hebben een ruime keuze aan producten van Astaxanthine avec AstaPure, 6mg - 90 g\u00e9lules v\u00e9g\u00e9tales . Winkel bij Eco Supplements altijd gratis verzending boven 100\u20ac","og_url":"https:\/\/ecosupplements.be\/fr\/produit\/astaxanthine-avec-astapure-6mg-90-gelules-vegetales\/","og_site_name":"ECO Supplements","article_modified_time":"2025-08-27T09:30:20+00:00","og_image":[{"width":500,"height":500,"url":"https:\/\/ecosupplements.be\/wp-content\/uploads\/2025\/08\/Doctors-Best-Astaxanthin-with-AstaPure-6mg-90-veggie-softgels-1.jpeg","type":"image\/jpeg"}],"twitter_card":"summary_large_image","twitter_misc":{"Prix":"39.81&nbsp;&euro;","Disponibilit\u00e9":"En stock"},"schema":{"@context":"https:\/\/schema.org","@graph":[{"@type":["WebPage","ItemPage"],"@id":"https:\/\/ecosupplements.be\/fr\/produit\/astaxanthine-avec-astapure-6mg-90-gelules-vegetales\/","url":"https:\/\/ecosupplements.be\/fr\/produit\/astaxanthine-avec-astapure-6mg-90-gelules-vegetales\/","name":"Astaxanthine avec AstaPure, 6mg - 90 g\u00e9lules v\u00e9g\u00e9tales - ECO Supplements","isPartOf":{"@id":"https:\/\/ecosupplements.be\/fr\/#website"},"primaryImageOfPage":{"@id":"https:\/\/ecosupplements.be\/fr\/produit\/astaxanthine-avec-astapure-6mg-90-gelules-vegetales\/#primaryimage"},"image":{"@id":"https:\/\/ecosupplements.be\/fr\/produit\/astaxanthine-avec-astapure-6mg-90-gelules-vegetales\/#primaryimage"},"thumbnailUrl":"https:\/\/ecosupplements.be\/wp-content\/uploads\/2025\/08\/Doctors-Best-Astaxanthin-with-AstaPure-6mg-90-veggie-softgels-1.jpeg","datePublished":"2022-06-28T09:07:48+00:00","dateModified":"2025-08-27T09:30:20+00:00","description":"Wij hebben een ruime keuze aan producten van Astaxanthine avec AstaPure, 6mg - 90 g\u00e9lules v\u00e9g\u00e9tales . Winkel bij Eco Supplements altijd gratis verzending boven 100\u20ac","breadcrumb":{"@id":"https:\/\/ecosupplements.be\/fr\/produit\/astaxanthine-avec-astapure-6mg-90-gelules-vegetales\/#breadcrumb"},"inLanguage":"fr-FR","potentialAction":[{"@type":"ReadAction","target":["https:\/\/ecosupplements.be\/fr\/produit\/astaxanthine-avec-astapure-6mg-90-gelules-vegetales\/"]}]},{"@type":"ImageObject","inLanguage":"fr-FR","@id":"https:\/\/ecosupplements.be\/fr\/produit\/astaxanthine-avec-astapure-6mg-90-gelules-vegetales\/#primaryimage","url":"https:\/\/ecosupplements.be\/wp-content\/uploads\/2025\/08\/Doctors-Best-Astaxanthin-with-AstaPure-6mg-90-veggie-softgels-1.jpeg","contentUrl":"https:\/\/ecosupplements.be\/wp-content\/uploads\/2025\/08\/Doctors-Best-Astaxanthin-with-AstaPure-6mg-90-veggie-softgels-1.jpeg","width":500,"height":500},{"@type":"BreadcrumbList","@id":"https:\/\/ecosupplements.be\/fr\/produit\/astaxanthine-avec-astapure-6mg-90-gelules-vegetales\/#breadcrumb","itemListElement":[{"@type":"ListItem","position":1,"name":"Home","item":"https:\/\/ecosupplements.be\/fr\/"},{"@type":"ListItem","position":2,"name":"Boutique","item":"https:\/\/ecosupplements.be\/fr\/boutique\/"},{"@type":"ListItem","position":3,"name":"Astaxanthine avec AstaPure, 6mg &#8211; 90 g\u00e9lules v\u00e9g\u00e9tales"}]},{"@type":"WebSite","@id":"https:\/\/ecosupplements.be\/fr\/#website","url":"https:\/\/ecosupplements.be\/fr\/","name":"ECO Supplements","description":"Eco Supplements - Gezonde supplementen","publisher":{"@id":"https:\/\/ecosupplements.be\/fr\/#organization"},"potentialAction":[{"@type":"SearchAction","target":{"@type":"EntryPoint","urlTemplate":"https:\/\/ecosupplements.be\/fr\/?s={search_term_string}"},"query-input":{"@type":"PropertyValueSpecification","valueRequired":true,"valueName":"search_term_string"}}],"inLanguage":"fr-FR"},{"@type":"Organization","@id":"https:\/\/ecosupplements.be\/fr\/#organization","name":"Eco Supplements","url":"https:\/\/ecosupplements.be\/fr\/","logo":{"@type":"ImageObject","inLanguage":"fr-FR","@id":"https:\/\/ecosupplements.be\/fr\/#\/schema\/logo\/image\/","url":"https:\/\/ecosupplements.be\/wp-content\/uploads\/2022\/06\/ecosupplement-family.png","contentUrl":"https:\/\/ecosupplements.be\/wp-content\/uploads\/2022\/06\/ecosupplement-family.png","width":593,"height":374,"caption":"Eco Supplements"},"image":{"@id":"https:\/\/ecosupplements.be\/fr\/#\/schema\/logo\/image\/"}}]},"product_brand":"Doctor's Best","product_price_amount":"39.81","product_price_currency":"EUR","og_availability":"instock","product_availability":"instock","product_retailer_item_id":"753950003675","product_condition":"new"},"_links":{"self":[{"href":"https:\/\/ecosupplements.be\/fr\/wp-json\/wp\/v2\/product\/280545","targetHints":{"allow":["GET"]}}],"collection":[{"href":"https:\/\/ecosupplements.be\/fr\/wp-json\/wp\/v2\/product"}],"about":[{"href":"https:\/\/ecosupplements.be\/fr\/wp-json\/wp\/v2\/types\/product"}],"replies":[{"embeddable":true,"href":"https:\/\/ecosupplements.be\/fr\/wp-json\/wp\/v2\/comments?post=280545"}],"wp:featuredmedia":[{"embeddable":true,"href":"https:\/\/ecosupplements.be\/fr\/wp-json\/wp\/v2\/media\/242863"}],"wp:attachment":[{"href":"https:\/\/ecosupplements.be\/fr\/wp-json\/wp\/v2\/media?parent=280545"}],"wp:term":[{"taxonomy":"product_brand","embeddable":true,"href":"https:\/\/ecosupplements.be\/fr\/wp-json\/wp\/v2\/product_brand?post=280545"},{"taxonomy":"product_cat","embeddable":true,"href":"https:\/\/ecosupplements.be\/fr\/wp-json\/wp\/v2\/product_cat?post=280545"},{"taxonomy":"product_tag","embeddable":true,"href":"https:\/\/ecosupplements.be\/fr\/wp-json\/wp\/v2\/product_tag?post=280545"}],"curies":[{"name":"wp","href":"https:\/\/api.w.org\/{rel}","templated":true}]}}