{"id":280549,"date":"2022-06-28T10:07:48","date_gmt":"2022-06-28T09:07:48","guid":{"rendered":"https:\/\/ecosupplements.be\/product\/best-l-tyrosine-500mg-120-vcaps\/"},"modified":"2025-08-27T10:30:43","modified_gmt":"2025-08-27T09:30:43","slug":"best-l-tyrosine-500mg-120-vcaps","status":"publish","type":"product","link":"https:\/\/ecosupplements.be\/fr\/produit\/best-l-tyrosine-500mg-120-vcaps\/","title":{"rendered":"Best L-Tyrosine, 500mg &#8211; 120 vcaps"},"content":{"rendered":"<h1 style=\"text-align: center;\">Doctor&#8217;s Best &#8211; Meilleure L-Tyrosine<\/h1>\n<p>Qu&#8217;est-ce que Doctor&#8217;s Best Tyrosine ?<br \/>\nDoctor&#8217;s Best La tyrosine est un acide amin\u00e9 conditionnellement essentiel qui est un pr\u00e9curseur des transmetteurs cat\u00e9cholamines, la dopamine, l&#8217;\u00e9pin\u00e9phrine et la nor\u00e9pin\u00e9phrine. Ce sont des messagers vitaux pour le cerveau et les autres r\u00e9seaux nerveux du corps. La glande thyro\u00efde a \u00e9galement besoin de tyrosine pour fabriquer l&#8217;hormone vitale qu&#8217;est la thyroxine. Doctor&#8217;s Best L-Tyrosine fournit la forme L pure de la tyrosine, un acide amin\u00e9 qui a de nombreuses fonctions importantes dans l&#8217;organisme. La tyrosine ou 4-hydroxyph\u00e9nylalanine, est l&#8217;un des 22 acides amin\u00e9s qui sont utilis\u00e9s par les cellules pour synth\u00e9tiser les prot\u00e9ines.<br \/>\nComment cela fonctionne-t-il ?<br \/>\nLa tyrosine est peut-\u00eatre mieux connue pour son r\u00f4le crucial dans la production de certaines substances qui ont des actions messag\u00e8res vitales dans le cerveau et le reste du syst\u00e8me nerveux. Dans les cellules dopaminergiques du cerveau, la L-Tyrosine est convertie en L-Dopa par l&#8217;enzyme tyrosine hydroxylase, puis en 3,4-dihydroxyph\u00e9nylalanine (Dopamine), un pr\u00e9curseur utilis\u00e9 \u00e0 la fois pour la synth\u00e8se des messagers cat\u00e9cholamines (dopamine, \u00e9pin\u00e9phrine et nor\u00e9pin\u00e9phrine) et pour la fabrication du pigment m\u00e9lanine. L&#8217;augmentation des niveaux de L-Tyrosine dans le cerveau peut aider \u00e0 att\u00e9nuer le d\u00e9clin neurologique des cat\u00e9cholamines qui sont g\u00e9n\u00e9ralement diminu\u00e9es dans les \u00e9tats de d\u00e9mence. Ainsi, les cat\u00e9cholamines peuvent agir comme des antioxydants dans le cerveau et \u00eatre neuroprotectrices. La L-Tyrosine aide \u00e0 pr\u00e9venir le d\u00e9clin de la fonction cognitive en r\u00e9ponse au stress physique. La m\u00e9lanine, le principal pigment du corps qui contribue \u00e0 la couleur de la peau, des cheveux et des yeux, est synth\u00e9tis\u00e9e \u00e0 partir de la L-Tyrosine par une s\u00e9rie d&#8217;\u00e9tapes qui commencent par la conversion en 3,4-dihydroxyph\u00e9nylalanine. La m\u00e9lanine est tr\u00e8s importante pour r\u00e9guler l&#8217;exposition de la peau aux rayons ultraviolets (UV). La m\u00e9lanine d\u00e9pos\u00e9e dans les cellules de la peau forme une barri\u00e8re &#8211; appel\u00e9e capuchon supranucl\u00e9aire &#8211; pour prot\u00e9ger notre ADN des rayons UV. Pr\u00e9curseur des messagers nerveux dopamine, nor\u00e9pin\u00e9phrine et \u00e9pin\u00e9phrine (adr\u00e9naline) Les cat\u00e9cholamines dopamine, \u00e9pin\u00e9phrine (adr\u00e9naline) et nor\u00e9pin\u00e9phrine (noradr\u00e9naline) font partie int\u00e9grante des fonctions du syst\u00e8me nerveux central telles que la cognition, les \u00e9motions, la m\u00e9moire, le mouvement et la r\u00e9gulation des glandes qui s\u00e9cr\u00e8tent des hormones dans le sang. Leur production peut \u00eatre limit\u00e9e par la quantit\u00e9 de tyrosine disponible pour l&#8217;enzyme qui convertit la tyrosine en 3,4-dihydroxyph\u00e9nylalanine. L&#8217;adr\u00e9naline et la noradr\u00e9naline sont lib\u00e9r\u00e9es par la glande surr\u00e9nale, souvent en r\u00e9ponse au stress, et font partie d&#8217;une vaste r\u00e9ponse physiologique qui peut augmenter le taux m\u00e9tabolique des cellules en ajustant un certain nombre de processus biochimiques. L&#8217;adr\u00e9naline et la noradr\u00e9naline sont \u00e9galement utilis\u00e9es pour r\u00e9guler le m\u00e9tabolisme des nutriments, notamment pour augmenter l&#8217;utilisation de l&#8217;\u00e9nergie stock\u00e9e en d\u00e9composant le glycog\u00e8ne en sucres plus simples et en lib\u00e9rant les acides gras des triglyc\u00e9rides. Stress et humeur. Il a \u00e9t\u00e9 d\u00e9montr\u00e9 que la tyrosine, \u00e0 fortes doses, favorise de mani\u00e8re significative les caract\u00e9ristiques de comportement positif (comme l&#8217;humeur) et une r\u00e9ponse sup\u00e9rieure au stress chez les humains expos\u00e9s \u00e0 des facteurs de stress environnementaux ou cardiovasculaires. Pr\u00e9curseur de la production de thyroxine par la glande thyro\u00efde La thyro\u00efde s\u00e9cr\u00e8te deux hormones tr\u00e8s importantes, la triiodothyronine (T3) et la thyroxine (T4). Celles-ci aident \u00e0 r\u00e9guler notre taux m\u00e9tabolique, qui correspond \u00e0 l&#8217;intensit\u00e9 avec laquelle nous g\u00e9rons nos processus vitaux. Les hormones T3 et T4 r\u00e9gulent \u00e9galement l&#8217;utilisation de l&#8217;oxyg\u00e8ne, le m\u00e9tabolisme cellulaire, ainsi que la croissance et le d\u00e9veloppement g\u00e9n\u00e9ral du corps. L&#8217;une des nombreuses \u00e9tapes menant \u00e0 la formation des hormones thyro\u00efdiennes exige que des enzymes fixent l&#8217;iode \u00e0 la tyrosine.<\/p>\n<p><img decoding=\"async\" src=\"https:\/\/ecosupplements.be\/wp-content\/uploads\/2025\/08\/gluten-free-1.png\" title=\"Sans gluten\" alt=\"Gluten free\"><img decoding=\"async\" src=\"https:\/\/ecosupplements.be\/wp-content\/uploads\/2025\/08\/non-gmo-1.png\" title=\"Non-OGM\" alt=\"Non-GMO\"><\/p>\n","protected":false},"excerpt":{"rendered":"<p>Doctor&#8217;s Best &#8211; Meilleure L-Tyrosine Qu&#8217;est-ce que Doctor&#8217;s Best Tyrosine ? Doctor&#8217;s Best La tyrosine est un acide amin\u00e9 conditionnellement essentiel qui est un pr\u00e9curseur des transmetteurs cat\u00e9cholamines, la dopamine, l&#8217;\u00e9pin\u00e9phrine et la nor\u00e9pin\u00e9phrine. Ce sont des messagers vitaux pour le cerveau et les autres r\u00e9seaux nerveux du corps. La glande thyro\u00efde a \u00e9galement besoin [&#8230;]\n","protected":false},"featured_media":242885,"comment_status":"open","ping_status":"open","template":"","meta":[],"product_brand":[4674],"product_cat":[5067,5111,5112,5048,5053],"product_tag":[],"class_list":{"0":"post-280549","1":"product","2":"type-product","3":"status-publish","4":"has-post-thumbnail","6":"product_brand-doctors-best-2","7":"product_cat-acides-amines-et-bcaa","8":"product_cat-acides-amines-et-bcaas","9":"product_cat-acides-amines-individuels","10":"product_cat-aptitude","11":"product_cat-vitamines-et-mineraux","13":"first","14":"instock","15":"taxable","16":"shipping-taxable","17":"purchasable","18":"product-type-simple"},"yoast_head":"<!-- This site is optimized with the Yoast SEO Premium plugin v27.3 (Yoast SEO v27.3) - https:\/\/yoast.com\/product\/yoast-seo-premium-wordpress\/ -->\n<title>Best L-Tyrosine, 500mg - 120 vcaps - ECO Supplements<\/title>\n<meta name=\"description\" content=\"Wij hebben een ruime keuze aan producten van Best L-Tyrosine, 500mg - 120 vcaps . Winkel bij Eco Supplements altijd gratis verzending boven 100\u20ac\" \/>\n<meta name=\"robots\" content=\"index, follow, max-snippet:-1, max-image-preview:large, max-video-preview:-1\" \/>\n<link rel=\"canonical\" href=\"https:\/\/ecosupplements.be\/fr\/produit\/best-l-tyrosine-500mg-120-vcaps\/\" \/>\n<meta property=\"og:locale\" content=\"fr_FR\" \/>\n<meta property=\"og:type\" content=\"article\" \/>\n<meta property=\"og:title\" content=\"Best L-Tyrosine, 500mg - 120 vcaps\" \/>\n<meta property=\"og:description\" content=\"Wij hebben een ruime keuze aan producten van Best L-Tyrosine, 500mg - 120 vcaps . Winkel bij Eco Supplements altijd gratis verzending boven 100\u20ac\" \/>\n<meta property=\"og:url\" content=\"https:\/\/ecosupplements.be\/fr\/produit\/best-l-tyrosine-500mg-120-vcaps\/\" \/>\n<meta property=\"og:site_name\" content=\"ECO Supplements\" \/>\n<meta property=\"article:modified_time\" content=\"2025-08-27T09:30:43+00:00\" \/>\n<meta property=\"og:image\" content=\"https:\/\/ecosupplements.be\/wp-content\/uploads\/2025\/08\/Doctors-Best-Best-L-Tyrosine-120-vcaps-2.jpeg\" \/>\n\t<meta property=\"og:image:width\" content=\"500\" \/>\n\t<meta property=\"og:image:height\" content=\"500\" \/>\n\t<meta property=\"og:image:type\" content=\"image\/jpeg\" \/>\n<meta name=\"twitter:card\" content=\"summary_large_image\" \/>\n<meta name=\"twitter:label1\" content=\"Prix\" \/>\n\t<meta name=\"twitter:data1\" content=\"18.02&nbsp;&euro;\" \/>\n\t<meta name=\"twitter:label2\" content=\"Disponibilit\u00e9\" \/>\n\t<meta name=\"twitter:data2\" content=\"En stock\" \/>\n<script type=\"application\/ld+json\" class=\"yoast-schema-graph\">{\"@context\":\"https:\\\/\\\/schema.org\",\"@graph\":[{\"@type\":[\"WebPage\",\"ItemPage\"],\"@id\":\"https:\\\/\\\/ecosupplements.be\\\/fr\\\/produit\\\/best-l-tyrosine-500mg-120-vcaps\\\/\",\"url\":\"https:\\\/\\\/ecosupplements.be\\\/fr\\\/produit\\\/best-l-tyrosine-500mg-120-vcaps\\\/\",\"name\":\"Best L-Tyrosine, 500mg - 120 vcaps - ECO Supplements\",\"isPartOf\":{\"@id\":\"https:\\\/\\\/ecosupplements.be\\\/fr\\\/#website\"},\"primaryImageOfPage\":{\"@id\":\"https:\\\/\\\/ecosupplements.be\\\/fr\\\/produit\\\/best-l-tyrosine-500mg-120-vcaps\\\/#primaryimage\"},\"image\":{\"@id\":\"https:\\\/\\\/ecosupplements.be\\\/fr\\\/produit\\\/best-l-tyrosine-500mg-120-vcaps\\\/#primaryimage\"},\"thumbnailUrl\":\"https:\\\/\\\/ecosupplements.be\\\/wp-content\\\/uploads\\\/2025\\\/08\\\/Doctors-Best-Best-L-Tyrosine-120-vcaps-2.jpeg\",\"datePublished\":\"2022-06-28T09:07:48+00:00\",\"dateModified\":\"2025-08-27T09:30:43+00:00\",\"description\":\"Wij hebben een ruime keuze aan producten van Best L-Tyrosine, 500mg - 120 vcaps . Winkel bij Eco Supplements altijd gratis verzending boven 100\u20ac\",\"breadcrumb\":{\"@id\":\"https:\\\/\\\/ecosupplements.be\\\/fr\\\/produit\\\/best-l-tyrosine-500mg-120-vcaps\\\/#breadcrumb\"},\"inLanguage\":\"fr-FR\",\"potentialAction\":[{\"@type\":\"ReadAction\",\"target\":[\"https:\\\/\\\/ecosupplements.be\\\/fr\\\/produit\\\/best-l-tyrosine-500mg-120-vcaps\\\/\"]}]},{\"@type\":\"ImageObject\",\"inLanguage\":\"fr-FR\",\"@id\":\"https:\\\/\\\/ecosupplements.be\\\/fr\\\/produit\\\/best-l-tyrosine-500mg-120-vcaps\\\/#primaryimage\",\"url\":\"https:\\\/\\\/ecosupplements.be\\\/wp-content\\\/uploads\\\/2025\\\/08\\\/Doctors-Best-Best-L-Tyrosine-120-vcaps-2.jpeg\",\"contentUrl\":\"https:\\\/\\\/ecosupplements.be\\\/wp-content\\\/uploads\\\/2025\\\/08\\\/Doctors-Best-Best-L-Tyrosine-120-vcaps-2.jpeg\",\"width\":500,\"height\":500},{\"@type\":\"BreadcrumbList\",\"@id\":\"https:\\\/\\\/ecosupplements.be\\\/fr\\\/produit\\\/best-l-tyrosine-500mg-120-vcaps\\\/#breadcrumb\",\"itemListElement\":[{\"@type\":\"ListItem\",\"position\":1,\"name\":\"Home\",\"item\":\"https:\\\/\\\/ecosupplements.be\\\/fr\\\/\"},{\"@type\":\"ListItem\",\"position\":2,\"name\":\"Boutique\",\"item\":\"https:\\\/\\\/ecosupplements.be\\\/fr\\\/boutique\\\/\"},{\"@type\":\"ListItem\",\"position\":3,\"name\":\"Best L-Tyrosine, 500mg &#8211; 120 vcaps\"}]},{\"@type\":\"WebSite\",\"@id\":\"https:\\\/\\\/ecosupplements.be\\\/fr\\\/#website\",\"url\":\"https:\\\/\\\/ecosupplements.be\\\/fr\\\/\",\"name\":\"ECO Supplements\",\"description\":\"Eco Supplements - Gezonde supplementen\",\"publisher\":{\"@id\":\"https:\\\/\\\/ecosupplements.be\\\/fr\\\/#organization\"},\"potentialAction\":[{\"@type\":\"SearchAction\",\"target\":{\"@type\":\"EntryPoint\",\"urlTemplate\":\"https:\\\/\\\/ecosupplements.be\\\/fr\\\/?s={search_term_string}\"},\"query-input\":{\"@type\":\"PropertyValueSpecification\",\"valueRequired\":true,\"valueName\":\"search_term_string\"}}],\"inLanguage\":\"fr-FR\"},{\"@type\":\"Organization\",\"@id\":\"https:\\\/\\\/ecosupplements.be\\\/fr\\\/#organization\",\"name\":\"Eco Supplements\",\"url\":\"https:\\\/\\\/ecosupplements.be\\\/fr\\\/\",\"logo\":{\"@type\":\"ImageObject\",\"inLanguage\":\"fr-FR\",\"@id\":\"https:\\\/\\\/ecosupplements.be\\\/fr\\\/#\\\/schema\\\/logo\\\/image\\\/\",\"url\":\"https:\\\/\\\/ecosupplements.be\\\/wp-content\\\/uploads\\\/2022\\\/06\\\/ecosupplement-family.png\",\"contentUrl\":\"https:\\\/\\\/ecosupplements.be\\\/wp-content\\\/uploads\\\/2022\\\/06\\\/ecosupplement-family.png\",\"width\":593,\"height\":374,\"caption\":\"Eco Supplements\"},\"image\":{\"@id\":\"https:\\\/\\\/ecosupplements.be\\\/fr\\\/#\\\/schema\\\/logo\\\/image\\\/\"}}]}<\/script>\n<meta property=\"product:brand\" content=\"Doctor&#039;s Best\" \/>\n<meta property=\"product:price:amount\" content=\"18.02\" \/>\n<meta property=\"product:price:currency\" content=\"EUR\" \/>\n<meta property=\"og:availability\" content=\"instock\" \/>\n<meta property=\"product:availability\" content=\"instock\" \/>\n<meta property=\"product:retailer_item_id\" content=\"753950003163\" \/>\n<meta property=\"product:condition\" content=\"new\" \/>\n<!-- \/ Yoast SEO Premium plugin. -->","yoast_head_json":{"title":"Best L-Tyrosine, 500mg - 120 vcaps - ECO Supplements","description":"Wij hebben een ruime keuze aan producten van Best L-Tyrosine, 500mg - 120 vcaps . Winkel bij Eco Supplements altijd gratis verzending boven 100\u20ac","robots":{"index":"index","follow":"follow","max-snippet":"max-snippet:-1","max-image-preview":"max-image-preview:large","max-video-preview":"max-video-preview:-1"},"canonical":"https:\/\/ecosupplements.be\/fr\/produit\/best-l-tyrosine-500mg-120-vcaps\/","og_locale":"fr_FR","og_type":"article","og_title":"Best L-Tyrosine, 500mg - 120 vcaps","og_description":"Wij hebben een ruime keuze aan producten van Best L-Tyrosine, 500mg - 120 vcaps . Winkel bij Eco Supplements altijd gratis verzending boven 100\u20ac","og_url":"https:\/\/ecosupplements.be\/fr\/produit\/best-l-tyrosine-500mg-120-vcaps\/","og_site_name":"ECO Supplements","article_modified_time":"2025-08-27T09:30:43+00:00","og_image":[{"width":500,"height":500,"url":"https:\/\/ecosupplements.be\/wp-content\/uploads\/2025\/08\/Doctors-Best-Best-L-Tyrosine-120-vcaps-2.jpeg","type":"image\/jpeg"}],"twitter_card":"summary_large_image","twitter_misc":{"Prix":"18.02&nbsp;&euro;","Disponibilit\u00e9":"En stock"},"schema":{"@context":"https:\/\/schema.org","@graph":[{"@type":["WebPage","ItemPage"],"@id":"https:\/\/ecosupplements.be\/fr\/produit\/best-l-tyrosine-500mg-120-vcaps\/","url":"https:\/\/ecosupplements.be\/fr\/produit\/best-l-tyrosine-500mg-120-vcaps\/","name":"Best L-Tyrosine, 500mg - 120 vcaps - ECO Supplements","isPartOf":{"@id":"https:\/\/ecosupplements.be\/fr\/#website"},"primaryImageOfPage":{"@id":"https:\/\/ecosupplements.be\/fr\/produit\/best-l-tyrosine-500mg-120-vcaps\/#primaryimage"},"image":{"@id":"https:\/\/ecosupplements.be\/fr\/produit\/best-l-tyrosine-500mg-120-vcaps\/#primaryimage"},"thumbnailUrl":"https:\/\/ecosupplements.be\/wp-content\/uploads\/2025\/08\/Doctors-Best-Best-L-Tyrosine-120-vcaps-2.jpeg","datePublished":"2022-06-28T09:07:48+00:00","dateModified":"2025-08-27T09:30:43+00:00","description":"Wij hebben een ruime keuze aan producten van Best L-Tyrosine, 500mg - 120 vcaps . Winkel bij Eco Supplements altijd gratis verzending boven 100\u20ac","breadcrumb":{"@id":"https:\/\/ecosupplements.be\/fr\/produit\/best-l-tyrosine-500mg-120-vcaps\/#breadcrumb"},"inLanguage":"fr-FR","potentialAction":[{"@type":"ReadAction","target":["https:\/\/ecosupplements.be\/fr\/produit\/best-l-tyrosine-500mg-120-vcaps\/"]}]},{"@type":"ImageObject","inLanguage":"fr-FR","@id":"https:\/\/ecosupplements.be\/fr\/produit\/best-l-tyrosine-500mg-120-vcaps\/#primaryimage","url":"https:\/\/ecosupplements.be\/wp-content\/uploads\/2025\/08\/Doctors-Best-Best-L-Tyrosine-120-vcaps-2.jpeg","contentUrl":"https:\/\/ecosupplements.be\/wp-content\/uploads\/2025\/08\/Doctors-Best-Best-L-Tyrosine-120-vcaps-2.jpeg","width":500,"height":500},{"@type":"BreadcrumbList","@id":"https:\/\/ecosupplements.be\/fr\/produit\/best-l-tyrosine-500mg-120-vcaps\/#breadcrumb","itemListElement":[{"@type":"ListItem","position":1,"name":"Home","item":"https:\/\/ecosupplements.be\/fr\/"},{"@type":"ListItem","position":2,"name":"Boutique","item":"https:\/\/ecosupplements.be\/fr\/boutique\/"},{"@type":"ListItem","position":3,"name":"Best L-Tyrosine, 500mg &#8211; 120 vcaps"}]},{"@type":"WebSite","@id":"https:\/\/ecosupplements.be\/fr\/#website","url":"https:\/\/ecosupplements.be\/fr\/","name":"ECO Supplements","description":"Eco Supplements - Gezonde supplementen","publisher":{"@id":"https:\/\/ecosupplements.be\/fr\/#organization"},"potentialAction":[{"@type":"SearchAction","target":{"@type":"EntryPoint","urlTemplate":"https:\/\/ecosupplements.be\/fr\/?s={search_term_string}"},"query-input":{"@type":"PropertyValueSpecification","valueRequired":true,"valueName":"search_term_string"}}],"inLanguage":"fr-FR"},{"@type":"Organization","@id":"https:\/\/ecosupplements.be\/fr\/#organization","name":"Eco Supplements","url":"https:\/\/ecosupplements.be\/fr\/","logo":{"@type":"ImageObject","inLanguage":"fr-FR","@id":"https:\/\/ecosupplements.be\/fr\/#\/schema\/logo\/image\/","url":"https:\/\/ecosupplements.be\/wp-content\/uploads\/2022\/06\/ecosupplement-family.png","contentUrl":"https:\/\/ecosupplements.be\/wp-content\/uploads\/2022\/06\/ecosupplement-family.png","width":593,"height":374,"caption":"Eco Supplements"},"image":{"@id":"https:\/\/ecosupplements.be\/fr\/#\/schema\/logo\/image\/"}}]},"product_brand":"Doctor's Best","product_price_amount":"18.02","product_price_currency":"EUR","og_availability":"instock","product_availability":"instock","product_retailer_item_id":"753950003163","product_condition":"new"},"_links":{"self":[{"href":"https:\/\/ecosupplements.be\/fr\/wp-json\/wp\/v2\/product\/280549","targetHints":{"allow":["GET"]}}],"collection":[{"href":"https:\/\/ecosupplements.be\/fr\/wp-json\/wp\/v2\/product"}],"about":[{"href":"https:\/\/ecosupplements.be\/fr\/wp-json\/wp\/v2\/types\/product"}],"replies":[{"embeddable":true,"href":"https:\/\/ecosupplements.be\/fr\/wp-json\/wp\/v2\/comments?post=280549"}],"wp:featuredmedia":[{"embeddable":true,"href":"https:\/\/ecosupplements.be\/fr\/wp-json\/wp\/v2\/media\/242885"}],"wp:attachment":[{"href":"https:\/\/ecosupplements.be\/fr\/wp-json\/wp\/v2\/media?parent=280549"}],"wp:term":[{"taxonomy":"product_brand","embeddable":true,"href":"https:\/\/ecosupplements.be\/fr\/wp-json\/wp\/v2\/product_brand?post=280549"},{"taxonomy":"product_cat","embeddable":true,"href":"https:\/\/ecosupplements.be\/fr\/wp-json\/wp\/v2\/product_cat?post=280549"},{"taxonomy":"product_tag","embeddable":true,"href":"https:\/\/ecosupplements.be\/fr\/wp-json\/wp\/v2\/product_tag?post=280549"}],"curies":[{"name":"wp","href":"https:\/\/api.w.org\/{rel}","templated":true}]}}