{"id":280551,"date":"2022-06-28T10:07:48","date_gmt":"2022-06-28T09:07:48","guid":{"rendered":"https:\/\/ecosupplements.be\/product\/betaine-hcl-pepsin-gentiane-bitters-360-caps\/"},"modified":"2025-08-27T10:30:54","modified_gmt":"2025-08-27T09:30:54","slug":"betaine-hcl-pepsin-gentiane-bitters-360-caps","status":"publish","type":"product","link":"https:\/\/ecosupplements.be\/fr\/produit\/betaine-hcl-pepsin-gentiane-bitters-360-caps\/","title":{"rendered":"Betaine HCl Pepsin &#038; Gentiane Bitters &#8211; 360 caps"},"content":{"rendered":"<h1 style=\"text-align: center;\">Doctor&#8217;s Best &#8211; Betaine HCL Pepsin &amp; Gentiane Bitters<\/h1>\n<p>Qu&#8217;est-ce que la Betaine HCl Pepsin &amp; Gentiane Bitters ?<br \/>\nDoctor&#8217;s Best Betaine HCl Pepsin &amp; Gentian Bitters peut soutenir la capacit\u00e9 de digestion de l&#8217;estomac et optimise l&#8217;efficacit\u00e9 de la digestion. La b\u00e9ta\u00efne HCl peut soutenir la capacit\u00e9 de digestion de l&#8217;estomac en diminuant le pH gastrique. La pepsine est une enzyme produite par l&#8217;organisme pour dig\u00e9rer les aliments contenant des prot\u00e9ines dans l&#8217;estomac. La pepsine agit en conjonction avec l&#8217;acide gastrique pour soutenir la digestion des prot\u00e9ines. La gentiane est une herbe utilis\u00e9e pour optimiser la capacit\u00e9 de digestion. Sa nature am\u00e8re peut aider \u00e0 stimuler la production d&#8217;enzymes digestives par l&#8217;organisme.<br \/>\nComment cela fonctionne-t-il ?<br \/>\nLa b\u00e9ta\u00efne HCl est la forme HCl du chlorhydrate de b\u00e9ta\u00efne utilis\u00e9e comme nutriment pour compl\u00e9ter la production propre de l&#8217;estomac d&#8217;acide chlorhydrique, ou acide gastrique. L&#8217;acide gastrique est normalement produit par les cellules pari\u00e9tales de l&#8217;estomac et la fonction de l&#8217;acide gastrique est de d\u00e9composer les aliments qui entrent dans l&#8217;estomac en fragments plus petits et en composants nutritifs. Il a \u00e9t\u00e9 d\u00e9montr\u00e9 que la b\u00e9ta\u00efne HCl abaisse le pH gastrique, ce qui pourrait potentiellement faciliter l&#8217;absorption des nutriments pendant une p\u00e9riode d&#8217;hypochlorhydrie, ou un manque d&#8217;acide gastrique. La gentiane est une herbe originaire de certaines r\u00e9gions d&#8217;Europe et d&#8217;Asie. La racine a \u00e9t\u00e9 largement utilis\u00e9e par les herboristes traditionnels pour soutenir la fonction digestive, en grande partie gr\u00e2ce \u00e0 ses constituants amers. Divers textes traditionnels classent la gentiane comme un tonique amer et un stimulant digestif, en raison de sa capacit\u00e9 \u00e0 favoriser la s\u00e9cr\u00e9tion d&#8217;enzymes digestives. Il a \u00e9t\u00e9 d\u00e9montr\u00e9 que la gentiane stimule les s\u00e9cr\u00e9tions gastriques, ainsi que l&#8217;activit\u00e9 chol\u00e9r\u00e9tique.<br \/>\nPourquoi devrais-je prendre du Betaine HCl Pepsin &amp; Gentian Bitters ?<br \/>\nUne suppl\u00e9mentation avec la combinaison de nutriments et de cofacteurs pr\u00e9sents dans Betaine HCl Pepsin &amp; Gentian Bitters soutient la fonction digestive normale de l&#8217;estomac et peut aider le corps \u00e0 maintenir une absorption efficace des nutriments des aliments que nous mangeons. La gentiane sert \u00e0 stimuler les s\u00e9cr\u00e9tions digestives dans l&#8217;estomac, le pr\u00e9parant \u00e0 dig\u00e9rer les aliments que nous mangeons, tandis que les suppl\u00e9ments de b\u00e9ta\u00efne HCl et de pepsine soutiennent la production inn\u00e9e de ces facteurs digestifs par l&#8217;organisme.<\/p>\n<p><img decoding=\"async\" src=\"https:\/\/ecosupplements.be\/wp-content\/uploads\/2025\/08\/gluten-free-1.png\" title=\"Sans gluten\" alt=\"Gluten free\"><img decoding=\"async\" src=\"https:\/\/ecosupplements.be\/wp-content\/uploads\/2025\/08\/non-gmo-1.png\" title=\"Non-OGM\" alt=\"Non-GMO\"><\/p>\n","protected":false},"excerpt":{"rendered":"<p>Doctor&#8217;s Best &#8211; Betaine HCL Pepsin &amp; Gentiane Bitters Qu&#8217;est-ce que la Betaine HCl Pepsin &amp; Gentiane Bitters ? Doctor&#8217;s Best Betaine HCl Pepsin &amp; Gentian Bitters peut soutenir la capacit\u00e9 de digestion de l&#8217;estomac et optimise l&#8217;efficacit\u00e9 de la digestion. La b\u00e9ta\u00efne HCl peut soutenir la capacit\u00e9 de digestion de l&#8217;estomac en diminuant le [&#8230;]\n","protected":false},"featured_media":242899,"comment_status":"open","ping_status":"open","template":"","meta":[],"product_brand":[4674],"product_cat":[5093,5087,5052,5053],"product_tag":[5071],"class_list":{"0":"post-280551","1":"product","2":"type-product","3":"status-publish","4":"has-post-thumbnail","6":"product_brand-doctors-best-2","7":"product_cat-sante-digestive","8":"product_cat-sante-digestive-fibres","9":"product_cat-sante-et-bien-etre","10":"product_cat-vitamines-et-mineraux","11":"product_tag-ecoplus-2","13":"first","14":"instock","15":"taxable","16":"shipping-taxable","17":"purchasable","18":"product-type-simple"},"yoast_head":"<!-- This site is optimized with the Yoast SEO Premium plugin v27.3 (Yoast SEO v27.3) - https:\/\/yoast.com\/product\/yoast-seo-premium-wordpress\/ -->\n<title>Betaine HCl Pepsin &amp; Gentiane Bitters - 360 caps - ECO Supplements<\/title>\n<meta name=\"description\" content=\"Wij hebben een ruime keuze aan producten van Betaine HCl Pepsin &amp; Gentiane Bitters - 360 caps . Winkel bij Eco Supplements altijd gratis verzending boven 100\u20ac\" \/>\n<meta name=\"robots\" content=\"index, follow, max-snippet:-1, max-image-preview:large, max-video-preview:-1\" \/>\n<link rel=\"canonical\" href=\"https:\/\/ecosupplements.be\/fr\/produit\/betaine-hcl-pepsin-gentiane-bitters-360-caps\/\" \/>\n<meta property=\"og:locale\" content=\"fr_FR\" \/>\n<meta property=\"og:type\" content=\"article\" \/>\n<meta property=\"og:title\" content=\"Betaine HCl Pepsin &amp; Gentiane Bitters - 360 caps\" \/>\n<meta property=\"og:description\" content=\"Wij hebben een ruime keuze aan producten van Betaine HCl Pepsin &amp; Gentiane Bitters - 360 caps . Winkel bij Eco Supplements altijd gratis verzending boven 100\u20ac\" \/>\n<meta property=\"og:url\" content=\"https:\/\/ecosupplements.be\/fr\/produit\/betaine-hcl-pepsin-gentiane-bitters-360-caps\/\" \/>\n<meta property=\"og:site_name\" content=\"ECO Supplements\" \/>\n<meta property=\"article:modified_time\" content=\"2025-08-27T09:30:54+00:00\" \/>\n<meta property=\"og:image\" content=\"https:\/\/ecosupplements.be\/wp-content\/uploads\/2025\/08\/Doctors-Best-Betaine-HCl-Pepsin-Gentian-Bitters-360-caps-2.jpeg\" \/>\n\t<meta property=\"og:image:width\" content=\"500\" \/>\n\t<meta property=\"og:image:height\" content=\"500\" \/>\n\t<meta property=\"og:image:type\" content=\"image\/jpeg\" \/>\n<meta name=\"twitter:card\" content=\"summary_large_image\" \/>\n<meta name=\"twitter:label1\" content=\"Prix\" \/>\n\t<meta name=\"twitter:data1\" content=\"51.54&nbsp;&euro;\" \/>\n\t<meta name=\"twitter:label2\" content=\"Disponibilit\u00e9\" \/>\n\t<meta name=\"twitter:data2\" content=\"En stock\" \/>\n<script type=\"application\/ld+json\" class=\"yoast-schema-graph\">{\"@context\":\"https:\\\/\\\/schema.org\",\"@graph\":[{\"@type\":[\"WebPage\",\"ItemPage\"],\"@id\":\"https:\\\/\\\/ecosupplements.be\\\/fr\\\/produit\\\/betaine-hcl-pepsin-gentiane-bitters-360-caps\\\/\",\"url\":\"https:\\\/\\\/ecosupplements.be\\\/fr\\\/produit\\\/betaine-hcl-pepsin-gentiane-bitters-360-caps\\\/\",\"name\":\"Betaine HCl Pepsin & Gentiane Bitters - 360 caps - ECO Supplements\",\"isPartOf\":{\"@id\":\"https:\\\/\\\/ecosupplements.be\\\/fr\\\/#website\"},\"primaryImageOfPage\":{\"@id\":\"https:\\\/\\\/ecosupplements.be\\\/fr\\\/produit\\\/betaine-hcl-pepsin-gentiane-bitters-360-caps\\\/#primaryimage\"},\"image\":{\"@id\":\"https:\\\/\\\/ecosupplements.be\\\/fr\\\/produit\\\/betaine-hcl-pepsin-gentiane-bitters-360-caps\\\/#primaryimage\"},\"thumbnailUrl\":\"https:\\\/\\\/ecosupplements.be\\\/wp-content\\\/uploads\\\/2025\\\/08\\\/Doctors-Best-Betaine-HCl-Pepsin-Gentian-Bitters-360-caps-2.jpeg\",\"datePublished\":\"2022-06-28T09:07:48+00:00\",\"dateModified\":\"2025-08-27T09:30:54+00:00\",\"description\":\"Wij hebben een ruime keuze aan producten van Betaine HCl Pepsin & Gentiane Bitters - 360 caps . Winkel bij Eco Supplements altijd gratis verzending boven 100\u20ac\",\"breadcrumb\":{\"@id\":\"https:\\\/\\\/ecosupplements.be\\\/fr\\\/produit\\\/betaine-hcl-pepsin-gentiane-bitters-360-caps\\\/#breadcrumb\"},\"inLanguage\":\"fr-FR\",\"potentialAction\":[{\"@type\":\"ReadAction\",\"target\":[\"https:\\\/\\\/ecosupplements.be\\\/fr\\\/produit\\\/betaine-hcl-pepsin-gentiane-bitters-360-caps\\\/\"]}]},{\"@type\":\"ImageObject\",\"inLanguage\":\"fr-FR\",\"@id\":\"https:\\\/\\\/ecosupplements.be\\\/fr\\\/produit\\\/betaine-hcl-pepsin-gentiane-bitters-360-caps\\\/#primaryimage\",\"url\":\"https:\\\/\\\/ecosupplements.be\\\/wp-content\\\/uploads\\\/2025\\\/08\\\/Doctors-Best-Betaine-HCl-Pepsin-Gentian-Bitters-360-caps-2.jpeg\",\"contentUrl\":\"https:\\\/\\\/ecosupplements.be\\\/wp-content\\\/uploads\\\/2025\\\/08\\\/Doctors-Best-Betaine-HCl-Pepsin-Gentian-Bitters-360-caps-2.jpeg\",\"width\":500,\"height\":500},{\"@type\":\"BreadcrumbList\",\"@id\":\"https:\\\/\\\/ecosupplements.be\\\/fr\\\/produit\\\/betaine-hcl-pepsin-gentiane-bitters-360-caps\\\/#breadcrumb\",\"itemListElement\":[{\"@type\":\"ListItem\",\"position\":1,\"name\":\"Home\",\"item\":\"https:\\\/\\\/ecosupplements.be\\\/fr\\\/\"},{\"@type\":\"ListItem\",\"position\":2,\"name\":\"Boutique\",\"item\":\"https:\\\/\\\/ecosupplements.be\\\/fr\\\/boutique\\\/\"},{\"@type\":\"ListItem\",\"position\":3,\"name\":\"Betaine HCl Pepsin &#038; Gentiane Bitters &#8211; 360 caps\"}]},{\"@type\":\"WebSite\",\"@id\":\"https:\\\/\\\/ecosupplements.be\\\/fr\\\/#website\",\"url\":\"https:\\\/\\\/ecosupplements.be\\\/fr\\\/\",\"name\":\"ECO Supplements\",\"description\":\"Eco Supplements - Gezonde supplementen\",\"publisher\":{\"@id\":\"https:\\\/\\\/ecosupplements.be\\\/fr\\\/#organization\"},\"potentialAction\":[{\"@type\":\"SearchAction\",\"target\":{\"@type\":\"EntryPoint\",\"urlTemplate\":\"https:\\\/\\\/ecosupplements.be\\\/fr\\\/?s={search_term_string}\"},\"query-input\":{\"@type\":\"PropertyValueSpecification\",\"valueRequired\":true,\"valueName\":\"search_term_string\"}}],\"inLanguage\":\"fr-FR\"},{\"@type\":\"Organization\",\"@id\":\"https:\\\/\\\/ecosupplements.be\\\/fr\\\/#organization\",\"name\":\"Eco Supplements\",\"url\":\"https:\\\/\\\/ecosupplements.be\\\/fr\\\/\",\"logo\":{\"@type\":\"ImageObject\",\"inLanguage\":\"fr-FR\",\"@id\":\"https:\\\/\\\/ecosupplements.be\\\/fr\\\/#\\\/schema\\\/logo\\\/image\\\/\",\"url\":\"https:\\\/\\\/ecosupplements.be\\\/wp-content\\\/uploads\\\/2022\\\/06\\\/ecosupplement-family.png\",\"contentUrl\":\"https:\\\/\\\/ecosupplements.be\\\/wp-content\\\/uploads\\\/2022\\\/06\\\/ecosupplement-family.png\",\"width\":593,\"height\":374,\"caption\":\"Eco Supplements\"},\"image\":{\"@id\":\"https:\\\/\\\/ecosupplements.be\\\/fr\\\/#\\\/schema\\\/logo\\\/image\\\/\"}}]}<\/script>\n<meta property=\"product:brand\" content=\"Doctor&#039;s Best\" \/>\n<meta property=\"product:price:amount\" content=\"51.54\" \/>\n<meta property=\"product:price:currency\" content=\"EUR\" \/>\n<meta property=\"og:availability\" content=\"instock\" \/>\n<meta property=\"product:availability\" content=\"instock\" \/>\n<meta property=\"product:retailer_item_id\" content=\"753950003156\" \/>\n<meta property=\"product:condition\" content=\"new\" \/>\n<!-- \/ Yoast SEO Premium plugin. -->","yoast_head_json":{"title":"Betaine HCl Pepsin & Gentiane Bitters - 360 caps - ECO Supplements","description":"Wij hebben een ruime keuze aan producten van Betaine HCl Pepsin & Gentiane Bitters - 360 caps . Winkel bij Eco Supplements altijd gratis verzending boven 100\u20ac","robots":{"index":"index","follow":"follow","max-snippet":"max-snippet:-1","max-image-preview":"max-image-preview:large","max-video-preview":"max-video-preview:-1"},"canonical":"https:\/\/ecosupplements.be\/fr\/produit\/betaine-hcl-pepsin-gentiane-bitters-360-caps\/","og_locale":"fr_FR","og_type":"article","og_title":"Betaine HCl Pepsin & Gentiane Bitters - 360 caps","og_description":"Wij hebben een ruime keuze aan producten van Betaine HCl Pepsin & Gentiane Bitters - 360 caps . Winkel bij Eco Supplements altijd gratis verzending boven 100\u20ac","og_url":"https:\/\/ecosupplements.be\/fr\/produit\/betaine-hcl-pepsin-gentiane-bitters-360-caps\/","og_site_name":"ECO Supplements","article_modified_time":"2025-08-27T09:30:54+00:00","og_image":[{"width":500,"height":500,"url":"https:\/\/ecosupplements.be\/wp-content\/uploads\/2025\/08\/Doctors-Best-Betaine-HCl-Pepsin-Gentian-Bitters-360-caps-2.jpeg","type":"image\/jpeg"}],"twitter_card":"summary_large_image","twitter_misc":{"Prix":"51.54&nbsp;&euro;","Disponibilit\u00e9":"En stock"},"schema":{"@context":"https:\/\/schema.org","@graph":[{"@type":["WebPage","ItemPage"],"@id":"https:\/\/ecosupplements.be\/fr\/produit\/betaine-hcl-pepsin-gentiane-bitters-360-caps\/","url":"https:\/\/ecosupplements.be\/fr\/produit\/betaine-hcl-pepsin-gentiane-bitters-360-caps\/","name":"Betaine HCl Pepsin & Gentiane Bitters - 360 caps - ECO Supplements","isPartOf":{"@id":"https:\/\/ecosupplements.be\/fr\/#website"},"primaryImageOfPage":{"@id":"https:\/\/ecosupplements.be\/fr\/produit\/betaine-hcl-pepsin-gentiane-bitters-360-caps\/#primaryimage"},"image":{"@id":"https:\/\/ecosupplements.be\/fr\/produit\/betaine-hcl-pepsin-gentiane-bitters-360-caps\/#primaryimage"},"thumbnailUrl":"https:\/\/ecosupplements.be\/wp-content\/uploads\/2025\/08\/Doctors-Best-Betaine-HCl-Pepsin-Gentian-Bitters-360-caps-2.jpeg","datePublished":"2022-06-28T09:07:48+00:00","dateModified":"2025-08-27T09:30:54+00:00","description":"Wij hebben een ruime keuze aan producten van Betaine HCl Pepsin & Gentiane Bitters - 360 caps . Winkel bij Eco Supplements altijd gratis verzending boven 100\u20ac","breadcrumb":{"@id":"https:\/\/ecosupplements.be\/fr\/produit\/betaine-hcl-pepsin-gentiane-bitters-360-caps\/#breadcrumb"},"inLanguage":"fr-FR","potentialAction":[{"@type":"ReadAction","target":["https:\/\/ecosupplements.be\/fr\/produit\/betaine-hcl-pepsin-gentiane-bitters-360-caps\/"]}]},{"@type":"ImageObject","inLanguage":"fr-FR","@id":"https:\/\/ecosupplements.be\/fr\/produit\/betaine-hcl-pepsin-gentiane-bitters-360-caps\/#primaryimage","url":"https:\/\/ecosupplements.be\/wp-content\/uploads\/2025\/08\/Doctors-Best-Betaine-HCl-Pepsin-Gentian-Bitters-360-caps-2.jpeg","contentUrl":"https:\/\/ecosupplements.be\/wp-content\/uploads\/2025\/08\/Doctors-Best-Betaine-HCl-Pepsin-Gentian-Bitters-360-caps-2.jpeg","width":500,"height":500},{"@type":"BreadcrumbList","@id":"https:\/\/ecosupplements.be\/fr\/produit\/betaine-hcl-pepsin-gentiane-bitters-360-caps\/#breadcrumb","itemListElement":[{"@type":"ListItem","position":1,"name":"Home","item":"https:\/\/ecosupplements.be\/fr\/"},{"@type":"ListItem","position":2,"name":"Boutique","item":"https:\/\/ecosupplements.be\/fr\/boutique\/"},{"@type":"ListItem","position":3,"name":"Betaine HCl Pepsin &#038; Gentiane Bitters &#8211; 360 caps"}]},{"@type":"WebSite","@id":"https:\/\/ecosupplements.be\/fr\/#website","url":"https:\/\/ecosupplements.be\/fr\/","name":"ECO Supplements","description":"Eco Supplements - Gezonde supplementen","publisher":{"@id":"https:\/\/ecosupplements.be\/fr\/#organization"},"potentialAction":[{"@type":"SearchAction","target":{"@type":"EntryPoint","urlTemplate":"https:\/\/ecosupplements.be\/fr\/?s={search_term_string}"},"query-input":{"@type":"PropertyValueSpecification","valueRequired":true,"valueName":"search_term_string"}}],"inLanguage":"fr-FR"},{"@type":"Organization","@id":"https:\/\/ecosupplements.be\/fr\/#organization","name":"Eco Supplements","url":"https:\/\/ecosupplements.be\/fr\/","logo":{"@type":"ImageObject","inLanguage":"fr-FR","@id":"https:\/\/ecosupplements.be\/fr\/#\/schema\/logo\/image\/","url":"https:\/\/ecosupplements.be\/wp-content\/uploads\/2022\/06\/ecosupplement-family.png","contentUrl":"https:\/\/ecosupplements.be\/wp-content\/uploads\/2022\/06\/ecosupplement-family.png","width":593,"height":374,"caption":"Eco Supplements"},"image":{"@id":"https:\/\/ecosupplements.be\/fr\/#\/schema\/logo\/image\/"}}]},"product_brand":"Doctor's Best","product_price_amount":"51.54","product_price_currency":"EUR","og_availability":"instock","product_availability":"instock","product_retailer_item_id":"753950003156","product_condition":"new"},"_links":{"self":[{"href":"https:\/\/ecosupplements.be\/fr\/wp-json\/wp\/v2\/product\/280551","targetHints":{"allow":["GET"]}}],"collection":[{"href":"https:\/\/ecosupplements.be\/fr\/wp-json\/wp\/v2\/product"}],"about":[{"href":"https:\/\/ecosupplements.be\/fr\/wp-json\/wp\/v2\/types\/product"}],"replies":[{"embeddable":true,"href":"https:\/\/ecosupplements.be\/fr\/wp-json\/wp\/v2\/comments?post=280551"}],"wp:featuredmedia":[{"embeddable":true,"href":"https:\/\/ecosupplements.be\/fr\/wp-json\/wp\/v2\/media\/242899"}],"wp:attachment":[{"href":"https:\/\/ecosupplements.be\/fr\/wp-json\/wp\/v2\/media?parent=280551"}],"wp:term":[{"taxonomy":"product_brand","embeddable":true,"href":"https:\/\/ecosupplements.be\/fr\/wp-json\/wp\/v2\/product_brand?post=280551"},{"taxonomy":"product_cat","embeddable":true,"href":"https:\/\/ecosupplements.be\/fr\/wp-json\/wp\/v2\/product_cat?post=280551"},{"taxonomy":"product_tag","embeddable":true,"href":"https:\/\/ecosupplements.be\/fr\/wp-json\/wp\/v2\/product_tag?post=280551"}],"curies":[{"name":"wp","href":"https:\/\/api.w.org\/{rel}","templated":true}]}}