{"id":280552,"date":"2022-06-28T10:07:48","date_gmt":"2022-06-28T09:07:48","guid":{"rendered":"https:\/\/ecosupplements.be\/product\/biotine-5000mcg-120-vcaps-2\/"},"modified":"2025-08-27T10:30:58","modified_gmt":"2025-08-27T09:30:58","slug":"biotine-5000mcg-120-vcaps-2","status":"publish","type":"product","link":"https:\/\/ecosupplements.be\/fr\/produit\/biotine-5000mcg-120-vcaps-2\/","title":{"rendered":"Biotine, 5000mcg &#8211; 120 vcaps"},"content":{"rendered":"<h1 style=\"text-align: center;\">Doctor&#8217;s Best &#8211; Biotine<\/h1>\n<p>Qu&#8217;est-ce que Doctor&#8217;s Best Biotin ?<br \/>\nDoctor&#8217;s Best Biotin fournit une dose ample de la vitamine B biotine qui favorise la sant\u00e9 des cheveux, de la peau et des ongles. Les observations cliniques de la carence en biotine montrent son importance pour le maintien d&#8217;une peau et de cheveux sains, ainsi que pour les syst\u00e8mes immunitaire et nerveux central. Le corps utilise \u00e9galement la biotine pour produire de l&#8217;\u00e9nergie et pour utiliser efficacement les prot\u00e9ines, les glucides et les graisses. Comme le corps ne peut pas fabriquer la biotine, elle doit \u00eatre obtenue \u00e0 partir de l&#8217;alimentation. Des \u00e9tudes cliniques ont r\u00e9v\u00e9l\u00e9 que la suppl\u00e9mentation en biotine contribue \u00e0 am\u00e9liorer les cheveux, la peau et les ongles.<br \/>\nComment cela fonctionne-t-il ?<br \/>\nAu moins sept enzymes humaines ont besoin de biotine pour fonctionner. Cinq d&#8217;entre elles ont la biotine int\u00e9gr\u00e9e dans leur structure en tant que coenzyme, et elles appartiennent toutes \u00e0 la cat\u00e9gorie des carboxylases. La mesure de l&#8217;activit\u00e9 de ces enzymes carboxylases donne une image plus pr\u00e9cise du statut de la biotine dans l&#8217;organisme que la mesure du taux de biotine dans le sang. L&#8217;activit\u00e9 de chaque enzyme carboxylase peut \u00eatre \u00e9valu\u00e9e de mani\u00e8re pratique en mesurant le niveau de son produit final sp\u00e9cifique dans l&#8217;urine. Sur les cinq carboxylases de la biotine connues, trois sont situ\u00e9es dans les mitochondries, les g\u00e9n\u00e9rateurs d&#8217;\u00e9nergie microscopiques \u00e0 l&#8217;int\u00e9rieur de nos cellules. Les carboxylases qui r\u00e9sident dans la mitochondrie aident \u00e0 fabriquer l&#8217;h\u00e8me, une prot\u00e9ine qui contient du fer et qui est essentielle aux fonctions de g\u00e9n\u00e9ration d&#8217;\u00e9nergie de la mitochondrie. Par cons\u00e9quent, une carence en biotine peut alt\u00e9rer le fonctionnement des prot\u00e9ines de l&#8217;h\u00e8me dans la mitochondrie, ce qui peut \u00e0 son tour cr\u00e9er un d\u00e9fi pour la cellule en termes de radicaux libres. La sixi\u00e8me enzyme de la biotine est la biotinidase, qui a pour fonction de lib\u00e9rer la biotine de ses liens avec les prot\u00e9ines ou d&#8217;autres biomol\u00e9cules et de la rendre ainsi disponible pour \u00eatre utilis\u00e9e comme coenzyme de la carboxylase. Les mutations de la biotinidase peuvent r\u00e9duire consid\u00e9rablement l&#8217;absorption de la biotine \u00e0 partir des aliments et contribuer \u00e0 l&#8217;\u00e9puisement des r\u00e9serves de biotine de l&#8217;organisme.<\/p>\n<p><img decoding=\"async\" src=\"https:\/\/ecosupplements.be\/wp-content\/uploads\/2025\/08\/gluten-free-1.png\" title=\"Sans gluten\" alt=\"Gluten free\"><img decoding=\"async\" src=\"https:\/\/ecosupplements.be\/wp-content\/uploads\/2025\/08\/non-gmo-1.png\" title=\"Non-OGM\" alt=\"Non-GMO\"><img decoding=\"async\" src=\"https:\/\/ecosupplements.be\/wp-content\/uploads\/2025\/08\/vegan-1.png\" title=\"Vegan\" alt=\"Vegan\"><img decoding=\"async\" src=\"https:\/\/ecosupplements.be\/wp-content\/uploads\/2025\/08\/vegetarian-1.png\" title=\"V\u00e9g\u00e9tarien\" alt=\"Vegetarian\"><\/p>\n","protected":false},"excerpt":{"rendered":"<p>Doctor&#8217;s Best &#8211; Biotine Qu&#8217;est-ce que Doctor&#8217;s Best Biotin ? Doctor&#8217;s Best Biotin fournit une dose ample de la vitamine B biotine qui favorise la sant\u00e9 des cheveux, de la peau et des ongles. Les observations cliniques de la carence en biotine montrent son importance pour le maintien d&#8217;une peau et de cheveux sains, ainsi [&#8230;]\n","protected":false},"featured_media":242906,"comment_status":"open","ping_status":"open","template":"","meta":[],"product_brand":[4674],"product_cat":[5092,5090,5089,5052,5113,5053,5059],"product_tag":[],"class_list":{"0":"post-280552","1":"product","2":"type-product","3":"status-publish","4":"has-post-thumbnail","6":"product_brand-doctors-best-2","7":"product_cat-biotine-vitamines-simples","8":"product_cat-cheveux-et-ongles","9":"product_cat-complements-alimentaires-pour-femmes","10":"product_cat-sante-et-bien-etre","11":"product_cat-supplements-pour-les-femmes","12":"product_cat-vitamines-et-mineraux","13":"product_cat-vitamines-simples","15":"first","16":"instock","17":"taxable","18":"shipping-taxable","19":"purchasable","20":"product-type-simple"},"yoast_head":"<!-- This site is optimized with the Yoast SEO Premium plugin v27.3 (Yoast SEO v27.3) - https:\/\/yoast.com\/product\/yoast-seo-premium-wordpress\/ -->\n<title>Biotine, 5000mcg - 120 vcaps - ECO Supplements<\/title>\n<meta name=\"description\" content=\"Wij hebben een ruime keuze aan producten van Biotine, 5000mcg - 120 vcaps . Winkel bij Eco Supplements altijd gratis verzending boven 100\u20ac\" \/>\n<meta name=\"robots\" content=\"index, follow, max-snippet:-1, max-image-preview:large, max-video-preview:-1\" \/>\n<link rel=\"canonical\" href=\"https:\/\/ecosupplements.be\/fr\/produit\/biotine-5000mcg-120-vcaps-2\/\" \/>\n<meta property=\"og:locale\" content=\"fr_FR\" \/>\n<meta property=\"og:type\" content=\"article\" \/>\n<meta property=\"og:title\" content=\"Biotine, 5000mcg - 120 vcaps\" \/>\n<meta property=\"og:description\" content=\"Wij hebben een ruime keuze aan producten van Biotine, 5000mcg - 120 vcaps . Winkel bij Eco Supplements altijd gratis verzending boven 100\u20ac\" \/>\n<meta property=\"og:url\" content=\"https:\/\/ecosupplements.be\/fr\/produit\/biotine-5000mcg-120-vcaps-2\/\" \/>\n<meta property=\"og:site_name\" content=\"ECO Supplements\" \/>\n<meta property=\"article:modified_time\" content=\"2025-08-27T09:30:58+00:00\" \/>\n<meta property=\"og:image\" content=\"https:\/\/ecosupplements.be\/wp-content\/uploads\/2025\/08\/Doctors-Best-Biotin-5000mcg-120-vcaps-2.jpeg\" \/>\n\t<meta property=\"og:image:width\" content=\"500\" \/>\n\t<meta property=\"og:image:height\" content=\"500\" \/>\n\t<meta property=\"og:image:type\" content=\"image\/jpeg\" \/>\n<meta name=\"twitter:card\" content=\"summary_large_image\" \/>\n<meta name=\"twitter:label1\" content=\"Prix\" \/>\n\t<meta name=\"twitter:data1\" content=\"17.30&nbsp;&euro;\" \/>\n\t<meta name=\"twitter:label2\" content=\"Disponibilit\u00e9\" \/>\n\t<meta name=\"twitter:data2\" content=\"En stock\" \/>\n<script type=\"application\/ld+json\" class=\"yoast-schema-graph\">{\"@context\":\"https:\\\/\\\/schema.org\",\"@graph\":[{\"@type\":[\"WebPage\",\"ItemPage\"],\"@id\":\"https:\\\/\\\/ecosupplements.be\\\/fr\\\/produit\\\/biotine-5000mcg-120-vcaps-2\\\/\",\"url\":\"https:\\\/\\\/ecosupplements.be\\\/fr\\\/produit\\\/biotine-5000mcg-120-vcaps-2\\\/\",\"name\":\"Biotine, 5000mcg - 120 vcaps - ECO Supplements\",\"isPartOf\":{\"@id\":\"https:\\\/\\\/ecosupplements.be\\\/fr\\\/#website\"},\"primaryImageOfPage\":{\"@id\":\"https:\\\/\\\/ecosupplements.be\\\/fr\\\/produit\\\/biotine-5000mcg-120-vcaps-2\\\/#primaryimage\"},\"image\":{\"@id\":\"https:\\\/\\\/ecosupplements.be\\\/fr\\\/produit\\\/biotine-5000mcg-120-vcaps-2\\\/#primaryimage\"},\"thumbnailUrl\":\"https:\\\/\\\/ecosupplements.be\\\/wp-content\\\/uploads\\\/2025\\\/08\\\/Doctors-Best-Biotin-5000mcg-120-vcaps-2.jpeg\",\"datePublished\":\"2022-06-28T09:07:48+00:00\",\"dateModified\":\"2025-08-27T09:30:58+00:00\",\"description\":\"Wij hebben een ruime keuze aan producten van Biotine, 5000mcg - 120 vcaps . Winkel bij Eco Supplements altijd gratis verzending boven 100\u20ac\",\"breadcrumb\":{\"@id\":\"https:\\\/\\\/ecosupplements.be\\\/fr\\\/produit\\\/biotine-5000mcg-120-vcaps-2\\\/#breadcrumb\"},\"inLanguage\":\"fr-FR\",\"potentialAction\":[{\"@type\":\"ReadAction\",\"target\":[\"https:\\\/\\\/ecosupplements.be\\\/fr\\\/produit\\\/biotine-5000mcg-120-vcaps-2\\\/\"]}]},{\"@type\":\"ImageObject\",\"inLanguage\":\"fr-FR\",\"@id\":\"https:\\\/\\\/ecosupplements.be\\\/fr\\\/produit\\\/biotine-5000mcg-120-vcaps-2\\\/#primaryimage\",\"url\":\"https:\\\/\\\/ecosupplements.be\\\/wp-content\\\/uploads\\\/2025\\\/08\\\/Doctors-Best-Biotin-5000mcg-120-vcaps-2.jpeg\",\"contentUrl\":\"https:\\\/\\\/ecosupplements.be\\\/wp-content\\\/uploads\\\/2025\\\/08\\\/Doctors-Best-Biotin-5000mcg-120-vcaps-2.jpeg\",\"width\":500,\"height\":500},{\"@type\":\"BreadcrumbList\",\"@id\":\"https:\\\/\\\/ecosupplements.be\\\/fr\\\/produit\\\/biotine-5000mcg-120-vcaps-2\\\/#breadcrumb\",\"itemListElement\":[{\"@type\":\"ListItem\",\"position\":1,\"name\":\"Home\",\"item\":\"https:\\\/\\\/ecosupplements.be\\\/fr\\\/\"},{\"@type\":\"ListItem\",\"position\":2,\"name\":\"Boutique\",\"item\":\"https:\\\/\\\/ecosupplements.be\\\/fr\\\/boutique\\\/\"},{\"@type\":\"ListItem\",\"position\":3,\"name\":\"Biotine, 5000mcg &#8211; 120 vcaps\"}]},{\"@type\":\"WebSite\",\"@id\":\"https:\\\/\\\/ecosupplements.be\\\/fr\\\/#website\",\"url\":\"https:\\\/\\\/ecosupplements.be\\\/fr\\\/\",\"name\":\"ECO Supplements\",\"description\":\"Eco Supplements - Gezonde supplementen\",\"publisher\":{\"@id\":\"https:\\\/\\\/ecosupplements.be\\\/fr\\\/#organization\"},\"potentialAction\":[{\"@type\":\"SearchAction\",\"target\":{\"@type\":\"EntryPoint\",\"urlTemplate\":\"https:\\\/\\\/ecosupplements.be\\\/fr\\\/?s={search_term_string}\"},\"query-input\":{\"@type\":\"PropertyValueSpecification\",\"valueRequired\":true,\"valueName\":\"search_term_string\"}}],\"inLanguage\":\"fr-FR\"},{\"@type\":\"Organization\",\"@id\":\"https:\\\/\\\/ecosupplements.be\\\/fr\\\/#organization\",\"name\":\"Eco Supplements\",\"url\":\"https:\\\/\\\/ecosupplements.be\\\/fr\\\/\",\"logo\":{\"@type\":\"ImageObject\",\"inLanguage\":\"fr-FR\",\"@id\":\"https:\\\/\\\/ecosupplements.be\\\/fr\\\/#\\\/schema\\\/logo\\\/image\\\/\",\"url\":\"https:\\\/\\\/ecosupplements.be\\\/wp-content\\\/uploads\\\/2022\\\/06\\\/ecosupplement-family.png\",\"contentUrl\":\"https:\\\/\\\/ecosupplements.be\\\/wp-content\\\/uploads\\\/2022\\\/06\\\/ecosupplement-family.png\",\"width\":593,\"height\":374,\"caption\":\"Eco Supplements\"},\"image\":{\"@id\":\"https:\\\/\\\/ecosupplements.be\\\/fr\\\/#\\\/schema\\\/logo\\\/image\\\/\"}}]}<\/script>\n<meta property=\"product:brand\" content=\"Doctor&#039;s Best\" \/>\n<meta property=\"product:price:amount\" content=\"17.30\" \/>\n<meta property=\"product:price:currency\" content=\"EUR\" \/>\n<meta property=\"og:availability\" content=\"instock\" \/>\n<meta property=\"product:availability\" content=\"instock\" \/>\n<meta property=\"product:retailer_item_id\" content=\"753950003019\" \/>\n<meta property=\"product:condition\" content=\"new\" \/>\n<!-- \/ Yoast SEO Premium plugin. -->","yoast_head_json":{"title":"Biotine, 5000mcg - 120 vcaps - ECO Supplements","description":"Wij hebben een ruime keuze aan producten van Biotine, 5000mcg - 120 vcaps . Winkel bij Eco Supplements altijd gratis verzending boven 100\u20ac","robots":{"index":"index","follow":"follow","max-snippet":"max-snippet:-1","max-image-preview":"max-image-preview:large","max-video-preview":"max-video-preview:-1"},"canonical":"https:\/\/ecosupplements.be\/fr\/produit\/biotine-5000mcg-120-vcaps-2\/","og_locale":"fr_FR","og_type":"article","og_title":"Biotine, 5000mcg - 120 vcaps","og_description":"Wij hebben een ruime keuze aan producten van Biotine, 5000mcg - 120 vcaps . Winkel bij Eco Supplements altijd gratis verzending boven 100\u20ac","og_url":"https:\/\/ecosupplements.be\/fr\/produit\/biotine-5000mcg-120-vcaps-2\/","og_site_name":"ECO Supplements","article_modified_time":"2025-08-27T09:30:58+00:00","og_image":[{"width":500,"height":500,"url":"https:\/\/ecosupplements.be\/wp-content\/uploads\/2025\/08\/Doctors-Best-Biotin-5000mcg-120-vcaps-2.jpeg","type":"image\/jpeg"}],"twitter_card":"summary_large_image","twitter_misc":{"Prix":"17.30&nbsp;&euro;","Disponibilit\u00e9":"En stock"},"schema":{"@context":"https:\/\/schema.org","@graph":[{"@type":["WebPage","ItemPage"],"@id":"https:\/\/ecosupplements.be\/fr\/produit\/biotine-5000mcg-120-vcaps-2\/","url":"https:\/\/ecosupplements.be\/fr\/produit\/biotine-5000mcg-120-vcaps-2\/","name":"Biotine, 5000mcg - 120 vcaps - ECO Supplements","isPartOf":{"@id":"https:\/\/ecosupplements.be\/fr\/#website"},"primaryImageOfPage":{"@id":"https:\/\/ecosupplements.be\/fr\/produit\/biotine-5000mcg-120-vcaps-2\/#primaryimage"},"image":{"@id":"https:\/\/ecosupplements.be\/fr\/produit\/biotine-5000mcg-120-vcaps-2\/#primaryimage"},"thumbnailUrl":"https:\/\/ecosupplements.be\/wp-content\/uploads\/2025\/08\/Doctors-Best-Biotin-5000mcg-120-vcaps-2.jpeg","datePublished":"2022-06-28T09:07:48+00:00","dateModified":"2025-08-27T09:30:58+00:00","description":"Wij hebben een ruime keuze aan producten van Biotine, 5000mcg - 120 vcaps . Winkel bij Eco Supplements altijd gratis verzending boven 100\u20ac","breadcrumb":{"@id":"https:\/\/ecosupplements.be\/fr\/produit\/biotine-5000mcg-120-vcaps-2\/#breadcrumb"},"inLanguage":"fr-FR","potentialAction":[{"@type":"ReadAction","target":["https:\/\/ecosupplements.be\/fr\/produit\/biotine-5000mcg-120-vcaps-2\/"]}]},{"@type":"ImageObject","inLanguage":"fr-FR","@id":"https:\/\/ecosupplements.be\/fr\/produit\/biotine-5000mcg-120-vcaps-2\/#primaryimage","url":"https:\/\/ecosupplements.be\/wp-content\/uploads\/2025\/08\/Doctors-Best-Biotin-5000mcg-120-vcaps-2.jpeg","contentUrl":"https:\/\/ecosupplements.be\/wp-content\/uploads\/2025\/08\/Doctors-Best-Biotin-5000mcg-120-vcaps-2.jpeg","width":500,"height":500},{"@type":"BreadcrumbList","@id":"https:\/\/ecosupplements.be\/fr\/produit\/biotine-5000mcg-120-vcaps-2\/#breadcrumb","itemListElement":[{"@type":"ListItem","position":1,"name":"Home","item":"https:\/\/ecosupplements.be\/fr\/"},{"@type":"ListItem","position":2,"name":"Boutique","item":"https:\/\/ecosupplements.be\/fr\/boutique\/"},{"@type":"ListItem","position":3,"name":"Biotine, 5000mcg &#8211; 120 vcaps"}]},{"@type":"WebSite","@id":"https:\/\/ecosupplements.be\/fr\/#website","url":"https:\/\/ecosupplements.be\/fr\/","name":"ECO Supplements","description":"Eco Supplements - Gezonde supplementen","publisher":{"@id":"https:\/\/ecosupplements.be\/fr\/#organization"},"potentialAction":[{"@type":"SearchAction","target":{"@type":"EntryPoint","urlTemplate":"https:\/\/ecosupplements.be\/fr\/?s={search_term_string}"},"query-input":{"@type":"PropertyValueSpecification","valueRequired":true,"valueName":"search_term_string"}}],"inLanguage":"fr-FR"},{"@type":"Organization","@id":"https:\/\/ecosupplements.be\/fr\/#organization","name":"Eco Supplements","url":"https:\/\/ecosupplements.be\/fr\/","logo":{"@type":"ImageObject","inLanguage":"fr-FR","@id":"https:\/\/ecosupplements.be\/fr\/#\/schema\/logo\/image\/","url":"https:\/\/ecosupplements.be\/wp-content\/uploads\/2022\/06\/ecosupplement-family.png","contentUrl":"https:\/\/ecosupplements.be\/wp-content\/uploads\/2022\/06\/ecosupplement-family.png","width":593,"height":374,"caption":"Eco Supplements"},"image":{"@id":"https:\/\/ecosupplements.be\/fr\/#\/schema\/logo\/image\/"}}]},"product_brand":"Doctor's Best","product_price_amount":"17.30","product_price_currency":"EUR","og_availability":"instock","product_availability":"instock","product_retailer_item_id":"753950003019","product_condition":"new"},"_links":{"self":[{"href":"https:\/\/ecosupplements.be\/fr\/wp-json\/wp\/v2\/product\/280552","targetHints":{"allow":["GET"]}}],"collection":[{"href":"https:\/\/ecosupplements.be\/fr\/wp-json\/wp\/v2\/product"}],"about":[{"href":"https:\/\/ecosupplements.be\/fr\/wp-json\/wp\/v2\/types\/product"}],"replies":[{"embeddable":true,"href":"https:\/\/ecosupplements.be\/fr\/wp-json\/wp\/v2\/comments?post=280552"}],"wp:featuredmedia":[{"embeddable":true,"href":"https:\/\/ecosupplements.be\/fr\/wp-json\/wp\/v2\/media\/242906"}],"wp:attachment":[{"href":"https:\/\/ecosupplements.be\/fr\/wp-json\/wp\/v2\/media?parent=280552"}],"wp:term":[{"taxonomy":"product_brand","embeddable":true,"href":"https:\/\/ecosupplements.be\/fr\/wp-json\/wp\/v2\/product_brand?post=280552"},{"taxonomy":"product_cat","embeddable":true,"href":"https:\/\/ecosupplements.be\/fr\/wp-json\/wp\/v2\/product_cat?post=280552"},{"taxonomy":"product_tag","embeddable":true,"href":"https:\/\/ecosupplements.be\/fr\/wp-json\/wp\/v2\/product_tag?post=280552"}],"curies":[{"name":"wp","href":"https:\/\/api.w.org\/{rel}","templated":true}]}}