{"id":280555,"date":"2022-06-28T10:07:58","date_gmt":"2022-06-28T09:07:58","guid":{"rendered":"https:\/\/ecosupplements.be\/product\/calcium-bone-maker-complex-avec-mchcal-180-gelules\/"},"modified":"2025-08-27T10:31:10","modified_gmt":"2025-08-27T09:31:10","slug":"calcium-bone-maker-complex-avec-mchcal-180-gelules","status":"publish","type":"product","link":"https:\/\/ecosupplements.be\/fr\/produit\/calcium-bone-maker-complex-avec-mchcal-180-gelules\/","title":{"rendered":"Calcium Bone Maker Complex avec MCHCal &#8211; 180 g\u00e9lules"},"content":{"rendered":"<h1 style=\"text-align: center;\">Doctor&#8217;s Best &#8211; Complexe de calcium pour les os avec MCHCal<\/h1>\n<p>Qu&#8217;est-ce que le Doctor&#8217;s Best Calcium Bone Maker ?<br \/>\nDoctor&#8217;s Best Calcium Bone Maker Complex favorise la sant\u00e9 squelettique, musculaire et g\u00e9n\u00e9rale. Le Calcium Bone Maker Complex comprend un spectre de nutriments pour favoriser le maintien d&#8217;os sains. Il comprend du calcium et de la vitamine D pour maintenir efficacement la solidit\u00e9 des os, ainsi que de la vitamine K2 bioactive (sous forme de MK-7) pour aider \u00e0 la gestion du calcium osseux. L&#8217;os est un tissu vivant et, en tant que tel, il a besoin d&#8217;une nutrition ad\u00e9quate pour maintenir un bon \u00e9tat de sant\u00e9. Cette formule fournit des nutriments osseux cl\u00e9s sous leurs formes les plus bioactives.<br \/>\nComment cela fonctionne-t-il ?<br \/>\nL&#8217;os enti\u00e8rement form\u00e9 est une matrice de tissu conjonctif infiltr\u00e9e de cristaux microscopiques d&#8217;hydroxyapatite de calcium qui lui conf\u00e8rent une r\u00e9sistance m\u00e9canique consid\u00e9rable. Le processus de d\u00e9p\u00f4t de calcium ne peut se produire que lorsqu&#8217;une matrice osseuse est en place pour l&#8217;accepter. Cette matrice osseuse est analogue \u00e0 une grille de barres d&#8217;acier sur laquelle on coule du b\u00e9ton &#8211; le cadre de soutien fourni par la matrice am\u00e9liore la rigidit\u00e9 tout en rendant les os moins susceptibles de se fracturer. La structure de la matrice osseuse est principalement un r\u00e9seau de grandes mol\u00e9cules fibreuses de collag\u00e8ne. Le complexe Calcium Bone Maker fournit un r\u00e9seau de collag\u00e8ne semi-assembl\u00e9 de composition tr\u00e8s similaire, sous la forme du complexe d&#8217;hydroxyapatite microcristalline Ossein. Cet extrait osseux pr\u00e9par\u00e9 biologiquement comprend du collag\u00e8ne et les autres prot\u00e9ines de la matrice osseuse, ainsi que des facteurs de croissance osseuse (petites prot\u00e9ines qui favorisent la croissance et le renouvellement osseux. Le calcium du complexe Calcium Bone Maker est fourni sous la forme hautement biodisponible de l&#8217;hydroxyapatite microcristalline. Cette formule fournit \u00e9galement d&#8217;autres oligo-\u00e9l\u00e9ments impliqu\u00e9s dans la formation de la matrice osseuse. Le zinc est largement requis pour la transcription de l&#8217;ADN en ARN, et pour la traduction de l&#8217;ARN en nouvelles prot\u00e9ines osseuses. Le cuivre est un cofacteur essentiel pour l&#8217;enzyme qui aide \u00e0 r\u00e9ticuler le collag\u00e8ne dans la matrice de formation. Le mangan\u00e8se est requis par les enzymes qui fabriquent les glycoprot\u00e9ines de la matrice. Le magn\u00e9sium est fourni car le m\u00e9tabolisme du magn\u00e9sium est tr\u00e8s \u00e9troitement li\u00e9 \u00e0 celui du calcium. Cette formule est conforme au &#8220;rapport calcium-magn\u00e9sium&#8221; alimentaire largement recommand\u00e9 de 2:1 calcium : magn\u00e9sium. Calcium Bone Maker Complex comprend \u00e9galement de la vitamine D car il est devenu \u00e9vident que prendre des suppl\u00e9ments de calcium sans avoir suffisamment de vitamine D dans le sang n&#8217;am\u00e9liorera pas la sant\u00e9 des os ; la vitamine D contr\u00f4le l&#8217;utilisation du calcium. La suffisance de vitamine D am\u00e9liore \u00e9galement l&#8217;absorption du calcium. La carence en vitamine D est un probl\u00e8me de sant\u00e9 publique majeur dans le monde entier. Parmi les adultes am\u00e9ricains \u00e2g\u00e9s de plus de 65 ans, quelque 40-100% pr\u00e9sentent une insuffisance de vitamine D.<\/p>\n<p><img decoding=\"async\" src=\"https:\/\/ecosupplements.be\/wp-content\/uploads\/2025\/08\/gluten-free-1.png\" title=\"Sans gluten\" alt=\"Gluten free\"><img decoding=\"async\" src=\"https:\/\/ecosupplements.be\/wp-content\/uploads\/2025\/08\/non-gmo-1.png\" title=\"Non-OGM\" alt=\"Non-GMO\"><\/p>\n","protected":false},"excerpt":{"rendered":"<p>Doctor&#8217;s Best &#8211; Complexe de calcium pour les os avec MCHCal Qu&#8217;est-ce que le Doctor&#8217;s Best Calcium Bone Maker ? Doctor&#8217;s Best Calcium Bone Maker Complex favorise la sant\u00e9 squelettique, musculaire et g\u00e9n\u00e9rale. Le Calcium Bone Maker Complex comprend un spectre de nutriments pour favoriser le maintien d&#8217;os sains. Il comprend du calcium et de [&#8230;]\n","protected":false},"featured_media":242923,"comment_status":"open","ping_status":"open","template":"","meta":[],"product_brand":[4674],"product_cat":[5065,5146,5147,5064,5052,5053],"product_tag":[5069],"class_list":{"0":"post-280555","1":"product","2":"type-product","3":"status-publish","4":"has-post-thumbnail","6":"product_brand-doctors-best-2","7":"product_cat-calcium-mineraux-simples","8":"product_cat-des-os-en-bonne-sante","9":"product_cat-des-os-sains","10":"product_cat-mineraux-simples","11":"product_cat-sante-et-bien-etre","12":"product_cat-vitamines-et-mineraux","13":"product_tag-topeco-2","15":"first","16":"instock","17":"taxable","18":"shipping-taxable","19":"purchasable","20":"product-type-simple"},"yoast_head":"<!-- This site is optimized with the Yoast SEO Premium plugin v27.3 (Yoast SEO v27.3) - https:\/\/yoast.com\/product\/yoast-seo-premium-wordpress\/ -->\n<title>Calcium Bone Maker Complex avec MCHCal - 180 g\u00e9lules - ECO Supplements<\/title>\n<meta name=\"description\" content=\"Wij hebben een ruime keuze aan producten van Calcium Bone Maker Complex avec MCHCal - 180 g\u00e9lules . Winkel bij Eco Supplements altijd gratis verzending boven 100\u20ac\" \/>\n<meta name=\"robots\" content=\"index, follow, max-snippet:-1, max-image-preview:large, max-video-preview:-1\" \/>\n<link rel=\"canonical\" href=\"https:\/\/ecosupplements.be\/fr\/produit\/calcium-bone-maker-complex-avec-mchcal-180-gelules\/\" \/>\n<meta property=\"og:locale\" content=\"fr_FR\" \/>\n<meta property=\"og:type\" content=\"article\" \/>\n<meta property=\"og:title\" content=\"Calcium Bone Maker Complex avec MCHCal - 180 g\u00e9lules\" \/>\n<meta property=\"og:description\" content=\"Wij hebben een ruime keuze aan producten van Calcium Bone Maker Complex avec MCHCal - 180 g\u00e9lules . Winkel bij Eco Supplements altijd gratis verzending boven 100\u20ac\" \/>\n<meta property=\"og:url\" content=\"https:\/\/ecosupplements.be\/fr\/produit\/calcium-bone-maker-complex-avec-mchcal-180-gelules\/\" \/>\n<meta property=\"og:site_name\" content=\"ECO Supplements\" \/>\n<meta property=\"article:modified_time\" content=\"2025-08-27T09:31:10+00:00\" \/>\n<meta property=\"og:image\" content=\"https:\/\/ecosupplements.be\/wp-content\/uploads\/2025\/08\/Doctors-Best-Calcium-Bone-Maker-Complex-with-MCHCal-180-caps-2.jpeg\" \/>\n\t<meta property=\"og:image:width\" content=\"500\" \/>\n\t<meta property=\"og:image:height\" content=\"500\" \/>\n\t<meta property=\"og:image:type\" content=\"image\/jpeg\" \/>\n<meta name=\"twitter:card\" content=\"summary_large_image\" \/>\n<meta name=\"twitter:label1\" content=\"Prix\" \/>\n\t<meta name=\"twitter:data1\" content=\"32.33&nbsp;&euro;\" \/>\n\t<meta name=\"twitter:label2\" content=\"Disponibilit\u00e9\" \/>\n\t<meta name=\"twitter:data2\" content=\"En stock\" \/>\n<script type=\"application\/ld+json\" class=\"yoast-schema-graph\">{\"@context\":\"https:\\\/\\\/schema.org\",\"@graph\":[{\"@type\":[\"WebPage\",\"ItemPage\"],\"@id\":\"https:\\\/\\\/ecosupplements.be\\\/fr\\\/produit\\\/calcium-bone-maker-complex-avec-mchcal-180-gelules\\\/\",\"url\":\"https:\\\/\\\/ecosupplements.be\\\/fr\\\/produit\\\/calcium-bone-maker-complex-avec-mchcal-180-gelules\\\/\",\"name\":\"Calcium Bone Maker Complex avec MCHCal - 180 g\u00e9lules - ECO Supplements\",\"isPartOf\":{\"@id\":\"https:\\\/\\\/ecosupplements.be\\\/fr\\\/#website\"},\"primaryImageOfPage\":{\"@id\":\"https:\\\/\\\/ecosupplements.be\\\/fr\\\/produit\\\/calcium-bone-maker-complex-avec-mchcal-180-gelules\\\/#primaryimage\"},\"image\":{\"@id\":\"https:\\\/\\\/ecosupplements.be\\\/fr\\\/produit\\\/calcium-bone-maker-complex-avec-mchcal-180-gelules\\\/#primaryimage\"},\"thumbnailUrl\":\"https:\\\/\\\/ecosupplements.be\\\/wp-content\\\/uploads\\\/2025\\\/08\\\/Doctors-Best-Calcium-Bone-Maker-Complex-with-MCHCal-180-caps-2.jpeg\",\"datePublished\":\"2022-06-28T09:07:58+00:00\",\"dateModified\":\"2025-08-27T09:31:10+00:00\",\"description\":\"Wij hebben een ruime keuze aan producten van Calcium Bone Maker Complex avec MCHCal - 180 g\u00e9lules . Winkel bij Eco Supplements altijd gratis verzending boven 100\u20ac\",\"breadcrumb\":{\"@id\":\"https:\\\/\\\/ecosupplements.be\\\/fr\\\/produit\\\/calcium-bone-maker-complex-avec-mchcal-180-gelules\\\/#breadcrumb\"},\"inLanguage\":\"fr-FR\",\"potentialAction\":[{\"@type\":\"ReadAction\",\"target\":[\"https:\\\/\\\/ecosupplements.be\\\/fr\\\/produit\\\/calcium-bone-maker-complex-avec-mchcal-180-gelules\\\/\"]}]},{\"@type\":\"ImageObject\",\"inLanguage\":\"fr-FR\",\"@id\":\"https:\\\/\\\/ecosupplements.be\\\/fr\\\/produit\\\/calcium-bone-maker-complex-avec-mchcal-180-gelules\\\/#primaryimage\",\"url\":\"https:\\\/\\\/ecosupplements.be\\\/wp-content\\\/uploads\\\/2025\\\/08\\\/Doctors-Best-Calcium-Bone-Maker-Complex-with-MCHCal-180-caps-2.jpeg\",\"contentUrl\":\"https:\\\/\\\/ecosupplements.be\\\/wp-content\\\/uploads\\\/2025\\\/08\\\/Doctors-Best-Calcium-Bone-Maker-Complex-with-MCHCal-180-caps-2.jpeg\",\"width\":500,\"height\":500},{\"@type\":\"BreadcrumbList\",\"@id\":\"https:\\\/\\\/ecosupplements.be\\\/fr\\\/produit\\\/calcium-bone-maker-complex-avec-mchcal-180-gelules\\\/#breadcrumb\",\"itemListElement\":[{\"@type\":\"ListItem\",\"position\":1,\"name\":\"Home\",\"item\":\"https:\\\/\\\/ecosupplements.be\\\/fr\\\/\"},{\"@type\":\"ListItem\",\"position\":2,\"name\":\"Boutique\",\"item\":\"https:\\\/\\\/ecosupplements.be\\\/fr\\\/boutique\\\/\"},{\"@type\":\"ListItem\",\"position\":3,\"name\":\"Calcium Bone Maker Complex avec MCHCal &#8211; 180 g\u00e9lules\"}]},{\"@type\":\"WebSite\",\"@id\":\"https:\\\/\\\/ecosupplements.be\\\/fr\\\/#website\",\"url\":\"https:\\\/\\\/ecosupplements.be\\\/fr\\\/\",\"name\":\"ECO Supplements\",\"description\":\"Eco Supplements - Gezonde supplementen\",\"publisher\":{\"@id\":\"https:\\\/\\\/ecosupplements.be\\\/fr\\\/#organization\"},\"potentialAction\":[{\"@type\":\"SearchAction\",\"target\":{\"@type\":\"EntryPoint\",\"urlTemplate\":\"https:\\\/\\\/ecosupplements.be\\\/fr\\\/?s={search_term_string}\"},\"query-input\":{\"@type\":\"PropertyValueSpecification\",\"valueRequired\":true,\"valueName\":\"search_term_string\"}}],\"inLanguage\":\"fr-FR\"},{\"@type\":\"Organization\",\"@id\":\"https:\\\/\\\/ecosupplements.be\\\/fr\\\/#organization\",\"name\":\"Eco Supplements\",\"url\":\"https:\\\/\\\/ecosupplements.be\\\/fr\\\/\",\"logo\":{\"@type\":\"ImageObject\",\"inLanguage\":\"fr-FR\",\"@id\":\"https:\\\/\\\/ecosupplements.be\\\/fr\\\/#\\\/schema\\\/logo\\\/image\\\/\",\"url\":\"https:\\\/\\\/ecosupplements.be\\\/wp-content\\\/uploads\\\/2022\\\/06\\\/ecosupplement-family.png\",\"contentUrl\":\"https:\\\/\\\/ecosupplements.be\\\/wp-content\\\/uploads\\\/2022\\\/06\\\/ecosupplement-family.png\",\"width\":593,\"height\":374,\"caption\":\"Eco Supplements\"},\"image\":{\"@id\":\"https:\\\/\\\/ecosupplements.be\\\/fr\\\/#\\\/schema\\\/logo\\\/image\\\/\"}}]}<\/script>\n<meta property=\"product:brand\" content=\"Doctor&#039;s Best\" \/>\n<meta property=\"product:price:amount\" content=\"32.33\" \/>\n<meta property=\"product:price:currency\" content=\"EUR\" \/>\n<meta property=\"og:availability\" content=\"instock\" \/>\n<meta property=\"product:availability\" content=\"instock\" \/>\n<meta property=\"product:retailer_item_id\" content=\"753950002456\" \/>\n<meta property=\"product:condition\" content=\"new\" \/>\n<!-- \/ Yoast SEO Premium plugin. -->","yoast_head_json":{"title":"Calcium Bone Maker Complex avec MCHCal - 180 g\u00e9lules - ECO Supplements","description":"Wij hebben een ruime keuze aan producten van Calcium Bone Maker Complex avec MCHCal - 180 g\u00e9lules . Winkel bij Eco Supplements altijd gratis verzending boven 100\u20ac","robots":{"index":"index","follow":"follow","max-snippet":"max-snippet:-1","max-image-preview":"max-image-preview:large","max-video-preview":"max-video-preview:-1"},"canonical":"https:\/\/ecosupplements.be\/fr\/produit\/calcium-bone-maker-complex-avec-mchcal-180-gelules\/","og_locale":"fr_FR","og_type":"article","og_title":"Calcium Bone Maker Complex avec MCHCal - 180 g\u00e9lules","og_description":"Wij hebben een ruime keuze aan producten van Calcium Bone Maker Complex avec MCHCal - 180 g\u00e9lules . Winkel bij Eco Supplements altijd gratis verzending boven 100\u20ac","og_url":"https:\/\/ecosupplements.be\/fr\/produit\/calcium-bone-maker-complex-avec-mchcal-180-gelules\/","og_site_name":"ECO Supplements","article_modified_time":"2025-08-27T09:31:10+00:00","og_image":[{"width":500,"height":500,"url":"https:\/\/ecosupplements.be\/wp-content\/uploads\/2025\/08\/Doctors-Best-Calcium-Bone-Maker-Complex-with-MCHCal-180-caps-2.jpeg","type":"image\/jpeg"}],"twitter_card":"summary_large_image","twitter_misc":{"Prix":"32.33&nbsp;&euro;","Disponibilit\u00e9":"En stock"},"schema":{"@context":"https:\/\/schema.org","@graph":[{"@type":["WebPage","ItemPage"],"@id":"https:\/\/ecosupplements.be\/fr\/produit\/calcium-bone-maker-complex-avec-mchcal-180-gelules\/","url":"https:\/\/ecosupplements.be\/fr\/produit\/calcium-bone-maker-complex-avec-mchcal-180-gelules\/","name":"Calcium Bone Maker Complex avec MCHCal - 180 g\u00e9lules - ECO Supplements","isPartOf":{"@id":"https:\/\/ecosupplements.be\/fr\/#website"},"primaryImageOfPage":{"@id":"https:\/\/ecosupplements.be\/fr\/produit\/calcium-bone-maker-complex-avec-mchcal-180-gelules\/#primaryimage"},"image":{"@id":"https:\/\/ecosupplements.be\/fr\/produit\/calcium-bone-maker-complex-avec-mchcal-180-gelules\/#primaryimage"},"thumbnailUrl":"https:\/\/ecosupplements.be\/wp-content\/uploads\/2025\/08\/Doctors-Best-Calcium-Bone-Maker-Complex-with-MCHCal-180-caps-2.jpeg","datePublished":"2022-06-28T09:07:58+00:00","dateModified":"2025-08-27T09:31:10+00:00","description":"Wij hebben een ruime keuze aan producten van Calcium Bone Maker Complex avec MCHCal - 180 g\u00e9lules . Winkel bij Eco Supplements altijd gratis verzending boven 100\u20ac","breadcrumb":{"@id":"https:\/\/ecosupplements.be\/fr\/produit\/calcium-bone-maker-complex-avec-mchcal-180-gelules\/#breadcrumb"},"inLanguage":"fr-FR","potentialAction":[{"@type":"ReadAction","target":["https:\/\/ecosupplements.be\/fr\/produit\/calcium-bone-maker-complex-avec-mchcal-180-gelules\/"]}]},{"@type":"ImageObject","inLanguage":"fr-FR","@id":"https:\/\/ecosupplements.be\/fr\/produit\/calcium-bone-maker-complex-avec-mchcal-180-gelules\/#primaryimage","url":"https:\/\/ecosupplements.be\/wp-content\/uploads\/2025\/08\/Doctors-Best-Calcium-Bone-Maker-Complex-with-MCHCal-180-caps-2.jpeg","contentUrl":"https:\/\/ecosupplements.be\/wp-content\/uploads\/2025\/08\/Doctors-Best-Calcium-Bone-Maker-Complex-with-MCHCal-180-caps-2.jpeg","width":500,"height":500},{"@type":"BreadcrumbList","@id":"https:\/\/ecosupplements.be\/fr\/produit\/calcium-bone-maker-complex-avec-mchcal-180-gelules\/#breadcrumb","itemListElement":[{"@type":"ListItem","position":1,"name":"Home","item":"https:\/\/ecosupplements.be\/fr\/"},{"@type":"ListItem","position":2,"name":"Boutique","item":"https:\/\/ecosupplements.be\/fr\/boutique\/"},{"@type":"ListItem","position":3,"name":"Calcium Bone Maker Complex avec MCHCal &#8211; 180 g\u00e9lules"}]},{"@type":"WebSite","@id":"https:\/\/ecosupplements.be\/fr\/#website","url":"https:\/\/ecosupplements.be\/fr\/","name":"ECO Supplements","description":"Eco Supplements - Gezonde supplementen","publisher":{"@id":"https:\/\/ecosupplements.be\/fr\/#organization"},"potentialAction":[{"@type":"SearchAction","target":{"@type":"EntryPoint","urlTemplate":"https:\/\/ecosupplements.be\/fr\/?s={search_term_string}"},"query-input":{"@type":"PropertyValueSpecification","valueRequired":true,"valueName":"search_term_string"}}],"inLanguage":"fr-FR"},{"@type":"Organization","@id":"https:\/\/ecosupplements.be\/fr\/#organization","name":"Eco Supplements","url":"https:\/\/ecosupplements.be\/fr\/","logo":{"@type":"ImageObject","inLanguage":"fr-FR","@id":"https:\/\/ecosupplements.be\/fr\/#\/schema\/logo\/image\/","url":"https:\/\/ecosupplements.be\/wp-content\/uploads\/2022\/06\/ecosupplement-family.png","contentUrl":"https:\/\/ecosupplements.be\/wp-content\/uploads\/2022\/06\/ecosupplement-family.png","width":593,"height":374,"caption":"Eco Supplements"},"image":{"@id":"https:\/\/ecosupplements.be\/fr\/#\/schema\/logo\/image\/"}}]},"product_brand":"Doctor's Best","product_price_amount":"32.33","product_price_currency":"EUR","og_availability":"instock","product_availability":"instock","product_retailer_item_id":"753950002456","product_condition":"new"},"_links":{"self":[{"href":"https:\/\/ecosupplements.be\/fr\/wp-json\/wp\/v2\/product\/280555","targetHints":{"allow":["GET"]}}],"collection":[{"href":"https:\/\/ecosupplements.be\/fr\/wp-json\/wp\/v2\/product"}],"about":[{"href":"https:\/\/ecosupplements.be\/fr\/wp-json\/wp\/v2\/types\/product"}],"replies":[{"embeddable":true,"href":"https:\/\/ecosupplements.be\/fr\/wp-json\/wp\/v2\/comments?post=280555"}],"wp:featuredmedia":[{"embeddable":true,"href":"https:\/\/ecosupplements.be\/fr\/wp-json\/wp\/v2\/media\/242923"}],"wp:attachment":[{"href":"https:\/\/ecosupplements.be\/fr\/wp-json\/wp\/v2\/media?parent=280555"}],"wp:term":[{"taxonomy":"product_brand","embeddable":true,"href":"https:\/\/ecosupplements.be\/fr\/wp-json\/wp\/v2\/product_brand?post=280555"},{"taxonomy":"product_cat","embeddable":true,"href":"https:\/\/ecosupplements.be\/fr\/wp-json\/wp\/v2\/product_cat?post=280555"},{"taxonomy":"product_tag","embeddable":true,"href":"https:\/\/ecosupplements.be\/fr\/wp-json\/wp\/v2\/product_tag?post=280555"}],"curies":[{"name":"wp","href":"https:\/\/api.w.org\/{rel}","templated":true}]}}