{"id":280564,"date":"2022-06-28T10:07:58","date_gmt":"2022-06-28T09:07:58","guid":{"rendered":"https:\/\/ecosupplements.be\/product\/collagene-de-types-1-et-3-avec-vitamine-c-500mg-240-gelules\/"},"modified":"2025-08-27T10:31:53","modified_gmt":"2025-08-27T09:31:53","slug":"collagene-de-types-1-et-3-avec-vitamine-c-500mg-240-gelules","status":"publish","type":"product","link":"https:\/\/ecosupplements.be\/fr\/produit\/collagene-de-types-1-et-3-avec-vitamine-c-500mg-240-gelules\/","title":{"rendered":"Collag\u00e8ne de types 1 et 3 avec vitamine C, 500mg &#8211; 240 g\u00e9lules"},"content":{"rendered":"<h1 style=\"text-align: center;\">Doctor&#8217;s Best &#8211; Collag\u00e8ne de types 1 et 3 avec vitamine C<\/h1>\n<p>Qu&#8217;est-ce que le Doctor&#8217;s Best Collagen Types 1&amp;3 ?<br \/>\nDoctor&#8217;s Best Collagen Types 1 et 3 contient des prot\u00e9ines de collag\u00e8ne hydrolys\u00e9es (sans ESB), qui contribuent \u00e0 la croissance et au maintien de tissus sains. Le collag\u00e8ne est la prot\u00e9ine structurelle essentielle \u00e0 la solidit\u00e9 et \u00e0 la souplesse des os, des articulations, des tendons, des ligaments, des cheveux, de la peau, des ongles et d&#8217;autres tissus de l&#8217;organisme.<\/p>\n<p>La vitamine C est ajout\u00e9e \u00e0 la formule en tant que nutriment important n\u00e9cessaire \u00e0 la synth\u00e8se du collag\u00e8ne par l&#8217;organisme.<br \/>\nComment cela fonctionne-t-il ?<br \/>\nLe collag\u00e8ne de type I est la prot\u00e9ine la plus abondante du corps humain et la principale prot\u00e9ine pr\u00e9sente dans la peau, lui conf\u00e9rant sa r\u00e9sistance \u00e0 la traction et sa r\u00e9silience. Le collag\u00e8ne de type 3 se trouve \u00e0 des niveaux \u00e9lev\u00e9s dans les tissus cardiovasculaires et \u00e9galement dans la peau nouvellement d\u00e9velopp\u00e9e. Les collag\u00e8nes de types 1 et 3 sont souvent pr\u00e9sents ensemble dans les m\u00eames tissus, car chaque forme compl\u00e8te l&#8217;int\u00e9grit\u00e9 structurelle de l&#8217;autre. La synth\u00e8se du collag\u00e8ne est un processus continu tout au long de la vie. Le collag\u00e8ne est essentiel \u00e0 la croissance et \u00e0 la r\u00e9paration. Le rajeunissement et le renouvellement de chaque tissu de l&#8217;organisme n\u00e9cessitent la production de collag\u00e8ne nouvellement synth\u00e9tis\u00e9. Toutefois, ce processus peut devenir moins efficace \u00e0 mesure que nous vieillissons, entra\u00eenant une diminution du renouvellement des vieux tissus. Cela se manifeste int\u00e9rieurement par une moindre efficacit\u00e9 de la fonction des organes et des tissus. Lorsque la peau vieillit, les niveaux de collag\u00e8ne de types 1&amp;3, ainsi que d&#8217;\u00e9lastine, diminuent dans le derme, entra\u00eenant une perte d&#8217;\u00e9lasticit\u00e9.<br \/>\nPourquoi devrais-je prendre Doctor&#8217;s Best Collagen Types 1&amp;3 ?<br \/>\nLa synth\u00e8se du collag\u00e8ne est un processus continu qui comprend la production de collag\u00e8ne nouvellement synth\u00e9tis\u00e9. Toutefois, ce processus peut devenir moins efficace \u00e0 mesure que nous vieillissons, ce qui entra\u00eene une diminution du renouvellement des vieux tissus. Cet effet du vieillissement se traduit par l&#8217;apparition de rides, de ridules, de taches et de d\u00e9colorations de la peau et d&#8217;un aspect vieilli. Doctor&#8217;s Best Collagen Types 1&amp;3 fournit des acides amin\u00e9s qui sont des blocs de construction pour la croissance, le maintien et l&#8217;int\u00e9grit\u00e9 des tissus riches en collag\u00e8ne. Cela favorise le rajeunissement de la structure saine du corps au fur et \u00e0 mesure qu&#8217;il vieillit.<\/p>\n<p><img decoding=\"async\" src=\"https:\/\/ecosupplements.be\/wp-content\/uploads\/2025\/08\/gluten-free-1.png\" title=\"Sans gluten\" alt=\"Gluten free\"><img decoding=\"async\" src=\"https:\/\/ecosupplements.be\/wp-content\/uploads\/2025\/08\/non-gmo-1.png\" title=\"Non-OGM\" alt=\"Non-GMO\"><\/p>\n","protected":false},"excerpt":{"rendered":"<p>Doctor&#8217;s Best &#8211; Collag\u00e8ne de types 1 et 3 avec vitamine C Qu&#8217;est-ce que le Doctor&#8217;s Best Collagen Types 1&amp;3 ? Doctor&#8217;s Best Collagen Types 1 et 3 contient des prot\u00e9ines de collag\u00e8ne hydrolys\u00e9es (sans ESB), qui contribuent \u00e0 la croissance et au maintien de tissus sains. Le collag\u00e8ne est la prot\u00e9ine structurelle essentielle \u00e0 [&#8230;]\n","protected":false},"featured_media":242978,"comment_status":"open","ping_status":"open","template":"","meta":[],"product_brand":[4674],"product_cat":[5121,5052,5083,5084,5085,5053],"product_tag":[5069],"class_list":{"0":"post-280564","1":"product","2":"type-product","3":"status-publish","4":"has-post-thumbnail","6":"product_brand-doctors-best-2","7":"product_cat-collagene","8":"product_cat-sante-et-bien-etre","9":"product_cat-soutien-aux-articulations","10":"product_cat-soutien-conjoint","11":"product_cat-soutien-pour-les-articulations","12":"product_cat-vitamines-et-mineraux","13":"product_tag-topeco-2","15":"first","16":"instock","17":"taxable","18":"shipping-taxable","19":"purchasable","20":"product-type-simple"},"yoast_head":"<!-- This site is optimized with the Yoast SEO Premium plugin v27.3 (Yoast SEO v27.3) - https:\/\/yoast.com\/product\/yoast-seo-premium-wordpress\/ -->\n<title>Collag\u00e8ne de types 1 et 3 avec vitamine C, 500mg - 240 g\u00e9lules - ECO Supplements<\/title>\n<meta name=\"description\" content=\"Wij hebben een ruime keuze aan producten van Collag\u00e8ne de types 1 et 3 avec vitamine C, 500mg - 240 g\u00e9lules . Winkel bij Eco Supplements altijd gratis verzending boven 100\u20ac\" \/>\n<meta name=\"robots\" content=\"index, follow, max-snippet:-1, max-image-preview:large, max-video-preview:-1\" \/>\n<link rel=\"canonical\" href=\"https:\/\/ecosupplements.be\/fr\/produit\/collagene-de-types-1-et-3-avec-vitamine-c-500mg-240-gelules\/\" \/>\n<meta property=\"og:locale\" content=\"fr_FR\" \/>\n<meta property=\"og:type\" content=\"article\" \/>\n<meta property=\"og:title\" content=\"Collag\u00e8ne de types 1 et 3 avec vitamine C, 500mg - 240 g\u00e9lules\" \/>\n<meta property=\"og:description\" content=\"Wij hebben een ruime keuze aan producten van Collag\u00e8ne de types 1 et 3 avec vitamine C, 500mg - 240 g\u00e9lules . Winkel bij Eco Supplements altijd gratis verzending boven 100\u20ac\" \/>\n<meta property=\"og:url\" content=\"https:\/\/ecosupplements.be\/fr\/produit\/collagene-de-types-1-et-3-avec-vitamine-c-500mg-240-gelules\/\" \/>\n<meta property=\"og:site_name\" content=\"ECO Supplements\" \/>\n<meta property=\"article:modified_time\" content=\"2025-08-27T09:31:53+00:00\" \/>\n<meta property=\"og:image\" content=\"https:\/\/ecosupplements.be\/wp-content\/uploads\/2025\/08\/Doctors-Best-Collagen-Types-1-and-3-with-Vitamin-C-500mg-240-caps-1.jpg\" \/>\n\t<meta property=\"og:image:width\" content=\"750\" \/>\n\t<meta property=\"og:image:height\" content=\"750\" \/>\n\t<meta property=\"og:image:type\" content=\"image\/jpeg\" \/>\n<meta name=\"twitter:card\" content=\"summary_large_image\" \/>\n<meta name=\"twitter:label1\" content=\"Prix\" \/>\n\t<meta name=\"twitter:data1\" content=\"25.95&nbsp;&euro;\" \/>\n\t<meta name=\"twitter:label2\" content=\"Disponibilit\u00e9\" \/>\n\t<meta name=\"twitter:data2\" content=\"En stock\" \/>\n<script type=\"application\/ld+json\" class=\"yoast-schema-graph\">{\"@context\":\"https:\\\/\\\/schema.org\",\"@graph\":[{\"@type\":[\"WebPage\",\"ItemPage\"],\"@id\":\"https:\\\/\\\/ecosupplements.be\\\/fr\\\/produit\\\/collagene-de-types-1-et-3-avec-vitamine-c-500mg-240-gelules\\\/\",\"url\":\"https:\\\/\\\/ecosupplements.be\\\/fr\\\/produit\\\/collagene-de-types-1-et-3-avec-vitamine-c-500mg-240-gelules\\\/\",\"name\":\"Collag\u00e8ne de types 1 et 3 avec vitamine C, 500mg - 240 g\u00e9lules - ECO Supplements\",\"isPartOf\":{\"@id\":\"https:\\\/\\\/ecosupplements.be\\\/fr\\\/#website\"},\"primaryImageOfPage\":{\"@id\":\"https:\\\/\\\/ecosupplements.be\\\/fr\\\/produit\\\/collagene-de-types-1-et-3-avec-vitamine-c-500mg-240-gelules\\\/#primaryimage\"},\"image\":{\"@id\":\"https:\\\/\\\/ecosupplements.be\\\/fr\\\/produit\\\/collagene-de-types-1-et-3-avec-vitamine-c-500mg-240-gelules\\\/#primaryimage\"},\"thumbnailUrl\":\"https:\\\/\\\/ecosupplements.be\\\/wp-content\\\/uploads\\\/2025\\\/08\\\/Doctors-Best-Collagen-Types-1-and-3-with-Vitamin-C-500mg-240-caps-1.jpg\",\"datePublished\":\"2022-06-28T09:07:58+00:00\",\"dateModified\":\"2025-08-27T09:31:53+00:00\",\"description\":\"Wij hebben een ruime keuze aan producten van Collag\u00e8ne de types 1 et 3 avec vitamine C, 500mg - 240 g\u00e9lules . Winkel bij Eco Supplements altijd gratis verzending boven 100\u20ac\",\"breadcrumb\":{\"@id\":\"https:\\\/\\\/ecosupplements.be\\\/fr\\\/produit\\\/collagene-de-types-1-et-3-avec-vitamine-c-500mg-240-gelules\\\/#breadcrumb\"},\"inLanguage\":\"fr-FR\",\"potentialAction\":[{\"@type\":\"ReadAction\",\"target\":[\"https:\\\/\\\/ecosupplements.be\\\/fr\\\/produit\\\/collagene-de-types-1-et-3-avec-vitamine-c-500mg-240-gelules\\\/\"]}]},{\"@type\":\"ImageObject\",\"inLanguage\":\"fr-FR\",\"@id\":\"https:\\\/\\\/ecosupplements.be\\\/fr\\\/produit\\\/collagene-de-types-1-et-3-avec-vitamine-c-500mg-240-gelules\\\/#primaryimage\",\"url\":\"https:\\\/\\\/ecosupplements.be\\\/wp-content\\\/uploads\\\/2025\\\/08\\\/Doctors-Best-Collagen-Types-1-and-3-with-Vitamin-C-500mg-240-caps-1.jpg\",\"contentUrl\":\"https:\\\/\\\/ecosupplements.be\\\/wp-content\\\/uploads\\\/2025\\\/08\\\/Doctors-Best-Collagen-Types-1-and-3-with-Vitamin-C-500mg-240-caps-1.jpg\",\"width\":750,\"height\":750},{\"@type\":\"BreadcrumbList\",\"@id\":\"https:\\\/\\\/ecosupplements.be\\\/fr\\\/produit\\\/collagene-de-types-1-et-3-avec-vitamine-c-500mg-240-gelules\\\/#breadcrumb\",\"itemListElement\":[{\"@type\":\"ListItem\",\"position\":1,\"name\":\"Home\",\"item\":\"https:\\\/\\\/ecosupplements.be\\\/fr\\\/\"},{\"@type\":\"ListItem\",\"position\":2,\"name\":\"Boutique\",\"item\":\"https:\\\/\\\/ecosupplements.be\\\/fr\\\/boutique\\\/\"},{\"@type\":\"ListItem\",\"position\":3,\"name\":\"Collag\u00e8ne de types 1 et 3 avec vitamine C, 500mg &#8211; 240 g\u00e9lules\"}]},{\"@type\":\"WebSite\",\"@id\":\"https:\\\/\\\/ecosupplements.be\\\/fr\\\/#website\",\"url\":\"https:\\\/\\\/ecosupplements.be\\\/fr\\\/\",\"name\":\"ECO Supplements\",\"description\":\"Eco Supplements - Gezonde supplementen\",\"publisher\":{\"@id\":\"https:\\\/\\\/ecosupplements.be\\\/fr\\\/#organization\"},\"potentialAction\":[{\"@type\":\"SearchAction\",\"target\":{\"@type\":\"EntryPoint\",\"urlTemplate\":\"https:\\\/\\\/ecosupplements.be\\\/fr\\\/?s={search_term_string}\"},\"query-input\":{\"@type\":\"PropertyValueSpecification\",\"valueRequired\":true,\"valueName\":\"search_term_string\"}}],\"inLanguage\":\"fr-FR\"},{\"@type\":\"Organization\",\"@id\":\"https:\\\/\\\/ecosupplements.be\\\/fr\\\/#organization\",\"name\":\"Eco Supplements\",\"url\":\"https:\\\/\\\/ecosupplements.be\\\/fr\\\/\",\"logo\":{\"@type\":\"ImageObject\",\"inLanguage\":\"fr-FR\",\"@id\":\"https:\\\/\\\/ecosupplements.be\\\/fr\\\/#\\\/schema\\\/logo\\\/image\\\/\",\"url\":\"https:\\\/\\\/ecosupplements.be\\\/wp-content\\\/uploads\\\/2022\\\/06\\\/ecosupplement-family.png\",\"contentUrl\":\"https:\\\/\\\/ecosupplements.be\\\/wp-content\\\/uploads\\\/2022\\\/06\\\/ecosupplement-family.png\",\"width\":593,\"height\":374,\"caption\":\"Eco Supplements\"},\"image\":{\"@id\":\"https:\\\/\\\/ecosupplements.be\\\/fr\\\/#\\\/schema\\\/logo\\\/image\\\/\"}}]}<\/script>\n<meta property=\"product:brand\" content=\"Doctor&#039;s Best\" \/>\n<meta property=\"product:price:amount\" content=\"25.95\" \/>\n<meta property=\"product:price:currency\" content=\"EUR\" \/>\n<meta property=\"og:availability\" content=\"instock\" \/>\n<meta property=\"product:availability\" content=\"instock\" \/>\n<meta property=\"product:retailer_item_id\" content=\"753950002630\" \/>\n<meta property=\"product:condition\" content=\"new\" \/>\n<!-- \/ Yoast SEO Premium plugin. -->","yoast_head_json":{"title":"Collag\u00e8ne de types 1 et 3 avec vitamine C, 500mg - 240 g\u00e9lules - ECO Supplements","description":"Wij hebben een ruime keuze aan producten van Collag\u00e8ne de types 1 et 3 avec vitamine C, 500mg - 240 g\u00e9lules . Winkel bij Eco Supplements altijd gratis verzending boven 100\u20ac","robots":{"index":"index","follow":"follow","max-snippet":"max-snippet:-1","max-image-preview":"max-image-preview:large","max-video-preview":"max-video-preview:-1"},"canonical":"https:\/\/ecosupplements.be\/fr\/produit\/collagene-de-types-1-et-3-avec-vitamine-c-500mg-240-gelules\/","og_locale":"fr_FR","og_type":"article","og_title":"Collag\u00e8ne de types 1 et 3 avec vitamine C, 500mg - 240 g\u00e9lules","og_description":"Wij hebben een ruime keuze aan producten van Collag\u00e8ne de types 1 et 3 avec vitamine C, 500mg - 240 g\u00e9lules . Winkel bij Eco Supplements altijd gratis verzending boven 100\u20ac","og_url":"https:\/\/ecosupplements.be\/fr\/produit\/collagene-de-types-1-et-3-avec-vitamine-c-500mg-240-gelules\/","og_site_name":"ECO Supplements","article_modified_time":"2025-08-27T09:31:53+00:00","og_image":[{"width":750,"height":750,"url":"https:\/\/ecosupplements.be\/wp-content\/uploads\/2025\/08\/Doctors-Best-Collagen-Types-1-and-3-with-Vitamin-C-500mg-240-caps-1.jpg","type":"image\/jpeg"}],"twitter_card":"summary_large_image","twitter_misc":{"Prix":"25.95&nbsp;&euro;","Disponibilit\u00e9":"En stock"},"schema":{"@context":"https:\/\/schema.org","@graph":[{"@type":["WebPage","ItemPage"],"@id":"https:\/\/ecosupplements.be\/fr\/produit\/collagene-de-types-1-et-3-avec-vitamine-c-500mg-240-gelules\/","url":"https:\/\/ecosupplements.be\/fr\/produit\/collagene-de-types-1-et-3-avec-vitamine-c-500mg-240-gelules\/","name":"Collag\u00e8ne de types 1 et 3 avec vitamine C, 500mg - 240 g\u00e9lules - ECO Supplements","isPartOf":{"@id":"https:\/\/ecosupplements.be\/fr\/#website"},"primaryImageOfPage":{"@id":"https:\/\/ecosupplements.be\/fr\/produit\/collagene-de-types-1-et-3-avec-vitamine-c-500mg-240-gelules\/#primaryimage"},"image":{"@id":"https:\/\/ecosupplements.be\/fr\/produit\/collagene-de-types-1-et-3-avec-vitamine-c-500mg-240-gelules\/#primaryimage"},"thumbnailUrl":"https:\/\/ecosupplements.be\/wp-content\/uploads\/2025\/08\/Doctors-Best-Collagen-Types-1-and-3-with-Vitamin-C-500mg-240-caps-1.jpg","datePublished":"2022-06-28T09:07:58+00:00","dateModified":"2025-08-27T09:31:53+00:00","description":"Wij hebben een ruime keuze aan producten van Collag\u00e8ne de types 1 et 3 avec vitamine C, 500mg - 240 g\u00e9lules . Winkel bij Eco Supplements altijd gratis verzending boven 100\u20ac","breadcrumb":{"@id":"https:\/\/ecosupplements.be\/fr\/produit\/collagene-de-types-1-et-3-avec-vitamine-c-500mg-240-gelules\/#breadcrumb"},"inLanguage":"fr-FR","potentialAction":[{"@type":"ReadAction","target":["https:\/\/ecosupplements.be\/fr\/produit\/collagene-de-types-1-et-3-avec-vitamine-c-500mg-240-gelules\/"]}]},{"@type":"ImageObject","inLanguage":"fr-FR","@id":"https:\/\/ecosupplements.be\/fr\/produit\/collagene-de-types-1-et-3-avec-vitamine-c-500mg-240-gelules\/#primaryimage","url":"https:\/\/ecosupplements.be\/wp-content\/uploads\/2025\/08\/Doctors-Best-Collagen-Types-1-and-3-with-Vitamin-C-500mg-240-caps-1.jpg","contentUrl":"https:\/\/ecosupplements.be\/wp-content\/uploads\/2025\/08\/Doctors-Best-Collagen-Types-1-and-3-with-Vitamin-C-500mg-240-caps-1.jpg","width":750,"height":750},{"@type":"BreadcrumbList","@id":"https:\/\/ecosupplements.be\/fr\/produit\/collagene-de-types-1-et-3-avec-vitamine-c-500mg-240-gelules\/#breadcrumb","itemListElement":[{"@type":"ListItem","position":1,"name":"Home","item":"https:\/\/ecosupplements.be\/fr\/"},{"@type":"ListItem","position":2,"name":"Boutique","item":"https:\/\/ecosupplements.be\/fr\/boutique\/"},{"@type":"ListItem","position":3,"name":"Collag\u00e8ne de types 1 et 3 avec vitamine C, 500mg &#8211; 240 g\u00e9lules"}]},{"@type":"WebSite","@id":"https:\/\/ecosupplements.be\/fr\/#website","url":"https:\/\/ecosupplements.be\/fr\/","name":"ECO Supplements","description":"Eco Supplements - Gezonde supplementen","publisher":{"@id":"https:\/\/ecosupplements.be\/fr\/#organization"},"potentialAction":[{"@type":"SearchAction","target":{"@type":"EntryPoint","urlTemplate":"https:\/\/ecosupplements.be\/fr\/?s={search_term_string}"},"query-input":{"@type":"PropertyValueSpecification","valueRequired":true,"valueName":"search_term_string"}}],"inLanguage":"fr-FR"},{"@type":"Organization","@id":"https:\/\/ecosupplements.be\/fr\/#organization","name":"Eco Supplements","url":"https:\/\/ecosupplements.be\/fr\/","logo":{"@type":"ImageObject","inLanguage":"fr-FR","@id":"https:\/\/ecosupplements.be\/fr\/#\/schema\/logo\/image\/","url":"https:\/\/ecosupplements.be\/wp-content\/uploads\/2022\/06\/ecosupplement-family.png","contentUrl":"https:\/\/ecosupplements.be\/wp-content\/uploads\/2022\/06\/ecosupplement-family.png","width":593,"height":374,"caption":"Eco Supplements"},"image":{"@id":"https:\/\/ecosupplements.be\/fr\/#\/schema\/logo\/image\/"}}]},"product_brand":"Doctor's Best","product_price_amount":"25.95","product_price_currency":"EUR","og_availability":"instock","product_availability":"instock","product_retailer_item_id":"753950002630","product_condition":"new"},"_links":{"self":[{"href":"https:\/\/ecosupplements.be\/fr\/wp-json\/wp\/v2\/product\/280564","targetHints":{"allow":["GET"]}}],"collection":[{"href":"https:\/\/ecosupplements.be\/fr\/wp-json\/wp\/v2\/product"}],"about":[{"href":"https:\/\/ecosupplements.be\/fr\/wp-json\/wp\/v2\/types\/product"}],"replies":[{"embeddable":true,"href":"https:\/\/ecosupplements.be\/fr\/wp-json\/wp\/v2\/comments?post=280564"}],"wp:featuredmedia":[{"embeddable":true,"href":"https:\/\/ecosupplements.be\/fr\/wp-json\/wp\/v2\/media\/242978"}],"wp:attachment":[{"href":"https:\/\/ecosupplements.be\/fr\/wp-json\/wp\/v2\/media?parent=280564"}],"wp:term":[{"taxonomy":"product_brand","embeddable":true,"href":"https:\/\/ecosupplements.be\/fr\/wp-json\/wp\/v2\/product_brand?post=280564"},{"taxonomy":"product_cat","embeddable":true,"href":"https:\/\/ecosupplements.be\/fr\/wp-json\/wp\/v2\/product_cat?post=280564"},{"taxonomy":"product_tag","embeddable":true,"href":"https:\/\/ecosupplements.be\/fr\/wp-json\/wp\/v2\/product_tag?post=280564"}],"curies":[{"name":"wp","href":"https:\/\/api.w.org\/{rel}","templated":true}]}}