{"id":280565,"date":"2022-06-28T10:07:58","date_gmt":"2022-06-28T09:07:58","guid":{"rendered":"https:\/\/ecosupplements.be\/product\/formule-complete-pour-la-prostate-avec-seleno-excell-120-vcaps\/"},"modified":"2025-08-27T10:31:57","modified_gmt":"2025-08-27T09:31:57","slug":"formule-complete-pour-la-prostate-avec-seleno-excell-120-vcaps","status":"publish","type":"product","link":"https:\/\/ecosupplements.be\/fr\/produit\/formule-complete-pour-la-prostate-avec-seleno-excell-120-vcaps\/","title":{"rendered":"Formule compl\u00e8te pour la prostate avec Seleno Excell &#8211; 120 vcaps"},"content":{"rendered":"<h1 style=\"text-align: center;\">Doctor&#8217;s Best &#8211; Formule compl\u00e8te pour la prostate avec Seleno Excell<\/h1>\n<p>Pourquoi devrais-je prendre Doctor&#8217;s Best Comprehensive Prostate Formula ?<br \/>\nDoctor&#8217;s Best Comprehensive Prostate Formula offre un soutien complet pour la sant\u00e9 de la prostate et favorise une fonction et un d\u00e9bit urinaires normaux. Chaque capsule contient des niveaux puissants d&#8217;herbes, de nutriments et de compos\u00e9s phytochimiques synergiques qui aident \u00e0 soutenir la sant\u00e9 et le bien-\u00eatre de la prostate. Cette formule incorpore des extraits de plantes de premier ordre de palmier nain, d&#8217;\u00e9corce de pygeum africain et de racine d&#8217;ortie, des st\u00e9rols v\u00e9g\u00e9taux CardioAid et du SelenoExcell, une forme sup\u00e9rieure du s\u00e9l\u00e9nium min\u00e9ral. Comprehensive Prostate Formula contient \u00e9galement des quantit\u00e9s efficaces de vitamines D3 et B6, de zinc et de lycop\u00e8ne, qui, selon les recherches, jouent un r\u00f4le important dans le soutien d&#8217;une fonction optimale de la prostate et de la sant\u00e9 et du bien-\u00eatre en g\u00e9n\u00e9ral.<br \/>\nComment cela fonctionne-t-il ?<br \/>\nDoctor&#8217;s Best Comprehensive Prostate Formula aborde la sant\u00e9 de la prostate et des voies urinaires d&#8217;un point de vue botanique et nutritif, avec des ingr\u00e9dients qui ont \u00e9t\u00e9 \u00e9tudi\u00e9s dans des essais de recherche dans le monde entier.<br \/>\nLe palmier nain est b\u00e9n\u00e9fique pour la sant\u00e9 de la prostate et la fonction urinaire. Les changements dans la sant\u00e9 de la prostate qui accompagnent l&#8217;\u00e2ge moyen sont li\u00e9s \u00e0 l&#8217;hormone DHT, ou dihydrost\u00e9rone, un m\u00e9tabolite de la st\u00e9rone. Les niveaux de DHT augmentent, et la DHT se lie aux cellules de la prostate, acc\u00e9l\u00e9rant la croissance du tissu prostatique.<br \/>\nL&#8217;extrait de palmier nain agit en partie par son inhibition de la 5-alpha r\u00e9ductase, une enzyme qui contr\u00f4le la conversion de la st\u00e9rone en DHT.<br \/>\nL&#8217;extrait d&#8217;\u00e9corce de pygeum africain contient des st\u00e9rols et des acides gras naturels. L&#8217;extrait de pygeum favoriserait le bon fonctionnement de la prostate en diminuant l&#8217;hypersensibilit\u00e9 du muscle d\u00e9trusor, en inhibant la prolif\u00e9ration cellulaire et en maintenant l&#8217;architecture de la prostate.<br \/>\nL&#8217;ortie, \u00e9galement connue sous le nom d'&#8221;ortie piquante&#8221;, pousse \u00e0 l&#8217;\u00e9tat sauvage dans les for\u00eats et les champs d&#8217;Am\u00e9rique du Nord et d&#8217;Europe. Traditionnellement, la racine d&#8217;ortie est utilis\u00e9e pour favoriser un flux urinaire sain et comme astringent. L&#8217;effet de l&#8217;ortie sur la prostate peut provenir de sa teneur en polysaccharides et en isolectine.<br \/>\nLes st\u00e9rols v\u00e9g\u00e9taux b\u00eata-sitost\u00e9rols de CardioAid sont des antagonistes du m\u00e9tabolisme des prostaglandines par leur inhibition de la cyclo-oxyg\u00e9nase et de la lipoxyg\u00e9nase. Le b\u00eata-sitost\u00e9rol s&#8217;est r\u00e9v\u00e9l\u00e9 efficace dans de multiples \u00e9tudes examinant ses effets sur la sant\u00e9 de la prostate et sur un flux urinaire sain.<br \/>\nS\u00e9l\u00e9nium de SelenoExcell, une forme brevet\u00e9e de s\u00e9l\u00e9nium dont il a \u00e9t\u00e9 d\u00e9montr\u00e9 qu&#8217;elle r\u00e9duit les dommages \u00e0 l&#8217;ADN des cellules \u00e9pith\u00e9liales de la prostate. Le s\u00e9l\u00e9nium est bien connu pour son r\u00f4le dans l&#8217;augmentation de l&#8217;activit\u00e9 de la glutathion peroxydase, qui \u00e0 son tour renforce les capacit\u00e9s antioxydantes cellulaires. Les hommes ayant de faibles concentrations sanguines de s\u00e9l\u00e9nium ont plus de mal \u00e0 maintenir une prostate saine.<br \/>\nLe lycop\u00e8ne, un carot\u00e9no\u00efde, est connu pour son pouvoir antioxydant. Le lycop\u00e8ne exerce \u00e9galement une influence biochimique par le biais des canaux de communication cellulaire et de la signalisation des cytokines, des facteurs de croissance et des hormones. Le lycop\u00e8ne aide \u00e0 maintenir l&#8217;hom\u00e9ostasie des tissus (le fonctionnement sain des communaut\u00e9s cellulaires) gr\u00e2ce \u00e0 sa capacit\u00e9 \u00e0 am\u00e9liorer la communication \u00e0 travers les jonctions cellulaires des cellules adjacentes.<br \/>\nLe citrate de zinc est la forme de zinc qui, selon les chercheurs, am\u00e9liorerait la sant\u00e9 de la prostate en bloquant la signalisation extracellulaire du zinc.<br \/>\nLorsqu&#8217;on prend un suppl\u00e9ment de zinc, il est \u00e9galement conseill\u00e9 de prendre un suppl\u00e9ment de cuivre. C&#8217;est pourquoi une petite quantit\u00e9 de cuivre a \u00e9t\u00e9 ajout\u00e9e \u00e0 cette formule pour \u00e9quilibrer le zinc.<br \/>\nLes vitamines et min\u00e9raux s\u00e9lectionn\u00e9s dans la formule compl\u00e8te pour la prostate sont connus pour \u00eatre particuli\u00e8rement importants pour la sant\u00e9 de la prostate.<br \/>\nL&#8217;apport en vitamine E et en vitamine B-6 \u00e9tait associ\u00e9 au maintien d&#8217;une prostate saine. \u00c9tant donn\u00e9 que la vitamine B6 peut inhiber les interactions entre les hormones st\u00e9ro\u00efdes dans l&#8217;organisme, une carence en vitamine B6 peut exposer les hommes \u00e0 des niveaux d&#8217;hormones qui vont \u00e0 l&#8217;encontre de la sant\u00e9 de la prostate. Les prostaglandines sont des substances semblables aux hormones qui peuvent interf\u00e9rer avec le maintien d&#8217;une prostate saine et la vitamine E peut agir comme un antagoniste des prostaglandines.<\/p>\n<p><img decoding=\"async\" src=\"https:\/\/ecosupplements.be\/wp-content\/uploads\/2025\/08\/gluten-free-1.png\" title=\"Sans gluten\" alt=\"Gluten free\"><img decoding=\"async\" src=\"https:\/\/ecosupplements.be\/wp-content\/uploads\/2025\/08\/vegetarian-1.png\" title=\"V\u00e9g\u00e9tarien\" alt=\"Vegetarian\"><\/p>\n","protected":false},"excerpt":{"rendered":"<p>Doctor&#8217;s Best &#8211; Formule compl\u00e8te pour la prostate avec Seleno Excell Pourquoi devrais-je prendre Doctor&#8217;s Best Comprehensive Prostate Formula ? Doctor&#8217;s Best Comprehensive Prostate Formula offre un soutien complet pour la sant\u00e9 de la prostate et favorise une fonction et un d\u00e9bit urinaires normaux. Chaque capsule contient des niveaux puissants d&#8217;herbes, de nutriments et de [&#8230;]\n","protected":false},"featured_media":242987,"comment_status":"open","ping_status":"open","template":"","meta":[],"product_brand":[4674],"product_cat":[5052,5122,5053],"product_tag":[5069],"class_list":{"0":"post-280565","1":"product","2":"type-product","3":"status-publish","4":"has-post-thumbnail","6":"product_brand-doctors-best-2","7":"product_cat-sante-et-bien-etre","8":"product_cat-sante-sexuelle","9":"product_cat-vitamines-et-mineraux","10":"product_tag-topeco-2","12":"first","13":"instock","14":"taxable","15":"shipping-taxable","16":"purchasable","17":"product-type-simple"},"yoast_head":"<!-- This site is optimized with the Yoast SEO Premium plugin v27.3 (Yoast SEO v27.3) - https:\/\/yoast.com\/product\/yoast-seo-premium-wordpress\/ -->\n<title>Formule compl\u00e8te pour la prostate avec Seleno Excell - 120 vcaps - ECO Supplements<\/title>\n<meta name=\"description\" content=\"Wij hebben een ruime keuze aan producten van Formule compl\u00e8te pour la prostate avec Seleno Excell - 120 vcaps . Winkel bij Eco Supplements altijd gratis verzending boven 100\u20ac\" \/>\n<meta name=\"robots\" content=\"index, follow, max-snippet:-1, max-image-preview:large, max-video-preview:-1\" \/>\n<link rel=\"canonical\" href=\"https:\/\/ecosupplements.be\/fr\/produit\/formule-complete-pour-la-prostate-avec-seleno-excell-120-vcaps\/\" \/>\n<meta property=\"og:locale\" content=\"fr_FR\" \/>\n<meta property=\"og:type\" content=\"article\" \/>\n<meta property=\"og:title\" content=\"Formule compl\u00e8te pour la prostate avec Seleno Excell - 120 vcaps\" \/>\n<meta property=\"og:description\" content=\"Wij hebben een ruime keuze aan producten van Formule compl\u00e8te pour la prostate avec Seleno Excell - 120 vcaps . Winkel bij Eco Supplements altijd gratis verzending boven 100\u20ac\" \/>\n<meta property=\"og:url\" content=\"https:\/\/ecosupplements.be\/fr\/produit\/formule-complete-pour-la-prostate-avec-seleno-excell-120-vcaps\/\" \/>\n<meta property=\"og:site_name\" content=\"ECO Supplements\" \/>\n<meta property=\"article:modified_time\" content=\"2025-08-27T09:31:57+00:00\" \/>\n<meta property=\"og:image\" content=\"https:\/\/ecosupplements.be\/wp-content\/uploads\/2025\/08\/Doctors-Best-Comprehensive-Prostate-Formula-with-Seleno-Excell-120-vcaps-1.jpg\" \/>\n\t<meta property=\"og:image:width\" content=\"750\" \/>\n\t<meta property=\"og:image:height\" content=\"750\" \/>\n\t<meta property=\"og:image:type\" content=\"image\/jpeg\" \/>\n<meta name=\"twitter:card\" content=\"summary_large_image\" \/>\n<meta name=\"twitter:label1\" content=\"Prix\" \/>\n\t<meta name=\"twitter:data1\" content=\"43.92&nbsp;&euro;\" \/>\n\t<meta name=\"twitter:label2\" content=\"Disponibilit\u00e9\" \/>\n\t<meta name=\"twitter:data2\" content=\"En stock\" \/>\n<script type=\"application\/ld+json\" class=\"yoast-schema-graph\">{\"@context\":\"https:\\\/\\\/schema.org\",\"@graph\":[{\"@type\":[\"WebPage\",\"ItemPage\"],\"@id\":\"https:\\\/\\\/ecosupplements.be\\\/fr\\\/produit\\\/formule-complete-pour-la-prostate-avec-seleno-excell-120-vcaps\\\/\",\"url\":\"https:\\\/\\\/ecosupplements.be\\\/fr\\\/produit\\\/formule-complete-pour-la-prostate-avec-seleno-excell-120-vcaps\\\/\",\"name\":\"Formule compl\u00e8te pour la prostate avec Seleno Excell - 120 vcaps - ECO Supplements\",\"isPartOf\":{\"@id\":\"https:\\\/\\\/ecosupplements.be\\\/fr\\\/#website\"},\"primaryImageOfPage\":{\"@id\":\"https:\\\/\\\/ecosupplements.be\\\/fr\\\/produit\\\/formule-complete-pour-la-prostate-avec-seleno-excell-120-vcaps\\\/#primaryimage\"},\"image\":{\"@id\":\"https:\\\/\\\/ecosupplements.be\\\/fr\\\/produit\\\/formule-complete-pour-la-prostate-avec-seleno-excell-120-vcaps\\\/#primaryimage\"},\"thumbnailUrl\":\"https:\\\/\\\/ecosupplements.be\\\/wp-content\\\/uploads\\\/2025\\\/08\\\/Doctors-Best-Comprehensive-Prostate-Formula-with-Seleno-Excell-120-vcaps-1.jpg\",\"datePublished\":\"2022-06-28T09:07:58+00:00\",\"dateModified\":\"2025-08-27T09:31:57+00:00\",\"description\":\"Wij hebben een ruime keuze aan producten van Formule compl\u00e8te pour la prostate avec Seleno Excell - 120 vcaps . Winkel bij Eco Supplements altijd gratis verzending boven 100\u20ac\",\"breadcrumb\":{\"@id\":\"https:\\\/\\\/ecosupplements.be\\\/fr\\\/produit\\\/formule-complete-pour-la-prostate-avec-seleno-excell-120-vcaps\\\/#breadcrumb\"},\"inLanguage\":\"fr-FR\",\"potentialAction\":[{\"@type\":\"ReadAction\",\"target\":[\"https:\\\/\\\/ecosupplements.be\\\/fr\\\/produit\\\/formule-complete-pour-la-prostate-avec-seleno-excell-120-vcaps\\\/\"]}]},{\"@type\":\"ImageObject\",\"inLanguage\":\"fr-FR\",\"@id\":\"https:\\\/\\\/ecosupplements.be\\\/fr\\\/produit\\\/formule-complete-pour-la-prostate-avec-seleno-excell-120-vcaps\\\/#primaryimage\",\"url\":\"https:\\\/\\\/ecosupplements.be\\\/wp-content\\\/uploads\\\/2025\\\/08\\\/Doctors-Best-Comprehensive-Prostate-Formula-with-Seleno-Excell-120-vcaps-1.jpg\",\"contentUrl\":\"https:\\\/\\\/ecosupplements.be\\\/wp-content\\\/uploads\\\/2025\\\/08\\\/Doctors-Best-Comprehensive-Prostate-Formula-with-Seleno-Excell-120-vcaps-1.jpg\",\"width\":750,\"height\":750},{\"@type\":\"BreadcrumbList\",\"@id\":\"https:\\\/\\\/ecosupplements.be\\\/fr\\\/produit\\\/formule-complete-pour-la-prostate-avec-seleno-excell-120-vcaps\\\/#breadcrumb\",\"itemListElement\":[{\"@type\":\"ListItem\",\"position\":1,\"name\":\"Home\",\"item\":\"https:\\\/\\\/ecosupplements.be\\\/fr\\\/\"},{\"@type\":\"ListItem\",\"position\":2,\"name\":\"Boutique\",\"item\":\"https:\\\/\\\/ecosupplements.be\\\/fr\\\/boutique\\\/\"},{\"@type\":\"ListItem\",\"position\":3,\"name\":\"Formule compl\u00e8te pour la prostate avec Seleno Excell &#8211; 120 vcaps\"}]},{\"@type\":\"WebSite\",\"@id\":\"https:\\\/\\\/ecosupplements.be\\\/fr\\\/#website\",\"url\":\"https:\\\/\\\/ecosupplements.be\\\/fr\\\/\",\"name\":\"ECO Supplements\",\"description\":\"Eco Supplements - Gezonde supplementen\",\"publisher\":{\"@id\":\"https:\\\/\\\/ecosupplements.be\\\/fr\\\/#organization\"},\"potentialAction\":[{\"@type\":\"SearchAction\",\"target\":{\"@type\":\"EntryPoint\",\"urlTemplate\":\"https:\\\/\\\/ecosupplements.be\\\/fr\\\/?s={search_term_string}\"},\"query-input\":{\"@type\":\"PropertyValueSpecification\",\"valueRequired\":true,\"valueName\":\"search_term_string\"}}],\"inLanguage\":\"fr-FR\"},{\"@type\":\"Organization\",\"@id\":\"https:\\\/\\\/ecosupplements.be\\\/fr\\\/#organization\",\"name\":\"Eco Supplements\",\"url\":\"https:\\\/\\\/ecosupplements.be\\\/fr\\\/\",\"logo\":{\"@type\":\"ImageObject\",\"inLanguage\":\"fr-FR\",\"@id\":\"https:\\\/\\\/ecosupplements.be\\\/fr\\\/#\\\/schema\\\/logo\\\/image\\\/\",\"url\":\"https:\\\/\\\/ecosupplements.be\\\/wp-content\\\/uploads\\\/2022\\\/06\\\/ecosupplement-family.png\",\"contentUrl\":\"https:\\\/\\\/ecosupplements.be\\\/wp-content\\\/uploads\\\/2022\\\/06\\\/ecosupplement-family.png\",\"width\":593,\"height\":374,\"caption\":\"Eco Supplements\"},\"image\":{\"@id\":\"https:\\\/\\\/ecosupplements.be\\\/fr\\\/#\\\/schema\\\/logo\\\/image\\\/\"}}]}<\/script>\n<meta property=\"product:brand\" content=\"Doctor&#039;s Best\" \/>\n<meta property=\"product:price:amount\" content=\"43.92\" \/>\n<meta property=\"product:price:currency\" content=\"EUR\" \/>\n<meta property=\"og:availability\" content=\"instock\" \/>\n<meta property=\"product:availability\" content=\"instock\" \/>\n<meta property=\"product:retailer_item_id\" content=\"753950000858\" \/>\n<meta property=\"product:condition\" content=\"new\" \/>\n<!-- \/ Yoast SEO Premium plugin. -->","yoast_head_json":{"title":"Formule compl\u00e8te pour la prostate avec Seleno Excell - 120 vcaps - ECO Supplements","description":"Wij hebben een ruime keuze aan producten van Formule compl\u00e8te pour la prostate avec Seleno Excell - 120 vcaps . Winkel bij Eco Supplements altijd gratis verzending boven 100\u20ac","robots":{"index":"index","follow":"follow","max-snippet":"max-snippet:-1","max-image-preview":"max-image-preview:large","max-video-preview":"max-video-preview:-1"},"canonical":"https:\/\/ecosupplements.be\/fr\/produit\/formule-complete-pour-la-prostate-avec-seleno-excell-120-vcaps\/","og_locale":"fr_FR","og_type":"article","og_title":"Formule compl\u00e8te pour la prostate avec Seleno Excell - 120 vcaps","og_description":"Wij hebben een ruime keuze aan producten van Formule compl\u00e8te pour la prostate avec Seleno Excell - 120 vcaps . Winkel bij Eco Supplements altijd gratis verzending boven 100\u20ac","og_url":"https:\/\/ecosupplements.be\/fr\/produit\/formule-complete-pour-la-prostate-avec-seleno-excell-120-vcaps\/","og_site_name":"ECO Supplements","article_modified_time":"2025-08-27T09:31:57+00:00","og_image":[{"width":750,"height":750,"url":"https:\/\/ecosupplements.be\/wp-content\/uploads\/2025\/08\/Doctors-Best-Comprehensive-Prostate-Formula-with-Seleno-Excell-120-vcaps-1.jpg","type":"image\/jpeg"}],"twitter_card":"summary_large_image","twitter_misc":{"Prix":"43.92&nbsp;&euro;","Disponibilit\u00e9":"En stock"},"schema":{"@context":"https:\/\/schema.org","@graph":[{"@type":["WebPage","ItemPage"],"@id":"https:\/\/ecosupplements.be\/fr\/produit\/formule-complete-pour-la-prostate-avec-seleno-excell-120-vcaps\/","url":"https:\/\/ecosupplements.be\/fr\/produit\/formule-complete-pour-la-prostate-avec-seleno-excell-120-vcaps\/","name":"Formule compl\u00e8te pour la prostate avec Seleno Excell - 120 vcaps - ECO Supplements","isPartOf":{"@id":"https:\/\/ecosupplements.be\/fr\/#website"},"primaryImageOfPage":{"@id":"https:\/\/ecosupplements.be\/fr\/produit\/formule-complete-pour-la-prostate-avec-seleno-excell-120-vcaps\/#primaryimage"},"image":{"@id":"https:\/\/ecosupplements.be\/fr\/produit\/formule-complete-pour-la-prostate-avec-seleno-excell-120-vcaps\/#primaryimage"},"thumbnailUrl":"https:\/\/ecosupplements.be\/wp-content\/uploads\/2025\/08\/Doctors-Best-Comprehensive-Prostate-Formula-with-Seleno-Excell-120-vcaps-1.jpg","datePublished":"2022-06-28T09:07:58+00:00","dateModified":"2025-08-27T09:31:57+00:00","description":"Wij hebben een ruime keuze aan producten van Formule compl\u00e8te pour la prostate avec Seleno Excell - 120 vcaps . Winkel bij Eco Supplements altijd gratis verzending boven 100\u20ac","breadcrumb":{"@id":"https:\/\/ecosupplements.be\/fr\/produit\/formule-complete-pour-la-prostate-avec-seleno-excell-120-vcaps\/#breadcrumb"},"inLanguage":"fr-FR","potentialAction":[{"@type":"ReadAction","target":["https:\/\/ecosupplements.be\/fr\/produit\/formule-complete-pour-la-prostate-avec-seleno-excell-120-vcaps\/"]}]},{"@type":"ImageObject","inLanguage":"fr-FR","@id":"https:\/\/ecosupplements.be\/fr\/produit\/formule-complete-pour-la-prostate-avec-seleno-excell-120-vcaps\/#primaryimage","url":"https:\/\/ecosupplements.be\/wp-content\/uploads\/2025\/08\/Doctors-Best-Comprehensive-Prostate-Formula-with-Seleno-Excell-120-vcaps-1.jpg","contentUrl":"https:\/\/ecosupplements.be\/wp-content\/uploads\/2025\/08\/Doctors-Best-Comprehensive-Prostate-Formula-with-Seleno-Excell-120-vcaps-1.jpg","width":750,"height":750},{"@type":"BreadcrumbList","@id":"https:\/\/ecosupplements.be\/fr\/produit\/formule-complete-pour-la-prostate-avec-seleno-excell-120-vcaps\/#breadcrumb","itemListElement":[{"@type":"ListItem","position":1,"name":"Home","item":"https:\/\/ecosupplements.be\/fr\/"},{"@type":"ListItem","position":2,"name":"Boutique","item":"https:\/\/ecosupplements.be\/fr\/boutique\/"},{"@type":"ListItem","position":3,"name":"Formule compl\u00e8te pour la prostate avec Seleno Excell &#8211; 120 vcaps"}]},{"@type":"WebSite","@id":"https:\/\/ecosupplements.be\/fr\/#website","url":"https:\/\/ecosupplements.be\/fr\/","name":"ECO Supplements","description":"Eco Supplements - Gezonde supplementen","publisher":{"@id":"https:\/\/ecosupplements.be\/fr\/#organization"},"potentialAction":[{"@type":"SearchAction","target":{"@type":"EntryPoint","urlTemplate":"https:\/\/ecosupplements.be\/fr\/?s={search_term_string}"},"query-input":{"@type":"PropertyValueSpecification","valueRequired":true,"valueName":"search_term_string"}}],"inLanguage":"fr-FR"},{"@type":"Organization","@id":"https:\/\/ecosupplements.be\/fr\/#organization","name":"Eco Supplements","url":"https:\/\/ecosupplements.be\/fr\/","logo":{"@type":"ImageObject","inLanguage":"fr-FR","@id":"https:\/\/ecosupplements.be\/fr\/#\/schema\/logo\/image\/","url":"https:\/\/ecosupplements.be\/wp-content\/uploads\/2022\/06\/ecosupplement-family.png","contentUrl":"https:\/\/ecosupplements.be\/wp-content\/uploads\/2022\/06\/ecosupplement-family.png","width":593,"height":374,"caption":"Eco Supplements"},"image":{"@id":"https:\/\/ecosupplements.be\/fr\/#\/schema\/logo\/image\/"}}]},"product_brand":"Doctor's Best","product_price_amount":"43.92","product_price_currency":"EUR","og_availability":"instock","product_availability":"instock","product_retailer_item_id":"753950000858","product_condition":"new"},"_links":{"self":[{"href":"https:\/\/ecosupplements.be\/fr\/wp-json\/wp\/v2\/product\/280565","targetHints":{"allow":["GET"]}}],"collection":[{"href":"https:\/\/ecosupplements.be\/fr\/wp-json\/wp\/v2\/product"}],"about":[{"href":"https:\/\/ecosupplements.be\/fr\/wp-json\/wp\/v2\/types\/product"}],"replies":[{"embeddable":true,"href":"https:\/\/ecosupplements.be\/fr\/wp-json\/wp\/v2\/comments?post=280565"}],"wp:featuredmedia":[{"embeddable":true,"href":"https:\/\/ecosupplements.be\/fr\/wp-json\/wp\/v2\/media\/242987"}],"wp:attachment":[{"href":"https:\/\/ecosupplements.be\/fr\/wp-json\/wp\/v2\/media?parent=280565"}],"wp:term":[{"taxonomy":"product_brand","embeddable":true,"href":"https:\/\/ecosupplements.be\/fr\/wp-json\/wp\/v2\/product_brand?post=280565"},{"taxonomy":"product_cat","embeddable":true,"href":"https:\/\/ecosupplements.be\/fr\/wp-json\/wp\/v2\/product_cat?post=280565"},{"taxonomy":"product_tag","embeddable":true,"href":"https:\/\/ecosupplements.be\/fr\/wp-json\/wp\/v2\/product_tag?post=280565"}],"curies":[{"name":"wp","href":"https:\/\/api.w.org\/{rel}","templated":true}]}}