{"id":280566,"date":"2022-06-28T10:07:58","date_gmt":"2022-06-28T09:07:58","guid":{"rendered":"https:\/\/ecosupplements.be\/product\/phytosome-de-curcumine-avec-meriva-500mg-180-vcaps\/"},"modified":"2025-08-27T10:32:02","modified_gmt":"2025-08-27T09:32:02","slug":"phytosome-de-curcumine-avec-meriva-500mg-180-vcaps","status":"publish","type":"product","link":"https:\/\/ecosupplements.be\/fr\/produit\/phytosome-de-curcumine-avec-meriva-500mg-180-vcaps\/","title":{"rendered":"Phytosome de curcumine avec Meriva, 500mg &#8211; 180 vcaps"},"content":{"rendered":"<h1 style=\"text-align: center;\">Doctor&#8217;s Best &#8211; Phytosome de curcumine avec Meriva<\/h1>\n<p>Qu&#8217;est-ce que le Doctor&#8217;s Best Curcumin Phytosome with Meriva ?<br \/>\nDoctor&#8217;s Best Curcumin Phytosome with Meriva est un puissant antioxydant qui prot\u00e8ge les cellules et les tissus en combattant les radicaux libres. Il est \u00e9galement prouv\u00e9 qu&#8217;elle favorise une fonction articulaire saine, la sant\u00e9 des yeux et la sant\u00e9 de la circulation des petits vaisseaux. La curcumine est extraite du curcuma et d\u00e9livre un complexe de curcumine comprenant de la curcumine, de la bisdemethoxy curcumine et de la demethoxy curcumine. Doctor&#8217;s Best Curcumin Phytosome with Meriva est produit en utilisant la technologie brevet\u00e9e Phytosome qui am\u00e9liore l&#8217;absorption de ces curcumines.<br \/>\nComment cela fonctionne-t-il ?<br \/>\nDes recherches approfondies men\u00e9es au cours du dernier quart de si\u00e8cle sugg\u00e8rent que la curcumine peut aider \u00e0 contrer les toxines, ainsi qu&#8217;\u00e0 influencer la survie des cellules par d&#8217;autres moyens. Les curcumines sont mal absorb\u00e9es. La technologie Phytosome permet d&#8217;am\u00e9liorer la biodisponibilit\u00e9. Cette technologie lie chaque mol\u00e9cule de curcumine avec une ou plusieurs mol\u00e9cules du nutriment PC (phosphatidylcholine), pour fabriquer des complexes mol\u00e9culaires appel\u00e9s phytosomes. Les mol\u00e9cules de curcumine dans les complexes de phytosomes Meriva sont plus stables contre la d\u00e9gradation, et se m\u00e9langent bien mieux \u00e0 l&#8217;eau, de sorte qu&#8217;elles sont mieux absorb\u00e9es lorsqu&#8217;elles sont prises par voie orale. Les mol\u00e9cules de PC dans les phytosomes servent de &#8220;v\u00e9hicule de livraison&#8221; ou de &#8220;chaperon&#8221; qui non seulement prot\u00e8ge chimiquement les mol\u00e9cules de curcumine, mais augmente aussi nettement leur absorption car le PC lui-m\u00eame est bien absorb\u00e9 lorsqu&#8217;il est pris par voie orale. Une \u00e9tude d&#8217;absorption humaine a r\u00e9v\u00e9l\u00e9 que les curcumines \u00e9taient mieux absorb\u00e9es lorsqu&#8217;elles \u00e9taient prises sous forme de phytosomes Meriva, par rapport \u00e0 leurs formes mol\u00e9culaires de base.<br \/>\nPourquoi devrais-je prendre Doctor&#8217;s Best Curcumin Phytosome avec Meriva ?<br \/>\nLes nombreux effets b\u00e9n\u00e9fiques attribu\u00e9s \u00e0 la racine de curcuma sont li\u00e9s aux propri\u00e9t\u00e9s antioxydantes des curcumines qu&#8217;elle contient. Cette activit\u00e9 antioxydante peut neutraliser les radicaux libres qui menacent l&#8217;int\u00e9grit\u00e9 des structures cellulaires. Les radicaux libres peuvent provoquer un &#8220;stress oxydatif&#8221;, un processus qui peut d\u00e9clencher des dommages cellulaires. Et l&#8217;on pense que le stress oxydatif joue un r\u00f4le dans une vari\u00e9t\u00e9 de maladies. Les curcumines sont mal absorb\u00e9es lorsqu&#8217;elles sont prises par voie orale, ce qui limite leur action biologique. La technologie Phytosome utilis\u00e9e avec la curcumine Phytosome de Meriva cr\u00e9e des complexes phytosomes dont il est prouv\u00e9 qu&#8217;ils sont mieux absorb\u00e9s.<\/p>\n<p><img decoding=\"async\" src=\"https:\/\/ecosupplements.be\/wp-content\/uploads\/2025\/08\/gluten-free-1.png\" title=\"Sans gluten\" alt=\"Gluten free\"><img decoding=\"async\" src=\"https:\/\/ecosupplements.be\/wp-content\/uploads\/2025\/08\/non-gmo-1.png\" title=\"Non-OGM\" alt=\"Non-GMO\"><img decoding=\"async\" src=\"https:\/\/ecosupplements.be\/wp-content\/uploads\/2025\/08\/vegan-1.png\" title=\"Vegan\" alt=\"Vegan\"><img decoding=\"async\" src=\"https:\/\/ecosupplements.be\/wp-content\/uploads\/2025\/08\/vegetarian-1.png\" title=\"V\u00e9g\u00e9tarien\" alt=\"Vegetarian\"><\/p>\n","protected":false},"excerpt":{"rendered":"<p>Doctor&#8217;s Best &#8211; Phytosome de curcumine avec Meriva Qu&#8217;est-ce que le Doctor&#8217;s Best Curcumin Phytosome with Meriva ? Doctor&#8217;s Best Curcumin Phytosome with Meriva est un puissant antioxydant qui prot\u00e8ge les cellules et les tissus en combattant les radicaux libres. Il est \u00e9galement prouv\u00e9 qu&#8217;elle favorise une fonction articulaire saine, la sant\u00e9 des yeux et [&#8230;]\n","protected":false},"featured_media":242992,"comment_status":"open","ping_status":"open","template":"","meta":[],"product_brand":[4674],"product_cat":[5115,5054,5055,5052,5083,5084,5085,5053],"product_tag":[5071],"class_list":{"0":"post-280566","1":"product","2":"type-product","3":"status-publish","4":"has-post-thumbnail","6":"product_brand-doctors-best-2","7":"product_cat-cumin","8":"product_cat-nourriture-saine","9":"product_cat-produits-vegetaliens","10":"product_cat-sante-et-bien-etre","11":"product_cat-soutien-aux-articulations","12":"product_cat-soutien-conjoint","13":"product_cat-soutien-pour-les-articulations","14":"product_cat-vitamines-et-mineraux","15":"product_tag-ecoplus-2","17":"first","18":"instock","19":"taxable","20":"shipping-taxable","21":"purchasable","22":"product-type-simple"},"yoast_head":"<!-- This site is optimized with the Yoast SEO Premium plugin v27.3 (Yoast SEO v27.3) - https:\/\/yoast.com\/product\/yoast-seo-premium-wordpress\/ -->\n<title>Phytosome de curcumine avec Meriva, 500mg - 180 vcaps - ECO Supplements<\/title>\n<meta name=\"description\" content=\"Wij hebben een ruime keuze aan producten van Phytosome de curcumine avec Meriva, 500mg - 180 vcaps . Winkel bij Eco Supplements altijd gratis verzending boven 100\u20ac\" \/>\n<meta name=\"robots\" content=\"index, follow, max-snippet:-1, max-image-preview:large, max-video-preview:-1\" \/>\n<link rel=\"canonical\" href=\"https:\/\/ecosupplements.be\/fr\/produit\/phytosome-de-curcumine-avec-meriva-500mg-180-vcaps\/\" \/>\n<meta property=\"og:locale\" content=\"fr_FR\" \/>\n<meta property=\"og:type\" content=\"article\" \/>\n<meta property=\"og:title\" content=\"Phytosome de curcumine avec Meriva, 500mg - 180 vcaps\" \/>\n<meta property=\"og:description\" content=\"Wij hebben een ruime keuze aan producten van Phytosome de curcumine avec Meriva, 500mg - 180 vcaps . Winkel bij Eco Supplements altijd gratis verzending boven 100\u20ac\" \/>\n<meta property=\"og:url\" content=\"https:\/\/ecosupplements.be\/fr\/produit\/phytosome-de-curcumine-avec-meriva-500mg-180-vcaps\/\" \/>\n<meta property=\"og:site_name\" content=\"ECO Supplements\" \/>\n<meta property=\"article:modified_time\" content=\"2025-08-27T09:32:02+00:00\" \/>\n<meta property=\"og:image\" content=\"https:\/\/ecosupplements.be\/wp-content\/uploads\/2025\/08\/Doctors-Best-Curcumin-Phytosome-with-Meriva-500mg-180-vcaps-1.jpeg\" \/>\n\t<meta property=\"og:image:width\" content=\"500\" \/>\n\t<meta property=\"og:image:height\" content=\"500\" \/>\n\t<meta property=\"og:image:type\" content=\"image\/jpeg\" \/>\n<meta name=\"twitter:card\" content=\"summary_large_image\" \/>\n<meta name=\"twitter:label1\" content=\"Prix\" \/>\n\t<meta name=\"twitter:data1\" content=\"97.02&nbsp;&euro;\" \/>\n\t<meta name=\"twitter:label2\" content=\"Disponibilit\u00e9\" \/>\n\t<meta name=\"twitter:data2\" content=\"En stock\" \/>\n<script type=\"application\/ld+json\" class=\"yoast-schema-graph\">{\"@context\":\"https:\\\/\\\/schema.org\",\"@graph\":[{\"@type\":[\"WebPage\",\"ItemPage\"],\"@id\":\"https:\\\/\\\/ecosupplements.be\\\/fr\\\/produit\\\/phytosome-de-curcumine-avec-meriva-500mg-180-vcaps\\\/\",\"url\":\"https:\\\/\\\/ecosupplements.be\\\/fr\\\/produit\\\/phytosome-de-curcumine-avec-meriva-500mg-180-vcaps\\\/\",\"name\":\"Phytosome de curcumine avec Meriva, 500mg - 180 vcaps - ECO Supplements\",\"isPartOf\":{\"@id\":\"https:\\\/\\\/ecosupplements.be\\\/fr\\\/#website\"},\"primaryImageOfPage\":{\"@id\":\"https:\\\/\\\/ecosupplements.be\\\/fr\\\/produit\\\/phytosome-de-curcumine-avec-meriva-500mg-180-vcaps\\\/#primaryimage\"},\"image\":{\"@id\":\"https:\\\/\\\/ecosupplements.be\\\/fr\\\/produit\\\/phytosome-de-curcumine-avec-meriva-500mg-180-vcaps\\\/#primaryimage\"},\"thumbnailUrl\":\"https:\\\/\\\/ecosupplements.be\\\/wp-content\\\/uploads\\\/2025\\\/08\\\/Doctors-Best-Curcumin-Phytosome-with-Meriva-500mg-180-vcaps-1.jpeg\",\"datePublished\":\"2022-06-28T09:07:58+00:00\",\"dateModified\":\"2025-08-27T09:32:02+00:00\",\"description\":\"Wij hebben een ruime keuze aan producten van Phytosome de curcumine avec Meriva, 500mg - 180 vcaps . Winkel bij Eco Supplements altijd gratis verzending boven 100\u20ac\",\"breadcrumb\":{\"@id\":\"https:\\\/\\\/ecosupplements.be\\\/fr\\\/produit\\\/phytosome-de-curcumine-avec-meriva-500mg-180-vcaps\\\/#breadcrumb\"},\"inLanguage\":\"fr-FR\",\"potentialAction\":[{\"@type\":\"ReadAction\",\"target\":[\"https:\\\/\\\/ecosupplements.be\\\/fr\\\/produit\\\/phytosome-de-curcumine-avec-meriva-500mg-180-vcaps\\\/\"]}]},{\"@type\":\"ImageObject\",\"inLanguage\":\"fr-FR\",\"@id\":\"https:\\\/\\\/ecosupplements.be\\\/fr\\\/produit\\\/phytosome-de-curcumine-avec-meriva-500mg-180-vcaps\\\/#primaryimage\",\"url\":\"https:\\\/\\\/ecosupplements.be\\\/wp-content\\\/uploads\\\/2025\\\/08\\\/Doctors-Best-Curcumin-Phytosome-with-Meriva-500mg-180-vcaps-1.jpeg\",\"contentUrl\":\"https:\\\/\\\/ecosupplements.be\\\/wp-content\\\/uploads\\\/2025\\\/08\\\/Doctors-Best-Curcumin-Phytosome-with-Meriva-500mg-180-vcaps-1.jpeg\",\"width\":500,\"height\":500},{\"@type\":\"BreadcrumbList\",\"@id\":\"https:\\\/\\\/ecosupplements.be\\\/fr\\\/produit\\\/phytosome-de-curcumine-avec-meriva-500mg-180-vcaps\\\/#breadcrumb\",\"itemListElement\":[{\"@type\":\"ListItem\",\"position\":1,\"name\":\"Home\",\"item\":\"https:\\\/\\\/ecosupplements.be\\\/fr\\\/\"},{\"@type\":\"ListItem\",\"position\":2,\"name\":\"Boutique\",\"item\":\"https:\\\/\\\/ecosupplements.be\\\/fr\\\/boutique\\\/\"},{\"@type\":\"ListItem\",\"position\":3,\"name\":\"Phytosome de curcumine avec Meriva, 500mg &#8211; 180 vcaps\"}]},{\"@type\":\"WebSite\",\"@id\":\"https:\\\/\\\/ecosupplements.be\\\/fr\\\/#website\",\"url\":\"https:\\\/\\\/ecosupplements.be\\\/fr\\\/\",\"name\":\"ECO Supplements\",\"description\":\"Eco Supplements - Gezonde supplementen\",\"publisher\":{\"@id\":\"https:\\\/\\\/ecosupplements.be\\\/fr\\\/#organization\"},\"potentialAction\":[{\"@type\":\"SearchAction\",\"target\":{\"@type\":\"EntryPoint\",\"urlTemplate\":\"https:\\\/\\\/ecosupplements.be\\\/fr\\\/?s={search_term_string}\"},\"query-input\":{\"@type\":\"PropertyValueSpecification\",\"valueRequired\":true,\"valueName\":\"search_term_string\"}}],\"inLanguage\":\"fr-FR\"},{\"@type\":\"Organization\",\"@id\":\"https:\\\/\\\/ecosupplements.be\\\/fr\\\/#organization\",\"name\":\"Eco Supplements\",\"url\":\"https:\\\/\\\/ecosupplements.be\\\/fr\\\/\",\"logo\":{\"@type\":\"ImageObject\",\"inLanguage\":\"fr-FR\",\"@id\":\"https:\\\/\\\/ecosupplements.be\\\/fr\\\/#\\\/schema\\\/logo\\\/image\\\/\",\"url\":\"https:\\\/\\\/ecosupplements.be\\\/wp-content\\\/uploads\\\/2022\\\/06\\\/ecosupplement-family.png\",\"contentUrl\":\"https:\\\/\\\/ecosupplements.be\\\/wp-content\\\/uploads\\\/2022\\\/06\\\/ecosupplement-family.png\",\"width\":593,\"height\":374,\"caption\":\"Eco Supplements\"},\"image\":{\"@id\":\"https:\\\/\\\/ecosupplements.be\\\/fr\\\/#\\\/schema\\\/logo\\\/image\\\/\"}}]}<\/script>\n<meta property=\"product:brand\" content=\"Doctor&#039;s Best\" \/>\n<meta property=\"product:price:amount\" content=\"97.02\" \/>\n<meta property=\"product:price:currency\" content=\"EUR\" \/>\n<meta property=\"og:availability\" content=\"instock\" \/>\n<meta property=\"product:availability\" content=\"instock\" \/>\n<meta property=\"product:retailer_item_id\" content=\"753950002302\" \/>\n<meta property=\"product:condition\" content=\"new\" \/>\n<!-- \/ Yoast SEO Premium plugin. -->","yoast_head_json":{"title":"Phytosome de curcumine avec Meriva, 500mg - 180 vcaps - ECO Supplements","description":"Wij hebben een ruime keuze aan producten van Phytosome de curcumine avec Meriva, 500mg - 180 vcaps . Winkel bij Eco Supplements altijd gratis verzending boven 100\u20ac","robots":{"index":"index","follow":"follow","max-snippet":"max-snippet:-1","max-image-preview":"max-image-preview:large","max-video-preview":"max-video-preview:-1"},"canonical":"https:\/\/ecosupplements.be\/fr\/produit\/phytosome-de-curcumine-avec-meriva-500mg-180-vcaps\/","og_locale":"fr_FR","og_type":"article","og_title":"Phytosome de curcumine avec Meriva, 500mg - 180 vcaps","og_description":"Wij hebben een ruime keuze aan producten van Phytosome de curcumine avec Meriva, 500mg - 180 vcaps . Winkel bij Eco Supplements altijd gratis verzending boven 100\u20ac","og_url":"https:\/\/ecosupplements.be\/fr\/produit\/phytosome-de-curcumine-avec-meriva-500mg-180-vcaps\/","og_site_name":"ECO Supplements","article_modified_time":"2025-08-27T09:32:02+00:00","og_image":[{"width":500,"height":500,"url":"https:\/\/ecosupplements.be\/wp-content\/uploads\/2025\/08\/Doctors-Best-Curcumin-Phytosome-with-Meriva-500mg-180-vcaps-1.jpeg","type":"image\/jpeg"}],"twitter_card":"summary_large_image","twitter_misc":{"Prix":"97.02&nbsp;&euro;","Disponibilit\u00e9":"En stock"},"schema":{"@context":"https:\/\/schema.org","@graph":[{"@type":["WebPage","ItemPage"],"@id":"https:\/\/ecosupplements.be\/fr\/produit\/phytosome-de-curcumine-avec-meriva-500mg-180-vcaps\/","url":"https:\/\/ecosupplements.be\/fr\/produit\/phytosome-de-curcumine-avec-meriva-500mg-180-vcaps\/","name":"Phytosome de curcumine avec Meriva, 500mg - 180 vcaps - ECO Supplements","isPartOf":{"@id":"https:\/\/ecosupplements.be\/fr\/#website"},"primaryImageOfPage":{"@id":"https:\/\/ecosupplements.be\/fr\/produit\/phytosome-de-curcumine-avec-meriva-500mg-180-vcaps\/#primaryimage"},"image":{"@id":"https:\/\/ecosupplements.be\/fr\/produit\/phytosome-de-curcumine-avec-meriva-500mg-180-vcaps\/#primaryimage"},"thumbnailUrl":"https:\/\/ecosupplements.be\/wp-content\/uploads\/2025\/08\/Doctors-Best-Curcumin-Phytosome-with-Meriva-500mg-180-vcaps-1.jpeg","datePublished":"2022-06-28T09:07:58+00:00","dateModified":"2025-08-27T09:32:02+00:00","description":"Wij hebben een ruime keuze aan producten van Phytosome de curcumine avec Meriva, 500mg - 180 vcaps . Winkel bij Eco Supplements altijd gratis verzending boven 100\u20ac","breadcrumb":{"@id":"https:\/\/ecosupplements.be\/fr\/produit\/phytosome-de-curcumine-avec-meriva-500mg-180-vcaps\/#breadcrumb"},"inLanguage":"fr-FR","potentialAction":[{"@type":"ReadAction","target":["https:\/\/ecosupplements.be\/fr\/produit\/phytosome-de-curcumine-avec-meriva-500mg-180-vcaps\/"]}]},{"@type":"ImageObject","inLanguage":"fr-FR","@id":"https:\/\/ecosupplements.be\/fr\/produit\/phytosome-de-curcumine-avec-meriva-500mg-180-vcaps\/#primaryimage","url":"https:\/\/ecosupplements.be\/wp-content\/uploads\/2025\/08\/Doctors-Best-Curcumin-Phytosome-with-Meriva-500mg-180-vcaps-1.jpeg","contentUrl":"https:\/\/ecosupplements.be\/wp-content\/uploads\/2025\/08\/Doctors-Best-Curcumin-Phytosome-with-Meriva-500mg-180-vcaps-1.jpeg","width":500,"height":500},{"@type":"BreadcrumbList","@id":"https:\/\/ecosupplements.be\/fr\/produit\/phytosome-de-curcumine-avec-meriva-500mg-180-vcaps\/#breadcrumb","itemListElement":[{"@type":"ListItem","position":1,"name":"Home","item":"https:\/\/ecosupplements.be\/fr\/"},{"@type":"ListItem","position":2,"name":"Boutique","item":"https:\/\/ecosupplements.be\/fr\/boutique\/"},{"@type":"ListItem","position":3,"name":"Phytosome de curcumine avec Meriva, 500mg &#8211; 180 vcaps"}]},{"@type":"WebSite","@id":"https:\/\/ecosupplements.be\/fr\/#website","url":"https:\/\/ecosupplements.be\/fr\/","name":"ECO Supplements","description":"Eco Supplements - Gezonde supplementen","publisher":{"@id":"https:\/\/ecosupplements.be\/fr\/#organization"},"potentialAction":[{"@type":"SearchAction","target":{"@type":"EntryPoint","urlTemplate":"https:\/\/ecosupplements.be\/fr\/?s={search_term_string}"},"query-input":{"@type":"PropertyValueSpecification","valueRequired":true,"valueName":"search_term_string"}}],"inLanguage":"fr-FR"},{"@type":"Organization","@id":"https:\/\/ecosupplements.be\/fr\/#organization","name":"Eco Supplements","url":"https:\/\/ecosupplements.be\/fr\/","logo":{"@type":"ImageObject","inLanguage":"fr-FR","@id":"https:\/\/ecosupplements.be\/fr\/#\/schema\/logo\/image\/","url":"https:\/\/ecosupplements.be\/wp-content\/uploads\/2022\/06\/ecosupplement-family.png","contentUrl":"https:\/\/ecosupplements.be\/wp-content\/uploads\/2022\/06\/ecosupplement-family.png","width":593,"height":374,"caption":"Eco Supplements"},"image":{"@id":"https:\/\/ecosupplements.be\/fr\/#\/schema\/logo\/image\/"}}]},"product_brand":"Doctor's Best","product_price_amount":"97.02","product_price_currency":"EUR","og_availability":"instock","product_availability":"instock","product_retailer_item_id":"753950002302","product_condition":"new"},"_links":{"self":[{"href":"https:\/\/ecosupplements.be\/fr\/wp-json\/wp\/v2\/product\/280566","targetHints":{"allow":["GET"]}}],"collection":[{"href":"https:\/\/ecosupplements.be\/fr\/wp-json\/wp\/v2\/product"}],"about":[{"href":"https:\/\/ecosupplements.be\/fr\/wp-json\/wp\/v2\/types\/product"}],"replies":[{"embeddable":true,"href":"https:\/\/ecosupplements.be\/fr\/wp-json\/wp\/v2\/comments?post=280566"}],"wp:featuredmedia":[{"embeddable":true,"href":"https:\/\/ecosupplements.be\/fr\/wp-json\/wp\/v2\/media\/242992"}],"wp:attachment":[{"href":"https:\/\/ecosupplements.be\/fr\/wp-json\/wp\/v2\/media?parent=280566"}],"wp:term":[{"taxonomy":"product_brand","embeddable":true,"href":"https:\/\/ecosupplements.be\/fr\/wp-json\/wp\/v2\/product_brand?post=280566"},{"taxonomy":"product_cat","embeddable":true,"href":"https:\/\/ecosupplements.be\/fr\/wp-json\/wp\/v2\/product_cat?post=280566"},{"taxonomy":"product_tag","embeddable":true,"href":"https:\/\/ecosupplements.be\/fr\/wp-json\/wp\/v2\/product_tag?post=280566"}],"curies":[{"name":"wp","href":"https:\/\/api.w.org\/{rel}","templated":true}]}}