{"id":280570,"date":"2022-06-28T10:07:58","date_gmt":"2022-06-28T09:07:58","guid":{"rendered":"https:\/\/ecosupplements.be\/product\/d-ribose-poudre-250g\/"},"modified":"2025-08-27T10:32:20","modified_gmt":"2025-08-27T09:32:20","slug":"d-ribose-poudre-250g","status":"publish","type":"product","link":"https:\/\/ecosupplements.be\/fr\/produit\/d-ribose-poudre-250g\/","title":{"rendered":"D-Ribose, Poudre &#8211; 250g"},"content":{"rendered":"<h1 style=\"text-align: center;\">Doctor&#8217;s Best &#8211; D-Ribose<\/h1>\n<p>Qu&#8217;est-ce que le Doctor&#8217;s Best D-Ribose featuring BioEnergy Ribose ?<br \/>\nDoctor&#8217;s Best D-Ribose featuring BioEnergy Ribose soutient la production d&#8217;\u00e9nergie dans le c\u0153ur et les muscles et favorise la r\u00e9cup\u00e9ration musculaire apr\u00e8s l&#8217;exercice. Le D-ribose forme le noyau structurel de l&#8217;ATP. L&#8217;ATP est la source d&#8217;\u00e9nergie de nos muscles pendant l&#8217;activit\u00e9 physique et la principale source d&#8217;\u00e9nergie de notre c\u0153ur. Le BioEnergy Ribose est un ingr\u00e9dient brevet\u00e9 dont il est prouv\u00e9 qu&#8217;il restaure et soutient l&#8217;\u00e9nergie. Best D-Ribose contenant du BioEnergy Ribose est disponible sous forme de poudre, de capsules et de gaufrettes \u00e0 m\u00e2cher.<br \/>\nComment cela fonctionne-t-il ?<br \/>\nLes cellules humaines peuvent normalement produire leur propre ribose pour contribuer \u00e0 la production d&#8217;ATP, mais des \u00e9tats stressants peuvent interf\u00e9rer avec l&#8217;approvisionnement en ribose. Dans les muscles squelettiques (&#8220;volontaires&#8221;) du corps, le ribose peut am\u00e9liorer le taux de remplacement de l&#8217;ATP apr\u00e8s son \u00e9puisement par un exercice intense. Les contractions musculaires r\u00e9p\u00e9titives pendant les s\u00e9ances d&#8217;exercice intense peuvent faire baisser temporairement l&#8217;ATP dans les muscles squelettiques. La transition du muscle d&#8217;un \u00e9tat de repos \u00e0 un \u00e9tat d&#8217;exercice de haute intensit\u00e9 peut multiplier par plusieurs centaines son utilisation de l&#8217;ATP, de sorte que les niveaux d&#8217;ATP peuvent plonger \u00e0 60-70% des valeurs de repos. Si l&#8217;individu effectue r\u00e9guli\u00e8rement des exercices intenses, l&#8217;ATP dans le muscle squelettique au repos peut diminuer jusqu&#8217;\u00e0 20%, en partie \u00e0 cause d&#8217;une perte de ribose et d&#8217;autres blocs de construction \u00e0 haute \u00e9nergie des fibres musculaires. Le muscle cardiaque n&#8217;est pas bien \u00e9quip\u00e9 en enzymes qui facilitent la production de mol\u00e9cules hautement \u00e9nerg\u00e9tiques. Il a donc \u00e9t\u00e9 prouv\u00e9 qu&#8217;une suppl\u00e9mentation en ribose favorise le m\u00e9tabolisme \u00e9nerg\u00e9tique du c\u0153ur et ses performances fonctionnelles.<br \/>\nPourquoi devrais-je prendre Doctor&#8217;s Best ChewableD-Ribose featuring BioEnergy Ribose ?<br \/>\nChaque cellule de notre corps fabrique du ribose pour contribuer \u00e0 la production d&#8217;ATP. Le ribose est utilis\u00e9 dans la production du principal compos\u00e9 \u00e9nerg\u00e9tique, l&#8217;ATP (Ad\u00e9nosine Triphosphate). L&#8217;ATP est comme un carburant pour nos cellules et nous fournit l&#8217;\u00e9nergie n\u00e9cessaire au fonctionnement de notre corps. Si vous faites quelque chose d&#8217;intense qui demande beaucoup d&#8217;efforts, vous utiliserez beaucoup d&#8217;ATP. Et pendant que vous attendez que votre corps cr\u00e9e plus d&#8217;ATP, vous serez en mode de r\u00e9cup\u00e9ration et pourrez vous sentir l\u00e9thargique, raide ou endolori m\u00eame apr\u00e8s vous \u00eatre repos\u00e9 un moment. Lorsque vous prenez un suppl\u00e9ment de Best D-Ribose avec BioEnergy Ribose, votre corps sera capable de reconstruire rapidement l&#8217;ATP \u00e9puis\u00e9 et vous r\u00e9cup\u00e9rerez de l&#8217;exercice beaucoup plus rapidement.<\/p>\n<p><img decoding=\"async\" src=\"https:\/\/ecosupplements.be\/wp-content\/uploads\/2025\/08\/vegan-1.png\" title=\"Vegan\" alt=\"Vegan\"><img decoding=\"async\" src=\"https:\/\/ecosupplements.be\/wp-content\/uploads\/2025\/08\/vegetarian-1.png\" title=\"V\u00e9g\u00e9tarien\" alt=\"Vegetarian\"><\/p>\n","protected":false},"excerpt":{"rendered":"<p>Doctor&#8217;s Best &#8211; D-Ribose Qu&#8217;est-ce que le Doctor&#8217;s Best D-Ribose featuring BioEnergy Ribose ? Doctor&#8217;s Best D-Ribose featuring BioEnergy Ribose soutient la production d&#8217;\u00e9nergie dans le c\u0153ur et les muscles et favorise la r\u00e9cup\u00e9ration musculaire apr\u00e8s l&#8217;exercice. Le D-ribose forme le noyau structurel de l&#8217;ATP. L&#8217;ATP est la source d&#8217;\u00e9nergie de nos muscles pendant l&#8217;activit\u00e9 [&#8230;]\n","protected":false},"featured_media":243014,"comment_status":"open","ping_status":"open","template":"","meta":[],"product_brand":[4674],"product_cat":[5054,5055,5052,5053],"product_tag":[5071],"class_list":{"0":"post-280570","1":"product","2":"type-product","3":"status-publish","4":"has-post-thumbnail","6":"product_brand-doctors-best-2","7":"product_cat-nourriture-saine","8":"product_cat-produits-vegetaliens","9":"product_cat-sante-et-bien-etre","10":"product_cat-vitamines-et-mineraux","11":"product_tag-ecoplus-2","13":"first","14":"instock","15":"taxable","16":"shipping-taxable","17":"purchasable","18":"product-type-simple"},"yoast_head":"<!-- This site is optimized with the Yoast SEO Premium plugin v27.3 (Yoast SEO v27.3) - https:\/\/yoast.com\/product\/yoast-seo-premium-wordpress\/ -->\n<title>D-Ribose, Poudre - 250g - ECO Supplements<\/title>\n<meta name=\"description\" content=\"Wij hebben een ruime keuze aan producten van D-Ribose, Poudre - 250g . Winkel bij Eco Supplements altijd gratis verzending boven 100\u20ac\" \/>\n<meta name=\"robots\" content=\"index, follow, max-snippet:-1, max-image-preview:large, max-video-preview:-1\" \/>\n<link rel=\"canonical\" href=\"https:\/\/ecosupplements.be\/fr\/produit\/d-ribose-poudre-250g\/\" \/>\n<meta property=\"og:locale\" content=\"fr_FR\" \/>\n<meta property=\"og:type\" content=\"article\" \/>\n<meta property=\"og:title\" content=\"D-Ribose, Poudre - 250g\" \/>\n<meta property=\"og:description\" content=\"Wij hebben een ruime keuze aan producten van D-Ribose, Poudre - 250g . Winkel bij Eco Supplements altijd gratis verzending boven 100\u20ac\" \/>\n<meta property=\"og:url\" content=\"https:\/\/ecosupplements.be\/fr\/produit\/d-ribose-poudre-250g\/\" \/>\n<meta property=\"og:site_name\" content=\"ECO Supplements\" \/>\n<meta property=\"article:modified_time\" content=\"2025-08-27T09:32:20+00:00\" \/>\n<meta property=\"og:image\" content=\"https:\/\/ecosupplements.be\/wp-content\/uploads\/2025\/08\/Doctors-Best-D-Ribose-Powder-250-grams-1.jpg\" \/>\n\t<meta property=\"og:image:width\" content=\"750\" \/>\n\t<meta property=\"og:image:height\" content=\"750\" \/>\n\t<meta property=\"og:image:type\" content=\"image\/jpeg\" \/>\n<meta name=\"twitter:card\" content=\"summary_large_image\" \/>\n<meta name=\"twitter:label1\" content=\"Prix\" \/>\n\t<meta name=\"twitter:data1\" content=\"52.02&nbsp;&euro;\" \/>\n\t<meta name=\"twitter:label2\" content=\"Disponibilit\u00e9\" \/>\n\t<meta name=\"twitter:data2\" content=\"En stock\" \/>\n<script type=\"application\/ld+json\" class=\"yoast-schema-graph\">{\"@context\":\"https:\\\/\\\/schema.org\",\"@graph\":[{\"@type\":[\"WebPage\",\"ItemPage\"],\"@id\":\"https:\\\/\\\/ecosupplements.be\\\/fr\\\/produit\\\/d-ribose-poudre-250g\\\/\",\"url\":\"https:\\\/\\\/ecosupplements.be\\\/fr\\\/produit\\\/d-ribose-poudre-250g\\\/\",\"name\":\"D-Ribose, Poudre - 250g - ECO Supplements\",\"isPartOf\":{\"@id\":\"https:\\\/\\\/ecosupplements.be\\\/fr\\\/#website\"},\"primaryImageOfPage\":{\"@id\":\"https:\\\/\\\/ecosupplements.be\\\/fr\\\/produit\\\/d-ribose-poudre-250g\\\/#primaryimage\"},\"image\":{\"@id\":\"https:\\\/\\\/ecosupplements.be\\\/fr\\\/produit\\\/d-ribose-poudre-250g\\\/#primaryimage\"},\"thumbnailUrl\":\"https:\\\/\\\/ecosupplements.be\\\/wp-content\\\/uploads\\\/2025\\\/08\\\/Doctors-Best-D-Ribose-Powder-250-grams-1.jpg\",\"datePublished\":\"2022-06-28T09:07:58+00:00\",\"dateModified\":\"2025-08-27T09:32:20+00:00\",\"description\":\"Wij hebben een ruime keuze aan producten van D-Ribose, Poudre - 250g . Winkel bij Eco Supplements altijd gratis verzending boven 100\u20ac\",\"breadcrumb\":{\"@id\":\"https:\\\/\\\/ecosupplements.be\\\/fr\\\/produit\\\/d-ribose-poudre-250g\\\/#breadcrumb\"},\"inLanguage\":\"fr-FR\",\"potentialAction\":[{\"@type\":\"ReadAction\",\"target\":[\"https:\\\/\\\/ecosupplements.be\\\/fr\\\/produit\\\/d-ribose-poudre-250g\\\/\"]}]},{\"@type\":\"ImageObject\",\"inLanguage\":\"fr-FR\",\"@id\":\"https:\\\/\\\/ecosupplements.be\\\/fr\\\/produit\\\/d-ribose-poudre-250g\\\/#primaryimage\",\"url\":\"https:\\\/\\\/ecosupplements.be\\\/wp-content\\\/uploads\\\/2025\\\/08\\\/Doctors-Best-D-Ribose-Powder-250-grams-1.jpg\",\"contentUrl\":\"https:\\\/\\\/ecosupplements.be\\\/wp-content\\\/uploads\\\/2025\\\/08\\\/Doctors-Best-D-Ribose-Powder-250-grams-1.jpg\",\"width\":750,\"height\":750},{\"@type\":\"BreadcrumbList\",\"@id\":\"https:\\\/\\\/ecosupplements.be\\\/fr\\\/produit\\\/d-ribose-poudre-250g\\\/#breadcrumb\",\"itemListElement\":[{\"@type\":\"ListItem\",\"position\":1,\"name\":\"Home\",\"item\":\"https:\\\/\\\/ecosupplements.be\\\/fr\\\/\"},{\"@type\":\"ListItem\",\"position\":2,\"name\":\"Boutique\",\"item\":\"https:\\\/\\\/ecosupplements.be\\\/fr\\\/boutique\\\/\"},{\"@type\":\"ListItem\",\"position\":3,\"name\":\"D-Ribose, Poudre &#8211; 250g\"}]},{\"@type\":\"WebSite\",\"@id\":\"https:\\\/\\\/ecosupplements.be\\\/fr\\\/#website\",\"url\":\"https:\\\/\\\/ecosupplements.be\\\/fr\\\/\",\"name\":\"ECO Supplements\",\"description\":\"Eco Supplements - Gezonde supplementen\",\"publisher\":{\"@id\":\"https:\\\/\\\/ecosupplements.be\\\/fr\\\/#organization\"},\"potentialAction\":[{\"@type\":\"SearchAction\",\"target\":{\"@type\":\"EntryPoint\",\"urlTemplate\":\"https:\\\/\\\/ecosupplements.be\\\/fr\\\/?s={search_term_string}\"},\"query-input\":{\"@type\":\"PropertyValueSpecification\",\"valueRequired\":true,\"valueName\":\"search_term_string\"}}],\"inLanguage\":\"fr-FR\"},{\"@type\":\"Organization\",\"@id\":\"https:\\\/\\\/ecosupplements.be\\\/fr\\\/#organization\",\"name\":\"Eco Supplements\",\"url\":\"https:\\\/\\\/ecosupplements.be\\\/fr\\\/\",\"logo\":{\"@type\":\"ImageObject\",\"inLanguage\":\"fr-FR\",\"@id\":\"https:\\\/\\\/ecosupplements.be\\\/fr\\\/#\\\/schema\\\/logo\\\/image\\\/\",\"url\":\"https:\\\/\\\/ecosupplements.be\\\/wp-content\\\/uploads\\\/2022\\\/06\\\/ecosupplement-family.png\",\"contentUrl\":\"https:\\\/\\\/ecosupplements.be\\\/wp-content\\\/uploads\\\/2022\\\/06\\\/ecosupplement-family.png\",\"width\":593,\"height\":374,\"caption\":\"Eco Supplements\"},\"image\":{\"@id\":\"https:\\\/\\\/ecosupplements.be\\\/fr\\\/#\\\/schema\\\/logo\\\/image\\\/\"}}]}<\/script>\n<meta property=\"product:brand\" content=\"Doctor&#039;s Best\" \/>\n<meta property=\"product:price:amount\" content=\"52.02\" \/>\n<meta property=\"product:price:currency\" content=\"EUR\" \/>\n<meta property=\"og:availability\" content=\"instock\" \/>\n<meta property=\"product:availability\" content=\"instock\" \/>\n<meta property=\"product:retailer_item_id\" content=\"753950001732\" \/>\n<meta property=\"product:condition\" content=\"new\" \/>\n<!-- \/ Yoast SEO Premium plugin. -->","yoast_head_json":{"title":"D-Ribose, Poudre - 250g - ECO Supplements","description":"Wij hebben een ruime keuze aan producten van D-Ribose, Poudre - 250g . Winkel bij Eco Supplements altijd gratis verzending boven 100\u20ac","robots":{"index":"index","follow":"follow","max-snippet":"max-snippet:-1","max-image-preview":"max-image-preview:large","max-video-preview":"max-video-preview:-1"},"canonical":"https:\/\/ecosupplements.be\/fr\/produit\/d-ribose-poudre-250g\/","og_locale":"fr_FR","og_type":"article","og_title":"D-Ribose, Poudre - 250g","og_description":"Wij hebben een ruime keuze aan producten van D-Ribose, Poudre - 250g . Winkel bij Eco Supplements altijd gratis verzending boven 100\u20ac","og_url":"https:\/\/ecosupplements.be\/fr\/produit\/d-ribose-poudre-250g\/","og_site_name":"ECO Supplements","article_modified_time":"2025-08-27T09:32:20+00:00","og_image":[{"width":750,"height":750,"url":"https:\/\/ecosupplements.be\/wp-content\/uploads\/2025\/08\/Doctors-Best-D-Ribose-Powder-250-grams-1.jpg","type":"image\/jpeg"}],"twitter_card":"summary_large_image","twitter_misc":{"Prix":"52.02&nbsp;&euro;","Disponibilit\u00e9":"En stock"},"schema":{"@context":"https:\/\/schema.org","@graph":[{"@type":["WebPage","ItemPage"],"@id":"https:\/\/ecosupplements.be\/fr\/produit\/d-ribose-poudre-250g\/","url":"https:\/\/ecosupplements.be\/fr\/produit\/d-ribose-poudre-250g\/","name":"D-Ribose, Poudre - 250g - ECO Supplements","isPartOf":{"@id":"https:\/\/ecosupplements.be\/fr\/#website"},"primaryImageOfPage":{"@id":"https:\/\/ecosupplements.be\/fr\/produit\/d-ribose-poudre-250g\/#primaryimage"},"image":{"@id":"https:\/\/ecosupplements.be\/fr\/produit\/d-ribose-poudre-250g\/#primaryimage"},"thumbnailUrl":"https:\/\/ecosupplements.be\/wp-content\/uploads\/2025\/08\/Doctors-Best-D-Ribose-Powder-250-grams-1.jpg","datePublished":"2022-06-28T09:07:58+00:00","dateModified":"2025-08-27T09:32:20+00:00","description":"Wij hebben een ruime keuze aan producten van D-Ribose, Poudre - 250g . Winkel bij Eco Supplements altijd gratis verzending boven 100\u20ac","breadcrumb":{"@id":"https:\/\/ecosupplements.be\/fr\/produit\/d-ribose-poudre-250g\/#breadcrumb"},"inLanguage":"fr-FR","potentialAction":[{"@type":"ReadAction","target":["https:\/\/ecosupplements.be\/fr\/produit\/d-ribose-poudre-250g\/"]}]},{"@type":"ImageObject","inLanguage":"fr-FR","@id":"https:\/\/ecosupplements.be\/fr\/produit\/d-ribose-poudre-250g\/#primaryimage","url":"https:\/\/ecosupplements.be\/wp-content\/uploads\/2025\/08\/Doctors-Best-D-Ribose-Powder-250-grams-1.jpg","contentUrl":"https:\/\/ecosupplements.be\/wp-content\/uploads\/2025\/08\/Doctors-Best-D-Ribose-Powder-250-grams-1.jpg","width":750,"height":750},{"@type":"BreadcrumbList","@id":"https:\/\/ecosupplements.be\/fr\/produit\/d-ribose-poudre-250g\/#breadcrumb","itemListElement":[{"@type":"ListItem","position":1,"name":"Home","item":"https:\/\/ecosupplements.be\/fr\/"},{"@type":"ListItem","position":2,"name":"Boutique","item":"https:\/\/ecosupplements.be\/fr\/boutique\/"},{"@type":"ListItem","position":3,"name":"D-Ribose, Poudre &#8211; 250g"}]},{"@type":"WebSite","@id":"https:\/\/ecosupplements.be\/fr\/#website","url":"https:\/\/ecosupplements.be\/fr\/","name":"ECO Supplements","description":"Eco Supplements - Gezonde supplementen","publisher":{"@id":"https:\/\/ecosupplements.be\/fr\/#organization"},"potentialAction":[{"@type":"SearchAction","target":{"@type":"EntryPoint","urlTemplate":"https:\/\/ecosupplements.be\/fr\/?s={search_term_string}"},"query-input":{"@type":"PropertyValueSpecification","valueRequired":true,"valueName":"search_term_string"}}],"inLanguage":"fr-FR"},{"@type":"Organization","@id":"https:\/\/ecosupplements.be\/fr\/#organization","name":"Eco Supplements","url":"https:\/\/ecosupplements.be\/fr\/","logo":{"@type":"ImageObject","inLanguage":"fr-FR","@id":"https:\/\/ecosupplements.be\/fr\/#\/schema\/logo\/image\/","url":"https:\/\/ecosupplements.be\/wp-content\/uploads\/2022\/06\/ecosupplement-family.png","contentUrl":"https:\/\/ecosupplements.be\/wp-content\/uploads\/2022\/06\/ecosupplement-family.png","width":593,"height":374,"caption":"Eco Supplements"},"image":{"@id":"https:\/\/ecosupplements.be\/fr\/#\/schema\/logo\/image\/"}}]},"product_brand":"Doctor's Best","product_price_amount":"52.02","product_price_currency":"EUR","og_availability":"instock","product_availability":"instock","product_retailer_item_id":"753950001732","product_condition":"new"},"_links":{"self":[{"href":"https:\/\/ecosupplements.be\/fr\/wp-json\/wp\/v2\/product\/280570","targetHints":{"allow":["GET"]}}],"collection":[{"href":"https:\/\/ecosupplements.be\/fr\/wp-json\/wp\/v2\/product"}],"about":[{"href":"https:\/\/ecosupplements.be\/fr\/wp-json\/wp\/v2\/types\/product"}],"replies":[{"embeddable":true,"href":"https:\/\/ecosupplements.be\/fr\/wp-json\/wp\/v2\/comments?post=280570"}],"wp:featuredmedia":[{"embeddable":true,"href":"https:\/\/ecosupplements.be\/fr\/wp-json\/wp\/v2\/media\/243014"}],"wp:attachment":[{"href":"https:\/\/ecosupplements.be\/fr\/wp-json\/wp\/v2\/media?parent=280570"}],"wp:term":[{"taxonomy":"product_brand","embeddable":true,"href":"https:\/\/ecosupplements.be\/fr\/wp-json\/wp\/v2\/product_brand?post=280570"},{"taxonomy":"product_cat","embeddable":true,"href":"https:\/\/ecosupplements.be\/fr\/wp-json\/wp\/v2\/product_cat?post=280570"},{"taxonomy":"product_tag","embeddable":true,"href":"https:\/\/ecosupplements.be\/fr\/wp-json\/wp\/v2\/product_tag?post=280570"}],"curies":[{"name":"wp","href":"https:\/\/api.w.org\/{rel}","templated":true}]}}