{"id":280573,"date":"2022-06-28T10:08:07","date_gmt":"2022-06-28T09:08:07","guid":{"rendered":"https:\/\/ecosupplements.be\/product\/digestive-probiotic-20-milliards-de-cfu-30-vcaps\/"},"modified":"2025-08-27T10:32:33","modified_gmt":"2025-08-27T09:32:33","slug":"digestive-probiotic-20-milliards-de-cfu-30-vcaps","status":"publish","type":"product","link":"https:\/\/ecosupplements.be\/fr\/produit\/digestive-probiotic-20-milliards-de-cfu-30-vcaps\/","title":{"rendered":"Digestive Probiotic, 20 milliards de CFU &#8211; 30 vcaps"},"content":{"rendered":"<h1 style=\"text-align: center;\">Doctor&#8217;s Best &#8211; Probiotique digestif<\/h1>\n<p>Qu&#8217;est-ce que Doctor&#8217;s Best Probiotic ?<br \/>\nDoctor&#8217;s Best Probiotic fournit six souches de probiotiques Bifidobacterium et Lactobacillus et offre 20 milliards d&#8217;UFC de familles bact\u00e9riennes dont la sant\u00e9 digestive et corporelle est solidement \u00e9tablie. Doctor&#8217;s Best Probiotic favorise la digestion, la r\u00e9gulation intestinale et une r\u00e9ponse immunitaire saine. Doctor&#8217;s Best Probiotic peut aider \u00e0 reconstituer les pertes de bact\u00e9ries b\u00e9n\u00e9fiques qui r\u00e9sultent g\u00e9n\u00e9ralement du stress, d&#8217;une mauvaise alimentation et d&#8217;autres facteurs aggravants.<br \/>\nComment cela fonctionne-t-il ?<br \/>\nLes lactobacilles probiotiques se trouvent plus souvent dans la bouche, l&#8217;estomac et l&#8217;intestin gr\u00eale que dans le gros intestin. Les six souches contenues dans Doctor&#8217;s Best Probiotic ont une forte r\u00e9sistance \u00e0 la fois \u00e0 l&#8217;acide gastrique et aux substances biliaires agressives dans la partie sup\u00e9rieure de l&#8217;intestin gr\u00eale. Elles se fixent \u00e0 la paroi intestinale, r\u00e9sidant principalement dans la couche de mucus qui s&#8217;en d\u00e9tache. Elles lib\u00e8rent des substances qui les aident \u00e0 concurrencer les bact\u00e9ries moins b\u00e9n\u00e9fiques. Lactobacillus acidophilus La-14 est une souche bien \u00e9tudi\u00e9e, particuli\u00e8rement rustique, qui r\u00e9siste fortement aux conditions difficiles de l&#8217;environnement intestinal. Lactobacillus salivarius Ls-33 peut contribuer \u00e0 prot\u00e9ger la paroi intestinale vuln\u00e9rable contre les attaques chimiques toxiques. Le Lactobacillus paracasei Lpc-37 a \u00e9galement \u00e9t\u00e9 utilis\u00e9 en conjonction avec d&#8217;autres lactobacilles. Les bifidobact\u00e9ries probiotiques sont les plus abondantes dans le gros intestin, qu&#8217;elles colonisent d\u00e8s la naissance. La souche de marque d\u00e9pos\u00e9e Bifidobacterium lactis HN019 (Bl019) est bien document\u00e9e pour ses avantages intestinaux et immunitaires. La souche Bifidobacterium lactis Bi-07 (Bi07) est g\u00e9n\u00e9tiquement bien d\u00e9finie, avec 100 % de sa s\u00e9quence d&#8217;ADN connue, et pr\u00e9sente des avantages cliniques av\u00e9r\u00e9s. Bifidobacterium lactis Bl-04 (Bl04) est \u00e9galement bien d\u00e9fini g\u00e9n\u00e9tiquement. Elle est capable de se fixer \u00e0 la muqueuse intestinale, tol\u00e8re l&#8217;exposition aux liquides biliaires et est extr\u00eamement polyvalente pour utiliser les glucides non digestibles comme source d&#8217;\u00e9nergie. L&#8217;utilisation de bifidobact\u00e9ries entra\u00eene un confort et une fonction gastro-intestinale sup\u00e9rieurs par rapport \u00e0 un placebo.<\/p>\n<p><img decoding=\"async\" src=\"https:\/\/ecosupplements.be\/wp-content\/uploads\/2025\/08\/gluten-free-1.png\" title=\"Sans gluten\" alt=\"Gluten free\"><img decoding=\"async\" src=\"https:\/\/ecosupplements.be\/wp-content\/uploads\/2025\/08\/non-gmo-1.png\" title=\"Non-OGM\" alt=\"Non-GMO\"><img decoding=\"async\" src=\"https:\/\/ecosupplements.be\/wp-content\/uploads\/2025\/08\/vegan-1.png\" title=\"Vegan\" alt=\"Vegan\"><img decoding=\"async\" src=\"https:\/\/ecosupplements.be\/wp-content\/uploads\/2025\/08\/vegetarian-1.png\" title=\"V\u00e9g\u00e9tarien\" alt=\"Vegetarian\"><\/p>\n","protected":false},"excerpt":{"rendered":"<p>Doctor&#8217;s Best &#8211; Probiotique digestif Qu&#8217;est-ce que Doctor&#8217;s Best Probiotic ? Doctor&#8217;s Best Probiotic fournit six souches de probiotiques Bifidobacterium et Lactobacillus et offre 20 milliards d&#8217;UFC de familles bact\u00e9riennes dont la sant\u00e9 digestive et corporelle est solidement \u00e9tablie. Doctor&#8217;s Best Probiotic favorise la digestion, la r\u00e9gulation intestinale et une r\u00e9ponse immunitaire saine. Doctor&#8217;s Best [&#8230;]\n","protected":false},"featured_media":243033,"comment_status":"open","ping_status":"open","template":"","meta":[],"product_brand":[4674],"product_cat":[5125,5054,5086,5055,5052,5053],"product_tag":[5069],"class_list":{"0":"post-280573","1":"product","2":"type-product","3":"status-publish","4":"has-post-thumbnail","6":"product_brand-doctors-best-2","7":"product_cat-aliments-de-sante","8":"product_cat-nourriture-saine","9":"product_cat-probiotiques","10":"product_cat-produits-vegetaliens","11":"product_cat-sante-et-bien-etre","12":"product_cat-vitamines-et-mineraux","13":"product_tag-topeco-2","15":"first","16":"instock","17":"taxable","18":"shipping-taxable","19":"purchasable","20":"product-type-simple"},"yoast_head":"<!-- This site is optimized with the Yoast SEO Premium plugin v27.3 (Yoast SEO v27.3) - https:\/\/yoast.com\/product\/yoast-seo-premium-wordpress\/ -->\n<title>Digestive Probiotic, 20 milliards de CFU - 30 vcaps - ECO Supplements<\/title>\n<meta name=\"description\" content=\"Wij hebben een ruime keuze aan producten van Digestive Probiotic, 20 milliards de CFU - 30 vcaps . Winkel bij Eco Supplements altijd gratis verzending boven 100\u20ac\" \/>\n<meta name=\"robots\" content=\"index, follow, max-snippet:-1, max-image-preview:large, max-video-preview:-1\" \/>\n<link rel=\"canonical\" href=\"https:\/\/ecosupplements.be\/fr\/produit\/digestive-probiotic-20-milliards-de-cfu-30-vcaps\/\" \/>\n<meta property=\"og:locale\" content=\"fr_FR\" \/>\n<meta property=\"og:type\" content=\"article\" \/>\n<meta property=\"og:title\" content=\"Digestive Probiotic, 20 milliards de CFU - 30 vcaps\" \/>\n<meta property=\"og:description\" content=\"Wij hebben een ruime keuze aan producten van Digestive Probiotic, 20 milliards de CFU - 30 vcaps . Winkel bij Eco Supplements altijd gratis verzending boven 100\u20ac\" \/>\n<meta property=\"og:url\" content=\"https:\/\/ecosupplements.be\/fr\/produit\/digestive-probiotic-20-milliards-de-cfu-30-vcaps\/\" \/>\n<meta property=\"og:site_name\" content=\"ECO Supplements\" \/>\n<meta property=\"article:modified_time\" content=\"2025-08-27T09:32:33+00:00\" \/>\n<meta property=\"og:image\" content=\"https:\/\/ecosupplements.be\/wp-content\/uploads\/2025\/08\/Doctors-Best-Digestive-Probiotic-20-Billion-CFU-30-vcaps-2.jpeg\" \/>\n\t<meta property=\"og:image:width\" content=\"500\" \/>\n\t<meta property=\"og:image:height\" content=\"500\" \/>\n\t<meta property=\"og:image:type\" content=\"image\/jpeg\" \/>\n<meta name=\"twitter:card\" content=\"summary_large_image\" \/>\n<meta name=\"twitter:label1\" content=\"Prix\" \/>\n\t<meta name=\"twitter:data1\" content=\"28.93&nbsp;&euro;\" \/>\n\t<meta name=\"twitter:label2\" content=\"Disponibilit\u00e9\" \/>\n\t<meta name=\"twitter:data2\" content=\"En stock\" \/>\n<script type=\"application\/ld+json\" class=\"yoast-schema-graph\">{\"@context\":\"https:\\\/\\\/schema.org\",\"@graph\":[{\"@type\":[\"WebPage\",\"ItemPage\"],\"@id\":\"https:\\\/\\\/ecosupplements.be\\\/fr\\\/produit\\\/digestive-probiotic-20-milliards-de-cfu-30-vcaps\\\/\",\"url\":\"https:\\\/\\\/ecosupplements.be\\\/fr\\\/produit\\\/digestive-probiotic-20-milliards-de-cfu-30-vcaps\\\/\",\"name\":\"Digestive Probiotic, 20 milliards de CFU - 30 vcaps - ECO Supplements\",\"isPartOf\":{\"@id\":\"https:\\\/\\\/ecosupplements.be\\\/fr\\\/#website\"},\"primaryImageOfPage\":{\"@id\":\"https:\\\/\\\/ecosupplements.be\\\/fr\\\/produit\\\/digestive-probiotic-20-milliards-de-cfu-30-vcaps\\\/#primaryimage\"},\"image\":{\"@id\":\"https:\\\/\\\/ecosupplements.be\\\/fr\\\/produit\\\/digestive-probiotic-20-milliards-de-cfu-30-vcaps\\\/#primaryimage\"},\"thumbnailUrl\":\"https:\\\/\\\/ecosupplements.be\\\/wp-content\\\/uploads\\\/2025\\\/08\\\/Doctors-Best-Digestive-Probiotic-20-Billion-CFU-30-vcaps-2.jpeg\",\"datePublished\":\"2022-06-28T09:08:07+00:00\",\"dateModified\":\"2025-08-27T09:32:33+00:00\",\"description\":\"Wij hebben een ruime keuze aan producten van Digestive Probiotic, 20 milliards de CFU - 30 vcaps . Winkel bij Eco Supplements altijd gratis verzending boven 100\u20ac\",\"breadcrumb\":{\"@id\":\"https:\\\/\\\/ecosupplements.be\\\/fr\\\/produit\\\/digestive-probiotic-20-milliards-de-cfu-30-vcaps\\\/#breadcrumb\"},\"inLanguage\":\"fr-FR\",\"potentialAction\":[{\"@type\":\"ReadAction\",\"target\":[\"https:\\\/\\\/ecosupplements.be\\\/fr\\\/produit\\\/digestive-probiotic-20-milliards-de-cfu-30-vcaps\\\/\"]}]},{\"@type\":\"ImageObject\",\"inLanguage\":\"fr-FR\",\"@id\":\"https:\\\/\\\/ecosupplements.be\\\/fr\\\/produit\\\/digestive-probiotic-20-milliards-de-cfu-30-vcaps\\\/#primaryimage\",\"url\":\"https:\\\/\\\/ecosupplements.be\\\/wp-content\\\/uploads\\\/2025\\\/08\\\/Doctors-Best-Digestive-Probiotic-20-Billion-CFU-30-vcaps-2.jpeg\",\"contentUrl\":\"https:\\\/\\\/ecosupplements.be\\\/wp-content\\\/uploads\\\/2025\\\/08\\\/Doctors-Best-Digestive-Probiotic-20-Billion-CFU-30-vcaps-2.jpeg\",\"width\":500,\"height\":500},{\"@type\":\"BreadcrumbList\",\"@id\":\"https:\\\/\\\/ecosupplements.be\\\/fr\\\/produit\\\/digestive-probiotic-20-milliards-de-cfu-30-vcaps\\\/#breadcrumb\",\"itemListElement\":[{\"@type\":\"ListItem\",\"position\":1,\"name\":\"Home\",\"item\":\"https:\\\/\\\/ecosupplements.be\\\/fr\\\/\"},{\"@type\":\"ListItem\",\"position\":2,\"name\":\"Boutique\",\"item\":\"https:\\\/\\\/ecosupplements.be\\\/fr\\\/boutique\\\/\"},{\"@type\":\"ListItem\",\"position\":3,\"name\":\"Digestive Probiotic, 20 milliards de CFU &#8211; 30 vcaps\"}]},{\"@type\":\"WebSite\",\"@id\":\"https:\\\/\\\/ecosupplements.be\\\/fr\\\/#website\",\"url\":\"https:\\\/\\\/ecosupplements.be\\\/fr\\\/\",\"name\":\"ECO Supplements\",\"description\":\"Eco Supplements - Gezonde supplementen\",\"publisher\":{\"@id\":\"https:\\\/\\\/ecosupplements.be\\\/fr\\\/#organization\"},\"potentialAction\":[{\"@type\":\"SearchAction\",\"target\":{\"@type\":\"EntryPoint\",\"urlTemplate\":\"https:\\\/\\\/ecosupplements.be\\\/fr\\\/?s={search_term_string}\"},\"query-input\":{\"@type\":\"PropertyValueSpecification\",\"valueRequired\":true,\"valueName\":\"search_term_string\"}}],\"inLanguage\":\"fr-FR\"},{\"@type\":\"Organization\",\"@id\":\"https:\\\/\\\/ecosupplements.be\\\/fr\\\/#organization\",\"name\":\"Eco Supplements\",\"url\":\"https:\\\/\\\/ecosupplements.be\\\/fr\\\/\",\"logo\":{\"@type\":\"ImageObject\",\"inLanguage\":\"fr-FR\",\"@id\":\"https:\\\/\\\/ecosupplements.be\\\/fr\\\/#\\\/schema\\\/logo\\\/image\\\/\",\"url\":\"https:\\\/\\\/ecosupplements.be\\\/wp-content\\\/uploads\\\/2022\\\/06\\\/ecosupplement-family.png\",\"contentUrl\":\"https:\\\/\\\/ecosupplements.be\\\/wp-content\\\/uploads\\\/2022\\\/06\\\/ecosupplement-family.png\",\"width\":593,\"height\":374,\"caption\":\"Eco Supplements\"},\"image\":{\"@id\":\"https:\\\/\\\/ecosupplements.be\\\/fr\\\/#\\\/schema\\\/logo\\\/image\\\/\"}}]}<\/script>\n<meta property=\"product:brand\" content=\"Doctor&#039;s Best\" \/>\n<meta property=\"product:price:amount\" content=\"28.93\" \/>\n<meta property=\"product:price:currency\" content=\"EUR\" \/>\n<meta property=\"og:availability\" content=\"instock\" \/>\n<meta property=\"product:availability\" content=\"instock\" \/>\n<meta property=\"product:retailer_item_id\" content=\"753950003620\" \/>\n<meta property=\"product:condition\" content=\"new\" \/>\n<!-- \/ Yoast SEO Premium plugin. -->","yoast_head_json":{"title":"Digestive Probiotic, 20 milliards de CFU - 30 vcaps - ECO Supplements","description":"Wij hebben een ruime keuze aan producten van Digestive Probiotic, 20 milliards de CFU - 30 vcaps . Winkel bij Eco Supplements altijd gratis verzending boven 100\u20ac","robots":{"index":"index","follow":"follow","max-snippet":"max-snippet:-1","max-image-preview":"max-image-preview:large","max-video-preview":"max-video-preview:-1"},"canonical":"https:\/\/ecosupplements.be\/fr\/produit\/digestive-probiotic-20-milliards-de-cfu-30-vcaps\/","og_locale":"fr_FR","og_type":"article","og_title":"Digestive Probiotic, 20 milliards de CFU - 30 vcaps","og_description":"Wij hebben een ruime keuze aan producten van Digestive Probiotic, 20 milliards de CFU - 30 vcaps . Winkel bij Eco Supplements altijd gratis verzending boven 100\u20ac","og_url":"https:\/\/ecosupplements.be\/fr\/produit\/digestive-probiotic-20-milliards-de-cfu-30-vcaps\/","og_site_name":"ECO Supplements","article_modified_time":"2025-08-27T09:32:33+00:00","og_image":[{"width":500,"height":500,"url":"https:\/\/ecosupplements.be\/wp-content\/uploads\/2025\/08\/Doctors-Best-Digestive-Probiotic-20-Billion-CFU-30-vcaps-2.jpeg","type":"image\/jpeg"}],"twitter_card":"summary_large_image","twitter_misc":{"Prix":"28.93&nbsp;&euro;","Disponibilit\u00e9":"En stock"},"schema":{"@context":"https:\/\/schema.org","@graph":[{"@type":["WebPage","ItemPage"],"@id":"https:\/\/ecosupplements.be\/fr\/produit\/digestive-probiotic-20-milliards-de-cfu-30-vcaps\/","url":"https:\/\/ecosupplements.be\/fr\/produit\/digestive-probiotic-20-milliards-de-cfu-30-vcaps\/","name":"Digestive Probiotic, 20 milliards de CFU - 30 vcaps - ECO Supplements","isPartOf":{"@id":"https:\/\/ecosupplements.be\/fr\/#website"},"primaryImageOfPage":{"@id":"https:\/\/ecosupplements.be\/fr\/produit\/digestive-probiotic-20-milliards-de-cfu-30-vcaps\/#primaryimage"},"image":{"@id":"https:\/\/ecosupplements.be\/fr\/produit\/digestive-probiotic-20-milliards-de-cfu-30-vcaps\/#primaryimage"},"thumbnailUrl":"https:\/\/ecosupplements.be\/wp-content\/uploads\/2025\/08\/Doctors-Best-Digestive-Probiotic-20-Billion-CFU-30-vcaps-2.jpeg","datePublished":"2022-06-28T09:08:07+00:00","dateModified":"2025-08-27T09:32:33+00:00","description":"Wij hebben een ruime keuze aan producten van Digestive Probiotic, 20 milliards de CFU - 30 vcaps . Winkel bij Eco Supplements altijd gratis verzending boven 100\u20ac","breadcrumb":{"@id":"https:\/\/ecosupplements.be\/fr\/produit\/digestive-probiotic-20-milliards-de-cfu-30-vcaps\/#breadcrumb"},"inLanguage":"fr-FR","potentialAction":[{"@type":"ReadAction","target":["https:\/\/ecosupplements.be\/fr\/produit\/digestive-probiotic-20-milliards-de-cfu-30-vcaps\/"]}]},{"@type":"ImageObject","inLanguage":"fr-FR","@id":"https:\/\/ecosupplements.be\/fr\/produit\/digestive-probiotic-20-milliards-de-cfu-30-vcaps\/#primaryimage","url":"https:\/\/ecosupplements.be\/wp-content\/uploads\/2025\/08\/Doctors-Best-Digestive-Probiotic-20-Billion-CFU-30-vcaps-2.jpeg","contentUrl":"https:\/\/ecosupplements.be\/wp-content\/uploads\/2025\/08\/Doctors-Best-Digestive-Probiotic-20-Billion-CFU-30-vcaps-2.jpeg","width":500,"height":500},{"@type":"BreadcrumbList","@id":"https:\/\/ecosupplements.be\/fr\/produit\/digestive-probiotic-20-milliards-de-cfu-30-vcaps\/#breadcrumb","itemListElement":[{"@type":"ListItem","position":1,"name":"Home","item":"https:\/\/ecosupplements.be\/fr\/"},{"@type":"ListItem","position":2,"name":"Boutique","item":"https:\/\/ecosupplements.be\/fr\/boutique\/"},{"@type":"ListItem","position":3,"name":"Digestive Probiotic, 20 milliards de CFU &#8211; 30 vcaps"}]},{"@type":"WebSite","@id":"https:\/\/ecosupplements.be\/fr\/#website","url":"https:\/\/ecosupplements.be\/fr\/","name":"ECO Supplements","description":"Eco Supplements - Gezonde supplementen","publisher":{"@id":"https:\/\/ecosupplements.be\/fr\/#organization"},"potentialAction":[{"@type":"SearchAction","target":{"@type":"EntryPoint","urlTemplate":"https:\/\/ecosupplements.be\/fr\/?s={search_term_string}"},"query-input":{"@type":"PropertyValueSpecification","valueRequired":true,"valueName":"search_term_string"}}],"inLanguage":"fr-FR"},{"@type":"Organization","@id":"https:\/\/ecosupplements.be\/fr\/#organization","name":"Eco Supplements","url":"https:\/\/ecosupplements.be\/fr\/","logo":{"@type":"ImageObject","inLanguage":"fr-FR","@id":"https:\/\/ecosupplements.be\/fr\/#\/schema\/logo\/image\/","url":"https:\/\/ecosupplements.be\/wp-content\/uploads\/2022\/06\/ecosupplement-family.png","contentUrl":"https:\/\/ecosupplements.be\/wp-content\/uploads\/2022\/06\/ecosupplement-family.png","width":593,"height":374,"caption":"Eco Supplements"},"image":{"@id":"https:\/\/ecosupplements.be\/fr\/#\/schema\/logo\/image\/"}}]},"product_brand":"Doctor's Best","product_price_amount":"28.93","product_price_currency":"EUR","og_availability":"instock","product_availability":"instock","product_retailer_item_id":"753950003620","product_condition":"new"},"_links":{"self":[{"href":"https:\/\/ecosupplements.be\/fr\/wp-json\/wp\/v2\/product\/280573","targetHints":{"allow":["GET"]}}],"collection":[{"href":"https:\/\/ecosupplements.be\/fr\/wp-json\/wp\/v2\/product"}],"about":[{"href":"https:\/\/ecosupplements.be\/fr\/wp-json\/wp\/v2\/types\/product"}],"replies":[{"embeddable":true,"href":"https:\/\/ecosupplements.be\/fr\/wp-json\/wp\/v2\/comments?post=280573"}],"wp:featuredmedia":[{"embeddable":true,"href":"https:\/\/ecosupplements.be\/fr\/wp-json\/wp\/v2\/media\/243033"}],"wp:attachment":[{"href":"https:\/\/ecosupplements.be\/fr\/wp-json\/wp\/v2\/media?parent=280573"}],"wp:term":[{"taxonomy":"product_brand","embeddable":true,"href":"https:\/\/ecosupplements.be\/fr\/wp-json\/wp\/v2\/product_brand?post=280573"},{"taxonomy":"product_cat","embeddable":true,"href":"https:\/\/ecosupplements.be\/fr\/wp-json\/wp\/v2\/product_cat?post=280573"},{"taxonomy":"product_tag","embeddable":true,"href":"https:\/\/ecosupplements.be\/fr\/wp-json\/wp\/v2\/product_tag?post=280573"}],"curies":[{"name":"wp","href":"https:\/\/api.w.org\/{rel}","templated":true}]}}