{"id":280577,"date":"2022-06-28T10:08:07","date_gmt":"2022-06-28T09:08:07","guid":{"rendered":"https:\/\/ecosupplements.be\/product\/ginkgo-extra-strength-120mg-360-vcaps\/"},"modified":"2025-08-27T10:32:49","modified_gmt":"2025-08-27T09:32:49","slug":"ginkgo-extra-strength-120mg-360-vcaps","status":"publish","type":"product","link":"https:\/\/ecosupplements.be\/fr\/produit\/ginkgo-extra-strength-120mg-360-vcaps\/","title":{"rendered":"Ginkgo Extra Strength, 120mg &#8211; 360 vcaps"},"content":{"rendered":"<h1 style=\"text-align: center;\">Doctor&#8217;s Best &#8211; Ginkgo extra fort<\/h1>\n<p>Qu&#8217;est-ce que l&#8217;extrait de ginkgo Doctor&#8217;s Best Extra Strength ?<br \/>\nDoctor&#8217;s Best Extra Strength Ginkgo Extract fournit la puissante combinaison de flavono\u00efdes (principalement des glycosides de flavone) et de lactones terp\u00e9niques isol\u00e9s des feuilles de Ginkgo biloba. Les principaux flavono\u00efdes isol\u00e9s des feuilles de ginkgo sont le kaempf\u00e9rol, la querc\u00e9tine et l&#8217;isorhamn\u00e9tine et les principales lactones terp\u00e9niques sont des d\u00e9riv\u00e9s \u00e0 20 atomes de carbone appel\u00e9s ginkgolides A, B, C, J et M. Il existe des preuves substantielles des effets positifs de l&#8217;extrait de feuilles de Ginkgo biloba sur la conscience, l&#8217;attention et d&#8217;autres performances mentales. L&#8217;extrait de ginkgo extra-fort Doctor&#8217;s Best favorise la fonction mitrochondriale et le bon fonctionnement des cellules nerveuses.<br \/>\nComment cela fonctionne-t-il ?<br \/>\nLes membranes cellulaires qui constituent la majeure partie de la substance de toutes nos cellules sont sensibles aux dommages oxydatifs caus\u00e9s par les radicaux libres nocifs. Les membranes cellulaires sont constitu\u00e9es de doubles couches mol\u00e9culaires de lipides (&#8220;bicouches lipidiques&#8221;) qui sont particuli\u00e8rement sujettes aux dommages caus\u00e9s par les radicaux libres via la &#8220;peroxydation lipidique&#8221;. Les radicaux libres sont chimiquement r\u00e9actifs car ils poss\u00e8dent des configurations \u00e9lectroniques instables. Les radicaux libres d&#8217;oxyg\u00e8ne sont particuli\u00e8rement r\u00e9actifs et sont form\u00e9s naturellement par les mitochondries pr\u00e9sentes dans toutes nos cellules. Comme les mitochondries utilisent l&#8217;oxyg\u00e8ne pour produire de l&#8217;\u00e9nergie \u00e0 partir de nos aliments, elles g\u00e9n\u00e8rent invariablement des radicaux d&#8217;oxyg\u00e8ne. Nos cellules utilisent les nutriments antioxydants de nos aliments, ainsi que les enzymes antioxydants fabriqu\u00e9s \u00e0 l&#8217;int\u00e9rieur des cellules, pour \u00e9liminer les radicaux libres et ainsi \u00e9viter qu&#8217;ils ne causent des dommages. Des recherches ont montr\u00e9 que la consommation de suppl\u00e9ments riches en antioxydants peut aider \u00e0 neutraliser les radicaux libres et d&#8217;autres substances potentiellement toxiques. Les glycosides de flavone des extraits de feuilles de Ginkgo biloba sont de puissants antioxydants qui peuvent aider le corps \u00e0 combattre les radicaux libres r\u00e9actifs.<br \/>\nPourquoi prendre Doctor&#8217;s Best Ginkgo Extract ?<br \/>\nDoctor&#8217;s Best Extra Strength Ginkgo Extract fournit un extrait standardis\u00e9 de Ginkgo biloba de qualit\u00e9 sup\u00e9rieure, garanti pour contenir un minimum de 24% flavone glycosides et 6% terpene lactones, comme v\u00e9rifi\u00e9 par une analyse en laboratoire ind\u00e9pendant. La qualit\u00e9 de notre ginkgo est garantie par le syst\u00e8me d&#8217;assurance qualit\u00e9 ProfileProven d\u00e9velopp\u00e9 par Ethical Naturals, Inc. Ce processus comprend les tests et les examens les plus approfondis \u00e0 chaque \u00e9tape de la fabrication pour assurer la puret\u00e9 et la puissance.<\/p>\n<p><img decoding=\"async\" src=\"https:\/\/ecosupplements.be\/wp-content\/uploads\/2025\/08\/gluten-free-1.png\" title=\"Sans gluten\" alt=\"Gluten free\"><img decoding=\"async\" src=\"https:\/\/ecosupplements.be\/wp-content\/uploads\/2025\/08\/non-gmo-1.png\" title=\"Non-OGM\" alt=\"Non-GMO\"><img decoding=\"async\" src=\"https:\/\/ecosupplements.be\/wp-content\/uploads\/2025\/08\/vegan-1.png\" title=\"Vegan\" alt=\"Vegan\"><img decoding=\"async\" src=\"https:\/\/ecosupplements.be\/wp-content\/uploads\/2025\/08\/vegetarian-1.png\" title=\"V\u00e9g\u00e9tarien\" alt=\"Vegetarian\"><\/p>\n","protected":false},"excerpt":{"rendered":"<p>Doctor&#8217;s Best &#8211; Ginkgo extra fort Qu&#8217;est-ce que l&#8217;extrait de ginkgo Doctor&#8217;s Best Extra Strength ? Doctor&#8217;s Best Extra Strength Ginkgo Extract fournit la puissante combinaison de flavono\u00efdes (principalement des glycosides de flavone) et de lactones terp\u00e9niques isol\u00e9s des feuilles de Ginkgo biloba. Les principaux flavono\u00efdes isol\u00e9s des feuilles de ginkgo sont le kaempf\u00e9rol, la [&#8230;]\n","protected":false},"featured_media":243055,"comment_status":"open","ping_status":"open","template":"","meta":[],"product_brand":[4674],"product_cat":[5054,5055,5052,5053],"product_tag":[5069],"class_list":{"0":"post-280577","1":"product","2":"type-product","3":"status-publish","4":"has-post-thumbnail","6":"product_brand-doctors-best-2","7":"product_cat-nourriture-saine","8":"product_cat-produits-vegetaliens","9":"product_cat-sante-et-bien-etre","10":"product_cat-vitamines-et-mineraux","11":"product_tag-topeco-2","13":"first","14":"instock","15":"taxable","16":"shipping-taxable","17":"purchasable","18":"product-type-simple"},"yoast_head":"<!-- This site is optimized with the Yoast SEO Premium plugin v27.3 (Yoast SEO v27.3) - https:\/\/yoast.com\/product\/yoast-seo-premium-wordpress\/ -->\n<title>Ginkgo Extra Strength, 120mg - 360 vcaps - ECO Supplements<\/title>\n<meta name=\"description\" content=\"Wij hebben een ruime keuze aan producten van Ginkgo Extra Strength, 120mg - 360 vcaps . Winkel bij Eco Supplements altijd gratis verzending boven 100\u20ac\" \/>\n<meta name=\"robots\" content=\"index, follow, max-snippet:-1, max-image-preview:large, max-video-preview:-1\" \/>\n<link rel=\"canonical\" href=\"https:\/\/ecosupplements.be\/fr\/produit\/ginkgo-extra-strength-120mg-360-vcaps\/\" \/>\n<meta property=\"og:locale\" content=\"fr_FR\" \/>\n<meta property=\"og:type\" content=\"article\" \/>\n<meta property=\"og:title\" content=\"Ginkgo Extra Strength, 120mg - 360 vcaps\" \/>\n<meta property=\"og:description\" content=\"Wij hebben een ruime keuze aan producten van Ginkgo Extra Strength, 120mg - 360 vcaps . Winkel bij Eco Supplements altijd gratis verzending boven 100\u20ac\" \/>\n<meta property=\"og:url\" content=\"https:\/\/ecosupplements.be\/fr\/produit\/ginkgo-extra-strength-120mg-360-vcaps\/\" \/>\n<meta property=\"og:site_name\" content=\"ECO Supplements\" \/>\n<meta property=\"article:modified_time\" content=\"2025-08-27T09:32:49+00:00\" \/>\n<meta property=\"og:image\" content=\"https:\/\/ecosupplements.be\/wp-content\/uploads\/2025\/08\/Doctors-Best-Extra-Strength-Ginkgo-120mg-360-vcaps-1.jpg\" \/>\n\t<meta property=\"og:image:width\" content=\"750\" \/>\n\t<meta property=\"og:image:height\" content=\"750\" \/>\n\t<meta property=\"og:image:type\" content=\"image\/jpeg\" \/>\n<meta name=\"twitter:card\" content=\"summary_large_image\" \/>\n<meta name=\"twitter:label1\" content=\"Prix\" \/>\n\t<meta name=\"twitter:data1\" content=\"46&nbsp;&euro;\" \/>\n\t<meta name=\"twitter:label2\" content=\"Disponibilit\u00e9\" \/>\n\t<meta name=\"twitter:data2\" content=\"En stock\" \/>\n<script type=\"application\/ld+json\" class=\"yoast-schema-graph\">{\"@context\":\"https:\\\/\\\/schema.org\",\"@graph\":[{\"@type\":[\"WebPage\",\"ItemPage\"],\"@id\":\"https:\\\/\\\/ecosupplements.be\\\/fr\\\/produit\\\/ginkgo-extra-strength-120mg-360-vcaps\\\/\",\"url\":\"https:\\\/\\\/ecosupplements.be\\\/fr\\\/produit\\\/ginkgo-extra-strength-120mg-360-vcaps\\\/\",\"name\":\"Ginkgo Extra Strength, 120mg - 360 vcaps - ECO Supplements\",\"isPartOf\":{\"@id\":\"https:\\\/\\\/ecosupplements.be\\\/fr\\\/#website\"},\"primaryImageOfPage\":{\"@id\":\"https:\\\/\\\/ecosupplements.be\\\/fr\\\/produit\\\/ginkgo-extra-strength-120mg-360-vcaps\\\/#primaryimage\"},\"image\":{\"@id\":\"https:\\\/\\\/ecosupplements.be\\\/fr\\\/produit\\\/ginkgo-extra-strength-120mg-360-vcaps\\\/#primaryimage\"},\"thumbnailUrl\":\"https:\\\/\\\/ecosupplements.be\\\/wp-content\\\/uploads\\\/2025\\\/08\\\/Doctors-Best-Extra-Strength-Ginkgo-120mg-360-vcaps-1.jpg\",\"datePublished\":\"2022-06-28T09:08:07+00:00\",\"dateModified\":\"2025-08-27T09:32:49+00:00\",\"description\":\"Wij hebben een ruime keuze aan producten van Ginkgo Extra Strength, 120mg - 360 vcaps . Winkel bij Eco Supplements altijd gratis verzending boven 100\u20ac\",\"breadcrumb\":{\"@id\":\"https:\\\/\\\/ecosupplements.be\\\/fr\\\/produit\\\/ginkgo-extra-strength-120mg-360-vcaps\\\/#breadcrumb\"},\"inLanguage\":\"fr-FR\",\"potentialAction\":[{\"@type\":\"ReadAction\",\"target\":[\"https:\\\/\\\/ecosupplements.be\\\/fr\\\/produit\\\/ginkgo-extra-strength-120mg-360-vcaps\\\/\"]}]},{\"@type\":\"ImageObject\",\"inLanguage\":\"fr-FR\",\"@id\":\"https:\\\/\\\/ecosupplements.be\\\/fr\\\/produit\\\/ginkgo-extra-strength-120mg-360-vcaps\\\/#primaryimage\",\"url\":\"https:\\\/\\\/ecosupplements.be\\\/wp-content\\\/uploads\\\/2025\\\/08\\\/Doctors-Best-Extra-Strength-Ginkgo-120mg-360-vcaps-1.jpg\",\"contentUrl\":\"https:\\\/\\\/ecosupplements.be\\\/wp-content\\\/uploads\\\/2025\\\/08\\\/Doctors-Best-Extra-Strength-Ginkgo-120mg-360-vcaps-1.jpg\",\"width\":750,\"height\":750},{\"@type\":\"BreadcrumbList\",\"@id\":\"https:\\\/\\\/ecosupplements.be\\\/fr\\\/produit\\\/ginkgo-extra-strength-120mg-360-vcaps\\\/#breadcrumb\",\"itemListElement\":[{\"@type\":\"ListItem\",\"position\":1,\"name\":\"Home\",\"item\":\"https:\\\/\\\/ecosupplements.be\\\/fr\\\/\"},{\"@type\":\"ListItem\",\"position\":2,\"name\":\"Boutique\",\"item\":\"https:\\\/\\\/ecosupplements.be\\\/fr\\\/boutique\\\/\"},{\"@type\":\"ListItem\",\"position\":3,\"name\":\"Ginkgo Extra Strength, 120mg &#8211; 360 vcaps\"}]},{\"@type\":\"WebSite\",\"@id\":\"https:\\\/\\\/ecosupplements.be\\\/fr\\\/#website\",\"url\":\"https:\\\/\\\/ecosupplements.be\\\/fr\\\/\",\"name\":\"ECO Supplements\",\"description\":\"Eco Supplements - Gezonde supplementen\",\"publisher\":{\"@id\":\"https:\\\/\\\/ecosupplements.be\\\/fr\\\/#organization\"},\"potentialAction\":[{\"@type\":\"SearchAction\",\"target\":{\"@type\":\"EntryPoint\",\"urlTemplate\":\"https:\\\/\\\/ecosupplements.be\\\/fr\\\/?s={search_term_string}\"},\"query-input\":{\"@type\":\"PropertyValueSpecification\",\"valueRequired\":true,\"valueName\":\"search_term_string\"}}],\"inLanguage\":\"fr-FR\"},{\"@type\":\"Organization\",\"@id\":\"https:\\\/\\\/ecosupplements.be\\\/fr\\\/#organization\",\"name\":\"Eco Supplements\",\"url\":\"https:\\\/\\\/ecosupplements.be\\\/fr\\\/\",\"logo\":{\"@type\":\"ImageObject\",\"inLanguage\":\"fr-FR\",\"@id\":\"https:\\\/\\\/ecosupplements.be\\\/fr\\\/#\\\/schema\\\/logo\\\/image\\\/\",\"url\":\"https:\\\/\\\/ecosupplements.be\\\/wp-content\\\/uploads\\\/2022\\\/06\\\/ecosupplement-family.png\",\"contentUrl\":\"https:\\\/\\\/ecosupplements.be\\\/wp-content\\\/uploads\\\/2022\\\/06\\\/ecosupplement-family.png\",\"width\":593,\"height\":374,\"caption\":\"Eco Supplements\"},\"image\":{\"@id\":\"https:\\\/\\\/ecosupplements.be\\\/fr\\\/#\\\/schema\\\/logo\\\/image\\\/\"}}]}<\/script>\n<meta property=\"product:brand\" content=\"Doctor&#039;s Best\" \/>\n<meta property=\"product:price:amount\" content=\"46.00\" \/>\n<meta property=\"product:price:currency\" content=\"EUR\" \/>\n<meta property=\"og:availability\" content=\"instock\" \/>\n<meta property=\"product:availability\" content=\"instock\" \/>\n<meta property=\"product:retailer_item_id\" content=\"753950002739\" \/>\n<meta property=\"product:condition\" content=\"new\" \/>\n<!-- \/ Yoast SEO Premium plugin. -->","yoast_head_json":{"title":"Ginkgo Extra Strength, 120mg - 360 vcaps - ECO Supplements","description":"Wij hebben een ruime keuze aan producten van Ginkgo Extra Strength, 120mg - 360 vcaps . Winkel bij Eco Supplements altijd gratis verzending boven 100\u20ac","robots":{"index":"index","follow":"follow","max-snippet":"max-snippet:-1","max-image-preview":"max-image-preview:large","max-video-preview":"max-video-preview:-1"},"canonical":"https:\/\/ecosupplements.be\/fr\/produit\/ginkgo-extra-strength-120mg-360-vcaps\/","og_locale":"fr_FR","og_type":"article","og_title":"Ginkgo Extra Strength, 120mg - 360 vcaps","og_description":"Wij hebben een ruime keuze aan producten van Ginkgo Extra Strength, 120mg - 360 vcaps . Winkel bij Eco Supplements altijd gratis verzending boven 100\u20ac","og_url":"https:\/\/ecosupplements.be\/fr\/produit\/ginkgo-extra-strength-120mg-360-vcaps\/","og_site_name":"ECO Supplements","article_modified_time":"2025-08-27T09:32:49+00:00","og_image":[{"width":750,"height":750,"url":"https:\/\/ecosupplements.be\/wp-content\/uploads\/2025\/08\/Doctors-Best-Extra-Strength-Ginkgo-120mg-360-vcaps-1.jpg","type":"image\/jpeg"}],"twitter_card":"summary_large_image","twitter_misc":{"Prix":"46&nbsp;&euro;","Disponibilit\u00e9":"En stock"},"schema":{"@context":"https:\/\/schema.org","@graph":[{"@type":["WebPage","ItemPage"],"@id":"https:\/\/ecosupplements.be\/fr\/produit\/ginkgo-extra-strength-120mg-360-vcaps\/","url":"https:\/\/ecosupplements.be\/fr\/produit\/ginkgo-extra-strength-120mg-360-vcaps\/","name":"Ginkgo Extra Strength, 120mg - 360 vcaps - ECO Supplements","isPartOf":{"@id":"https:\/\/ecosupplements.be\/fr\/#website"},"primaryImageOfPage":{"@id":"https:\/\/ecosupplements.be\/fr\/produit\/ginkgo-extra-strength-120mg-360-vcaps\/#primaryimage"},"image":{"@id":"https:\/\/ecosupplements.be\/fr\/produit\/ginkgo-extra-strength-120mg-360-vcaps\/#primaryimage"},"thumbnailUrl":"https:\/\/ecosupplements.be\/wp-content\/uploads\/2025\/08\/Doctors-Best-Extra-Strength-Ginkgo-120mg-360-vcaps-1.jpg","datePublished":"2022-06-28T09:08:07+00:00","dateModified":"2025-08-27T09:32:49+00:00","description":"Wij hebben een ruime keuze aan producten van Ginkgo Extra Strength, 120mg - 360 vcaps . Winkel bij Eco Supplements altijd gratis verzending boven 100\u20ac","breadcrumb":{"@id":"https:\/\/ecosupplements.be\/fr\/produit\/ginkgo-extra-strength-120mg-360-vcaps\/#breadcrumb"},"inLanguage":"fr-FR","potentialAction":[{"@type":"ReadAction","target":["https:\/\/ecosupplements.be\/fr\/produit\/ginkgo-extra-strength-120mg-360-vcaps\/"]}]},{"@type":"ImageObject","inLanguage":"fr-FR","@id":"https:\/\/ecosupplements.be\/fr\/produit\/ginkgo-extra-strength-120mg-360-vcaps\/#primaryimage","url":"https:\/\/ecosupplements.be\/wp-content\/uploads\/2025\/08\/Doctors-Best-Extra-Strength-Ginkgo-120mg-360-vcaps-1.jpg","contentUrl":"https:\/\/ecosupplements.be\/wp-content\/uploads\/2025\/08\/Doctors-Best-Extra-Strength-Ginkgo-120mg-360-vcaps-1.jpg","width":750,"height":750},{"@type":"BreadcrumbList","@id":"https:\/\/ecosupplements.be\/fr\/produit\/ginkgo-extra-strength-120mg-360-vcaps\/#breadcrumb","itemListElement":[{"@type":"ListItem","position":1,"name":"Home","item":"https:\/\/ecosupplements.be\/fr\/"},{"@type":"ListItem","position":2,"name":"Boutique","item":"https:\/\/ecosupplements.be\/fr\/boutique\/"},{"@type":"ListItem","position":3,"name":"Ginkgo Extra Strength, 120mg &#8211; 360 vcaps"}]},{"@type":"WebSite","@id":"https:\/\/ecosupplements.be\/fr\/#website","url":"https:\/\/ecosupplements.be\/fr\/","name":"ECO Supplements","description":"Eco Supplements - Gezonde supplementen","publisher":{"@id":"https:\/\/ecosupplements.be\/fr\/#organization"},"potentialAction":[{"@type":"SearchAction","target":{"@type":"EntryPoint","urlTemplate":"https:\/\/ecosupplements.be\/fr\/?s={search_term_string}"},"query-input":{"@type":"PropertyValueSpecification","valueRequired":true,"valueName":"search_term_string"}}],"inLanguage":"fr-FR"},{"@type":"Organization","@id":"https:\/\/ecosupplements.be\/fr\/#organization","name":"Eco Supplements","url":"https:\/\/ecosupplements.be\/fr\/","logo":{"@type":"ImageObject","inLanguage":"fr-FR","@id":"https:\/\/ecosupplements.be\/fr\/#\/schema\/logo\/image\/","url":"https:\/\/ecosupplements.be\/wp-content\/uploads\/2022\/06\/ecosupplement-family.png","contentUrl":"https:\/\/ecosupplements.be\/wp-content\/uploads\/2022\/06\/ecosupplement-family.png","width":593,"height":374,"caption":"Eco Supplements"},"image":{"@id":"https:\/\/ecosupplements.be\/fr\/#\/schema\/logo\/image\/"}}]},"product_brand":"Doctor's Best","product_price_amount":"46.00","product_price_currency":"EUR","og_availability":"instock","product_availability":"instock","product_retailer_item_id":"753950002739","product_condition":"new"},"_links":{"self":[{"href":"https:\/\/ecosupplements.be\/fr\/wp-json\/wp\/v2\/product\/280577","targetHints":{"allow":["GET"]}}],"collection":[{"href":"https:\/\/ecosupplements.be\/fr\/wp-json\/wp\/v2\/product"}],"about":[{"href":"https:\/\/ecosupplements.be\/fr\/wp-json\/wp\/v2\/types\/product"}],"replies":[{"embeddable":true,"href":"https:\/\/ecosupplements.be\/fr\/wp-json\/wp\/v2\/comments?post=280577"}],"wp:featuredmedia":[{"embeddable":true,"href":"https:\/\/ecosupplements.be\/fr\/wp-json\/wp\/v2\/media\/243055"}],"wp:attachment":[{"href":"https:\/\/ecosupplements.be\/fr\/wp-json\/wp\/v2\/media?parent=280577"}],"wp:term":[{"taxonomy":"product_brand","embeddable":true,"href":"https:\/\/ecosupplements.be\/fr\/wp-json\/wp\/v2\/product_brand?post=280577"},{"taxonomy":"product_cat","embeddable":true,"href":"https:\/\/ecosupplements.be\/fr\/wp-json\/wp\/v2\/product_cat?post=280577"},{"taxonomy":"product_tag","embeddable":true,"href":"https:\/\/ecosupplements.be\/fr\/wp-json\/wp\/v2\/product_tag?post=280577"}],"curies":[{"name":"wp","href":"https:\/\/api.w.org\/{rel}","templated":true}]}}