{"id":280581,"date":"2022-06-28T10:08:07","date_gmt":"2022-06-28T09:08:07","guid":{"rendered":"https:\/\/ecosupplements.be\/product\/collagene-de-poisson-avec-naticol-fish-collagen-30-paquets-de-batonnets\/"},"modified":"2025-08-27T10:33:04","modified_gmt":"2025-08-27T09:33:04","slug":"collagene-de-poisson-avec-naticol-fish-collagen-30-paquets-de-batonnets","status":"publish","type":"product","link":"https:\/\/ecosupplements.be\/fr\/produit\/collagene-de-poisson-avec-naticol-fish-collagen-30-paquets-de-batonnets\/","title":{"rendered":"Collag\u00e8ne de poisson avec Naticol Fish Collagen &#8211; 30 paquets de b\u00e2tonnets"},"content":{"rendered":"<h1 style=\"text-align: center;\">Doctor&#8217;s Best &#8211; Collag\u00e8ne de poisson avec Naticol Fish Collagen<\/h1>\n<p>Le collag\u00e8ne de poisson avec les peptides de collag\u00e8ne Naticol est un moyen facile de soutenir votre beaut\u00e9 naturelle, dans un simple emballage de poudre en b\u00e2ton. Compos\u00e9 de collag\u00e8ne de poisson de type I, ce soutien quotidien de la peau et des articulations est pratiquement sans go\u00fbt et sans odeur. Un ajout sain au caf\u00e9, au th\u00e9 ou \u00e0 un smoothie, le collag\u00e8ne est bien connu pour sa capacit\u00e9 \u00e0 augmenter l&#8217;humidit\u00e9 et l&#8217;\u00e9lasticit\u00e9 de la peau, ainsi qu&#8217;\u00e0 contribuer \u00e0 la sant\u00e9 des articulations et des os. Notre collag\u00e8ne de poisson Naticol est respectueux de l&#8217;environnement et provient de sources durables, vous pouvez donc vous sentir encore mieux en ajoutant ce suppl\u00e9ment \u00e0 votre routine.<\/p>\n<p><img decoding=\"async\" src=\"https:\/\/ecosupplements.be\/wp-content\/uploads\/2025\/08\/gluten-free-1.png\" title=\"Sans gluten\" alt=\"Gluten free\"><img decoding=\"async\" src=\"https:\/\/ecosupplements.be\/wp-content\/uploads\/2025\/08\/non-gmo-1.png\" title=\"Non-OGM\" alt=\"Non-GMO\"><\/p>\n","protected":false},"excerpt":{"rendered":"<p>Doctor&#8217;s Best &#8211; Collag\u00e8ne de poisson avec Naticol Fish Collagen Le collag\u00e8ne de poisson avec les peptides de collag\u00e8ne Naticol est un moyen facile de soutenir votre beaut\u00e9 naturelle, dans un simple emballage de poudre en b\u00e2ton. Compos\u00e9 de collag\u00e8ne de poisson de type I, ce soutien quotidien de la peau et des articulations est [&#8230;]\n","protected":false},"featured_media":243075,"comment_status":"open","ping_status":"open","template":"","meta":[],"product_brand":[4674],"product_cat":[5121,5052,5083,5084,5085,5053],"product_tag":[5071],"class_list":{"0":"post-280581","1":"product","2":"type-product","3":"status-publish","4":"has-post-thumbnail","6":"product_brand-doctors-best-2","7":"product_cat-collagene","8":"product_cat-sante-et-bien-etre","9":"product_cat-soutien-aux-articulations","10":"product_cat-soutien-conjoint","11":"product_cat-soutien-pour-les-articulations","12":"product_cat-vitamines-et-mineraux","13":"product_tag-ecoplus-2","15":"first","16":"instock","17":"taxable","18":"shipping-taxable","19":"purchasable","20":"product-type-simple"},"yoast_head":"<!-- This site is optimized with the Yoast SEO Premium plugin v27.3 (Yoast SEO v27.3) - https:\/\/yoast.com\/product\/yoast-seo-premium-wordpress\/ -->\n<title>Collag\u00e8ne de poisson avec Naticol Fish Collagen - 30 paquets de b\u00e2tonnets - ECO Supplements<\/title>\n<meta name=\"description\" content=\"Wij hebben een ruime keuze aan producten van Collag\u00e8ne de poisson avec Naticol Fish Collagen - 30 paquets de b\u00e2tonnets . Winkel bij Eco Supplements altijd gratis verzending boven 100\u20ac\" \/>\n<meta name=\"robots\" content=\"index, follow, max-snippet:-1, max-image-preview:large, max-video-preview:-1\" \/>\n<link rel=\"canonical\" href=\"https:\/\/ecosupplements.be\/fr\/produit\/collagene-de-poisson-avec-naticol-fish-collagen-30-paquets-de-batonnets\/\" \/>\n<meta property=\"og:locale\" content=\"fr_FR\" \/>\n<meta property=\"og:type\" content=\"article\" \/>\n<meta property=\"og:title\" content=\"Collag\u00e8ne de poisson avec Naticol Fish Collagen - 30 paquets de b\u00e2tonnets\" \/>\n<meta property=\"og:description\" content=\"Wij hebben een ruime keuze aan producten van Collag\u00e8ne de poisson avec Naticol Fish Collagen - 30 paquets de b\u00e2tonnets . Winkel bij Eco Supplements altijd gratis verzending boven 100\u20ac\" \/>\n<meta property=\"og:url\" content=\"https:\/\/ecosupplements.be\/fr\/produit\/collagene-de-poisson-avec-naticol-fish-collagen-30-paquets-de-batonnets\/\" \/>\n<meta property=\"og:site_name\" content=\"ECO Supplements\" \/>\n<meta property=\"article:modified_time\" content=\"2025-08-27T09:33:04+00:00\" \/>\n<meta property=\"og:image\" content=\"https:\/\/ecosupplements.be\/wp-content\/uploads\/2025\/08\/Doctors-Best-Fish-Collagen-with-TruMarine-Collagen-30-stick-packs-2.jpeg\" \/>\n\t<meta property=\"og:image:width\" content=\"500\" \/>\n\t<meta property=\"og:image:height\" content=\"500\" \/>\n\t<meta property=\"og:image:type\" content=\"image\/jpeg\" \/>\n<meta name=\"twitter:card\" content=\"summary_large_image\" \/>\n<meta name=\"twitter:label1\" content=\"Prix\" \/>\n\t<meta name=\"twitter:data1\" content=\"44.80&nbsp;&euro;\" \/>\n\t<meta name=\"twitter:label2\" content=\"Disponibilit\u00e9\" \/>\n\t<meta name=\"twitter:data2\" content=\"En stock\" \/>\n<script type=\"application\/ld+json\" class=\"yoast-schema-graph\">{\"@context\":\"https:\\\/\\\/schema.org\",\"@graph\":[{\"@type\":[\"WebPage\",\"ItemPage\"],\"@id\":\"https:\\\/\\\/ecosupplements.be\\\/fr\\\/produit\\\/collagene-de-poisson-avec-naticol-fish-collagen-30-paquets-de-batonnets\\\/\",\"url\":\"https:\\\/\\\/ecosupplements.be\\\/fr\\\/produit\\\/collagene-de-poisson-avec-naticol-fish-collagen-30-paquets-de-batonnets\\\/\",\"name\":\"Collag\u00e8ne de poisson avec Naticol Fish Collagen - 30 paquets de b\u00e2tonnets - ECO Supplements\",\"isPartOf\":{\"@id\":\"https:\\\/\\\/ecosupplements.be\\\/fr\\\/#website\"},\"primaryImageOfPage\":{\"@id\":\"https:\\\/\\\/ecosupplements.be\\\/fr\\\/produit\\\/collagene-de-poisson-avec-naticol-fish-collagen-30-paquets-de-batonnets\\\/#primaryimage\"},\"image\":{\"@id\":\"https:\\\/\\\/ecosupplements.be\\\/fr\\\/produit\\\/collagene-de-poisson-avec-naticol-fish-collagen-30-paquets-de-batonnets\\\/#primaryimage\"},\"thumbnailUrl\":\"https:\\\/\\\/ecosupplements.be\\\/wp-content\\\/uploads\\\/2025\\\/08\\\/Doctors-Best-Fish-Collagen-with-TruMarine-Collagen-30-stick-packs-2.jpeg\",\"datePublished\":\"2022-06-28T09:08:07+00:00\",\"dateModified\":\"2025-08-27T09:33:04+00:00\",\"description\":\"Wij hebben een ruime keuze aan producten van Collag\u00e8ne de poisson avec Naticol Fish Collagen - 30 paquets de b\u00e2tonnets . Winkel bij Eco Supplements altijd gratis verzending boven 100\u20ac\",\"breadcrumb\":{\"@id\":\"https:\\\/\\\/ecosupplements.be\\\/fr\\\/produit\\\/collagene-de-poisson-avec-naticol-fish-collagen-30-paquets-de-batonnets\\\/#breadcrumb\"},\"inLanguage\":\"fr-FR\",\"potentialAction\":[{\"@type\":\"ReadAction\",\"target\":[\"https:\\\/\\\/ecosupplements.be\\\/fr\\\/produit\\\/collagene-de-poisson-avec-naticol-fish-collagen-30-paquets-de-batonnets\\\/\"]}]},{\"@type\":\"ImageObject\",\"inLanguage\":\"fr-FR\",\"@id\":\"https:\\\/\\\/ecosupplements.be\\\/fr\\\/produit\\\/collagene-de-poisson-avec-naticol-fish-collagen-30-paquets-de-batonnets\\\/#primaryimage\",\"url\":\"https:\\\/\\\/ecosupplements.be\\\/wp-content\\\/uploads\\\/2025\\\/08\\\/Doctors-Best-Fish-Collagen-with-TruMarine-Collagen-30-stick-packs-2.jpeg\",\"contentUrl\":\"https:\\\/\\\/ecosupplements.be\\\/wp-content\\\/uploads\\\/2025\\\/08\\\/Doctors-Best-Fish-Collagen-with-TruMarine-Collagen-30-stick-packs-2.jpeg\",\"width\":500,\"height\":500},{\"@type\":\"BreadcrumbList\",\"@id\":\"https:\\\/\\\/ecosupplements.be\\\/fr\\\/produit\\\/collagene-de-poisson-avec-naticol-fish-collagen-30-paquets-de-batonnets\\\/#breadcrumb\",\"itemListElement\":[{\"@type\":\"ListItem\",\"position\":1,\"name\":\"Home\",\"item\":\"https:\\\/\\\/ecosupplements.be\\\/fr\\\/\"},{\"@type\":\"ListItem\",\"position\":2,\"name\":\"Boutique\",\"item\":\"https:\\\/\\\/ecosupplements.be\\\/fr\\\/boutique\\\/\"},{\"@type\":\"ListItem\",\"position\":3,\"name\":\"Collag\u00e8ne de poisson avec Naticol Fish Collagen &#8211; 30 paquets de b\u00e2tonnets\"}]},{\"@type\":\"WebSite\",\"@id\":\"https:\\\/\\\/ecosupplements.be\\\/fr\\\/#website\",\"url\":\"https:\\\/\\\/ecosupplements.be\\\/fr\\\/\",\"name\":\"ECO Supplements\",\"description\":\"Eco Supplements - Gezonde supplementen\",\"publisher\":{\"@id\":\"https:\\\/\\\/ecosupplements.be\\\/fr\\\/#organization\"},\"potentialAction\":[{\"@type\":\"SearchAction\",\"target\":{\"@type\":\"EntryPoint\",\"urlTemplate\":\"https:\\\/\\\/ecosupplements.be\\\/fr\\\/?s={search_term_string}\"},\"query-input\":{\"@type\":\"PropertyValueSpecification\",\"valueRequired\":true,\"valueName\":\"search_term_string\"}}],\"inLanguage\":\"fr-FR\"},{\"@type\":\"Organization\",\"@id\":\"https:\\\/\\\/ecosupplements.be\\\/fr\\\/#organization\",\"name\":\"Eco Supplements\",\"url\":\"https:\\\/\\\/ecosupplements.be\\\/fr\\\/\",\"logo\":{\"@type\":\"ImageObject\",\"inLanguage\":\"fr-FR\",\"@id\":\"https:\\\/\\\/ecosupplements.be\\\/fr\\\/#\\\/schema\\\/logo\\\/image\\\/\",\"url\":\"https:\\\/\\\/ecosupplements.be\\\/wp-content\\\/uploads\\\/2022\\\/06\\\/ecosupplement-family.png\",\"contentUrl\":\"https:\\\/\\\/ecosupplements.be\\\/wp-content\\\/uploads\\\/2022\\\/06\\\/ecosupplement-family.png\",\"width\":593,\"height\":374,\"caption\":\"Eco Supplements\"},\"image\":{\"@id\":\"https:\\\/\\\/ecosupplements.be\\\/fr\\\/#\\\/schema\\\/logo\\\/image\\\/\"}}]}<\/script>\n<meta property=\"product:brand\" content=\"Doctor&#039;s Best\" \/>\n<meta property=\"product:price:amount\" content=\"44.80\" \/>\n<meta property=\"product:price:currency\" content=\"EUR\" \/>\n<meta property=\"og:availability\" content=\"instock\" \/>\n<meta property=\"product:availability\" content=\"instock\" \/>\n<meta property=\"product:retailer_item_id\" content=\"753950004184\" \/>\n<meta property=\"product:condition\" content=\"new\" \/>\n<!-- \/ Yoast SEO Premium plugin. -->","yoast_head_json":{"title":"Collag\u00e8ne de poisson avec Naticol Fish Collagen - 30 paquets de b\u00e2tonnets - ECO Supplements","description":"Wij hebben een ruime keuze aan producten van Collag\u00e8ne de poisson avec Naticol Fish Collagen - 30 paquets de b\u00e2tonnets . Winkel bij Eco Supplements altijd gratis verzending boven 100\u20ac","robots":{"index":"index","follow":"follow","max-snippet":"max-snippet:-1","max-image-preview":"max-image-preview:large","max-video-preview":"max-video-preview:-1"},"canonical":"https:\/\/ecosupplements.be\/fr\/produit\/collagene-de-poisson-avec-naticol-fish-collagen-30-paquets-de-batonnets\/","og_locale":"fr_FR","og_type":"article","og_title":"Collag\u00e8ne de poisson avec Naticol Fish Collagen - 30 paquets de b\u00e2tonnets","og_description":"Wij hebben een ruime keuze aan producten van Collag\u00e8ne de poisson avec Naticol Fish Collagen - 30 paquets de b\u00e2tonnets . Winkel bij Eco Supplements altijd gratis verzending boven 100\u20ac","og_url":"https:\/\/ecosupplements.be\/fr\/produit\/collagene-de-poisson-avec-naticol-fish-collagen-30-paquets-de-batonnets\/","og_site_name":"ECO Supplements","article_modified_time":"2025-08-27T09:33:04+00:00","og_image":[{"width":500,"height":500,"url":"https:\/\/ecosupplements.be\/wp-content\/uploads\/2025\/08\/Doctors-Best-Fish-Collagen-with-TruMarine-Collagen-30-stick-packs-2.jpeg","type":"image\/jpeg"}],"twitter_card":"summary_large_image","twitter_misc":{"Prix":"44.80&nbsp;&euro;","Disponibilit\u00e9":"En stock"},"schema":{"@context":"https:\/\/schema.org","@graph":[{"@type":["WebPage","ItemPage"],"@id":"https:\/\/ecosupplements.be\/fr\/produit\/collagene-de-poisson-avec-naticol-fish-collagen-30-paquets-de-batonnets\/","url":"https:\/\/ecosupplements.be\/fr\/produit\/collagene-de-poisson-avec-naticol-fish-collagen-30-paquets-de-batonnets\/","name":"Collag\u00e8ne de poisson avec Naticol Fish Collagen - 30 paquets de b\u00e2tonnets - ECO Supplements","isPartOf":{"@id":"https:\/\/ecosupplements.be\/fr\/#website"},"primaryImageOfPage":{"@id":"https:\/\/ecosupplements.be\/fr\/produit\/collagene-de-poisson-avec-naticol-fish-collagen-30-paquets-de-batonnets\/#primaryimage"},"image":{"@id":"https:\/\/ecosupplements.be\/fr\/produit\/collagene-de-poisson-avec-naticol-fish-collagen-30-paquets-de-batonnets\/#primaryimage"},"thumbnailUrl":"https:\/\/ecosupplements.be\/wp-content\/uploads\/2025\/08\/Doctors-Best-Fish-Collagen-with-TruMarine-Collagen-30-stick-packs-2.jpeg","datePublished":"2022-06-28T09:08:07+00:00","dateModified":"2025-08-27T09:33:04+00:00","description":"Wij hebben een ruime keuze aan producten van Collag\u00e8ne de poisson avec Naticol Fish Collagen - 30 paquets de b\u00e2tonnets . Winkel bij Eco Supplements altijd gratis verzending boven 100\u20ac","breadcrumb":{"@id":"https:\/\/ecosupplements.be\/fr\/produit\/collagene-de-poisson-avec-naticol-fish-collagen-30-paquets-de-batonnets\/#breadcrumb"},"inLanguage":"fr-FR","potentialAction":[{"@type":"ReadAction","target":["https:\/\/ecosupplements.be\/fr\/produit\/collagene-de-poisson-avec-naticol-fish-collagen-30-paquets-de-batonnets\/"]}]},{"@type":"ImageObject","inLanguage":"fr-FR","@id":"https:\/\/ecosupplements.be\/fr\/produit\/collagene-de-poisson-avec-naticol-fish-collagen-30-paquets-de-batonnets\/#primaryimage","url":"https:\/\/ecosupplements.be\/wp-content\/uploads\/2025\/08\/Doctors-Best-Fish-Collagen-with-TruMarine-Collagen-30-stick-packs-2.jpeg","contentUrl":"https:\/\/ecosupplements.be\/wp-content\/uploads\/2025\/08\/Doctors-Best-Fish-Collagen-with-TruMarine-Collagen-30-stick-packs-2.jpeg","width":500,"height":500},{"@type":"BreadcrumbList","@id":"https:\/\/ecosupplements.be\/fr\/produit\/collagene-de-poisson-avec-naticol-fish-collagen-30-paquets-de-batonnets\/#breadcrumb","itemListElement":[{"@type":"ListItem","position":1,"name":"Home","item":"https:\/\/ecosupplements.be\/fr\/"},{"@type":"ListItem","position":2,"name":"Boutique","item":"https:\/\/ecosupplements.be\/fr\/boutique\/"},{"@type":"ListItem","position":3,"name":"Collag\u00e8ne de poisson avec Naticol Fish Collagen &#8211; 30 paquets de b\u00e2tonnets"}]},{"@type":"WebSite","@id":"https:\/\/ecosupplements.be\/fr\/#website","url":"https:\/\/ecosupplements.be\/fr\/","name":"ECO Supplements","description":"Eco Supplements - Gezonde supplementen","publisher":{"@id":"https:\/\/ecosupplements.be\/fr\/#organization"},"potentialAction":[{"@type":"SearchAction","target":{"@type":"EntryPoint","urlTemplate":"https:\/\/ecosupplements.be\/fr\/?s={search_term_string}"},"query-input":{"@type":"PropertyValueSpecification","valueRequired":true,"valueName":"search_term_string"}}],"inLanguage":"fr-FR"},{"@type":"Organization","@id":"https:\/\/ecosupplements.be\/fr\/#organization","name":"Eco Supplements","url":"https:\/\/ecosupplements.be\/fr\/","logo":{"@type":"ImageObject","inLanguage":"fr-FR","@id":"https:\/\/ecosupplements.be\/fr\/#\/schema\/logo\/image\/","url":"https:\/\/ecosupplements.be\/wp-content\/uploads\/2022\/06\/ecosupplement-family.png","contentUrl":"https:\/\/ecosupplements.be\/wp-content\/uploads\/2022\/06\/ecosupplement-family.png","width":593,"height":374,"caption":"Eco Supplements"},"image":{"@id":"https:\/\/ecosupplements.be\/fr\/#\/schema\/logo\/image\/"}}]},"product_brand":"Doctor's Best","product_price_amount":"44.80","product_price_currency":"EUR","og_availability":"instock","product_availability":"instock","product_retailer_item_id":"753950004184","product_condition":"new"},"_links":{"self":[{"href":"https:\/\/ecosupplements.be\/fr\/wp-json\/wp\/v2\/product\/280581","targetHints":{"allow":["GET"]}}],"collection":[{"href":"https:\/\/ecosupplements.be\/fr\/wp-json\/wp\/v2\/product"}],"about":[{"href":"https:\/\/ecosupplements.be\/fr\/wp-json\/wp\/v2\/types\/product"}],"replies":[{"embeddable":true,"href":"https:\/\/ecosupplements.be\/fr\/wp-json\/wp\/v2\/comments?post=280581"}],"wp:featuredmedia":[{"embeddable":true,"href":"https:\/\/ecosupplements.be\/fr\/wp-json\/wp\/v2\/media\/243075"}],"wp:attachment":[{"href":"https:\/\/ecosupplements.be\/fr\/wp-json\/wp\/v2\/media?parent=280581"}],"wp:term":[{"taxonomy":"product_brand","embeddable":true,"href":"https:\/\/ecosupplements.be\/fr\/wp-json\/wp\/v2\/product_brand?post=280581"},{"taxonomy":"product_cat","embeddable":true,"href":"https:\/\/ecosupplements.be\/fr\/wp-json\/wp\/v2\/product_cat?post=280581"},{"taxonomy":"product_tag","embeddable":true,"href":"https:\/\/ecosupplements.be\/fr\/wp-json\/wp\/v2\/product_tag?post=280581"}],"curies":[{"name":"wp","href":"https:\/\/api.w.org\/{rel}","templated":true}]}}